{"id":507,"date":"2025-09-18T03:30:06","date_gmt":"2025-09-18T03:30:06","guid":{"rendered":"https:\/\/panwinjet.com\/?post_type=product&#038;p=507"},"modified":"2025-09-18T03:30:06","modified_gmt":"2025-09-18T03:30:06","slug":"china-manufacturer-uhp-2800bar-15-degree-offset-nozzle-carrier-with-long-water-line-nozzles","status":"publish","type":"product","link":"https:\/\/panwinjet.com\/fr\/produit\/china-manufacturer-uhp-2800bar-15-degree-offset-nozzle-carrier-with-long-water-line-nozzles\/","title":{"rendered":"Fabricant chinois\u00a0: Porte-buses d\u00e9cal\u00e9es \u00e0 15 degr\u00e9s UHP 2800\u00a0bar avec buses \u00e0 conduite d&#039;eau longue"},"content":{"rendered":"<p><strong><b>Fabricant chinois UHP 2800 Bar <\/b><\/strong><strong><b>Porte-buses d\u00e9cal\u00e9es \u00e0 15 degr\u00e9s avec buses \u00e0 conduite d&#039;eau longue<\/b><\/strong><\/p>\n<p><strong><b>\u00a0<\/b><\/strong><\/p>\n<p><strong><b>\u00a0<\/b><\/strong><\/p>\n<ol>\n<li><b><\/b><strong><b>Pr\u00e9sentation du produit <\/b><\/strong><strong><b>Porte-buses d\u00e9cal\u00e9es \u00e0 15 degr\u00e9s avec buses \u00e0 conduite d&#039;eau longue,<\/b><\/strong><\/li>\n<\/ol>\n<p>Le porte-buses d\u00e9cal\u00e9es \u00e0 15 degr\u00e9s UHP 2800bar du fabricant chinois, \u00e9quip\u00e9 de buses \u00e0 long tuyau d&#039;eau, est un pistolet de pulv\u00e9risation pneumatique UHP utilisant des buses d\u00e9cal\u00e9es. <strong><b>L&#039;orifice unique maximise la force d&#039;impact et permet l&#039;application de buses de 3\/8 \u00e0 9,55 mm sans dispositif de retenue.<\/b><\/strong><\/p>\n<p><strong><b>Et le <\/b><\/strong>Le porte-buse d\u00e9cal\u00e9 UHP 2800Bar 15 degr\u00e9s est compatible avec NLB CM27174.<\/p>\n<p><strong><b>\u00a0<\/b><\/strong><\/p>\n<p>&nbsp;<\/p>\n<p><strong><b>Param\u00e8tre (sp\u00e9cification) du produit <\/b><\/strong><strong><b>Fabricant chinois UHP 2800 Bar <\/b><\/strong><strong><b>Porte-buses d\u00e9cal\u00e9es \u00e0 15 degr\u00e9s avec buses \u00e0 conduite d&#039;eau longue<\/b><\/strong><\/p>\n<p><strong><b>Fabricant chinois UHP 2800Bar <\/b><\/strong><strong><b>Porte-buses d\u00e9cal\u00e9es \u00e0 15 degr\u00e9s avec buses \u00e0 conduite d&#039;eau longue<\/b><\/strong><strong><b>\u00a0Ils poss\u00e8dent un design compact et une pression de 2800 bars. <\/b><\/strong><strong><b>Porte-buse d\u00e9cal\u00e9e \u00e0 15 degr\u00e9s <\/b><\/strong><strong><b>sont compatibles avec de nombreux mod\u00e8les.<\/b><\/strong><\/p>\n<p><strong><b>Et les buses adapt\u00e9es pour<\/b><\/strong><strong><b>\u00a0une large s\u00e9lection de t\u00eates multi-orifices <\/b><\/strong><strong><b>compatible <\/b><\/strong><strong><b>pour les lances rotatives NCG8450A-3 et NCG8450A-3L<\/b><\/strong><strong><b>.<\/b><\/strong><\/p>\n<p><strong><b>\u00a0<\/b><\/strong><\/p>\n<p><strong><b>\u00a0<\/b><\/strong><\/p>\n<p><strong><b>Et le param\u00e8tre est le suivant\u00a0:<\/b><\/strong><\/p>","protected":false},"excerpt":{"rendered":"<p><strong><b>Le <\/b><\/strong><strong><b>Fabricant chinois UHP 2800 Bar <\/b><\/strong><strong><b>Porte-buses d\u00e9cal\u00e9es \u00e0 15 degr\u00e9s avec buses \u00e0 conduite d&#039;eau longue<\/b><\/strong><\/p>\n<p><strong><b>Fabricant chinois UHP 2800 Bar <\/b><\/strong><strong><b>Porte-buses d\u00e9cal\u00e9es \u00e0 15 degr\u00e9s avec buses \u00e0 conduite d&#039;eau longue<\/b><\/strong><strong><b>\u00a0pr\u00e9sente de nombreux avantages\u00a0:<\/b><\/strong><\/p>\n<p><strong><b>1)<\/b><\/strong><strong><b>Rotation \u00e0 vitesse variable, jusqu&#039;\u00e0 3\u00a0000 tr\/min<\/b><\/strong><\/p>\n<p><strong><b>2) <\/b><\/strong><strong><b>R\u00e9parable sur le terrain<\/b><\/strong><\/p>\n<p><strong><b>3)<\/b><\/strong><strong><b>Conception l\u00e9g\u00e8re et ergonomique ;<\/b><\/strong><\/p>\n<p><strong><b>4)<\/b><\/strong><strong><b>Kit de r\u00e9paration disponible<\/b><\/strong><\/p>\n<p>&nbsp;<\/p>\n<p>&nbsp;<\/p>\n<p>&nbsp;<\/p>\n<p><strong><b>3. Caract\u00e9ristiques et applications du produit <\/b><\/strong><strong><b>Fabricant chinois UHP 2800 Bar <\/b><\/strong><strong><b>Porte-buses d\u00e9cal\u00e9es \u00e0 15 degr\u00e9s avec buses \u00e0 conduite d&#039;eau longue<\/b><\/strong><\/p>\n<p><strong><b>Fabricant chinois UHP 2800Bar <\/b><\/strong><strong><b>Porte-buses d\u00e9cal\u00e9es \u00e0 15 degr\u00e9s avec buses \u00e0 conduite d&#039;eau longue<\/b><\/strong><\/p>\n<p><strong><b>\u00a0<\/b><\/strong><\/p>\n<p><strong><b>Application:<\/b><\/strong><\/p>\n<p>Notre <strong><b>\u00c9changeur de chaleur articul\u00e9 UHP 40K 2800 Bar avec lance flexible et dispositif d&#039;arr\u00eat de s\u00e9curit\u00e9 anti-retrait, en promotion<\/b><\/strong><strong><b>\u00a0principalement utilis\u00e9 dans les lances et tubes flexibles d&#039;\u00e9changeurs de chaleur, <\/b><\/strong><\/p>\n<p><strong><b>\u00a0<\/b><\/strong><\/p>\n<p><strong><b>et le nettoyage \u00e0 l&#039;eau sous pression est beaucoup plus largement utilis\u00e9 dans les domaines suivants\u00a0:<\/b><\/strong><\/p>\n<p>Industrie de la construction par hydrod\u00e9capage \u00e0 haute pression<\/p>\n<p>Industrie du fer, de l&#039;acier et des m\u00e9taux : sablage hydrodynamique<\/p>\n<p>Ing\u00e9nierie m\u00e9canique et des appareils pour nettoyeurs haute pression<\/p>\n<p>Industrie du ciment et du b\u00e9ton<\/p>\n<p>Nettoyage de surface haute pression Barracuda<\/p>\n<p>pi\u00e8ces d&#039;\u00e9quipement de nettoyage \u00e0 jet d&#039;eau ultra-haute pression<\/p>\n<p>Barres de pulv\u00e9risation pour le nettoyage industriel<\/p>\n<p>Machine de nettoyage \u00e0 haute pression pour l&#039;industrie du raffinage du p\u00e9trole<\/p>\n<p>Nettoyage de surfaces par hydrojet, nettoyage de r\u00e9servoirs et de cuves,<\/p>\n<p>Nettoyage de l&#039;\u00e9changeur de chaleur,<\/p>\n<p>Nettoyage de v\u00e9hicules (peinture), nettoyage pour l&#039;industrie mini\u00e8re, nettoyage pour la fabrication d&#039;acier, etc.<\/p>\n<p>\u00c9quipement de nettoyage des \u00e9gouts \u00e0 haute pression pour les r\u00e9seaux de canalisations municipales d&#039;adduction d&#039;eau et de drainage\u00a0;<\/p>","protected":false},"featured_media":-1,"template":"","meta":[],"product_brand":[],"product_cat":[5],"product_tag":[],"class_list":{"0":"post-507","1":"product","2":"type-product","3":"status-publish","4":"has-post-thumbnail","6":"product_cat-uhp-rotating-nozzles","8":"first","9":"instock","10":"shipping-taxable","11":"product-type-simple"},"yoast_head":"<!-- This site is optimized with the Yoast SEO plugin v24.9 - https:\/\/yoast.com\/wordpress\/plugins\/seo\/ -->\n<title>China Manufacturer UHP 2800Bar 15 Degree Offset Nozzle Carrier with Long Water line Nozzles - Panwin Machinery&amp;Equipment<\/title>\n<meta name=\"robots\" content=\"index, follow, max-snippet:-1, max-image-preview:large, max-video-preview:-1\" \/>\n<link rel=\"canonical\" href=\"https:\/\/panwinjet.com\/fr\/produit\/china-manufacturer-uhp-2800bar-15-degree-offset-nozzle-carrier-with-long-water-line-nozzles\/\" \/>\n<meta property=\"og:locale\" content=\"fr_FR\" \/>\n<meta property=\"og:type\" content=\"article\" \/>\n<meta property=\"og:title\" content=\"China Manufacturer UHP 2800Bar 15 Degree Offset Nozzle Carrier with Long Water line Nozzles - Panwin Machinery&amp;Equipment\" \/>\n<meta property=\"og:description\" content=\"The China Manufacturer UHP 2800Bar 15 Degree Offset Nozzle Carrier with Long Water line Nozzles  China Manufacturer UHP 2800Bar 15 Degree Offset Nozzle Carrier with Long Water line Nozzles\u00a0has many advantage features:  1)Variable speed rotation,up to 3,000 rpm  2) Field-repairable  3)Lightweight, ergonomic design;  4)Rebuild kit available  &nbsp;  &nbsp;  &nbsp;  3.Product Feature And Application of China Manufacturer UHP 2800Bar 15 Degree Offset Nozzle Carrier with Long Water line Nozzles  The China Manufacturer UHP 2800Bar 15 Degree Offset Nozzle Carrier with Long Water line Nozzles  \u00a0  Application:  Our Hot Sale UHP 40K 2800Bar Articulated Heat Ex changer Flex Lance Anti-withdraw Safety Stop Device\u00a0mainly used in Heat exchanger Flex Lance and Tube,   \u00a0  and Water Blasting is far more wider use in area below:  UHP Water Blasting Construction Industry  Hydro Jet blaster Iron, Steel And Metal Industry  high pressure waterblaster\u00a0Mechanical\u00a0and Apparatus Engineering  Cements and Concrete Industry  high pressure barracuda\u00a0Surface cleaning  UHP hydro Jet cleaning equipment parts  Industrial Cleaning Spray Bars  hydro blasting machine for petroleum refining industry  Hydro Jet Surface Cleaning,Tank&amp;Vessel Cleaning,  Heat Exchange Cleaning,  Automotive Painting cleaning Mining industry cleaning Steel manufacture cleaning etc.  High pressure sewer cleaning equipment for municipal pipe networks water supply and drainage pipelines;\" \/>\n<meta property=\"og:url\" content=\"https:\/\/panwinjet.com\/fr\/produit\/china-manufacturer-uhp-2800bar-15-degree-offset-nozzle-carrier-with-long-water-line-nozzles\/\" \/>\n<meta property=\"og:site_name\" content=\"Panwin Machinery&amp;Equipment\" \/>\n<meta name=\"twitter:card\" content=\"summary_large_image\" \/>\n<meta name=\"twitter:label1\" content=\"Dur\u00e9e de lecture estim\u00e9e\" \/>\n\t<meta name=\"twitter:data1\" content=\"1 minute\" \/>\n<script type=\"application\/ld+json\" class=\"yoast-schema-graph\">{\"@context\":\"https:\/\/schema.org\",\"@graph\":[{\"@type\":\"WebPage\",\"@id\":\"https:\/\/panwinjet.com\/product\/china-manufacturer-uhp-2800bar-15-degree-offset-nozzle-carrier-with-long-water-line-nozzles\/\",\"url\":\"https:\/\/panwinjet.com\/product\/china-manufacturer-uhp-2800bar-15-degree-offset-nozzle-carrier-with-long-water-line-nozzles\/\",\"name\":\"China Manufacturer UHP 2800Bar 15 Degree Offset Nozzle Carrier with Long Water line Nozzles - Panwin Machinery&amp;Equipment\",\"isPartOf\":{\"@id\":\"https:\/\/panwinjet.com\/#website\"},\"datePublished\":\"2025-09-18T03:30:06+00:00\",\"breadcrumb\":{\"@id\":\"https:\/\/panwinjet.com\/product\/china-manufacturer-uhp-2800bar-15-degree-offset-nozzle-carrier-with-long-water-line-nozzles\/#breadcrumb\"},\"inLanguage\":\"fr-FR\",\"potentialAction\":[{\"@type\":\"ReadAction\",\"target\":[\"https:\/\/panwinjet.com\/product\/china-manufacturer-uhp-2800bar-15-degree-offset-nozzle-carrier-with-long-water-line-nozzles\/\"]}]},{\"@type\":\"BreadcrumbList\",\"@id\":\"https:\/\/panwinjet.com\/product\/china-manufacturer-uhp-2800bar-15-degree-offset-nozzle-carrier-with-long-water-line-nozzles\/#breadcrumb\",\"itemListElement\":[{\"@type\":\"ListItem\",\"position\":1,\"name\":\"\u9996\u9875\",\"item\":\"https:\/\/panwinjet.com\/\"},{\"@type\":\"ListItem\",\"position\":2,\"name\":\"PRODUCT\",\"item\":\"https:\/\/panwinjet.com\/product\/\"},{\"@type\":\"ListItem\",\"position\":3,\"name\":\"China Manufacturer UHP 2800Bar 15 Degree Offset Nozzle Carrier with Long Water line Nozzles\"}]},{\"@type\":\"WebSite\",\"@id\":\"https:\/\/panwinjet.com\/#website\",\"url\":\"https:\/\/panwinjet.com\/\",\"name\":\"Panwin Machinery&amp;Equipment\",\"description\":\"Shenzhen Panwin Machinery&amp;Equipment Co.Ltd\",\"potentialAction\":[{\"@type\":\"SearchAction\",\"target\":{\"@type\":\"EntryPoint\",\"urlTemplate\":\"https:\/\/panwinjet.com\/?s={search_term_string}\"},\"query-input\":{\"@type\":\"PropertyValueSpecification\",\"valueRequired\":true,\"valueName\":\"search_term_string\"}}],\"inLanguage\":\"fr-FR\"}]}<\/script>\n<!-- \/ Yoast SEO plugin. -->","yoast_head_json":{"title":"China Manufacturer UHP 2800Bar 15 Degree Offset Nozzle Carrier with Long Water line Nozzles - Panwin Machinery&amp;Equipment","robots":{"index":"index","follow":"follow","max-snippet":"max-snippet:-1","max-image-preview":"max-image-preview:large","max-video-preview":"max-video-preview:-1"},"canonical":"https:\/\/panwinjet.com\/fr\/produit\/china-manufacturer-uhp-2800bar-15-degree-offset-nozzle-carrier-with-long-water-line-nozzles\/","og_locale":"fr_FR","og_type":"article","og_title":"China Manufacturer UHP 2800Bar 15 Degree Offset Nozzle Carrier with Long Water line Nozzles - Panwin Machinery&amp;Equipment","og_description":"The China Manufacturer UHP 2800Bar 15 Degree Offset Nozzle Carrier with Long Water line Nozzles  China Manufacturer UHP 2800Bar 15 Degree Offset Nozzle Carrier with Long Water line Nozzles\u00a0has many advantage features:  1)Variable speed rotation,up to 3,000 rpm  2) Field-repairable  3)Lightweight, ergonomic design;  4)Rebuild kit available  &nbsp;  &nbsp;  &nbsp;  3.Product Feature And Application of China Manufacturer UHP 2800Bar 15 Degree Offset Nozzle Carrier with Long Water line Nozzles  The China Manufacturer UHP 2800Bar 15 Degree Offset Nozzle Carrier with Long Water line Nozzles  \u00a0  Application:  Our Hot Sale UHP 40K 2800Bar Articulated Heat Ex changer Flex Lance Anti-withdraw Safety Stop Device\u00a0mainly used in Heat exchanger Flex Lance and Tube,   \u00a0  and Water Blasting is far more wider use in area below:  UHP Water Blasting Construction Industry  Hydro Jet blaster Iron, Steel And Metal Industry  high pressure waterblaster\u00a0Mechanical\u00a0and Apparatus Engineering  Cements and Concrete Industry  high pressure barracuda\u00a0Surface cleaning  UHP hydro Jet cleaning equipment parts  Industrial Cleaning Spray Bars  hydro blasting machine for petroleum refining industry  Hydro Jet Surface Cleaning,Tank&amp;Vessel Cleaning,  Heat Exchange Cleaning,  Automotive Painting cleaning Mining industry cleaning Steel manufacture cleaning etc.  High pressure sewer cleaning equipment for municipal pipe networks water supply and drainage pipelines;","og_url":"https:\/\/panwinjet.com\/fr\/produit\/china-manufacturer-uhp-2800bar-15-degree-offset-nozzle-carrier-with-long-water-line-nozzles\/","og_site_name":"Panwin Machinery&amp;Equipment","twitter_card":"summary_large_image","twitter_misc":{"Dur\u00e9e de lecture estim\u00e9e":"1 minute"},"schema":{"@context":"https:\/\/schema.org","@graph":[{"@type":"WebPage","@id":"https:\/\/panwinjet.com\/product\/china-manufacturer-uhp-2800bar-15-degree-offset-nozzle-carrier-with-long-water-line-nozzles\/","url":"https:\/\/panwinjet.com\/product\/china-manufacturer-uhp-2800bar-15-degree-offset-nozzle-carrier-with-long-water-line-nozzles\/","name":"China Manufacturer UHP 2800Bar 15 Degree Offset Nozzle Carrier with Long Water line Nozzles - Panwin Machinery&amp;Equipment","isPartOf":{"@id":"https:\/\/panwinjet.com\/#website"},"datePublished":"2025-09-18T03:30:06+00:00","breadcrumb":{"@id":"https:\/\/panwinjet.com\/product\/china-manufacturer-uhp-2800bar-15-degree-offset-nozzle-carrier-with-long-water-line-nozzles\/#breadcrumb"},"inLanguage":"fr-FR","potentialAction":[{"@type":"ReadAction","target":["https:\/\/panwinjet.com\/product\/china-manufacturer-uhp-2800bar-15-degree-offset-nozzle-carrier-with-long-water-line-nozzles\/"]}]},{"@type":"BreadcrumbList","@id":"https:\/\/panwinjet.com\/product\/china-manufacturer-uhp-2800bar-15-degree-offset-nozzle-carrier-with-long-water-line-nozzles\/#breadcrumb","itemListElement":[{"@type":"ListItem","position":1,"name":"\u9996\u9875","item":"https:\/\/panwinjet.com\/"},{"@type":"ListItem","position":2,"name":"PRODUCT","item":"https:\/\/panwinjet.com\/product\/"},{"@type":"ListItem","position":3,"name":"China Manufacturer UHP 2800Bar 15 Degree Offset Nozzle Carrier with Long Water line Nozzles"}]},{"@type":"WebSite","@id":"https:\/\/panwinjet.com\/#website","url":"https:\/\/panwinjet.com\/","name":"Panwin Machinery&amp;Equipment","description":"Shenzhen Panwin Machinery&amp;Equipment Co.Ltd","potentialAction":[{"@type":"SearchAction","target":{"@type":"EntryPoint","urlTemplate":"https:\/\/panwinjet.com\/?s={search_term_string}"},"query-input":{"@type":"PropertyValueSpecification","valueRequired":true,"valueName":"search_term_string"}}],"inLanguage":"fr-FR"}]}},"_links":{"self":[{"href":"https:\/\/panwinjet.com\/fr\/wp-json\/wp\/v2\/product\/507","targetHints":{"allow":["GET"]}}],"collection":[{"href":"https:\/\/panwinjet.com\/fr\/wp-json\/wp\/v2\/product"}],"about":[{"href":"https:\/\/panwinjet.com\/fr\/wp-json\/wp\/v2\/types\/product"}],"wp:featuredmedia":[{"embeddable":true,"href":"https:\/\/panwinjet.com\/fr\/wp-json\/"}],"wp:attachment":[{"href":"https:\/\/panwinjet.com\/fr\/wp-json\/wp\/v2\/media?parent=507"}],"wp:term":[{"taxonomy":"product_brand","embeddable":true,"href":"https:\/\/panwinjet.com\/fr\/wp-json\/wp\/v2\/product_brand?post=507"},{"taxonomy":"product_cat","embeddable":true,"href":"https:\/\/panwinjet.com\/fr\/wp-json\/wp\/v2\/product_cat?post=507"},{"taxonomy":"product_tag","embeddable":true,"href":"https:\/\/panwinjet.com\/fr\/wp-json\/wp\/v2\/product_tag?post=507"}],"curies":[{"name":"wp","href":"https:\/\/api.w.org\/{rel}","templated":true}]}}