{"id":277,"date":"2025-05-25T06:51:15","date_gmt":"2025-05-25T06:51:15","guid":{"rendered":"https:\/\/panwinjet.com\/?post_type=product&#038;p=277"},"modified":"2025-05-25T06:54:04","modified_gmt":"2025-05-25T06:54:04","slug":"42-40k-2800bar-ship-waterblasting-pipe-cleaning-sapphire-m10-nozzles","status":"publish","type":"product","link":"https:\/\/panwinjet.com\/fr\/produit\/42-40k-2800bar-ship-waterblasting-pipe-cleaning-sapphire-m10-nozzles\/","title":{"rendered":"Nettoyage de canalisations navales par jet d&#039;eau haute pression \u00e0 2800 bars (42-40K) - Buses saphir M10"},"content":{"rendered":"<p><strong><b>Buses de machine de nettoyage \u00e0 jet d&#039;eau M10-0,30 mm<\/b><\/strong><\/p>\n<p><strong><b>1. Pr\u00e9sentation du produit <\/b><\/strong><strong><b>55<\/b><\/strong><strong><b>Pi\u00e8ces de machines de nettoyage de canalisations p\u00e9trochimiques \u00e0 haute pression (kpsi) - Buses M10<\/b><\/strong><\/p>\n<p><strong><b>Pour ce 55<\/b><\/strong><strong><b>Pi\u00e8ces de machines de nettoyage de canalisations p\u00e9trochimiques \u00e0 haute pression (kpsi) - Buses M10<\/b><\/strong><strong><b>, dans <\/b><\/strong>Lors d&#039;une op\u00e9ration de nettoyage par jet d&#039;eau \u00e0 haute pression, les buses constituent l&#039;\u00e9l\u00e9ment cl\u00e9 pour une performance stable et \u00e0 haute efficacit\u00e9.<\/p>\n<p>Chez Panwin, nous fournissons \u00e0 nos clients des buses de haute qualit\u00e9 pour diff\u00e9rents niveaux de pression. Nos buses sont homologu\u00e9es UHP jusqu&#039;\u00e0 55 000 psi, avec un raccord filet\u00e9 3\/8-24 UNF, elles peuvent \u00eatre ins\u00e9r\u00e9es dans les buses rotatives et les rampes de pulv\u00e9risation. Le corps des buses est trait\u00e9 thermiquement et fabriqu\u00e9 en saphir de qualit\u00e9 sup\u00e9rieure, ce qui leur conf\u00e8re une longue dur\u00e9e de vie et une haute qualit\u00e9.<\/p>\n<p><strong><b>2.<\/b><\/strong><strong><b>Param\u00e8tre (sp\u00e9cification) du produit <\/b><\/strong><strong><b>55<\/b><\/strong><strong><b>Pi\u00e8ces de machines de nettoyage de canalisations p\u00e9trochimiques \u00e0 haute pression (kpsi) - Buses M10<\/b><\/strong><\/p>\n<p>Pour cette machine de nettoyage de canalisations p\u00e9trochimiques par jet d&#039;eau sous pression de 55 kpsi (buses M10), la pression est de 55 kpsi et nous proposons diff\u00e9rentes tailles, comme suit\u00a0:<\/p>\n<p><strong><b>3. Caract\u00e9ristiques et applications du produit <\/b><\/strong><strong><b>Pi\u00e8ces de machines de nettoyage de canalisations p\u00e9trochimiques \u00e0 jet d&#039;eau sous pression de 30 kpsi - Buses M10<\/b><\/strong><\/p>\n<p>Les buses M10 des pi\u00e8ces de la machine de nettoyage de tuyaux p\u00e9trochimiques \u00e0 jet d&#039;eau sous pression de 55 kpsi sont fabriqu\u00e9es en rubis et saphir de haute qualit\u00e9, elles offrent de bonnes performances de pulv\u00e9risation comme mentionn\u00e9 ci-dessous.<\/p>\n<p>Caract\u00e9ristiques des buses :<\/p>\n<p>Utilisation \u00e0 longue dur\u00e9e de vie<\/p>\n<p>Coh\u00e9rence d&#039;\u00e9coulement des jets haute pression<\/p>\n<p>Jet de pulv\u00e9risation puissant<\/p>\n<p>Excellentes performances de nettoyage au jet d&#039;eau<\/p>\n<p><strong><b>4. D\u00e9tails du produit<\/b><\/strong><strong><b>\u00a0<\/b><\/strong><strong><b>55<\/b><\/strong><strong><b>Pi\u00e8ces de machines de nettoyage de canalisations p\u00e9trochimiques \u00e0 haute pression (kpsi) - Buses M10<\/b><\/strong><\/p>\n<p><strong><b>Pour les 55<\/b><\/strong><strong><b>Pi\u00e8ces de machines de nettoyage de canalisations p\u00e9trochimiques \u00e0 haute pression (kpsi) - Buses M10<\/b><\/strong><strong><b>Nous proposons diff\u00e9rentes tailles, chacune avec un d\u00e9bit diff\u00e9rent, comme indiqu\u00e9 dans les indicateurs de pression de d\u00e9bit.<\/b><\/strong><\/p>\n<p><strong><b>5. Qualification du produit<\/b><\/strong>\u00a055<strong><b>Pi\u00e8ces de machines de nettoyage de canalisations p\u00e9trochimiques \u00e0 haute pression (kpsi) - Buses M10<\/b><\/strong><\/p>\n<p><strong><b>6. Livraison, exp\u00e9dition et service<\/b><\/strong>\u00a0Pi\u00e8ces de machines de nettoyage de canalisations p\u00e9trochimiques \u00e0 haute pression (55 kpsi) - Buses M10<\/p>\n<p>Pour les pi\u00e8ces de la machine de nettoyage de tuyaux p\u00e9trochimiques par jet d&#039;eau sous pression de 55 kpsi (buses M10), les frais de transport ne sont pas inclus dans le prix et d\u00e9pendent du mode de livraison (a\u00e9rien, maritime ou ferroviaire). Les frais de transport varient selon les r\u00e9gions. Les marchandises ne comprennent pas les frais de transport ni les co\u00fbts d&#039;emballage en cadre en bois.<\/p>\n<p>Pour les articles de taille moyenne comme les ventouses, les buses de nettoyage de tuyaux coud\u00e9es de 4 et 6 pouces, les buses auto-rotatives, etc., nous les emballerons dans une bo\u00eete en plastique solide recouverte de mousse \u00e9paisse pour \u00e9viter tout dommage, puis dans une bo\u00eete en carton ou en contreplaqu\u00e9 selon la demande du client.<\/p>\n<p>Pour les petites pi\u00e8ces, comme les buses M10, les buses 3\/8-24, divers accessoires d&#039;\u00e9tanch\u00e9it\u00e9, etc., nous les emballerons dans un sac en poly\u00e9thyl\u00e8ne \u00e9pais ou un sac \u00e0 bulles, recouverts de mousse \u00e9paisse pour \u00e9viter tout dommage \u00e9ventuel, puis plac\u00e9s dans une bo\u00eete en carton ou en contreplaqu\u00e9 selon la demande du client.<\/p>\n<p><strong><b>7. FAQ<\/b><\/strong><\/p>\n<p><strong>7<\/strong><strong>\u00c0 quel point est-il important de garder les buses propres ?<\/strong><\/p>\n<p>Dans le processus de nettoyage par hydro-nettoyage, une buse obstru\u00e9e n&#039;aura pas un bon effet de nettoyage, et les buses bouch\u00e9es peuvent \u00e9galement augmenter la pression inverse sur la pompe et endommager celle-ci ; il est donc important de nettoyer r\u00e9guli\u00e8rement les buses, voire de les remplacer.<\/p>\n<p><strong><em><b><i>1:<\/i><\/b><\/em><\/strong><strong><em><b><i>Pourrions-nous obtenir votre <\/i><\/b><\/em><\/strong><strong><em><b><i>explosion <\/i><\/b><\/em><\/strong><strong><em><b><i>catalogue et liste de prix ?<\/i><\/b><\/em><\/strong><\/p>\n<p><em><i>Oui, un catalogue peut \u00eatre envoy\u00e9 sur demande, et une liste de prix est \u00e9galement fournie d\u00e8s que possible. <\/i><\/em><em><i>avoir <\/i><\/em><em><i>ton <\/i><\/em><em><i>d\u00e9tail <\/i><\/em><em><i>enqu\u00eate, telle que<\/i><\/em><em><i>\u00a0type de machine marque pi\u00e8ces<\/i><\/em><em><i>, sp\u00e9cifications, quantit\u00e9, etc.<\/i><\/em><\/p>\n<p><strong><em><i>2 : Quel est votre d\u00e9lai de livraison ?<\/i><\/em><\/strong><\/p>\n<p><em><i>A : Cela d\u00e9pend des quantit\u00e9s command\u00e9es et de la taille des produits. En g\u00e9n\u00e9ral, il nous faut 20 jours pour un conteneur. <\/i><\/em><em><i>7<\/i><\/em><em><i>\u00a0jours pour les commandes d&#039;\u00e9chantillons.<\/i><\/em><em><i>Pour les pi\u00e8ces en stock, nous pouvons en exp\u00e9dier environ 2<\/i><\/em><em><i>-3<\/i><\/em><em><i>jours o\u00f9 l&#039;exp\u00e9dition est pr\u00eate<\/i><\/em><\/p>\n<p>&nbsp;<\/p>","protected":false},"excerpt":{"rendered":"<p>Water blasting cleaning machine nozzles M10-0.30mm 1.Product Introduction of 55kpsi Pressure Water blasting Petrochemical pipe cleaning machine parts M10 Nozzles For this 55kpsi Pressure Water blasting<span class=\"excerpt-hellip\"> [\u2026]<\/span><\/p>","protected":false},"featured_media":278,"template":"","meta":[],"product_brand":[],"product_cat":[3],"product_tag":[],"class_list":{"0":"post-277","1":"product","2":"type-product","3":"status-publish","4":"has-post-thumbnail","6":"product_cat-sapphire-nozzles","8":"first","9":"instock","10":"shipping-taxable","11":"product-type-external"},"yoast_head":"<!-- This site is optimized with the Yoast SEO plugin v24.9 - https:\/\/yoast.com\/wordpress\/plugins\/seo\/ -->\n<title>42-40K 2800Bar Ship Waterblasting pipe cleaning Sapphire M10 Nozzles - Panwin Machinery&amp;Equipment<\/title>\n<meta name=\"robots\" content=\"index, follow, max-snippet:-1, max-image-preview:large, max-video-preview:-1\" \/>\n<link rel=\"canonical\" href=\"https:\/\/panwinjet.com\/fr\/produit\/42-40k-2800bar-ship-waterblasting-pipe-cleaning-sapphire-m10-nozzles\/\" \/>\n<meta property=\"og:locale\" content=\"fr_FR\" \/>\n<meta property=\"og:type\" content=\"article\" \/>\n<meta property=\"og:title\" content=\"42-40K 2800Bar Ship Waterblasting pipe cleaning Sapphire M10 Nozzles - Panwin Machinery&amp;Equipment\" \/>\n<meta property=\"og:description\" content=\"Water blasting cleaning machine nozzles M10-0.30mm 1.Product Introduction of 55kpsi Pressure Water blasting Petrochemical pipe cleaning machine parts M10 Nozzles For this 55kpsi Pressure Water blasting [\u2026]\" \/>\n<meta property=\"og:url\" content=\"https:\/\/panwinjet.com\/fr\/produit\/42-40k-2800bar-ship-waterblasting-pipe-cleaning-sapphire-m10-nozzles\/\" \/>\n<meta property=\"og:site_name\" content=\"Panwin Machinery&amp;Equipment\" \/>\n<meta property=\"article:modified_time\" content=\"2025-05-25T06:54:04+00:00\" \/>\n<meta property=\"og:image\" content=\"https:\/\/panwinjet.com\/wp-content\/uploads\/2025\/05\/42-40K-2800Bar-Ship-Waterblasting-pipe-cleaning-Sapphire-M10-Nozzles1.jpg\" \/>\n\t<meta property=\"og:image:width\" content=\"1200\" \/>\n\t<meta property=\"og:image:height\" content=\"900\" \/>\n\t<meta property=\"og:image:type\" content=\"image\/jpeg\" \/>\n<meta name=\"twitter:card\" content=\"summary_large_image\" \/>\n<meta name=\"twitter:label1\" content=\"Dur\u00e9e de lecture estim\u00e9e\" \/>\n\t<meta name=\"twitter:data1\" content=\"3 minutes\" \/>\n<script type=\"application\/ld+json\" class=\"yoast-schema-graph\">{\"@context\":\"https:\/\/schema.org\",\"@graph\":[{\"@type\":\"WebPage\",\"@id\":\"https:\/\/panwinjet.com\/product\/42-40k-2800bar-ship-waterblasting-pipe-cleaning-sapphire-m10-nozzles\/\",\"url\":\"https:\/\/panwinjet.com\/product\/42-40k-2800bar-ship-waterblasting-pipe-cleaning-sapphire-m10-nozzles\/\",\"name\":\"42-40K 2800Bar Ship Waterblasting pipe cleaning Sapphire M10 Nozzles - Panwin Machinery&amp;Equipment\",\"isPartOf\":{\"@id\":\"https:\/\/panwinjet.com\/#website\"},\"primaryImageOfPage\":{\"@id\":\"https:\/\/panwinjet.com\/product\/42-40k-2800bar-ship-waterblasting-pipe-cleaning-sapphire-m10-nozzles\/#primaryimage\"},\"image\":{\"@id\":\"https:\/\/panwinjet.com\/product\/42-40k-2800bar-ship-waterblasting-pipe-cleaning-sapphire-m10-nozzles\/#primaryimage\"},\"thumbnailUrl\":\"https:\/\/panwinjet.com\/wp-content\/uploads\/2025\/05\/42-40K-2800Bar-Ship-Waterblasting-pipe-cleaning-Sapphire-M10-Nozzles1.jpg\",\"datePublished\":\"2025-05-25T06:51:15+00:00\",\"dateModified\":\"2025-05-25T06:54:04+00:00\",\"breadcrumb\":{\"@id\":\"https:\/\/panwinjet.com\/product\/42-40k-2800bar-ship-waterblasting-pipe-cleaning-sapphire-m10-nozzles\/#breadcrumb\"},\"inLanguage\":\"fr-FR\",\"potentialAction\":[{\"@type\":\"ReadAction\",\"target\":[\"https:\/\/panwinjet.com\/product\/42-40k-2800bar-ship-waterblasting-pipe-cleaning-sapphire-m10-nozzles\/\"]}]},{\"@type\":\"ImageObject\",\"inLanguage\":\"fr-FR\",\"@id\":\"https:\/\/panwinjet.com\/product\/42-40k-2800bar-ship-waterblasting-pipe-cleaning-sapphire-m10-nozzles\/#primaryimage\",\"url\":\"https:\/\/panwinjet.com\/wp-content\/uploads\/2025\/05\/42-40K-2800Bar-Ship-Waterblasting-pipe-cleaning-Sapphire-M10-Nozzles1.jpg\",\"contentUrl\":\"https:\/\/panwinjet.com\/wp-content\/uploads\/2025\/05\/42-40K-2800Bar-Ship-Waterblasting-pipe-cleaning-Sapphire-M10-Nozzles1.jpg\",\"width\":1200,\"height\":900},{\"@type\":\"BreadcrumbList\",\"@id\":\"https:\/\/panwinjet.com\/product\/42-40k-2800bar-ship-waterblasting-pipe-cleaning-sapphire-m10-nozzles\/#breadcrumb\",\"itemListElement\":[{\"@type\":\"ListItem\",\"position\":1,\"name\":\"\u9996\u9875\",\"item\":\"https:\/\/panwinjet.com\/\"},{\"@type\":\"ListItem\",\"position\":2,\"name\":\"PRODUCT\",\"item\":\"https:\/\/panwinjet.com\/product\/\"},{\"@type\":\"ListItem\",\"position\":3,\"name\":\"42-40K 2800Bar Ship Waterblasting pipe cleaning Sapphire M10 Nozzles\"}]},{\"@type\":\"WebSite\",\"@id\":\"https:\/\/panwinjet.com\/#website\",\"url\":\"https:\/\/panwinjet.com\/\",\"name\":\"Panwin Machinery&amp;Equipment\",\"description\":\"Shenzhen Panwin Machinery&amp;Equipment Co.Ltd\",\"potentialAction\":[{\"@type\":\"SearchAction\",\"target\":{\"@type\":\"EntryPoint\",\"urlTemplate\":\"https:\/\/panwinjet.com\/?s={search_term_string}\"},\"query-input\":{\"@type\":\"PropertyValueSpecification\",\"valueRequired\":true,\"valueName\":\"search_term_string\"}}],\"inLanguage\":\"fr-FR\"}]}<\/script>\n<!-- \/ Yoast SEO plugin. -->","yoast_head_json":{"title":"42-40K 2800Bar Ship Waterblasting pipe cleaning Sapphire M10 Nozzles - Panwin Machinery&amp;Equipment","robots":{"index":"index","follow":"follow","max-snippet":"max-snippet:-1","max-image-preview":"max-image-preview:large","max-video-preview":"max-video-preview:-1"},"canonical":"https:\/\/panwinjet.com\/fr\/produit\/42-40k-2800bar-ship-waterblasting-pipe-cleaning-sapphire-m10-nozzles\/","og_locale":"fr_FR","og_type":"article","og_title":"42-40K 2800Bar Ship Waterblasting pipe cleaning Sapphire M10 Nozzles - Panwin Machinery&amp;Equipment","og_description":"Water blasting cleaning machine nozzles M10-0.30mm 1.Product Introduction of 55kpsi Pressure Water blasting Petrochemical pipe cleaning machine parts M10 Nozzles For this 55kpsi Pressure Water blasting [\u2026]","og_url":"https:\/\/panwinjet.com\/fr\/produit\/42-40k-2800bar-ship-waterblasting-pipe-cleaning-sapphire-m10-nozzles\/","og_site_name":"Panwin Machinery&amp;Equipment","article_modified_time":"2025-05-25T06:54:04+00:00","og_image":[{"width":1200,"height":900,"url":"https:\/\/panwinjet.com\/wp-content\/uploads\/2025\/05\/42-40K-2800Bar-Ship-Waterblasting-pipe-cleaning-Sapphire-M10-Nozzles1.jpg","type":"image\/jpeg"}],"twitter_card":"summary_large_image","twitter_misc":{"Dur\u00e9e de lecture estim\u00e9e":"3 minutes"},"schema":{"@context":"https:\/\/schema.org","@graph":[{"@type":"WebPage","@id":"https:\/\/panwinjet.com\/product\/42-40k-2800bar-ship-waterblasting-pipe-cleaning-sapphire-m10-nozzles\/","url":"https:\/\/panwinjet.com\/product\/42-40k-2800bar-ship-waterblasting-pipe-cleaning-sapphire-m10-nozzles\/","name":"42-40K 2800Bar Ship Waterblasting pipe cleaning Sapphire M10 Nozzles - Panwin Machinery&amp;Equipment","isPartOf":{"@id":"https:\/\/panwinjet.com\/#website"},"primaryImageOfPage":{"@id":"https:\/\/panwinjet.com\/product\/42-40k-2800bar-ship-waterblasting-pipe-cleaning-sapphire-m10-nozzles\/#primaryimage"},"image":{"@id":"https:\/\/panwinjet.com\/product\/42-40k-2800bar-ship-waterblasting-pipe-cleaning-sapphire-m10-nozzles\/#primaryimage"},"thumbnailUrl":"https:\/\/panwinjet.com\/wp-content\/uploads\/2025\/05\/42-40K-2800Bar-Ship-Waterblasting-pipe-cleaning-Sapphire-M10-Nozzles1.jpg","datePublished":"2025-05-25T06:51:15+00:00","dateModified":"2025-05-25T06:54:04+00:00","breadcrumb":{"@id":"https:\/\/panwinjet.com\/product\/42-40k-2800bar-ship-waterblasting-pipe-cleaning-sapphire-m10-nozzles\/#breadcrumb"},"inLanguage":"fr-FR","potentialAction":[{"@type":"ReadAction","target":["https:\/\/panwinjet.com\/product\/42-40k-2800bar-ship-waterblasting-pipe-cleaning-sapphire-m10-nozzles\/"]}]},{"@type":"ImageObject","inLanguage":"fr-FR","@id":"https:\/\/panwinjet.com\/product\/42-40k-2800bar-ship-waterblasting-pipe-cleaning-sapphire-m10-nozzles\/#primaryimage","url":"https:\/\/panwinjet.com\/wp-content\/uploads\/2025\/05\/42-40K-2800Bar-Ship-Waterblasting-pipe-cleaning-Sapphire-M10-Nozzles1.jpg","contentUrl":"https:\/\/panwinjet.com\/wp-content\/uploads\/2025\/05\/42-40K-2800Bar-Ship-Waterblasting-pipe-cleaning-Sapphire-M10-Nozzles1.jpg","width":1200,"height":900},{"@type":"BreadcrumbList","@id":"https:\/\/panwinjet.com\/product\/42-40k-2800bar-ship-waterblasting-pipe-cleaning-sapphire-m10-nozzles\/#breadcrumb","itemListElement":[{"@type":"ListItem","position":1,"name":"\u9996\u9875","item":"https:\/\/panwinjet.com\/"},{"@type":"ListItem","position":2,"name":"PRODUCT","item":"https:\/\/panwinjet.com\/product\/"},{"@type":"ListItem","position":3,"name":"42-40K 2800Bar Ship Waterblasting pipe cleaning Sapphire M10 Nozzles"}]},{"@type":"WebSite","@id":"https:\/\/panwinjet.com\/#website","url":"https:\/\/panwinjet.com\/","name":"Panwin Machinery&amp;Equipment","description":"Shenzhen Panwin Machinery&amp;Equipment Co.Ltd","potentialAction":[{"@type":"SearchAction","target":{"@type":"EntryPoint","urlTemplate":"https:\/\/panwinjet.com\/?s={search_term_string}"},"query-input":{"@type":"PropertyValueSpecification","valueRequired":true,"valueName":"search_term_string"}}],"inLanguage":"fr-FR"}]}},"_links":{"self":[{"href":"https:\/\/panwinjet.com\/fr\/wp-json\/wp\/v2\/product\/277","targetHints":{"allow":["GET"]}}],"collection":[{"href":"https:\/\/panwinjet.com\/fr\/wp-json\/wp\/v2\/product"}],"about":[{"href":"https:\/\/panwinjet.com\/fr\/wp-json\/wp\/v2\/types\/product"}],"wp:featuredmedia":[{"embeddable":true,"href":"https:\/\/panwinjet.com\/fr\/wp-json\/wp\/v2\/media\/278"}],"wp:attachment":[{"href":"https:\/\/panwinjet.com\/fr\/wp-json\/wp\/v2\/media?parent=277"}],"wp:term":[{"taxonomy":"product_brand","embeddable":true,"href":"https:\/\/panwinjet.com\/fr\/wp-json\/wp\/v2\/product_brand?post=277"},{"taxonomy":"product_cat","embeddable":true,"href":"https:\/\/panwinjet.com\/fr\/wp-json\/wp\/v2\/product_cat?post=277"},{"taxonomy":"product_tag","embeddable":true,"href":"https:\/\/panwinjet.com\/fr\/wp-json\/wp\/v2\/product_tag?post=277"}],"curies":[{"name":"wp","href":"https:\/\/api.w.org\/{rel}","templated":true}]}}