{"id":2235,"date":"2026-04-16T15:07:25","date_gmt":"2026-04-16T15:07:25","guid":{"rendered":"https:\/\/panwinjet.com\/?post_type=product&#038;p=2235"},"modified":"2026-04-16T15:07:25","modified_gmt":"2026-04-16T15:07:25","slug":"china-factory-high-quality-1500bar-pressure-water-jet-cleaning-machine-4-badger-pipe-cleaning-nozzle","status":"publish","type":"product","link":"https:\/\/panwinjet.com\/fr\/produit\/china-factory-high-quality-1500bar-pressure-water-jet-cleaning-machine-4-badger-pipe-cleaning-nozzle\/","title":{"rendered":"China factory high quality 1500Bar Pressure Water Jet cleaning machine 4&#8243; Badger Pipe Cleaning Nozzle"},"content":{"rendered":"<p>Chez Panwin, nous vous proposons des buses de nettoyage de canalisations coud\u00e9es de 4 pouces \u00e0 haute pression (20\u00a0000 psi) d&#039;excellente qualit\u00e9, pr\u00e9sentant de nombreux avantages et caract\u00e9ristiques, comme suit\u00a0:<\/p>\n<p>1 : Performance de nettoyage globale.<\/p>\n<p>Cette buse auto-rotative de nettoyage de canalisations hydrauliques est con\u00e7ue pour un acc\u00e8s et un nettoyage faciles des coudes \u00e0 90\u00b0 des tuyaux de 6 pouces, et poss\u00e8de des jets avant, lat\u00e9raux et arri\u00e8re qui \u00e9liminent les obstructions.<\/p>\n<p>Elle propulse l&#039;outil dans le tuyau pour une puissance de nettoyage maximale et une usure minimale.<\/p>\n<p>2 : L&#039;eau assure un mouvement d&#039;auto-rotation, sans besoin d&#039;huile ni de roulement \u00e0 billes.<\/p>\n<p>L&#039;eau en mouvement assure la rotation et cr\u00e9e le palier sur lequel tournent les buses. Pas d&#039;huile ni de roulements \u00e0 billes \u00e0 remplacer !<\/p>\n<p>3: Insert de buses multiport pour un nettoyage \u00e0 360 degr\u00e9s.<\/p>\n<p>\u00c9quip\u00e9 de deux ports orient\u00e9s vers l&#039;avant \u00e0 10\u00b0 et deux \u00e0 45\u00b0, de deux ports radiaux \u00e0 100\u00b0 et de deux ports orient\u00e9s vers l&#039;arri\u00e8re \u00e0 135\u00b0 qui acceptent deux types de buses disponibles en option.<\/p>\n<p>&nbsp;<\/p>\n<p>4 : Contr\u00f4le de la vitesse, nettoyage puissant et usure minimale.<\/p>\n<p>Il est con\u00e7u avec un syst\u00e8me de freinage par courants de Foucault qui contr\u00f4le la vitesse de rotation pour une puissance de nettoyage maximale et une usure minimale.<\/p>\n<p>&nbsp;<\/p>\n<p>5 : Service facile.<\/p>\n<p>Enti\u00e8rement r\u00e9parable sur place en moins de 5 minutes !<\/p>","protected":false},"excerpt":{"rendered":"<p><strong><b>The 22<\/b><\/strong><strong><b>kpsi pressur water jet cleaning machine <\/b><\/strong><strong><b>4 &#8221; Badger bend pipe cleaning nozzle is a self-rotating nozzle<\/b><\/strong><strong><b>\u00a0<\/b><\/strong><strong><b>Pour un acc\u00e8s et un nettoyage faciles, coude \u00e0 90\u00b0 pour tuyau de 4 pouces.<\/b><\/strong><strong><b>Il est \u00e9quip\u00e9 de jets avant, lat\u00e9raux et arri\u00e8re permettant de d\u00e9boucher les canalisations. C&#039;est un outil de nettoyage de canalisations puissant, id\u00e9al pour les travaux difficiles dans les champs p\u00e9trolif\u00e8res, le nettoyage de canalisations chimiques, etc.<\/b><\/strong><\/p>","protected":false},"featured_media":2239,"template":"","meta":[],"product_brand":[],"product_cat":[10,3,4,5],"product_tag":[200,198,199],"class_list":{"0":"post-2235","1":"product","2":"type-product","3":"status-publish","4":"has-post-thumbnail","6":"product_cat-pipeline-tube-uhp-water-blasting-cleaning-device","7":"product_cat-sapphire-nozzles","8":"product_cat-uhp-blasting-hand-air-gun","9":"product_cat-uhp-rotating-nozzles","10":"product_tag-1500bar-pipe-cleaning-nozzle","11":"product_tag-4-badger-rotary-nozzles","12":"product_tag-4-badger-sapphire-1-8-npt-nozzles-tip","14":"first","15":"instock","16":"shipping-taxable","17":"product-type-simple"},"yoast_head":"<!-- This site is optimized with the Yoast SEO plugin v24.9 - https:\/\/yoast.com\/wordpress\/plugins\/seo\/ -->\n<title>China factory high quality 1500Bar Pressure Water Jet cleaning machine 4&quot; Badger Pipe Cleaning Nozzle - Panwin Machinery&amp;Equipment<\/title>\n<meta name=\"robots\" content=\"index, follow, max-snippet:-1, max-image-preview:large, max-video-preview:-1\" \/>\n<link rel=\"canonical\" href=\"https:\/\/panwinjet.com\/fr\/produit\/china-factory-high-quality-1500bar-pressure-water-jet-cleaning-machine-4-badger-pipe-cleaning-nozzle\/\" \/>\n<meta property=\"og:locale\" content=\"fr_FR\" \/>\n<meta property=\"og:type\" content=\"article\" \/>\n<meta property=\"og:title\" content=\"China factory high quality 1500Bar Pressure Water Jet cleaning machine 4&quot; Badger Pipe Cleaning Nozzle - Panwin Machinery&amp;Equipment\" \/>\n<meta property=\"og:description\" content=\"The 22kpsi pressur water jet cleaning machine 4 &quot; Badger bend pipe cleaning nozzle is a self-rotating nozzle\u00a0for easy access and cleaning wash bend 90\u00b04 inch pipe, It has front, side, and rear jets that clear blockages. It is powerful pipe cleaning tool for tough tasks in Oil field, chemical pipe cleaning etc.\" \/>\n<meta property=\"og:url\" content=\"https:\/\/panwinjet.com\/fr\/produit\/china-factory-high-quality-1500bar-pressure-water-jet-cleaning-machine-4-badger-pipe-cleaning-nozzle\/\" \/>\n<meta property=\"og:site_name\" content=\"Panwin Machinery&amp;Equipment\" \/>\n<meta property=\"og:image\" content=\"https:\/\/panwinjet.com\/wp-content\/uploads\/2026\/04\/4\u5bf8\u704c\u732a\u5b9d\u77f37-scaled.jpg\" \/>\n\t<meta property=\"og:image:width\" content=\"2560\" \/>\n\t<meta property=\"og:image:height\" content=\"1152\" \/>\n\t<meta property=\"og:image:type\" content=\"image\/jpeg\" \/>\n<meta name=\"twitter:card\" content=\"summary_large_image\" \/>\n<meta name=\"twitter:label1\" content=\"Dur\u00e9e de lecture estim\u00e9e\" \/>\n\t<meta name=\"twitter:data1\" content=\"1 minute\" \/>\n<script type=\"application\/ld+json\" class=\"yoast-schema-graph\">{\"@context\":\"https:\/\/schema.org\",\"@graph\":[{\"@type\":\"WebPage\",\"@id\":\"https:\/\/panwinjet.com\/product\/china-factory-high-quality-1500bar-pressure-water-jet-cleaning-machine-4-badger-pipe-cleaning-nozzle\/\",\"url\":\"https:\/\/panwinjet.com\/product\/china-factory-high-quality-1500bar-pressure-water-jet-cleaning-machine-4-badger-pipe-cleaning-nozzle\/\",\"name\":\"China factory high quality 1500Bar Pressure Water Jet cleaning machine 4\\\" Badger Pipe Cleaning Nozzle - Panwin Machinery&amp;Equipment\",\"isPartOf\":{\"@id\":\"https:\/\/panwinjet.com\/#website\"},\"primaryImageOfPage\":{\"@id\":\"https:\/\/panwinjet.com\/product\/china-factory-high-quality-1500bar-pressure-water-jet-cleaning-machine-4-badger-pipe-cleaning-nozzle\/#primaryimage\"},\"image\":{\"@id\":\"https:\/\/panwinjet.com\/product\/china-factory-high-quality-1500bar-pressure-water-jet-cleaning-machine-4-badger-pipe-cleaning-nozzle\/#primaryimage\"},\"thumbnailUrl\":\"https:\/\/panwinjet.com\/wp-content\/uploads\/2026\/04\/4\u5bf8\u704c\u732a\u5b9d\u77f37-scaled.jpg\",\"datePublished\":\"2026-04-16T15:07:25+00:00\",\"breadcrumb\":{\"@id\":\"https:\/\/panwinjet.com\/product\/china-factory-high-quality-1500bar-pressure-water-jet-cleaning-machine-4-badger-pipe-cleaning-nozzle\/#breadcrumb\"},\"inLanguage\":\"fr-FR\",\"potentialAction\":[{\"@type\":\"ReadAction\",\"target\":[\"https:\/\/panwinjet.com\/product\/china-factory-high-quality-1500bar-pressure-water-jet-cleaning-machine-4-badger-pipe-cleaning-nozzle\/\"]}]},{\"@type\":\"ImageObject\",\"inLanguage\":\"fr-FR\",\"@id\":\"https:\/\/panwinjet.com\/product\/china-factory-high-quality-1500bar-pressure-water-jet-cleaning-machine-4-badger-pipe-cleaning-nozzle\/#primaryimage\",\"url\":\"https:\/\/panwinjet.com\/wp-content\/uploads\/2026\/04\/4\u5bf8\u704c\u732a\u5b9d\u77f37-scaled.jpg\",\"contentUrl\":\"https:\/\/panwinjet.com\/wp-content\/uploads\/2026\/04\/4\u5bf8\u704c\u732a\u5b9d\u77f37-scaled.jpg\",\"width\":2560,\"height\":1152},{\"@type\":\"BreadcrumbList\",\"@id\":\"https:\/\/panwinjet.com\/product\/china-factory-high-quality-1500bar-pressure-water-jet-cleaning-machine-4-badger-pipe-cleaning-nozzle\/#breadcrumb\",\"itemListElement\":[{\"@type\":\"ListItem\",\"position\":1,\"name\":\"\u9996\u9875\",\"item\":\"https:\/\/panwinjet.com\/\"},{\"@type\":\"ListItem\",\"position\":2,\"name\":\"PRODUCT\",\"item\":\"https:\/\/panwinjet.com\/product\/\"},{\"@type\":\"ListItem\",\"position\":3,\"name\":\"China factory high quality 1500Bar Pressure Water Jet cleaning machine 4&#8243; Badger Pipe Cleaning Nozzle\"}]},{\"@type\":\"WebSite\",\"@id\":\"https:\/\/panwinjet.com\/#website\",\"url\":\"https:\/\/panwinjet.com\/\",\"name\":\"Panwin Machinery&amp;Equipment\",\"description\":\"Shenzhen Panwin Machinery&amp;Equipment Co.Ltd\",\"potentialAction\":[{\"@type\":\"SearchAction\",\"target\":{\"@type\":\"EntryPoint\",\"urlTemplate\":\"https:\/\/panwinjet.com\/?s={search_term_string}\"},\"query-input\":{\"@type\":\"PropertyValueSpecification\",\"valueRequired\":true,\"valueName\":\"search_term_string\"}}],\"inLanguage\":\"fr-FR\"}]}<\/script>\n<!-- \/ Yoast SEO plugin. -->","yoast_head_json":{"title":"China factory high quality 1500Bar Pressure Water Jet cleaning machine 4\" Badger Pipe Cleaning Nozzle - Panwin Machinery&amp;Equipment","robots":{"index":"index","follow":"follow","max-snippet":"max-snippet:-1","max-image-preview":"max-image-preview:large","max-video-preview":"max-video-preview:-1"},"canonical":"https:\/\/panwinjet.com\/fr\/produit\/china-factory-high-quality-1500bar-pressure-water-jet-cleaning-machine-4-badger-pipe-cleaning-nozzle\/","og_locale":"fr_FR","og_type":"article","og_title":"China factory high quality 1500Bar Pressure Water Jet cleaning machine 4\" Badger Pipe Cleaning Nozzle - Panwin Machinery&amp;Equipment","og_description":"The 22kpsi pressur water jet cleaning machine 4 \" Badger bend pipe cleaning nozzle is a self-rotating nozzle\u00a0for easy access and cleaning wash bend 90\u00b04 inch pipe, It has front, side, and rear jets that clear blockages. It is powerful pipe cleaning tool for tough tasks in Oil field, chemical pipe cleaning etc.","og_url":"https:\/\/panwinjet.com\/fr\/produit\/china-factory-high-quality-1500bar-pressure-water-jet-cleaning-machine-4-badger-pipe-cleaning-nozzle\/","og_site_name":"Panwin Machinery&amp;Equipment","og_image":[{"width":2560,"height":1152,"url":"https:\/\/panwinjet.com\/wp-content\/uploads\/2026\/04\/4\u5bf8\u704c\u732a\u5b9d\u77f37-scaled.jpg","type":"image\/jpeg"}],"twitter_card":"summary_large_image","twitter_misc":{"Dur\u00e9e de lecture estim\u00e9e":"1 minute"},"schema":{"@context":"https:\/\/schema.org","@graph":[{"@type":"WebPage","@id":"https:\/\/panwinjet.com\/product\/china-factory-high-quality-1500bar-pressure-water-jet-cleaning-machine-4-badger-pipe-cleaning-nozzle\/","url":"https:\/\/panwinjet.com\/product\/china-factory-high-quality-1500bar-pressure-water-jet-cleaning-machine-4-badger-pipe-cleaning-nozzle\/","name":"China factory high quality 1500Bar Pressure Water Jet cleaning machine 4\" Badger Pipe Cleaning Nozzle - Panwin Machinery&amp;Equipment","isPartOf":{"@id":"https:\/\/panwinjet.com\/#website"},"primaryImageOfPage":{"@id":"https:\/\/panwinjet.com\/product\/china-factory-high-quality-1500bar-pressure-water-jet-cleaning-machine-4-badger-pipe-cleaning-nozzle\/#primaryimage"},"image":{"@id":"https:\/\/panwinjet.com\/product\/china-factory-high-quality-1500bar-pressure-water-jet-cleaning-machine-4-badger-pipe-cleaning-nozzle\/#primaryimage"},"thumbnailUrl":"https:\/\/panwinjet.com\/wp-content\/uploads\/2026\/04\/4\u5bf8\u704c\u732a\u5b9d\u77f37-scaled.jpg","datePublished":"2026-04-16T15:07:25+00:00","breadcrumb":{"@id":"https:\/\/panwinjet.com\/product\/china-factory-high-quality-1500bar-pressure-water-jet-cleaning-machine-4-badger-pipe-cleaning-nozzle\/#breadcrumb"},"inLanguage":"fr-FR","potentialAction":[{"@type":"ReadAction","target":["https:\/\/panwinjet.com\/product\/china-factory-high-quality-1500bar-pressure-water-jet-cleaning-machine-4-badger-pipe-cleaning-nozzle\/"]}]},{"@type":"ImageObject","inLanguage":"fr-FR","@id":"https:\/\/panwinjet.com\/product\/china-factory-high-quality-1500bar-pressure-water-jet-cleaning-machine-4-badger-pipe-cleaning-nozzle\/#primaryimage","url":"https:\/\/panwinjet.com\/wp-content\/uploads\/2026\/04\/4\u5bf8\u704c\u732a\u5b9d\u77f37-scaled.jpg","contentUrl":"https:\/\/panwinjet.com\/wp-content\/uploads\/2026\/04\/4\u5bf8\u704c\u732a\u5b9d\u77f37-scaled.jpg","width":2560,"height":1152},{"@type":"BreadcrumbList","@id":"https:\/\/panwinjet.com\/product\/china-factory-high-quality-1500bar-pressure-water-jet-cleaning-machine-4-badger-pipe-cleaning-nozzle\/#breadcrumb","itemListElement":[{"@type":"ListItem","position":1,"name":"\u9996\u9875","item":"https:\/\/panwinjet.com\/"},{"@type":"ListItem","position":2,"name":"PRODUCT","item":"https:\/\/panwinjet.com\/product\/"},{"@type":"ListItem","position":3,"name":"China factory high quality 1500Bar Pressure Water Jet cleaning machine 4&#8243; Badger Pipe Cleaning Nozzle"}]},{"@type":"WebSite","@id":"https:\/\/panwinjet.com\/#website","url":"https:\/\/panwinjet.com\/","name":"Panwin Machinery&amp;Equipment","description":"Shenzhen Panwin Machinery&amp;Equipment Co.Ltd","potentialAction":[{"@type":"SearchAction","target":{"@type":"EntryPoint","urlTemplate":"https:\/\/panwinjet.com\/?s={search_term_string}"},"query-input":{"@type":"PropertyValueSpecification","valueRequired":true,"valueName":"search_term_string"}}],"inLanguage":"fr-FR"}]}},"_links":{"self":[{"href":"https:\/\/panwinjet.com\/fr\/wp-json\/wp\/v2\/product\/2235","targetHints":{"allow":["GET"]}}],"collection":[{"href":"https:\/\/panwinjet.com\/fr\/wp-json\/wp\/v2\/product"}],"about":[{"href":"https:\/\/panwinjet.com\/fr\/wp-json\/wp\/v2\/types\/product"}],"wp:featuredmedia":[{"embeddable":true,"href":"https:\/\/panwinjet.com\/fr\/wp-json\/wp\/v2\/media\/2239"}],"wp:attachment":[{"href":"https:\/\/panwinjet.com\/fr\/wp-json\/wp\/v2\/media?parent=2235"}],"wp:term":[{"taxonomy":"product_brand","embeddable":true,"href":"https:\/\/panwinjet.com\/fr\/wp-json\/wp\/v2\/product_brand?post=2235"},{"taxonomy":"product_cat","embeddable":true,"href":"https:\/\/panwinjet.com\/fr\/wp-json\/wp\/v2\/product_cat?post=2235"},{"taxonomy":"product_tag","embeddable":true,"href":"https:\/\/panwinjet.com\/fr\/wp-json\/wp\/v2\/product_tag?post=2235"}],"curies":[{"name":"wp","href":"https:\/\/api.w.org\/{rel}","templated":true}]}}