{"id":2200,"date":"2026-04-06T08:55:40","date_gmt":"2026-04-06T08:55:40","guid":{"rendered":"https:\/\/panwinjet.com\/?post_type=product&#038;p=2200"},"modified":"2026-04-06T08:55:40","modified_gmt":"2026-04-06T08:55:40","slug":"uhp-1000bar-hydro-jetting-sewer-jetter-rotating-nozzles-hydro-aqua-blasting-machine-nozzles-for-monro-mvt-nozzles-f2-driving-tube-1-40-10375","status":"publish","type":"product","link":"https:\/\/panwinjet.com\/fr\/produit\/uhp-1000bar-hydro-jetting-sewer-jetter-rotating-nozzles-hydro-aqua-blasting-machine-nozzles-for-monro-mvt-nozzles-f2-driving-tube-1-40-10375\/","title":{"rendered":"UHP 1000Bar Hydro-Jetting sewer jetter rotating nozzles hydro aqua blasting machine Nozzles for Monro MVT nozzles F2 driving Tube-1.40-10375"},"content":{"rendered":"<p>The 1000Bar <strong><b>UHP pressured hydro-jet <\/b><\/strong><strong><b>pompe \u00e0 piston triplex<\/b><\/strong><strong><b>\u00a0<\/b><\/strong><strong><b>cleaning equipment<\/b><\/strong><strong><b>\u00a0Surface Treatment&amp;Cleaning Rotary Nozzles for Monro MVT F1 driving Tube has quite advantages and superior Features:<\/b><\/strong><\/p>\n<p>1 : Niveaux de capacit\u00e9 de nettoyage plus \u00e9lev\u00e9s<\/p>\n<p>2 : Qualit\u00e9 de jet constante<\/p>\n<p>3 : Longue dur\u00e9e de vie<\/p>\n<p>4 : L\u00e9ger, durable et fiable<\/p>\n<p>5 : Facile \u00e0 installer et \u00e0 d\u00e9monter<\/p>","protected":false},"excerpt":{"rendered":"<p>Buses rotatives pour le traitement et le nettoyage de surfaces Les buses MONRO combinent la haute puissance du jet ponctuel avec la grande surface de projection du jet plat.<\/p>\n<p>Ces buses sont compatibles avec tous les raccords haute pression homologu\u00e9s et peuvent \u00eatre mont\u00e9es sur des lances. Le mod\u00e8le F2 supporte une pression de service jusqu&#039;\u00e0 1\u00a0000\u00a0bars et propose cinq types de filetage diff\u00e9rents. Gr\u00e2ce \u00e0 leur conception compacte, ces buses de nettoyage haute pression \u00e0 ultra-haute pression (jusqu&#039;\u00e0 1\u00a0000\u00a0bars) sont id\u00e9ales pour le traitement et le nettoyage de surfaces dans le b\u00e2timent et les travaux publics.<\/p>","protected":false},"featured_media":2203,"template":"","meta":[],"product_brand":[],"product_cat":[10,11,5],"product_tag":[186,187,185],"class_list":{"0":"post-2200","1":"product","2":"type-product","3":"status-publish","4":"has-post-thumbnail","6":"product_cat-pipeline-tube-uhp-water-blasting-cleaning-device","7":"product_cat-ship-cleaning-device","8":"product_cat-uhp-rotating-nozzles","9":"product_tag-hydro-aqua-blasting-machine","10":"product_tag-monro-mvt-nozzles-f2-driving-tube-1-40-10375","11":"product_tag-uhp-1000bar-hydro-jetting-sewer-jetter-rotating-nozzles","13":"first","14":"instock","15":"shipping-taxable","16":"product-type-simple"},"yoast_head":"<!-- This site is optimized with the Yoast SEO plugin v24.9 - https:\/\/yoast.com\/wordpress\/plugins\/seo\/ -->\n<title>UHP 1000Bar Hydro-Jetting sewer jetter rotating nozzles hydro aqua blasting machine Nozzles for Monro MVT nozzles F2 driving Tube-1.40-10375 - Panwin Machinery&amp;Equipment<\/title>\n<meta name=\"robots\" content=\"index, follow, max-snippet:-1, max-image-preview:large, max-video-preview:-1\" \/>\n<link rel=\"canonical\" href=\"https:\/\/panwinjet.com\/fr\/produit\/uhp-1000bar-hydro-jetting-sewer-jetter-rotating-nozzles-hydro-aqua-blasting-machine-nozzles-for-monro-mvt-nozzles-f2-driving-tube-1-40-10375\/\" \/>\n<meta property=\"og:locale\" content=\"fr_FR\" \/>\n<meta property=\"og:type\" content=\"article\" \/>\n<meta property=\"og:title\" content=\"UHP 1000Bar Hydro-Jetting sewer jetter rotating nozzles hydro aqua blasting machine Nozzles for Monro MVT nozzles F2 driving Tube-1.40-10375 - Panwin Machinery&amp;Equipment\" \/>\n<meta property=\"og:description\" content=\"Surface Treatment and Cleaning Rotary Nozzles For MONRO nozzles combine the high power of the point jet with the large area output of the flat jet.  They can be used with all approved high-pressure fittings and mounted on lances. The model F2 can be used up to an operating pressure of 1000 bar, and five different connection thread types are available. Due to their compact design, This UHP Hydro-Blasting Pressure Rate up to 1000Bar nozzles can be used both in building construction and in civil engineering for surface treatment and cleaning.\" \/>\n<meta property=\"og:url\" content=\"https:\/\/panwinjet.com\/fr\/produit\/uhp-1000bar-hydro-jetting-sewer-jetter-rotating-nozzles-hydro-aqua-blasting-machine-nozzles-for-monro-mvt-nozzles-f2-driving-tube-1-40-10375\/\" \/>\n<meta property=\"og:site_name\" content=\"Panwin Machinery&amp;Equipment\" \/>\n<meta property=\"og:image\" content=\"https:\/\/panwinjet.com\/wp-content\/uploads\/2026\/04\/1.4-2-scaled.jpg\" \/>\n\t<meta property=\"og:image:width\" content=\"1152\" \/>\n\t<meta property=\"og:image:height\" content=\"2560\" \/>\n\t<meta property=\"og:image:type\" content=\"image\/jpeg\" \/>\n<meta name=\"twitter:card\" content=\"summary_large_image\" \/>\n<meta name=\"twitter:label1\" content=\"Dur\u00e9e de lecture estim\u00e9e\" \/>\n\t<meta name=\"twitter:data1\" content=\"1 minute\" \/>\n<script type=\"application\/ld+json\" class=\"yoast-schema-graph\">{\"@context\":\"https:\/\/schema.org\",\"@graph\":[{\"@type\":\"WebPage\",\"@id\":\"https:\/\/panwinjet.com\/product\/uhp-1000bar-hydro-jetting-sewer-jetter-rotating-nozzles-hydro-aqua-blasting-machine-nozzles-for-monro-mvt-nozzles-f2-driving-tube-1-40-10375\/\",\"url\":\"https:\/\/panwinjet.com\/product\/uhp-1000bar-hydro-jetting-sewer-jetter-rotating-nozzles-hydro-aqua-blasting-machine-nozzles-for-monro-mvt-nozzles-f2-driving-tube-1-40-10375\/\",\"name\":\"UHP 1000Bar Hydro-Jetting sewer jetter rotating nozzles hydro aqua blasting machine Nozzles for Monro MVT nozzles F2 driving Tube-1.40-10375 - Panwin Machinery&amp;Equipment\",\"isPartOf\":{\"@id\":\"https:\/\/panwinjet.com\/#website\"},\"primaryImageOfPage\":{\"@id\":\"https:\/\/panwinjet.com\/product\/uhp-1000bar-hydro-jetting-sewer-jetter-rotating-nozzles-hydro-aqua-blasting-machine-nozzles-for-monro-mvt-nozzles-f2-driving-tube-1-40-10375\/#primaryimage\"},\"image\":{\"@id\":\"https:\/\/panwinjet.com\/product\/uhp-1000bar-hydro-jetting-sewer-jetter-rotating-nozzles-hydro-aqua-blasting-machine-nozzles-for-monro-mvt-nozzles-f2-driving-tube-1-40-10375\/#primaryimage\"},\"thumbnailUrl\":\"https:\/\/panwinjet.com\/wp-content\/uploads\/2026\/04\/1.4-2-scaled.jpg\",\"datePublished\":\"2026-04-06T08:55:40+00:00\",\"breadcrumb\":{\"@id\":\"https:\/\/panwinjet.com\/product\/uhp-1000bar-hydro-jetting-sewer-jetter-rotating-nozzles-hydro-aqua-blasting-machine-nozzles-for-monro-mvt-nozzles-f2-driving-tube-1-40-10375\/#breadcrumb\"},\"inLanguage\":\"fr-FR\",\"potentialAction\":[{\"@type\":\"ReadAction\",\"target\":[\"https:\/\/panwinjet.com\/product\/uhp-1000bar-hydro-jetting-sewer-jetter-rotating-nozzles-hydro-aqua-blasting-machine-nozzles-for-monro-mvt-nozzles-f2-driving-tube-1-40-10375\/\"]}]},{\"@type\":\"ImageObject\",\"inLanguage\":\"fr-FR\",\"@id\":\"https:\/\/panwinjet.com\/product\/uhp-1000bar-hydro-jetting-sewer-jetter-rotating-nozzles-hydro-aqua-blasting-machine-nozzles-for-monro-mvt-nozzles-f2-driving-tube-1-40-10375\/#primaryimage\",\"url\":\"https:\/\/panwinjet.com\/wp-content\/uploads\/2026\/04\/1.4-2-scaled.jpg\",\"contentUrl\":\"https:\/\/panwinjet.com\/wp-content\/uploads\/2026\/04\/1.4-2-scaled.jpg\",\"width\":1152,\"height\":2560},{\"@type\":\"BreadcrumbList\",\"@id\":\"https:\/\/panwinjet.com\/product\/uhp-1000bar-hydro-jetting-sewer-jetter-rotating-nozzles-hydro-aqua-blasting-machine-nozzles-for-monro-mvt-nozzles-f2-driving-tube-1-40-10375\/#breadcrumb\",\"itemListElement\":[{\"@type\":\"ListItem\",\"position\":1,\"name\":\"\u9996\u9875\",\"item\":\"https:\/\/panwinjet.com\/\"},{\"@type\":\"ListItem\",\"position\":2,\"name\":\"PRODUCT\",\"item\":\"https:\/\/panwinjet.com\/product\/\"},{\"@type\":\"ListItem\",\"position\":3,\"name\":\"UHP 1000Bar Hydro-Jetting sewer jetter rotating nozzles hydro aqua blasting machine Nozzles for Monro MVT nozzles F2 driving Tube-1.40-10375\"}]},{\"@type\":\"WebSite\",\"@id\":\"https:\/\/panwinjet.com\/#website\",\"url\":\"https:\/\/panwinjet.com\/\",\"name\":\"Panwin Machinery&amp;Equipment\",\"description\":\"Shenzhen Panwin Machinery&amp;Equipment Co.Ltd\",\"potentialAction\":[{\"@type\":\"SearchAction\",\"target\":{\"@type\":\"EntryPoint\",\"urlTemplate\":\"https:\/\/panwinjet.com\/?s={search_term_string}\"},\"query-input\":{\"@type\":\"PropertyValueSpecification\",\"valueRequired\":true,\"valueName\":\"search_term_string\"}}],\"inLanguage\":\"fr-FR\"}]}<\/script>\n<!-- \/ Yoast SEO plugin. -->","yoast_head_json":{"title":"UHP 1000Bar Hydro-Jetting sewer jetter rotating nozzles hydro aqua blasting machine Nozzles for Monro MVT nozzles F2 driving Tube-1.40-10375 - Panwin Machinery&amp;Equipment","robots":{"index":"index","follow":"follow","max-snippet":"max-snippet:-1","max-image-preview":"max-image-preview:large","max-video-preview":"max-video-preview:-1"},"canonical":"https:\/\/panwinjet.com\/fr\/produit\/uhp-1000bar-hydro-jetting-sewer-jetter-rotating-nozzles-hydro-aqua-blasting-machine-nozzles-for-monro-mvt-nozzles-f2-driving-tube-1-40-10375\/","og_locale":"fr_FR","og_type":"article","og_title":"UHP 1000Bar Hydro-Jetting sewer jetter rotating nozzles hydro aqua blasting machine Nozzles for Monro MVT nozzles F2 driving Tube-1.40-10375 - Panwin Machinery&amp;Equipment","og_description":"Surface Treatment and Cleaning Rotary Nozzles For MONRO nozzles combine the high power of the point jet with the large area output of the flat jet.  They can be used with all approved high-pressure fittings and mounted on lances. The model F2 can be used up to an operating pressure of 1000 bar, and five different connection thread types are available. Due to their compact design, This UHP Hydro-Blasting Pressure Rate up to 1000Bar nozzles can be used both in building construction and in civil engineering for surface treatment and cleaning.","og_url":"https:\/\/panwinjet.com\/fr\/produit\/uhp-1000bar-hydro-jetting-sewer-jetter-rotating-nozzles-hydro-aqua-blasting-machine-nozzles-for-monro-mvt-nozzles-f2-driving-tube-1-40-10375\/","og_site_name":"Panwin Machinery&amp;Equipment","og_image":[{"width":1152,"height":2560,"url":"https:\/\/panwinjet.com\/wp-content\/uploads\/2026\/04\/1.4-2-scaled.jpg","type":"image\/jpeg"}],"twitter_card":"summary_large_image","twitter_misc":{"Dur\u00e9e de lecture estim\u00e9e":"1 minute"},"schema":{"@context":"https:\/\/schema.org","@graph":[{"@type":"WebPage","@id":"https:\/\/panwinjet.com\/product\/uhp-1000bar-hydro-jetting-sewer-jetter-rotating-nozzles-hydro-aqua-blasting-machine-nozzles-for-monro-mvt-nozzles-f2-driving-tube-1-40-10375\/","url":"https:\/\/panwinjet.com\/product\/uhp-1000bar-hydro-jetting-sewer-jetter-rotating-nozzles-hydro-aqua-blasting-machine-nozzles-for-monro-mvt-nozzles-f2-driving-tube-1-40-10375\/","name":"UHP 1000Bar Hydro-Jetting sewer jetter rotating nozzles hydro aqua blasting machine Nozzles for Monro MVT nozzles F2 driving Tube-1.40-10375 - Panwin Machinery&amp;Equipment","isPartOf":{"@id":"https:\/\/panwinjet.com\/#website"},"primaryImageOfPage":{"@id":"https:\/\/panwinjet.com\/product\/uhp-1000bar-hydro-jetting-sewer-jetter-rotating-nozzles-hydro-aqua-blasting-machine-nozzles-for-monro-mvt-nozzles-f2-driving-tube-1-40-10375\/#primaryimage"},"image":{"@id":"https:\/\/panwinjet.com\/product\/uhp-1000bar-hydro-jetting-sewer-jetter-rotating-nozzles-hydro-aqua-blasting-machine-nozzles-for-monro-mvt-nozzles-f2-driving-tube-1-40-10375\/#primaryimage"},"thumbnailUrl":"https:\/\/panwinjet.com\/wp-content\/uploads\/2026\/04\/1.4-2-scaled.jpg","datePublished":"2026-04-06T08:55:40+00:00","breadcrumb":{"@id":"https:\/\/panwinjet.com\/product\/uhp-1000bar-hydro-jetting-sewer-jetter-rotating-nozzles-hydro-aqua-blasting-machine-nozzles-for-monro-mvt-nozzles-f2-driving-tube-1-40-10375\/#breadcrumb"},"inLanguage":"fr-FR","potentialAction":[{"@type":"ReadAction","target":["https:\/\/panwinjet.com\/product\/uhp-1000bar-hydro-jetting-sewer-jetter-rotating-nozzles-hydro-aqua-blasting-machine-nozzles-for-monro-mvt-nozzles-f2-driving-tube-1-40-10375\/"]}]},{"@type":"ImageObject","inLanguage":"fr-FR","@id":"https:\/\/panwinjet.com\/product\/uhp-1000bar-hydro-jetting-sewer-jetter-rotating-nozzles-hydro-aqua-blasting-machine-nozzles-for-monro-mvt-nozzles-f2-driving-tube-1-40-10375\/#primaryimage","url":"https:\/\/panwinjet.com\/wp-content\/uploads\/2026\/04\/1.4-2-scaled.jpg","contentUrl":"https:\/\/panwinjet.com\/wp-content\/uploads\/2026\/04\/1.4-2-scaled.jpg","width":1152,"height":2560},{"@type":"BreadcrumbList","@id":"https:\/\/panwinjet.com\/product\/uhp-1000bar-hydro-jetting-sewer-jetter-rotating-nozzles-hydro-aqua-blasting-machine-nozzles-for-monro-mvt-nozzles-f2-driving-tube-1-40-10375\/#breadcrumb","itemListElement":[{"@type":"ListItem","position":1,"name":"\u9996\u9875","item":"https:\/\/panwinjet.com\/"},{"@type":"ListItem","position":2,"name":"PRODUCT","item":"https:\/\/panwinjet.com\/product\/"},{"@type":"ListItem","position":3,"name":"UHP 1000Bar Hydro-Jetting sewer jetter rotating nozzles hydro aqua blasting machine Nozzles for Monro MVT nozzles F2 driving Tube-1.40-10375"}]},{"@type":"WebSite","@id":"https:\/\/panwinjet.com\/#website","url":"https:\/\/panwinjet.com\/","name":"Panwin Machinery&amp;Equipment","description":"Shenzhen Panwin Machinery&amp;Equipment Co.Ltd","potentialAction":[{"@type":"SearchAction","target":{"@type":"EntryPoint","urlTemplate":"https:\/\/panwinjet.com\/?s={search_term_string}"},"query-input":{"@type":"PropertyValueSpecification","valueRequired":true,"valueName":"search_term_string"}}],"inLanguage":"fr-FR"}]}},"_links":{"self":[{"href":"https:\/\/panwinjet.com\/fr\/wp-json\/wp\/v2\/product\/2200","targetHints":{"allow":["GET"]}}],"collection":[{"href":"https:\/\/panwinjet.com\/fr\/wp-json\/wp\/v2\/product"}],"about":[{"href":"https:\/\/panwinjet.com\/fr\/wp-json\/wp\/v2\/types\/product"}],"wp:featuredmedia":[{"embeddable":true,"href":"https:\/\/panwinjet.com\/fr\/wp-json\/wp\/v2\/media\/2203"}],"wp:attachment":[{"href":"https:\/\/panwinjet.com\/fr\/wp-json\/wp\/v2\/media?parent=2200"}],"wp:term":[{"taxonomy":"product_brand","embeddable":true,"href":"https:\/\/panwinjet.com\/fr\/wp-json\/wp\/v2\/product_brand?post=2200"},{"taxonomy":"product_cat","embeddable":true,"href":"https:\/\/panwinjet.com\/fr\/wp-json\/wp\/v2\/product_cat?post=2200"},{"taxonomy":"product_tag","embeddable":true,"href":"https:\/\/panwinjet.com\/fr\/wp-json\/wp\/v2\/product_tag?post=2200"}],"curies":[{"name":"wp","href":"https:\/\/api.w.org\/{rel}","templated":true}]}}