{"id":2194,"date":"2026-04-06T08:47:37","date_gmt":"2026-04-06T08:47:37","guid":{"rendered":"https:\/\/panwinjet.com\/?post_type=product&#038;p=2194"},"modified":"2026-04-06T08:47:37","modified_gmt":"2026-04-06T08:47:37","slug":"uhp-1000bar-triplex-plunger-pump-cleaning-rotary-nozzles-for-monro-mvt-nozzles-f1-driving-tube-1-2-10374","status":"publish","type":"product","link":"https:\/\/panwinjet.com\/fr\/produit\/uhp-1000bar-triplex-plunger-pump-cleaning-rotary-nozzles-for-monro-mvt-nozzles-f1-driving-tube-1-2-10374\/","title":{"rendered":"UHP 1000Bar triplex plunger pump Cleaning Rotary Nozzles for Monro MVT nozzles F1 driving Tube-1.2-10374"},"content":{"rendered":"<p><strong><b>Monro MVT F1 driving Tube has quite advantages and superior Features:<\/b><\/strong><\/p>\n<p>1 : Niveaux de capacit\u00e9 de nettoyage plus \u00e9lev\u00e9s<\/p>\n<p>2 : Qualit\u00e9 de jet constante<\/p>\n<p>3 : Longue dur\u00e9e de vie<\/p>\n<p>4 : L\u00e9ger, durable et fiable<\/p>\n<p>5 : Facile \u00e0 installer et \u00e0 d\u00e9monter<\/p>","protected":false},"excerpt":{"rendered":"<p><strong><b>\u00a0Monro MVT F1 Nozzles widely applied in the Industrial cleaning and paint removal etc ares as follow:<\/b><\/strong><\/p>\n<p>Industrie du fer, de l&#039;acier et des m\u00e9taux : sablage hydrodynamique<\/p>\n<p>Ing\u00e9nierie m\u00e9canique et des appareils pour nettoyeurs haute pression<\/p>\n<p>Industrie du ciment et du b\u00e9ton<\/p>\n<p>Nettoyage de surface haute pression Barracuda<\/p>\n<p>pi\u00e8ces d&#039;\u00e9quipement de nettoyage \u00e0 jet d&#039;eau ultra-haute pression<\/p>\n<p>Barres de pulv\u00e9risation pour le nettoyage industriel<\/p>\n<p>Machine de nettoyage \u00e0 haute pression pour l&#039;industrie du raffinage du p\u00e9trole<\/p>\n<p>Nettoyage de surfaces par hydrojet, nettoyage de r\u00e9servoirs et de cuves,<\/p>\n<p>Nettoyage de l&#039;\u00e9changeur de chaleur,<\/p>\n<p>Nettoyage de v\u00e9hicules (peinture), nettoyage pour l&#039;industrie mini\u00e8re, nettoyage pour la fabrication d&#039;acier, etc.<\/p>\n<p>\u00c9quipement de nettoyage des \u00e9gouts \u00e0 haute pression pour les r\u00e9seaux de canalisations municipales d&#039;adduction d&#039;eau et de drainage\u00a0;<\/p>\n<p><strong><b>\u00c9galement sur <\/b><\/strong><\/p>\n<p><strong><b>Nettoyage et \u00e9bavurage des pi\u00e8ces moul\u00e9es<\/b><\/strong><\/p>\n<p><strong><b>\u00c9limination des rev\u00eatements de surface<\/b><\/strong><\/p>\n<p><strong><b>D\u00e9ploiement en mer<\/b><\/strong><\/p>\n<p><strong><b>Construction navale<\/b><\/strong><\/p>\n<p><strong><b>D\u00e9molition du b\u00e9ton<\/b><\/strong><\/p>\n<p><strong><b>Enl\u00e8vement des couches de bitume<\/b><\/strong><\/p>\n<p><strong><b>D\u00e9capage de peinture<\/b><\/strong><\/p>","protected":false},"featured_media":2197,"template":"","meta":[],"product_brand":[],"product_cat":[10,11,5],"product_tag":[184,183,182],"class_list":{"0":"post-2194","1":"product","2":"type-product","3":"status-publish","4":"has-post-thumbnail","6":"product_cat-pipeline-tube-uhp-water-blasting-cleaning-device","7":"product_cat-ship-cleaning-device","8":"product_cat-uhp-rotating-nozzles","9":"product_tag-nozzles-f1-driving-tube-1-2-10374","10":"product_tag-rotary-nozzles-for-monro-mvt","11":"product_tag-uhp-1000bar-triplex-plunger-pump","13":"first","14":"instock","15":"shipping-taxable","16":"product-type-simple"},"yoast_head":"<!-- This site is optimized with the Yoast SEO plugin v24.9 - https:\/\/yoast.com\/wordpress\/plugins\/seo\/ -->\n<title>UHP 1000Bar triplex plunger pump Cleaning Rotary Nozzles for Monro MVT nozzles F1 driving Tube-1.2-10374 - Panwin Machinery&amp;Equipment<\/title>\n<meta name=\"robots\" content=\"index, follow, max-snippet:-1, max-image-preview:large, max-video-preview:-1\" \/>\n<link rel=\"canonical\" href=\"https:\/\/panwinjet.com\/fr\/produit\/uhp-1000bar-triplex-plunger-pump-cleaning-rotary-nozzles-for-monro-mvt-nozzles-f1-driving-tube-1-2-10374\/\" \/>\n<meta property=\"og:locale\" content=\"fr_FR\" \/>\n<meta property=\"og:type\" content=\"article\" \/>\n<meta property=\"og:title\" content=\"UHP 1000Bar triplex plunger pump Cleaning Rotary Nozzles for Monro MVT nozzles F1 driving Tube-1.2-10374 - Panwin Machinery&amp;Equipment\" \/>\n<meta property=\"og:description\" content=\"\u00a0Monro MVT F1 Nozzles widely applied in the Industrial cleaning and paint removal etc ares as follow:  Hydro Jet blaster Iron, Steel And Metal Industry  high pressure waterblaster\u00a0Mechanical\u00a0and Apparatus Engineering  Cements and Concrete Industry  high pressure barracuda\u00a0Surface cleaning  UHP hydro Jet cleaning equipment parts  Industrial Cleaning Spray Bars  hydro blasting machine\u00a0for petroleum refining industry  Hydro Jet Surface Cleaning,Tank&amp;Vessel Cleaning,  Heat Exchange Cleaning,  Automotive Painting cleaning Mining industry cleaning Steel manufacture cleaning etc.  High pressure sewer cleaning equipment\u00a0for municipal pipe networks\u00a0water supply and drainage pipelines;  Also at   Cleaning and removing flash from castings  Removal of surface coatings  Offshore deployment  Shipbuilding  Concrete demolition  Removal of bitumen layers  Paint removal\" \/>\n<meta property=\"og:url\" content=\"https:\/\/panwinjet.com\/fr\/produit\/uhp-1000bar-triplex-plunger-pump-cleaning-rotary-nozzles-for-monro-mvt-nozzles-f1-driving-tube-1-2-10374\/\" \/>\n<meta property=\"og:site_name\" content=\"Panwin Machinery&amp;Equipment\" \/>\n<meta property=\"og:image\" content=\"https:\/\/panwinjet.com\/wp-content\/uploads\/2026\/04\/1.2-3-scaled.jpg\" \/>\n\t<meta property=\"og:image:width\" content=\"2560\" \/>\n\t<meta property=\"og:image:height\" content=\"1152\" \/>\n\t<meta property=\"og:image:type\" content=\"image\/jpeg\" \/>\n<meta name=\"twitter:card\" content=\"summary_large_image\" \/>\n<meta name=\"twitter:label1\" content=\"Dur\u00e9e de lecture estim\u00e9e\" \/>\n\t<meta name=\"twitter:data1\" content=\"1 minute\" \/>\n<script type=\"application\/ld+json\" class=\"yoast-schema-graph\">{\"@context\":\"https:\/\/schema.org\",\"@graph\":[{\"@type\":\"WebPage\",\"@id\":\"https:\/\/panwinjet.com\/product\/uhp-1000bar-triplex-plunger-pump-cleaning-rotary-nozzles-for-monro-mvt-nozzles-f1-driving-tube-1-2-10374\/\",\"url\":\"https:\/\/panwinjet.com\/product\/uhp-1000bar-triplex-plunger-pump-cleaning-rotary-nozzles-for-monro-mvt-nozzles-f1-driving-tube-1-2-10374\/\",\"name\":\"UHP 1000Bar triplex plunger pump Cleaning Rotary Nozzles for Monro MVT nozzles F1 driving Tube-1.2-10374 - Panwin Machinery&amp;Equipment\",\"isPartOf\":{\"@id\":\"https:\/\/panwinjet.com\/#website\"},\"primaryImageOfPage\":{\"@id\":\"https:\/\/panwinjet.com\/product\/uhp-1000bar-triplex-plunger-pump-cleaning-rotary-nozzles-for-monro-mvt-nozzles-f1-driving-tube-1-2-10374\/#primaryimage\"},\"image\":{\"@id\":\"https:\/\/panwinjet.com\/product\/uhp-1000bar-triplex-plunger-pump-cleaning-rotary-nozzles-for-monro-mvt-nozzles-f1-driving-tube-1-2-10374\/#primaryimage\"},\"thumbnailUrl\":\"https:\/\/panwinjet.com\/wp-content\/uploads\/2026\/04\/1.2-3-scaled.jpg\",\"datePublished\":\"2026-04-06T08:47:37+00:00\",\"breadcrumb\":{\"@id\":\"https:\/\/panwinjet.com\/product\/uhp-1000bar-triplex-plunger-pump-cleaning-rotary-nozzles-for-monro-mvt-nozzles-f1-driving-tube-1-2-10374\/#breadcrumb\"},\"inLanguage\":\"fr-FR\",\"potentialAction\":[{\"@type\":\"ReadAction\",\"target\":[\"https:\/\/panwinjet.com\/product\/uhp-1000bar-triplex-plunger-pump-cleaning-rotary-nozzles-for-monro-mvt-nozzles-f1-driving-tube-1-2-10374\/\"]}]},{\"@type\":\"ImageObject\",\"inLanguage\":\"fr-FR\",\"@id\":\"https:\/\/panwinjet.com\/product\/uhp-1000bar-triplex-plunger-pump-cleaning-rotary-nozzles-for-monro-mvt-nozzles-f1-driving-tube-1-2-10374\/#primaryimage\",\"url\":\"https:\/\/panwinjet.com\/wp-content\/uploads\/2026\/04\/1.2-3-scaled.jpg\",\"contentUrl\":\"https:\/\/panwinjet.com\/wp-content\/uploads\/2026\/04\/1.2-3-scaled.jpg\",\"width\":2560,\"height\":1152},{\"@type\":\"BreadcrumbList\",\"@id\":\"https:\/\/panwinjet.com\/product\/uhp-1000bar-triplex-plunger-pump-cleaning-rotary-nozzles-for-monro-mvt-nozzles-f1-driving-tube-1-2-10374\/#breadcrumb\",\"itemListElement\":[{\"@type\":\"ListItem\",\"position\":1,\"name\":\"\u9996\u9875\",\"item\":\"https:\/\/panwinjet.com\/\"},{\"@type\":\"ListItem\",\"position\":2,\"name\":\"PRODUCT\",\"item\":\"https:\/\/panwinjet.com\/product\/\"},{\"@type\":\"ListItem\",\"position\":3,\"name\":\"UHP 1000Bar triplex plunger pump Cleaning Rotary Nozzles for Monro MVT nozzles F1 driving Tube-1.2-10374\"}]},{\"@type\":\"WebSite\",\"@id\":\"https:\/\/panwinjet.com\/#website\",\"url\":\"https:\/\/panwinjet.com\/\",\"name\":\"Panwin Machinery&amp;Equipment\",\"description\":\"Shenzhen Panwin Machinery&amp;Equipment Co.Ltd\",\"potentialAction\":[{\"@type\":\"SearchAction\",\"target\":{\"@type\":\"EntryPoint\",\"urlTemplate\":\"https:\/\/panwinjet.com\/?s={search_term_string}\"},\"query-input\":{\"@type\":\"PropertyValueSpecification\",\"valueRequired\":true,\"valueName\":\"search_term_string\"}}],\"inLanguage\":\"fr-FR\"}]}<\/script>\n<!-- \/ Yoast SEO plugin. -->","yoast_head_json":{"title":"UHP 1000Bar triplex plunger pump Cleaning Rotary Nozzles for Monro MVT nozzles F1 driving Tube-1.2-10374 - Panwin Machinery&amp;Equipment","robots":{"index":"index","follow":"follow","max-snippet":"max-snippet:-1","max-image-preview":"max-image-preview:large","max-video-preview":"max-video-preview:-1"},"canonical":"https:\/\/panwinjet.com\/fr\/produit\/uhp-1000bar-triplex-plunger-pump-cleaning-rotary-nozzles-for-monro-mvt-nozzles-f1-driving-tube-1-2-10374\/","og_locale":"fr_FR","og_type":"article","og_title":"UHP 1000Bar triplex plunger pump Cleaning Rotary Nozzles for Monro MVT nozzles F1 driving Tube-1.2-10374 - Panwin Machinery&amp;Equipment","og_description":"\u00a0Monro MVT F1 Nozzles widely applied in the Industrial cleaning and paint removal etc ares as follow:  Hydro Jet blaster Iron, Steel And Metal Industry  high pressure waterblaster\u00a0Mechanical\u00a0and Apparatus Engineering  Cements and Concrete Industry  high pressure barracuda\u00a0Surface cleaning  UHP hydro Jet cleaning equipment parts  Industrial Cleaning Spray Bars  hydro blasting machine\u00a0for petroleum refining industry  Hydro Jet Surface Cleaning,Tank&amp;Vessel Cleaning,  Heat Exchange Cleaning,  Automotive Painting cleaning Mining industry cleaning Steel manufacture cleaning etc.  High pressure sewer cleaning equipment\u00a0for municipal pipe networks\u00a0water supply and drainage pipelines;  Also at   Cleaning and removing flash from castings  Removal of surface coatings  Offshore deployment  Shipbuilding  Concrete demolition  Removal of bitumen layers  Paint removal","og_url":"https:\/\/panwinjet.com\/fr\/produit\/uhp-1000bar-triplex-plunger-pump-cleaning-rotary-nozzles-for-monro-mvt-nozzles-f1-driving-tube-1-2-10374\/","og_site_name":"Panwin Machinery&amp;Equipment","og_image":[{"width":2560,"height":1152,"url":"https:\/\/panwinjet.com\/wp-content\/uploads\/2026\/04\/1.2-3-scaled.jpg","type":"image\/jpeg"}],"twitter_card":"summary_large_image","twitter_misc":{"Dur\u00e9e de lecture estim\u00e9e":"1 minute"},"schema":{"@context":"https:\/\/schema.org","@graph":[{"@type":"WebPage","@id":"https:\/\/panwinjet.com\/product\/uhp-1000bar-triplex-plunger-pump-cleaning-rotary-nozzles-for-monro-mvt-nozzles-f1-driving-tube-1-2-10374\/","url":"https:\/\/panwinjet.com\/product\/uhp-1000bar-triplex-plunger-pump-cleaning-rotary-nozzles-for-monro-mvt-nozzles-f1-driving-tube-1-2-10374\/","name":"UHP 1000Bar triplex plunger pump Cleaning Rotary Nozzles for Monro MVT nozzles F1 driving Tube-1.2-10374 - Panwin Machinery&amp;Equipment","isPartOf":{"@id":"https:\/\/panwinjet.com\/#website"},"primaryImageOfPage":{"@id":"https:\/\/panwinjet.com\/product\/uhp-1000bar-triplex-plunger-pump-cleaning-rotary-nozzles-for-monro-mvt-nozzles-f1-driving-tube-1-2-10374\/#primaryimage"},"image":{"@id":"https:\/\/panwinjet.com\/product\/uhp-1000bar-triplex-plunger-pump-cleaning-rotary-nozzles-for-monro-mvt-nozzles-f1-driving-tube-1-2-10374\/#primaryimage"},"thumbnailUrl":"https:\/\/panwinjet.com\/wp-content\/uploads\/2026\/04\/1.2-3-scaled.jpg","datePublished":"2026-04-06T08:47:37+00:00","breadcrumb":{"@id":"https:\/\/panwinjet.com\/product\/uhp-1000bar-triplex-plunger-pump-cleaning-rotary-nozzles-for-monro-mvt-nozzles-f1-driving-tube-1-2-10374\/#breadcrumb"},"inLanguage":"fr-FR","potentialAction":[{"@type":"ReadAction","target":["https:\/\/panwinjet.com\/product\/uhp-1000bar-triplex-plunger-pump-cleaning-rotary-nozzles-for-monro-mvt-nozzles-f1-driving-tube-1-2-10374\/"]}]},{"@type":"ImageObject","inLanguage":"fr-FR","@id":"https:\/\/panwinjet.com\/product\/uhp-1000bar-triplex-plunger-pump-cleaning-rotary-nozzles-for-monro-mvt-nozzles-f1-driving-tube-1-2-10374\/#primaryimage","url":"https:\/\/panwinjet.com\/wp-content\/uploads\/2026\/04\/1.2-3-scaled.jpg","contentUrl":"https:\/\/panwinjet.com\/wp-content\/uploads\/2026\/04\/1.2-3-scaled.jpg","width":2560,"height":1152},{"@type":"BreadcrumbList","@id":"https:\/\/panwinjet.com\/product\/uhp-1000bar-triplex-plunger-pump-cleaning-rotary-nozzles-for-monro-mvt-nozzles-f1-driving-tube-1-2-10374\/#breadcrumb","itemListElement":[{"@type":"ListItem","position":1,"name":"\u9996\u9875","item":"https:\/\/panwinjet.com\/"},{"@type":"ListItem","position":2,"name":"PRODUCT","item":"https:\/\/panwinjet.com\/product\/"},{"@type":"ListItem","position":3,"name":"UHP 1000Bar triplex plunger pump Cleaning Rotary Nozzles for Monro MVT nozzles F1 driving Tube-1.2-10374"}]},{"@type":"WebSite","@id":"https:\/\/panwinjet.com\/#website","url":"https:\/\/panwinjet.com\/","name":"Panwin Machinery&amp;Equipment","description":"Shenzhen Panwin Machinery&amp;Equipment Co.Ltd","potentialAction":[{"@type":"SearchAction","target":{"@type":"EntryPoint","urlTemplate":"https:\/\/panwinjet.com\/?s={search_term_string}"},"query-input":{"@type":"PropertyValueSpecification","valueRequired":true,"valueName":"search_term_string"}}],"inLanguage":"fr-FR"}]}},"_links":{"self":[{"href":"https:\/\/panwinjet.com\/fr\/wp-json\/wp\/v2\/product\/2194","targetHints":{"allow":["GET"]}}],"collection":[{"href":"https:\/\/panwinjet.com\/fr\/wp-json\/wp\/v2\/product"}],"about":[{"href":"https:\/\/panwinjet.com\/fr\/wp-json\/wp\/v2\/types\/product"}],"wp:featuredmedia":[{"embeddable":true,"href":"https:\/\/panwinjet.com\/fr\/wp-json\/wp\/v2\/media\/2197"}],"wp:attachment":[{"href":"https:\/\/panwinjet.com\/fr\/wp-json\/wp\/v2\/media?parent=2194"}],"wp:term":[{"taxonomy":"product_brand","embeddable":true,"href":"https:\/\/panwinjet.com\/fr\/wp-json\/wp\/v2\/product_brand?post=2194"},{"taxonomy":"product_cat","embeddable":true,"href":"https:\/\/panwinjet.com\/fr\/wp-json\/wp\/v2\/product_cat?post=2194"},{"taxonomy":"product_tag","embeddable":true,"href":"https:\/\/panwinjet.com\/fr\/wp-json\/wp\/v2\/product_tag?post=2194"}],"curies":[{"name":"wp","href":"https:\/\/api.w.org\/{rel}","templated":true}]}}