{"id":2185,"date":"2026-04-06T08:40:31","date_gmt":"2026-04-06T08:40:31","guid":{"rendered":"https:\/\/panwinjet.com\/?post_type=product&#038;p=2185"},"modified":"2026-04-06T08:40:32","modified_gmt":"2026-04-06T08:40:32","slug":"uhp-1000bar-40000-psi-water-blaster-cleaning-rotary-nozzles-for-monro-mvt-nozzles-f1-driving-tube-2x-o-1-00mm-10373","status":"publish","type":"product","link":"https:\/\/panwinjet.com\/fr\/produit\/uhp-1000bar-40000-psi-water-blaster-cleaning-rotary-nozzles-for-monro-mvt-nozzles-f1-driving-tube-2x-o-1-00mm-10373\/","title":{"rendered":"UHP 1000Bar 40000 psi water blaster Cleaning Rotary Nozzles for Monro MVT nozzles F1 driving Tube 2x \u00f8 1.00mm-10373"},"content":{"rendered":"<p><strong><b>UHP 1000Bar 40000 psi water blaster Cleaning Rotary Nozzles for Monro MVT nozzles F1 driving Tube<\/b><\/strong><strong><b>\u00a02x \u00f8 1.00mm-10373<\/b><\/strong> can be used with all approved high-pressure fittings and mounted on lances. The model F2 can be used up to an operating pressure of 1000 bar, and five different connection thread types are available. Due to their compact design, This UHP Hydro-Blasting Pressure Rate up to 1000Bar nozzles can be used both in building construction and in civil engineering for surface treatment and cleaning.<\/p>","protected":false},"excerpt":{"rendered":"<p><strong><b>UHP 1000Bar 40000 psi water blaster Cleaning Rotary Nozzles for Monro MVT nozzles F1 driving Tube<\/b><\/strong><strong><b>\u00a02x \u00f8 1.00mm-10373<\/b><\/strong><\/p>\n<p>Buses rotatives pour le traitement et le nettoyage de surfaces Les buses MONRO combinent la haute puissance du jet ponctuel avec la grande surface de projection du jet plat.<\/p>\n<p><strong><b>Monro MVT F1 driving Tube has quite advantages and superior Features:<\/b><\/strong><\/p>\n<p>1 : Niveaux de capacit\u00e9 de nettoyage plus \u00e9lev\u00e9s<\/p>\n<p>2 : Qualit\u00e9 de jet constante<\/p>\n<p>3 : Longue dur\u00e9e de vie<\/p>\n<p>4 : L\u00e9ger, durable et fiable<\/p>\n<p>5 : Facile \u00e0 installer et \u00e0 d\u00e9monter<\/p>","protected":false},"featured_media":2193,"template":"","meta":[],"product_brand":[],"product_cat":[10,11,5],"product_tag":[181,180],"class_list":{"0":"post-2185","1":"product","2":"type-product","3":"status-publish","4":"has-post-thumbnail","6":"product_cat-pipeline-tube-uhp-water-blasting-cleaning-device","7":"product_cat-ship-cleaning-device","8":"product_cat-uhp-rotating-nozzles","9":"product_tag-monro-mvt-nozzles-f1-driving-tube-2x-o-1-00mm-10373","10":"product_tag-uhp-1000bar-40000-psi-water-blaster","12":"first","13":"instock","14":"shipping-taxable","15":"product-type-simple"},"yoast_head":"<!-- This site is optimized with the Yoast SEO plugin v24.9 - https:\/\/yoast.com\/wordpress\/plugins\/seo\/ -->\n<title>UHP 1000Bar 40000 psi water blaster Cleaning Rotary Nozzles for Monro MVT nozzles F1 driving Tube 2x \u00f8 1.00mm-10373 - Panwin Machinery&amp;Equipment<\/title>\n<meta name=\"robots\" content=\"index, follow, max-snippet:-1, max-image-preview:large, max-video-preview:-1\" \/>\n<link rel=\"canonical\" href=\"https:\/\/panwinjet.com\/fr\/produit\/uhp-1000bar-40000-psi-water-blaster-cleaning-rotary-nozzles-for-monro-mvt-nozzles-f1-driving-tube-2x-o-1-00mm-10373\/\" \/>\n<meta property=\"og:locale\" content=\"fr_FR\" \/>\n<meta property=\"og:type\" content=\"article\" \/>\n<meta property=\"og:title\" content=\"UHP 1000Bar 40000 psi water blaster Cleaning Rotary Nozzles for Monro MVT nozzles F1 driving Tube 2x \u00f8 1.00mm-10373 - Panwin Machinery&amp;Equipment\" \/>\n<meta property=\"og:description\" content=\"UHP 1000Bar 40000 psi water blaster Cleaning Rotary Nozzles for Monro MVT nozzles F1 driving Tube\u00a02x \u00f8 1.00mm-10373  Surface Treatment and Cleaning Rotary Nozzles For MONRO nozzles combine the high power of the point jet with the large area output of the flat jet.  Monro MVT F1 driving Tube has quite advantages and superior Features:  1: Higher cleaning capacity levels  2: Constant jet quality  3: Long lifetime  4:Light, durable and reliable  5:Easy to install and disassemble\" \/>\n<meta property=\"og:url\" content=\"https:\/\/panwinjet.com\/fr\/produit\/uhp-1000bar-40000-psi-water-blaster-cleaning-rotary-nozzles-for-monro-mvt-nozzles-f1-driving-tube-2x-o-1-00mm-10373\/\" \/>\n<meta property=\"og:site_name\" content=\"Panwin Machinery&amp;Equipment\" \/>\n<meta property=\"article:modified_time\" content=\"2026-04-06T08:40:32+00:00\" \/>\n<meta property=\"og:image\" content=\"https:\/\/panwinjet.com\/wp-content\/uploads\/2026\/04\/1.0-9-scaled.jpg\" \/>\n\t<meta property=\"og:image:width\" content=\"1152\" \/>\n\t<meta property=\"og:image:height\" content=\"2560\" \/>\n\t<meta property=\"og:image:type\" content=\"image\/jpeg\" \/>\n<meta name=\"twitter:card\" content=\"summary_large_image\" \/>\n<meta name=\"twitter:label1\" content=\"Dur\u00e9e de lecture estim\u00e9e\" \/>\n\t<meta name=\"twitter:data1\" content=\"1 minute\" \/>\n<script type=\"application\/ld+json\" class=\"yoast-schema-graph\">{\"@context\":\"https:\/\/schema.org\",\"@graph\":[{\"@type\":\"WebPage\",\"@id\":\"https:\/\/panwinjet.com\/product\/uhp-1000bar-40000-psi-water-blaster-cleaning-rotary-nozzles-for-monro-mvt-nozzles-f1-driving-tube-2x-o-1-00mm-10373\/\",\"url\":\"https:\/\/panwinjet.com\/product\/uhp-1000bar-40000-psi-water-blaster-cleaning-rotary-nozzles-for-monro-mvt-nozzles-f1-driving-tube-2x-o-1-00mm-10373\/\",\"name\":\"UHP 1000Bar 40000 psi water blaster Cleaning Rotary Nozzles for Monro MVT nozzles F1 driving Tube 2x \u00f8 1.00mm-10373 - Panwin Machinery&amp;Equipment\",\"isPartOf\":{\"@id\":\"https:\/\/panwinjet.com\/#website\"},\"primaryImageOfPage\":{\"@id\":\"https:\/\/panwinjet.com\/product\/uhp-1000bar-40000-psi-water-blaster-cleaning-rotary-nozzles-for-monro-mvt-nozzles-f1-driving-tube-2x-o-1-00mm-10373\/#primaryimage\"},\"image\":{\"@id\":\"https:\/\/panwinjet.com\/product\/uhp-1000bar-40000-psi-water-blaster-cleaning-rotary-nozzles-for-monro-mvt-nozzles-f1-driving-tube-2x-o-1-00mm-10373\/#primaryimage\"},\"thumbnailUrl\":\"https:\/\/panwinjet.com\/wp-content\/uploads\/2026\/04\/1.0-9-scaled.jpg\",\"datePublished\":\"2026-04-06T08:40:31+00:00\",\"dateModified\":\"2026-04-06T08:40:32+00:00\",\"breadcrumb\":{\"@id\":\"https:\/\/panwinjet.com\/product\/uhp-1000bar-40000-psi-water-blaster-cleaning-rotary-nozzles-for-monro-mvt-nozzles-f1-driving-tube-2x-o-1-00mm-10373\/#breadcrumb\"},\"inLanguage\":\"fr-FR\",\"potentialAction\":[{\"@type\":\"ReadAction\",\"target\":[\"https:\/\/panwinjet.com\/product\/uhp-1000bar-40000-psi-water-blaster-cleaning-rotary-nozzles-for-monro-mvt-nozzles-f1-driving-tube-2x-o-1-00mm-10373\/\"]}]},{\"@type\":\"ImageObject\",\"inLanguage\":\"fr-FR\",\"@id\":\"https:\/\/panwinjet.com\/product\/uhp-1000bar-40000-psi-water-blaster-cleaning-rotary-nozzles-for-monro-mvt-nozzles-f1-driving-tube-2x-o-1-00mm-10373\/#primaryimage\",\"url\":\"https:\/\/panwinjet.com\/wp-content\/uploads\/2026\/04\/1.0-9-scaled.jpg\",\"contentUrl\":\"https:\/\/panwinjet.com\/wp-content\/uploads\/2026\/04\/1.0-9-scaled.jpg\",\"width\":1152,\"height\":2560},{\"@type\":\"BreadcrumbList\",\"@id\":\"https:\/\/panwinjet.com\/product\/uhp-1000bar-40000-psi-water-blaster-cleaning-rotary-nozzles-for-monro-mvt-nozzles-f1-driving-tube-2x-o-1-00mm-10373\/#breadcrumb\",\"itemListElement\":[{\"@type\":\"ListItem\",\"position\":1,\"name\":\"\u9996\u9875\",\"item\":\"https:\/\/panwinjet.com\/\"},{\"@type\":\"ListItem\",\"position\":2,\"name\":\"PRODUCT\",\"item\":\"https:\/\/panwinjet.com\/product\/\"},{\"@type\":\"ListItem\",\"position\":3,\"name\":\"UHP 1000Bar 40000 psi water blaster Cleaning Rotary Nozzles for Monro MVT nozzles F1 driving Tube 2x \u00f8 1.00mm-10373\"}]},{\"@type\":\"WebSite\",\"@id\":\"https:\/\/panwinjet.com\/#website\",\"url\":\"https:\/\/panwinjet.com\/\",\"name\":\"Panwin Machinery&amp;Equipment\",\"description\":\"Shenzhen Panwin Machinery&amp;Equipment Co.Ltd\",\"potentialAction\":[{\"@type\":\"SearchAction\",\"target\":{\"@type\":\"EntryPoint\",\"urlTemplate\":\"https:\/\/panwinjet.com\/?s={search_term_string}\"},\"query-input\":{\"@type\":\"PropertyValueSpecification\",\"valueRequired\":true,\"valueName\":\"search_term_string\"}}],\"inLanguage\":\"fr-FR\"}]}<\/script>\n<!-- \/ Yoast SEO plugin. -->","yoast_head_json":{"title":"UHP 1000Bar 40000 psi water blaster Cleaning Rotary Nozzles for Monro MVT nozzles F1 driving Tube 2x \u00f8 1.00mm-10373 - Panwin Machinery&amp;Equipment","robots":{"index":"index","follow":"follow","max-snippet":"max-snippet:-1","max-image-preview":"max-image-preview:large","max-video-preview":"max-video-preview:-1"},"canonical":"https:\/\/panwinjet.com\/fr\/produit\/uhp-1000bar-40000-psi-water-blaster-cleaning-rotary-nozzles-for-monro-mvt-nozzles-f1-driving-tube-2x-o-1-00mm-10373\/","og_locale":"fr_FR","og_type":"article","og_title":"UHP 1000Bar 40000 psi water blaster Cleaning Rotary Nozzles for Monro MVT nozzles F1 driving Tube 2x \u00f8 1.00mm-10373 - Panwin Machinery&amp;Equipment","og_description":"UHP 1000Bar 40000 psi water blaster Cleaning Rotary Nozzles for Monro MVT nozzles F1 driving Tube\u00a02x \u00f8 1.00mm-10373  Surface Treatment and Cleaning Rotary Nozzles For MONRO nozzles combine the high power of the point jet with the large area output of the flat jet.  Monro MVT F1 driving Tube has quite advantages and superior Features:  1: Higher cleaning capacity levels  2: Constant jet quality  3: Long lifetime  4:Light, durable and reliable  5:Easy to install and disassemble","og_url":"https:\/\/panwinjet.com\/fr\/produit\/uhp-1000bar-40000-psi-water-blaster-cleaning-rotary-nozzles-for-monro-mvt-nozzles-f1-driving-tube-2x-o-1-00mm-10373\/","og_site_name":"Panwin Machinery&amp;Equipment","article_modified_time":"2026-04-06T08:40:32+00:00","og_image":[{"width":1152,"height":2560,"url":"https:\/\/panwinjet.com\/wp-content\/uploads\/2026\/04\/1.0-9-scaled.jpg","type":"image\/jpeg"}],"twitter_card":"summary_large_image","twitter_misc":{"Dur\u00e9e de lecture estim\u00e9e":"1 minute"},"schema":{"@context":"https:\/\/schema.org","@graph":[{"@type":"WebPage","@id":"https:\/\/panwinjet.com\/product\/uhp-1000bar-40000-psi-water-blaster-cleaning-rotary-nozzles-for-monro-mvt-nozzles-f1-driving-tube-2x-o-1-00mm-10373\/","url":"https:\/\/panwinjet.com\/product\/uhp-1000bar-40000-psi-water-blaster-cleaning-rotary-nozzles-for-monro-mvt-nozzles-f1-driving-tube-2x-o-1-00mm-10373\/","name":"UHP 1000Bar 40000 psi water blaster Cleaning Rotary Nozzles for Monro MVT nozzles F1 driving Tube 2x \u00f8 1.00mm-10373 - Panwin Machinery&amp;Equipment","isPartOf":{"@id":"https:\/\/panwinjet.com\/#website"},"primaryImageOfPage":{"@id":"https:\/\/panwinjet.com\/product\/uhp-1000bar-40000-psi-water-blaster-cleaning-rotary-nozzles-for-monro-mvt-nozzles-f1-driving-tube-2x-o-1-00mm-10373\/#primaryimage"},"image":{"@id":"https:\/\/panwinjet.com\/product\/uhp-1000bar-40000-psi-water-blaster-cleaning-rotary-nozzles-for-monro-mvt-nozzles-f1-driving-tube-2x-o-1-00mm-10373\/#primaryimage"},"thumbnailUrl":"https:\/\/panwinjet.com\/wp-content\/uploads\/2026\/04\/1.0-9-scaled.jpg","datePublished":"2026-04-06T08:40:31+00:00","dateModified":"2026-04-06T08:40:32+00:00","breadcrumb":{"@id":"https:\/\/panwinjet.com\/product\/uhp-1000bar-40000-psi-water-blaster-cleaning-rotary-nozzles-for-monro-mvt-nozzles-f1-driving-tube-2x-o-1-00mm-10373\/#breadcrumb"},"inLanguage":"fr-FR","potentialAction":[{"@type":"ReadAction","target":["https:\/\/panwinjet.com\/product\/uhp-1000bar-40000-psi-water-blaster-cleaning-rotary-nozzles-for-monro-mvt-nozzles-f1-driving-tube-2x-o-1-00mm-10373\/"]}]},{"@type":"ImageObject","inLanguage":"fr-FR","@id":"https:\/\/panwinjet.com\/product\/uhp-1000bar-40000-psi-water-blaster-cleaning-rotary-nozzles-for-monro-mvt-nozzles-f1-driving-tube-2x-o-1-00mm-10373\/#primaryimage","url":"https:\/\/panwinjet.com\/wp-content\/uploads\/2026\/04\/1.0-9-scaled.jpg","contentUrl":"https:\/\/panwinjet.com\/wp-content\/uploads\/2026\/04\/1.0-9-scaled.jpg","width":1152,"height":2560},{"@type":"BreadcrumbList","@id":"https:\/\/panwinjet.com\/product\/uhp-1000bar-40000-psi-water-blaster-cleaning-rotary-nozzles-for-monro-mvt-nozzles-f1-driving-tube-2x-o-1-00mm-10373\/#breadcrumb","itemListElement":[{"@type":"ListItem","position":1,"name":"\u9996\u9875","item":"https:\/\/panwinjet.com\/"},{"@type":"ListItem","position":2,"name":"PRODUCT","item":"https:\/\/panwinjet.com\/product\/"},{"@type":"ListItem","position":3,"name":"UHP 1000Bar 40000 psi water blaster Cleaning Rotary Nozzles for Monro MVT nozzles F1 driving Tube 2x \u00f8 1.00mm-10373"}]},{"@type":"WebSite","@id":"https:\/\/panwinjet.com\/#website","url":"https:\/\/panwinjet.com\/","name":"Panwin Machinery&amp;Equipment","description":"Shenzhen Panwin Machinery&amp;Equipment Co.Ltd","potentialAction":[{"@type":"SearchAction","target":{"@type":"EntryPoint","urlTemplate":"https:\/\/panwinjet.com\/?s={search_term_string}"},"query-input":{"@type":"PropertyValueSpecification","valueRequired":true,"valueName":"search_term_string"}}],"inLanguage":"fr-FR"}]}},"_links":{"self":[{"href":"https:\/\/panwinjet.com\/fr\/wp-json\/wp\/v2\/product\/2185","targetHints":{"allow":["GET"]}}],"collection":[{"href":"https:\/\/panwinjet.com\/fr\/wp-json\/wp\/v2\/product"}],"about":[{"href":"https:\/\/panwinjet.com\/fr\/wp-json\/wp\/v2\/types\/product"}],"wp:featuredmedia":[{"embeddable":true,"href":"https:\/\/panwinjet.com\/fr\/wp-json\/wp\/v2\/media\/2193"}],"wp:attachment":[{"href":"https:\/\/panwinjet.com\/fr\/wp-json\/wp\/v2\/media?parent=2185"}],"wp:term":[{"taxonomy":"product_brand","embeddable":true,"href":"https:\/\/panwinjet.com\/fr\/wp-json\/wp\/v2\/product_brand?post=2185"},{"taxonomy":"product_cat","embeddable":true,"href":"https:\/\/panwinjet.com\/fr\/wp-json\/wp\/v2\/product_cat?post=2185"},{"taxonomy":"product_tag","embeddable":true,"href":"https:\/\/panwinjet.com\/fr\/wp-json\/wp\/v2\/product_tag?post=2185"}],"curies":[{"name":"wp","href":"https:\/\/api.w.org\/{rel}","templated":true}]}}