{"id":2177,"date":"2026-04-06T08:33:20","date_gmt":"2026-04-06T08:33:20","guid":{"rendered":"https:\/\/panwinjet.com\/?post_type=product&#038;p=2177"},"modified":"2026-04-06T08:33:21","modified_gmt":"2026-04-06T08:33:21","slug":"uhp-1000bar-water-blasting-machine-cleaning-rotary-nozzles-for-monro-mvt-nozzles-f1-driving-tube-10372-0-8","status":"publish","type":"product","link":"https:\/\/panwinjet.com\/fr\/produit\/uhp-1000bar-water-blasting-machine-cleaning-rotary-nozzles-for-monro-mvt-nozzles-f1-driving-tube-10372-0-8\/","title":{"rendered":"UHP 1000Bar water blasting machine Cleaning Rotary Nozzles for Monro MVT nozzles F1 driving Tube-10372 0.8"},"content":{"rendered":"<p>Ce nettoyeur haute pression \u00e0 jet d&#039;eau UHP 1000 bars, \u00e9quip\u00e9 de buses rotatives Monro MVT F1, est largement utilis\u00e9 dans le nettoyage industriel et le d\u00e9capage de peinture, etc.<br \/>\nIndustrie du fer, de l&#039;acier et des m\u00e9taux : sablage hydrodynamique<br \/>\nIng\u00e9nierie m\u00e9canique et des appareils pour nettoyeurs haute pression<br \/>\nIndustrie du ciment et du b\u00e9ton<br \/>\nNettoyage de surface haute pression Barracuda<br \/>\npi\u00e8ces d&#039;\u00e9quipement de nettoyage \u00e0 jet d&#039;eau ultra-haute pression<br \/>\nBarres de pulv\u00e9risation pour le nettoyage industriel<br \/>\nMachine de nettoyage \u00e0 haute pression pour l&#039;industrie du raffinage du p\u00e9trole<br \/>\nNettoyage de surfaces par hydrojet, nettoyage de r\u00e9servoirs et de cuves,<br \/>\nNettoyage de l&#039;\u00e9changeur de chaleur,<br \/>\nNettoyage de v\u00e9hicules (peinture), nettoyage pour l&#039;industrie mini\u00e8re, nettoyage pour la fabrication d&#039;acier, etc.<br \/>\n\u00c9quipement de nettoyage des \u00e9gouts \u00e0 haute pression pour les r\u00e9seaux de canalisations municipales d&#039;adduction d&#039;eau et de drainage\u00a0;<br \/>\n\u00c9galement sur<br \/>\nNettoyage et \u00e9bavurage des pi\u00e8ces moul\u00e9es<br \/>\n\u00c9limination des rev\u00eatements de surface<br \/>\nD\u00e9ploiement en mer<br \/>\nConstruction navale<br \/>\nD\u00e9molition du b\u00e9ton<br \/>\nEnl\u00e8vement des couches de bitume<br \/>\nD\u00e9capage de peinture<\/p>","protected":false},"excerpt":{"rendered":"<p>Buses rotatives pour le traitement et le nettoyage de surfaces Les buses MONRO combinent la haute puissance du jet ponctuel avec la grande surface de projection du jet plat.<\/p>\n<p>Ces buses sont compatibles avec tous les raccords haute pression homologu\u00e9s et peuvent \u00eatre mont\u00e9es sur des lances. Le mod\u00e8le F2 supporte une pression de service jusqu&#039;\u00e0 1\u00a0000\u00a0bars et propose cinq types de filetage diff\u00e9rents. Gr\u00e2ce \u00e0 leur conception compacte, ces buses de nettoyage haute pression \u00e0 ultra-haute pression (jusqu&#039;\u00e0 1\u00a0000\u00a0bars) sont id\u00e9ales pour le traitement et le nettoyage de surfaces dans le b\u00e2timent et les travaux publics.<\/p>","protected":false},"featured_media":2184,"template":"","meta":[],"product_brand":[],"product_cat":[8,10,11,5],"product_tag":[179,178],"class_list":{"0":"post-2177","1":"product","2":"type-product","3":"status-publish","4":"has-post-thumbnail","6":"product_cat-giant-tank-cleaningcutting-device","7":"product_cat-pipeline-tube-uhp-water-blasting-cleaning-device","8":"product_cat-ship-cleaning-device","9":"product_cat-uhp-rotating-nozzles","10":"product_tag-mvt-nozzles-f1-driving-tube-0-8mm","11":"product_tag-uhp-1000bar-water-blasting-machine-cleaning-rotary-nozzles","13":"first","14":"instock","15":"shipping-taxable","16":"product-type-simple"},"yoast_head":"<!-- This site is optimized with the Yoast SEO plugin v24.9 - https:\/\/yoast.com\/wordpress\/plugins\/seo\/ -->\n<title>UHP 1000Bar water blasting machine Cleaning Rotary Nozzles for Monro MVT nozzles F1 driving Tube-10372 0.8 - Panwin Machinery&amp;Equipment<\/title>\n<meta name=\"robots\" content=\"index, follow, max-snippet:-1, max-image-preview:large, max-video-preview:-1\" \/>\n<link rel=\"canonical\" href=\"https:\/\/panwinjet.com\/fr\/produit\/uhp-1000bar-water-blasting-machine-cleaning-rotary-nozzles-for-monro-mvt-nozzles-f1-driving-tube-10372-0-8\/\" \/>\n<meta property=\"og:locale\" content=\"fr_FR\" \/>\n<meta property=\"og:type\" content=\"article\" \/>\n<meta property=\"og:title\" content=\"UHP 1000Bar water blasting machine Cleaning Rotary Nozzles for Monro MVT nozzles F1 driving Tube-10372 0.8 - Panwin Machinery&amp;Equipment\" \/>\n<meta property=\"og:description\" content=\"Surface Treatment and Cleaning Rotary Nozzles For MONRO nozzles combine the high power of the point jet with the large area output of the flat jet.  They can be used with all approved high-pressure fittings and mounted on lances. The model F2 can be used up to an operating pressure of 1000 bar, and five different connection thread types are available. Due to their compact design, This UHP Hydro-Blasting Pressure Rate up to 1000Bar nozzles can be used both in building construction and in civil engineering for surface treatment and cleaning.\" \/>\n<meta property=\"og:url\" content=\"https:\/\/panwinjet.com\/fr\/produit\/uhp-1000bar-water-blasting-machine-cleaning-rotary-nozzles-for-monro-mvt-nozzles-f1-driving-tube-10372-0-8\/\" \/>\n<meta property=\"og:site_name\" content=\"Panwin Machinery&amp;Equipment\" \/>\n<meta property=\"article:modified_time\" content=\"2026-04-06T08:33:21+00:00\" \/>\n<meta property=\"og:image\" content=\"https:\/\/panwinjet.com\/wp-content\/uploads\/2026\/04\/0.8-8-scaled.jpg\" \/>\n\t<meta property=\"og:image:width\" content=\"1152\" \/>\n\t<meta property=\"og:image:height\" content=\"2560\" \/>\n\t<meta property=\"og:image:type\" content=\"image\/jpeg\" \/>\n<meta name=\"twitter:card\" content=\"summary_large_image\" \/>\n<meta name=\"twitter:label1\" content=\"Dur\u00e9e de lecture estim\u00e9e\" \/>\n\t<meta name=\"twitter:data1\" content=\"1 minute\" \/>\n<script type=\"application\/ld+json\" class=\"yoast-schema-graph\">{\"@context\":\"https:\/\/schema.org\",\"@graph\":[{\"@type\":\"WebPage\",\"@id\":\"https:\/\/panwinjet.com\/product\/uhp-1000bar-water-blasting-machine-cleaning-rotary-nozzles-for-monro-mvt-nozzles-f1-driving-tube-10372-0-8\/\",\"url\":\"https:\/\/panwinjet.com\/product\/uhp-1000bar-water-blasting-machine-cleaning-rotary-nozzles-for-monro-mvt-nozzles-f1-driving-tube-10372-0-8\/\",\"name\":\"UHP 1000Bar water blasting machine Cleaning Rotary Nozzles for Monro MVT nozzles F1 driving Tube-10372 0.8 - Panwin Machinery&amp;Equipment\",\"isPartOf\":{\"@id\":\"https:\/\/panwinjet.com\/#website\"},\"primaryImageOfPage\":{\"@id\":\"https:\/\/panwinjet.com\/product\/uhp-1000bar-water-blasting-machine-cleaning-rotary-nozzles-for-monro-mvt-nozzles-f1-driving-tube-10372-0-8\/#primaryimage\"},\"image\":{\"@id\":\"https:\/\/panwinjet.com\/product\/uhp-1000bar-water-blasting-machine-cleaning-rotary-nozzles-for-monro-mvt-nozzles-f1-driving-tube-10372-0-8\/#primaryimage\"},\"thumbnailUrl\":\"https:\/\/panwinjet.com\/wp-content\/uploads\/2026\/04\/0.8-8-scaled.jpg\",\"datePublished\":\"2026-04-06T08:33:20+00:00\",\"dateModified\":\"2026-04-06T08:33:21+00:00\",\"breadcrumb\":{\"@id\":\"https:\/\/panwinjet.com\/product\/uhp-1000bar-water-blasting-machine-cleaning-rotary-nozzles-for-monro-mvt-nozzles-f1-driving-tube-10372-0-8\/#breadcrumb\"},\"inLanguage\":\"fr-FR\",\"potentialAction\":[{\"@type\":\"ReadAction\",\"target\":[\"https:\/\/panwinjet.com\/product\/uhp-1000bar-water-blasting-machine-cleaning-rotary-nozzles-for-monro-mvt-nozzles-f1-driving-tube-10372-0-8\/\"]}]},{\"@type\":\"ImageObject\",\"inLanguage\":\"fr-FR\",\"@id\":\"https:\/\/panwinjet.com\/product\/uhp-1000bar-water-blasting-machine-cleaning-rotary-nozzles-for-monro-mvt-nozzles-f1-driving-tube-10372-0-8\/#primaryimage\",\"url\":\"https:\/\/panwinjet.com\/wp-content\/uploads\/2026\/04\/0.8-8-scaled.jpg\",\"contentUrl\":\"https:\/\/panwinjet.com\/wp-content\/uploads\/2026\/04\/0.8-8-scaled.jpg\",\"width\":1152,\"height\":2560},{\"@type\":\"BreadcrumbList\",\"@id\":\"https:\/\/panwinjet.com\/product\/uhp-1000bar-water-blasting-machine-cleaning-rotary-nozzles-for-monro-mvt-nozzles-f1-driving-tube-10372-0-8\/#breadcrumb\",\"itemListElement\":[{\"@type\":\"ListItem\",\"position\":1,\"name\":\"\u9996\u9875\",\"item\":\"https:\/\/panwinjet.com\/\"},{\"@type\":\"ListItem\",\"position\":2,\"name\":\"PRODUCT\",\"item\":\"https:\/\/panwinjet.com\/product\/\"},{\"@type\":\"ListItem\",\"position\":3,\"name\":\"UHP 1000Bar water blasting machine Cleaning Rotary Nozzles for Monro MVT nozzles F1 driving Tube-10372 0.8\"}]},{\"@type\":\"WebSite\",\"@id\":\"https:\/\/panwinjet.com\/#website\",\"url\":\"https:\/\/panwinjet.com\/\",\"name\":\"Panwin Machinery&amp;Equipment\",\"description\":\"Shenzhen Panwin Machinery&amp;Equipment Co.Ltd\",\"potentialAction\":[{\"@type\":\"SearchAction\",\"target\":{\"@type\":\"EntryPoint\",\"urlTemplate\":\"https:\/\/panwinjet.com\/?s={search_term_string}\"},\"query-input\":{\"@type\":\"PropertyValueSpecification\",\"valueRequired\":true,\"valueName\":\"search_term_string\"}}],\"inLanguage\":\"fr-FR\"}]}<\/script>\n<!-- \/ Yoast SEO plugin. -->","yoast_head_json":{"title":"UHP 1000Bar water blasting machine Cleaning Rotary Nozzles for Monro MVT nozzles F1 driving Tube-10372 0.8 - Panwin Machinery&amp;Equipment","robots":{"index":"index","follow":"follow","max-snippet":"max-snippet:-1","max-image-preview":"max-image-preview:large","max-video-preview":"max-video-preview:-1"},"canonical":"https:\/\/panwinjet.com\/fr\/produit\/uhp-1000bar-water-blasting-machine-cleaning-rotary-nozzles-for-monro-mvt-nozzles-f1-driving-tube-10372-0-8\/","og_locale":"fr_FR","og_type":"article","og_title":"UHP 1000Bar water blasting machine Cleaning Rotary Nozzles for Monro MVT nozzles F1 driving Tube-10372 0.8 - Panwin Machinery&amp;Equipment","og_description":"Surface Treatment and Cleaning Rotary Nozzles For MONRO nozzles combine the high power of the point jet with the large area output of the flat jet.  They can be used with all approved high-pressure fittings and mounted on lances. The model F2 can be used up to an operating pressure of 1000 bar, and five different connection thread types are available. Due to their compact design, This UHP Hydro-Blasting Pressure Rate up to 1000Bar nozzles can be used both in building construction and in civil engineering for surface treatment and cleaning.","og_url":"https:\/\/panwinjet.com\/fr\/produit\/uhp-1000bar-water-blasting-machine-cleaning-rotary-nozzles-for-monro-mvt-nozzles-f1-driving-tube-10372-0-8\/","og_site_name":"Panwin Machinery&amp;Equipment","article_modified_time":"2026-04-06T08:33:21+00:00","og_image":[{"width":1152,"height":2560,"url":"https:\/\/panwinjet.com\/wp-content\/uploads\/2026\/04\/0.8-8-scaled.jpg","type":"image\/jpeg"}],"twitter_card":"summary_large_image","twitter_misc":{"Dur\u00e9e de lecture estim\u00e9e":"1 minute"},"schema":{"@context":"https:\/\/schema.org","@graph":[{"@type":"WebPage","@id":"https:\/\/panwinjet.com\/product\/uhp-1000bar-water-blasting-machine-cleaning-rotary-nozzles-for-monro-mvt-nozzles-f1-driving-tube-10372-0-8\/","url":"https:\/\/panwinjet.com\/product\/uhp-1000bar-water-blasting-machine-cleaning-rotary-nozzles-for-monro-mvt-nozzles-f1-driving-tube-10372-0-8\/","name":"UHP 1000Bar water blasting machine Cleaning Rotary Nozzles for Monro MVT nozzles F1 driving Tube-10372 0.8 - Panwin Machinery&amp;Equipment","isPartOf":{"@id":"https:\/\/panwinjet.com\/#website"},"primaryImageOfPage":{"@id":"https:\/\/panwinjet.com\/product\/uhp-1000bar-water-blasting-machine-cleaning-rotary-nozzles-for-monro-mvt-nozzles-f1-driving-tube-10372-0-8\/#primaryimage"},"image":{"@id":"https:\/\/panwinjet.com\/product\/uhp-1000bar-water-blasting-machine-cleaning-rotary-nozzles-for-monro-mvt-nozzles-f1-driving-tube-10372-0-8\/#primaryimage"},"thumbnailUrl":"https:\/\/panwinjet.com\/wp-content\/uploads\/2026\/04\/0.8-8-scaled.jpg","datePublished":"2026-04-06T08:33:20+00:00","dateModified":"2026-04-06T08:33:21+00:00","breadcrumb":{"@id":"https:\/\/panwinjet.com\/product\/uhp-1000bar-water-blasting-machine-cleaning-rotary-nozzles-for-monro-mvt-nozzles-f1-driving-tube-10372-0-8\/#breadcrumb"},"inLanguage":"fr-FR","potentialAction":[{"@type":"ReadAction","target":["https:\/\/panwinjet.com\/product\/uhp-1000bar-water-blasting-machine-cleaning-rotary-nozzles-for-monro-mvt-nozzles-f1-driving-tube-10372-0-8\/"]}]},{"@type":"ImageObject","inLanguage":"fr-FR","@id":"https:\/\/panwinjet.com\/product\/uhp-1000bar-water-blasting-machine-cleaning-rotary-nozzles-for-monro-mvt-nozzles-f1-driving-tube-10372-0-8\/#primaryimage","url":"https:\/\/panwinjet.com\/wp-content\/uploads\/2026\/04\/0.8-8-scaled.jpg","contentUrl":"https:\/\/panwinjet.com\/wp-content\/uploads\/2026\/04\/0.8-8-scaled.jpg","width":1152,"height":2560},{"@type":"BreadcrumbList","@id":"https:\/\/panwinjet.com\/product\/uhp-1000bar-water-blasting-machine-cleaning-rotary-nozzles-for-monro-mvt-nozzles-f1-driving-tube-10372-0-8\/#breadcrumb","itemListElement":[{"@type":"ListItem","position":1,"name":"\u9996\u9875","item":"https:\/\/panwinjet.com\/"},{"@type":"ListItem","position":2,"name":"PRODUCT","item":"https:\/\/panwinjet.com\/product\/"},{"@type":"ListItem","position":3,"name":"UHP 1000Bar water blasting machine Cleaning Rotary Nozzles for Monro MVT nozzles F1 driving Tube-10372 0.8"}]},{"@type":"WebSite","@id":"https:\/\/panwinjet.com\/#website","url":"https:\/\/panwinjet.com\/","name":"Panwin Machinery&amp;Equipment","description":"Shenzhen Panwin Machinery&amp;Equipment Co.Ltd","potentialAction":[{"@type":"SearchAction","target":{"@type":"EntryPoint","urlTemplate":"https:\/\/panwinjet.com\/?s={search_term_string}"},"query-input":{"@type":"PropertyValueSpecification","valueRequired":true,"valueName":"search_term_string"}}],"inLanguage":"fr-FR"}]}},"_links":{"self":[{"href":"https:\/\/panwinjet.com\/fr\/wp-json\/wp\/v2\/product\/2177","targetHints":{"allow":["GET"]}}],"collection":[{"href":"https:\/\/panwinjet.com\/fr\/wp-json\/wp\/v2\/product"}],"about":[{"href":"https:\/\/panwinjet.com\/fr\/wp-json\/wp\/v2\/types\/product"}],"wp:featuredmedia":[{"embeddable":true,"href":"https:\/\/panwinjet.com\/fr\/wp-json\/wp\/v2\/media\/2184"}],"wp:attachment":[{"href":"https:\/\/panwinjet.com\/fr\/wp-json\/wp\/v2\/media?parent=2177"}],"wp:term":[{"taxonomy":"product_brand","embeddable":true,"href":"https:\/\/panwinjet.com\/fr\/wp-json\/wp\/v2\/product_brand?post=2177"},{"taxonomy":"product_cat","embeddable":true,"href":"https:\/\/panwinjet.com\/fr\/wp-json\/wp\/v2\/product_cat?post=2177"},{"taxonomy":"product_tag","embeddable":true,"href":"https:\/\/panwinjet.com\/fr\/wp-json\/wp\/v2\/product_tag?post=2177"}],"curies":[{"name":"wp","href":"https:\/\/api.w.org\/{rel}","templated":true}]}}