{"id":2078,"date":"2026-03-18T10:05:07","date_gmt":"2026-03-18T10:05:07","guid":{"rendered":"https:\/\/panwinjet.com\/?post_type=product&#038;p=2078"},"modified":"2026-03-18T11:54:58","modified_gmt":"2026-03-18T11:54:58","slug":"40k-jetstream-bypass-hydro-jet-cleaning-machine-parts-hand-adjustable-regulator-valve-outlet-adapter","status":"publish","type":"product","link":"https:\/\/panwinjet.com\/fr\/produit\/40k-jetstream-bypass-hydro-jet-cleaning-machine-parts-hand-adjustable-regulator-valve-outlet-adapter\/","title":{"rendered":"40K Jetstream ByPass Hydro Jet cleaning machine parts Hand Adjustable Regulator Valve-Outlet Adapter"},"content":{"rendered":"<p>Nous vous fournissons les pi\u00e8ces d\u00e9tach\u00e9es pour machines de nettoyage Hydro Jet. La vanne de r\u00e9gulation manuelle est utilis\u00e9e pour l&#039;unit\u00e9 Jetstream standard 40 kpsi Fluid End. Il s&#039;agit d&#039;une vanne de d\u00e9rivation unique et exceptionnellement avanc\u00e9e, dot\u00e9e des caract\u00e9ristiques sup\u00e9rieures suivantes\u00a0:<br \/>\nCaract\u00e9ristiques:<br \/>\n1 : Conception de cartouche rempla\u00e7able sur site pour un temps d&#039;arr\u00eat minimal<br \/>\n2 : R\u00e9glage manuel - aucune cl\u00e9 n\u00e9cessaire<br \/>\n3 : Tous les composants soumis \u00e0 la pression sont usin\u00e9s avec pr\u00e9cision \u00e0 partir d&#039;acier inoxydable.<br \/>\n4 : Le mod\u00e8le \u00e0 montage c\u00f4t\u00e9 pompe se monte directement sur le collecteur d&#039;extr\u00e9mit\u00e9 de fluide \u00e0 l&#039;aide d&#039;un raccord m\u00e2le de 40 Kpsi.<\/p>","protected":false},"excerpt":{"rendered":"<p>Nous vous vendons des pi\u00e8ces d\u00e9tach\u00e9es pour machines de nettoyage hydrodynamique. La vanne de r\u00e9gulation manuelle permet de d\u00e9vier une partie du d\u00e9bit de la pompe vers une sortie basse pression et peut \u00eatre utilis\u00e9e sur les mod\u00e8les diesel et \u00e9lectriques. Sur les moteurs diesel, elle \u00e9vite le calage du moteur lors de l&#039;utilisation de d\u00e9bits faibles. Une vanne de r\u00e9gulation est n\u00e9cessaire sur les mod\u00e8les \u00e9lectriques en raison de l&#039;impossibilit\u00e9 d&#039;adapter la vitesse du moteur.<\/p>","protected":false},"featured_media":2079,"template":"","meta":[],"product_brand":[],"product_cat":[8,7],"product_tag":[159,160,161],"class_list":{"0":"post-2078","1":"product","2":"type-product","3":"status-publish","4":"has-post-thumbnail","6":"product_cat-giant-tank-cleaningcutting-device","7":"product_cat-jetstream-pump-fluid-end-compatibe-parts","8":"product_tag-40k-jetstream-bypass-outlet-adapter","9":"product_tag-53715-40k-regulator-valve","10":"product_tag-40k-jetstream-bypass-valve-regulator","12":"first","13":"instock","14":"shipping-taxable","15":"product-type-simple"},"yoast_head":"<!-- This site is optimized with the Yoast SEO plugin v24.9 - https:\/\/yoast.com\/wordpress\/plugins\/seo\/ -->\n<title>40K Jetstream ByPass Hydro Jet cleaning machine parts Hand Adjustable Regulator Valve-Outlet Adapter - Panwin Machinery&amp;Equipment<\/title>\n<meta name=\"robots\" content=\"index, follow, max-snippet:-1, max-image-preview:large, max-video-preview:-1\" \/>\n<link rel=\"canonical\" href=\"https:\/\/panwinjet.com\/fr\/produit\/40k-jetstream-bypass-hydro-jet-cleaning-machine-parts-hand-adjustable-regulator-valve-outlet-adapter\/\" \/>\n<meta property=\"og:locale\" content=\"fr_FR\" \/>\n<meta property=\"og:type\" content=\"article\" \/>\n<meta property=\"og:title\" content=\"40K Jetstream ByPass Hydro Jet cleaning machine parts Hand Adjustable Regulator Valve-Outlet Adapter - Panwin Machinery&amp;Equipment\" \/>\n<meta property=\"og:description\" content=\"We sell you the Hydro Jet cleaning machine parts Hand Adjustable Regulator Valve is a regulator valve diverts a portion of pump flow to a low- pressure outlet and can be used on diesel and electric units. For diesel engines, it is used to prevent bogging of the engine when using flows at the low end of the pump&#039;s capability.A regulator valve is required on electric units due to the non-adaptability of motor speed.\" \/>\n<meta property=\"og:url\" content=\"https:\/\/panwinjet.com\/fr\/produit\/40k-jetstream-bypass-hydro-jet-cleaning-machine-parts-hand-adjustable-regulator-valve-outlet-adapter\/\" \/>\n<meta property=\"og:site_name\" content=\"Panwin Machinery&amp;Equipment\" \/>\n<meta property=\"article:modified_time\" content=\"2026-03-18T11:54:58+00:00\" \/>\n<meta property=\"og:image\" content=\"https:\/\/panwinjet.com\/wp-content\/uploads\/2026\/03\/53715-40K-ByPass-Outlet-Adapter-scaled.jpg\" \/>\n\t<meta property=\"og:image:width\" content=\"1152\" \/>\n\t<meta property=\"og:image:height\" content=\"2560\" \/>\n\t<meta property=\"og:image:type\" content=\"image\/jpeg\" \/>\n<meta name=\"twitter:card\" content=\"summary_large_image\" \/>\n<meta name=\"twitter:label1\" content=\"Dur\u00e9e de lecture estim\u00e9e\" \/>\n\t<meta name=\"twitter:data1\" content=\"1 minute\" \/>\n<script type=\"application\/ld+json\" class=\"yoast-schema-graph\">{\"@context\":\"https:\/\/schema.org\",\"@graph\":[{\"@type\":\"WebPage\",\"@id\":\"https:\/\/panwinjet.com\/product\/40k-jetstream-bypass-hydro-jet-cleaning-machine-parts-hand-adjustable-regulator-valve-outlet-adapter\/\",\"url\":\"https:\/\/panwinjet.com\/product\/40k-jetstream-bypass-hydro-jet-cleaning-machine-parts-hand-adjustable-regulator-valve-outlet-adapter\/\",\"name\":\"40K Jetstream ByPass Hydro Jet cleaning machine parts Hand Adjustable Regulator Valve-Outlet Adapter - Panwin Machinery&amp;Equipment\",\"isPartOf\":{\"@id\":\"https:\/\/panwinjet.com\/#website\"},\"primaryImageOfPage\":{\"@id\":\"https:\/\/panwinjet.com\/product\/40k-jetstream-bypass-hydro-jet-cleaning-machine-parts-hand-adjustable-regulator-valve-outlet-adapter\/#primaryimage\"},\"image\":{\"@id\":\"https:\/\/panwinjet.com\/product\/40k-jetstream-bypass-hydro-jet-cleaning-machine-parts-hand-adjustable-regulator-valve-outlet-adapter\/#primaryimage\"},\"thumbnailUrl\":\"https:\/\/panwinjet.com\/wp-content\/uploads\/2026\/03\/53715-40K-ByPass-Outlet-Adapter-scaled.jpg\",\"datePublished\":\"2026-03-18T10:05:07+00:00\",\"dateModified\":\"2026-03-18T11:54:58+00:00\",\"breadcrumb\":{\"@id\":\"https:\/\/panwinjet.com\/product\/40k-jetstream-bypass-hydro-jet-cleaning-machine-parts-hand-adjustable-regulator-valve-outlet-adapter\/#breadcrumb\"},\"inLanguage\":\"fr-FR\",\"potentialAction\":[{\"@type\":\"ReadAction\",\"target\":[\"https:\/\/panwinjet.com\/product\/40k-jetstream-bypass-hydro-jet-cleaning-machine-parts-hand-adjustable-regulator-valve-outlet-adapter\/\"]}]},{\"@type\":\"ImageObject\",\"inLanguage\":\"fr-FR\",\"@id\":\"https:\/\/panwinjet.com\/product\/40k-jetstream-bypass-hydro-jet-cleaning-machine-parts-hand-adjustable-regulator-valve-outlet-adapter\/#primaryimage\",\"url\":\"https:\/\/panwinjet.com\/wp-content\/uploads\/2026\/03\/53715-40K-ByPass-Outlet-Adapter-scaled.jpg\",\"contentUrl\":\"https:\/\/panwinjet.com\/wp-content\/uploads\/2026\/03\/53715-40K-ByPass-Outlet-Adapter-scaled.jpg\",\"width\":1152,\"height\":2560,\"caption\":\"Outlet Adapter\"},{\"@type\":\"BreadcrumbList\",\"@id\":\"https:\/\/panwinjet.com\/product\/40k-jetstream-bypass-hydro-jet-cleaning-machine-parts-hand-adjustable-regulator-valve-outlet-adapter\/#breadcrumb\",\"itemListElement\":[{\"@type\":\"ListItem\",\"position\":1,\"name\":\"\u9996\u9875\",\"item\":\"https:\/\/panwinjet.com\/\"},{\"@type\":\"ListItem\",\"position\":2,\"name\":\"PRODUCT\",\"item\":\"https:\/\/panwinjet.com\/product\/\"},{\"@type\":\"ListItem\",\"position\":3,\"name\":\"40K Jetstream ByPass Hydro Jet cleaning machine parts Hand Adjustable Regulator Valve-Outlet Adapter\"}]},{\"@type\":\"WebSite\",\"@id\":\"https:\/\/panwinjet.com\/#website\",\"url\":\"https:\/\/panwinjet.com\/\",\"name\":\"Panwin Machinery&amp;Equipment\",\"description\":\"Shenzhen Panwin Machinery&amp;Equipment Co.Ltd\",\"potentialAction\":[{\"@type\":\"SearchAction\",\"target\":{\"@type\":\"EntryPoint\",\"urlTemplate\":\"https:\/\/panwinjet.com\/?s={search_term_string}\"},\"query-input\":{\"@type\":\"PropertyValueSpecification\",\"valueRequired\":true,\"valueName\":\"search_term_string\"}}],\"inLanguage\":\"fr-FR\"}]}<\/script>\n<!-- \/ Yoast SEO plugin. -->","yoast_head_json":{"title":"40K Jetstream ByPass Hydro Jet cleaning machine parts Hand Adjustable Regulator Valve-Outlet Adapter - Panwin Machinery&amp;Equipment","robots":{"index":"index","follow":"follow","max-snippet":"max-snippet:-1","max-image-preview":"max-image-preview:large","max-video-preview":"max-video-preview:-1"},"canonical":"https:\/\/panwinjet.com\/fr\/produit\/40k-jetstream-bypass-hydro-jet-cleaning-machine-parts-hand-adjustable-regulator-valve-outlet-adapter\/","og_locale":"fr_FR","og_type":"article","og_title":"40K Jetstream ByPass Hydro Jet cleaning machine parts Hand Adjustable Regulator Valve-Outlet Adapter - Panwin Machinery&amp;Equipment","og_description":"We sell you the Hydro Jet cleaning machine parts Hand Adjustable Regulator Valve is a regulator valve diverts a portion of pump flow to a low- pressure outlet and can be used on diesel and electric units. For diesel engines, it is used to prevent bogging of the engine when using flows at the low end of the pump's capability.A regulator valve is required on electric units due to the non-adaptability of motor speed.","og_url":"https:\/\/panwinjet.com\/fr\/produit\/40k-jetstream-bypass-hydro-jet-cleaning-machine-parts-hand-adjustable-regulator-valve-outlet-adapter\/","og_site_name":"Panwin Machinery&amp;Equipment","article_modified_time":"2026-03-18T11:54:58+00:00","og_image":[{"width":1152,"height":2560,"url":"https:\/\/panwinjet.com\/wp-content\/uploads\/2026\/03\/53715-40K-ByPass-Outlet-Adapter-scaled.jpg","type":"image\/jpeg"}],"twitter_card":"summary_large_image","twitter_misc":{"Dur\u00e9e de lecture estim\u00e9e":"1 minute"},"schema":{"@context":"https:\/\/schema.org","@graph":[{"@type":"WebPage","@id":"https:\/\/panwinjet.com\/product\/40k-jetstream-bypass-hydro-jet-cleaning-machine-parts-hand-adjustable-regulator-valve-outlet-adapter\/","url":"https:\/\/panwinjet.com\/product\/40k-jetstream-bypass-hydro-jet-cleaning-machine-parts-hand-adjustable-regulator-valve-outlet-adapter\/","name":"40K Jetstream ByPass Hydro Jet cleaning machine parts Hand Adjustable Regulator Valve-Outlet Adapter - Panwin Machinery&amp;Equipment","isPartOf":{"@id":"https:\/\/panwinjet.com\/#website"},"primaryImageOfPage":{"@id":"https:\/\/panwinjet.com\/product\/40k-jetstream-bypass-hydro-jet-cleaning-machine-parts-hand-adjustable-regulator-valve-outlet-adapter\/#primaryimage"},"image":{"@id":"https:\/\/panwinjet.com\/product\/40k-jetstream-bypass-hydro-jet-cleaning-machine-parts-hand-adjustable-regulator-valve-outlet-adapter\/#primaryimage"},"thumbnailUrl":"https:\/\/panwinjet.com\/wp-content\/uploads\/2026\/03\/53715-40K-ByPass-Outlet-Adapter-scaled.jpg","datePublished":"2026-03-18T10:05:07+00:00","dateModified":"2026-03-18T11:54:58+00:00","breadcrumb":{"@id":"https:\/\/panwinjet.com\/product\/40k-jetstream-bypass-hydro-jet-cleaning-machine-parts-hand-adjustable-regulator-valve-outlet-adapter\/#breadcrumb"},"inLanguage":"fr-FR","potentialAction":[{"@type":"ReadAction","target":["https:\/\/panwinjet.com\/product\/40k-jetstream-bypass-hydro-jet-cleaning-machine-parts-hand-adjustable-regulator-valve-outlet-adapter\/"]}]},{"@type":"ImageObject","inLanguage":"fr-FR","@id":"https:\/\/panwinjet.com\/product\/40k-jetstream-bypass-hydro-jet-cleaning-machine-parts-hand-adjustable-regulator-valve-outlet-adapter\/#primaryimage","url":"https:\/\/panwinjet.com\/wp-content\/uploads\/2026\/03\/53715-40K-ByPass-Outlet-Adapter-scaled.jpg","contentUrl":"https:\/\/panwinjet.com\/wp-content\/uploads\/2026\/03\/53715-40K-ByPass-Outlet-Adapter-scaled.jpg","width":1152,"height":2560,"caption":"Outlet Adapter"},{"@type":"BreadcrumbList","@id":"https:\/\/panwinjet.com\/product\/40k-jetstream-bypass-hydro-jet-cleaning-machine-parts-hand-adjustable-regulator-valve-outlet-adapter\/#breadcrumb","itemListElement":[{"@type":"ListItem","position":1,"name":"\u9996\u9875","item":"https:\/\/panwinjet.com\/"},{"@type":"ListItem","position":2,"name":"PRODUCT","item":"https:\/\/panwinjet.com\/product\/"},{"@type":"ListItem","position":3,"name":"40K Jetstream ByPass Hydro Jet cleaning machine parts Hand Adjustable Regulator Valve-Outlet Adapter"}]},{"@type":"WebSite","@id":"https:\/\/panwinjet.com\/#website","url":"https:\/\/panwinjet.com\/","name":"Panwin Machinery&amp;Equipment","description":"Shenzhen Panwin Machinery&amp;Equipment Co.Ltd","potentialAction":[{"@type":"SearchAction","target":{"@type":"EntryPoint","urlTemplate":"https:\/\/panwinjet.com\/?s={search_term_string}"},"query-input":{"@type":"PropertyValueSpecification","valueRequired":true,"valueName":"search_term_string"}}],"inLanguage":"fr-FR"}]}},"_links":{"self":[{"href":"https:\/\/panwinjet.com\/fr\/wp-json\/wp\/v2\/product\/2078","targetHints":{"allow":["GET"]}}],"collection":[{"href":"https:\/\/panwinjet.com\/fr\/wp-json\/wp\/v2\/product"}],"about":[{"href":"https:\/\/panwinjet.com\/fr\/wp-json\/wp\/v2\/types\/product"}],"wp:featuredmedia":[{"embeddable":true,"href":"https:\/\/panwinjet.com\/fr\/wp-json\/wp\/v2\/media\/2079"}],"wp:attachment":[{"href":"https:\/\/panwinjet.com\/fr\/wp-json\/wp\/v2\/media?parent=2078"}],"wp:term":[{"taxonomy":"product_brand","embeddable":true,"href":"https:\/\/panwinjet.com\/fr\/wp-json\/wp\/v2\/product_brand?post=2078"},{"taxonomy":"product_cat","embeddable":true,"href":"https:\/\/panwinjet.com\/fr\/wp-json\/wp\/v2\/product_cat?post=2078"},{"taxonomy":"product_tag","embeddable":true,"href":"https:\/\/panwinjet.com\/fr\/wp-json\/wp\/v2\/product_tag?post=2078"}],"curies":[{"name":"wp","href":"https:\/\/api.w.org\/{rel}","templated":true}]}}