{"id":2069,"date":"2026-03-18T09:55:39","date_gmt":"2026-03-18T09:55:39","guid":{"rendered":"https:\/\/panwinjet.com\/?post_type=product&#038;p=2069"},"modified":"2026-03-18T09:55:39","modified_gmt":"2026-03-18T09:55:39","slug":"2800bar-40kpsi-uhp-hydro-jetting-barracude-self-rotating-surface-preperation-nozzle","status":"publish","type":"product","link":"https:\/\/panwinjet.com\/fr\/produit\/2800bar-40kpsi-uhp-hydro-jetting-barracude-self-rotating-surface-preperation-nozzle\/","title":{"rendered":"2800Bar 40Kpsi UHP Hydro-Jetting Barracude Self-Rotating Surface Preperation Nozzle"},"content":{"rendered":"<p>Surface Preparation\/SSPC-SP 12 White Metal Standard<br \/>\nStructure \u00e0 haut rendement et entretien facile, productivit\u00e9 accrue gr\u00e2ce \u00e0 la buse de pr\u00e9paration de surface auto-rotative Barracuda, 1379 \u2013 2759 bar (20\u00a0000\u201340\u00a0000 psi). Le nettoyage au jet d&#039;eau \u00e0 ultra-haute pression est devenu la m\u00e9thode standard de d\u00e9capage gr\u00e2ce \u00e0 ses avantages \u00e9conomiques et environnementaux. Dur\u00e9e de vie prolong\u00e9e des roulements de notre buse 30%-50%, entretien facile pour un gain de temps. La buse Barracuda est id\u00e9ale pour une utilisation avec les pistolets de pulv\u00e9risation Panwin 20K 40K \u00e0 commande par basculement.<\/p>\n<p>High quality 7\/16-20 Or M10 sapphire nozzle Rotation speed control 1,200 to 2,600 RPM<br \/>\nPlage de fonctionnement 1379-2759 bar (20 000-40 000 psi)<br \/>\n2800 bars : 15 \u00e0 38 l\/min<br \/>\n1500 bars : 12 \u00e0 35 l\/min<br \/>\nIl ne p\u00e8se que 1,3 kg.<br \/>\nConstruction durable en acier inoxydable. Structure facile d&#039;entretien.<br \/>\nRoulement rotatif longue dur\u00e9e<br \/>\nT\u00eate rotative int\u00e9gr\u00e9e<\/p>","protected":false},"excerpt":{"rendered":"<p>L&#039;outil de nettoyage de surfaces auto-rotatif \u00e0 jet d&#039;eau haute pression de 40\u00a0000\u00a0psir est \u00e9quip\u00e9 d&#039;un syst\u00e8me de freinage magn\u00e9tique sur le pistolet de pulv\u00e9risation. Il tourne \u00e0 vitesse contr\u00f4l\u00e9e tout en produisant des jets concentr\u00e9s et denses.<br \/>\nThis lightweight cleaning head can be connected to any type of high pressure cleaners and is easy to maintain. Working pressure of cleaning tool rated up to 22K or 40k psi(1500bar or 2800bar), it can be applies in industrial equipment surface preparation, ship hull rust and paint removal.<\/p>","protected":false},"featured_media":2077,"template":"","meta":[],"product_brand":[],"product_cat":[10,11,4,5],"product_tag":[158,157,156],"class_list":{"0":"post-2069","1":"product","2":"type-product","3":"status-publish","4":"has-post-thumbnail","6":"product_cat-pipeline-tube-uhp-water-blasting-cleaning-device","7":"product_cat-ship-cleaning-device","8":"product_cat-uhp-blasting-hand-air-gun","9":"product_cat-uhp-rotating-nozzles","10":"product_tag-surface-preparation-rotary-nozzles","11":"product_tag-barracuda-self-rotating-surface","12":"product_tag-uhp-40k-barracude-rotary-nozzles","14":"first","15":"instock","16":"sale","17":"shipping-taxable","18":"purchasable","19":"product-type-simple"},"yoast_head":"<!-- This site is optimized with the Yoast SEO plugin v24.9 - https:\/\/yoast.com\/wordpress\/plugins\/seo\/ -->\n<title>2800Bar 40Kpsi UHP Hydro-Jetting Barracude Self-Rotating Surface Preperation Nozzle - Panwin Machinery&amp;Equipment<\/title>\n<meta name=\"robots\" content=\"index, follow, max-snippet:-1, max-image-preview:large, max-video-preview:-1\" \/>\n<link rel=\"canonical\" href=\"https:\/\/panwinjet.com\/fr\/produit\/2800bar-40kpsi-uhp-hydro-jetting-barracude-self-rotating-surface-preperation-nozzle\/\" \/>\n<meta property=\"og:locale\" content=\"fr_FR\" \/>\n<meta property=\"og:type\" content=\"article\" \/>\n<meta property=\"og:title\" content=\"2800Bar 40Kpsi UHP Hydro-Jetting Barracude Self-Rotating Surface Preperation Nozzle - Panwin Machinery&amp;Equipment\" \/>\n<meta property=\"og:description\" content=\"The 40kpsir pressure water blasting self-rotating surface cleaning tool is a surface cleaner with magnetic braking system installed on the spray gun. It rotate at a controlled speed while producing centralized and dense flows. This lightweight cleaning head can be connected to any type of high pressure cleaners and is easy to maintain. Working pressure of cleaning tool rated up to 22K or 40k psi(1500bar or 2800bar), it can be applies in industrial equipment surface preparation, ship hull rust and paint removal.\" \/>\n<meta property=\"og:url\" content=\"https:\/\/panwinjet.com\/fr\/produit\/2800bar-40kpsi-uhp-hydro-jetting-barracude-self-rotating-surface-preperation-nozzle\/\" \/>\n<meta property=\"og:site_name\" content=\"Panwin Machinery&amp;Equipment\" \/>\n<meta property=\"og:image\" content=\"https:\/\/panwinjet.com\/wp-content\/uploads\/2026\/03\/2800Bar-Barracuda-Nozzles-1.jpg\" \/>\n\t<meta property=\"og:image:width\" content=\"2276\" \/>\n\t<meta property=\"og:image:height\" content=\"1024\" \/>\n\t<meta property=\"og:image:type\" content=\"image\/jpeg\" \/>\n<meta name=\"twitter:card\" content=\"summary_large_image\" \/>\n<meta name=\"twitter:label1\" content=\"Dur\u00e9e de lecture estim\u00e9e\" \/>\n\t<meta name=\"twitter:data1\" content=\"1 minute\" \/>\n<script type=\"application\/ld+json\" class=\"yoast-schema-graph\">{\"@context\":\"https:\/\/schema.org\",\"@graph\":[{\"@type\":\"WebPage\",\"@id\":\"https:\/\/panwinjet.com\/product\/2800bar-40kpsi-uhp-hydro-jetting-barracude-self-rotating-surface-preperation-nozzle\/\",\"url\":\"https:\/\/panwinjet.com\/product\/2800bar-40kpsi-uhp-hydro-jetting-barracude-self-rotating-surface-preperation-nozzle\/\",\"name\":\"2800Bar 40Kpsi UHP Hydro-Jetting Barracude Self-Rotating Surface Preperation Nozzle - Panwin Machinery&amp;Equipment\",\"isPartOf\":{\"@id\":\"https:\/\/panwinjet.com\/#website\"},\"primaryImageOfPage\":{\"@id\":\"https:\/\/panwinjet.com\/product\/2800bar-40kpsi-uhp-hydro-jetting-barracude-self-rotating-surface-preperation-nozzle\/#primaryimage\"},\"image\":{\"@id\":\"https:\/\/panwinjet.com\/product\/2800bar-40kpsi-uhp-hydro-jetting-barracude-self-rotating-surface-preperation-nozzle\/#primaryimage\"},\"thumbnailUrl\":\"https:\/\/panwinjet.com\/wp-content\/uploads\/2026\/03\/2800Bar-Barracuda-Nozzles-1.jpg\",\"datePublished\":\"2026-03-18T09:55:39+00:00\",\"breadcrumb\":{\"@id\":\"https:\/\/panwinjet.com\/product\/2800bar-40kpsi-uhp-hydro-jetting-barracude-self-rotating-surface-preperation-nozzle\/#breadcrumb\"},\"inLanguage\":\"fr-FR\",\"potentialAction\":[{\"@type\":\"ReadAction\",\"target\":[\"https:\/\/panwinjet.com\/product\/2800bar-40kpsi-uhp-hydro-jetting-barracude-self-rotating-surface-preperation-nozzle\/\"]}]},{\"@type\":\"ImageObject\",\"inLanguage\":\"fr-FR\",\"@id\":\"https:\/\/panwinjet.com\/product\/2800bar-40kpsi-uhp-hydro-jetting-barracude-self-rotating-surface-preperation-nozzle\/#primaryimage\",\"url\":\"https:\/\/panwinjet.com\/wp-content\/uploads\/2026\/03\/2800Bar-Barracuda-Nozzles-1.jpg\",\"contentUrl\":\"https:\/\/panwinjet.com\/wp-content\/uploads\/2026\/03\/2800Bar-Barracuda-Nozzles-1.jpg\",\"width\":2276,\"height\":1024},{\"@type\":\"BreadcrumbList\",\"@id\":\"https:\/\/panwinjet.com\/product\/2800bar-40kpsi-uhp-hydro-jetting-barracude-self-rotating-surface-preperation-nozzle\/#breadcrumb\",\"itemListElement\":[{\"@type\":\"ListItem\",\"position\":1,\"name\":\"\u9996\u9875\",\"item\":\"https:\/\/panwinjet.com\/\"},{\"@type\":\"ListItem\",\"position\":2,\"name\":\"PRODUCT\",\"item\":\"https:\/\/panwinjet.com\/product\/\"},{\"@type\":\"ListItem\",\"position\":3,\"name\":\"2800Bar 40Kpsi UHP Hydro-Jetting Barracude Self-Rotating Surface Preperation Nozzle\"}]},{\"@type\":\"WebSite\",\"@id\":\"https:\/\/panwinjet.com\/#website\",\"url\":\"https:\/\/panwinjet.com\/\",\"name\":\"Panwin Machinery&amp;Equipment\",\"description\":\"Shenzhen Panwin Machinery&amp;Equipment Co.Ltd\",\"potentialAction\":[{\"@type\":\"SearchAction\",\"target\":{\"@type\":\"EntryPoint\",\"urlTemplate\":\"https:\/\/panwinjet.com\/?s={search_term_string}\"},\"query-input\":{\"@type\":\"PropertyValueSpecification\",\"valueRequired\":true,\"valueName\":\"search_term_string\"}}],\"inLanguage\":\"fr-FR\"}]}<\/script>\n<!-- \/ Yoast SEO plugin. -->","yoast_head_json":{"title":"2800Bar 40Kpsi UHP Hydro-Jetting Barracude Self-Rotating Surface Preperation Nozzle - Panwin Machinery&amp;Equipment","robots":{"index":"index","follow":"follow","max-snippet":"max-snippet:-1","max-image-preview":"max-image-preview:large","max-video-preview":"max-video-preview:-1"},"canonical":"https:\/\/panwinjet.com\/fr\/produit\/2800bar-40kpsi-uhp-hydro-jetting-barracude-self-rotating-surface-preperation-nozzle\/","og_locale":"fr_FR","og_type":"article","og_title":"2800Bar 40Kpsi UHP Hydro-Jetting Barracude Self-Rotating Surface Preperation Nozzle - Panwin Machinery&amp;Equipment","og_description":"The 40kpsir pressure water blasting self-rotating surface cleaning tool is a surface cleaner with magnetic braking system installed on the spray gun. It rotate at a controlled speed while producing centralized and dense flows. This lightweight cleaning head can be connected to any type of high pressure cleaners and is easy to maintain. Working pressure of cleaning tool rated up to 22K or 40k psi(1500bar or 2800bar), it can be applies in industrial equipment surface preparation, ship hull rust and paint removal.","og_url":"https:\/\/panwinjet.com\/fr\/produit\/2800bar-40kpsi-uhp-hydro-jetting-barracude-self-rotating-surface-preperation-nozzle\/","og_site_name":"Panwin Machinery&amp;Equipment","og_image":[{"width":2276,"height":1024,"url":"https:\/\/panwinjet.com\/wp-content\/uploads\/2026\/03\/2800Bar-Barracuda-Nozzles-1.jpg","type":"image\/jpeg"}],"twitter_card":"summary_large_image","twitter_misc":{"Dur\u00e9e de lecture estim\u00e9e":"1 minute"},"schema":{"@context":"https:\/\/schema.org","@graph":[{"@type":"WebPage","@id":"https:\/\/panwinjet.com\/product\/2800bar-40kpsi-uhp-hydro-jetting-barracude-self-rotating-surface-preperation-nozzle\/","url":"https:\/\/panwinjet.com\/product\/2800bar-40kpsi-uhp-hydro-jetting-barracude-self-rotating-surface-preperation-nozzle\/","name":"2800Bar 40Kpsi UHP Hydro-Jetting Barracude Self-Rotating Surface Preperation Nozzle - Panwin Machinery&amp;Equipment","isPartOf":{"@id":"https:\/\/panwinjet.com\/#website"},"primaryImageOfPage":{"@id":"https:\/\/panwinjet.com\/product\/2800bar-40kpsi-uhp-hydro-jetting-barracude-self-rotating-surface-preperation-nozzle\/#primaryimage"},"image":{"@id":"https:\/\/panwinjet.com\/product\/2800bar-40kpsi-uhp-hydro-jetting-barracude-self-rotating-surface-preperation-nozzle\/#primaryimage"},"thumbnailUrl":"https:\/\/panwinjet.com\/wp-content\/uploads\/2026\/03\/2800Bar-Barracuda-Nozzles-1.jpg","datePublished":"2026-03-18T09:55:39+00:00","breadcrumb":{"@id":"https:\/\/panwinjet.com\/product\/2800bar-40kpsi-uhp-hydro-jetting-barracude-self-rotating-surface-preperation-nozzle\/#breadcrumb"},"inLanguage":"fr-FR","potentialAction":[{"@type":"ReadAction","target":["https:\/\/panwinjet.com\/product\/2800bar-40kpsi-uhp-hydro-jetting-barracude-self-rotating-surface-preperation-nozzle\/"]}]},{"@type":"ImageObject","inLanguage":"fr-FR","@id":"https:\/\/panwinjet.com\/product\/2800bar-40kpsi-uhp-hydro-jetting-barracude-self-rotating-surface-preperation-nozzle\/#primaryimage","url":"https:\/\/panwinjet.com\/wp-content\/uploads\/2026\/03\/2800Bar-Barracuda-Nozzles-1.jpg","contentUrl":"https:\/\/panwinjet.com\/wp-content\/uploads\/2026\/03\/2800Bar-Barracuda-Nozzles-1.jpg","width":2276,"height":1024},{"@type":"BreadcrumbList","@id":"https:\/\/panwinjet.com\/product\/2800bar-40kpsi-uhp-hydro-jetting-barracude-self-rotating-surface-preperation-nozzle\/#breadcrumb","itemListElement":[{"@type":"ListItem","position":1,"name":"\u9996\u9875","item":"https:\/\/panwinjet.com\/"},{"@type":"ListItem","position":2,"name":"PRODUCT","item":"https:\/\/panwinjet.com\/product\/"},{"@type":"ListItem","position":3,"name":"2800Bar 40Kpsi UHP Hydro-Jetting Barracude Self-Rotating Surface Preperation Nozzle"}]},{"@type":"WebSite","@id":"https:\/\/panwinjet.com\/#website","url":"https:\/\/panwinjet.com\/","name":"Panwin Machinery&amp;Equipment","description":"Shenzhen Panwin Machinery&amp;Equipment Co.Ltd","potentialAction":[{"@type":"SearchAction","target":{"@type":"EntryPoint","urlTemplate":"https:\/\/panwinjet.com\/?s={search_term_string}"},"query-input":{"@type":"PropertyValueSpecification","valueRequired":true,"valueName":"search_term_string"}}],"inLanguage":"fr-FR"}]}},"_links":{"self":[{"href":"https:\/\/panwinjet.com\/fr\/wp-json\/wp\/v2\/product\/2069","targetHints":{"allow":["GET"]}}],"collection":[{"href":"https:\/\/panwinjet.com\/fr\/wp-json\/wp\/v2\/product"}],"about":[{"href":"https:\/\/panwinjet.com\/fr\/wp-json\/wp\/v2\/types\/product"}],"wp:featuredmedia":[{"embeddable":true,"href":"https:\/\/panwinjet.com\/fr\/wp-json\/wp\/v2\/media\/2077"}],"wp:attachment":[{"href":"https:\/\/panwinjet.com\/fr\/wp-json\/wp\/v2\/media?parent=2069"}],"wp:term":[{"taxonomy":"product_brand","embeddable":true,"href":"https:\/\/panwinjet.com\/fr\/wp-json\/wp\/v2\/product_brand?post=2069"},{"taxonomy":"product_cat","embeddable":true,"href":"https:\/\/panwinjet.com\/fr\/wp-json\/wp\/v2\/product_cat?post=2069"},{"taxonomy":"product_tag","embeddable":true,"href":"https:\/\/panwinjet.com\/fr\/wp-json\/wp\/v2\/product_tag?post=2069"}],"curies":[{"name":"wp","href":"https:\/\/api.w.org\/{rel}","templated":true}]}}