{"id":2058,"date":"2026-03-17T00:02:58","date_gmt":"2026-03-17T00:02:58","guid":{"rendered":"https:\/\/panwinjet.com\/?post_type=product&#038;p=2058"},"modified":"2026-03-17T00:02:59","modified_gmt":"2026-03-17T00:02:59","slug":"22kpsi-1500bar-uhp-pressure-water-jet-cleaning-hydro-jetting-6-rhino-pipeline-cleaning-nozzle","status":"publish","type":"product","link":"https:\/\/panwinjet.com\/fr\/produit\/22kpsi-1500bar-uhp-pressure-water-jet-cleaning-hydro-jetting-6-rhino-pipeline-cleaning-nozzle\/","title":{"rendered":"22kpsi 1500Bar UHP Pressure Water Jet cleaning Hydro-Jetting 6&#8243; Rhino Pipeline Cleaning Nozzle"},"content":{"rendered":"<p>Panwin sell the excellent quality 22000psi Pressure Water blasting 6inch bend nozzles have great superiority and features as follows:<br \/>\n1 : Performance de nettoyage globale.<br \/>\nCette buse auto-rotative de nettoyage de canalisations hydrauliques est con\u00e7ue pour un acc\u00e8s et un nettoyage faciles des coudes \u00e0 90\u00b0 des tuyaux de 6 pouces, et poss\u00e8de des jets avant, lat\u00e9raux et arri\u00e8re qui \u00e9liminent les obstructions.<br \/>\nElle propulse l&#039;outil dans le tuyau pour une puissance de nettoyage maximale et une usure minimale.<\/p>\n<p>2 : L&#039;eau assure un mouvement d&#039;auto-rotation, sans besoin d&#039;huile ni de roulement \u00e0 billes.<br \/>\nL&#039;eau en mouvement assure la rotation et cr\u00e9e le palier sur lequel tournent les buses. Aucun remplacement d&#039;huile ni de roulements \u00e0 billes n&#039;est n\u00e9cessaire.<\/p>\n<p>3: Insert de buses multiport pour un nettoyage \u00e0 360 degr\u00e9s.<br \/>\n\u00c9quip\u00e9 de deux ports orient\u00e9s vers l&#039;avant \u00e0 10\u00b0 et deux \u00e0 45\u00b0, de deux ports radiaux \u00e0 100\u00b0 et de deux ports orient\u00e9s vers l&#039;arri\u00e8re \u00e0 135\u00b0 qui acceptent deux types de buses disponibles en option.<\/p>\n<p>4 : Contr\u00f4le de la vitesse, nettoyage puissant et usure minimale.<br \/>\nIl est con\u00e7u avec un syst\u00e8me de freinage par courants de Foucault qui contr\u00f4le la vitesse de rotation pour une puissance de nettoyage maximale et une usure minimale.<\/p>\n<p>5 : Service facile.<br \/>\nEnti\u00e8rement r\u00e9parable sur place en quelques minutes seulement, un gain de temps pr\u00e9cieux.<\/p>\n<p>Cette machine de nettoyage au jet d&#039;eau sous pression de 22 kpsi, \u00e9quip\u00e9e d&#039;une buse de nettoyage pour tuyaux coud\u00e9s de 6 pouces, peut \u00eatre utilis\u00e9e dans de nombreux proc\u00e9d\u00e9s de nettoyage : nettoyage de surfaces, nettoyage de tuyaux et de tubes, nettoyage de r\u00e9servoirs et de cuves, etc. Elle est particuli\u00e8rement utilis\u00e9e pour les tuyaux coud\u00e9s de 6 pouces, offrant une efficacit\u00e9 in\u00e9gal\u00e9e et permettant un gain de temps consid\u00e9rable.<\/p>","protected":false},"excerpt":{"rendered":"<p>La buse de nettoyage de canalisations coud\u00e9es de 6 pouces de la machine de nettoyage au jet d&#039;eau \u00e0 pression de 22 kpsi est con\u00e7ue pour \u00eatre une buse auto-rotative facilitant l&#039;acc\u00e8s et le nettoyage des coudes \u00e0 90\u00b0 des tuyaux de 6 pouces.<br \/>\nIl offre des performances de nettoyage compl\u00e8tes et est \u00e9quip\u00e9 de jets avant, lat\u00e9raux et arri\u00e8re permettant d&#039;\u00e9liminer les obstructions. C&#039;est un outil de nettoyage de canalisations puissant, id\u00e9al pour les t\u00e2ches difficiles dans les champs p\u00e9troliers, les pipelines chimiques, etc.<\/p>","protected":false},"featured_media":2061,"template":"","meta":[],"product_brand":[],"product_cat":[8,10],"product_tag":[153,155,154],"class_list":{"0":"post-2058","1":"product","2":"type-product","3":"status-publish","4":"has-post-thumbnail","6":"product_cat-giant-tank-cleaningcutting-device","7":"product_cat-pipeline-tube-uhp-water-blasting-cleaning-device","8":"product_tag-uhp-hydro-jet-rhino-6","9":"product_tag-uhp-hydro-jetting-rhino-6","10":"product_tag-uhp-waterblasting-badger-6-rotary-nozzles","12":"first","13":"instock","14":"shipping-taxable","15":"product-type-simple"},"yoast_head":"<!-- This site is optimized with the Yoast SEO plugin v24.9 - https:\/\/yoast.com\/wordpress\/plugins\/seo\/ -->\n<title>22kpsi 1500Bar UHP Pressure Water Jet cleaning Hydro-Jetting 6&quot; Rhino Pipeline Cleaning Nozzle - Panwin Machinery&amp;Equipment<\/title>\n<meta name=\"robots\" content=\"index, follow, max-snippet:-1, max-image-preview:large, max-video-preview:-1\" \/>\n<link rel=\"canonical\" href=\"https:\/\/panwinjet.com\/fr\/produit\/22kpsi-1500bar-uhp-pressure-water-jet-cleaning-hydro-jetting-6-rhino-pipeline-cleaning-nozzle\/\" \/>\n<meta property=\"og:locale\" content=\"fr_FR\" \/>\n<meta property=\"og:type\" content=\"article\" \/>\n<meta property=\"og:title\" content=\"22kpsi 1500Bar UHP Pressure Water Jet cleaning Hydro-Jetting 6&quot; Rhino Pipeline Cleaning Nozzle - Panwin Machinery&amp;Equipment\" \/>\n<meta property=\"og:description\" content=\"The 22kpsi Pressure Water Jet cleaning machine 6&quot; Bend Pipeline Cleaning Nozzle is designed to be a self-rotating nozzle for easy access and cleaning wash bend 90\u00b06 inch pipe, It has all-around cleaning performance and It has front, side, and rear jets that clear blockages. It is powerful pipe cleaning tool for tough tasks in Oil field, chemical pipeline Tube cleaning etc.\" \/>\n<meta property=\"og:url\" content=\"https:\/\/panwinjet.com\/fr\/produit\/22kpsi-1500bar-uhp-pressure-water-jet-cleaning-hydro-jetting-6-rhino-pipeline-cleaning-nozzle\/\" \/>\n<meta property=\"og:site_name\" content=\"Panwin Machinery&amp;Equipment\" \/>\n<meta property=\"article:modified_time\" content=\"2026-03-17T00:02:59+00:00\" \/>\n<meta property=\"og:image\" content=\"https:\/\/panwinjet.com\/wp-content\/uploads\/2026\/03\/6\u5bf8\u704c\u732a6-scaled.jpg\" \/>\n\t<meta property=\"og:image:width\" content=\"1152\" \/>\n\t<meta property=\"og:image:height\" content=\"2560\" \/>\n\t<meta property=\"og:image:type\" content=\"image\/jpeg\" \/>\n<meta name=\"twitter:card\" content=\"summary_large_image\" \/>\n<meta name=\"twitter:label1\" content=\"Dur\u00e9e de lecture estim\u00e9e\" \/>\n\t<meta name=\"twitter:data1\" content=\"2 minutes\" \/>\n<script type=\"application\/ld+json\" class=\"yoast-schema-graph\">{\"@context\":\"https:\/\/schema.org\",\"@graph\":[{\"@type\":\"WebPage\",\"@id\":\"https:\/\/panwinjet.com\/product\/22kpsi-1500bar-uhp-pressure-water-jet-cleaning-hydro-jetting-6-rhino-pipeline-cleaning-nozzle\/\",\"url\":\"https:\/\/panwinjet.com\/product\/22kpsi-1500bar-uhp-pressure-water-jet-cleaning-hydro-jetting-6-rhino-pipeline-cleaning-nozzle\/\",\"name\":\"22kpsi 1500Bar UHP Pressure Water Jet cleaning Hydro-Jetting 6\\\" Rhino Pipeline Cleaning Nozzle - Panwin Machinery&amp;Equipment\",\"isPartOf\":{\"@id\":\"https:\/\/panwinjet.com\/#website\"},\"primaryImageOfPage\":{\"@id\":\"https:\/\/panwinjet.com\/product\/22kpsi-1500bar-uhp-pressure-water-jet-cleaning-hydro-jetting-6-rhino-pipeline-cleaning-nozzle\/#primaryimage\"},\"image\":{\"@id\":\"https:\/\/panwinjet.com\/product\/22kpsi-1500bar-uhp-pressure-water-jet-cleaning-hydro-jetting-6-rhino-pipeline-cleaning-nozzle\/#primaryimage\"},\"thumbnailUrl\":\"https:\/\/panwinjet.com\/wp-content\/uploads\/2026\/03\/6\u5bf8\u704c\u732a6-scaled.jpg\",\"datePublished\":\"2026-03-17T00:02:58+00:00\",\"dateModified\":\"2026-03-17T00:02:59+00:00\",\"breadcrumb\":{\"@id\":\"https:\/\/panwinjet.com\/product\/22kpsi-1500bar-uhp-pressure-water-jet-cleaning-hydro-jetting-6-rhino-pipeline-cleaning-nozzle\/#breadcrumb\"},\"inLanguage\":\"fr-FR\",\"potentialAction\":[{\"@type\":\"ReadAction\",\"target\":[\"https:\/\/panwinjet.com\/product\/22kpsi-1500bar-uhp-pressure-water-jet-cleaning-hydro-jetting-6-rhino-pipeline-cleaning-nozzle\/\"]}]},{\"@type\":\"ImageObject\",\"inLanguage\":\"fr-FR\",\"@id\":\"https:\/\/panwinjet.com\/product\/22kpsi-1500bar-uhp-pressure-water-jet-cleaning-hydro-jetting-6-rhino-pipeline-cleaning-nozzle\/#primaryimage\",\"url\":\"https:\/\/panwinjet.com\/wp-content\/uploads\/2026\/03\/6\u5bf8\u704c\u732a6-scaled.jpg\",\"contentUrl\":\"https:\/\/panwinjet.com\/wp-content\/uploads\/2026\/03\/6\u5bf8\u704c\u732a6-scaled.jpg\",\"width\":1152,\"height\":2560},{\"@type\":\"BreadcrumbList\",\"@id\":\"https:\/\/panwinjet.com\/product\/22kpsi-1500bar-uhp-pressure-water-jet-cleaning-hydro-jetting-6-rhino-pipeline-cleaning-nozzle\/#breadcrumb\",\"itemListElement\":[{\"@type\":\"ListItem\",\"position\":1,\"name\":\"\u9996\u9875\",\"item\":\"https:\/\/panwinjet.com\/\"},{\"@type\":\"ListItem\",\"position\":2,\"name\":\"PRODUCT\",\"item\":\"https:\/\/panwinjet.com\/product\/\"},{\"@type\":\"ListItem\",\"position\":3,\"name\":\"22kpsi 1500Bar UHP Pressure Water Jet cleaning Hydro-Jetting 6&#8243; Rhino Pipeline Cleaning Nozzle\"}]},{\"@type\":\"WebSite\",\"@id\":\"https:\/\/panwinjet.com\/#website\",\"url\":\"https:\/\/panwinjet.com\/\",\"name\":\"Panwin Machinery&amp;Equipment\",\"description\":\"Shenzhen Panwin Machinery&amp;Equipment Co.Ltd\",\"potentialAction\":[{\"@type\":\"SearchAction\",\"target\":{\"@type\":\"EntryPoint\",\"urlTemplate\":\"https:\/\/panwinjet.com\/?s={search_term_string}\"},\"query-input\":{\"@type\":\"PropertyValueSpecification\",\"valueRequired\":true,\"valueName\":\"search_term_string\"}}],\"inLanguage\":\"fr-FR\"}]}<\/script>\n<!-- \/ Yoast SEO plugin. -->","yoast_head_json":{"title":"22kpsi 1500Bar UHP Pressure Water Jet cleaning Hydro-Jetting 6\" Rhino Pipeline Cleaning Nozzle - Panwin Machinery&amp;Equipment","robots":{"index":"index","follow":"follow","max-snippet":"max-snippet:-1","max-image-preview":"max-image-preview:large","max-video-preview":"max-video-preview:-1"},"canonical":"https:\/\/panwinjet.com\/fr\/produit\/22kpsi-1500bar-uhp-pressure-water-jet-cleaning-hydro-jetting-6-rhino-pipeline-cleaning-nozzle\/","og_locale":"fr_FR","og_type":"article","og_title":"22kpsi 1500Bar UHP Pressure Water Jet cleaning Hydro-Jetting 6\" Rhino Pipeline Cleaning Nozzle - Panwin Machinery&amp;Equipment","og_description":"The 22kpsi Pressure Water Jet cleaning machine 6\" Bend Pipeline Cleaning Nozzle is designed to be a self-rotating nozzle for easy access and cleaning wash bend 90\u00b06 inch pipe, It has all-around cleaning performance and It has front, side, and rear jets that clear blockages. It is powerful pipe cleaning tool for tough tasks in Oil field, chemical pipeline Tube cleaning etc.","og_url":"https:\/\/panwinjet.com\/fr\/produit\/22kpsi-1500bar-uhp-pressure-water-jet-cleaning-hydro-jetting-6-rhino-pipeline-cleaning-nozzle\/","og_site_name":"Panwin Machinery&amp;Equipment","article_modified_time":"2026-03-17T00:02:59+00:00","og_image":[{"width":1152,"height":2560,"url":"https:\/\/panwinjet.com\/wp-content\/uploads\/2026\/03\/6\u5bf8\u704c\u732a6-scaled.jpg","type":"image\/jpeg"}],"twitter_card":"summary_large_image","twitter_misc":{"Dur\u00e9e de lecture estim\u00e9e":"2 minutes"},"schema":{"@context":"https:\/\/schema.org","@graph":[{"@type":"WebPage","@id":"https:\/\/panwinjet.com\/product\/22kpsi-1500bar-uhp-pressure-water-jet-cleaning-hydro-jetting-6-rhino-pipeline-cleaning-nozzle\/","url":"https:\/\/panwinjet.com\/product\/22kpsi-1500bar-uhp-pressure-water-jet-cleaning-hydro-jetting-6-rhino-pipeline-cleaning-nozzle\/","name":"22kpsi 1500Bar UHP Pressure Water Jet cleaning Hydro-Jetting 6\" Rhino Pipeline Cleaning Nozzle - Panwin Machinery&amp;Equipment","isPartOf":{"@id":"https:\/\/panwinjet.com\/#website"},"primaryImageOfPage":{"@id":"https:\/\/panwinjet.com\/product\/22kpsi-1500bar-uhp-pressure-water-jet-cleaning-hydro-jetting-6-rhino-pipeline-cleaning-nozzle\/#primaryimage"},"image":{"@id":"https:\/\/panwinjet.com\/product\/22kpsi-1500bar-uhp-pressure-water-jet-cleaning-hydro-jetting-6-rhino-pipeline-cleaning-nozzle\/#primaryimage"},"thumbnailUrl":"https:\/\/panwinjet.com\/wp-content\/uploads\/2026\/03\/6\u5bf8\u704c\u732a6-scaled.jpg","datePublished":"2026-03-17T00:02:58+00:00","dateModified":"2026-03-17T00:02:59+00:00","breadcrumb":{"@id":"https:\/\/panwinjet.com\/product\/22kpsi-1500bar-uhp-pressure-water-jet-cleaning-hydro-jetting-6-rhino-pipeline-cleaning-nozzle\/#breadcrumb"},"inLanguage":"fr-FR","potentialAction":[{"@type":"ReadAction","target":["https:\/\/panwinjet.com\/product\/22kpsi-1500bar-uhp-pressure-water-jet-cleaning-hydro-jetting-6-rhino-pipeline-cleaning-nozzle\/"]}]},{"@type":"ImageObject","inLanguage":"fr-FR","@id":"https:\/\/panwinjet.com\/product\/22kpsi-1500bar-uhp-pressure-water-jet-cleaning-hydro-jetting-6-rhino-pipeline-cleaning-nozzle\/#primaryimage","url":"https:\/\/panwinjet.com\/wp-content\/uploads\/2026\/03\/6\u5bf8\u704c\u732a6-scaled.jpg","contentUrl":"https:\/\/panwinjet.com\/wp-content\/uploads\/2026\/03\/6\u5bf8\u704c\u732a6-scaled.jpg","width":1152,"height":2560},{"@type":"BreadcrumbList","@id":"https:\/\/panwinjet.com\/product\/22kpsi-1500bar-uhp-pressure-water-jet-cleaning-hydro-jetting-6-rhino-pipeline-cleaning-nozzle\/#breadcrumb","itemListElement":[{"@type":"ListItem","position":1,"name":"\u9996\u9875","item":"https:\/\/panwinjet.com\/"},{"@type":"ListItem","position":2,"name":"PRODUCT","item":"https:\/\/panwinjet.com\/product\/"},{"@type":"ListItem","position":3,"name":"22kpsi 1500Bar UHP Pressure Water Jet cleaning Hydro-Jetting 6&#8243; Rhino Pipeline Cleaning Nozzle"}]},{"@type":"WebSite","@id":"https:\/\/panwinjet.com\/#website","url":"https:\/\/panwinjet.com\/","name":"Panwin Machinery&amp;Equipment","description":"Shenzhen Panwin Machinery&amp;Equipment Co.Ltd","potentialAction":[{"@type":"SearchAction","target":{"@type":"EntryPoint","urlTemplate":"https:\/\/panwinjet.com\/?s={search_term_string}"},"query-input":{"@type":"PropertyValueSpecification","valueRequired":true,"valueName":"search_term_string"}}],"inLanguage":"fr-FR"}]}},"_links":{"self":[{"href":"https:\/\/panwinjet.com\/fr\/wp-json\/wp\/v2\/product\/2058","targetHints":{"allow":["GET"]}}],"collection":[{"href":"https:\/\/panwinjet.com\/fr\/wp-json\/wp\/v2\/product"}],"about":[{"href":"https:\/\/panwinjet.com\/fr\/wp-json\/wp\/v2\/types\/product"}],"wp:featuredmedia":[{"embeddable":true,"href":"https:\/\/panwinjet.com\/fr\/wp-json\/wp\/v2\/media\/2061"}],"wp:attachment":[{"href":"https:\/\/panwinjet.com\/fr\/wp-json\/wp\/v2\/media?parent=2058"}],"wp:term":[{"taxonomy":"product_brand","embeddable":true,"href":"https:\/\/panwinjet.com\/fr\/wp-json\/wp\/v2\/product_brand?post=2058"},{"taxonomy":"product_cat","embeddable":true,"href":"https:\/\/panwinjet.com\/fr\/wp-json\/wp\/v2\/product_cat?post=2058"},{"taxonomy":"product_tag","embeddable":true,"href":"https:\/\/panwinjet.com\/fr\/wp-json\/wp\/v2\/product_tag?post=2058"}],"curies":[{"name":"wp","href":"https:\/\/api.w.org\/{rel}","templated":true}]}}