{"id":2025,"date":"2026-01-23T13:08:34","date_gmt":"2026-01-23T13:08:34","guid":{"rendered":"https:\/\/panwinjet.com\/?post_type=product&#038;p=2025"},"modified":"2026-01-23T13:08:34","modified_gmt":"2026-01-23T13:08:34","slug":"14500kpsi-1000bar-pressure-water-jet-blasting-surface-perpetration-flat-jet-cleaning-rotary-for-802-3501-monro-jet-style-mvt-f2-nozzles","status":"publish","type":"product","link":"https:\/\/panwinjet.com\/fr\/produit\/14500kpsi-1000bar-pressure-water-jet-blasting-surface-perpetration-flat-jet-cleaning-rotary-for-802-3501-monro-jet-style-mvt-f2-nozzles\/","title":{"rendered":"14500KPSI 1000Bar Pressure Water Jet Blasting Surface Perpetration Flat Jet cleaning Rotary for 802-3501 monro Jet Style MVT F2 Nozzles"},"content":{"rendered":"<p>The 1000Bar Pressure Water Jet Blasting Paint Removal cleaning Rotary Flat Jet for monro MVT F2 Nozzles has quite advantages and superior Features:<br \/>\n1 : Niveaux de capacit\u00e9 de nettoyage plus \u00e9lev\u00e9s<br \/>\n2 : Qualit\u00e9 de jet constante<br \/>\n3 : Longue dur\u00e9e de vie<br \/>\n4 : L\u00e9ger, durable et fiable<br \/>\n5 : Facile \u00e0 installer et \u00e0 d\u00e9monter<\/p>\n<p>Application:<br \/>\nIndustrie du fer, de l&#039;acier et des m\u00e9taux : sablage hydrodynamique<br \/>\nIng\u00e9nierie m\u00e9canique et des appareils pour nettoyeurs haute pression<br \/>\nIndustrie du ciment et du b\u00e9ton<br \/>\nMachine de nettoyage \u00e0 haute pression pour l&#039;industrie du raffinage du p\u00e9trole<br \/>\nNettoyage de surface par hydrojet<br \/>\nNettoyage de v\u00e9hicules (peinture), nettoyage pour l&#039;industrie mini\u00e8re, nettoyage pour la fabrication d&#039;acier, etc.<br \/>\n\u00c9quipement de nettoyage des \u00e9gouts \u00e0 haute pression pour les r\u00e9seaux de canalisations municipales d&#039;adduction d&#039;eau et de drainage\u00a0;<br \/>\nNettoyage et \u00e9bavurage des pi\u00e8ces moul\u00e9es<br \/>\n\u00c9limination des rev\u00eatements de surface<br \/>\nD\u00e9ploiement en mer<br \/>\nConstruction navale<br \/>\nD\u00e9molition du b\u00e9ton<br \/>\nEnl\u00e8vement des couches de bitume<br \/>\nD\u00e9capage de peinture<\/p>","protected":false},"excerpt":{"rendered":"<p>14500KPSI 1000Bar Pressure Water Jet Blasting Surface Perpetration Flat Jet cleaning Rotary for 802-3501 monro Jet Style MVT F2 Nozzles<br \/>\nThis F2 Rotary Flat Jet for monro MVT F1 nozzles combine the high power of the point jet with the large area output of the flat jet. They can be used with all approved high-pressure fittings and mounted on lances.<br \/>\nThis Models Rotary Flat Jet for monro MVT F2 Nozzles can be used up to an operating pressure of 1000 bar, and three different connection thread types are available.<br \/>\ncompact design, Rotor Diameter:0.60-2.8mm for different flow rate level,This Rotary Flat Jet F2 Nozzles can be used both in building construction and in civil engineering for surface treatment and cleaning.<\/p>","protected":false},"featured_media":2031,"template":"","meta":[],"product_brand":[],"product_cat":[10,11,5],"product_tag":[147,146,145],"class_list":{"0":"post-2025","1":"product","2":"type-product","3":"status-publish","4":"has-post-thumbnail","6":"product_cat-pipeline-tube-uhp-water-blasting-cleaning-device","7":"product_cat-ship-cleaning-device","8":"product_cat-uhp-rotating-nozzles","9":"product_tag-14500kpsi-1000bar-pressure-water","10":"product_tag-monro-jet-nozzles","11":"product_tag-mvt-f2-nozzles","13":"first","14":"instock","15":"shipping-taxable","16":"product-type-simple"},"yoast_head":"<!-- This site is optimized with the Yoast SEO plugin v24.9 - https:\/\/yoast.com\/wordpress\/plugins\/seo\/ -->\n<title>14500KPSI 1000Bar Pressure Water Jet Blasting Surface Perpetration Flat Jet cleaning Rotary for 802-3501 monro Jet Style MVT F2 Nozzles - Panwin Machinery&amp;Equipment<\/title>\n<meta name=\"robots\" content=\"index, follow, max-snippet:-1, max-image-preview:large, max-video-preview:-1\" \/>\n<link rel=\"canonical\" href=\"https:\/\/panwinjet.com\/fr\/produit\/14500kpsi-1000bar-pressure-water-jet-blasting-surface-perpetration-flat-jet-cleaning-rotary-for-802-3501-monro-jet-style-mvt-f2-nozzles\/\" \/>\n<meta property=\"og:locale\" content=\"fr_FR\" \/>\n<meta property=\"og:type\" content=\"article\" \/>\n<meta property=\"og:title\" content=\"14500KPSI 1000Bar Pressure Water Jet Blasting Surface Perpetration Flat Jet cleaning Rotary for 802-3501 monro Jet Style MVT F2 Nozzles - Panwin Machinery&amp;Equipment\" \/>\n<meta property=\"og:description\" content=\"14500KPSI 1000Bar Pressure Water Jet Blasting Surface Perpetration Flat Jet cleaning Rotary for 802-3501 monro Jet Style MVT F2 Nozzles This F2 Rotary Flat Jet for monro MVT F1 nozzles combine the high power of the point jet with the large area output of the flat jet. They can be used with all approved high-pressure fittings and mounted on lances. This Models Rotary Flat Jet for monro MVT F2 Nozzles can be used up to an operating pressure of 1000 bar, and three different connection thread types are available. compact design, Rotor Diameter:0.60-2.8mm for different flow rate level,This Rotary Flat Jet F2 Nozzles can be used both in building construction and in civil engineering for surface treatment and cleaning.\" \/>\n<meta property=\"og:url\" content=\"https:\/\/panwinjet.com\/fr\/produit\/14500kpsi-1000bar-pressure-water-jet-blasting-surface-perpetration-flat-jet-cleaning-rotary-for-802-3501-monro-jet-style-mvt-f2-nozzles\/\" \/>\n<meta property=\"og:site_name\" content=\"Panwin Machinery&amp;Equipment\" \/>\n<meta property=\"og:image\" content=\"https:\/\/panwinjet.com\/wp-content\/uploads\/2026\/01\/MVT-F2-Nozzles-2-1-scaled.jpg\" \/>\n\t<meta property=\"og:image:width\" content=\"1152\" \/>\n\t<meta property=\"og:image:height\" content=\"2560\" \/>\n\t<meta property=\"og:image:type\" content=\"image\/jpeg\" \/>\n<meta name=\"twitter:card\" content=\"summary_large_image\" \/>\n<meta name=\"twitter:label1\" content=\"Dur\u00e9e de lecture estim\u00e9e\" \/>\n\t<meta name=\"twitter:data1\" content=\"1 minute\" \/>\n<script type=\"application\/ld+json\" class=\"yoast-schema-graph\">{\"@context\":\"https:\/\/schema.org\",\"@graph\":[{\"@type\":\"WebPage\",\"@id\":\"https:\/\/panwinjet.com\/product\/14500kpsi-1000bar-pressure-water-jet-blasting-surface-perpetration-flat-jet-cleaning-rotary-for-802-3501-monro-jet-style-mvt-f2-nozzles\/\",\"url\":\"https:\/\/panwinjet.com\/product\/14500kpsi-1000bar-pressure-water-jet-blasting-surface-perpetration-flat-jet-cleaning-rotary-for-802-3501-monro-jet-style-mvt-f2-nozzles\/\",\"name\":\"14500KPSI 1000Bar Pressure Water Jet Blasting Surface Perpetration Flat Jet cleaning Rotary for 802-3501 monro Jet Style MVT F2 Nozzles - Panwin Machinery&amp;Equipment\",\"isPartOf\":{\"@id\":\"https:\/\/panwinjet.com\/#website\"},\"primaryImageOfPage\":{\"@id\":\"https:\/\/panwinjet.com\/product\/14500kpsi-1000bar-pressure-water-jet-blasting-surface-perpetration-flat-jet-cleaning-rotary-for-802-3501-monro-jet-style-mvt-f2-nozzles\/#primaryimage\"},\"image\":{\"@id\":\"https:\/\/panwinjet.com\/product\/14500kpsi-1000bar-pressure-water-jet-blasting-surface-perpetration-flat-jet-cleaning-rotary-for-802-3501-monro-jet-style-mvt-f2-nozzles\/#primaryimage\"},\"thumbnailUrl\":\"https:\/\/panwinjet.com\/wp-content\/uploads\/2026\/01\/MVT-F2-Nozzles-2-1-scaled.jpg\",\"datePublished\":\"2026-01-23T13:08:34+00:00\",\"breadcrumb\":{\"@id\":\"https:\/\/panwinjet.com\/product\/14500kpsi-1000bar-pressure-water-jet-blasting-surface-perpetration-flat-jet-cleaning-rotary-for-802-3501-monro-jet-style-mvt-f2-nozzles\/#breadcrumb\"},\"inLanguage\":\"fr-FR\",\"potentialAction\":[{\"@type\":\"ReadAction\",\"target\":[\"https:\/\/panwinjet.com\/product\/14500kpsi-1000bar-pressure-water-jet-blasting-surface-perpetration-flat-jet-cleaning-rotary-for-802-3501-monro-jet-style-mvt-f2-nozzles\/\"]}]},{\"@type\":\"ImageObject\",\"inLanguage\":\"fr-FR\",\"@id\":\"https:\/\/panwinjet.com\/product\/14500kpsi-1000bar-pressure-water-jet-blasting-surface-perpetration-flat-jet-cleaning-rotary-for-802-3501-monro-jet-style-mvt-f2-nozzles\/#primaryimage\",\"url\":\"https:\/\/panwinjet.com\/wp-content\/uploads\/2026\/01\/MVT-F2-Nozzles-2-1-scaled.jpg\",\"contentUrl\":\"https:\/\/panwinjet.com\/wp-content\/uploads\/2026\/01\/MVT-F2-Nozzles-2-1-scaled.jpg\",\"width\":1152,\"height\":2560},{\"@type\":\"BreadcrumbList\",\"@id\":\"https:\/\/panwinjet.com\/product\/14500kpsi-1000bar-pressure-water-jet-blasting-surface-perpetration-flat-jet-cleaning-rotary-for-802-3501-monro-jet-style-mvt-f2-nozzles\/#breadcrumb\",\"itemListElement\":[{\"@type\":\"ListItem\",\"position\":1,\"name\":\"\u9996\u9875\",\"item\":\"https:\/\/panwinjet.com\/\"},{\"@type\":\"ListItem\",\"position\":2,\"name\":\"PRODUCT\",\"item\":\"https:\/\/panwinjet.com\/product\/\"},{\"@type\":\"ListItem\",\"position\":3,\"name\":\"14500KPSI 1000Bar Pressure Water Jet Blasting Surface Perpetration Flat Jet cleaning Rotary for 802-3501 monro Jet Style MVT F2 Nozzles\"}]},{\"@type\":\"WebSite\",\"@id\":\"https:\/\/panwinjet.com\/#website\",\"url\":\"https:\/\/panwinjet.com\/\",\"name\":\"Panwin Machinery&amp;Equipment\",\"description\":\"Shenzhen Panwin Machinery&amp;Equipment Co.Ltd\",\"potentialAction\":[{\"@type\":\"SearchAction\",\"target\":{\"@type\":\"EntryPoint\",\"urlTemplate\":\"https:\/\/panwinjet.com\/?s={search_term_string}\"},\"query-input\":{\"@type\":\"PropertyValueSpecification\",\"valueRequired\":true,\"valueName\":\"search_term_string\"}}],\"inLanguage\":\"fr-FR\"}]}<\/script>\n<!-- \/ Yoast SEO plugin. -->","yoast_head_json":{"title":"14500KPSI 1000Bar Pressure Water Jet Blasting Surface Perpetration Flat Jet cleaning Rotary for 802-3501 monro Jet Style MVT F2 Nozzles - Panwin Machinery&amp;Equipment","robots":{"index":"index","follow":"follow","max-snippet":"max-snippet:-1","max-image-preview":"max-image-preview:large","max-video-preview":"max-video-preview:-1"},"canonical":"https:\/\/panwinjet.com\/fr\/produit\/14500kpsi-1000bar-pressure-water-jet-blasting-surface-perpetration-flat-jet-cleaning-rotary-for-802-3501-monro-jet-style-mvt-f2-nozzles\/","og_locale":"fr_FR","og_type":"article","og_title":"14500KPSI 1000Bar Pressure Water Jet Blasting Surface Perpetration Flat Jet cleaning Rotary for 802-3501 monro Jet Style MVT F2 Nozzles - Panwin Machinery&amp;Equipment","og_description":"14500KPSI 1000Bar Pressure Water Jet Blasting Surface Perpetration Flat Jet cleaning Rotary for 802-3501 monro Jet Style MVT F2 Nozzles This F2 Rotary Flat Jet for monro MVT F1 nozzles combine the high power of the point jet with the large area output of the flat jet. They can be used with all approved high-pressure fittings and mounted on lances. This Models Rotary Flat Jet for monro MVT F2 Nozzles can be used up to an operating pressure of 1000 bar, and three different connection thread types are available. compact design, Rotor Diameter:0.60-2.8mm for different flow rate level,This Rotary Flat Jet F2 Nozzles can be used both in building construction and in civil engineering for surface treatment and cleaning.","og_url":"https:\/\/panwinjet.com\/fr\/produit\/14500kpsi-1000bar-pressure-water-jet-blasting-surface-perpetration-flat-jet-cleaning-rotary-for-802-3501-monro-jet-style-mvt-f2-nozzles\/","og_site_name":"Panwin Machinery&amp;Equipment","og_image":[{"width":1152,"height":2560,"url":"https:\/\/panwinjet.com\/wp-content\/uploads\/2026\/01\/MVT-F2-Nozzles-2-1-scaled.jpg","type":"image\/jpeg"}],"twitter_card":"summary_large_image","twitter_misc":{"Dur\u00e9e de lecture estim\u00e9e":"1 minute"},"schema":{"@context":"https:\/\/schema.org","@graph":[{"@type":"WebPage","@id":"https:\/\/panwinjet.com\/product\/14500kpsi-1000bar-pressure-water-jet-blasting-surface-perpetration-flat-jet-cleaning-rotary-for-802-3501-monro-jet-style-mvt-f2-nozzles\/","url":"https:\/\/panwinjet.com\/product\/14500kpsi-1000bar-pressure-water-jet-blasting-surface-perpetration-flat-jet-cleaning-rotary-for-802-3501-monro-jet-style-mvt-f2-nozzles\/","name":"14500KPSI 1000Bar Pressure Water Jet Blasting Surface Perpetration Flat Jet cleaning Rotary for 802-3501 monro Jet Style MVT F2 Nozzles - Panwin Machinery&amp;Equipment","isPartOf":{"@id":"https:\/\/panwinjet.com\/#website"},"primaryImageOfPage":{"@id":"https:\/\/panwinjet.com\/product\/14500kpsi-1000bar-pressure-water-jet-blasting-surface-perpetration-flat-jet-cleaning-rotary-for-802-3501-monro-jet-style-mvt-f2-nozzles\/#primaryimage"},"image":{"@id":"https:\/\/panwinjet.com\/product\/14500kpsi-1000bar-pressure-water-jet-blasting-surface-perpetration-flat-jet-cleaning-rotary-for-802-3501-monro-jet-style-mvt-f2-nozzles\/#primaryimage"},"thumbnailUrl":"https:\/\/panwinjet.com\/wp-content\/uploads\/2026\/01\/MVT-F2-Nozzles-2-1-scaled.jpg","datePublished":"2026-01-23T13:08:34+00:00","breadcrumb":{"@id":"https:\/\/panwinjet.com\/product\/14500kpsi-1000bar-pressure-water-jet-blasting-surface-perpetration-flat-jet-cleaning-rotary-for-802-3501-monro-jet-style-mvt-f2-nozzles\/#breadcrumb"},"inLanguage":"fr-FR","potentialAction":[{"@type":"ReadAction","target":["https:\/\/panwinjet.com\/product\/14500kpsi-1000bar-pressure-water-jet-blasting-surface-perpetration-flat-jet-cleaning-rotary-for-802-3501-monro-jet-style-mvt-f2-nozzles\/"]}]},{"@type":"ImageObject","inLanguage":"fr-FR","@id":"https:\/\/panwinjet.com\/product\/14500kpsi-1000bar-pressure-water-jet-blasting-surface-perpetration-flat-jet-cleaning-rotary-for-802-3501-monro-jet-style-mvt-f2-nozzles\/#primaryimage","url":"https:\/\/panwinjet.com\/wp-content\/uploads\/2026\/01\/MVT-F2-Nozzles-2-1-scaled.jpg","contentUrl":"https:\/\/panwinjet.com\/wp-content\/uploads\/2026\/01\/MVT-F2-Nozzles-2-1-scaled.jpg","width":1152,"height":2560},{"@type":"BreadcrumbList","@id":"https:\/\/panwinjet.com\/product\/14500kpsi-1000bar-pressure-water-jet-blasting-surface-perpetration-flat-jet-cleaning-rotary-for-802-3501-monro-jet-style-mvt-f2-nozzles\/#breadcrumb","itemListElement":[{"@type":"ListItem","position":1,"name":"\u9996\u9875","item":"https:\/\/panwinjet.com\/"},{"@type":"ListItem","position":2,"name":"PRODUCT","item":"https:\/\/panwinjet.com\/product\/"},{"@type":"ListItem","position":3,"name":"14500KPSI 1000Bar Pressure Water Jet Blasting Surface Perpetration Flat Jet cleaning Rotary for 802-3501 monro Jet Style MVT F2 Nozzles"}]},{"@type":"WebSite","@id":"https:\/\/panwinjet.com\/#website","url":"https:\/\/panwinjet.com\/","name":"Panwin Machinery&amp;Equipment","description":"Shenzhen Panwin Machinery&amp;Equipment Co.Ltd","potentialAction":[{"@type":"SearchAction","target":{"@type":"EntryPoint","urlTemplate":"https:\/\/panwinjet.com\/?s={search_term_string}"},"query-input":{"@type":"PropertyValueSpecification","valueRequired":true,"valueName":"search_term_string"}}],"inLanguage":"fr-FR"}]}},"_links":{"self":[{"href":"https:\/\/panwinjet.com\/fr\/wp-json\/wp\/v2\/product\/2025","targetHints":{"allow":["GET"]}}],"collection":[{"href":"https:\/\/panwinjet.com\/fr\/wp-json\/wp\/v2\/product"}],"about":[{"href":"https:\/\/panwinjet.com\/fr\/wp-json\/wp\/v2\/types\/product"}],"wp:featuredmedia":[{"embeddable":true,"href":"https:\/\/panwinjet.com\/fr\/wp-json\/wp\/v2\/media\/2031"}],"wp:attachment":[{"href":"https:\/\/panwinjet.com\/fr\/wp-json\/wp\/v2\/media?parent=2025"}],"wp:term":[{"taxonomy":"product_brand","embeddable":true,"href":"https:\/\/panwinjet.com\/fr\/wp-json\/wp\/v2\/product_brand?post=2025"},{"taxonomy":"product_cat","embeddable":true,"href":"https:\/\/panwinjet.com\/fr\/wp-json\/wp\/v2\/product_cat?post=2025"},{"taxonomy":"product_tag","embeddable":true,"href":"https:\/\/panwinjet.com\/fr\/wp-json\/wp\/v2\/product_tag?post=2025"}],"curies":[{"name":"wp","href":"https:\/\/api.w.org\/{rel}","templated":true}]}}