{"id":1986,"date":"2025-11-23T15:30:16","date_gmt":"2025-11-23T15:30:16","guid":{"rendered":"https:\/\/panwinjet.com\/?post_type=product&#038;p=1986"},"modified":"2025-11-28T22:04:59","modified_gmt":"2025-11-28T22:04:59","slug":"2500bar-uhp-hydro-jet-surface-preparation-water-blaster-for-orbital-monro-mvt-nozzle-jet-f25","status":"publish","type":"product","link":"https:\/\/panwinjet.com\/fr\/produit\/2500bar-uhp-hydro-jet-surface-preparation-water-blaster-for-orbital-monro-mvt-nozzle-jet-f25\/","title":{"rendered":"Nettoyage de surfaces par jet d&#039;eau ultra-haute pression (2500 bars) pour buse orbitale Monro MVT Jet F25"},"content":{"rendered":"<p>Cette buse orbitale Monro MVT Jet F25 de 2500 bars peut \u00eatre utilis\u00e9e jusqu&#039;\u00e0<br \/>\nune pression de service de 2500 bars et cinq filetages de raccordement diff\u00e9rents<br \/>\nPlusieurs mod\u00e8les sont disponibles. Design compact et doublure parfaite.<br \/>\nDiam\u00e8tre du rotor : 0,60-1,55 mm pour diff\u00e9rents d\u00e9bits requis,<br \/>\nCette buse orbitale Monro MVT Jet F25 de 2500 bars peut \u00eatre utilis\u00e9e aussi bien dans le b\u00e2timent que dans le b\u00e2timent.<br \/>\nconstruction et g\u00e9nie civil pour le traitement et le nettoyage des surfaces.<\/p>\n<p>La buse orbitale Monro MVT Jet F25 de 2500 bars pr\u00e9sente de nombreux avantages et<br \/>\nCaract\u00e9ristiques sup\u00e9rieures :<br \/>\n1 : Niveaux de capacit\u00e9 de nettoyage plus \u00e9lev\u00e9s<br \/>\n2 : Qualit\u00e9 de jet constante<br \/>\n3 : Longue dur\u00e9e de vie<br \/>\n4 : L\u00e9ger, durable et fiable<br \/>\n5 : Facile \u00e0 installer et \u00e0 d\u00e9monter<\/p>\n<p>Application:<br \/>\nIndustrie du fer, de l&#039;acier et des m\u00e9taux : sablage hydrodynamique<br \/>\nIng\u00e9nierie m\u00e9canique et des appareils pour nettoyeurs haute pression<br \/>\nIndustrie du ciment et du b\u00e9ton<br \/>\nMachine de nettoyage \u00e0 haute pression pour l&#039;industrie du raffinage du p\u00e9trole<br \/>\nNettoyage de surface par hydrojet<br \/>\nNettoyage de v\u00e9hicules (peinture), nettoyage pour l&#039;industrie mini\u00e8re, nettoyage pour la fabrication d&#039;acier, etc.<br \/>\n\u00c9quipement de nettoyage des \u00e9gouts \u00e0 haute pression pour les r\u00e9seaux de canalisations municipales d&#039;adduction d&#039;eau et de drainage\u00a0;<br \/>\nNettoyage et \u00e9bavurage des pi\u00e8ces moul\u00e9es<br \/>\n\u00c9limination des rev\u00eatements de surface<br \/>\nD\u00e9molition du b\u00e9ton<br \/>\nEnl\u00e8vement des couches de bitume<br \/>\nD\u00e9capage de peinture<\/p>","protected":false},"excerpt":{"rendered":"<p>Nettoyage de surfaces par jet d&#039;eau ultra-haute pression (2500 bars) pour niveleuse orbitale Monro<br \/>\nBuse MVT Jet F25<\/p>\n<p>Ce nettoyeur haute pression \u00e0 jet d&#039;eau UHP de 2500 bars est destin\u00e9 \u00e0 la pr\u00e9paration de surfaces orbitales.<br \/>\nLa buse Monro MVT Jet F25 combine la haute puissance du jet ponctuel avec le grand diam\u00e8tre<br \/>\nsurface de sortie du jet plat. Ils peuvent \u00eatre utilis\u00e9s avec tous les produits homologu\u00e9s.<br \/>\nraccords haute pression et mont\u00e9s sur des lances.<\/p>","protected":false},"featured_media":1992,"template":"","meta":[],"product_brand":[],"product_cat":[10,11,5],"product_tag":[128,127,129],"class_list":{"0":"post-1986","1":"product","2":"type-product","3":"status-publish","4":"has-post-thumbnail","6":"product_cat-pipeline-tube-uhp-water-blasting-cleaning-device","7":"product_cat-ship-cleaning-device","8":"product_cat-uhp-rotating-nozzles","9":"product_tag-2500bar-uhp-hydro-jet","10":"product_tag-orbital-monro-mvt-nozzle-jet-f25","11":"product_tag-surface-preparation-water-blaster","13":"first","14":"instock","15":"shipping-taxable","16":"product-type-simple"},"yoast_head":"<!-- This site is optimized with the Yoast SEO plugin v24.9 - https:\/\/yoast.com\/wordpress\/plugins\/seo\/ -->\n<title>2500Bar UHP hydro Jet Surface Preparation Water-blaster for Orbital Monro MVT nozzle Jet F25 - Panwin Machinery&amp;Equipment<\/title>\n<meta name=\"robots\" content=\"index, follow, max-snippet:-1, max-image-preview:large, max-video-preview:-1\" \/>\n<link rel=\"canonical\" href=\"https:\/\/panwinjet.com\/fr\/produit\/2500bar-uhp-hydro-jet-surface-preparation-water-blaster-for-orbital-monro-mvt-nozzle-jet-f25\/\" \/>\n<meta property=\"og:locale\" content=\"fr_FR\" \/>\n<meta property=\"og:type\" content=\"article\" \/>\n<meta property=\"og:title\" content=\"2500Bar UHP hydro Jet Surface Preparation Water-blaster for Orbital Monro MVT nozzle Jet F25 - Panwin Machinery&amp;Equipment\" \/>\n<meta property=\"og:description\" content=\"2500Bar UHP hydro Jet Surface Preparation Water-blaster for Orbital Monro MVT nozzle Jet F25  This 2500Bar UHP hydro Jet Surface Preparation Water-blaster for Orbital Monro MVT nozzle Jet F25 combine the high power of the point jet with the large area output of the flat jet. They can be used with all approved high-pressure fittings and mounted on lances.\" \/>\n<meta property=\"og:url\" content=\"https:\/\/panwinjet.com\/fr\/produit\/2500bar-uhp-hydro-jet-surface-preparation-water-blaster-for-orbital-monro-mvt-nozzle-jet-f25\/\" \/>\n<meta property=\"og:site_name\" content=\"Panwin Machinery&amp;Equipment\" \/>\n<meta property=\"article:modified_time\" content=\"2025-11-28T22:04:59+00:00\" \/>\n<meta property=\"og:image\" content=\"https:\/\/panwinjet.com\/wp-content\/uploads\/2025\/11\/Orbital-nozzle-Jet-F25-3-scaled.jpg\" \/>\n\t<meta property=\"og:image:width\" content=\"1920\" \/>\n\t<meta property=\"og:image:height\" content=\"2560\" \/>\n\t<meta property=\"og:image:type\" content=\"image\/jpeg\" \/>\n<meta name=\"twitter:card\" content=\"summary_large_image\" \/>\n<meta name=\"twitter:label1\" content=\"Dur\u00e9e de lecture estim\u00e9e\" \/>\n\t<meta name=\"twitter:data1\" content=\"1 minute\" \/>\n<script type=\"application\/ld+json\" class=\"yoast-schema-graph\">{\"@context\":\"https:\/\/schema.org\",\"@graph\":[{\"@type\":\"WebPage\",\"@id\":\"https:\/\/panwinjet.com\/product\/2500bar-uhp-hydro-jet-surface-preparation-water-blaster-for-orbital-monro-mvt-nozzle-jet-f25\/\",\"url\":\"https:\/\/panwinjet.com\/product\/2500bar-uhp-hydro-jet-surface-preparation-water-blaster-for-orbital-monro-mvt-nozzle-jet-f25\/\",\"name\":\"2500Bar UHP hydro Jet Surface Preparation Water-blaster for Orbital Monro MVT nozzle Jet F25 - Panwin Machinery&amp;Equipment\",\"isPartOf\":{\"@id\":\"https:\/\/panwinjet.com\/#website\"},\"primaryImageOfPage\":{\"@id\":\"https:\/\/panwinjet.com\/product\/2500bar-uhp-hydro-jet-surface-preparation-water-blaster-for-orbital-monro-mvt-nozzle-jet-f25\/#primaryimage\"},\"image\":{\"@id\":\"https:\/\/panwinjet.com\/product\/2500bar-uhp-hydro-jet-surface-preparation-water-blaster-for-orbital-monro-mvt-nozzle-jet-f25\/#primaryimage\"},\"thumbnailUrl\":\"https:\/\/panwinjet.com\/wp-content\/uploads\/2025\/11\/Orbital-nozzle-Jet-F25-3-scaled.jpg\",\"datePublished\":\"2025-11-23T15:30:16+00:00\",\"dateModified\":\"2025-11-28T22:04:59+00:00\",\"breadcrumb\":{\"@id\":\"https:\/\/panwinjet.com\/product\/2500bar-uhp-hydro-jet-surface-preparation-water-blaster-for-orbital-monro-mvt-nozzle-jet-f25\/#breadcrumb\"},\"inLanguage\":\"fr-FR\",\"potentialAction\":[{\"@type\":\"ReadAction\",\"target\":[\"https:\/\/panwinjet.com\/product\/2500bar-uhp-hydro-jet-surface-preparation-water-blaster-for-orbital-monro-mvt-nozzle-jet-f25\/\"]}]},{\"@type\":\"ImageObject\",\"inLanguage\":\"fr-FR\",\"@id\":\"https:\/\/panwinjet.com\/product\/2500bar-uhp-hydro-jet-surface-preparation-water-blaster-for-orbital-monro-mvt-nozzle-jet-f25\/#primaryimage\",\"url\":\"https:\/\/panwinjet.com\/wp-content\/uploads\/2025\/11\/Orbital-nozzle-Jet-F25-3-scaled.jpg\",\"contentUrl\":\"https:\/\/panwinjet.com\/wp-content\/uploads\/2025\/11\/Orbital-nozzle-Jet-F25-3-scaled.jpg\",\"width\":1920,\"height\":2560},{\"@type\":\"BreadcrumbList\",\"@id\":\"https:\/\/panwinjet.com\/product\/2500bar-uhp-hydro-jet-surface-preparation-water-blaster-for-orbital-monro-mvt-nozzle-jet-f25\/#breadcrumb\",\"itemListElement\":[{\"@type\":\"ListItem\",\"position\":1,\"name\":\"\u9996\u9875\",\"item\":\"https:\/\/panwinjet.com\/\"},{\"@type\":\"ListItem\",\"position\":2,\"name\":\"PRODUCT\",\"item\":\"https:\/\/panwinjet.com\/product\/\"},{\"@type\":\"ListItem\",\"position\":3,\"name\":\"2500Bar UHP hydro Jet Surface Preparation Water-blaster for Orbital Monro MVT nozzle Jet F25\"}]},{\"@type\":\"WebSite\",\"@id\":\"https:\/\/panwinjet.com\/#website\",\"url\":\"https:\/\/panwinjet.com\/\",\"name\":\"Panwin Machinery&amp;Equipment\",\"description\":\"Shenzhen Panwin Machinery&amp;Equipment Co.Ltd\",\"potentialAction\":[{\"@type\":\"SearchAction\",\"target\":{\"@type\":\"EntryPoint\",\"urlTemplate\":\"https:\/\/panwinjet.com\/?s={search_term_string}\"},\"query-input\":{\"@type\":\"PropertyValueSpecification\",\"valueRequired\":true,\"valueName\":\"search_term_string\"}}],\"inLanguage\":\"fr-FR\"}]}<\/script>\n<!-- \/ Yoast SEO plugin. -->","yoast_head_json":{"title":"2500Bar UHP hydro Jet Surface Preparation Water-blaster for Orbital Monro MVT nozzle Jet F25 - Panwin Machinery&amp;Equipment","robots":{"index":"index","follow":"follow","max-snippet":"max-snippet:-1","max-image-preview":"max-image-preview:large","max-video-preview":"max-video-preview:-1"},"canonical":"https:\/\/panwinjet.com\/fr\/produit\/2500bar-uhp-hydro-jet-surface-preparation-water-blaster-for-orbital-monro-mvt-nozzle-jet-f25\/","og_locale":"fr_FR","og_type":"article","og_title":"2500Bar UHP hydro Jet Surface Preparation Water-blaster for Orbital Monro MVT nozzle Jet F25 - Panwin Machinery&amp;Equipment","og_description":"2500Bar UHP hydro Jet Surface Preparation Water-blaster for Orbital Monro MVT nozzle Jet F25  This 2500Bar UHP hydro Jet Surface Preparation Water-blaster for Orbital Monro MVT nozzle Jet F25 combine the high power of the point jet with the large area output of the flat jet. They can be used with all approved high-pressure fittings and mounted on lances.","og_url":"https:\/\/panwinjet.com\/fr\/produit\/2500bar-uhp-hydro-jet-surface-preparation-water-blaster-for-orbital-monro-mvt-nozzle-jet-f25\/","og_site_name":"Panwin Machinery&amp;Equipment","article_modified_time":"2025-11-28T22:04:59+00:00","og_image":[{"width":1920,"height":2560,"url":"https:\/\/panwinjet.com\/wp-content\/uploads\/2025\/11\/Orbital-nozzle-Jet-F25-3-scaled.jpg","type":"image\/jpeg"}],"twitter_card":"summary_large_image","twitter_misc":{"Dur\u00e9e de lecture estim\u00e9e":"1 minute"},"schema":{"@context":"https:\/\/schema.org","@graph":[{"@type":"WebPage","@id":"https:\/\/panwinjet.com\/product\/2500bar-uhp-hydro-jet-surface-preparation-water-blaster-for-orbital-monro-mvt-nozzle-jet-f25\/","url":"https:\/\/panwinjet.com\/product\/2500bar-uhp-hydro-jet-surface-preparation-water-blaster-for-orbital-monro-mvt-nozzle-jet-f25\/","name":"2500Bar UHP hydro Jet Surface Preparation Water-blaster for Orbital Monro MVT nozzle Jet F25 - Panwin Machinery&amp;Equipment","isPartOf":{"@id":"https:\/\/panwinjet.com\/#website"},"primaryImageOfPage":{"@id":"https:\/\/panwinjet.com\/product\/2500bar-uhp-hydro-jet-surface-preparation-water-blaster-for-orbital-monro-mvt-nozzle-jet-f25\/#primaryimage"},"image":{"@id":"https:\/\/panwinjet.com\/product\/2500bar-uhp-hydro-jet-surface-preparation-water-blaster-for-orbital-monro-mvt-nozzle-jet-f25\/#primaryimage"},"thumbnailUrl":"https:\/\/panwinjet.com\/wp-content\/uploads\/2025\/11\/Orbital-nozzle-Jet-F25-3-scaled.jpg","datePublished":"2025-11-23T15:30:16+00:00","dateModified":"2025-11-28T22:04:59+00:00","breadcrumb":{"@id":"https:\/\/panwinjet.com\/product\/2500bar-uhp-hydro-jet-surface-preparation-water-blaster-for-orbital-monro-mvt-nozzle-jet-f25\/#breadcrumb"},"inLanguage":"fr-FR","potentialAction":[{"@type":"ReadAction","target":["https:\/\/panwinjet.com\/product\/2500bar-uhp-hydro-jet-surface-preparation-water-blaster-for-orbital-monro-mvt-nozzle-jet-f25\/"]}]},{"@type":"ImageObject","inLanguage":"fr-FR","@id":"https:\/\/panwinjet.com\/product\/2500bar-uhp-hydro-jet-surface-preparation-water-blaster-for-orbital-monro-mvt-nozzle-jet-f25\/#primaryimage","url":"https:\/\/panwinjet.com\/wp-content\/uploads\/2025\/11\/Orbital-nozzle-Jet-F25-3-scaled.jpg","contentUrl":"https:\/\/panwinjet.com\/wp-content\/uploads\/2025\/11\/Orbital-nozzle-Jet-F25-3-scaled.jpg","width":1920,"height":2560},{"@type":"BreadcrumbList","@id":"https:\/\/panwinjet.com\/product\/2500bar-uhp-hydro-jet-surface-preparation-water-blaster-for-orbital-monro-mvt-nozzle-jet-f25\/#breadcrumb","itemListElement":[{"@type":"ListItem","position":1,"name":"\u9996\u9875","item":"https:\/\/panwinjet.com\/"},{"@type":"ListItem","position":2,"name":"PRODUCT","item":"https:\/\/panwinjet.com\/product\/"},{"@type":"ListItem","position":3,"name":"2500Bar UHP hydro Jet Surface Preparation Water-blaster for Orbital Monro MVT nozzle Jet F25"}]},{"@type":"WebSite","@id":"https:\/\/panwinjet.com\/#website","url":"https:\/\/panwinjet.com\/","name":"Panwin Machinery&amp;Equipment","description":"Shenzhen Panwin Machinery&amp;Equipment Co.Ltd","potentialAction":[{"@type":"SearchAction","target":{"@type":"EntryPoint","urlTemplate":"https:\/\/panwinjet.com\/?s={search_term_string}"},"query-input":{"@type":"PropertyValueSpecification","valueRequired":true,"valueName":"search_term_string"}}],"inLanguage":"fr-FR"}]}},"_links":{"self":[{"href":"https:\/\/panwinjet.com\/fr\/wp-json\/wp\/v2\/product\/1986","targetHints":{"allow":["GET"]}}],"collection":[{"href":"https:\/\/panwinjet.com\/fr\/wp-json\/wp\/v2\/product"}],"about":[{"href":"https:\/\/panwinjet.com\/fr\/wp-json\/wp\/v2\/types\/product"}],"wp:featuredmedia":[{"embeddable":true,"href":"https:\/\/panwinjet.com\/fr\/wp-json\/wp\/v2\/media\/1992"}],"wp:attachment":[{"href":"https:\/\/panwinjet.com\/fr\/wp-json\/wp\/v2\/media?parent=1986"}],"wp:term":[{"taxonomy":"product_brand","embeddable":true,"href":"https:\/\/panwinjet.com\/fr\/wp-json\/wp\/v2\/product_brand?post=1986"},{"taxonomy":"product_cat","embeddable":true,"href":"https:\/\/panwinjet.com\/fr\/wp-json\/wp\/v2\/product_cat?post=1986"},{"taxonomy":"product_tag","embeddable":true,"href":"https:\/\/panwinjet.com\/fr\/wp-json\/wp\/v2\/product_tag?post=1986"}],"curies":[{"name":"wp","href":"https:\/\/api.w.org\/{rel}","templated":true}]}}