{"id":1979,"date":"2025-11-23T15:23:50","date_gmt":"2025-11-23T15:23:50","guid":{"rendered":"https:\/\/panwinjet.com\/?post_type=product&#038;p=1979"},"modified":"2025-11-23T15:23:50","modified_gmt":"2025-11-23T15:23:50","slug":"500bar-excellent-quality-hydro-jetting-pressured-pump-blasting-aluminum-cement-concrete-building-formwork-self-rotary-monro-mvt-style-f4-nozzles","status":"publish","type":"product","link":"https:\/\/panwinjet.com\/fr\/produit\/500bar-excellent-quality-hydro-jetting-pressured-pump-blasting-aluminum-cement-concrete-building-formwork-self-rotary-monro-mvt-style-f4-nozzles\/","title":{"rendered":"Pompe \u00e0 jet d&#039;eau haute pression de qualit\u00e9 sup\u00e9rieure 500 bars pour le sablage de coffrages en aluminium, ciment et b\u00e9ton, avec buses auto-rotatives de type Monro MVT F4."},"content":{"rendered":"<p>Les buses auto-rotatives de ce mod\u00e8le Monro MVT Style F4 peuvent \u00eatre utilis\u00e9es jusqu&#039;\u00e0<br \/>\nune pression de service de 500 bars et cinq filetages de raccordement diff\u00e9rents<br \/>\nDiff\u00e9rents mod\u00e8les sont disponibles. Conception compacte, diam\u00e8tre du rotor\u00a0: 0,6\u00a0mm \u00e0 2,80\u00a0mm.<br \/>\nCette buse auto-rotative de style F4 de Monro MVT peut \u00eatre utilis\u00e9e \u00e0 la fois dans<br \/>\nconstruction de b\u00e2timents et en g\u00e9nie civil pour le traitement de surface et<br \/>\nnettoyage.<\/p>\n<p>Les buses auto-rotatives de style Monro MVT F4 pr\u00e9sentent de nombreux avantages et<br \/>\nCaract\u00e9ristiques sup\u00e9rieures :<br \/>\n1 : Niveaux de capacit\u00e9 de nettoyage plus \u00e9lev\u00e9s<br \/>\n2 : Qualit\u00e9 de jet constante<br \/>\n3 : Longue dur\u00e9e de vie<br \/>\n4 : L\u00e9ger, durable et fiable<br \/>\n5 : Facile \u00e0 installer et \u00e0 d\u00e9monter<\/p>","protected":false},"excerpt":{"rendered":"<p>Nettoyage par jet d&#039;eau sous pression de 500 bars d&#039;excellente qualit\u00e9<br \/>\nCoffrage de construction en b\u00e9ton, ciment et aluminium, auto-rotatif Monro MVT<br \/>\nBuses de style F4<\/p>\n<p>Pompe de sablage \u00e0 haute pression de 500 bars d&#039;excellente qualit\u00e9<br \/>\nCoffrage auto-rotatif en b\u00e9ton ciment-aluminium de style Monro MVT<br \/>\nLes tuy\u00e8res F4 combinent la haute puissance du jet ponctuel avec une large zone de projection.<br \/>\nd\u00e9bit du jet plat. Ils peuvent \u00eatre utilis\u00e9s avec tous les syst\u00e8mes haute pression homologu\u00e9s.<br \/>\nraccords et mont\u00e9s sur des lances.<\/p>","protected":false},"featured_media":1981,"template":"","meta":[],"product_brand":[],"product_cat":[10,11,5],"product_tag":[125,126],"class_list":{"0":"post-1979","1":"product","2":"type-product","3":"status-publish","4":"has-post-thumbnail","6":"product_cat-pipeline-tube-uhp-water-blasting-cleaning-device","7":"product_cat-ship-cleaning-device","8":"product_cat-uhp-rotating-nozzles","9":"product_tag-500b-hydro-jetting-pressured-pump-blasting","10":"product_tag-monro-mvt-style-f4-nozzles","12":"first","13":"instock","14":"shipping-taxable","15":"product-type-simple"},"yoast_head":"<!-- This site is optimized with the Yoast SEO plugin v24.9 - https:\/\/yoast.com\/wordpress\/plugins\/seo\/ -->\n<title>500Bar Excellent Quality Hydro-Jetting Pressured Pump Blasting Aluminum Cement concrete Building Formwork Self-Rotary monro MVT Style F4 Nozzles - Panwin Machinery&amp;Equipment<\/title>\n<meta name=\"robots\" content=\"index, follow, max-snippet:-1, max-image-preview:large, max-video-preview:-1\" \/>\n<link rel=\"canonical\" href=\"https:\/\/panwinjet.com\/fr\/produit\/500bar-excellent-quality-hydro-jetting-pressured-pump-blasting-aluminum-cement-concrete-building-formwork-self-rotary-monro-mvt-style-f4-nozzles\/\" \/>\n<meta property=\"og:locale\" content=\"fr_FR\" \/>\n<meta property=\"og:type\" content=\"article\" \/>\n<meta property=\"og:title\" content=\"500Bar Excellent Quality Hydro-Jetting Pressured Pump Blasting Aluminum Cement concrete Building Formwork Self-Rotary monro MVT Style F4 Nozzles - Panwin Machinery&amp;Equipment\" \/>\n<meta property=\"og:description\" content=\"500Bar Excellent Quality Hydro-Jetting Pressured Pump Blasting Aluminum Cement concrete Building Formwork Self-Rotary monro MVT Style F4 Nozzles  This 500Bar Excellent Quality Hydro-Jetting Pressured Pump Blasting Aluminum Cement concrete Formwork Self-Rotary monro MVT Style F4 Nozzles combine the high power of the point jet with the large area output of the flat jet. They can be used with all approved high-pressure fittings and mounted on lances.\" \/>\n<meta property=\"og:url\" content=\"https:\/\/panwinjet.com\/fr\/produit\/500bar-excellent-quality-hydro-jetting-pressured-pump-blasting-aluminum-cement-concrete-building-formwork-self-rotary-monro-mvt-style-f4-nozzles\/\" \/>\n<meta property=\"og:site_name\" content=\"Panwin Machinery&amp;Equipment\" \/>\n<meta property=\"og:image\" content=\"https:\/\/panwinjet.com\/wp-content\/uploads\/2025\/11\/F3-F4-MVT-500Bar-Rotary-Nozzles-Swivel-3-1.jpg\" \/>\n\t<meta property=\"og:image:width\" content=\"1080\" \/>\n\t<meta property=\"og:image:height\" content=\"1920\" \/>\n\t<meta property=\"og:image:type\" content=\"image\/jpeg\" \/>\n<meta name=\"twitter:card\" content=\"summary_large_image\" \/>\n<meta name=\"twitter:label1\" content=\"Dur\u00e9e de lecture estim\u00e9e\" \/>\n\t<meta name=\"twitter:data1\" content=\"1 minute\" \/>\n<script type=\"application\/ld+json\" class=\"yoast-schema-graph\">{\"@context\":\"https:\/\/schema.org\",\"@graph\":[{\"@type\":\"WebPage\",\"@id\":\"https:\/\/panwinjet.com\/product\/500bar-excellent-quality-hydro-jetting-pressured-pump-blasting-aluminum-cement-concrete-building-formwork-self-rotary-monro-mvt-style-f4-nozzles\/\",\"url\":\"https:\/\/panwinjet.com\/product\/500bar-excellent-quality-hydro-jetting-pressured-pump-blasting-aluminum-cement-concrete-building-formwork-self-rotary-monro-mvt-style-f4-nozzles\/\",\"name\":\"500Bar Excellent Quality Hydro-Jetting Pressured Pump Blasting Aluminum Cement concrete Building Formwork Self-Rotary monro MVT Style F4 Nozzles - Panwin Machinery&amp;Equipment\",\"isPartOf\":{\"@id\":\"https:\/\/panwinjet.com\/#website\"},\"primaryImageOfPage\":{\"@id\":\"https:\/\/panwinjet.com\/product\/500bar-excellent-quality-hydro-jetting-pressured-pump-blasting-aluminum-cement-concrete-building-formwork-self-rotary-monro-mvt-style-f4-nozzles\/#primaryimage\"},\"image\":{\"@id\":\"https:\/\/panwinjet.com\/product\/500bar-excellent-quality-hydro-jetting-pressured-pump-blasting-aluminum-cement-concrete-building-formwork-self-rotary-monro-mvt-style-f4-nozzles\/#primaryimage\"},\"thumbnailUrl\":\"https:\/\/panwinjet.com\/wp-content\/uploads\/2025\/11\/F3-F4-MVT-500Bar-Rotary-Nozzles-Swivel-3-1.jpg\",\"datePublished\":\"2025-11-23T15:23:50+00:00\",\"breadcrumb\":{\"@id\":\"https:\/\/panwinjet.com\/product\/500bar-excellent-quality-hydro-jetting-pressured-pump-blasting-aluminum-cement-concrete-building-formwork-self-rotary-monro-mvt-style-f4-nozzles\/#breadcrumb\"},\"inLanguage\":\"fr-FR\",\"potentialAction\":[{\"@type\":\"ReadAction\",\"target\":[\"https:\/\/panwinjet.com\/product\/500bar-excellent-quality-hydro-jetting-pressured-pump-blasting-aluminum-cement-concrete-building-formwork-self-rotary-monro-mvt-style-f4-nozzles\/\"]}]},{\"@type\":\"ImageObject\",\"inLanguage\":\"fr-FR\",\"@id\":\"https:\/\/panwinjet.com\/product\/500bar-excellent-quality-hydro-jetting-pressured-pump-blasting-aluminum-cement-concrete-building-formwork-self-rotary-monro-mvt-style-f4-nozzles\/#primaryimage\",\"url\":\"https:\/\/panwinjet.com\/wp-content\/uploads\/2025\/11\/F3-F4-MVT-500Bar-Rotary-Nozzles-Swivel-3-1.jpg\",\"contentUrl\":\"https:\/\/panwinjet.com\/wp-content\/uploads\/2025\/11\/F3-F4-MVT-500Bar-Rotary-Nozzles-Swivel-3-1.jpg\",\"width\":1080,\"height\":1920},{\"@type\":\"BreadcrumbList\",\"@id\":\"https:\/\/panwinjet.com\/product\/500bar-excellent-quality-hydro-jetting-pressured-pump-blasting-aluminum-cement-concrete-building-formwork-self-rotary-monro-mvt-style-f4-nozzles\/#breadcrumb\",\"itemListElement\":[{\"@type\":\"ListItem\",\"position\":1,\"name\":\"\u9996\u9875\",\"item\":\"https:\/\/panwinjet.com\/\"},{\"@type\":\"ListItem\",\"position\":2,\"name\":\"PRODUCT\",\"item\":\"https:\/\/panwinjet.com\/product\/\"},{\"@type\":\"ListItem\",\"position\":3,\"name\":\"500Bar Excellent Quality Hydro-Jetting Pressured Pump Blasting Aluminum Cement concrete Building Formwork Self-Rotary monro MVT Style F4 Nozzles\"}]},{\"@type\":\"WebSite\",\"@id\":\"https:\/\/panwinjet.com\/#website\",\"url\":\"https:\/\/panwinjet.com\/\",\"name\":\"Panwin Machinery&amp;Equipment\",\"description\":\"Shenzhen Panwin Machinery&amp;Equipment Co.Ltd\",\"potentialAction\":[{\"@type\":\"SearchAction\",\"target\":{\"@type\":\"EntryPoint\",\"urlTemplate\":\"https:\/\/panwinjet.com\/?s={search_term_string}\"},\"query-input\":{\"@type\":\"PropertyValueSpecification\",\"valueRequired\":true,\"valueName\":\"search_term_string\"}}],\"inLanguage\":\"fr-FR\"}]}<\/script>\n<!-- \/ Yoast SEO plugin. -->","yoast_head_json":{"title":"500Bar Excellent Quality Hydro-Jetting Pressured Pump Blasting Aluminum Cement concrete Building Formwork Self-Rotary monro MVT Style F4 Nozzles - Panwin Machinery&amp;Equipment","robots":{"index":"index","follow":"follow","max-snippet":"max-snippet:-1","max-image-preview":"max-image-preview:large","max-video-preview":"max-video-preview:-1"},"canonical":"https:\/\/panwinjet.com\/fr\/produit\/500bar-excellent-quality-hydro-jetting-pressured-pump-blasting-aluminum-cement-concrete-building-formwork-self-rotary-monro-mvt-style-f4-nozzles\/","og_locale":"fr_FR","og_type":"article","og_title":"500Bar Excellent Quality Hydro-Jetting Pressured Pump Blasting Aluminum Cement concrete Building Formwork Self-Rotary monro MVT Style F4 Nozzles - Panwin Machinery&amp;Equipment","og_description":"500Bar Excellent Quality Hydro-Jetting Pressured Pump Blasting Aluminum Cement concrete Building Formwork Self-Rotary monro MVT Style F4 Nozzles  This 500Bar Excellent Quality Hydro-Jetting Pressured Pump Blasting Aluminum Cement concrete Formwork Self-Rotary monro MVT Style F4 Nozzles combine the high power of the point jet with the large area output of the flat jet. They can be used with all approved high-pressure fittings and mounted on lances.","og_url":"https:\/\/panwinjet.com\/fr\/produit\/500bar-excellent-quality-hydro-jetting-pressured-pump-blasting-aluminum-cement-concrete-building-formwork-self-rotary-monro-mvt-style-f4-nozzles\/","og_site_name":"Panwin Machinery&amp;Equipment","og_image":[{"width":1080,"height":1920,"url":"https:\/\/panwinjet.com\/wp-content\/uploads\/2025\/11\/F3-F4-MVT-500Bar-Rotary-Nozzles-Swivel-3-1.jpg","type":"image\/jpeg"}],"twitter_card":"summary_large_image","twitter_misc":{"Dur\u00e9e de lecture estim\u00e9e":"1 minute"},"schema":{"@context":"https:\/\/schema.org","@graph":[{"@type":"WebPage","@id":"https:\/\/panwinjet.com\/product\/500bar-excellent-quality-hydro-jetting-pressured-pump-blasting-aluminum-cement-concrete-building-formwork-self-rotary-monro-mvt-style-f4-nozzles\/","url":"https:\/\/panwinjet.com\/product\/500bar-excellent-quality-hydro-jetting-pressured-pump-blasting-aluminum-cement-concrete-building-formwork-self-rotary-monro-mvt-style-f4-nozzles\/","name":"500Bar Excellent Quality Hydro-Jetting Pressured Pump Blasting Aluminum Cement concrete Building Formwork Self-Rotary monro MVT Style F4 Nozzles - Panwin Machinery&amp;Equipment","isPartOf":{"@id":"https:\/\/panwinjet.com\/#website"},"primaryImageOfPage":{"@id":"https:\/\/panwinjet.com\/product\/500bar-excellent-quality-hydro-jetting-pressured-pump-blasting-aluminum-cement-concrete-building-formwork-self-rotary-monro-mvt-style-f4-nozzles\/#primaryimage"},"image":{"@id":"https:\/\/panwinjet.com\/product\/500bar-excellent-quality-hydro-jetting-pressured-pump-blasting-aluminum-cement-concrete-building-formwork-self-rotary-monro-mvt-style-f4-nozzles\/#primaryimage"},"thumbnailUrl":"https:\/\/panwinjet.com\/wp-content\/uploads\/2025\/11\/F3-F4-MVT-500Bar-Rotary-Nozzles-Swivel-3-1.jpg","datePublished":"2025-11-23T15:23:50+00:00","breadcrumb":{"@id":"https:\/\/panwinjet.com\/product\/500bar-excellent-quality-hydro-jetting-pressured-pump-blasting-aluminum-cement-concrete-building-formwork-self-rotary-monro-mvt-style-f4-nozzles\/#breadcrumb"},"inLanguage":"fr-FR","potentialAction":[{"@type":"ReadAction","target":["https:\/\/panwinjet.com\/product\/500bar-excellent-quality-hydro-jetting-pressured-pump-blasting-aluminum-cement-concrete-building-formwork-self-rotary-monro-mvt-style-f4-nozzles\/"]}]},{"@type":"ImageObject","inLanguage":"fr-FR","@id":"https:\/\/panwinjet.com\/product\/500bar-excellent-quality-hydro-jetting-pressured-pump-blasting-aluminum-cement-concrete-building-formwork-self-rotary-monro-mvt-style-f4-nozzles\/#primaryimage","url":"https:\/\/panwinjet.com\/wp-content\/uploads\/2025\/11\/F3-F4-MVT-500Bar-Rotary-Nozzles-Swivel-3-1.jpg","contentUrl":"https:\/\/panwinjet.com\/wp-content\/uploads\/2025\/11\/F3-F4-MVT-500Bar-Rotary-Nozzles-Swivel-3-1.jpg","width":1080,"height":1920},{"@type":"BreadcrumbList","@id":"https:\/\/panwinjet.com\/product\/500bar-excellent-quality-hydro-jetting-pressured-pump-blasting-aluminum-cement-concrete-building-formwork-self-rotary-monro-mvt-style-f4-nozzles\/#breadcrumb","itemListElement":[{"@type":"ListItem","position":1,"name":"\u9996\u9875","item":"https:\/\/panwinjet.com\/"},{"@type":"ListItem","position":2,"name":"PRODUCT","item":"https:\/\/panwinjet.com\/product\/"},{"@type":"ListItem","position":3,"name":"500Bar Excellent Quality Hydro-Jetting Pressured Pump Blasting Aluminum Cement concrete Building Formwork Self-Rotary monro MVT Style F4 Nozzles"}]},{"@type":"WebSite","@id":"https:\/\/panwinjet.com\/#website","url":"https:\/\/panwinjet.com\/","name":"Panwin Machinery&amp;Equipment","description":"Shenzhen Panwin Machinery&amp;Equipment Co.Ltd","potentialAction":[{"@type":"SearchAction","target":{"@type":"EntryPoint","urlTemplate":"https:\/\/panwinjet.com\/?s={search_term_string}"},"query-input":{"@type":"PropertyValueSpecification","valueRequired":true,"valueName":"search_term_string"}}],"inLanguage":"fr-FR"}]}},"_links":{"self":[{"href":"https:\/\/panwinjet.com\/fr\/wp-json\/wp\/v2\/product\/1979","targetHints":{"allow":["GET"]}}],"collection":[{"href":"https:\/\/panwinjet.com\/fr\/wp-json\/wp\/v2\/product"}],"about":[{"href":"https:\/\/panwinjet.com\/fr\/wp-json\/wp\/v2\/types\/product"}],"wp:featuredmedia":[{"embeddable":true,"href":"https:\/\/panwinjet.com\/fr\/wp-json\/wp\/v2\/media\/1981"}],"wp:attachment":[{"href":"https:\/\/panwinjet.com\/fr\/wp-json\/wp\/v2\/media?parent=1979"}],"wp:term":[{"taxonomy":"product_brand","embeddable":true,"href":"https:\/\/panwinjet.com\/fr\/wp-json\/wp\/v2\/product_brand?post=1979"},{"taxonomy":"product_cat","embeddable":true,"href":"https:\/\/panwinjet.com\/fr\/wp-json\/wp\/v2\/product_cat?post=1979"},{"taxonomy":"product_tag","embeddable":true,"href":"https:\/\/panwinjet.com\/fr\/wp-json\/wp\/v2\/product_tag?post=1979"}],"curies":[{"name":"wp","href":"https:\/\/api.w.org\/{rel}","templated":true}]}}