{"id":1973,"date":"2025-11-23T15:18:08","date_gmt":"2025-11-23T15:18:08","guid":{"rendered":"https:\/\/panwinjet.com\/?post_type=product&#038;p=1973"},"modified":"2025-11-23T15:18:09","modified_gmt":"2025-11-23T15:18:09","slug":"11600psi-800bar-pressure-hydro-jetting-blasting-concrete-demolition-swivel-rotary-water-jet-for-monro-mvt-f3-nozzles","status":"publish","type":"product","link":"https:\/\/panwinjet.com\/fr\/produit\/11600psi-800bar-pressure-hydro-jetting-blasting-concrete-demolition-swivel-rotary-water-jet-for-monro-mvt-f3-nozzles\/","title":{"rendered":"Jet d&#039;eau rotatif pivotant \u00e0 haute pression (11\u00a0600\u00a0PSI, 800\u00a0bar) pour la d\u00e9molition du b\u00e9ton, compatible avec les buses Monro MVT F3"},"content":{"rendered":"<p>Ce nettoyeur haute pression rotatif pivotant, compatible avec les buses Monro MVT F3, supporte une pression de service de 800 \u00e0 11\u00a0600\u00a0psi et propose trois types de filetages de raccordement. De conception compacte, il convient aussi bien au b\u00e2timent qu&#039;aux travaux publics pour le traitement et le nettoyage de surfaces.<\/p>\n<p>Le jet d&#039;eau rotatif pivotant de 11\u00a0600\u00a0PSI (800\u00a0bars) pour le sablage hydrodynamique et la d\u00e9molition du b\u00e9ton, compatible avec les buses Monro MVT F3, pr\u00e9sente de nombreux avantages et des caract\u00e9ristiques sup\u00e9rieures\u00a0:<br \/>\n1 : Niveaux de capacit\u00e9 de nettoyage plus \u00e9lev\u00e9s<br \/>\n2 : Qualit\u00e9 de jet constante<br \/>\n3 : Longue dur\u00e9e de vie<br \/>\n4 : L\u00e9ger, durable et fiable<br \/>\n5 : Facile \u00e0 installer et \u00e0 d\u00e9monter<\/p>","protected":false},"excerpt":{"rendered":"<p>Jet d&#039;eau rotatif pivotant \u00e0 haute pression (11\u00a0600\u00a0PSI, 800\u00a0bar) pour la d\u00e9molition du b\u00e9ton, compatible avec les buses Monro MVT F3<br \/>\nCe nettoyeur haute pression rotatif \u00e0 jet d&#039;eau pivotant de 11\u00a0600\u00a0PSI (800\u00a0bar) pour la d\u00e9molition du b\u00e9ton, compatible avec les buses Monro MVT F3, combine la puissance d&#039;un jet concentr\u00e9 et la large zone de projection d&#039;un jet plat. Il peut \u00eatre utilis\u00e9 avec tous les raccords haute pression homologu\u00e9s et mont\u00e9 sur des lances.<\/p>","protected":false},"featured_media":1978,"template":"","meta":[],"product_brand":[],"product_cat":[10,11,5],"product_tag":[123,124,122],"class_list":{"0":"post-1973","1":"product","2":"type-product","3":"status-publish","4":"has-post-thumbnail","6":"product_cat-pipeline-tube-uhp-water-blasting-cleaning-device","7":"product_cat-ship-cleaning-device","8":"product_cat-uhp-rotating-nozzles","9":"product_tag-11600psi-800bar-pressure-hydro-jetting-blasting","10":"product_tag-concrete-demolition-swivel-rotary-nozzles","11":"product_tag-monro-mvt-f3-nozzles","13":"first","14":"instock","15":"shipping-taxable","16":"product-type-simple"},"yoast_head":"<!-- This site is optimized with the Yoast SEO plugin v24.9 - https:\/\/yoast.com\/wordpress\/plugins\/seo\/ -->\n<title>11600PSI 800Bar Pressure Hydro-Jetting Blasting Concrete demolition Swivel Rotary Water Jet for monro MVT F3 Nozzles - Panwin Machinery&amp;Equipment<\/title>\n<meta name=\"robots\" content=\"index, follow, max-snippet:-1, max-image-preview:large, max-video-preview:-1\" \/>\n<link rel=\"canonical\" href=\"https:\/\/panwinjet.com\/fr\/produit\/11600psi-800bar-pressure-hydro-jetting-blasting-concrete-demolition-swivel-rotary-water-jet-for-monro-mvt-f3-nozzles\/\" \/>\n<meta property=\"og:locale\" content=\"fr_FR\" \/>\n<meta property=\"og:type\" content=\"article\" \/>\n<meta property=\"og:title\" content=\"11600PSI 800Bar Pressure Hydro-Jetting Blasting Concrete demolition Swivel Rotary Water Jet for monro MVT F3 Nozzles - Panwin Machinery&amp;Equipment\" \/>\n<meta property=\"og:description\" content=\"11600PSI 800Bar Pressure Hydro-Jetting Blasting Concrete demolition Swivel Rotary Water Jet for monro MVT F3 Nozzles This 11600PSI 800Bar Pressure Hydro-Jetting Blasting Concrete demolition Swivel Rotary Water Jet for monro MVT F3 Nozzles combine the high power of the point jet with the large area output of the flat jet. They can be used with all approved high-pressure fittings and mounted on lances.\" \/>\n<meta property=\"og:url\" content=\"https:\/\/panwinjet.com\/fr\/produit\/11600psi-800bar-pressure-hydro-jetting-blasting-concrete-demolition-swivel-rotary-water-jet-for-monro-mvt-f3-nozzles\/\" \/>\n<meta property=\"og:site_name\" content=\"Panwin Machinery&amp;Equipment\" \/>\n<meta property=\"article:modified_time\" content=\"2025-11-23T15:18:09+00:00\" \/>\n<meta property=\"og:image\" content=\"https:\/\/panwinjet.com\/wp-content\/uploads\/2025\/11\/F3-F4-MVT-500Bar-Rotary-Nozzles-Swivel.jpg\" \/>\n\t<meta property=\"og:image:width\" content=\"810\" \/>\n\t<meta property=\"og:image:height\" content=\"1440\" \/>\n\t<meta property=\"og:image:type\" content=\"image\/jpeg\" \/>\n<meta name=\"twitter:card\" content=\"summary_large_image\" \/>\n<meta name=\"twitter:label1\" content=\"Dur\u00e9e de lecture estim\u00e9e\" \/>\n\t<meta name=\"twitter:data1\" content=\"1 minute\" \/>\n<script type=\"application\/ld+json\" class=\"yoast-schema-graph\">{\"@context\":\"https:\/\/schema.org\",\"@graph\":[{\"@type\":\"WebPage\",\"@id\":\"https:\/\/panwinjet.com\/product\/11600psi-800bar-pressure-hydro-jetting-blasting-concrete-demolition-swivel-rotary-water-jet-for-monro-mvt-f3-nozzles\/\",\"url\":\"https:\/\/panwinjet.com\/product\/11600psi-800bar-pressure-hydro-jetting-blasting-concrete-demolition-swivel-rotary-water-jet-for-monro-mvt-f3-nozzles\/\",\"name\":\"11600PSI 800Bar Pressure Hydro-Jetting Blasting Concrete demolition Swivel Rotary Water Jet for monro MVT F3 Nozzles - Panwin Machinery&amp;Equipment\",\"isPartOf\":{\"@id\":\"https:\/\/panwinjet.com\/#website\"},\"primaryImageOfPage\":{\"@id\":\"https:\/\/panwinjet.com\/product\/11600psi-800bar-pressure-hydro-jetting-blasting-concrete-demolition-swivel-rotary-water-jet-for-monro-mvt-f3-nozzles\/#primaryimage\"},\"image\":{\"@id\":\"https:\/\/panwinjet.com\/product\/11600psi-800bar-pressure-hydro-jetting-blasting-concrete-demolition-swivel-rotary-water-jet-for-monro-mvt-f3-nozzles\/#primaryimage\"},\"thumbnailUrl\":\"https:\/\/panwinjet.com\/wp-content\/uploads\/2025\/11\/F3-F4-MVT-500Bar-Rotary-Nozzles-Swivel.jpg\",\"datePublished\":\"2025-11-23T15:18:08+00:00\",\"dateModified\":\"2025-11-23T15:18:09+00:00\",\"breadcrumb\":{\"@id\":\"https:\/\/panwinjet.com\/product\/11600psi-800bar-pressure-hydro-jetting-blasting-concrete-demolition-swivel-rotary-water-jet-for-monro-mvt-f3-nozzles\/#breadcrumb\"},\"inLanguage\":\"fr-FR\",\"potentialAction\":[{\"@type\":\"ReadAction\",\"target\":[\"https:\/\/panwinjet.com\/product\/11600psi-800bar-pressure-hydro-jetting-blasting-concrete-demolition-swivel-rotary-water-jet-for-monro-mvt-f3-nozzles\/\"]}]},{\"@type\":\"ImageObject\",\"inLanguage\":\"fr-FR\",\"@id\":\"https:\/\/panwinjet.com\/product\/11600psi-800bar-pressure-hydro-jetting-blasting-concrete-demolition-swivel-rotary-water-jet-for-monro-mvt-f3-nozzles\/#primaryimage\",\"url\":\"https:\/\/panwinjet.com\/wp-content\/uploads\/2025\/11\/F3-F4-MVT-500Bar-Rotary-Nozzles-Swivel.jpg\",\"contentUrl\":\"https:\/\/panwinjet.com\/wp-content\/uploads\/2025\/11\/F3-F4-MVT-500Bar-Rotary-Nozzles-Swivel.jpg\",\"width\":810,\"height\":1440},{\"@type\":\"BreadcrumbList\",\"@id\":\"https:\/\/panwinjet.com\/product\/11600psi-800bar-pressure-hydro-jetting-blasting-concrete-demolition-swivel-rotary-water-jet-for-monro-mvt-f3-nozzles\/#breadcrumb\",\"itemListElement\":[{\"@type\":\"ListItem\",\"position\":1,\"name\":\"\u9996\u9875\",\"item\":\"https:\/\/panwinjet.com\/\"},{\"@type\":\"ListItem\",\"position\":2,\"name\":\"PRODUCT\",\"item\":\"https:\/\/panwinjet.com\/product\/\"},{\"@type\":\"ListItem\",\"position\":3,\"name\":\"11600PSI 800Bar Pressure Hydro-Jetting Blasting Concrete demolition Swivel Rotary Water Jet for monro MVT F3 Nozzles\"}]},{\"@type\":\"WebSite\",\"@id\":\"https:\/\/panwinjet.com\/#website\",\"url\":\"https:\/\/panwinjet.com\/\",\"name\":\"Panwin Machinery&amp;Equipment\",\"description\":\"Shenzhen Panwin Machinery&amp;Equipment Co.Ltd\",\"potentialAction\":[{\"@type\":\"SearchAction\",\"target\":{\"@type\":\"EntryPoint\",\"urlTemplate\":\"https:\/\/panwinjet.com\/?s={search_term_string}\"},\"query-input\":{\"@type\":\"PropertyValueSpecification\",\"valueRequired\":true,\"valueName\":\"search_term_string\"}}],\"inLanguage\":\"fr-FR\"}]}<\/script>\n<!-- \/ Yoast SEO plugin. -->","yoast_head_json":{"title":"11600PSI 800Bar Pressure Hydro-Jetting Blasting Concrete demolition Swivel Rotary Water Jet for monro MVT F3 Nozzles - Panwin Machinery&amp;Equipment","robots":{"index":"index","follow":"follow","max-snippet":"max-snippet:-1","max-image-preview":"max-image-preview:large","max-video-preview":"max-video-preview:-1"},"canonical":"https:\/\/panwinjet.com\/fr\/produit\/11600psi-800bar-pressure-hydro-jetting-blasting-concrete-demolition-swivel-rotary-water-jet-for-monro-mvt-f3-nozzles\/","og_locale":"fr_FR","og_type":"article","og_title":"11600PSI 800Bar Pressure Hydro-Jetting Blasting Concrete demolition Swivel Rotary Water Jet for monro MVT F3 Nozzles - Panwin Machinery&amp;Equipment","og_description":"11600PSI 800Bar Pressure Hydro-Jetting Blasting Concrete demolition Swivel Rotary Water Jet for monro MVT F3 Nozzles This 11600PSI 800Bar Pressure Hydro-Jetting Blasting Concrete demolition Swivel Rotary Water Jet for monro MVT F3 Nozzles combine the high power of the point jet with the large area output of the flat jet. They can be used with all approved high-pressure fittings and mounted on lances.","og_url":"https:\/\/panwinjet.com\/fr\/produit\/11600psi-800bar-pressure-hydro-jetting-blasting-concrete-demolition-swivel-rotary-water-jet-for-monro-mvt-f3-nozzles\/","og_site_name":"Panwin Machinery&amp;Equipment","article_modified_time":"2025-11-23T15:18:09+00:00","og_image":[{"width":810,"height":1440,"url":"https:\/\/panwinjet.com\/wp-content\/uploads\/2025\/11\/F3-F4-MVT-500Bar-Rotary-Nozzles-Swivel.jpg","type":"image\/jpeg"}],"twitter_card":"summary_large_image","twitter_misc":{"Dur\u00e9e de lecture estim\u00e9e":"1 minute"},"schema":{"@context":"https:\/\/schema.org","@graph":[{"@type":"WebPage","@id":"https:\/\/panwinjet.com\/product\/11600psi-800bar-pressure-hydro-jetting-blasting-concrete-demolition-swivel-rotary-water-jet-for-monro-mvt-f3-nozzles\/","url":"https:\/\/panwinjet.com\/product\/11600psi-800bar-pressure-hydro-jetting-blasting-concrete-demolition-swivel-rotary-water-jet-for-monro-mvt-f3-nozzles\/","name":"11600PSI 800Bar Pressure Hydro-Jetting Blasting Concrete demolition Swivel Rotary Water Jet for monro MVT F3 Nozzles - Panwin Machinery&amp;Equipment","isPartOf":{"@id":"https:\/\/panwinjet.com\/#website"},"primaryImageOfPage":{"@id":"https:\/\/panwinjet.com\/product\/11600psi-800bar-pressure-hydro-jetting-blasting-concrete-demolition-swivel-rotary-water-jet-for-monro-mvt-f3-nozzles\/#primaryimage"},"image":{"@id":"https:\/\/panwinjet.com\/product\/11600psi-800bar-pressure-hydro-jetting-blasting-concrete-demolition-swivel-rotary-water-jet-for-monro-mvt-f3-nozzles\/#primaryimage"},"thumbnailUrl":"https:\/\/panwinjet.com\/wp-content\/uploads\/2025\/11\/F3-F4-MVT-500Bar-Rotary-Nozzles-Swivel.jpg","datePublished":"2025-11-23T15:18:08+00:00","dateModified":"2025-11-23T15:18:09+00:00","breadcrumb":{"@id":"https:\/\/panwinjet.com\/product\/11600psi-800bar-pressure-hydro-jetting-blasting-concrete-demolition-swivel-rotary-water-jet-for-monro-mvt-f3-nozzles\/#breadcrumb"},"inLanguage":"fr-FR","potentialAction":[{"@type":"ReadAction","target":["https:\/\/panwinjet.com\/product\/11600psi-800bar-pressure-hydro-jetting-blasting-concrete-demolition-swivel-rotary-water-jet-for-monro-mvt-f3-nozzles\/"]}]},{"@type":"ImageObject","inLanguage":"fr-FR","@id":"https:\/\/panwinjet.com\/product\/11600psi-800bar-pressure-hydro-jetting-blasting-concrete-demolition-swivel-rotary-water-jet-for-monro-mvt-f3-nozzles\/#primaryimage","url":"https:\/\/panwinjet.com\/wp-content\/uploads\/2025\/11\/F3-F4-MVT-500Bar-Rotary-Nozzles-Swivel.jpg","contentUrl":"https:\/\/panwinjet.com\/wp-content\/uploads\/2025\/11\/F3-F4-MVT-500Bar-Rotary-Nozzles-Swivel.jpg","width":810,"height":1440},{"@type":"BreadcrumbList","@id":"https:\/\/panwinjet.com\/product\/11600psi-800bar-pressure-hydro-jetting-blasting-concrete-demolition-swivel-rotary-water-jet-for-monro-mvt-f3-nozzles\/#breadcrumb","itemListElement":[{"@type":"ListItem","position":1,"name":"\u9996\u9875","item":"https:\/\/panwinjet.com\/"},{"@type":"ListItem","position":2,"name":"PRODUCT","item":"https:\/\/panwinjet.com\/product\/"},{"@type":"ListItem","position":3,"name":"11600PSI 800Bar Pressure Hydro-Jetting Blasting Concrete demolition Swivel Rotary Water Jet for monro MVT F3 Nozzles"}]},{"@type":"WebSite","@id":"https:\/\/panwinjet.com\/#website","url":"https:\/\/panwinjet.com\/","name":"Panwin Machinery&amp;Equipment","description":"Shenzhen Panwin Machinery&amp;Equipment Co.Ltd","potentialAction":[{"@type":"SearchAction","target":{"@type":"EntryPoint","urlTemplate":"https:\/\/panwinjet.com\/?s={search_term_string}"},"query-input":{"@type":"PropertyValueSpecification","valueRequired":true,"valueName":"search_term_string"}}],"inLanguage":"fr-FR"}]}},"_links":{"self":[{"href":"https:\/\/panwinjet.com\/fr\/wp-json\/wp\/v2\/product\/1973","targetHints":{"allow":["GET"]}}],"collection":[{"href":"https:\/\/panwinjet.com\/fr\/wp-json\/wp\/v2\/product"}],"about":[{"href":"https:\/\/panwinjet.com\/fr\/wp-json\/wp\/v2\/types\/product"}],"wp:featuredmedia":[{"embeddable":true,"href":"https:\/\/panwinjet.com\/fr\/wp-json\/wp\/v2\/media\/1978"}],"wp:attachment":[{"href":"https:\/\/panwinjet.com\/fr\/wp-json\/wp\/v2\/media?parent=1973"}],"wp:term":[{"taxonomy":"product_brand","embeddable":true,"href":"https:\/\/panwinjet.com\/fr\/wp-json\/wp\/v2\/product_brand?post=1973"},{"taxonomy":"product_cat","embeddable":true,"href":"https:\/\/panwinjet.com\/fr\/wp-json\/wp\/v2\/product_cat?post=1973"},{"taxonomy":"product_tag","embeddable":true,"href":"https:\/\/panwinjet.com\/fr\/wp-json\/wp\/v2\/product_tag?post=1973"}],"curies":[{"name":"wp","href":"https:\/\/api.w.org\/{rel}","templated":true}]}}