{"id":1950,"date":"2025-11-20T06:17:14","date_gmt":"2025-11-20T06:17:14","guid":{"rendered":"https:\/\/panwinjet.com\/?post_type=product&#038;p=1950"},"modified":"2025-11-20T06:17:15","modified_gmt":"2025-11-20T06:17:15","slug":"hydro-blasting-steel-industry-cleaning-petrochemical-pipe-cleaning-20kpsi-replacement-dursafety-gun-cartridge-50902","status":"publish","type":"product","link":"https:\/\/panwinjet.com\/fr\/produit\/hydro-blasting-steel-industry-cleaning-petrochemical-pipe-cleaning-20kpsi-replacement-dursafety-gun-cartridge-50902\/","title":{"rendered":"Cartouche de rechange Dursafety 50902 pour pistolet de nettoyage \u00e0 haute pression dans l&#039;industrie sid\u00e9rurgique et p\u00e9trochimique (20\u00a0000\u00a0psi)"},"content":{"rendered":"<p><em>Caract\u00e9ristiques et application de la cartouche de rechange Dursafety pour pistolet de nettoyage \u00e0 jet d&#039;eau UHP 20\u00a0000\u00a0psi - 50902<\/em><br \/>\n<em>Cette cartouche de rechange Dursafety 50902, compatible avec le pistolet de nettoyage \u00e0 jet d&#039;eau manuel Dursafety n\u00b0 50902, offre une puissance de 20\u00a0000\u00a0psi et est un \u00e9l\u00e9ment essentiel de ce pistolet. Sa conception novatrice lui conf\u00e8re de nombreux avantages\u00a0: facilit\u00e9 d&#039;entretien, simplicit\u00e9 de structure et de conception, grande polyvalence et multifonctionnalit\u00e9. Cette cartouche de rechange, compatible avec la pi\u00e8ce JST n\u00b0\u00a050902, pr\u00e9sente les caract\u00e9ristiques suivantes\u00a0:<\/em><br \/>\n<em>Caract\u00e9ristiques:<\/em><br \/>\n<em>1 : Maintenance simplifi\u00e9e, temps d&#039;arr\u00eat minimal<\/em><br \/>\n<em>2 : Durabilit\u00e9 \u00e0 long terme <\/em><br \/>\n<em>3 : Pistons et bagues de piston en carbure monobloc<\/em><\/p>","protected":false},"excerpt":{"rendered":"<p>Pr\u00e9sentation du produit\u00a0: Cartouche de rechange Dursafety pour pistolet de nettoyage \u00e0 jet d&#039;eau UHP 20\u00a0000\u00a0psi - 50902<\/p>\n<p>Cette cartouche de remplacement pour pistolet de nettoyage \u00e0 jet d&#039;eau UHP 20Kpsi Dursafety - 50902 est compatible avec le pistolet de remplacement Jet-stream Dursafety n\u00b0 50902. Cette cartouche de valve facilement rempla\u00e7able permet \u00e0 l&#039;utilisateur de reconstruire compl\u00e8tement la valve en quelques minutes seulement.<\/p>","protected":false},"featured_media":1954,"template":"","meta":[],"product_brand":[],"product_cat":[8,9,7,11,4],"product_tag":[115,113,114],"class_list":{"0":"post-1950","1":"product","2":"type-product","3":"status-publish","4":"has-post-thumbnail","6":"product_cat-giant-tank-cleaningcutting-device","7":"product_cat-heat-exchanger-cleaning-device","8":"product_cat-jetstream-pump-fluid-end-compatibe-parts","9":"product_cat-ship-cleaning-device","10":"product_cat-uhp-blasting-hand-air-gun","11":"product_tag-20kpsi-replacement-dursafety-gun-cartridge-50902","12":"product_tag-hydro-blasting-steel-industry-cleaning","13":"product_tag-petrochemical-pipe-cleaning","15":"first","16":"instock","17":"shipping-taxable","18":"product-type-simple"},"yoast_head":"<!-- This site is optimized with the Yoast SEO plugin v24.9 - https:\/\/yoast.com\/wordpress\/plugins\/seo\/ -->\n<title>Hydro-Blasting Steel industry cleaning Petrochemical pipe cleaning 20Kpsi Replacement Dursafety Gun Cartridge-50902 - Panwin Machinery&amp;Equipment<\/title>\n<meta name=\"robots\" content=\"index, follow, max-snippet:-1, max-image-preview:large, max-video-preview:-1\" \/>\n<link rel=\"canonical\" href=\"https:\/\/panwinjet.com\/fr\/produit\/hydro-blasting-steel-industry-cleaning-petrochemical-pipe-cleaning-20kpsi-replacement-dursafety-gun-cartridge-50902\/\" \/>\n<meta property=\"og:locale\" content=\"fr_FR\" \/>\n<meta property=\"og:type\" content=\"article\" \/>\n<meta property=\"og:title\" content=\"Hydro-Blasting Steel industry cleaning Petrochemical pipe cleaning 20Kpsi Replacement Dursafety Gun Cartridge-50902 - Panwin Machinery&amp;Equipment\" \/>\n<meta property=\"og:description\" content=\"Product Introduction of UHP Water-Jetting 20Kpsi Replacement Dursafety Gun Cartridge-50902  This UHP Water-Jetting 20Kpsi Replacement Dursafety Gun Cartridge-50902 is Compatible with Jet-stream Replacement Dursafety Gun No. 50902 ,it is Easily replaceable valve cartridge enables the user to completely re-build the valve in about just few minutes.\" \/>\n<meta property=\"og:url\" content=\"https:\/\/panwinjet.com\/fr\/produit\/hydro-blasting-steel-industry-cleaning-petrochemical-pipe-cleaning-20kpsi-replacement-dursafety-gun-cartridge-50902\/\" \/>\n<meta property=\"og:site_name\" content=\"Panwin Machinery&amp;Equipment\" \/>\n<meta property=\"article:modified_time\" content=\"2025-11-20T06:17:15+00:00\" \/>\n<meta property=\"og:image\" content=\"https:\/\/panwinjet.com\/wp-content\/uploads\/2025\/11\/JS-15K-\u5206\u6d41\u9600\u9600\u82af-14-scaled.jpg\" \/>\n\t<meta property=\"og:image:width\" content=\"2560\" \/>\n\t<meta property=\"og:image:height\" content=\"1152\" \/>\n\t<meta property=\"og:image:type\" content=\"image\/jpeg\" \/>\n<meta name=\"twitter:card\" content=\"summary_large_image\" \/>\n<meta name=\"twitter:label1\" content=\"Dur\u00e9e de lecture estim\u00e9e\" \/>\n\t<meta name=\"twitter:data1\" content=\"1 minute\" \/>\n<script type=\"application\/ld+json\" class=\"yoast-schema-graph\">{\"@context\":\"https:\/\/schema.org\",\"@graph\":[{\"@type\":\"WebPage\",\"@id\":\"https:\/\/panwinjet.com\/product\/hydro-blasting-steel-industry-cleaning-petrochemical-pipe-cleaning-20kpsi-replacement-dursafety-gun-cartridge-50902\/\",\"url\":\"https:\/\/panwinjet.com\/product\/hydro-blasting-steel-industry-cleaning-petrochemical-pipe-cleaning-20kpsi-replacement-dursafety-gun-cartridge-50902\/\",\"name\":\"Hydro-Blasting Steel industry cleaning Petrochemical pipe cleaning 20Kpsi Replacement Dursafety Gun Cartridge-50902 - Panwin Machinery&amp;Equipment\",\"isPartOf\":{\"@id\":\"https:\/\/panwinjet.com\/#website\"},\"primaryImageOfPage\":{\"@id\":\"https:\/\/panwinjet.com\/product\/hydro-blasting-steel-industry-cleaning-petrochemical-pipe-cleaning-20kpsi-replacement-dursafety-gun-cartridge-50902\/#primaryimage\"},\"image\":{\"@id\":\"https:\/\/panwinjet.com\/product\/hydro-blasting-steel-industry-cleaning-petrochemical-pipe-cleaning-20kpsi-replacement-dursafety-gun-cartridge-50902\/#primaryimage\"},\"thumbnailUrl\":\"https:\/\/panwinjet.com\/wp-content\/uploads\/2025\/11\/JS-15K-\u5206\u6d41\u9600\u9600\u82af-14-scaled.jpg\",\"datePublished\":\"2025-11-20T06:17:14+00:00\",\"dateModified\":\"2025-11-20T06:17:15+00:00\",\"breadcrumb\":{\"@id\":\"https:\/\/panwinjet.com\/product\/hydro-blasting-steel-industry-cleaning-petrochemical-pipe-cleaning-20kpsi-replacement-dursafety-gun-cartridge-50902\/#breadcrumb\"},\"inLanguage\":\"fr-FR\",\"potentialAction\":[{\"@type\":\"ReadAction\",\"target\":[\"https:\/\/panwinjet.com\/product\/hydro-blasting-steel-industry-cleaning-petrochemical-pipe-cleaning-20kpsi-replacement-dursafety-gun-cartridge-50902\/\"]}]},{\"@type\":\"ImageObject\",\"inLanguage\":\"fr-FR\",\"@id\":\"https:\/\/panwinjet.com\/product\/hydro-blasting-steel-industry-cleaning-petrochemical-pipe-cleaning-20kpsi-replacement-dursafety-gun-cartridge-50902\/#primaryimage\",\"url\":\"https:\/\/panwinjet.com\/wp-content\/uploads\/2025\/11\/JS-15K-\u5206\u6d41\u9600\u9600\u82af-14-scaled.jpg\",\"contentUrl\":\"https:\/\/panwinjet.com\/wp-content\/uploads\/2025\/11\/JS-15K-\u5206\u6d41\u9600\u9600\u82af-14-scaled.jpg\",\"width\":2560,\"height\":1152},{\"@type\":\"BreadcrumbList\",\"@id\":\"https:\/\/panwinjet.com\/product\/hydro-blasting-steel-industry-cleaning-petrochemical-pipe-cleaning-20kpsi-replacement-dursafety-gun-cartridge-50902\/#breadcrumb\",\"itemListElement\":[{\"@type\":\"ListItem\",\"position\":1,\"name\":\"\u9996\u9875\",\"item\":\"https:\/\/panwinjet.com\/\"},{\"@type\":\"ListItem\",\"position\":2,\"name\":\"PRODUCT\",\"item\":\"https:\/\/panwinjet.com\/product\/\"},{\"@type\":\"ListItem\",\"position\":3,\"name\":\"Hydro-Blasting Steel industry cleaning Petrochemical pipe cleaning 20Kpsi Replacement Dursafety Gun Cartridge-50902\"}]},{\"@type\":\"WebSite\",\"@id\":\"https:\/\/panwinjet.com\/#website\",\"url\":\"https:\/\/panwinjet.com\/\",\"name\":\"Panwin Machinery&amp;Equipment\",\"description\":\"Shenzhen Panwin Machinery&amp;Equipment Co.Ltd\",\"potentialAction\":[{\"@type\":\"SearchAction\",\"target\":{\"@type\":\"EntryPoint\",\"urlTemplate\":\"https:\/\/panwinjet.com\/?s={search_term_string}\"},\"query-input\":{\"@type\":\"PropertyValueSpecification\",\"valueRequired\":true,\"valueName\":\"search_term_string\"}}],\"inLanguage\":\"fr-FR\"}]}<\/script>\n<!-- \/ Yoast SEO plugin. -->","yoast_head_json":{"title":"Hydro-Blasting Steel industry cleaning Petrochemical pipe cleaning 20Kpsi Replacement Dursafety Gun Cartridge-50902 - Panwin Machinery&amp;Equipment","robots":{"index":"index","follow":"follow","max-snippet":"max-snippet:-1","max-image-preview":"max-image-preview:large","max-video-preview":"max-video-preview:-1"},"canonical":"https:\/\/panwinjet.com\/fr\/produit\/hydro-blasting-steel-industry-cleaning-petrochemical-pipe-cleaning-20kpsi-replacement-dursafety-gun-cartridge-50902\/","og_locale":"fr_FR","og_type":"article","og_title":"Hydro-Blasting Steel industry cleaning Petrochemical pipe cleaning 20Kpsi Replacement Dursafety Gun Cartridge-50902 - Panwin Machinery&amp;Equipment","og_description":"Product Introduction of UHP Water-Jetting 20Kpsi Replacement Dursafety Gun Cartridge-50902  This UHP Water-Jetting 20Kpsi Replacement Dursafety Gun Cartridge-50902 is Compatible with Jet-stream Replacement Dursafety Gun No. 50902 ,it is Easily replaceable valve cartridge enables the user to completely re-build the valve in about just few minutes.","og_url":"https:\/\/panwinjet.com\/fr\/produit\/hydro-blasting-steel-industry-cleaning-petrochemical-pipe-cleaning-20kpsi-replacement-dursafety-gun-cartridge-50902\/","og_site_name":"Panwin Machinery&amp;Equipment","article_modified_time":"2025-11-20T06:17:15+00:00","og_image":[{"width":2560,"height":1152,"url":"https:\/\/panwinjet.com\/wp-content\/uploads\/2025\/11\/JS-15K-\u5206\u6d41\u9600\u9600\u82af-14-scaled.jpg","type":"image\/jpeg"}],"twitter_card":"summary_large_image","twitter_misc":{"Dur\u00e9e de lecture estim\u00e9e":"1 minute"},"schema":{"@context":"https:\/\/schema.org","@graph":[{"@type":"WebPage","@id":"https:\/\/panwinjet.com\/product\/hydro-blasting-steel-industry-cleaning-petrochemical-pipe-cleaning-20kpsi-replacement-dursafety-gun-cartridge-50902\/","url":"https:\/\/panwinjet.com\/product\/hydro-blasting-steel-industry-cleaning-petrochemical-pipe-cleaning-20kpsi-replacement-dursafety-gun-cartridge-50902\/","name":"Hydro-Blasting Steel industry cleaning Petrochemical pipe cleaning 20Kpsi Replacement Dursafety Gun Cartridge-50902 - Panwin Machinery&amp;Equipment","isPartOf":{"@id":"https:\/\/panwinjet.com\/#website"},"primaryImageOfPage":{"@id":"https:\/\/panwinjet.com\/product\/hydro-blasting-steel-industry-cleaning-petrochemical-pipe-cleaning-20kpsi-replacement-dursafety-gun-cartridge-50902\/#primaryimage"},"image":{"@id":"https:\/\/panwinjet.com\/product\/hydro-blasting-steel-industry-cleaning-petrochemical-pipe-cleaning-20kpsi-replacement-dursafety-gun-cartridge-50902\/#primaryimage"},"thumbnailUrl":"https:\/\/panwinjet.com\/wp-content\/uploads\/2025\/11\/JS-15K-\u5206\u6d41\u9600\u9600\u82af-14-scaled.jpg","datePublished":"2025-11-20T06:17:14+00:00","dateModified":"2025-11-20T06:17:15+00:00","breadcrumb":{"@id":"https:\/\/panwinjet.com\/product\/hydro-blasting-steel-industry-cleaning-petrochemical-pipe-cleaning-20kpsi-replacement-dursafety-gun-cartridge-50902\/#breadcrumb"},"inLanguage":"fr-FR","potentialAction":[{"@type":"ReadAction","target":["https:\/\/panwinjet.com\/product\/hydro-blasting-steel-industry-cleaning-petrochemical-pipe-cleaning-20kpsi-replacement-dursafety-gun-cartridge-50902\/"]}]},{"@type":"ImageObject","inLanguage":"fr-FR","@id":"https:\/\/panwinjet.com\/product\/hydro-blasting-steel-industry-cleaning-petrochemical-pipe-cleaning-20kpsi-replacement-dursafety-gun-cartridge-50902\/#primaryimage","url":"https:\/\/panwinjet.com\/wp-content\/uploads\/2025\/11\/JS-15K-\u5206\u6d41\u9600\u9600\u82af-14-scaled.jpg","contentUrl":"https:\/\/panwinjet.com\/wp-content\/uploads\/2025\/11\/JS-15K-\u5206\u6d41\u9600\u9600\u82af-14-scaled.jpg","width":2560,"height":1152},{"@type":"BreadcrumbList","@id":"https:\/\/panwinjet.com\/product\/hydro-blasting-steel-industry-cleaning-petrochemical-pipe-cleaning-20kpsi-replacement-dursafety-gun-cartridge-50902\/#breadcrumb","itemListElement":[{"@type":"ListItem","position":1,"name":"\u9996\u9875","item":"https:\/\/panwinjet.com\/"},{"@type":"ListItem","position":2,"name":"PRODUCT","item":"https:\/\/panwinjet.com\/product\/"},{"@type":"ListItem","position":3,"name":"Hydro-Blasting Steel industry cleaning Petrochemical pipe cleaning 20Kpsi Replacement Dursafety Gun Cartridge-50902"}]},{"@type":"WebSite","@id":"https:\/\/panwinjet.com\/#website","url":"https:\/\/panwinjet.com\/","name":"Panwin Machinery&amp;Equipment","description":"Shenzhen Panwin Machinery&amp;Equipment Co.Ltd","potentialAction":[{"@type":"SearchAction","target":{"@type":"EntryPoint","urlTemplate":"https:\/\/panwinjet.com\/?s={search_term_string}"},"query-input":{"@type":"PropertyValueSpecification","valueRequired":true,"valueName":"search_term_string"}}],"inLanguage":"fr-FR"}]}},"_links":{"self":[{"href":"https:\/\/panwinjet.com\/fr\/wp-json\/wp\/v2\/product\/1950","targetHints":{"allow":["GET"]}}],"collection":[{"href":"https:\/\/panwinjet.com\/fr\/wp-json\/wp\/v2\/product"}],"about":[{"href":"https:\/\/panwinjet.com\/fr\/wp-json\/wp\/v2\/types\/product"}],"wp:featuredmedia":[{"embeddable":true,"href":"https:\/\/panwinjet.com\/fr\/wp-json\/wp\/v2\/media\/1954"}],"wp:attachment":[{"href":"https:\/\/panwinjet.com\/fr\/wp-json\/wp\/v2\/media?parent=1950"}],"wp:term":[{"taxonomy":"product_brand","embeddable":true,"href":"https:\/\/panwinjet.com\/fr\/wp-json\/wp\/v2\/product_brand?post=1950"},{"taxonomy":"product_cat","embeddable":true,"href":"https:\/\/panwinjet.com\/fr\/wp-json\/wp\/v2\/product_cat?post=1950"},{"taxonomy":"product_tag","embeddable":true,"href":"https:\/\/panwinjet.com\/fr\/wp-json\/wp\/v2\/product_tag?post=1950"}],"curies":[{"name":"wp","href":"https:\/\/api.w.org\/{rel}","templated":true}]}}