{"id":1942,"date":"2025-11-20T06:10:53","date_gmt":"2025-11-20T06:10:53","guid":{"rendered":"https:\/\/panwinjet.com\/?post_type=product&#038;p=1942"},"modified":"2025-11-20T06:10:54","modified_gmt":"2025-11-20T06:10:54","slug":"uhp-pressured-big-flow-hydro-jet-2800bar-triplex-plunger-pump-cleaning-equipment-parts-divert-cartridge-53475","status":"publish","type":"product","link":"https:\/\/panwinjet.com\/fr\/produit\/uhp-pressured-big-flow-hydro-jet-2800bar-triplex-plunger-pump-cleaning-equipment-parts-divert-cartridge-53475\/","title":{"rendered":"Cartouche de d\u00e9rivation 53475 pour pompe \u00e0 piston triplex \u00e0 jet d&#039;eau haute pression (2800 bars) \u00e0 haut d\u00e9bit et pression UHP"},"content":{"rendered":"<p>Pr\u00e9sentation du produit\u00a0: Cartouche de d\u00e9rivation \u00e0 haut d\u00e9bit et pression UHP 2800\u00a0bar pour hydrojet - 53475<\/p>\n<p>Cette cartouche de d\u00e9rivation hydrojet \u00e0 haut d\u00e9bit et pression UHP de 2800 bars (r\u00e9f\u00e9rence 53475) est compatible avec la vanne de d\u00e9rivation Jet-stream n\u00b0 53475. Facilement rempla\u00e7able, elle permet \u00e0 l&#039;utilisateur de reconstruire enti\u00e8rement la vanne en quelques minutes seulement.<\/p>\n<p>Caract\u00e9ristiques techniques de la cartouche de d\u00e9rivation \u00e0 grand d\u00e9bit pour hydrojet haute pression UHP 2800 bars - 53475<br \/>\nCette cartouche de d\u00e9rivation hydrojet \u00e0 haut d\u00e9bit et pression UHP de 2800 bars (r\u00e9f. 53475) est fabriqu\u00e9e en acier inoxydable de haute qualit\u00e9. La soupape et le si\u00e8ge sont tous deux fabriqu\u00e9s en acier inoxydable tremp\u00e9 et rev\u00eatus pour une r\u00e9sistance \u00e0 l&#039;usure et une dur\u00e9e de vie maximales.<\/p>","protected":false},"excerpt":{"rendered":"<p>Cartouche de d\u00e9rivation 53475 pour pompe \u00e0 piston triplex \u00e0 jet d&#039;eau haute pression (2800 bars) \u00e0 haut d\u00e9bit et pression UHP<\/p>\n<p>Application:<br \/>\nPi\u00e8ces d\u00e9tach\u00e9es pour \u00e9quipement de nettoyage de pompe \u00e0 piston triplex UHP 3000 bar, robot de pr\u00e9paration de surface pour barre de pulv\u00e9risation Hammelmann, destin\u00e9 aux chantiers navals.<br \/>\nIndustrie du fer, de l&#039;acier et des m\u00e9taux : sablage hydrodynamique<br \/>\nIng\u00e9nierie m\u00e9canique et des appareils pour nettoyeurs haute pression<br \/>\nIndustrie du ciment et du b\u00e9ton<br \/>\nNettoyage de surface haute pression Barracuda<br \/>\npi\u00e8ces d&#039;\u00e9quipement de nettoyage \u00e0 jet d&#039;eau ultra-haute pression<br \/>\nBarres de pulv\u00e9risation pour le nettoyage industriel<br \/>\nMachine de nettoyage \u00e0 haute pression pour l&#039;industrie du raffinage du p\u00e9trole<br \/>\nNettoyage de surfaces par hydrojet, nettoyage de r\u00e9servoirs et de cuves,<br \/>\nNettoyage de l&#039;\u00e9changeur de chaleur,<br \/>\nNettoyage de v\u00e9hicules (peinture), nettoyage pour l&#039;industrie mini\u00e8re, nettoyage pour la fabrication d&#039;acier, etc.<br \/>\n\u00c9quipement de nettoyage des \u00e9gouts \u00e0 haute pression pour les r\u00e9seaux de canalisations municipales d&#039;adduction d&#039;eau et de drainage\u00a0;<\/p>","protected":false},"featured_media":1946,"template":"","meta":[],"product_brand":[],"product_cat":[9,7,10,11],"product_tag":[112,111,110],"class_list":{"0":"post-1942","1":"product","2":"type-product","3":"status-publish","4":"has-post-thumbnail","6":"product_cat-heat-exchanger-cleaning-device","7":"product_cat-jetstream-pump-fluid-end-compatibe-parts","8":"product_cat-pipeline-tube-uhp-water-blasting-cleaning-device","9":"product_cat-ship-cleaning-device","10":"product_tag-divert-cartridge-jetstream-53475","11":"product_tag-hydro-jet-2800bar-triplex-plunger-pump","12":"product_tag-uhp-pressured-big-flow-pump","14":"first","15":"instock","16":"shipping-taxable","17":"product-type-simple"},"yoast_head":"<!-- This site is optimized with the Yoast SEO plugin v24.9 - https:\/\/yoast.com\/wordpress\/plugins\/seo\/ -->\n<title>UHP pressured big flow hydro-jet 2800Bar triplex plunger pump cleaning equipment parts Divert Cartridge-53475 - Panwin Machinery&amp;Equipment<\/title>\n<meta name=\"robots\" content=\"index, follow, max-snippet:-1, max-image-preview:large, max-video-preview:-1\" \/>\n<link rel=\"canonical\" href=\"https:\/\/panwinjet.com\/fr\/produit\/uhp-pressured-big-flow-hydro-jet-2800bar-triplex-plunger-pump-cleaning-equipment-parts-divert-cartridge-53475\/\" \/>\n<meta property=\"og:locale\" content=\"fr_FR\" \/>\n<meta property=\"og:type\" content=\"article\" \/>\n<meta property=\"og:title\" content=\"UHP pressured big flow hydro-jet 2800Bar triplex plunger pump cleaning equipment parts Divert Cartridge-53475 - Panwin Machinery&amp;Equipment\" \/>\n<meta property=\"og:description\" content=\"UHP pressured big flow hydro-jet 2800Bar triplex plunger pump cleaning equipment parts Divert Cartridge-53475  Application: UHP 3000Bar UHP triplex plunger pump cleaning equipment parts Shipyard Surface preparation Robot for Hammelmann Spraying Bar Hydro Jet blaster Iron, Steel And Metal Industry high pressure waterblaster Mechanical and Apparatus Engineering Cements and Concrete Industry high pressure barracuda Surface cleaning UHP hydro Jet cleaning equipment parts Industrial Cleaning Spray Bars hydro blasting machine for petroleum refining industry Hydro Jet Surface Cleaning,Tank&amp;Vessel Cleaning, Heat Exchange Cleaning, Automotive Painting cleaning Mining industry cleaning Steel manufacture cleaning etc. High pressure sewer cleaning equipment for municipal pipe networks water supply and drainage pipelines;\" \/>\n<meta property=\"og:url\" content=\"https:\/\/panwinjet.com\/fr\/produit\/uhp-pressured-big-flow-hydro-jet-2800bar-triplex-plunger-pump-cleaning-equipment-parts-divert-cartridge-53475\/\" \/>\n<meta property=\"og:site_name\" content=\"Panwin Machinery&amp;Equipment\" \/>\n<meta property=\"article:modified_time\" content=\"2025-11-20T06:10:54+00:00\" \/>\n<meta property=\"og:image\" content=\"https:\/\/panwinjet.com\/wp-content\/uploads\/2025\/11\/53475-40K-\u5206\u6d41\u9600\u9600\u82af-6-scaled.jpg\" \/>\n\t<meta property=\"og:image:width\" content=\"1152\" \/>\n\t<meta property=\"og:image:height\" content=\"2560\" \/>\n\t<meta property=\"og:image:type\" content=\"image\/jpeg\" \/>\n<meta name=\"twitter:card\" content=\"summary_large_image\" \/>\n<meta name=\"twitter:label1\" content=\"Dur\u00e9e de lecture estim\u00e9e\" \/>\n\t<meta name=\"twitter:data1\" content=\"1 minute\" \/>\n<script type=\"application\/ld+json\" class=\"yoast-schema-graph\">{\"@context\":\"https:\/\/schema.org\",\"@graph\":[{\"@type\":\"WebPage\",\"@id\":\"https:\/\/panwinjet.com\/product\/uhp-pressured-big-flow-hydro-jet-2800bar-triplex-plunger-pump-cleaning-equipment-parts-divert-cartridge-53475\/\",\"url\":\"https:\/\/panwinjet.com\/product\/uhp-pressured-big-flow-hydro-jet-2800bar-triplex-plunger-pump-cleaning-equipment-parts-divert-cartridge-53475\/\",\"name\":\"UHP pressured big flow hydro-jet 2800Bar triplex plunger pump cleaning equipment parts Divert Cartridge-53475 - Panwin Machinery&amp;Equipment\",\"isPartOf\":{\"@id\":\"https:\/\/panwinjet.com\/#website\"},\"primaryImageOfPage\":{\"@id\":\"https:\/\/panwinjet.com\/product\/uhp-pressured-big-flow-hydro-jet-2800bar-triplex-plunger-pump-cleaning-equipment-parts-divert-cartridge-53475\/#primaryimage\"},\"image\":{\"@id\":\"https:\/\/panwinjet.com\/product\/uhp-pressured-big-flow-hydro-jet-2800bar-triplex-plunger-pump-cleaning-equipment-parts-divert-cartridge-53475\/#primaryimage\"},\"thumbnailUrl\":\"https:\/\/panwinjet.com\/wp-content\/uploads\/2025\/11\/53475-40K-\u5206\u6d41\u9600\u9600\u82af-6-scaled.jpg\",\"datePublished\":\"2025-11-20T06:10:53+00:00\",\"dateModified\":\"2025-11-20T06:10:54+00:00\",\"breadcrumb\":{\"@id\":\"https:\/\/panwinjet.com\/product\/uhp-pressured-big-flow-hydro-jet-2800bar-triplex-plunger-pump-cleaning-equipment-parts-divert-cartridge-53475\/#breadcrumb\"},\"inLanguage\":\"fr-FR\",\"potentialAction\":[{\"@type\":\"ReadAction\",\"target\":[\"https:\/\/panwinjet.com\/product\/uhp-pressured-big-flow-hydro-jet-2800bar-triplex-plunger-pump-cleaning-equipment-parts-divert-cartridge-53475\/\"]}]},{\"@type\":\"ImageObject\",\"inLanguage\":\"fr-FR\",\"@id\":\"https:\/\/panwinjet.com\/product\/uhp-pressured-big-flow-hydro-jet-2800bar-triplex-plunger-pump-cleaning-equipment-parts-divert-cartridge-53475\/#primaryimage\",\"url\":\"https:\/\/panwinjet.com\/wp-content\/uploads\/2025\/11\/53475-40K-\u5206\u6d41\u9600\u9600\u82af-6-scaled.jpg\",\"contentUrl\":\"https:\/\/panwinjet.com\/wp-content\/uploads\/2025\/11\/53475-40K-\u5206\u6d41\u9600\u9600\u82af-6-scaled.jpg\",\"width\":1152,\"height\":2560},{\"@type\":\"BreadcrumbList\",\"@id\":\"https:\/\/panwinjet.com\/product\/uhp-pressured-big-flow-hydro-jet-2800bar-triplex-plunger-pump-cleaning-equipment-parts-divert-cartridge-53475\/#breadcrumb\",\"itemListElement\":[{\"@type\":\"ListItem\",\"position\":1,\"name\":\"\u9996\u9875\",\"item\":\"https:\/\/panwinjet.com\/\"},{\"@type\":\"ListItem\",\"position\":2,\"name\":\"PRODUCT\",\"item\":\"https:\/\/panwinjet.com\/product\/\"},{\"@type\":\"ListItem\",\"position\":3,\"name\":\"UHP pressured big flow hydro-jet 2800Bar triplex plunger pump cleaning equipment parts Divert Cartridge-53475\"}]},{\"@type\":\"WebSite\",\"@id\":\"https:\/\/panwinjet.com\/#website\",\"url\":\"https:\/\/panwinjet.com\/\",\"name\":\"Panwin Machinery&amp;Equipment\",\"description\":\"Shenzhen Panwin Machinery&amp;Equipment Co.Ltd\",\"potentialAction\":[{\"@type\":\"SearchAction\",\"target\":{\"@type\":\"EntryPoint\",\"urlTemplate\":\"https:\/\/panwinjet.com\/?s={search_term_string}\"},\"query-input\":{\"@type\":\"PropertyValueSpecification\",\"valueRequired\":true,\"valueName\":\"search_term_string\"}}],\"inLanguage\":\"fr-FR\"}]}<\/script>\n<!-- \/ Yoast SEO plugin. -->","yoast_head_json":{"title":"UHP pressured big flow hydro-jet 2800Bar triplex plunger pump cleaning equipment parts Divert Cartridge-53475 - Panwin Machinery&amp;Equipment","robots":{"index":"index","follow":"follow","max-snippet":"max-snippet:-1","max-image-preview":"max-image-preview:large","max-video-preview":"max-video-preview:-1"},"canonical":"https:\/\/panwinjet.com\/fr\/produit\/uhp-pressured-big-flow-hydro-jet-2800bar-triplex-plunger-pump-cleaning-equipment-parts-divert-cartridge-53475\/","og_locale":"fr_FR","og_type":"article","og_title":"UHP pressured big flow hydro-jet 2800Bar triplex plunger pump cleaning equipment parts Divert Cartridge-53475 - Panwin Machinery&amp;Equipment","og_description":"UHP pressured big flow hydro-jet 2800Bar triplex plunger pump cleaning equipment parts Divert Cartridge-53475  Application: UHP 3000Bar UHP triplex plunger pump cleaning equipment parts Shipyard Surface preparation Robot for Hammelmann Spraying Bar Hydro Jet blaster Iron, Steel And Metal Industry high pressure waterblaster Mechanical and Apparatus Engineering Cements and Concrete Industry high pressure barracuda Surface cleaning UHP hydro Jet cleaning equipment parts Industrial Cleaning Spray Bars hydro blasting machine for petroleum refining industry Hydro Jet Surface Cleaning,Tank&amp;Vessel Cleaning, Heat Exchange Cleaning, Automotive Painting cleaning Mining industry cleaning Steel manufacture cleaning etc. High pressure sewer cleaning equipment for municipal pipe networks water supply and drainage pipelines;","og_url":"https:\/\/panwinjet.com\/fr\/produit\/uhp-pressured-big-flow-hydro-jet-2800bar-triplex-plunger-pump-cleaning-equipment-parts-divert-cartridge-53475\/","og_site_name":"Panwin Machinery&amp;Equipment","article_modified_time":"2025-11-20T06:10:54+00:00","og_image":[{"width":1152,"height":2560,"url":"https:\/\/panwinjet.com\/wp-content\/uploads\/2025\/11\/53475-40K-\u5206\u6d41\u9600\u9600\u82af-6-scaled.jpg","type":"image\/jpeg"}],"twitter_card":"summary_large_image","twitter_misc":{"Dur\u00e9e de lecture estim\u00e9e":"1 minute"},"schema":{"@context":"https:\/\/schema.org","@graph":[{"@type":"WebPage","@id":"https:\/\/panwinjet.com\/product\/uhp-pressured-big-flow-hydro-jet-2800bar-triplex-plunger-pump-cleaning-equipment-parts-divert-cartridge-53475\/","url":"https:\/\/panwinjet.com\/product\/uhp-pressured-big-flow-hydro-jet-2800bar-triplex-plunger-pump-cleaning-equipment-parts-divert-cartridge-53475\/","name":"UHP pressured big flow hydro-jet 2800Bar triplex plunger pump cleaning equipment parts Divert Cartridge-53475 - Panwin Machinery&amp;Equipment","isPartOf":{"@id":"https:\/\/panwinjet.com\/#website"},"primaryImageOfPage":{"@id":"https:\/\/panwinjet.com\/product\/uhp-pressured-big-flow-hydro-jet-2800bar-triplex-plunger-pump-cleaning-equipment-parts-divert-cartridge-53475\/#primaryimage"},"image":{"@id":"https:\/\/panwinjet.com\/product\/uhp-pressured-big-flow-hydro-jet-2800bar-triplex-plunger-pump-cleaning-equipment-parts-divert-cartridge-53475\/#primaryimage"},"thumbnailUrl":"https:\/\/panwinjet.com\/wp-content\/uploads\/2025\/11\/53475-40K-\u5206\u6d41\u9600\u9600\u82af-6-scaled.jpg","datePublished":"2025-11-20T06:10:53+00:00","dateModified":"2025-11-20T06:10:54+00:00","breadcrumb":{"@id":"https:\/\/panwinjet.com\/product\/uhp-pressured-big-flow-hydro-jet-2800bar-triplex-plunger-pump-cleaning-equipment-parts-divert-cartridge-53475\/#breadcrumb"},"inLanguage":"fr-FR","potentialAction":[{"@type":"ReadAction","target":["https:\/\/panwinjet.com\/product\/uhp-pressured-big-flow-hydro-jet-2800bar-triplex-plunger-pump-cleaning-equipment-parts-divert-cartridge-53475\/"]}]},{"@type":"ImageObject","inLanguage":"fr-FR","@id":"https:\/\/panwinjet.com\/product\/uhp-pressured-big-flow-hydro-jet-2800bar-triplex-plunger-pump-cleaning-equipment-parts-divert-cartridge-53475\/#primaryimage","url":"https:\/\/panwinjet.com\/wp-content\/uploads\/2025\/11\/53475-40K-\u5206\u6d41\u9600\u9600\u82af-6-scaled.jpg","contentUrl":"https:\/\/panwinjet.com\/wp-content\/uploads\/2025\/11\/53475-40K-\u5206\u6d41\u9600\u9600\u82af-6-scaled.jpg","width":1152,"height":2560},{"@type":"BreadcrumbList","@id":"https:\/\/panwinjet.com\/product\/uhp-pressured-big-flow-hydro-jet-2800bar-triplex-plunger-pump-cleaning-equipment-parts-divert-cartridge-53475\/#breadcrumb","itemListElement":[{"@type":"ListItem","position":1,"name":"\u9996\u9875","item":"https:\/\/panwinjet.com\/"},{"@type":"ListItem","position":2,"name":"PRODUCT","item":"https:\/\/panwinjet.com\/product\/"},{"@type":"ListItem","position":3,"name":"UHP pressured big flow hydro-jet 2800Bar triplex plunger pump cleaning equipment parts Divert Cartridge-53475"}]},{"@type":"WebSite","@id":"https:\/\/panwinjet.com\/#website","url":"https:\/\/panwinjet.com\/","name":"Panwin Machinery&amp;Equipment","description":"Shenzhen Panwin Machinery&amp;Equipment Co.Ltd","potentialAction":[{"@type":"SearchAction","target":{"@type":"EntryPoint","urlTemplate":"https:\/\/panwinjet.com\/?s={search_term_string}"},"query-input":{"@type":"PropertyValueSpecification","valueRequired":true,"valueName":"search_term_string"}}],"inLanguage":"fr-FR"}]}},"_links":{"self":[{"href":"https:\/\/panwinjet.com\/fr\/wp-json\/wp\/v2\/product\/1942","targetHints":{"allow":["GET"]}}],"collection":[{"href":"https:\/\/panwinjet.com\/fr\/wp-json\/wp\/v2\/product"}],"about":[{"href":"https:\/\/panwinjet.com\/fr\/wp-json\/wp\/v2\/types\/product"}],"wp:featuredmedia":[{"embeddable":true,"href":"https:\/\/panwinjet.com\/fr\/wp-json\/wp\/v2\/media\/1946"}],"wp:attachment":[{"href":"https:\/\/panwinjet.com\/fr\/wp-json\/wp\/v2\/media?parent=1942"}],"wp:term":[{"taxonomy":"product_brand","embeddable":true,"href":"https:\/\/panwinjet.com\/fr\/wp-json\/wp\/v2\/product_brand?post=1942"},{"taxonomy":"product_cat","embeddable":true,"href":"https:\/\/panwinjet.com\/fr\/wp-json\/wp\/v2\/product_cat?post=1942"},{"taxonomy":"product_tag","embeddable":true,"href":"https:\/\/panwinjet.com\/fr\/wp-json\/wp\/v2\/product_tag?post=1942"}],"curies":[{"name":"wp","href":"https:\/\/api.w.org\/{rel}","templated":true}]}}