{"id":1916,"date":"2025-11-14T07:51:23","date_gmt":"2025-11-14T07:51:23","guid":{"rendered":"https:\/\/panwinjet.com\/?post_type=product&#038;p=1916"},"modified":"2025-11-14T07:51:23","modified_gmt":"2025-11-14T07:51:23","slug":"2800bar-40kpsi-uhp-hydro-jettting-water-blaster-surface-preperation-barracuda-self-rotary-nozzles","status":"publish","type":"product","link":"https:\/\/panwinjet.com\/fr\/produit\/2800bar-40kpsi-uhp-hydro-jettting-water-blaster-surface-preperation-barracuda-self-rotary-nozzles\/","title":{"rendered":"Pr\u00e9paration de surfaces par jet d&#039;eau ultra-haute pression (UHP) 2800 bars (40 000 psi) avec buses auto-rotatives Barracuda"},"content":{"rendered":"<p>Structure \u00e0 haut rendement et entretien facile, productivit\u00e9 accrue gr\u00e2ce \u00e0 la buse de pr\u00e9paration de surface auto-rotative Barracuda, 1379 \u2013 2759 bar (20\u00a0000\u201340\u00a0000 psi). Le nettoyage au jet d&#039;eau \u00e0 ultra-haute pression est devenu la m\u00e9thode standard de d\u00e9capage gr\u00e2ce \u00e0 ses avantages \u00e9conomiques et environnementaux. Dur\u00e9e de vie prolong\u00e9e des roulements de notre buse 30%-50%, entretien facile pour un gain de temps. La buse Barracuda est id\u00e9ale pour une utilisation avec les pistolets de pulv\u00e9risation Panwin 20K 40K \u00e0 commande par basculement.<\/p>","protected":false},"excerpt":{"rendered":"<p>buse en saphir de haute qualit\u00e9 7\/16-20 ou M10<br \/>\nContr\u00f4le de la vitesse de rotation\u00a0: 1\u00a0200 \u00e0 2\u00a0600 tr\/min<br \/>\nPlage de fonctionnement 1379-2759 bar (20 000-40 000 psi)<br \/>\n2800 bars : 15 \u00e0 38 l\/min<br \/>\n1500 bars : 12 \u00e0 35 l\/min<br \/>\nIl ne p\u00e8se que 1,3 kg.<br \/>\nConstruction durable en acier inoxydable. Structure facile d&#039;entretien.<br \/>\nRoulement rotatif longue dur\u00e9e<br \/>\nT\u00eate rotative int\u00e9gr\u00e9e<\/p>","protected":false},"featured_media":1923,"template":"","meta":[],"product_brand":[],"product_cat":[8,10,11,5],"product_tag":[104,106,105],"class_list":{"0":"post-1916","1":"product","2":"type-product","3":"status-publish","4":"has-post-thumbnail","6":"product_cat-giant-tank-cleaningcutting-device","7":"product_cat-pipeline-tube-uhp-water-blasting-cleaning-device","8":"product_cat-ship-cleaning-device","9":"product_cat-uhp-rotating-nozzles","10":"product_tag-2800bar-40kpsi-uhp-hydro-jettting","11":"product_tag-surface-preperation-barracuda","12":"product_tag-water-blaster","14":"first","15":"instock","16":"shipping-taxable","17":"product-type-simple"},"yoast_head":"<!-- This site is optimized with the Yoast SEO plugin v24.9 - https:\/\/yoast.com\/wordpress\/plugins\/seo\/ -->\n<title>2800Bar 40Kpsi UHP Hydro-Jettting Water Blaster Surface Preperation Barracuda Self-Rotary Nozzles - Panwin Machinery&amp;Equipment<\/title>\n<meta name=\"robots\" content=\"index, follow, max-snippet:-1, max-image-preview:large, max-video-preview:-1\" \/>\n<link rel=\"canonical\" href=\"https:\/\/panwinjet.com\/fr\/produit\/2800bar-40kpsi-uhp-hydro-jettting-water-blaster-surface-preperation-barracuda-self-rotary-nozzles\/\" \/>\n<meta property=\"og:locale\" content=\"fr_FR\" \/>\n<meta property=\"og:type\" content=\"article\" \/>\n<meta property=\"og:title\" content=\"2800Bar 40Kpsi UHP Hydro-Jettting Water Blaster Surface Preperation Barracuda Self-Rotary Nozzles - Panwin Machinery&amp;Equipment\" \/>\n<meta property=\"og:description\" content=\"High quality 7\/16-20 Or M10 sapphire nozzle Rotation speed control 1,200 to 2,600 RPM Operation range 1379-2759 bar (20,000-40,000 psi) 2800Bar: 15 to 38LPM 1500Bar: 12 to 35 LPM Only weighs 1.3kg Durable stainless steel construction Easy service Structure Long Life Rotary Bearing Integral rotating head\" \/>\n<meta property=\"og:url\" content=\"https:\/\/panwinjet.com\/fr\/produit\/2800bar-40kpsi-uhp-hydro-jettting-water-blaster-surface-preperation-barracuda-self-rotary-nozzles\/\" \/>\n<meta property=\"og:site_name\" content=\"Panwin Machinery&amp;Equipment\" \/>\n<meta property=\"og:image\" content=\"https:\/\/panwinjet.com\/wp-content\/uploads\/2025\/11\/40K-Barracuda-Nozzles-scaled.jpg\" \/>\n\t<meta property=\"og:image:width\" content=\"2560\" \/>\n\t<meta property=\"og:image:height\" content=\"1152\" \/>\n\t<meta property=\"og:image:type\" content=\"image\/jpeg\" \/>\n<meta name=\"twitter:card\" content=\"summary_large_image\" \/>\n<script type=\"application\/ld+json\" class=\"yoast-schema-graph\">{\"@context\":\"https:\/\/schema.org\",\"@graph\":[{\"@type\":\"WebPage\",\"@id\":\"https:\/\/panwinjet.com\/product\/2800bar-40kpsi-uhp-hydro-jettting-water-blaster-surface-preperation-barracuda-self-rotary-nozzles\/\",\"url\":\"https:\/\/panwinjet.com\/product\/2800bar-40kpsi-uhp-hydro-jettting-water-blaster-surface-preperation-barracuda-self-rotary-nozzles\/\",\"name\":\"2800Bar 40Kpsi UHP Hydro-Jettting Water Blaster Surface Preperation Barracuda Self-Rotary Nozzles - Panwin Machinery&amp;Equipment\",\"isPartOf\":{\"@id\":\"https:\/\/panwinjet.com\/#website\"},\"primaryImageOfPage\":{\"@id\":\"https:\/\/panwinjet.com\/product\/2800bar-40kpsi-uhp-hydro-jettting-water-blaster-surface-preperation-barracuda-self-rotary-nozzles\/#primaryimage\"},\"image\":{\"@id\":\"https:\/\/panwinjet.com\/product\/2800bar-40kpsi-uhp-hydro-jettting-water-blaster-surface-preperation-barracuda-self-rotary-nozzles\/#primaryimage\"},\"thumbnailUrl\":\"https:\/\/panwinjet.com\/wp-content\/uploads\/2025\/11\/40K-Barracuda-Nozzles-scaled.jpg\",\"datePublished\":\"2025-11-14T07:51:23+00:00\",\"breadcrumb\":{\"@id\":\"https:\/\/panwinjet.com\/product\/2800bar-40kpsi-uhp-hydro-jettting-water-blaster-surface-preperation-barracuda-self-rotary-nozzles\/#breadcrumb\"},\"inLanguage\":\"fr-FR\",\"potentialAction\":[{\"@type\":\"ReadAction\",\"target\":[\"https:\/\/panwinjet.com\/product\/2800bar-40kpsi-uhp-hydro-jettting-water-blaster-surface-preperation-barracuda-self-rotary-nozzles\/\"]}]},{\"@type\":\"ImageObject\",\"inLanguage\":\"fr-FR\",\"@id\":\"https:\/\/panwinjet.com\/product\/2800bar-40kpsi-uhp-hydro-jettting-water-blaster-surface-preperation-barracuda-self-rotary-nozzles\/#primaryimage\",\"url\":\"https:\/\/panwinjet.com\/wp-content\/uploads\/2025\/11\/40K-Barracuda-Nozzles-scaled.jpg\",\"contentUrl\":\"https:\/\/panwinjet.com\/wp-content\/uploads\/2025\/11\/40K-Barracuda-Nozzles-scaled.jpg\",\"width\":2560,\"height\":1152},{\"@type\":\"BreadcrumbList\",\"@id\":\"https:\/\/panwinjet.com\/product\/2800bar-40kpsi-uhp-hydro-jettting-water-blaster-surface-preperation-barracuda-self-rotary-nozzles\/#breadcrumb\",\"itemListElement\":[{\"@type\":\"ListItem\",\"position\":1,\"name\":\"\u9996\u9875\",\"item\":\"https:\/\/panwinjet.com\/\"},{\"@type\":\"ListItem\",\"position\":2,\"name\":\"PRODUCT\",\"item\":\"https:\/\/panwinjet.com\/product\/\"},{\"@type\":\"ListItem\",\"position\":3,\"name\":\"2800Bar 40Kpsi UHP Hydro-Jettting Water Blaster Surface Preperation Barracuda Self-Rotary Nozzles\"}]},{\"@type\":\"WebSite\",\"@id\":\"https:\/\/panwinjet.com\/#website\",\"url\":\"https:\/\/panwinjet.com\/\",\"name\":\"Panwin Machinery&amp;Equipment\",\"description\":\"Shenzhen Panwin Machinery&amp;Equipment Co.Ltd\",\"potentialAction\":[{\"@type\":\"SearchAction\",\"target\":{\"@type\":\"EntryPoint\",\"urlTemplate\":\"https:\/\/panwinjet.com\/?s={search_term_string}\"},\"query-input\":{\"@type\":\"PropertyValueSpecification\",\"valueRequired\":true,\"valueName\":\"search_term_string\"}}],\"inLanguage\":\"fr-FR\"}]}<\/script>\n<!-- \/ Yoast SEO plugin. -->","yoast_head_json":{"title":"2800Bar 40Kpsi UHP Hydro-Jettting Water Blaster Surface Preperation Barracuda Self-Rotary Nozzles - Panwin Machinery&amp;Equipment","robots":{"index":"index","follow":"follow","max-snippet":"max-snippet:-1","max-image-preview":"max-image-preview:large","max-video-preview":"max-video-preview:-1"},"canonical":"https:\/\/panwinjet.com\/fr\/produit\/2800bar-40kpsi-uhp-hydro-jettting-water-blaster-surface-preperation-barracuda-self-rotary-nozzles\/","og_locale":"fr_FR","og_type":"article","og_title":"2800Bar 40Kpsi UHP Hydro-Jettting Water Blaster Surface Preperation Barracuda Self-Rotary Nozzles - Panwin Machinery&amp;Equipment","og_description":"High quality 7\/16-20 Or M10 sapphire nozzle Rotation speed control 1,200 to 2,600 RPM Operation range 1379-2759 bar (20,000-40,000 psi) 2800Bar: 15 to 38LPM 1500Bar: 12 to 35 LPM Only weighs 1.3kg Durable stainless steel construction Easy service Structure Long Life Rotary Bearing Integral rotating head","og_url":"https:\/\/panwinjet.com\/fr\/produit\/2800bar-40kpsi-uhp-hydro-jettting-water-blaster-surface-preperation-barracuda-self-rotary-nozzles\/","og_site_name":"Panwin Machinery&amp;Equipment","og_image":[{"width":2560,"height":1152,"url":"https:\/\/panwinjet.com\/wp-content\/uploads\/2025\/11\/40K-Barracuda-Nozzles-scaled.jpg","type":"image\/jpeg"}],"twitter_card":"summary_large_image","schema":{"@context":"https:\/\/schema.org","@graph":[{"@type":"WebPage","@id":"https:\/\/panwinjet.com\/product\/2800bar-40kpsi-uhp-hydro-jettting-water-blaster-surface-preperation-barracuda-self-rotary-nozzles\/","url":"https:\/\/panwinjet.com\/product\/2800bar-40kpsi-uhp-hydro-jettting-water-blaster-surface-preperation-barracuda-self-rotary-nozzles\/","name":"2800Bar 40Kpsi UHP Hydro-Jettting Water Blaster Surface Preperation Barracuda Self-Rotary Nozzles - Panwin Machinery&amp;Equipment","isPartOf":{"@id":"https:\/\/panwinjet.com\/#website"},"primaryImageOfPage":{"@id":"https:\/\/panwinjet.com\/product\/2800bar-40kpsi-uhp-hydro-jettting-water-blaster-surface-preperation-barracuda-self-rotary-nozzles\/#primaryimage"},"image":{"@id":"https:\/\/panwinjet.com\/product\/2800bar-40kpsi-uhp-hydro-jettting-water-blaster-surface-preperation-barracuda-self-rotary-nozzles\/#primaryimage"},"thumbnailUrl":"https:\/\/panwinjet.com\/wp-content\/uploads\/2025\/11\/40K-Barracuda-Nozzles-scaled.jpg","datePublished":"2025-11-14T07:51:23+00:00","breadcrumb":{"@id":"https:\/\/panwinjet.com\/product\/2800bar-40kpsi-uhp-hydro-jettting-water-blaster-surface-preperation-barracuda-self-rotary-nozzles\/#breadcrumb"},"inLanguage":"fr-FR","potentialAction":[{"@type":"ReadAction","target":["https:\/\/panwinjet.com\/product\/2800bar-40kpsi-uhp-hydro-jettting-water-blaster-surface-preperation-barracuda-self-rotary-nozzles\/"]}]},{"@type":"ImageObject","inLanguage":"fr-FR","@id":"https:\/\/panwinjet.com\/product\/2800bar-40kpsi-uhp-hydro-jettting-water-blaster-surface-preperation-barracuda-self-rotary-nozzles\/#primaryimage","url":"https:\/\/panwinjet.com\/wp-content\/uploads\/2025\/11\/40K-Barracuda-Nozzles-scaled.jpg","contentUrl":"https:\/\/panwinjet.com\/wp-content\/uploads\/2025\/11\/40K-Barracuda-Nozzles-scaled.jpg","width":2560,"height":1152},{"@type":"BreadcrumbList","@id":"https:\/\/panwinjet.com\/product\/2800bar-40kpsi-uhp-hydro-jettting-water-blaster-surface-preperation-barracuda-self-rotary-nozzles\/#breadcrumb","itemListElement":[{"@type":"ListItem","position":1,"name":"\u9996\u9875","item":"https:\/\/panwinjet.com\/"},{"@type":"ListItem","position":2,"name":"PRODUCT","item":"https:\/\/panwinjet.com\/product\/"},{"@type":"ListItem","position":3,"name":"2800Bar 40Kpsi UHP Hydro-Jettting Water Blaster Surface Preperation Barracuda Self-Rotary Nozzles"}]},{"@type":"WebSite","@id":"https:\/\/panwinjet.com\/#website","url":"https:\/\/panwinjet.com\/","name":"Panwin Machinery&amp;Equipment","description":"Shenzhen Panwin Machinery&amp;Equipment Co.Ltd","potentialAction":[{"@type":"SearchAction","target":{"@type":"EntryPoint","urlTemplate":"https:\/\/panwinjet.com\/?s={search_term_string}"},"query-input":{"@type":"PropertyValueSpecification","valueRequired":true,"valueName":"search_term_string"}}],"inLanguage":"fr-FR"}]}},"_links":{"self":[{"href":"https:\/\/panwinjet.com\/fr\/wp-json\/wp\/v2\/product\/1916","targetHints":{"allow":["GET"]}}],"collection":[{"href":"https:\/\/panwinjet.com\/fr\/wp-json\/wp\/v2\/product"}],"about":[{"href":"https:\/\/panwinjet.com\/fr\/wp-json\/wp\/v2\/types\/product"}],"wp:featuredmedia":[{"embeddable":true,"href":"https:\/\/panwinjet.com\/fr\/wp-json\/wp\/v2\/media\/1923"}],"wp:attachment":[{"href":"https:\/\/panwinjet.com\/fr\/wp-json\/wp\/v2\/media?parent=1916"}],"wp:term":[{"taxonomy":"product_brand","embeddable":true,"href":"https:\/\/panwinjet.com\/fr\/wp-json\/wp\/v2\/product_brand?post=1916"},{"taxonomy":"product_cat","embeddable":true,"href":"https:\/\/panwinjet.com\/fr\/wp-json\/wp\/v2\/product_cat?post=1916"},{"taxonomy":"product_tag","embeddable":true,"href":"https:\/\/panwinjet.com\/fr\/wp-json\/wp\/v2\/product_tag?post=1916"}],"curies":[{"name":"wp","href":"https:\/\/api.w.org\/{rel}","templated":true}]}}