{"id":1910,"date":"2025-11-10T12:32:41","date_gmt":"2025-11-10T12:32:41","guid":{"rendered":"https:\/\/panwinjet.com\/?post_type=product&#038;p=1910"},"modified":"2025-11-10T12:32:41","modified_gmt":"2025-11-10T12:32:41","slug":"2800bar-40kpsi-ultra-high-pressure-hydro-blasting-rust-removal-headrust-removal-spray-disc","status":"publish","type":"product","link":"https:\/\/panwinjet.com\/fr\/produit\/2800bar-40kpsi-ultra-high-pressure-hydro-blasting-rust-removal-headrust-removal-spray-disc\/","title":{"rendered":"T\u00eate de nettoyage hydrodynamique ultra-haute pression (2800 bars, 40 000 psi) et disque de pulv\u00e9risation antirouille"},"content":{"rendered":"<p>T\u00eate de d\u00e9capage hydrodynamique ultra-haute pression et disque de pulv\u00e9risation antirouille\u00a0: avantages et caract\u00e9ristiques<br \/>\n1. En fonction des diff\u00e9rentes tailles, la longueur de la zone de nettoyage est optimis\u00e9e conjointement avec le nombre et l&#039;angle des buses \u00e0 l&#039;aide d&#039;un algorithme d&#039;optimisation de la pression afin d&#039;obtenir la meilleure efficacit\u00e9 de pulv\u00e9risation et le meilleur effet de nettoyage.<\/p>\n<p>2. Des mat\u00e9riaux r\u00e9sistants \u00e0 l&#039;usure \u00e0 haute efficacit\u00e9 assurent une perte d&#039;\u00e9nergie raisonnable lors de la rotation \u00e0 grande vitesse de la t\u00eate de d\u00e9capage de rouille haute pression, maximisant ainsi l&#039;efficacit\u00e9 op\u00e9rationnelle.<\/p>","protected":false},"excerpt":{"rendered":"<p>3. Compar\u00e9es aux pistolets de pulv\u00e9risation portatifs de 2\u00a0800\u00a0bars, les t\u00eates de d\u00e9rouillage \u00e0 ultra-haute pression sont plus s\u00fbres et n\u00e9cessitent moins de main-d\u2019\u0153uvre. Les op\u00e9rateurs n\u2019ont besoin que de man\u0153uvrer la nacelle \u00e9l\u00e9vatrice pour les d\u00e9placements, ce qui accro\u00eet l\u2019efficacit\u00e9 et permet d\u2019atteindre un rendement de d\u00e9rouillage et de nettoyage de 20 \u00e0 30\u00a0m\u00b2\/h. En termes d\u2019efficacit\u00e9 et de r\u00e9duction des co\u00fbts, une seule t\u00eate de d\u00e9rouillage \u00e9quivaut au travail de 3 \u00e0 4\u00a0op\u00e9rateurs utilisant un pistolet portatif.<\/p>\n<p>&nbsp;<\/p>\n<p>4. Les t\u00eates de d\u00e9rouillage \u00e0 ultra-haute pression permettent d&#039;obtenir de meilleurs r\u00e9sultats en mati\u00e8re d&#039;\u00e9limination de la rouille et de nettoyage. Cette grande efficacit\u00e9 est principalement due \u00e0 la vitesse de d\u00e9placement uniforme de la t\u00eate de d\u00e9rouillage, qui garantit une \u00e9limination et un nettoyage de la rouille pratiquement homog\u00e8nes.<\/p>","protected":false},"featured_media":1912,"template":"","meta":[],"product_brand":[],"product_cat":[8,10,11,5],"product_tag":[103,102,101],"class_list":{"0":"post-1910","1":"product","2":"type-product","3":"status-publish","4":"has-post-thumbnail","6":"product_cat-giant-tank-cleaningcutting-device","7":"product_cat-pipeline-tube-uhp-water-blasting-cleaning-device","8":"product_cat-ship-cleaning-device","9":"product_cat-uhp-rotating-nozzles","10":"product_tag-40k-ultra-high-pressure-hydro-blasting","11":"product_tag-rust-removal-head-and-rust-removal-spray-disc","12":"product_tag-ultra-high-pressure-hydro-blasting","14":"first","15":"instock","16":"shipping-taxable","17":"product-type-simple"},"yoast_head":"<!-- This site is optimized with the Yoast SEO plugin v24.9 - https:\/\/yoast.com\/wordpress\/plugins\/seo\/ -->\n<title>2800Bar 40Kpsi Ultra-High Pressure Hydro-Blasting Rust Removal Head&amp;Rust Removal Spray Disc - Panwin Machinery&amp;Equipment<\/title>\n<meta name=\"robots\" content=\"index, follow, max-snippet:-1, max-image-preview:large, max-video-preview:-1\" \/>\n<link rel=\"canonical\" href=\"https:\/\/panwinjet.com\/fr\/produit\/2800bar-40kpsi-ultra-high-pressure-hydro-blasting-rust-removal-headrust-removal-spray-disc\/\" \/>\n<meta property=\"og:locale\" content=\"fr_FR\" \/>\n<meta property=\"og:type\" content=\"article\" \/>\n<meta property=\"og:title\" content=\"2800Bar 40Kpsi Ultra-High Pressure Hydro-Blasting Rust Removal Head&amp;Rust Removal Spray Disc - Panwin Machinery&amp;Equipment\" \/>\n<meta property=\"og:description\" content=\"3.Compared to Handheld 2800Bar Spraying guns,ultra-high-pressure rust removal heads are safer and require less labor.Operators only need to operate the aerial work platform for movement, and efficiency is higher, achieving a rust removal and cleaning efficiency of 20-30 m\u00b2\/h. In terms of efficiency and cost savings, one rust removal head is equivalent to the workload of 3-4 operators using a handheld gun.  &nbsp;  4.Ultra-high-pressure rust removal heads achieve better rust removal and cleaning results. This high rust removal efficiency is mainly due to the uniform speed movement of the rust removal head, which ensures virtually uniform rust removal and cleaning.\" \/>\n<meta property=\"og:url\" content=\"https:\/\/panwinjet.com\/fr\/produit\/2800bar-40kpsi-ultra-high-pressure-hydro-blasting-rust-removal-headrust-removal-spray-disc\/\" \/>\n<meta property=\"og:site_name\" content=\"Panwin Machinery&amp;Equipment\" \/>\n<meta property=\"og:image\" content=\"https:\/\/panwinjet.com\/wp-content\/uploads\/2025\/11\/\u9664\u9508\u5934-2-1200x1198.png\" \/>\n\t<meta property=\"og:image:width\" content=\"1200\" \/>\n\t<meta property=\"og:image:height\" content=\"1198\" \/>\n\t<meta property=\"og:image:type\" content=\"image\/png\" \/>\n<meta name=\"twitter:card\" content=\"summary_large_image\" \/>\n<meta name=\"twitter:label1\" content=\"Dur\u00e9e de lecture estim\u00e9e\" \/>\n\t<meta name=\"twitter:data1\" content=\"1 minute\" \/>\n<script type=\"application\/ld+json\" class=\"yoast-schema-graph\">{\"@context\":\"https:\/\/schema.org\",\"@graph\":[{\"@type\":\"WebPage\",\"@id\":\"https:\/\/panwinjet.com\/product\/2800bar-40kpsi-ultra-high-pressure-hydro-blasting-rust-removal-headrust-removal-spray-disc\/\",\"url\":\"https:\/\/panwinjet.com\/product\/2800bar-40kpsi-ultra-high-pressure-hydro-blasting-rust-removal-headrust-removal-spray-disc\/\",\"name\":\"2800Bar 40Kpsi Ultra-High Pressure Hydro-Blasting Rust Removal Head&Rust Removal Spray Disc - Panwin Machinery&amp;Equipment\",\"isPartOf\":{\"@id\":\"https:\/\/panwinjet.com\/#website\"},\"primaryImageOfPage\":{\"@id\":\"https:\/\/panwinjet.com\/product\/2800bar-40kpsi-ultra-high-pressure-hydro-blasting-rust-removal-headrust-removal-spray-disc\/#primaryimage\"},\"image\":{\"@id\":\"https:\/\/panwinjet.com\/product\/2800bar-40kpsi-ultra-high-pressure-hydro-blasting-rust-removal-headrust-removal-spray-disc\/#primaryimage\"},\"thumbnailUrl\":\"https:\/\/panwinjet.com\/wp-content\/uploads\/2025\/11\/\u9664\u9508\u5934-2.png\",\"datePublished\":\"2025-11-10T12:32:41+00:00\",\"breadcrumb\":{\"@id\":\"https:\/\/panwinjet.com\/product\/2800bar-40kpsi-ultra-high-pressure-hydro-blasting-rust-removal-headrust-removal-spray-disc\/#breadcrumb\"},\"inLanguage\":\"fr-FR\",\"potentialAction\":[{\"@type\":\"ReadAction\",\"target\":[\"https:\/\/panwinjet.com\/product\/2800bar-40kpsi-ultra-high-pressure-hydro-blasting-rust-removal-headrust-removal-spray-disc\/\"]}]},{\"@type\":\"ImageObject\",\"inLanguage\":\"fr-FR\",\"@id\":\"https:\/\/panwinjet.com\/product\/2800bar-40kpsi-ultra-high-pressure-hydro-blasting-rust-removal-headrust-removal-spray-disc\/#primaryimage\",\"url\":\"https:\/\/panwinjet.com\/wp-content\/uploads\/2025\/11\/\u9664\u9508\u5934-2.png\",\"contentUrl\":\"https:\/\/panwinjet.com\/wp-content\/uploads\/2025\/11\/\u9664\u9508\u5934-2.png\",\"width\":2277,\"height\":2273},{\"@type\":\"BreadcrumbList\",\"@id\":\"https:\/\/panwinjet.com\/product\/2800bar-40kpsi-ultra-high-pressure-hydro-blasting-rust-removal-headrust-removal-spray-disc\/#breadcrumb\",\"itemListElement\":[{\"@type\":\"ListItem\",\"position\":1,\"name\":\"\u9996\u9875\",\"item\":\"https:\/\/panwinjet.com\/\"},{\"@type\":\"ListItem\",\"position\":2,\"name\":\"PRODUCT\",\"item\":\"https:\/\/panwinjet.com\/product\/\"},{\"@type\":\"ListItem\",\"position\":3,\"name\":\"2800Bar 40Kpsi Ultra-High Pressure Hydro-Blasting Rust Removal Head&#038;Rust Removal Spray Disc\"}]},{\"@type\":\"WebSite\",\"@id\":\"https:\/\/panwinjet.com\/#website\",\"url\":\"https:\/\/panwinjet.com\/\",\"name\":\"Panwin Machinery&amp;Equipment\",\"description\":\"Shenzhen Panwin Machinery&amp;Equipment Co.Ltd\",\"potentialAction\":[{\"@type\":\"SearchAction\",\"target\":{\"@type\":\"EntryPoint\",\"urlTemplate\":\"https:\/\/panwinjet.com\/?s={search_term_string}\"},\"query-input\":{\"@type\":\"PropertyValueSpecification\",\"valueRequired\":true,\"valueName\":\"search_term_string\"}}],\"inLanguage\":\"fr-FR\"}]}<\/script>\n<!-- \/ Yoast SEO plugin. -->","yoast_head_json":{"title":"2800Bar 40Kpsi Ultra-High Pressure Hydro-Blasting Rust Removal Head&Rust Removal Spray Disc - Panwin Machinery&amp;Equipment","robots":{"index":"index","follow":"follow","max-snippet":"max-snippet:-1","max-image-preview":"max-image-preview:large","max-video-preview":"max-video-preview:-1"},"canonical":"https:\/\/panwinjet.com\/fr\/produit\/2800bar-40kpsi-ultra-high-pressure-hydro-blasting-rust-removal-headrust-removal-spray-disc\/","og_locale":"fr_FR","og_type":"article","og_title":"2800Bar 40Kpsi Ultra-High Pressure Hydro-Blasting Rust Removal Head&Rust Removal Spray Disc - Panwin Machinery&amp;Equipment","og_description":"3.Compared to Handheld 2800Bar Spraying guns,ultra-high-pressure rust removal heads are safer and require less labor.Operators only need to operate the aerial work platform for movement, and efficiency is higher, achieving a rust removal and cleaning efficiency of 20-30 m\u00b2\/h. In terms of efficiency and cost savings, one rust removal head is equivalent to the workload of 3-4 operators using a handheld gun.  &nbsp;  4.Ultra-high-pressure rust removal heads achieve better rust removal and cleaning results. This high rust removal efficiency is mainly due to the uniform speed movement of the rust removal head, which ensures virtually uniform rust removal and cleaning.","og_url":"https:\/\/panwinjet.com\/fr\/produit\/2800bar-40kpsi-ultra-high-pressure-hydro-blasting-rust-removal-headrust-removal-spray-disc\/","og_site_name":"Panwin Machinery&amp;Equipment","og_image":[{"width":1200,"height":1198,"url":"https:\/\/panwinjet.com\/wp-content\/uploads\/2025\/11\/\u9664\u9508\u5934-2-1200x1198.png","type":"image\/png"}],"twitter_card":"summary_large_image","twitter_misc":{"Dur\u00e9e de lecture estim\u00e9e":"1 minute"},"schema":{"@context":"https:\/\/schema.org","@graph":[{"@type":"WebPage","@id":"https:\/\/panwinjet.com\/product\/2800bar-40kpsi-ultra-high-pressure-hydro-blasting-rust-removal-headrust-removal-spray-disc\/","url":"https:\/\/panwinjet.com\/product\/2800bar-40kpsi-ultra-high-pressure-hydro-blasting-rust-removal-headrust-removal-spray-disc\/","name":"2800Bar 40Kpsi Ultra-High Pressure Hydro-Blasting Rust Removal Head&Rust Removal Spray Disc - Panwin Machinery&amp;Equipment","isPartOf":{"@id":"https:\/\/panwinjet.com\/#website"},"primaryImageOfPage":{"@id":"https:\/\/panwinjet.com\/product\/2800bar-40kpsi-ultra-high-pressure-hydro-blasting-rust-removal-headrust-removal-spray-disc\/#primaryimage"},"image":{"@id":"https:\/\/panwinjet.com\/product\/2800bar-40kpsi-ultra-high-pressure-hydro-blasting-rust-removal-headrust-removal-spray-disc\/#primaryimage"},"thumbnailUrl":"https:\/\/panwinjet.com\/wp-content\/uploads\/2025\/11\/\u9664\u9508\u5934-2.png","datePublished":"2025-11-10T12:32:41+00:00","breadcrumb":{"@id":"https:\/\/panwinjet.com\/product\/2800bar-40kpsi-ultra-high-pressure-hydro-blasting-rust-removal-headrust-removal-spray-disc\/#breadcrumb"},"inLanguage":"fr-FR","potentialAction":[{"@type":"ReadAction","target":["https:\/\/panwinjet.com\/product\/2800bar-40kpsi-ultra-high-pressure-hydro-blasting-rust-removal-headrust-removal-spray-disc\/"]}]},{"@type":"ImageObject","inLanguage":"fr-FR","@id":"https:\/\/panwinjet.com\/product\/2800bar-40kpsi-ultra-high-pressure-hydro-blasting-rust-removal-headrust-removal-spray-disc\/#primaryimage","url":"https:\/\/panwinjet.com\/wp-content\/uploads\/2025\/11\/\u9664\u9508\u5934-2.png","contentUrl":"https:\/\/panwinjet.com\/wp-content\/uploads\/2025\/11\/\u9664\u9508\u5934-2.png","width":2277,"height":2273},{"@type":"BreadcrumbList","@id":"https:\/\/panwinjet.com\/product\/2800bar-40kpsi-ultra-high-pressure-hydro-blasting-rust-removal-headrust-removal-spray-disc\/#breadcrumb","itemListElement":[{"@type":"ListItem","position":1,"name":"\u9996\u9875","item":"https:\/\/panwinjet.com\/"},{"@type":"ListItem","position":2,"name":"PRODUCT","item":"https:\/\/panwinjet.com\/product\/"},{"@type":"ListItem","position":3,"name":"2800Bar 40Kpsi Ultra-High Pressure Hydro-Blasting Rust Removal Head&#038;Rust Removal Spray Disc"}]},{"@type":"WebSite","@id":"https:\/\/panwinjet.com\/#website","url":"https:\/\/panwinjet.com\/","name":"Panwin Machinery&amp;Equipment","description":"Shenzhen Panwin Machinery&amp;Equipment Co.Ltd","potentialAction":[{"@type":"SearchAction","target":{"@type":"EntryPoint","urlTemplate":"https:\/\/panwinjet.com\/?s={search_term_string}"},"query-input":{"@type":"PropertyValueSpecification","valueRequired":true,"valueName":"search_term_string"}}],"inLanguage":"fr-FR"}]}},"_links":{"self":[{"href":"https:\/\/panwinjet.com\/fr\/wp-json\/wp\/v2\/product\/1910","targetHints":{"allow":["GET"]}}],"collection":[{"href":"https:\/\/panwinjet.com\/fr\/wp-json\/wp\/v2\/product"}],"about":[{"href":"https:\/\/panwinjet.com\/fr\/wp-json\/wp\/v2\/types\/product"}],"wp:featuredmedia":[{"embeddable":true,"href":"https:\/\/panwinjet.com\/fr\/wp-json\/wp\/v2\/media\/1912"}],"wp:attachment":[{"href":"https:\/\/panwinjet.com\/fr\/wp-json\/wp\/v2\/media?parent=1910"}],"wp:term":[{"taxonomy":"product_brand","embeddable":true,"href":"https:\/\/panwinjet.com\/fr\/wp-json\/wp\/v2\/product_brand?post=1910"},{"taxonomy":"product_cat","embeddable":true,"href":"https:\/\/panwinjet.com\/fr\/wp-json\/wp\/v2\/product_cat?post=1910"},{"taxonomy":"product_tag","embeddable":true,"href":"https:\/\/panwinjet.com\/fr\/wp-json\/wp\/v2\/product_tag?post=1910"}],"curies":[{"name":"wp","href":"https:\/\/api.w.org\/{rel}","templated":true}]}}