{"id":189,"date":"2025-05-25T05:09:22","date_gmt":"2025-05-25T05:09:22","guid":{"rendered":"https:\/\/panwinjet.com\/?post_type=product&#038;p=189"},"modified":"2025-05-25T05:12:19","modified_gmt":"2025-05-25T05:12:19","slug":"38-22000psi-hydro-water-blasting-big-tube-cleaning-machine-bjv-nozzles","status":"publish","type":"product","link":"https:\/\/panwinjet.com\/fr\/produit\/38-22000psi-hydro-water-blasting-big-tube-cleaning-machine-bjv-nozzles\/","title":{"rendered":"Machine de nettoyage de gros tubes par jet d&#039;eau haute pression 38-22000 psi, buses BJV"},"content":{"rendered":"<p><strong><b>22<\/b><\/strong><strong><b>Machine de nettoyage de gros tubes par jet d&#039;eau haute pression 000 psi avec buses BJV<\/b><\/strong><\/p>\n<p><strong><b>1. Pr\u00e9sentation du produit <\/b><\/strong><strong><b>22<\/b><\/strong><strong><b>Machine de nettoyage de gros tubes par jet d&#039;eau haute pression 000 psi avec buses BJV<\/b><\/strong><\/p>\n<p>La machine de nettoyage de gros tubes par jet d&#039;eau hydrostatique de 22 000 psi avec buses BJV est un outil pivotant auto-aliment\u00e9 \u00e0 rotation \u00e0 360\u00b0 con\u00e7u pour le nettoyage de tuyaux de diam\u00e8tre moyen \u00e0 grand.<\/p>\n<p>Dans le nettoyage des tuyaux de grand diam\u00e8tre, avec le centralisateur \u00e0 cage appropri\u00e9, le style \u00e0 bille, le style \u00e0 roue, etc., les avantages de nettoyage des buses BJV sont distinctifs et in\u00e9gal\u00e9s\u00a0: une capacit\u00e9 de nettoyage puissante, une efficacit\u00e9 maximale et une s\u00e9curit\u00e9 optimale.<\/p>\n<p>Chez Panwin, nous fournissons \u00e0 nos clients diff\u00e9rentes buses BJV pour divers sc\u00e9narios d&#039;application.<\/p>\n<p><strong><b>2. Param\u00e8tres du produit (sp\u00e9cifications) <\/b><\/strong>(\u4ecb\u7ecd\u4e00\u4e0b\u4ea7\u54c1\u7684\u5404\u4e2a\u89c4\u683c\u6216\u8005\u578b\u53f7\uff0c\u6750\u8d28\u7b49\u4fe1\u606f)<\/p>\n<p>La machine de nettoyage de gros tubes par jet d&#039;eau hydrostatique 40 000 psi avec buses BJV est fabriqu\u00e9e en acier inoxydable haute densit\u00e9, et ce mat\u00e9riau de haute qualit\u00e9 permet d&#039;obtenir de meilleures performances dans les sc\u00e9narios de nettoyage les plus difficiles, avec une pression allant jusqu&#039;\u00e0 22 kpsi et un d\u00e9bit de 189 lpm, avec une plage de vitesse contr\u00f4lable de 50 \u00e0 1 000 tr\/min. C&#039;est l&#039;outil id\u00e9al pour le nettoyage de tubes de grand diam\u00e8tre.<\/p>\n<p>Param\u00e8tre comme suit\u00a0:<\/p>\n<ol start=\"3\">\n<li><b><\/b><strong><b>Caract\u00e9ristiques et applications du produit <\/b><\/strong><strong><b>22K<\/b><\/strong><strong><b>Machine de nettoyage de gros tubes par jet d&#039;eau psi Hydro, buses BJV<\/b><\/strong><\/li>\n<\/ol>\n<p>La machine de nettoyage de tubes de grand diam\u00e8tre par jet d&#039;eau haute pression de 22\u00a0000\u00a0psi, \u00e9quip\u00e9e de buses BJV, est devenue un outil de nettoyage de pointe pour de nombreuses raisons. Elle pr\u00e9sente en effet de nombreux avantages et fonctionnalit\u00e9s qui facilitent grandement le nettoyage des tubes de grand diam\u00e8tre.<\/p>\n<p>1 : Vitesse de rotation contr\u00f4lable.<\/p>\n<p>La vitesse de rotation de la t\u00eate de buse est contr\u00f4l\u00e9e par le syst\u00e8me de freinage magn\u00e9tique du pivot.<\/p>\n<p>2 : D\u00e9bit \u00e9lev\u00e9, puissant effet nettoyant.<\/p>\n<p>T\u00eate et pivot en acier inoxydable avec des d\u00e9bits jusqu&#039;\u00e0 50 gpm (189 l\/min). Le d\u00e9bit est calcul\u00e9 en multipliant le nombre de buses utilis\u00e9es par le d\u00e9bit.<\/p>\n<p>3 : Embouts multiples disponibles pour diff\u00e9rents sc\u00e9narios de nettoyage<\/p>\n<p>Utilisez deux, quatre, six ou sept buses en carbure de tungst\u00e8ne de la s\u00e9rie RM, en saphir de la s\u00e9rie RMS ou en diamant synth\u00e9tique de la s\u00e9rie RMD.<\/p>\n<p>4 : Dur\u00e9e de vie typique du joint et de l&#039;huile sup\u00e9rieure \u00e0 100 heures.<\/p>\n<p>5 : Pas besoin de silicone.<\/p>\n<p>6 : Faibles co\u00fbts de service.<\/p>\n<p>Faibles co\u00fbts de remplacement du joint et changement rapide, gr\u00e2ce \u00e0 l&#039;arbre et \u00e0 la cartouche du joint d&#039;une seule pi\u00e8ce.<\/p>\n<p>7: R\u00e9glage de la vitesse sans changement d&#039;huile ni d\u00e9versement.<\/p>\n<p><strong><b>Application:<\/b><\/strong><\/p>\n<p>Cette machine de nettoyage de tubes \u00e0 jet d&#039;eau haute pression de 22 000 psi, \u00e9quip\u00e9e de buses BJV, peut \u00eatre utilis\u00e9e dans divers proc\u00e9d\u00e9s de nettoyage, mais elle est principalement con\u00e7ue pour le nettoyage de tubes de grand diam\u00e8tre et, gr\u00e2ce \u00e0 son syst\u00e8me de centralisation adapt\u00e9 (cage, type bille, type roue, etc.), elle constitue l&#039;un des meilleurs outils de nettoyage \u00e0 jet d&#039;eau haute pression pour les pipelines et tubes de grande taille.<\/p>\n<p><strong><b>4. D\u00e9tails du produit<\/b><\/strong><strong><b>\u00a0<\/b><\/strong><\/p>\n<p><strong><b>5. Qualification du produit<\/b><\/strong><\/p>\n<ol start=\"6\">\n<li><b><\/b><strong><b>Livraison, exp\u00e9dition et service de<\/b><\/strong><strong><b>22K<\/b><\/strong><strong><b>Machine de nettoyage de gros tubes par jet d&#039;eau psi Hydro, buses BJV<\/b><\/strong><\/li>\n<\/ol>\n<p>La machine de nettoyage de gros tubes par jet d&#039;eau hydrostatique 22Kpsi avec buses BJV est un article de taille moyenne ; les frais de transport ne sont pas inclus dans le prix et d\u00e9pendent du mode de livraison : fret a\u00e9rien, maritime ou ferroviaire.<\/p>\n<p>Pour ces buses BJV, nous utilisons des bo\u00eetes en plastique. Les grandes quantit\u00e9s sont conditionn\u00e9es dans de grandes caisses en contreplaqu\u00e9 pour le chargement, puis palettis\u00e9es pour la livraison. Les frais de transport varient selon les r\u00e9gions et ne comprennent pas le co\u00fbt du transport ni celui de l&#039;emballage en bois.<\/p>\n<p><strong><b>7.<\/b><\/strong><strong><b>FAQ<\/b><\/strong><\/p>\n<p><strong><em><b><i>1<\/i><\/b><\/em><\/strong><strong><em><b><i>:<\/i><\/b><\/em><\/strong><strong><em><b><i>Quelle est votre quantit\u00e9 minimale de commande ?<\/i><\/b><\/em><\/strong><\/p>\n<p><em><i>Pour <\/i><\/em><em><i>g\u00e9n\u00e9ralement des parties <\/i><\/em><em><i>Nous n&#039;avons pas de quantit\u00e9 minimale de commande ; pour les demandes particuli\u00e8res <\/i><\/em><em><i>composant<\/i><\/em><em><i>\u00a0en fonction du co\u00fbt et des circonstances particuli\u00e8res.<\/i><\/em><\/p>\n<p>&nbsp;<\/p>\n<p><strong><em><b><i>2<\/i><\/b><\/em><\/strong><strong><em><b><i>:<\/i><\/b><\/em><\/strong><strong><em><b><i>Quelles sont vos conditions de paiement ?<\/i><\/b><\/em><\/strong><\/p>\n<p><em><i>Pour les commandes r\u00e9guli\u00e8res importantes, paiement anticip\u00e9 par virement bancaire (30%) ou paiement par virement bancaire (70%) avant exp\u00e9dition\u00a0; pour les commandes sp\u00e9ciales <\/i><\/em><em><i>OEM <\/i><\/em><em><i>commandes, 30% T\/T \u00e0 l&#039;avance 70% T\/T avant exp\u00e9dition; pour les petites quantit\u00e9s ou les commandes d&#039;\u00e9chantillons, 100% T\/T \u00e0 l&#039;avance.<\/i><\/em><\/p>\n<p><img decoding=\"async\" class=\"aligncenter size-full wp-image-190 lazyload\" data-src=\"https:\/\/panwinjet.com\/wp-content\/uploads\/2025\/05\/BJV-Nozzles.jpg\" alt=\"\" width=\"1200\" height=\"1402\" data-srcset=\"https:\/\/panwinjet.com\/wp-content\/uploads\/2025\/05\/BJV-Nozzles.jpg 1200w, https:\/\/panwinjet.com\/wp-content\/uploads\/2025\/05\/BJV-Nozzles-428x500.jpg 428w, https:\/\/panwinjet.com\/wp-content\/uploads\/2025\/05\/BJV-Nozzles-1027x1200.jpg 1027w, https:\/\/panwinjet.com\/wp-content\/uploads\/2025\/05\/BJV-Nozzles-257x300.jpg 257w, https:\/\/panwinjet.com\/wp-content\/uploads\/2025\/05\/BJV-Nozzles-768x897.jpg 768w, https:\/\/panwinjet.com\/wp-content\/uploads\/2025\/05\/BJV-Nozzles-64x75.jpg 64w, https:\/\/panwinjet.com\/wp-content\/uploads\/2025\/05\/BJV-Nozzles-480x561.jpg 480w, https:\/\/panwinjet.com\/wp-content\/uploads\/2025\/05\/BJV-Nozzles-800x935.jpg 800w\" data-sizes=\"(max-width:767px) 480px, (max-width:1200px) 100vw, 1200px\" src=\"data:image\/svg+xml;base64,PHN2ZyB3aWR0aD0iMSIgaGVpZ2h0PSIxIiB4bWxucz0iaHR0cDovL3d3dy53My5vcmcvMjAwMC9zdmciPjwvc3ZnPg==\" style=\"--smush-placeholder-width: 1200px; --smush-placeholder-aspect-ratio: 1200\/1402;\" \/> <img decoding=\"async\" class=\"aligncenter size-full wp-image-195 lazyload\" data-src=\"https:\/\/panwinjet.com\/wp-content\/uploads\/2025\/05\/BJV-Specification.jpg\" alt=\"\" width=\"1200\" height=\"182\" data-srcset=\"https:\/\/panwinjet.com\/wp-content\/uploads\/2025\/05\/BJV-Specification.jpg 1200w, https:\/\/panwinjet.com\/wp-content\/uploads\/2025\/05\/BJV-Specification-500x76.jpg 500w, https:\/\/panwinjet.com\/wp-content\/uploads\/2025\/05\/BJV-Specification-300x46.jpg 300w, https:\/\/panwinjet.com\/wp-content\/uploads\/2025\/05\/BJV-Specification-768x116.jpg 768w, https:\/\/panwinjet.com\/wp-content\/uploads\/2025\/05\/BJV-Specification-150x23.jpg 150w, https:\/\/panwinjet.com\/wp-content\/uploads\/2025\/05\/BJV-Specification-480x73.jpg 480w, https:\/\/panwinjet.com\/wp-content\/uploads\/2025\/05\/BJV-Specification-800x121.jpg 800w\" data-sizes=\"(max-width:767px) 480px, (max-width:1200px) 100vw, 1200px\" src=\"data:image\/svg+xml;base64,PHN2ZyB3aWR0aD0iMSIgaGVpZ2h0PSIxIiB4bWxucz0iaHR0cDovL3d3dy53My5vcmcvMjAwMC9zdmciPjwvc3ZnPg==\" style=\"--smush-placeholder-width: 1200px; --smush-placeholder-aspect-ratio: 1200\/182;\" \/> <img decoding=\"async\" class=\"aligncenter size-full wp-image-194 lazyload\" data-src=\"https:\/\/panwinjet.com\/wp-content\/uploads\/2025\/05\/BJV-Nozzles-12.jpg\" alt=\"\" width=\"1200\" height=\"1042\" data-srcset=\"https:\/\/panwinjet.com\/wp-content\/uploads\/2025\/05\/BJV-Nozzles-12.jpg 1200w, https:\/\/panwinjet.com\/wp-content\/uploads\/2025\/05\/BJV-Nozzles-12-500x434.jpg 500w, https:\/\/panwinjet.com\/wp-content\/uploads\/2025\/05\/BJV-Nozzles-12-300x261.jpg 300w, https:\/\/panwinjet.com\/wp-content\/uploads\/2025\/05\/BJV-Nozzles-12-768x667.jpg 768w, https:\/\/panwinjet.com\/wp-content\/uploads\/2025\/05\/BJV-Nozzles-12-86x75.jpg 86w, https:\/\/panwinjet.com\/wp-content\/uploads\/2025\/05\/BJV-Nozzles-12-480x417.jpg 480w, https:\/\/panwinjet.com\/wp-content\/uploads\/2025\/05\/BJV-Nozzles-12-800x695.jpg 800w\" data-sizes=\"(max-width:767px) 480px, (max-width:1200px) 100vw, 1200px\" src=\"data:image\/svg+xml;base64,PHN2ZyB3aWR0aD0iMSIgaGVpZ2h0PSIxIiB4bWxucz0iaHR0cDovL3d3dy53My5vcmcvMjAwMC9zdmciPjwvc3ZnPg==\" style=\"--smush-placeholder-width: 1200px; --smush-placeholder-aspect-ratio: 1200\/1042;\" \/> <img decoding=\"async\" class=\"aligncenter size-full wp-image-193 lazyload\" data-src=\"https:\/\/panwinjet.com\/wp-content\/uploads\/2025\/05\/BJV-Nozzles-0.jpg\" alt=\"\" width=\"1200\" height=\"661\" data-srcset=\"https:\/\/panwinjet.com\/wp-content\/uploads\/2025\/05\/BJV-Nozzles-0.jpg 1200w, https:\/\/panwinjet.com\/wp-content\/uploads\/2025\/05\/BJV-Nozzles-0-500x275.jpg 500w, https:\/\/panwinjet.com\/wp-content\/uploads\/2025\/05\/BJV-Nozzles-0-300x165.jpg 300w, https:\/\/panwinjet.com\/wp-content\/uploads\/2025\/05\/BJV-Nozzles-0-768x423.jpg 768w, https:\/\/panwinjet.com\/wp-content\/uploads\/2025\/05\/BJV-Nozzles-0-136x75.jpg 136w, https:\/\/panwinjet.com\/wp-content\/uploads\/2025\/05\/BJV-Nozzles-0-480x264.jpg 480w, https:\/\/panwinjet.com\/wp-content\/uploads\/2025\/05\/BJV-Nozzles-0-800x441.jpg 800w\" data-sizes=\"(max-width:767px) 480px, (max-width:1200px) 100vw, 1200px\" src=\"data:image\/svg+xml;base64,PHN2ZyB3aWR0aD0iMSIgaGVpZ2h0PSIxIiB4bWxucz0iaHR0cDovL3d3dy53My5vcmcvMjAwMC9zdmciPjwvc3ZnPg==\" style=\"--smush-placeholder-width: 1200px; --smush-placeholder-aspect-ratio: 1200\/661;\" \/> <img decoding=\"async\" class=\"aligncenter size-full wp-image-192 lazyload\" data-src=\"https:\/\/panwinjet.com\/wp-content\/uploads\/2025\/05\/BJV-Nozzles3.jpg\" alt=\"\" width=\"1200\" height=\"1311\" data-srcset=\"https:\/\/panwinjet.com\/wp-content\/uploads\/2025\/05\/BJV-Nozzles3.jpg 1200w, https:\/\/panwinjet.com\/wp-content\/uploads\/2025\/05\/BJV-Nozzles3-458x500.jpg 458w, https:\/\/panwinjet.com\/wp-content\/uploads\/2025\/05\/BJV-Nozzles3-1098x1200.jpg 1098w, https:\/\/panwinjet.com\/wp-content\/uploads\/2025\/05\/BJV-Nozzles3-275x300.jpg 275w, https:\/\/panwinjet.com\/wp-content\/uploads\/2025\/05\/BJV-Nozzles3-768x839.jpg 768w, https:\/\/panwinjet.com\/wp-content\/uploads\/2025\/05\/BJV-Nozzles3-69x75.jpg 69w, https:\/\/panwinjet.com\/wp-content\/uploads\/2025\/05\/BJV-Nozzles3-480x524.jpg 480w, https:\/\/panwinjet.com\/wp-content\/uploads\/2025\/05\/BJV-Nozzles3-800x874.jpg 800w\" data-sizes=\"(max-width:767px) 480px, (max-width:1200px) 100vw, 1200px\" src=\"data:image\/svg+xml;base64,PHN2ZyB3aWR0aD0iMSIgaGVpZ2h0PSIxIiB4bWxucz0iaHR0cDovL3d3dy53My5vcmcvMjAwMC9zdmciPjwvc3ZnPg==\" style=\"--smush-placeholder-width: 1200px; --smush-placeholder-aspect-ratio: 1200\/1311;\" \/> <img decoding=\"async\" class=\"aligncenter size-full wp-image-191 lazyload\" data-src=\"https:\/\/panwinjet.com\/wp-content\/uploads\/2025\/05\/BJV-Nozzles2.jpg\" alt=\"\" width=\"1200\" height=\"1439\" data-srcset=\"https:\/\/panwinjet.com\/wp-content\/uploads\/2025\/05\/BJV-Nozzles2.jpg 1200w, https:\/\/panwinjet.com\/wp-content\/uploads\/2025\/05\/BJV-Nozzles2-417x500.jpg 417w, https:\/\/panwinjet.com\/wp-content\/uploads\/2025\/05\/BJV-Nozzles2-1001x1200.jpg 1001w, https:\/\/panwinjet.com\/wp-content\/uploads\/2025\/05\/BJV-Nozzles2-250x300.jpg 250w, https:\/\/panwinjet.com\/wp-content\/uploads\/2025\/05\/BJV-Nozzles2-768x921.jpg 768w, https:\/\/panwinjet.com\/wp-content\/uploads\/2025\/05\/BJV-Nozzles2-63x75.jpg 63w, https:\/\/panwinjet.com\/wp-content\/uploads\/2025\/05\/BJV-Nozzles2-480x576.jpg 480w, https:\/\/panwinjet.com\/wp-content\/uploads\/2025\/05\/BJV-Nozzles2-800x959.jpg 800w\" data-sizes=\"(max-width:767px) 480px, (max-width:1200px) 100vw, 1200px\" src=\"data:image\/svg+xml;base64,PHN2ZyB3aWR0aD0iMSIgaGVpZ2h0PSIxIiB4bWxucz0iaHR0cDovL3d3dy53My5vcmcvMjAwMC9zdmciPjwvc3ZnPg==\" style=\"--smush-placeholder-width: 1200px; --smush-placeholder-aspect-ratio: 1200\/1439;\" \/><\/p>\n<p>&nbsp;<\/p>","protected":false},"excerpt":{"rendered":"<p>22000psi Hydro Water blasting big tube cleaning machine BJV Nozzles 1.Product Introduction of 22000psi Hydro Water blasting big tube cleaning machine BJV Nozzles The 22000psi Hydro<span class=\"excerpt-hellip\"> [\u2026]<\/span><\/p>","protected":false},"featured_media":191,"template":"","meta":[],"product_brand":[],"product_cat":[5],"product_tag":[],"class_list":{"0":"post-189","1":"product","2":"type-product","3":"status-publish","4":"has-post-thumbnail","6":"product_cat-uhp-rotating-nozzles","8":"first","9":"instock","10":"shipping-taxable","11":"product-type-external"},"yoast_head":"<!-- This site is optimized with the Yoast SEO plugin v24.9 - https:\/\/yoast.com\/wordpress\/plugins\/seo\/ -->\n<title>38-22000psi Hydro Water blasting big tube cleaning machine BJV Nozzles - Panwin Machinery&amp;Equipment<\/title>\n<meta name=\"robots\" content=\"index, follow, max-snippet:-1, max-image-preview:large, max-video-preview:-1\" \/>\n<link rel=\"canonical\" href=\"https:\/\/panwinjet.com\/fr\/produit\/38-22000psi-hydro-water-blasting-big-tube-cleaning-machine-bjv-nozzles\/\" \/>\n<meta property=\"og:locale\" content=\"fr_FR\" \/>\n<meta property=\"og:type\" content=\"article\" \/>\n<meta property=\"og:title\" content=\"38-22000psi Hydro Water blasting big tube cleaning machine BJV Nozzles - Panwin Machinery&amp;Equipment\" \/>\n<meta property=\"og:description\" content=\"22000psi Hydro Water blasting big tube cleaning machine BJV Nozzles 1.Product Introduction of 22000psi Hydro Water blasting big tube cleaning machine BJV Nozzles The 22000psi Hydro [\u2026]\" \/>\n<meta property=\"og:url\" content=\"https:\/\/panwinjet.com\/fr\/produit\/38-22000psi-hydro-water-blasting-big-tube-cleaning-machine-bjv-nozzles\/\" \/>\n<meta property=\"og:site_name\" content=\"Panwin Machinery&amp;Equipment\" \/>\n<meta property=\"article:modified_time\" content=\"2025-05-25T05:12:19+00:00\" \/>\n<meta property=\"og:image\" content=\"https:\/\/panwinjet.com\/wp-content\/uploads\/2025\/05\/BJV-Nozzles2.jpg\" \/>\n\t<meta property=\"og:image:width\" content=\"1200\" \/>\n\t<meta property=\"og:image:height\" content=\"1439\" \/>\n\t<meta property=\"og:image:type\" content=\"image\/jpeg\" \/>\n<meta name=\"twitter:card\" content=\"summary_large_image\" \/>\n<meta name=\"twitter:label1\" content=\"Dur\u00e9e de lecture estim\u00e9e\" \/>\n\t<meta name=\"twitter:data1\" content=\"4 minutes\" \/>\n<script type=\"application\/ld+json\" class=\"yoast-schema-graph\">{\"@context\":\"https:\/\/schema.org\",\"@graph\":[{\"@type\":\"WebPage\",\"@id\":\"https:\/\/panwinjet.com\/product\/38-22000psi-hydro-water-blasting-big-tube-cleaning-machine-bjv-nozzles\/\",\"url\":\"https:\/\/panwinjet.com\/product\/38-22000psi-hydro-water-blasting-big-tube-cleaning-machine-bjv-nozzles\/\",\"name\":\"38-22000psi Hydro Water blasting big tube cleaning machine BJV Nozzles - Panwin Machinery&amp;Equipment\",\"isPartOf\":{\"@id\":\"https:\/\/panwinjet.com\/#website\"},\"primaryImageOfPage\":{\"@id\":\"https:\/\/panwinjet.com\/product\/38-22000psi-hydro-water-blasting-big-tube-cleaning-machine-bjv-nozzles\/#primaryimage\"},\"image\":{\"@id\":\"https:\/\/panwinjet.com\/product\/38-22000psi-hydro-water-blasting-big-tube-cleaning-machine-bjv-nozzles\/#primaryimage\"},\"thumbnailUrl\":\"https:\/\/panwinjet.com\/wp-content\/uploads\/2025\/05\/BJV-Nozzles2.jpg\",\"datePublished\":\"2025-05-25T05:09:22+00:00\",\"dateModified\":\"2025-05-25T05:12:19+00:00\",\"breadcrumb\":{\"@id\":\"https:\/\/panwinjet.com\/product\/38-22000psi-hydro-water-blasting-big-tube-cleaning-machine-bjv-nozzles\/#breadcrumb\"},\"inLanguage\":\"fr-FR\",\"potentialAction\":[{\"@type\":\"ReadAction\",\"target\":[\"https:\/\/panwinjet.com\/product\/38-22000psi-hydro-water-blasting-big-tube-cleaning-machine-bjv-nozzles\/\"]}]},{\"@type\":\"ImageObject\",\"inLanguage\":\"fr-FR\",\"@id\":\"https:\/\/panwinjet.com\/product\/38-22000psi-hydro-water-blasting-big-tube-cleaning-machine-bjv-nozzles\/#primaryimage\",\"url\":\"https:\/\/panwinjet.com\/wp-content\/uploads\/2025\/05\/BJV-Nozzles2.jpg\",\"contentUrl\":\"https:\/\/panwinjet.com\/wp-content\/uploads\/2025\/05\/BJV-Nozzles2.jpg\",\"width\":1200,\"height\":1439},{\"@type\":\"BreadcrumbList\",\"@id\":\"https:\/\/panwinjet.com\/product\/38-22000psi-hydro-water-blasting-big-tube-cleaning-machine-bjv-nozzles\/#breadcrumb\",\"itemListElement\":[{\"@type\":\"ListItem\",\"position\":1,\"name\":\"\u9996\u9875\",\"item\":\"https:\/\/panwinjet.com\/\"},{\"@type\":\"ListItem\",\"position\":2,\"name\":\"PRODUCT\",\"item\":\"https:\/\/panwinjet.com\/product\/\"},{\"@type\":\"ListItem\",\"position\":3,\"name\":\"38-22000psi Hydro Water blasting big tube cleaning machine BJV Nozzles\"}]},{\"@type\":\"WebSite\",\"@id\":\"https:\/\/panwinjet.com\/#website\",\"url\":\"https:\/\/panwinjet.com\/\",\"name\":\"Panwin Machinery&amp;Equipment\",\"description\":\"Shenzhen Panwin Machinery&amp;Equipment Co.Ltd\",\"potentialAction\":[{\"@type\":\"SearchAction\",\"target\":{\"@type\":\"EntryPoint\",\"urlTemplate\":\"https:\/\/panwinjet.com\/?s={search_term_string}\"},\"query-input\":{\"@type\":\"PropertyValueSpecification\",\"valueRequired\":true,\"valueName\":\"search_term_string\"}}],\"inLanguage\":\"fr-FR\"}]}<\/script>\n<!-- \/ Yoast SEO plugin. -->","yoast_head_json":{"title":"38-22000psi Hydro Water blasting big tube cleaning machine BJV Nozzles - Panwin Machinery&amp;Equipment","robots":{"index":"index","follow":"follow","max-snippet":"max-snippet:-1","max-image-preview":"max-image-preview:large","max-video-preview":"max-video-preview:-1"},"canonical":"https:\/\/panwinjet.com\/fr\/produit\/38-22000psi-hydro-water-blasting-big-tube-cleaning-machine-bjv-nozzles\/","og_locale":"fr_FR","og_type":"article","og_title":"38-22000psi Hydro Water blasting big tube cleaning machine BJV Nozzles - Panwin Machinery&amp;Equipment","og_description":"22000psi Hydro Water blasting big tube cleaning machine BJV Nozzles 1.Product Introduction of 22000psi Hydro Water blasting big tube cleaning machine BJV Nozzles The 22000psi Hydro [\u2026]","og_url":"https:\/\/panwinjet.com\/fr\/produit\/38-22000psi-hydro-water-blasting-big-tube-cleaning-machine-bjv-nozzles\/","og_site_name":"Panwin Machinery&amp;Equipment","article_modified_time":"2025-05-25T05:12:19+00:00","og_image":[{"width":1200,"height":1439,"url":"https:\/\/panwinjet.com\/wp-content\/uploads\/2025\/05\/BJV-Nozzles2.jpg","type":"image\/jpeg"}],"twitter_card":"summary_large_image","twitter_misc":{"Dur\u00e9e de lecture estim\u00e9e":"4 minutes"},"schema":{"@context":"https:\/\/schema.org","@graph":[{"@type":"WebPage","@id":"https:\/\/panwinjet.com\/product\/38-22000psi-hydro-water-blasting-big-tube-cleaning-machine-bjv-nozzles\/","url":"https:\/\/panwinjet.com\/product\/38-22000psi-hydro-water-blasting-big-tube-cleaning-machine-bjv-nozzles\/","name":"38-22000psi Hydro Water blasting big tube cleaning machine BJV Nozzles - Panwin Machinery&amp;Equipment","isPartOf":{"@id":"https:\/\/panwinjet.com\/#website"},"primaryImageOfPage":{"@id":"https:\/\/panwinjet.com\/product\/38-22000psi-hydro-water-blasting-big-tube-cleaning-machine-bjv-nozzles\/#primaryimage"},"image":{"@id":"https:\/\/panwinjet.com\/product\/38-22000psi-hydro-water-blasting-big-tube-cleaning-machine-bjv-nozzles\/#primaryimage"},"thumbnailUrl":"https:\/\/panwinjet.com\/wp-content\/uploads\/2025\/05\/BJV-Nozzles2.jpg","datePublished":"2025-05-25T05:09:22+00:00","dateModified":"2025-05-25T05:12:19+00:00","breadcrumb":{"@id":"https:\/\/panwinjet.com\/product\/38-22000psi-hydro-water-blasting-big-tube-cleaning-machine-bjv-nozzles\/#breadcrumb"},"inLanguage":"fr-FR","potentialAction":[{"@type":"ReadAction","target":["https:\/\/panwinjet.com\/product\/38-22000psi-hydro-water-blasting-big-tube-cleaning-machine-bjv-nozzles\/"]}]},{"@type":"ImageObject","inLanguage":"fr-FR","@id":"https:\/\/panwinjet.com\/product\/38-22000psi-hydro-water-blasting-big-tube-cleaning-machine-bjv-nozzles\/#primaryimage","url":"https:\/\/panwinjet.com\/wp-content\/uploads\/2025\/05\/BJV-Nozzles2.jpg","contentUrl":"https:\/\/panwinjet.com\/wp-content\/uploads\/2025\/05\/BJV-Nozzles2.jpg","width":1200,"height":1439},{"@type":"BreadcrumbList","@id":"https:\/\/panwinjet.com\/product\/38-22000psi-hydro-water-blasting-big-tube-cleaning-machine-bjv-nozzles\/#breadcrumb","itemListElement":[{"@type":"ListItem","position":1,"name":"\u9996\u9875","item":"https:\/\/panwinjet.com\/"},{"@type":"ListItem","position":2,"name":"PRODUCT","item":"https:\/\/panwinjet.com\/product\/"},{"@type":"ListItem","position":3,"name":"38-22000psi Hydro Water blasting big tube cleaning machine BJV Nozzles"}]},{"@type":"WebSite","@id":"https:\/\/panwinjet.com\/#website","url":"https:\/\/panwinjet.com\/","name":"Panwin Machinery&amp;Equipment","description":"Shenzhen Panwin Machinery&amp;Equipment Co.Ltd","potentialAction":[{"@type":"SearchAction","target":{"@type":"EntryPoint","urlTemplate":"https:\/\/panwinjet.com\/?s={search_term_string}"},"query-input":{"@type":"PropertyValueSpecification","valueRequired":true,"valueName":"search_term_string"}}],"inLanguage":"fr-FR"}]}},"_links":{"self":[{"href":"https:\/\/panwinjet.com\/fr\/wp-json\/wp\/v2\/product\/189","targetHints":{"allow":["GET"]}}],"collection":[{"href":"https:\/\/panwinjet.com\/fr\/wp-json\/wp\/v2\/product"}],"about":[{"href":"https:\/\/panwinjet.com\/fr\/wp-json\/wp\/v2\/types\/product"}],"wp:featuredmedia":[{"embeddable":true,"href":"https:\/\/panwinjet.com\/fr\/wp-json\/wp\/v2\/media\/191"}],"wp:attachment":[{"href":"https:\/\/panwinjet.com\/fr\/wp-json\/wp\/v2\/media?parent=189"}],"wp:term":[{"taxonomy":"product_brand","embeddable":true,"href":"https:\/\/panwinjet.com\/fr\/wp-json\/wp\/v2\/product_brand?post=189"},{"taxonomy":"product_cat","embeddable":true,"href":"https:\/\/panwinjet.com\/fr\/wp-json\/wp\/v2\/product_cat?post=189"},{"taxonomy":"product_tag","embeddable":true,"href":"https:\/\/panwinjet.com\/fr\/wp-json\/wp\/v2\/product_tag?post=189"}],"curies":[{"name":"wp","href":"https:\/\/api.w.org\/{rel}","templated":true}]}}