{"id":1861,"date":"2025-11-07T12:38:28","date_gmt":"2025-11-07T12:38:28","guid":{"rendered":"https:\/\/panwinjet.com\/?post_type=product&#038;p=1861"},"modified":"2025-11-07T12:38:29","modified_gmt":"2025-11-07T12:38:29","slug":"1500bar-uhp-hydro-jetting-water-blasting-ultra-high-pressure-water-jet-blasting-cleaning-machine-triplex-pump-multi-gun-valve","status":"publish","type":"product","link":"https:\/\/panwinjet.com\/fr\/produit\/1500bar-uhp-hydro-jetting-water-blasting-ultra-high-pressure-water-jet-blasting-cleaning-machine-triplex-pump-multi-gun-valve\/","title":{"rendered":"Machine de nettoyage par jet d&#039;eau ultra-haute pression (1500 bars) avec pompe triplex et vanne multi-pistolets"},"content":{"rendered":"<p>La machine de nettoyage par jet d&#039;eau ultra-haute pression 1500 Bar UHP Jetstream 51785 est \u00e9quip\u00e9e d&#039;une pompe triplex, d&#039;une vanne multi-pistolets et de caract\u00e9ristiques multiples\u00a0:<br \/>\nA: Le r\u00e9glage \u00e0 l&#039;aide de deux molettes manuelles est rapide et simple.<br \/>\nB : Utilise deux cartouches de vanne facilement rempla\u00e7ables pour r\u00e9parer compl\u00e8tement la vanne sur place en seulement trois minutes.<br \/>\nC : Tous les composants soumis \u00e0 la pression sont en acier inoxydable<br \/>\nD : Base zingu\u00e9e pour une meilleure r\u00e9sistance \u00e0 la corrosion<br \/>\nE : Raccordements d&#039;entr\u00e9e et de sortie filet\u00e9s (NPT)<br \/>\nF : Des vannes multi-pistolets suppl\u00e9mentaires peuvent \u00eatre ajout\u00e9es \u00e0 un syst\u00e8me pour augmenter encore le nombre d&#039;outils fonctionnant avec une seule unit\u00e9 de nettoyage \u00e0 haute pression.<\/p>","protected":false},"excerpt":{"rendered":"<p>Machine de nettoyage par jet d&#039;eau ultra-haute pression (1500 bars) avec pompe triplex<br \/>\nValve multi-pistolets Jetstream 51785<\/p>\n<p>Il s&#039;agit du syst\u00e8me MGV (Multi-Gun Valve) de nettoyage \u00e0 l&#039;eau haute pression qui permet \u00e0 deux pistolets de nettoyage \u00e0 l&#039;eau de type d\u00e9charge de fonctionner ind\u00e9pendamment lorsqu&#039;ils sont connect\u00e9s \u00e0 une seule pompe de nettoyage \u00e0 l&#039;eau.<br \/>\nLe r\u00e9gulateur UHP MGV r\u00e9partira le d\u00e9bit total de la pompe entre les canons et maintiendra la pression du syst\u00e8me lorsque l&#039;un ou les deux canons sont en fonctionnement.<br \/>\nLe type de filetage est optionnel et d\u00e9pend des exigences du client.<\/p>","protected":false},"featured_media":1862,"template":"","meta":[],"product_brand":[],"product_cat":[9,7,10,11,5],"product_tag":[98,99,100],"class_list":{"0":"post-1861","1":"product","2":"type-product","3":"status-publish","4":"has-post-thumbnail","6":"product_cat-heat-exchanger-cleaning-device","7":"product_cat-jetstream-pump-fluid-end-compatibe-parts","8":"product_cat-pipeline-tube-uhp-water-blasting-cleaning-device","9":"product_cat-ship-cleaning-device","10":"product_cat-uhp-rotating-nozzles","11":"product_tag-1500bar-uhp-hydro-jetting","12":"product_tag-multi-gun-valve-jetstream-51785","13":"product_tag-ultra-high-pressure-water-jet","15":"first","16":"instock","17":"shipping-taxable","18":"product-type-simple"},"yoast_head":"<!-- This site is optimized with the Yoast SEO plugin v24.9 - https:\/\/yoast.com\/wordpress\/plugins\/seo\/ -->\n<title>1500Bar UHP Hydro-Jetting Water Blasting Ultra-high Pressure Water Jet Blasting cleaning machine Triplex Pump Multi-Gun Valve - Panwin Machinery&amp;Equipment<\/title>\n<meta name=\"robots\" content=\"index, follow, max-snippet:-1, max-image-preview:large, max-video-preview:-1\" \/>\n<link rel=\"canonical\" href=\"https:\/\/panwinjet.com\/fr\/produit\/1500bar-uhp-hydro-jetting-water-blasting-ultra-high-pressure-water-jet-blasting-cleaning-machine-triplex-pump-multi-gun-valve\/\" \/>\n<meta property=\"og:locale\" content=\"fr_FR\" \/>\n<meta property=\"og:type\" content=\"article\" \/>\n<meta property=\"og:title\" content=\"1500Bar UHP Hydro-Jetting Water Blasting Ultra-high Pressure Water Jet Blasting cleaning machine Triplex Pump Multi-Gun Valve - Panwin Machinery&amp;Equipment\" \/>\n<meta property=\"og:description\" content=\"1500Bar UHP Hydro-Jetting Water Blasting Ultra-high Pressure Water Jet Blasting cleaning machine Triplex Pump Multi-Gun Valve Jetstream 51785  This is UHP Water Blasting MGV (Multi-Gun Valve) which allows two dump style waterblast guns to be operated independently when connected to one water-blaster pump. The UHP MGV will divide the pump\u2019s total flow between the guns and will maintain system pressure when either or both guns are dumping. The Thread Type is optional according to customer requirements.\" \/>\n<meta property=\"og:url\" content=\"https:\/\/panwinjet.com\/fr\/produit\/1500bar-uhp-hydro-jetting-water-blasting-ultra-high-pressure-water-jet-blasting-cleaning-machine-triplex-pump-multi-gun-valve\/\" \/>\n<meta property=\"og:site_name\" content=\"Panwin Machinery&amp;Equipment\" \/>\n<meta property=\"article:modified_time\" content=\"2025-11-07T12:38:29+00:00\" \/>\n<meta property=\"og:image\" content=\"https:\/\/panwinjet.com\/wp-content\/uploads\/2025\/11\/51785-Muti-gun-Valve.png\" \/>\n\t<meta property=\"og:image:width\" content=\"755\" \/>\n\t<meta property=\"og:image:height\" content=\"521\" \/>\n\t<meta property=\"og:image:type\" content=\"image\/png\" \/>\n<meta name=\"twitter:card\" content=\"summary_large_image\" \/>\n<meta name=\"twitter:label1\" content=\"Dur\u00e9e de lecture estim\u00e9e\" \/>\n\t<meta name=\"twitter:data1\" content=\"1 minute\" \/>\n<script type=\"application\/ld+json\" class=\"yoast-schema-graph\">{\"@context\":\"https:\/\/schema.org\",\"@graph\":[{\"@type\":\"WebPage\",\"@id\":\"https:\/\/panwinjet.com\/product\/1500bar-uhp-hydro-jetting-water-blasting-ultra-high-pressure-water-jet-blasting-cleaning-machine-triplex-pump-multi-gun-valve\/\",\"url\":\"https:\/\/panwinjet.com\/product\/1500bar-uhp-hydro-jetting-water-blasting-ultra-high-pressure-water-jet-blasting-cleaning-machine-triplex-pump-multi-gun-valve\/\",\"name\":\"1500Bar UHP Hydro-Jetting Water Blasting Ultra-high Pressure Water Jet Blasting cleaning machine Triplex Pump Multi-Gun Valve - Panwin Machinery&amp;Equipment\",\"isPartOf\":{\"@id\":\"https:\/\/panwinjet.com\/#website\"},\"primaryImageOfPage\":{\"@id\":\"https:\/\/panwinjet.com\/product\/1500bar-uhp-hydro-jetting-water-blasting-ultra-high-pressure-water-jet-blasting-cleaning-machine-triplex-pump-multi-gun-valve\/#primaryimage\"},\"image\":{\"@id\":\"https:\/\/panwinjet.com\/product\/1500bar-uhp-hydro-jetting-water-blasting-ultra-high-pressure-water-jet-blasting-cleaning-machine-triplex-pump-multi-gun-valve\/#primaryimage\"},\"thumbnailUrl\":\"https:\/\/panwinjet.com\/wp-content\/uploads\/2025\/11\/51785-Muti-gun-Valve.png\",\"datePublished\":\"2025-11-07T12:38:28+00:00\",\"dateModified\":\"2025-11-07T12:38:29+00:00\",\"breadcrumb\":{\"@id\":\"https:\/\/panwinjet.com\/product\/1500bar-uhp-hydro-jetting-water-blasting-ultra-high-pressure-water-jet-blasting-cleaning-machine-triplex-pump-multi-gun-valve\/#breadcrumb\"},\"inLanguage\":\"fr-FR\",\"potentialAction\":[{\"@type\":\"ReadAction\",\"target\":[\"https:\/\/panwinjet.com\/product\/1500bar-uhp-hydro-jetting-water-blasting-ultra-high-pressure-water-jet-blasting-cleaning-machine-triplex-pump-multi-gun-valve\/\"]}]},{\"@type\":\"ImageObject\",\"inLanguage\":\"fr-FR\",\"@id\":\"https:\/\/panwinjet.com\/product\/1500bar-uhp-hydro-jetting-water-blasting-ultra-high-pressure-water-jet-blasting-cleaning-machine-triplex-pump-multi-gun-valve\/#primaryimage\",\"url\":\"https:\/\/panwinjet.com\/wp-content\/uploads\/2025\/11\/51785-Muti-gun-Valve.png\",\"contentUrl\":\"https:\/\/panwinjet.com\/wp-content\/uploads\/2025\/11\/51785-Muti-gun-Valve.png\",\"width\":755,\"height\":521},{\"@type\":\"BreadcrumbList\",\"@id\":\"https:\/\/panwinjet.com\/product\/1500bar-uhp-hydro-jetting-water-blasting-ultra-high-pressure-water-jet-blasting-cleaning-machine-triplex-pump-multi-gun-valve\/#breadcrumb\",\"itemListElement\":[{\"@type\":\"ListItem\",\"position\":1,\"name\":\"\u9996\u9875\",\"item\":\"https:\/\/panwinjet.com\/\"},{\"@type\":\"ListItem\",\"position\":2,\"name\":\"PRODUCT\",\"item\":\"https:\/\/panwinjet.com\/product\/\"},{\"@type\":\"ListItem\",\"position\":3,\"name\":\"1500Bar UHP Hydro-Jetting Water Blasting Ultra-high Pressure Water Jet Blasting cleaning machine Triplex Pump Multi-Gun Valve\"}]},{\"@type\":\"WebSite\",\"@id\":\"https:\/\/panwinjet.com\/#website\",\"url\":\"https:\/\/panwinjet.com\/\",\"name\":\"Panwin Machinery&amp;Equipment\",\"description\":\"Shenzhen Panwin Machinery&amp;Equipment Co.Ltd\",\"potentialAction\":[{\"@type\":\"SearchAction\",\"target\":{\"@type\":\"EntryPoint\",\"urlTemplate\":\"https:\/\/panwinjet.com\/?s={search_term_string}\"},\"query-input\":{\"@type\":\"PropertyValueSpecification\",\"valueRequired\":true,\"valueName\":\"search_term_string\"}}],\"inLanguage\":\"fr-FR\"}]}<\/script>\n<!-- \/ Yoast SEO plugin. -->","yoast_head_json":{"title":"1500Bar UHP Hydro-Jetting Water Blasting Ultra-high Pressure Water Jet Blasting cleaning machine Triplex Pump Multi-Gun Valve - Panwin Machinery&amp;Equipment","robots":{"index":"index","follow":"follow","max-snippet":"max-snippet:-1","max-image-preview":"max-image-preview:large","max-video-preview":"max-video-preview:-1"},"canonical":"https:\/\/panwinjet.com\/fr\/produit\/1500bar-uhp-hydro-jetting-water-blasting-ultra-high-pressure-water-jet-blasting-cleaning-machine-triplex-pump-multi-gun-valve\/","og_locale":"fr_FR","og_type":"article","og_title":"1500Bar UHP Hydro-Jetting Water Blasting Ultra-high Pressure Water Jet Blasting cleaning machine Triplex Pump Multi-Gun Valve - Panwin Machinery&amp;Equipment","og_description":"1500Bar UHP Hydro-Jetting Water Blasting Ultra-high Pressure Water Jet Blasting cleaning machine Triplex Pump Multi-Gun Valve Jetstream 51785  This is UHP Water Blasting MGV (Multi-Gun Valve) which allows two dump style waterblast guns to be operated independently when connected to one water-blaster pump. The UHP MGV will divide the pump\u2019s total flow between the guns and will maintain system pressure when either or both guns are dumping. The Thread Type is optional according to customer requirements.","og_url":"https:\/\/panwinjet.com\/fr\/produit\/1500bar-uhp-hydro-jetting-water-blasting-ultra-high-pressure-water-jet-blasting-cleaning-machine-triplex-pump-multi-gun-valve\/","og_site_name":"Panwin Machinery&amp;Equipment","article_modified_time":"2025-11-07T12:38:29+00:00","og_image":[{"width":755,"height":521,"url":"https:\/\/panwinjet.com\/wp-content\/uploads\/2025\/11\/51785-Muti-gun-Valve.png","type":"image\/png"}],"twitter_card":"summary_large_image","twitter_misc":{"Dur\u00e9e de lecture estim\u00e9e":"1 minute"},"schema":{"@context":"https:\/\/schema.org","@graph":[{"@type":"WebPage","@id":"https:\/\/panwinjet.com\/product\/1500bar-uhp-hydro-jetting-water-blasting-ultra-high-pressure-water-jet-blasting-cleaning-machine-triplex-pump-multi-gun-valve\/","url":"https:\/\/panwinjet.com\/product\/1500bar-uhp-hydro-jetting-water-blasting-ultra-high-pressure-water-jet-blasting-cleaning-machine-triplex-pump-multi-gun-valve\/","name":"1500Bar UHP Hydro-Jetting Water Blasting Ultra-high Pressure Water Jet Blasting cleaning machine Triplex Pump Multi-Gun Valve - Panwin Machinery&amp;Equipment","isPartOf":{"@id":"https:\/\/panwinjet.com\/#website"},"primaryImageOfPage":{"@id":"https:\/\/panwinjet.com\/product\/1500bar-uhp-hydro-jetting-water-blasting-ultra-high-pressure-water-jet-blasting-cleaning-machine-triplex-pump-multi-gun-valve\/#primaryimage"},"image":{"@id":"https:\/\/panwinjet.com\/product\/1500bar-uhp-hydro-jetting-water-blasting-ultra-high-pressure-water-jet-blasting-cleaning-machine-triplex-pump-multi-gun-valve\/#primaryimage"},"thumbnailUrl":"https:\/\/panwinjet.com\/wp-content\/uploads\/2025\/11\/51785-Muti-gun-Valve.png","datePublished":"2025-11-07T12:38:28+00:00","dateModified":"2025-11-07T12:38:29+00:00","breadcrumb":{"@id":"https:\/\/panwinjet.com\/product\/1500bar-uhp-hydro-jetting-water-blasting-ultra-high-pressure-water-jet-blasting-cleaning-machine-triplex-pump-multi-gun-valve\/#breadcrumb"},"inLanguage":"fr-FR","potentialAction":[{"@type":"ReadAction","target":["https:\/\/panwinjet.com\/product\/1500bar-uhp-hydro-jetting-water-blasting-ultra-high-pressure-water-jet-blasting-cleaning-machine-triplex-pump-multi-gun-valve\/"]}]},{"@type":"ImageObject","inLanguage":"fr-FR","@id":"https:\/\/panwinjet.com\/product\/1500bar-uhp-hydro-jetting-water-blasting-ultra-high-pressure-water-jet-blasting-cleaning-machine-triplex-pump-multi-gun-valve\/#primaryimage","url":"https:\/\/panwinjet.com\/wp-content\/uploads\/2025\/11\/51785-Muti-gun-Valve.png","contentUrl":"https:\/\/panwinjet.com\/wp-content\/uploads\/2025\/11\/51785-Muti-gun-Valve.png","width":755,"height":521},{"@type":"BreadcrumbList","@id":"https:\/\/panwinjet.com\/product\/1500bar-uhp-hydro-jetting-water-blasting-ultra-high-pressure-water-jet-blasting-cleaning-machine-triplex-pump-multi-gun-valve\/#breadcrumb","itemListElement":[{"@type":"ListItem","position":1,"name":"\u9996\u9875","item":"https:\/\/panwinjet.com\/"},{"@type":"ListItem","position":2,"name":"PRODUCT","item":"https:\/\/panwinjet.com\/product\/"},{"@type":"ListItem","position":3,"name":"1500Bar UHP Hydro-Jetting Water Blasting Ultra-high Pressure Water Jet Blasting cleaning machine Triplex Pump Multi-Gun Valve"}]},{"@type":"WebSite","@id":"https:\/\/panwinjet.com\/#website","url":"https:\/\/panwinjet.com\/","name":"Panwin Machinery&amp;Equipment","description":"Shenzhen Panwin Machinery&amp;Equipment Co.Ltd","potentialAction":[{"@type":"SearchAction","target":{"@type":"EntryPoint","urlTemplate":"https:\/\/panwinjet.com\/?s={search_term_string}"},"query-input":{"@type":"PropertyValueSpecification","valueRequired":true,"valueName":"search_term_string"}}],"inLanguage":"fr-FR"}]}},"_links":{"self":[{"href":"https:\/\/panwinjet.com\/fr\/wp-json\/wp\/v2\/product\/1861","targetHints":{"allow":["GET"]}}],"collection":[{"href":"https:\/\/panwinjet.com\/fr\/wp-json\/wp\/v2\/product"}],"about":[{"href":"https:\/\/panwinjet.com\/fr\/wp-json\/wp\/v2\/types\/product"}],"wp:featuredmedia":[{"embeddable":true,"href":"https:\/\/panwinjet.com\/fr\/wp-json\/wp\/v2\/media\/1862"}],"wp:attachment":[{"href":"https:\/\/panwinjet.com\/fr\/wp-json\/wp\/v2\/media?parent=1861"}],"wp:term":[{"taxonomy":"product_brand","embeddable":true,"href":"https:\/\/panwinjet.com\/fr\/wp-json\/wp\/v2\/product_brand?post=1861"},{"taxonomy":"product_cat","embeddable":true,"href":"https:\/\/panwinjet.com\/fr\/wp-json\/wp\/v2\/product_cat?post=1861"},{"taxonomy":"product_tag","embeddable":true,"href":"https:\/\/panwinjet.com\/fr\/wp-json\/wp\/v2\/product_tag?post=1861"}],"curies":[{"name":"wp","href":"https:\/\/api.w.org\/{rel}","templated":true}]}}