{"id":184,"date":"2025-05-25T05:02:14","date_gmt":"2025-05-25T05:02:14","guid":{"rendered":"https:\/\/panwinjet.com\/?post_type=product&#038;p=184"},"modified":"2025-05-25T05:09:05","modified_gmt":"2025-05-25T05:09:05","slug":"40-20k-40k-heat-exchanger-uhp-waterjet-hydro-jet-banshee-nozzles","status":"publish","type":"product","link":"https:\/\/panwinjet.com\/fr\/produit\/40-20k-40k-heat-exchanger-uhp-waterjet-hydro-jet-banshee-nozzles\/","title":{"rendered":"\u00c9changeur de chaleur 40-20k 40K Jet d&#039;eau UHP Hydro-Jet Buses Banshee"},"content":{"rendered":"<p><strong><b>Buse Banshee pour le nettoyage par hydrojet ultra-haute performance des petits pipelines<\/b><\/strong><\/p>\n<ol>\n<li><b><\/b><strong><b>Pr\u00e9sentation du produit\u00a0: Buse Banshee pour le nettoyage par jet d&#039;eau ultra-haute pression des petits pipelines<\/b><\/strong><\/li>\n<\/ol>\n<p>Les buses Banshee sont largement utilis\u00e9es pour le nettoyage des \u00e9changeurs de chaleur, des canalisations de petit diam\u00e8tre et des barri\u00e8res d&#039;\u00e9tanch\u00e9it\u00e9. Elles offrent une grande efficacit\u00e9 et une utilisation simple pour le nettoyage des tubes de petit diam\u00e8tre. Panwin vous propose des buses Banshee de diff\u00e9rentes tailles.<\/p>\n<ol start=\"2\">\n<li><b><\/b><strong><b>Caract\u00e9ristiques techniques de la buse Banshee pour le nettoyage par jet d&#039;eau ultra-haute pression des petits pipelines<\/b><\/strong><\/li>\n<\/ol>\n<p>Les jets d&#039;eau propulsant les buses Banshee sont sp\u00e9cialement con\u00e7us pour l&#039;\u00e9change thermique, petit<\/p>\n<p>Nous proposons des barri\u00e8res pour canalisations de diff\u00e9rents diam\u00e8tres, avec une plage de pression de 550 \u00e0 2\u00a0800\u00a0bar et un d\u00e9bit maximal de 190\u00a0l\/min. Gr\u00e2ce \u00e0 ses diverses connexions d&#039;entr\u00e9e, ce produit s&#039;adapte \u00e0 diff\u00e9rents outils et applications de nettoyage de canalisations. Sp\u00e9cifications d\u00e9taill\u00e9es ci-dessous\u00a0:<\/p>\n<ol start=\"3\">\n<li><b><\/b><strong><b>Caract\u00e9ristiques et applications de la buse Banshee pour le nettoyage par hydrojet ultra-haute pression des petits pipelines<\/b><\/strong><\/li>\n<\/ol>\n<p>Notre petite buse de nettoyage par jet d&#039;eau hydrodynamique Banshee est utilis\u00e9e pour les petits tuyaux et tubes. Gr\u00e2ce \u00e0 ses caract\u00e9ristiques avantageuses, c&#039;est la buse de nettoyage de tuyaux la plus efficace\u00a0:<\/p>\n<p>1: Performances in\u00e9gal\u00e9es dans le nettoyage et le polissage des tubes et des tuyaux de petit diam\u00e8tre, comme les \u00e9changeurs de chaleur, les petits faisceaux de tubes.<\/p>\n<p>2: La construction en acier inoxydable assure sa durabilit\u00e9 et sa long\u00e9vit\u00e9, m\u00eame dans des conditions extr\u00eames.<\/p>\n<p>3 : Tr\u00e8s efficace pour \u00e9liminer les d\u00e9p\u00f4ts fins et durs, le carbone, le coke et les polym\u00e8res.<\/p>\n<p>Application:<\/p>\n<p>La buse de nettoyage par jet d&#039;eau hydrodynamique Banshee est con\u00e7ue et sp\u00e9cialement utilis\u00e9e dans les petits tuyaux, les canalisations de petit diam\u00e8tre, les tubes, les \u00e9changeurs de chaleur et les petits faisceaux de cuves.<\/p>\n<p>Il s&#039;agit d&#039;une m\u00e9thode performante et rapide pour le nettoyage des petits tubes par hydrod\u00e9capage.<\/p>\n<ol start=\"4\">\n<li><b><\/b><strong><b>D\u00e9tails du produit<\/b><\/strong><b><\/b><strong><b>Buse Banshee pour le nettoyage par hydrojet ultra-haute performance des petits pipelines<\/b><\/strong><\/li>\n<\/ol>\n<ol start=\"5\">\n<li><b><\/b><strong><b>Qualification du produit<\/b><\/strong><strong><b>Buse Banshee pour le nettoyage par hydrojet ultra-haute performance des petits pipelines<\/b><\/strong><\/li>\n<\/ol>\n<p>Shenzhen Panwin Machinery &amp; Equipment Co., Ltd est un fabricant professionnel sp\u00e9cialis\u00e9 dans les pi\u00e8ces d\u00e9tach\u00e9es pour machines de nettoyage et de d\u00e9coupe par hydrojet. Nous contr\u00f4lons rigoureusement l&#039;ensemble du processus de production conform\u00e9ment \u00e0 la norme de qualit\u00e9 ISO 9001:2015 et avons obtenu la certification de qualit\u00e9. Forts de nombreuses ann\u00e9es d&#039;exp\u00e9rience dans la conception et la production d&#039;accessoires et de machines \u00e0 ultra-haute pression, nous avons su gagner la confiance et la fid\u00e9lit\u00e9 de nos clients, tout en d\u00e9veloppant une expertise pointue en conception et une connaissance approfondie du secteur. Nous poursuivons notre d\u00e9veloppement et innovons constamment afin de r\u00e9pondre aux besoins du march\u00e9 et de nos clients, et de proposer des solutions adapt\u00e9es \u00e0 leurs applications concr\u00e8tes.<\/p>\n<p><strong><b>6. Livraison, exp\u00e9dition et service<\/b><\/strong>\u00a0<strong><b>Buse Banshee pour le nettoyage par hydrojet ultra-haute performance des petits pipelines<\/b><\/strong><\/p>\n<p><em><i>\u00a0<\/i><\/em><em><i>Nous utilisons des caisses en bois, et toutes nos caisses en bois sont des caisses en contreplaqu\u00e9 ou en bois massif ayant subi un traitement de fumigation conform\u00e9ment aux exigences d&#039;exp\u00e9dition.<\/i><\/em><\/p>\n<p><em><i>Chaque caisse en bois poss\u00e8de des pieds robustes et stables d&#039;environ 7 \u00e0 10 cm de longueur, ce qui facilite le levage et le transport des marchandises par chariot \u00e9l\u00e9vateur.<\/i><\/em><\/p>\n<p><em><i>Nos pi\u00e8ces d\u00e9tach\u00e9es sont emball\u00e9es et prot\u00e9g\u00e9es par plusieurs couches de mat\u00e9riaux d&#039;emballage souples, imperm\u00e9ables, antirouille et antichoc, principalement du film mousse de 3 \u00e0 5 mm d&#039;\u00e9paisseur. Nous exigeons de notre personnel d&#039;emballage qu&#039;il utilise une protection suffisamment \u00e9paisse et qu&#039;il enveloppe fermement les pi\u00e8ces avec un film plastique ou du ruban adh\u00e9sif afin d&#039;\u00e9viter tout dommage pendant le transport.<\/i><\/em><\/p>\n<p><em><i>Pour les articles fragiles et sensibles, comme le piston, nous utilisons une bo\u00eete en plastique solide recouverte de plusieurs couches de mat\u00e9riaux d&#039;emballage souples imperm\u00e9ables, antirouille et antichoc, principalement un film de mousse de 3 \u00e0 5 mm d&#039;\u00e9paisseur, etc., le tout envelopp\u00e9 avec du ruban adh\u00e9sif.<\/i><\/em><\/p>\n<ol start=\"6\">\n<li><b><\/b><strong><b>FAQ<\/b><\/strong><\/li>\n<\/ol>\n<p><strong><em><b><i>1:Dans le processus de nettoyage par jet d&#039;eau,<\/i><\/b><\/em><\/strong><strong><b>Quels sont les deux facteurs les plus importants ? <\/b><\/strong><strong><b>important<\/b><\/strong><strong><b>, pression (bar) ou d\u00e9bit (LMP)\u00a0?<\/b><\/strong><\/p>\n<p>La pression et le d\u00e9bit sont deux facteurs essentiels pour optimiser les performances de nettoyage et l&#039;effet de pulv\u00e9risation\u00a0: la pression d\u00e9termine la puissance de pulv\u00e9risation, tandis que le d\u00e9bit \u00e9limine la salet\u00e9, les s\u00e9diments, etc.<\/p>\n<p><strong>2<\/strong><strong>\u00c0 quel point est-il important de garder les buses propres ?<\/strong><\/p>\n<p>Dans le processus de nettoyage par hydro-nettoyage, une buse obstru\u00e9e n&#039;aura pas un bon effet de nettoyage, et les buses bouch\u00e9es peuvent \u00e9galement augmenter la pression inverse sur la pompe et endommager celle-ci ; il est donc important de nettoyer r\u00e9guli\u00e8rement les buses, voire de les remplacer.<\/p>\n<p><strong><b> <img decoding=\"async\" class=\"aligncenter size-full wp-image-185 lazyload\" data-src=\"https:\/\/panwinjet.com\/wp-content\/uploads\/2025\/05\/Banshee-nozzles.jpg\" alt=\"\" width=\"1200\" height=\"1132\" data-srcset=\"https:\/\/panwinjet.com\/wp-content\/uploads\/2025\/05\/Banshee-nozzles.jpg 1200w, https:\/\/panwinjet.com\/wp-content\/uploads\/2025\/05\/Banshee-nozzles-500x472.jpg 500w, https:\/\/panwinjet.com\/wp-content\/uploads\/2025\/05\/Banshee-nozzles-300x283.jpg 300w, https:\/\/panwinjet.com\/wp-content\/uploads\/2025\/05\/Banshee-nozzles-768x724.jpg 768w, https:\/\/panwinjet.com\/wp-content\/uploads\/2025\/05\/Banshee-nozzles-80x75.jpg 80w, https:\/\/panwinjet.com\/wp-content\/uploads\/2025\/05\/Banshee-nozzles-480x453.jpg 480w, https:\/\/panwinjet.com\/wp-content\/uploads\/2025\/05\/Banshee-nozzles-800x755.jpg 800w\" data-sizes=\"(max-width:767px) 480px, (max-width:1200px) 100vw, 1200px\" src=\"data:image\/svg+xml;base64,PHN2ZyB3aWR0aD0iMSIgaGVpZ2h0PSIxIiB4bWxucz0iaHR0cDovL3d3dy53My5vcmcvMjAwMC9zdmciPjwvc3ZnPg==\" style=\"--smush-placeholder-width: 1200px; --smush-placeholder-aspect-ratio: 1200\/1132;\" \/> <img decoding=\"async\" class=\"aligncenter size-full wp-image-188 lazyload\" data-src=\"https:\/\/panwinjet.com\/wp-content\/uploads\/2025\/05\/Applica3333.jpg\" alt=\"\" width=\"1200\" height=\"969\" data-srcset=\"https:\/\/panwinjet.com\/wp-content\/uploads\/2025\/05\/Applica3333.jpg 1200w, https:\/\/panwinjet.com\/wp-content\/uploads\/2025\/05\/Applica3333-500x404.jpg 500w, https:\/\/panwinjet.com\/wp-content\/uploads\/2025\/05\/Applica3333-300x242.jpg 300w, https:\/\/panwinjet.com\/wp-content\/uploads\/2025\/05\/Applica3333-768x620.jpg 768w, https:\/\/panwinjet.com\/wp-content\/uploads\/2025\/05\/Applica3333-93x75.jpg 93w, https:\/\/panwinjet.com\/wp-content\/uploads\/2025\/05\/Applica3333-480x388.jpg 480w, https:\/\/panwinjet.com\/wp-content\/uploads\/2025\/05\/Applica3333-800x646.jpg 800w\" data-sizes=\"(max-width:767px) 480px, (max-width:1200px) 100vw, 1200px\" src=\"data:image\/svg+xml;base64,PHN2ZyB3aWR0aD0iMSIgaGVpZ2h0PSIxIiB4bWxucz0iaHR0cDovL3d3dy53My5vcmcvMjAwMC9zdmciPjwvc3ZnPg==\" style=\"--smush-placeholder-width: 1200px; --smush-placeholder-aspect-ratio: 1200\/969;\" \/> <img decoding=\"async\" class=\"aligncenter size-full wp-image-187 lazyload\" data-src=\"https:\/\/panwinjet.com\/wp-content\/uploads\/2025\/05\/Nozzles-Type-Specificiation.jpg\" alt=\"\" width=\"1200\" height=\"703\" data-srcset=\"https:\/\/panwinjet.com\/wp-content\/uploads\/2025\/05\/Nozzles-Type-Specificiation.jpg 1200w, https:\/\/panwinjet.com\/wp-content\/uploads\/2025\/05\/Nozzles-Type-Specificiation-500x293.jpg 500w, https:\/\/panwinjet.com\/wp-content\/uploads\/2025\/05\/Nozzles-Type-Specificiation-300x176.jpg 300w, https:\/\/panwinjet.com\/wp-content\/uploads\/2025\/05\/Nozzles-Type-Specificiation-768x450.jpg 768w, https:\/\/panwinjet.com\/wp-content\/uploads\/2025\/05\/Nozzles-Type-Specificiation-128x75.jpg 128w, https:\/\/panwinjet.com\/wp-content\/uploads\/2025\/05\/Nozzles-Type-Specificiation-480x281.jpg 480w, https:\/\/panwinjet.com\/wp-content\/uploads\/2025\/05\/Nozzles-Type-Specificiation-800x469.jpg 800w\" data-sizes=\"(max-width:767px) 480px, (max-width:1200px) 100vw, 1200px\" src=\"data:image\/svg+xml;base64,PHN2ZyB3aWR0aD0iMSIgaGVpZ2h0PSIxIiB4bWxucz0iaHR0cDovL3d3dy53My5vcmcvMjAwMC9zdmciPjwvc3ZnPg==\" style=\"--smush-placeholder-width: 1200px; --smush-placeholder-aspect-ratio: 1200\/703;\" \/> <img decoding=\"async\" class=\"aligncenter size-full wp-image-186 lazyload\" data-src=\"https:\/\/panwinjet.com\/wp-content\/uploads\/2025\/05\/Banshee-nozzles2.jpg\" alt=\"\" width=\"1200\" height=\"1334\" data-srcset=\"https:\/\/panwinjet.com\/wp-content\/uploads\/2025\/05\/Banshee-nozzles2.jpg 1200w, https:\/\/panwinjet.com\/wp-content\/uploads\/2025\/05\/Banshee-nozzles2-450x500.jpg 450w, https:\/\/panwinjet.com\/wp-content\/uploads\/2025\/05\/Banshee-nozzles2-1079x1200.jpg 1079w, https:\/\/panwinjet.com\/wp-content\/uploads\/2025\/05\/Banshee-nozzles2-270x300.jpg 270w, https:\/\/panwinjet.com\/wp-content\/uploads\/2025\/05\/Banshee-nozzles2-768x854.jpg 768w, https:\/\/panwinjet.com\/wp-content\/uploads\/2025\/05\/Banshee-nozzles2-67x75.jpg 67w, https:\/\/panwinjet.com\/wp-content\/uploads\/2025\/05\/Banshee-nozzles2-480x534.jpg 480w, https:\/\/panwinjet.com\/wp-content\/uploads\/2025\/05\/Banshee-nozzles2-800x889.jpg 800w\" data-sizes=\"(max-width:767px) 480px, (max-width:1200px) 100vw, 1200px\" src=\"data:image\/svg+xml;base64,PHN2ZyB3aWR0aD0iMSIgaGVpZ2h0PSIxIiB4bWxucz0iaHR0cDovL3d3dy53My5vcmcvMjAwMC9zdmciPjwvc3ZnPg==\" style=\"--smush-placeholder-width: 1200px; --smush-placeholder-aspect-ratio: 1200\/1334;\" \/><\/b><\/strong><\/p>","protected":false},"excerpt":{"rendered":"<p>Ultra-high small Pipeline hydro Jet blasting cleaning Banshee Nozzle Product Introduction of Ultra-high small Pipeline hydro Jet blasting cleaning Banshee Nozzle The Banshee nozzles is widely<span class=\"excerpt-hellip\"> [\u2026]<\/span><\/p>","protected":false},"featured_media":186,"template":"","meta":[],"product_brand":[],"product_cat":[5],"product_tag":[],"class_list":{"0":"post-184","1":"product","2":"type-product","3":"status-publish","4":"has-post-thumbnail","6":"product_cat-uhp-rotating-nozzles","8":"first","9":"instock","10":"shipping-taxable","11":"product-type-external"},"yoast_head":"<!-- This site is optimized with the Yoast SEO plugin v24.9 - https:\/\/yoast.com\/wordpress\/plugins\/seo\/ -->\n<title>40-20k 40K Heat Exchanger UHP Waterjet Hydro-Jet Banshee Nozzles - Panwin Machinery&amp;Equipment<\/title>\n<meta name=\"robots\" content=\"index, follow, max-snippet:-1, max-image-preview:large, max-video-preview:-1\" \/>\n<link rel=\"canonical\" href=\"https:\/\/panwinjet.com\/fr\/produit\/40-20k-40k-heat-exchanger-uhp-waterjet-hydro-jet-banshee-nozzles\/\" \/>\n<meta property=\"og:locale\" content=\"fr_FR\" \/>\n<meta property=\"og:type\" content=\"article\" \/>\n<meta property=\"og:title\" content=\"40-20k 40K Heat Exchanger UHP Waterjet Hydro-Jet Banshee Nozzles - Panwin Machinery&amp;Equipment\" \/>\n<meta property=\"og:description\" content=\"Ultra-high small Pipeline hydro Jet blasting cleaning Banshee Nozzle Product Introduction of Ultra-high small Pipeline hydro Jet blasting cleaning Banshee Nozzle The Banshee nozzles is widely [\u2026]\" \/>\n<meta property=\"og:url\" content=\"https:\/\/panwinjet.com\/fr\/produit\/40-20k-40k-heat-exchanger-uhp-waterjet-hydro-jet-banshee-nozzles\/\" \/>\n<meta property=\"og:site_name\" content=\"Panwin Machinery&amp;Equipment\" \/>\n<meta property=\"article:modified_time\" content=\"2025-05-25T05:09:05+00:00\" \/>\n<meta property=\"og:image\" content=\"https:\/\/panwinjet.com\/wp-content\/uploads\/2025\/05\/Banshee-nozzles2.jpg\" \/>\n\t<meta property=\"og:image:width\" content=\"1200\" \/>\n\t<meta property=\"og:image:height\" content=\"1334\" \/>\n\t<meta property=\"og:image:type\" content=\"image\/jpeg\" \/>\n<meta name=\"twitter:card\" content=\"summary_large_image\" \/>\n<meta name=\"twitter:label1\" content=\"Dur\u00e9e de lecture estim\u00e9e\" \/>\n\t<meta name=\"twitter:data1\" content=\"4 minutes\" \/>\n<script type=\"application\/ld+json\" class=\"yoast-schema-graph\">{\"@context\":\"https:\/\/schema.org\",\"@graph\":[{\"@type\":\"WebPage\",\"@id\":\"https:\/\/panwinjet.com\/product\/40-20k-40k-heat-exchanger-uhp-waterjet-hydro-jet-banshee-nozzles\/\",\"url\":\"https:\/\/panwinjet.com\/product\/40-20k-40k-heat-exchanger-uhp-waterjet-hydro-jet-banshee-nozzles\/\",\"name\":\"40-20k 40K Heat Exchanger UHP Waterjet Hydro-Jet Banshee Nozzles - Panwin Machinery&amp;Equipment\",\"isPartOf\":{\"@id\":\"https:\/\/panwinjet.com\/#website\"},\"primaryImageOfPage\":{\"@id\":\"https:\/\/panwinjet.com\/product\/40-20k-40k-heat-exchanger-uhp-waterjet-hydro-jet-banshee-nozzles\/#primaryimage\"},\"image\":{\"@id\":\"https:\/\/panwinjet.com\/product\/40-20k-40k-heat-exchanger-uhp-waterjet-hydro-jet-banshee-nozzles\/#primaryimage\"},\"thumbnailUrl\":\"https:\/\/panwinjet.com\/wp-content\/uploads\/2025\/05\/Banshee-nozzles2.jpg\",\"datePublished\":\"2025-05-25T05:02:14+00:00\",\"dateModified\":\"2025-05-25T05:09:05+00:00\",\"breadcrumb\":{\"@id\":\"https:\/\/panwinjet.com\/product\/40-20k-40k-heat-exchanger-uhp-waterjet-hydro-jet-banshee-nozzles\/#breadcrumb\"},\"inLanguage\":\"fr-FR\",\"potentialAction\":[{\"@type\":\"ReadAction\",\"target\":[\"https:\/\/panwinjet.com\/product\/40-20k-40k-heat-exchanger-uhp-waterjet-hydro-jet-banshee-nozzles\/\"]}]},{\"@type\":\"ImageObject\",\"inLanguage\":\"fr-FR\",\"@id\":\"https:\/\/panwinjet.com\/product\/40-20k-40k-heat-exchanger-uhp-waterjet-hydro-jet-banshee-nozzles\/#primaryimage\",\"url\":\"https:\/\/panwinjet.com\/wp-content\/uploads\/2025\/05\/Banshee-nozzles2.jpg\",\"contentUrl\":\"https:\/\/panwinjet.com\/wp-content\/uploads\/2025\/05\/Banshee-nozzles2.jpg\",\"width\":1200,\"height\":1334},{\"@type\":\"BreadcrumbList\",\"@id\":\"https:\/\/panwinjet.com\/product\/40-20k-40k-heat-exchanger-uhp-waterjet-hydro-jet-banshee-nozzles\/#breadcrumb\",\"itemListElement\":[{\"@type\":\"ListItem\",\"position\":1,\"name\":\"\u9996\u9875\",\"item\":\"https:\/\/panwinjet.com\/\"},{\"@type\":\"ListItem\",\"position\":2,\"name\":\"PRODUCT\",\"item\":\"https:\/\/panwinjet.com\/product\/\"},{\"@type\":\"ListItem\",\"position\":3,\"name\":\"40-20k 40K Heat Exchanger UHP Waterjet Hydro-Jet Banshee Nozzles\"}]},{\"@type\":\"WebSite\",\"@id\":\"https:\/\/panwinjet.com\/#website\",\"url\":\"https:\/\/panwinjet.com\/\",\"name\":\"Panwin Machinery&amp;Equipment\",\"description\":\"Shenzhen Panwin Machinery&amp;Equipment Co.Ltd\",\"potentialAction\":[{\"@type\":\"SearchAction\",\"target\":{\"@type\":\"EntryPoint\",\"urlTemplate\":\"https:\/\/panwinjet.com\/?s={search_term_string}\"},\"query-input\":{\"@type\":\"PropertyValueSpecification\",\"valueRequired\":true,\"valueName\":\"search_term_string\"}}],\"inLanguage\":\"fr-FR\"}]}<\/script>\n<!-- \/ Yoast SEO plugin. -->","yoast_head_json":{"title":"40-20k 40K Heat Exchanger UHP Waterjet Hydro-Jet Banshee Nozzles - Panwin Machinery&amp;Equipment","robots":{"index":"index","follow":"follow","max-snippet":"max-snippet:-1","max-image-preview":"max-image-preview:large","max-video-preview":"max-video-preview:-1"},"canonical":"https:\/\/panwinjet.com\/fr\/produit\/40-20k-40k-heat-exchanger-uhp-waterjet-hydro-jet-banshee-nozzles\/","og_locale":"fr_FR","og_type":"article","og_title":"40-20k 40K Heat Exchanger UHP Waterjet Hydro-Jet Banshee Nozzles - Panwin Machinery&amp;Equipment","og_description":"Ultra-high small Pipeline hydro Jet blasting cleaning Banshee Nozzle Product Introduction of Ultra-high small Pipeline hydro Jet blasting cleaning Banshee Nozzle The Banshee nozzles is widely [\u2026]","og_url":"https:\/\/panwinjet.com\/fr\/produit\/40-20k-40k-heat-exchanger-uhp-waterjet-hydro-jet-banshee-nozzles\/","og_site_name":"Panwin Machinery&amp;Equipment","article_modified_time":"2025-05-25T05:09:05+00:00","og_image":[{"width":1200,"height":1334,"url":"https:\/\/panwinjet.com\/wp-content\/uploads\/2025\/05\/Banshee-nozzles2.jpg","type":"image\/jpeg"}],"twitter_card":"summary_large_image","twitter_misc":{"Dur\u00e9e de lecture estim\u00e9e":"4 minutes"},"schema":{"@context":"https:\/\/schema.org","@graph":[{"@type":"WebPage","@id":"https:\/\/panwinjet.com\/product\/40-20k-40k-heat-exchanger-uhp-waterjet-hydro-jet-banshee-nozzles\/","url":"https:\/\/panwinjet.com\/product\/40-20k-40k-heat-exchanger-uhp-waterjet-hydro-jet-banshee-nozzles\/","name":"40-20k 40K Heat Exchanger UHP Waterjet Hydro-Jet Banshee Nozzles - Panwin Machinery&amp;Equipment","isPartOf":{"@id":"https:\/\/panwinjet.com\/#website"},"primaryImageOfPage":{"@id":"https:\/\/panwinjet.com\/product\/40-20k-40k-heat-exchanger-uhp-waterjet-hydro-jet-banshee-nozzles\/#primaryimage"},"image":{"@id":"https:\/\/panwinjet.com\/product\/40-20k-40k-heat-exchanger-uhp-waterjet-hydro-jet-banshee-nozzles\/#primaryimage"},"thumbnailUrl":"https:\/\/panwinjet.com\/wp-content\/uploads\/2025\/05\/Banshee-nozzles2.jpg","datePublished":"2025-05-25T05:02:14+00:00","dateModified":"2025-05-25T05:09:05+00:00","breadcrumb":{"@id":"https:\/\/panwinjet.com\/product\/40-20k-40k-heat-exchanger-uhp-waterjet-hydro-jet-banshee-nozzles\/#breadcrumb"},"inLanguage":"fr-FR","potentialAction":[{"@type":"ReadAction","target":["https:\/\/panwinjet.com\/product\/40-20k-40k-heat-exchanger-uhp-waterjet-hydro-jet-banshee-nozzles\/"]}]},{"@type":"ImageObject","inLanguage":"fr-FR","@id":"https:\/\/panwinjet.com\/product\/40-20k-40k-heat-exchanger-uhp-waterjet-hydro-jet-banshee-nozzles\/#primaryimage","url":"https:\/\/panwinjet.com\/wp-content\/uploads\/2025\/05\/Banshee-nozzles2.jpg","contentUrl":"https:\/\/panwinjet.com\/wp-content\/uploads\/2025\/05\/Banshee-nozzles2.jpg","width":1200,"height":1334},{"@type":"BreadcrumbList","@id":"https:\/\/panwinjet.com\/product\/40-20k-40k-heat-exchanger-uhp-waterjet-hydro-jet-banshee-nozzles\/#breadcrumb","itemListElement":[{"@type":"ListItem","position":1,"name":"\u9996\u9875","item":"https:\/\/panwinjet.com\/"},{"@type":"ListItem","position":2,"name":"PRODUCT","item":"https:\/\/panwinjet.com\/product\/"},{"@type":"ListItem","position":3,"name":"40-20k 40K Heat Exchanger UHP Waterjet Hydro-Jet Banshee Nozzles"}]},{"@type":"WebSite","@id":"https:\/\/panwinjet.com\/#website","url":"https:\/\/panwinjet.com\/","name":"Panwin Machinery&amp;Equipment","description":"Shenzhen Panwin Machinery&amp;Equipment Co.Ltd","potentialAction":[{"@type":"SearchAction","target":{"@type":"EntryPoint","urlTemplate":"https:\/\/panwinjet.com\/?s={search_term_string}"},"query-input":{"@type":"PropertyValueSpecification","valueRequired":true,"valueName":"search_term_string"}}],"inLanguage":"fr-FR"}]}},"_links":{"self":[{"href":"https:\/\/panwinjet.com\/fr\/wp-json\/wp\/v2\/product\/184","targetHints":{"allow":["GET"]}}],"collection":[{"href":"https:\/\/panwinjet.com\/fr\/wp-json\/wp\/v2\/product"}],"about":[{"href":"https:\/\/panwinjet.com\/fr\/wp-json\/wp\/v2\/types\/product"}],"wp:featuredmedia":[{"embeddable":true,"href":"https:\/\/panwinjet.com\/fr\/wp-json\/wp\/v2\/media\/186"}],"wp:attachment":[{"href":"https:\/\/panwinjet.com\/fr\/wp-json\/wp\/v2\/media?parent=184"}],"wp:term":[{"taxonomy":"product_brand","embeddable":true,"href":"https:\/\/panwinjet.com\/fr\/wp-json\/wp\/v2\/product_brand?post=184"},{"taxonomy":"product_cat","embeddable":true,"href":"https:\/\/panwinjet.com\/fr\/wp-json\/wp\/v2\/product_cat?post=184"},{"taxonomy":"product_tag","embeddable":true,"href":"https:\/\/panwinjet.com\/fr\/wp-json\/wp\/v2\/product_tag?post=184"}],"curies":[{"name":"wp","href":"https:\/\/api.w.org\/{rel}","templated":true}]}}