{"id":1813,"date":"2025-11-05T15:22:24","date_gmt":"2025-11-05T15:22:24","guid":{"rendered":"https:\/\/panwinjet.com\/?post_type=product&#038;p=1813"},"modified":"2025-11-05T15:22:24","modified_gmt":"2025-11-05T15:22:24","slug":"60k-uhp-water-jet-cutting-hydro-blasting-pressure-measuring-gauge-wika-instruments","status":"publish","type":"product","link":"https:\/\/panwinjet.com\/fr\/produit\/60k-uhp-water-jet-cutting-hydro-blasting-pressure-measuring-gauge-wika-instruments\/","title":{"rendered":"Manom\u00e8tre de mesure de pression pour d\u00e9coupe au jet d&#039;eau UHP 60K et hydrod\u00e9capage WIKA Instruments"},"content":{"rendered":"<p>Manom\u00e8tre de mesure de pression pour d\u00e9coupe au jet d&#039;eau UHP 60K et hydrod\u00e9capage WIKA Instruments<br \/>\nPi\u00e8ces de machines de nettoyage au jet d&#039;eau pour l&#039;industrie p\u00e9trochimique - Manom\u00e8tre 4240<br \/>\nChez Panwin, nous vous vendons le manom\u00e8tre de pression 60K Water Jet Industry Petrochemical Cleaning UHP Water Jet Cutting Hydro-Blasting Pressure Gauge Instruments, un instrument de mesure de pression fiable et de qualit\u00e9 pour un processus de nettoyage par jet d&#039;eau s\u00fbr et efficace.<\/p>\n<p>Nos manom\u00e8tres de pression UHP 60Kpsi pour le nettoyage \u00e0 l&#039;eau sous pression, remplis d&#039;huile de silicone, pour les applications haute pression, sont fabriqu\u00e9s conform\u00e9ment \u00e0 la norme EN837-1 et aux sp\u00e9cifications de conception de s\u00e9curit\u00e9.<\/p>","protected":false},"excerpt":{"rendered":"<p>Nous proposons deux types de manom\u00e8tres UHP\u00a0: diam\u00e8tre 4 pouces et 6 pouces, plage de pression\u00a0: 0-60\u00a0Kpsi, les deux en Psi MPa.<br \/>\nVersion de connexion\u00a0:<br \/>\nRaccord inf\u00e9rieur BSP, raccord inf\u00e9rieur NPT, raccord arri\u00e8re central BSP, raccord arri\u00e8re central NPT, raccord arri\u00e8re excentrique NPT.<\/p>\n<p><strong>Application:<\/strong><br \/>\nCes manom\u00e8tres de mesure pour d\u00e9coupe au jet d&#039;eau UHP 60K, hydrod\u00e9capage et hydro-d\u00e9capage sont utilis\u00e9s dans les groupes \u00e9lectrog\u00e8nes, les pompes, les machines de traitement de l&#039;eau, les presses, les surcompresseurs, les turbines, les moteurs diesel, les syst\u00e8mes chimiques, p\u00e9trochimiques et de refroidissement, ainsi que dans les machines et appareils o\u00f9 une pression puls\u00e9e ou des vibrations m\u00e9caniques sont pr\u00e9sentes.<\/p>","protected":false},"featured_media":1815,"template":"","meta":[],"product_brand":[],"product_cat":[65,8,7,10,11,22],"product_tag":[85,86],"class_list":{"0":"post-1813","1":"product","2":"type-product","3":"status-publish","4":"has-post-thumbnail","6":"product_cat-flow-direct-drive-pump","7":"product_cat-giant-tank-cleaningcutting-device","8":"product_cat-jetstream-pump-fluid-end-compatibe-parts","9":"product_cat-pipeline-tube-uhp-water-blasting-cleaning-device","10":"product_cat-ship-cleaning-device","11":"product_cat-waterjet-cutting-machine-parts","12":"product_tag-60k-uhp-water-jet-cutting","13":"product_tag-hydro-blasting-pressure-measuring-gauge-wika-instruments","15":"first","16":"instock","17":"shipping-taxable","18":"product-type-simple"},"yoast_head":"<!-- This site is optimized with the Yoast SEO plugin v24.9 - https:\/\/yoast.com\/wordpress\/plugins\/seo\/ -->\n<title>60K UHP Water-Jet Cutting Hydro-Blasting Pressure Measuring Gauge WIKA Instruments - Panwin Machinery&amp;Equipment<\/title>\n<meta name=\"robots\" content=\"index, follow, max-snippet:-1, max-image-preview:large, max-video-preview:-1\" \/>\n<link rel=\"canonical\" href=\"https:\/\/panwinjet.com\/fr\/produit\/60k-uhp-water-jet-cutting-hydro-blasting-pressure-measuring-gauge-wika-instruments\/\" \/>\n<meta property=\"og:locale\" content=\"fr_FR\" \/>\n<meta property=\"og:type\" content=\"article\" \/>\n<meta property=\"og:title\" content=\"60K UHP Water-Jet Cutting Hydro-Blasting Pressure Measuring Gauge WIKA Instruments - Panwin Machinery&amp;Equipment\" \/>\n<meta property=\"og:description\" content=\"We have two Type Of the UHP pressure Gauge Diameter:4inch and 6inch, pressure rate:0-60Kpsi, both Psi Mpa. Connection Version: BSP bottom connection, NPT bottom connection, BSP centre back connection, NPT centre back connection, NPT eccentric back connection.  Application: This 60K UHP Water-Jet Cutting Hydro-Blasting Measuring Instruments pressure gauges are used in power units, pumps, water treatment machines, presses, superchargers, turbines, Diesel engines, chemical, petrochemical and cooling systems, also in machines and devices in which pulsating pressure or mechanical vibrations are present.\" \/>\n<meta property=\"og:url\" content=\"https:\/\/panwinjet.com\/fr\/produit\/60k-uhp-water-jet-cutting-hydro-blasting-pressure-measuring-gauge-wika-instruments\/\" \/>\n<meta property=\"og:site_name\" content=\"Panwin Machinery&amp;Equipment\" \/>\n<meta property=\"og:image\" content=\"https:\/\/panwinjet.com\/wp-content\/uploads\/2025\/11\/60Mpa-60Kpsi-UHP-Water-Pressure-Gauge-3-scaled.jpg\" \/>\n\t<meta property=\"og:image:width\" content=\"2560\" \/>\n\t<meta property=\"og:image:height\" content=\"1152\" \/>\n\t<meta property=\"og:image:type\" content=\"image\/jpeg\" \/>\n<meta name=\"twitter:card\" content=\"summary_large_image\" \/>\n<meta name=\"twitter:label1\" content=\"Dur\u00e9e de lecture estim\u00e9e\" \/>\n\t<meta name=\"twitter:data1\" content=\"1 minute\" \/>\n<script type=\"application\/ld+json\" class=\"yoast-schema-graph\">{\"@context\":\"https:\/\/schema.org\",\"@graph\":[{\"@type\":\"WebPage\",\"@id\":\"https:\/\/panwinjet.com\/product\/60k-uhp-water-jet-cutting-hydro-blasting-pressure-measuring-gauge-wika-instruments\/\",\"url\":\"https:\/\/panwinjet.com\/product\/60k-uhp-water-jet-cutting-hydro-blasting-pressure-measuring-gauge-wika-instruments\/\",\"name\":\"60K UHP Water-Jet Cutting Hydro-Blasting Pressure Measuring Gauge WIKA Instruments - Panwin Machinery&amp;Equipment\",\"isPartOf\":{\"@id\":\"https:\/\/panwinjet.com\/#website\"},\"primaryImageOfPage\":{\"@id\":\"https:\/\/panwinjet.com\/product\/60k-uhp-water-jet-cutting-hydro-blasting-pressure-measuring-gauge-wika-instruments\/#primaryimage\"},\"image\":{\"@id\":\"https:\/\/panwinjet.com\/product\/60k-uhp-water-jet-cutting-hydro-blasting-pressure-measuring-gauge-wika-instruments\/#primaryimage\"},\"thumbnailUrl\":\"https:\/\/panwinjet.com\/wp-content\/uploads\/2025\/11\/60Mpa-60Kpsi-UHP-Water-Pressure-Gauge-3-scaled.jpg\",\"datePublished\":\"2025-11-05T15:22:24+00:00\",\"breadcrumb\":{\"@id\":\"https:\/\/panwinjet.com\/product\/60k-uhp-water-jet-cutting-hydro-blasting-pressure-measuring-gauge-wika-instruments\/#breadcrumb\"},\"inLanguage\":\"fr-FR\",\"potentialAction\":[{\"@type\":\"ReadAction\",\"target\":[\"https:\/\/panwinjet.com\/product\/60k-uhp-water-jet-cutting-hydro-blasting-pressure-measuring-gauge-wika-instruments\/\"]}]},{\"@type\":\"ImageObject\",\"inLanguage\":\"fr-FR\",\"@id\":\"https:\/\/panwinjet.com\/product\/60k-uhp-water-jet-cutting-hydro-blasting-pressure-measuring-gauge-wika-instruments\/#primaryimage\",\"url\":\"https:\/\/panwinjet.com\/wp-content\/uploads\/2025\/11\/60Mpa-60Kpsi-UHP-Water-Pressure-Gauge-3-scaled.jpg\",\"contentUrl\":\"https:\/\/panwinjet.com\/wp-content\/uploads\/2025\/11\/60Mpa-60Kpsi-UHP-Water-Pressure-Gauge-3-scaled.jpg\",\"width\":2560,\"height\":1152},{\"@type\":\"BreadcrumbList\",\"@id\":\"https:\/\/panwinjet.com\/product\/60k-uhp-water-jet-cutting-hydro-blasting-pressure-measuring-gauge-wika-instruments\/#breadcrumb\",\"itemListElement\":[{\"@type\":\"ListItem\",\"position\":1,\"name\":\"\u9996\u9875\",\"item\":\"https:\/\/panwinjet.com\/\"},{\"@type\":\"ListItem\",\"position\":2,\"name\":\"PRODUCT\",\"item\":\"https:\/\/panwinjet.com\/product\/\"},{\"@type\":\"ListItem\",\"position\":3,\"name\":\"60K UHP Water-Jet Cutting Hydro-Blasting Pressure Measuring Gauge WIKA Instruments\"}]},{\"@type\":\"WebSite\",\"@id\":\"https:\/\/panwinjet.com\/#website\",\"url\":\"https:\/\/panwinjet.com\/\",\"name\":\"Panwin Machinery&amp;Equipment\",\"description\":\"Shenzhen Panwin Machinery&amp;Equipment Co.Ltd\",\"potentialAction\":[{\"@type\":\"SearchAction\",\"target\":{\"@type\":\"EntryPoint\",\"urlTemplate\":\"https:\/\/panwinjet.com\/?s={search_term_string}\"},\"query-input\":{\"@type\":\"PropertyValueSpecification\",\"valueRequired\":true,\"valueName\":\"search_term_string\"}}],\"inLanguage\":\"fr-FR\"}]}<\/script>\n<!-- \/ Yoast SEO plugin. -->","yoast_head_json":{"title":"60K UHP Water-Jet Cutting Hydro-Blasting Pressure Measuring Gauge WIKA Instruments - Panwin Machinery&amp;Equipment","robots":{"index":"index","follow":"follow","max-snippet":"max-snippet:-1","max-image-preview":"max-image-preview:large","max-video-preview":"max-video-preview:-1"},"canonical":"https:\/\/panwinjet.com\/fr\/produit\/60k-uhp-water-jet-cutting-hydro-blasting-pressure-measuring-gauge-wika-instruments\/","og_locale":"fr_FR","og_type":"article","og_title":"60K UHP Water-Jet Cutting Hydro-Blasting Pressure Measuring Gauge WIKA Instruments - Panwin Machinery&amp;Equipment","og_description":"We have two Type Of the UHP pressure Gauge Diameter:4inch and 6inch, pressure rate:0-60Kpsi, both Psi Mpa. Connection Version: BSP bottom connection, NPT bottom connection, BSP centre back connection, NPT centre back connection, NPT eccentric back connection.  Application: This 60K UHP Water-Jet Cutting Hydro-Blasting Measuring Instruments pressure gauges are used in power units, pumps, water treatment machines, presses, superchargers, turbines, Diesel engines, chemical, petrochemical and cooling systems, also in machines and devices in which pulsating pressure or mechanical vibrations are present.","og_url":"https:\/\/panwinjet.com\/fr\/produit\/60k-uhp-water-jet-cutting-hydro-blasting-pressure-measuring-gauge-wika-instruments\/","og_site_name":"Panwin Machinery&amp;Equipment","og_image":[{"width":2560,"height":1152,"url":"https:\/\/panwinjet.com\/wp-content\/uploads\/2025\/11\/60Mpa-60Kpsi-UHP-Water-Pressure-Gauge-3-scaled.jpg","type":"image\/jpeg"}],"twitter_card":"summary_large_image","twitter_misc":{"Dur\u00e9e de lecture estim\u00e9e":"1 minute"},"schema":{"@context":"https:\/\/schema.org","@graph":[{"@type":"WebPage","@id":"https:\/\/panwinjet.com\/product\/60k-uhp-water-jet-cutting-hydro-blasting-pressure-measuring-gauge-wika-instruments\/","url":"https:\/\/panwinjet.com\/product\/60k-uhp-water-jet-cutting-hydro-blasting-pressure-measuring-gauge-wika-instruments\/","name":"60K UHP Water-Jet Cutting Hydro-Blasting Pressure Measuring Gauge WIKA Instruments - Panwin Machinery&amp;Equipment","isPartOf":{"@id":"https:\/\/panwinjet.com\/#website"},"primaryImageOfPage":{"@id":"https:\/\/panwinjet.com\/product\/60k-uhp-water-jet-cutting-hydro-blasting-pressure-measuring-gauge-wika-instruments\/#primaryimage"},"image":{"@id":"https:\/\/panwinjet.com\/product\/60k-uhp-water-jet-cutting-hydro-blasting-pressure-measuring-gauge-wika-instruments\/#primaryimage"},"thumbnailUrl":"https:\/\/panwinjet.com\/wp-content\/uploads\/2025\/11\/60Mpa-60Kpsi-UHP-Water-Pressure-Gauge-3-scaled.jpg","datePublished":"2025-11-05T15:22:24+00:00","breadcrumb":{"@id":"https:\/\/panwinjet.com\/product\/60k-uhp-water-jet-cutting-hydro-blasting-pressure-measuring-gauge-wika-instruments\/#breadcrumb"},"inLanguage":"fr-FR","potentialAction":[{"@type":"ReadAction","target":["https:\/\/panwinjet.com\/product\/60k-uhp-water-jet-cutting-hydro-blasting-pressure-measuring-gauge-wika-instruments\/"]}]},{"@type":"ImageObject","inLanguage":"fr-FR","@id":"https:\/\/panwinjet.com\/product\/60k-uhp-water-jet-cutting-hydro-blasting-pressure-measuring-gauge-wika-instruments\/#primaryimage","url":"https:\/\/panwinjet.com\/wp-content\/uploads\/2025\/11\/60Mpa-60Kpsi-UHP-Water-Pressure-Gauge-3-scaled.jpg","contentUrl":"https:\/\/panwinjet.com\/wp-content\/uploads\/2025\/11\/60Mpa-60Kpsi-UHP-Water-Pressure-Gauge-3-scaled.jpg","width":2560,"height":1152},{"@type":"BreadcrumbList","@id":"https:\/\/panwinjet.com\/product\/60k-uhp-water-jet-cutting-hydro-blasting-pressure-measuring-gauge-wika-instruments\/#breadcrumb","itemListElement":[{"@type":"ListItem","position":1,"name":"\u9996\u9875","item":"https:\/\/panwinjet.com\/"},{"@type":"ListItem","position":2,"name":"PRODUCT","item":"https:\/\/panwinjet.com\/product\/"},{"@type":"ListItem","position":3,"name":"60K UHP Water-Jet Cutting Hydro-Blasting Pressure Measuring Gauge WIKA Instruments"}]},{"@type":"WebSite","@id":"https:\/\/panwinjet.com\/#website","url":"https:\/\/panwinjet.com\/","name":"Panwin Machinery&amp;Equipment","description":"Shenzhen Panwin Machinery&amp;Equipment Co.Ltd","potentialAction":[{"@type":"SearchAction","target":{"@type":"EntryPoint","urlTemplate":"https:\/\/panwinjet.com\/?s={search_term_string}"},"query-input":{"@type":"PropertyValueSpecification","valueRequired":true,"valueName":"search_term_string"}}],"inLanguage":"fr-FR"}]}},"_links":{"self":[{"href":"https:\/\/panwinjet.com\/fr\/wp-json\/wp\/v2\/product\/1813","targetHints":{"allow":["GET"]}}],"collection":[{"href":"https:\/\/panwinjet.com\/fr\/wp-json\/wp\/v2\/product"}],"about":[{"href":"https:\/\/panwinjet.com\/fr\/wp-json\/wp\/v2\/types\/product"}],"wp:featuredmedia":[{"embeddable":true,"href":"https:\/\/panwinjet.com\/fr\/wp-json\/wp\/v2\/media\/1815"}],"wp:attachment":[{"href":"https:\/\/panwinjet.com\/fr\/wp-json\/wp\/v2\/media?parent=1813"}],"wp:term":[{"taxonomy":"product_brand","embeddable":true,"href":"https:\/\/panwinjet.com\/fr\/wp-json\/wp\/v2\/product_brand?post=1813"},{"taxonomy":"product_cat","embeddable":true,"href":"https:\/\/panwinjet.com\/fr\/wp-json\/wp\/v2\/product_cat?post=1813"},{"taxonomy":"product_tag","embeddable":true,"href":"https:\/\/panwinjet.com\/fr\/wp-json\/wp\/v2\/product_tag?post=1813"}],"curies":[{"name":"wp","href":"https:\/\/api.w.org\/{rel}","templated":true}]}}