{"id":1771,"date":"2025-11-02T06:35:04","date_gmt":"2025-11-02T06:35:04","guid":{"rendered":"https:\/\/panwinjet.com\/?post_type=product&#038;p=1771"},"modified":"2025-11-02T06:40:26","modified_gmt":"2025-11-02T06:40:26","slug":"1771","status":"publish","type":"product","link":"https:\/\/panwinjet.com\/fr\/produit\/1771\/","title":{"rendered":"Nettoyeur haute pression \u00e0 eau de 3000 bars pour le nettoyage de coques de navires par robot chenill\u00e9, barre de pulv\u00e9risation pivotante"},"content":{"rendered":"<p>Lanceur \u00e0 eau UHP 3000 bars pour coque de crawler avec barre de pulv\u00e9risation pivotante<\/p>\n<p>1. Pr\u00e9sentation du produit : Rampe de pulv\u00e9risation multifonctionnelle pivotante pour coque de 4x4 \u00e0 jet d&#039;eau UHP 300 bars, con\u00e7ue pour le nettoyage des chenilles.<br \/>\nLa rampe de pulv\u00e9risation pivotante multifonctionnelle \u00e0 jet d&#039;eau UHP de 3\u00a0000\u00a0bars est con\u00e7ue pour le nettoyage de la coque des navires par robot, ainsi que pour le nettoyage des sols en b\u00e9ton et des surfaces en ciment UHP par robot et outils de nettoyage. La rampe de pulv\u00e9risation \u00e0 jet d&#039;eau hydrodynamique UHP de 2\u00a0800\u00a0bars est largement utilis\u00e9e pour le nettoyage de surfaces par jet d&#039;eau UHP, notamment pour les nettoyeurs de sols, le nettoyage de v\u00e9hicules, les robots chenill\u00e9s, etc. Un service sur mesure est disponible.<\/p>\n<div style=\"width: 1220px;\" class=\"wp-video\"><video class=\"wp-video-shortcode\" id=\"video-1771-1\" width=\"1220\" height=\"686\" preload=\"metadata\" controls=\"controls\"><source type=\"video\/mp4\" src=\"https:\/\/panwinjet.com\/wp-content\/uploads\/2025\/11\/3000Bar-UHP-Water-Blaster-Hull-Crawler-Spraying-Bar-Swivel-Testing.mp4?_=1\" \/><a href=\"https:\/\/panwinjet.com\/wp-content\/uploads\/2025\/11\/3000Bar-UHP-Water-Blaster-Hull-Crawler-Spraying-Bar-Swivel-Testing.mp4\">https:\/\/panwinjet.com\/wp-content\/uploads\/2025\/11\/3000Bar-UHP-Water-Blaster-Hull-Crawler-Spraying-Bar-Swivel-Testing.mp4<\/a><\/video><\/div>","protected":false},"excerpt":{"rendered":"<p>Cette barre de pulv\u00e9risation pivotante de 3000 bars poss\u00e8de principalement deux modes de montage : le montage par bride et le montage par serrage.<br \/>\nLa barre de pulv\u00e9risation pivotante du nettoyeur haute pression \u00e0 eau 3000 bars UHP pour coque de v\u00e9hicule tout-terrain pr\u00e9sente les caract\u00e9ristiques suivantes\u00a0:<br \/>\nA: Couverture \u00e9tendue et prise en main s\u00fbre<br \/>\nB : Motif d&#039;enl\u00e8vement uniforme sur toute la largeur de travail<br \/>\nC: Montage et entretien faciles<br \/>\nD : \u00c9pais et tr\u00e8s dense, il r\u00e9siste aux chocs violents lors du nettoyage de la coque du navire.<\/p>","protected":false},"featured_media":1774,"template":"","meta":[],"product_brand":[],"product_cat":[11,5],"product_tag":[78,77],"class_list":{"0":"post-1771","1":"product","2":"type-product","3":"status-publish","4":"has-post-thumbnail","6":"product_cat-ship-cleaning-device","7":"product_cat-uhp-rotating-nozzles","8":"product_tag-3000bar-uhp-water-blaster","9":"product_tag-multifunctional-hull-crawler-spraying-bar-swivel","11":"first","12":"instock","13":"shipping-taxable","14":"product-type-simple"},"yoast_head":"<!-- This site is optimized with the Yoast SEO plugin v24.9 - https:\/\/yoast.com\/wordpress\/plugins\/seo\/ -->\n<title>3000Bar UHP Water Blaster Hydro-Jetting Shipyard Hull Crawler Robot Cleaning Spraying Bar Swivel - Panwin Machinery&amp;Equipment<\/title>\n<meta name=\"robots\" content=\"index, follow, max-snippet:-1, max-image-preview:large, max-video-preview:-1\" \/>\n<link rel=\"canonical\" href=\"https:\/\/panwinjet.com\/fr\/produit\/1771\/\" \/>\n<meta property=\"og:locale\" content=\"fr_FR\" \/>\n<meta property=\"og:type\" content=\"article\" \/>\n<meta property=\"og:title\" content=\"3000Bar UHP Water Blaster Hydro-Jetting Shipyard Hull Crawler Robot Cleaning Spraying Bar Swivel - Panwin Machinery&amp;Equipment\" \/>\n<meta property=\"og:description\" content=\"This 3000Bar Spraying Bar Swivel mainly have two assembly way, Flange Mounting and Tightening Mounting Type. The 3000Bar UHP Water Blaster Hull Crawler Spraying Bar Swivel features: A: High area coverage and secure grip B:Uniform removal pattern across the entire working width C:Easy assembly and maintenance D: thickly strong in density endure hard Crash in Ship Hull cleaning\" \/>\n<meta property=\"og:url\" content=\"https:\/\/panwinjet.com\/fr\/produit\/1771\/\" \/>\n<meta property=\"og:site_name\" content=\"Panwin Machinery&amp;Equipment\" \/>\n<meta property=\"article:modified_time\" content=\"2025-11-02T06:40:26+00:00\" \/>\n<meta property=\"og:image\" content=\"https:\/\/panwinjet.com\/wp-content\/uploads\/2025\/11\/3000Bar-UHP-Water-Blaster-Hull-Crawler-Spraying-Bar-Swivel-5-scaled.jpg\" \/>\n\t<meta property=\"og:image:width\" content=\"2560\" \/>\n\t<meta property=\"og:image:height\" content=\"1152\" \/>\n\t<meta property=\"og:image:type\" content=\"image\/jpeg\" \/>\n<meta name=\"twitter:card\" content=\"summary_large_image\" \/>\n<meta name=\"twitter:label1\" content=\"Dur\u00e9e de lecture estim\u00e9e\" \/>\n\t<meta name=\"twitter:data1\" content=\"1 minute\" \/>\n<script type=\"application\/ld+json\" class=\"yoast-schema-graph\">{\"@context\":\"https:\/\/schema.org\",\"@graph\":[{\"@type\":\"WebPage\",\"@id\":\"https:\/\/panwinjet.com\/product\/1771\/\",\"url\":\"https:\/\/panwinjet.com\/product\/1771\/\",\"name\":\"3000Bar UHP Water Blaster Hydro-Jetting Shipyard Hull Crawler Robot Cleaning Spraying Bar Swivel - Panwin Machinery&amp;Equipment\",\"isPartOf\":{\"@id\":\"https:\/\/panwinjet.com\/#website\"},\"primaryImageOfPage\":{\"@id\":\"https:\/\/panwinjet.com\/product\/1771\/#primaryimage\"},\"image\":{\"@id\":\"https:\/\/panwinjet.com\/product\/1771\/#primaryimage\"},\"thumbnailUrl\":\"https:\/\/panwinjet.com\/wp-content\/uploads\/2025\/11\/3000Bar-UHP-Water-Blaster-Hull-Crawler-Spraying-Bar-Swivel-5-scaled.jpg\",\"datePublished\":\"2025-11-02T06:35:04+00:00\",\"dateModified\":\"2025-11-02T06:40:26+00:00\",\"breadcrumb\":{\"@id\":\"https:\/\/panwinjet.com\/product\/1771\/#breadcrumb\"},\"inLanguage\":\"fr-FR\",\"potentialAction\":[{\"@type\":\"ReadAction\",\"target\":[\"https:\/\/panwinjet.com\/product\/1771\/\"]}]},{\"@type\":\"ImageObject\",\"inLanguage\":\"fr-FR\",\"@id\":\"https:\/\/panwinjet.com\/product\/1771\/#primaryimage\",\"url\":\"https:\/\/panwinjet.com\/wp-content\/uploads\/2025\/11\/3000Bar-UHP-Water-Blaster-Hull-Crawler-Spraying-Bar-Swivel-5-scaled.jpg\",\"contentUrl\":\"https:\/\/panwinjet.com\/wp-content\/uploads\/2025\/11\/3000Bar-UHP-Water-Blaster-Hull-Crawler-Spraying-Bar-Swivel-5-scaled.jpg\",\"width\":2560,\"height\":1152},{\"@type\":\"BreadcrumbList\",\"@id\":\"https:\/\/panwinjet.com\/product\/1771\/#breadcrumb\",\"itemListElement\":[{\"@type\":\"ListItem\",\"position\":1,\"name\":\"\u9996\u9875\",\"item\":\"https:\/\/panwinjet.com\/\"},{\"@type\":\"ListItem\",\"position\":2,\"name\":\"PRODUCT\",\"item\":\"https:\/\/panwinjet.com\/product\/\"},{\"@type\":\"ListItem\",\"position\":3,\"name\":\"3000Bar UHP Water Blaster Hydro-Jetting Shipyard Hull Crawler Robot Cleaning Spraying Bar Swivel\"}]},{\"@type\":\"WebSite\",\"@id\":\"https:\/\/panwinjet.com\/#website\",\"url\":\"https:\/\/panwinjet.com\/\",\"name\":\"Panwin Machinery&amp;Equipment\",\"description\":\"Shenzhen Panwin Machinery&amp;Equipment Co.Ltd\",\"potentialAction\":[{\"@type\":\"SearchAction\",\"target\":{\"@type\":\"EntryPoint\",\"urlTemplate\":\"https:\/\/panwinjet.com\/?s={search_term_string}\"},\"query-input\":{\"@type\":\"PropertyValueSpecification\",\"valueRequired\":true,\"valueName\":\"search_term_string\"}}],\"inLanguage\":\"fr-FR\"}]}<\/script>\n<!-- \/ Yoast SEO plugin. -->","yoast_head_json":{"title":"3000Bar UHP Water Blaster Hydro-Jetting Shipyard Hull Crawler Robot Cleaning Spraying Bar Swivel - Panwin Machinery&amp;Equipment","robots":{"index":"index","follow":"follow","max-snippet":"max-snippet:-1","max-image-preview":"max-image-preview:large","max-video-preview":"max-video-preview:-1"},"canonical":"https:\/\/panwinjet.com\/fr\/produit\/1771\/","og_locale":"fr_FR","og_type":"article","og_title":"3000Bar UHP Water Blaster Hydro-Jetting Shipyard Hull Crawler Robot Cleaning Spraying Bar Swivel - Panwin Machinery&amp;Equipment","og_description":"This 3000Bar Spraying Bar Swivel mainly have two assembly way, Flange Mounting and Tightening Mounting Type. The 3000Bar UHP Water Blaster Hull Crawler Spraying Bar Swivel features: A: High area coverage and secure grip B:Uniform removal pattern across the entire working width C:Easy assembly and maintenance D: thickly strong in density endure hard Crash in Ship Hull cleaning","og_url":"https:\/\/panwinjet.com\/fr\/produit\/1771\/","og_site_name":"Panwin Machinery&amp;Equipment","article_modified_time":"2025-11-02T06:40:26+00:00","og_image":[{"width":2560,"height":1152,"url":"https:\/\/panwinjet.com\/wp-content\/uploads\/2025\/11\/3000Bar-UHP-Water-Blaster-Hull-Crawler-Spraying-Bar-Swivel-5-scaled.jpg","type":"image\/jpeg"}],"twitter_card":"summary_large_image","twitter_misc":{"Dur\u00e9e de lecture estim\u00e9e":"1 minute"},"schema":{"@context":"https:\/\/schema.org","@graph":[{"@type":"WebPage","@id":"https:\/\/panwinjet.com\/product\/1771\/","url":"https:\/\/panwinjet.com\/product\/1771\/","name":"3000Bar UHP Water Blaster Hydro-Jetting Shipyard Hull Crawler Robot Cleaning Spraying Bar Swivel - Panwin Machinery&amp;Equipment","isPartOf":{"@id":"https:\/\/panwinjet.com\/#website"},"primaryImageOfPage":{"@id":"https:\/\/panwinjet.com\/product\/1771\/#primaryimage"},"image":{"@id":"https:\/\/panwinjet.com\/product\/1771\/#primaryimage"},"thumbnailUrl":"https:\/\/panwinjet.com\/wp-content\/uploads\/2025\/11\/3000Bar-UHP-Water-Blaster-Hull-Crawler-Spraying-Bar-Swivel-5-scaled.jpg","datePublished":"2025-11-02T06:35:04+00:00","dateModified":"2025-11-02T06:40:26+00:00","breadcrumb":{"@id":"https:\/\/panwinjet.com\/product\/1771\/#breadcrumb"},"inLanguage":"fr-FR","potentialAction":[{"@type":"ReadAction","target":["https:\/\/panwinjet.com\/product\/1771\/"]}]},{"@type":"ImageObject","inLanguage":"fr-FR","@id":"https:\/\/panwinjet.com\/product\/1771\/#primaryimage","url":"https:\/\/panwinjet.com\/wp-content\/uploads\/2025\/11\/3000Bar-UHP-Water-Blaster-Hull-Crawler-Spraying-Bar-Swivel-5-scaled.jpg","contentUrl":"https:\/\/panwinjet.com\/wp-content\/uploads\/2025\/11\/3000Bar-UHP-Water-Blaster-Hull-Crawler-Spraying-Bar-Swivel-5-scaled.jpg","width":2560,"height":1152},{"@type":"BreadcrumbList","@id":"https:\/\/panwinjet.com\/product\/1771\/#breadcrumb","itemListElement":[{"@type":"ListItem","position":1,"name":"\u9996\u9875","item":"https:\/\/panwinjet.com\/"},{"@type":"ListItem","position":2,"name":"PRODUCT","item":"https:\/\/panwinjet.com\/product\/"},{"@type":"ListItem","position":3,"name":"3000Bar UHP Water Blaster Hydro-Jetting Shipyard Hull Crawler Robot Cleaning Spraying Bar Swivel"}]},{"@type":"WebSite","@id":"https:\/\/panwinjet.com\/#website","url":"https:\/\/panwinjet.com\/","name":"Panwin Machinery&amp;Equipment","description":"Shenzhen Panwin Machinery&amp;Equipment Co.Ltd","potentialAction":[{"@type":"SearchAction","target":{"@type":"EntryPoint","urlTemplate":"https:\/\/panwinjet.com\/?s={search_term_string}"},"query-input":{"@type":"PropertyValueSpecification","valueRequired":true,"valueName":"search_term_string"}}],"inLanguage":"fr-FR"}]}},"_links":{"self":[{"href":"https:\/\/panwinjet.com\/fr\/wp-json\/wp\/v2\/product\/1771","targetHints":{"allow":["GET"]}}],"collection":[{"href":"https:\/\/panwinjet.com\/fr\/wp-json\/wp\/v2\/product"}],"about":[{"href":"https:\/\/panwinjet.com\/fr\/wp-json\/wp\/v2\/types\/product"}],"wp:featuredmedia":[{"embeddable":true,"href":"https:\/\/panwinjet.com\/fr\/wp-json\/wp\/v2\/media\/1774"}],"wp:attachment":[{"href":"https:\/\/panwinjet.com\/fr\/wp-json\/wp\/v2\/media?parent=1771"}],"wp:term":[{"taxonomy":"product_brand","embeddable":true,"href":"https:\/\/panwinjet.com\/fr\/wp-json\/wp\/v2\/product_brand?post=1771"},{"taxonomy":"product_cat","embeddable":true,"href":"https:\/\/panwinjet.com\/fr\/wp-json\/wp\/v2\/product_cat?post=1771"},{"taxonomy":"product_tag","embeddable":true,"href":"https:\/\/panwinjet.com\/fr\/wp-json\/wp\/v2\/product_tag?post=1771"}],"curies":[{"name":"wp","href":"https:\/\/api.w.org\/{rel}","templated":true}]}}