{"id":1765,"date":"2025-11-02T06:10:23","date_gmt":"2025-11-02T06:10:23","guid":{"rendered":"https:\/\/panwinjet.com\/?post_type=product&#038;p=1765"},"modified":"2025-11-02T06:15:00","modified_gmt":"2025-11-02T06:15:00","slug":"15kpsi-uhp-pressured-big-flow-hydro-jet-1000bar-triplex-plunger-pump-cleaning-equipment-parts-jetstream-style-bapass-53920","status":"publish","type":"product","link":"https:\/\/panwinjet.com\/fr\/produit\/15kpsi-uhp-pressured-big-flow-hydro-jet-1000bar-triplex-plunger-pump-cleaning-equipment-parts-jetstream-style-bapass-53920\/","title":{"rendered":"Pi\u00e8ces d\u00e9tach\u00e9es pour \u00e9quipement de nettoyage de pompe \u00e0 piston triplex \u00e0 jet d&#039;eau haute pression (15 000 psi) et \u00e0 grand d\u00e9bit (1 000 bar) - Style Jetstream BaPass 53920"},"content":{"rendered":"<p>Pi\u00e8ces d\u00e9tach\u00e9es pour \u00e9quipement de nettoyage de pompe \u00e0 piston triplex \u00e0 jet d&#039;eau haute pression (15 000 psi) et \u00e0 grand d\u00e9bit (1 000 bar) - Style Jetstream BaPass 53920<\/p>\n<p>Nous vous vendons les pi\u00e8ces d&#039;\u00e9quipement de nettoyage de pompe \u00e0 piston triplex Jetstream Style BaPass 53920, \u00e0 pression UHP de 15 000 psi et \u00e0 grand d\u00e9bit hydro-jet 1000 Bar.<br \/>\nCe syst\u00e8me de d\u00e9rivation Jetstream Style ByPas 53920 de 15 000 psi est extr\u00eamement r\u00e9sistant \u00e0 l&#039;usure et son traitement durci rend l&#039;ensemble du corps de vanne UHP Water Blaster ByPass non seulement r\u00e9sistant \u00e0 l&#039;usure et durable, mais maintient \u00e9galement le corps de vanne propre et durable.<\/p>","protected":false},"excerpt":{"rendered":"<p><em>Caract\u00e9ristiques et applications du produit\u00a0: Pompe \u00e0 piston triplex \u00e0 grand d\u00e9bit et pression UHP de 15\u00a0000\u00a0bar pour le nettoyage d&#039;\u00e9quipements, style Jetstream BaPass 53920<\/em><br \/>\nNous vous fournissons les pi\u00e8ces d\u00e9tach\u00e9es pour l&#039;\u00e9quipement de nettoyage de la pompe \u00e0 piston triplex \u00e0 grand d\u00e9bit et pression UHP de 15\u00a0000\u00a0bars, de style Jetstream, BaPass 53920, avec la cartouche de d\u00e9rivation Jetstream 15K, r\u00e9f\u00e9rence 50234. Cette cartouche est utilis\u00e9e pour l&#039;extr\u00e9mit\u00e9 fluide standard Jetstream de 15\u00a0000\u00a0bars. Il s&#039;agit d&#039;une vanne de d\u00e9rivation unique et exceptionnellement avanc\u00e9e, dot\u00e9e de caract\u00e9ristiques sup\u00e9rieures de durabilit\u00e9 et d&#039;excellente qualit\u00e9.<\/p>","protected":false},"featured_media":1769,"template":"","meta":[],"product_brand":[],"product_cat":[8,9,7,10,11],"product_tag":[76,75],"class_list":{"0":"post-1765","1":"product","2":"type-product","3":"status-publish","4":"has-post-thumbnail","6":"product_cat-giant-tank-cleaningcutting-device","7":"product_cat-heat-exchanger-cleaning-device","8":"product_cat-jetstream-pump-fluid-end-compatibe-parts","9":"product_cat-pipeline-tube-uhp-water-blasting-cleaning-device","10":"product_cat-ship-cleaning-device","11":"product_tag-bypass-cartridge-no-50234","12":"product_tag-jetstream-style-by-pass-53920","14":"first","15":"instock","16":"shipping-taxable","17":"product-type-simple"},"yoast_head":"<!-- This site is optimized with the Yoast SEO plugin v24.9 - https:\/\/yoast.com\/wordpress\/plugins\/seo\/ -->\n<title>15Kpsi UHP pressured big flow hydro-jet 1000Bar triplex plunger pump cleaning equipment parts Jetstream Style BaPass 53920 - Panwin Machinery&amp;Equipment<\/title>\n<meta name=\"robots\" content=\"index, follow, max-snippet:-1, max-image-preview:large, max-video-preview:-1\" \/>\n<link rel=\"canonical\" href=\"https:\/\/panwinjet.com\/fr\/produit\/15kpsi-uhp-pressured-big-flow-hydro-jet-1000bar-triplex-plunger-pump-cleaning-equipment-parts-jetstream-style-bapass-53920\/\" \/>\n<meta property=\"og:locale\" content=\"fr_FR\" \/>\n<meta property=\"og:type\" content=\"article\" \/>\n<meta property=\"og:title\" content=\"15Kpsi UHP pressured big flow hydro-jet 1000Bar triplex plunger pump cleaning equipment parts Jetstream Style BaPass 53920 - Panwin Machinery&amp;Equipment\" \/>\n<meta property=\"og:description\" content=\"Product Feature And Application of 15Kpsi UHP pressured big flow hydro-jet 1000Bar triplex plunger pump cleaning equipment parts Jetstream Style BaPass 53920 We Supply you the 15Kpsi UHP pressured big flow hydro-jet 1000Bar triplex plunger pump cleaning equipment parts Jetstream Style BaPass 53920 with Jetstream 15K ByPass Cartridge Parts No.50234 is used for the Jetstream 15Kpsi Fluid End standard Jetstream unit, it is unique and outstandingly advanced bypass Valve, and it has these superior Durable and excellent quality features.\" \/>\n<meta property=\"og:url\" content=\"https:\/\/panwinjet.com\/fr\/produit\/15kpsi-uhp-pressured-big-flow-hydro-jet-1000bar-triplex-plunger-pump-cleaning-equipment-parts-jetstream-style-bapass-53920\/\" \/>\n<meta property=\"og:site_name\" content=\"Panwin Machinery&amp;Equipment\" \/>\n<meta property=\"article:modified_time\" content=\"2025-11-02T06:15:00+00:00\" \/>\n<meta property=\"og:image\" content=\"https:\/\/panwinjet.com\/wp-content\/uploads\/2025\/11\/53920-15K-ByPass-Valve.png\" \/>\n\t<meta property=\"og:image:width\" content=\"1080\" \/>\n\t<meta property=\"og:image:height\" content=\"1920\" \/>\n\t<meta property=\"og:image:type\" content=\"image\/png\" \/>\n<meta name=\"twitter:card\" content=\"summary_large_image\" \/>\n<meta name=\"twitter:label1\" content=\"Dur\u00e9e de lecture estim\u00e9e\" \/>\n\t<meta name=\"twitter:data1\" content=\"1 minute\" \/>\n<script type=\"application\/ld+json\" class=\"yoast-schema-graph\">{\"@context\":\"https:\/\/schema.org\",\"@graph\":[{\"@type\":\"WebPage\",\"@id\":\"https:\/\/panwinjet.com\/product\/15kpsi-uhp-pressured-big-flow-hydro-jet-1000bar-triplex-plunger-pump-cleaning-equipment-parts-jetstream-style-bapass-53920\/\",\"url\":\"https:\/\/panwinjet.com\/product\/15kpsi-uhp-pressured-big-flow-hydro-jet-1000bar-triplex-plunger-pump-cleaning-equipment-parts-jetstream-style-bapass-53920\/\",\"name\":\"15Kpsi UHP pressured big flow hydro-jet 1000Bar triplex plunger pump cleaning equipment parts Jetstream Style BaPass 53920 - Panwin Machinery&amp;Equipment\",\"isPartOf\":{\"@id\":\"https:\/\/panwinjet.com\/#website\"},\"primaryImageOfPage\":{\"@id\":\"https:\/\/panwinjet.com\/product\/15kpsi-uhp-pressured-big-flow-hydro-jet-1000bar-triplex-plunger-pump-cleaning-equipment-parts-jetstream-style-bapass-53920\/#primaryimage\"},\"image\":{\"@id\":\"https:\/\/panwinjet.com\/product\/15kpsi-uhp-pressured-big-flow-hydro-jet-1000bar-triplex-plunger-pump-cleaning-equipment-parts-jetstream-style-bapass-53920\/#primaryimage\"},\"thumbnailUrl\":\"https:\/\/panwinjet.com\/wp-content\/uploads\/2025\/11\/53920-15K-ByPass-Valve.png\",\"datePublished\":\"2025-11-02T06:10:23+00:00\",\"dateModified\":\"2025-11-02T06:15:00+00:00\",\"breadcrumb\":{\"@id\":\"https:\/\/panwinjet.com\/product\/15kpsi-uhp-pressured-big-flow-hydro-jet-1000bar-triplex-plunger-pump-cleaning-equipment-parts-jetstream-style-bapass-53920\/#breadcrumb\"},\"inLanguage\":\"fr-FR\",\"potentialAction\":[{\"@type\":\"ReadAction\",\"target\":[\"https:\/\/panwinjet.com\/product\/15kpsi-uhp-pressured-big-flow-hydro-jet-1000bar-triplex-plunger-pump-cleaning-equipment-parts-jetstream-style-bapass-53920\/\"]}]},{\"@type\":\"ImageObject\",\"inLanguage\":\"fr-FR\",\"@id\":\"https:\/\/panwinjet.com\/product\/15kpsi-uhp-pressured-big-flow-hydro-jet-1000bar-triplex-plunger-pump-cleaning-equipment-parts-jetstream-style-bapass-53920\/#primaryimage\",\"url\":\"https:\/\/panwinjet.com\/wp-content\/uploads\/2025\/11\/53920-15K-ByPass-Valve.png\",\"contentUrl\":\"https:\/\/panwinjet.com\/wp-content\/uploads\/2025\/11\/53920-15K-ByPass-Valve.png\",\"width\":1080,\"height\":1920},{\"@type\":\"BreadcrumbList\",\"@id\":\"https:\/\/panwinjet.com\/product\/15kpsi-uhp-pressured-big-flow-hydro-jet-1000bar-triplex-plunger-pump-cleaning-equipment-parts-jetstream-style-bapass-53920\/#breadcrumb\",\"itemListElement\":[{\"@type\":\"ListItem\",\"position\":1,\"name\":\"\u9996\u9875\",\"item\":\"https:\/\/panwinjet.com\/\"},{\"@type\":\"ListItem\",\"position\":2,\"name\":\"PRODUCT\",\"item\":\"https:\/\/panwinjet.com\/product\/\"},{\"@type\":\"ListItem\",\"position\":3,\"name\":\"15Kpsi UHP pressured big flow hydro-jet 1000Bar triplex plunger pump cleaning equipment parts Jetstream Style BaPass 53920\"}]},{\"@type\":\"WebSite\",\"@id\":\"https:\/\/panwinjet.com\/#website\",\"url\":\"https:\/\/panwinjet.com\/\",\"name\":\"Panwin Machinery&amp;Equipment\",\"description\":\"Shenzhen Panwin Machinery&amp;Equipment Co.Ltd\",\"potentialAction\":[{\"@type\":\"SearchAction\",\"target\":{\"@type\":\"EntryPoint\",\"urlTemplate\":\"https:\/\/panwinjet.com\/?s={search_term_string}\"},\"query-input\":{\"@type\":\"PropertyValueSpecification\",\"valueRequired\":true,\"valueName\":\"search_term_string\"}}],\"inLanguage\":\"fr-FR\"}]}<\/script>\n<!-- \/ Yoast SEO plugin. -->","yoast_head_json":{"title":"15Kpsi UHP pressured big flow hydro-jet 1000Bar triplex plunger pump cleaning equipment parts Jetstream Style BaPass 53920 - Panwin Machinery&amp;Equipment","robots":{"index":"index","follow":"follow","max-snippet":"max-snippet:-1","max-image-preview":"max-image-preview:large","max-video-preview":"max-video-preview:-1"},"canonical":"https:\/\/panwinjet.com\/fr\/produit\/15kpsi-uhp-pressured-big-flow-hydro-jet-1000bar-triplex-plunger-pump-cleaning-equipment-parts-jetstream-style-bapass-53920\/","og_locale":"fr_FR","og_type":"article","og_title":"15Kpsi UHP pressured big flow hydro-jet 1000Bar triplex plunger pump cleaning equipment parts Jetstream Style BaPass 53920 - Panwin Machinery&amp;Equipment","og_description":"Product Feature And Application of 15Kpsi UHP pressured big flow hydro-jet 1000Bar triplex plunger pump cleaning equipment parts Jetstream Style BaPass 53920 We Supply you the 15Kpsi UHP pressured big flow hydro-jet 1000Bar triplex plunger pump cleaning equipment parts Jetstream Style BaPass 53920 with Jetstream 15K ByPass Cartridge Parts No.50234 is used for the Jetstream 15Kpsi Fluid End standard Jetstream unit, it is unique and outstandingly advanced bypass Valve, and it has these superior Durable and excellent quality features.","og_url":"https:\/\/panwinjet.com\/fr\/produit\/15kpsi-uhp-pressured-big-flow-hydro-jet-1000bar-triplex-plunger-pump-cleaning-equipment-parts-jetstream-style-bapass-53920\/","og_site_name":"Panwin Machinery&amp;Equipment","article_modified_time":"2025-11-02T06:15:00+00:00","og_image":[{"width":1080,"height":1920,"url":"https:\/\/panwinjet.com\/wp-content\/uploads\/2025\/11\/53920-15K-ByPass-Valve.png","type":"image\/png"}],"twitter_card":"summary_large_image","twitter_misc":{"Dur\u00e9e de lecture estim\u00e9e":"1 minute"},"schema":{"@context":"https:\/\/schema.org","@graph":[{"@type":"WebPage","@id":"https:\/\/panwinjet.com\/product\/15kpsi-uhp-pressured-big-flow-hydro-jet-1000bar-triplex-plunger-pump-cleaning-equipment-parts-jetstream-style-bapass-53920\/","url":"https:\/\/panwinjet.com\/product\/15kpsi-uhp-pressured-big-flow-hydro-jet-1000bar-triplex-plunger-pump-cleaning-equipment-parts-jetstream-style-bapass-53920\/","name":"15Kpsi UHP pressured big flow hydro-jet 1000Bar triplex plunger pump cleaning equipment parts Jetstream Style BaPass 53920 - Panwin Machinery&amp;Equipment","isPartOf":{"@id":"https:\/\/panwinjet.com\/#website"},"primaryImageOfPage":{"@id":"https:\/\/panwinjet.com\/product\/15kpsi-uhp-pressured-big-flow-hydro-jet-1000bar-triplex-plunger-pump-cleaning-equipment-parts-jetstream-style-bapass-53920\/#primaryimage"},"image":{"@id":"https:\/\/panwinjet.com\/product\/15kpsi-uhp-pressured-big-flow-hydro-jet-1000bar-triplex-plunger-pump-cleaning-equipment-parts-jetstream-style-bapass-53920\/#primaryimage"},"thumbnailUrl":"https:\/\/panwinjet.com\/wp-content\/uploads\/2025\/11\/53920-15K-ByPass-Valve.png","datePublished":"2025-11-02T06:10:23+00:00","dateModified":"2025-11-02T06:15:00+00:00","breadcrumb":{"@id":"https:\/\/panwinjet.com\/product\/15kpsi-uhp-pressured-big-flow-hydro-jet-1000bar-triplex-plunger-pump-cleaning-equipment-parts-jetstream-style-bapass-53920\/#breadcrumb"},"inLanguage":"fr-FR","potentialAction":[{"@type":"ReadAction","target":["https:\/\/panwinjet.com\/product\/15kpsi-uhp-pressured-big-flow-hydro-jet-1000bar-triplex-plunger-pump-cleaning-equipment-parts-jetstream-style-bapass-53920\/"]}]},{"@type":"ImageObject","inLanguage":"fr-FR","@id":"https:\/\/panwinjet.com\/product\/15kpsi-uhp-pressured-big-flow-hydro-jet-1000bar-triplex-plunger-pump-cleaning-equipment-parts-jetstream-style-bapass-53920\/#primaryimage","url":"https:\/\/panwinjet.com\/wp-content\/uploads\/2025\/11\/53920-15K-ByPass-Valve.png","contentUrl":"https:\/\/panwinjet.com\/wp-content\/uploads\/2025\/11\/53920-15K-ByPass-Valve.png","width":1080,"height":1920},{"@type":"BreadcrumbList","@id":"https:\/\/panwinjet.com\/product\/15kpsi-uhp-pressured-big-flow-hydro-jet-1000bar-triplex-plunger-pump-cleaning-equipment-parts-jetstream-style-bapass-53920\/#breadcrumb","itemListElement":[{"@type":"ListItem","position":1,"name":"\u9996\u9875","item":"https:\/\/panwinjet.com\/"},{"@type":"ListItem","position":2,"name":"PRODUCT","item":"https:\/\/panwinjet.com\/product\/"},{"@type":"ListItem","position":3,"name":"15Kpsi UHP pressured big flow hydro-jet 1000Bar triplex plunger pump cleaning equipment parts Jetstream Style BaPass 53920"}]},{"@type":"WebSite","@id":"https:\/\/panwinjet.com\/#website","url":"https:\/\/panwinjet.com\/","name":"Panwin Machinery&amp;Equipment","description":"Shenzhen Panwin Machinery&amp;Equipment Co.Ltd","potentialAction":[{"@type":"SearchAction","target":{"@type":"EntryPoint","urlTemplate":"https:\/\/panwinjet.com\/?s={search_term_string}"},"query-input":{"@type":"PropertyValueSpecification","valueRequired":true,"valueName":"search_term_string"}}],"inLanguage":"fr-FR"}]}},"_links":{"self":[{"href":"https:\/\/panwinjet.com\/fr\/wp-json\/wp\/v2\/product\/1765","targetHints":{"allow":["GET"]}}],"collection":[{"href":"https:\/\/panwinjet.com\/fr\/wp-json\/wp\/v2\/product"}],"about":[{"href":"https:\/\/panwinjet.com\/fr\/wp-json\/wp\/v2\/types\/product"}],"wp:featuredmedia":[{"embeddable":true,"href":"https:\/\/panwinjet.com\/fr\/wp-json\/wp\/v2\/media\/1769"}],"wp:attachment":[{"href":"https:\/\/panwinjet.com\/fr\/wp-json\/wp\/v2\/media?parent=1765"}],"wp:term":[{"taxonomy":"product_brand","embeddable":true,"href":"https:\/\/panwinjet.com\/fr\/wp-json\/wp\/v2\/product_brand?post=1765"},{"taxonomy":"product_cat","embeddable":true,"href":"https:\/\/panwinjet.com\/fr\/wp-json\/wp\/v2\/product_cat?post=1765"},{"taxonomy":"product_tag","embeddable":true,"href":"https:\/\/panwinjet.com\/fr\/wp-json\/wp\/v2\/product_tag?post=1765"}],"curies":[{"name":"wp","href":"https:\/\/api.w.org\/{rel}","templated":true}]}}