{"id":1756,"date":"2025-11-01T09:03:43","date_gmt":"2025-11-01T09:03:43","guid":{"rendered":"https:\/\/panwinjet.com\/?post_type=product&#038;p=1756"},"modified":"2025-11-01T09:03:43","modified_gmt":"2025-11-01T09:03:43","slug":"china-supplier-uhp-hydro-jetting-triplex-plunger-pump-hydro-jet-drain-machine-jetstream-bypass-cartridge-50234","status":"publish","type":"product","link":"https:\/\/panwinjet.com\/fr\/produit\/china-supplier-uhp-hydro-jetting-triplex-plunger-pump-hydro-jet-drain-machine-jetstream-bypass-cartridge-50234\/","title":{"rendered":"Fournisseur chinois de pompes \u00e0 piston triplex UHP pour hydrojet, machine de drainage par hydrojet, cartouche de d\u00e9rivation Jetstream-50234"},"content":{"rendered":"<p>Caract\u00e9ristiques et applications du produit\u00a0: Pompe \u00e0 piston triplex UHP pour hydrojet de drainage, machine \u00e0 jet d&#039;eau hydrodynamique, cartouche de d\u00e9rivation Jetstream-50234 (fournisseur chinois)<br \/>\n2.Cette pompe \u00e0 piston triplex UHP Hydro-Jetting de fournisseur chinois, machine de drainage \u00e0 jet d&#039;eau hydrojet, cartouche de d\u00e9rivation Jetstream-50234, est avec un d\u00e9rivation Jetstream n\u00b0 53920 de 15 000 psi.<br \/>\nLes cartouches de d\u00e9rivation 50234-Jetstream Style 15k avec ensemble de disque de rupture Jetstream 15K-Jetstream No.52144 sont compatibles avec l&#039;unit\u00e9 Jetsteam 15K ou la pompe \u00e0 arbre nu.<\/p>\n<div style=\"width: 1220px;\" class=\"wp-video\"><video class=\"wp-video-shortcode\" id=\"video-1756-1\" width=\"1220\" height=\"686\" preload=\"metadata\" controls=\"controls\"><source type=\"video\/mp4\" src=\"https:\/\/panwinjet.com\/wp-content\/uploads\/2025\/11\/Spraing-Bar-Test.mp4?_=1\" \/><a href=\"https:\/\/panwinjet.com\/wp-content\/uploads\/2025\/11\/Spraing-Bar-Test.mp4\">https:\/\/panwinjet.com\/wp-content\/uploads\/2025\/11\/Spraing-Bar-Test.mp4<\/a><\/video><\/div>","protected":false},"excerpt":{"rendered":"<p>Fournisseur chinois de syst\u00e8mes d&#039;hydrojet UHP<br \/>\nPompe \u00e0 piston triplex, machine de d\u00e9bouchage \u00e0 jet d&#039;eau hydrodynamique, cartouche de d\u00e9rivation Jetstream-50234<\/p>\n<p>1. Pr\u00e9sentation du produit\u00a0: Pompe \u00e0 piston triplex UHP pour hydrojet, machine de drainage par hydrojet, cartouche de d\u00e9rivation Jetstream - 50234 (fournisseur chinois)<br \/>\nCe fournisseur chinois utilise l&#039;hydrojet UHP.<br \/>\nCartouche de d\u00e9rivation Jetstream pour pompe \u00e0 piston triplex et machine de d\u00e9bouchage \u00e0 jet d&#039;eau - Compatible avec la pi\u00e8ce Jetstream n\u00b0 53725. Cette cartouche de valve facilement rempla\u00e7able permet \u00e0 l&#039;utilisateur de reconstruire enti\u00e8rement la valve en quelques minutes seulement.<\/p>","protected":false},"featured_media":1758,"template":"","meta":[],"product_brand":[],"product_cat":[8,7,10,11,5],"product_tag":[71,72],"class_list":{"0":"post-1756","1":"product","2":"type-product","3":"status-publish","4":"has-post-thumbnail","6":"product_cat-giant-tank-cleaningcutting-device","7":"product_cat-jetstream-pump-fluid-end-compatibe-parts","8":"product_cat-pipeline-tube-uhp-water-blasting-cleaning-device","9":"product_cat-ship-cleaning-device","10":"product_cat-uhp-rotating-nozzles","11":"product_tag-jetstream-55630-3040-uni-valve","12":"product_tag-jetstream-bypass-cartridge-50234","14":"first","15":"instock","16":"shipping-taxable","17":"product-type-simple"},"yoast_head":"<!-- This site is optimized with the Yoast SEO plugin v24.9 - https:\/\/yoast.com\/wordpress\/plugins\/seo\/ -->\n<title>China Supplier UHP Hydro-Jetting triplex plunger pump hydro jet drain machine Jetstream ByPass Cartridge-50234 - Panwin Machinery&amp;Equipment<\/title>\n<meta name=\"robots\" content=\"index, follow, max-snippet:-1, max-image-preview:large, max-video-preview:-1\" \/>\n<link rel=\"canonical\" href=\"https:\/\/panwinjet.com\/fr\/produit\/china-supplier-uhp-hydro-jetting-triplex-plunger-pump-hydro-jet-drain-machine-jetstream-bypass-cartridge-50234\/\" \/>\n<meta property=\"og:locale\" content=\"fr_FR\" \/>\n<meta property=\"og:type\" content=\"article\" \/>\n<meta property=\"og:title\" content=\"China Supplier UHP Hydro-Jetting triplex plunger pump hydro jet drain machine Jetstream ByPass Cartridge-50234 - Panwin Machinery&amp;Equipment\" \/>\n<meta property=\"og:description\" content=\"China Supplier UHP Hydro-Jetting triplex plunger pump hydro jet drain machine Jetstream ByPass Cartridge-50234  1.Product Introduction of China Supplier UHP Hydro-Jetting triplex plunger pump hydro jet drain machine Jetstream ByPass Cartridge-50234 This China Supplier UHP Hydro-Jetting triplex plunger pump hydro jet drain machine Jetstream ByPass Cartridge- is Compatible with Jetstream Part No. 53725. it is Easily replaceable valve cartridge enables the user to completely re-build the valve in about just few minutes.\" \/>\n<meta property=\"og:url\" content=\"https:\/\/panwinjet.com\/fr\/produit\/china-supplier-uhp-hydro-jetting-triplex-plunger-pump-hydro-jet-drain-machine-jetstream-bypass-cartridge-50234\/\" \/>\n<meta property=\"og:site_name\" content=\"Panwin Machinery&amp;Equipment\" \/>\n<meta property=\"og:image\" content=\"https:\/\/panwinjet.com\/wp-content\/uploads\/2025\/11\/50234-15K-ByPass-Cartridges.png\" \/>\n\t<meta property=\"og:image:width\" content=\"563\" \/>\n\t<meta property=\"og:image:height\" content=\"1000\" \/>\n\t<meta property=\"og:image:type\" content=\"image\/png\" \/>\n<meta name=\"twitter:card\" content=\"summary_large_image\" \/>\n<meta name=\"twitter:label1\" content=\"Dur\u00e9e de lecture estim\u00e9e\" \/>\n\t<meta name=\"twitter:data1\" content=\"1 minute\" \/>\n<script type=\"application\/ld+json\" class=\"yoast-schema-graph\">{\"@context\":\"https:\/\/schema.org\",\"@graph\":[{\"@type\":\"WebPage\",\"@id\":\"https:\/\/panwinjet.com\/product\/china-supplier-uhp-hydro-jetting-triplex-plunger-pump-hydro-jet-drain-machine-jetstream-bypass-cartridge-50234\/\",\"url\":\"https:\/\/panwinjet.com\/product\/china-supplier-uhp-hydro-jetting-triplex-plunger-pump-hydro-jet-drain-machine-jetstream-bypass-cartridge-50234\/\",\"name\":\"China Supplier UHP Hydro-Jetting triplex plunger pump hydro jet drain machine Jetstream ByPass Cartridge-50234 - Panwin Machinery&amp;Equipment\",\"isPartOf\":{\"@id\":\"https:\/\/panwinjet.com\/#website\"},\"primaryImageOfPage\":{\"@id\":\"https:\/\/panwinjet.com\/product\/china-supplier-uhp-hydro-jetting-triplex-plunger-pump-hydro-jet-drain-machine-jetstream-bypass-cartridge-50234\/#primaryimage\"},\"image\":{\"@id\":\"https:\/\/panwinjet.com\/product\/china-supplier-uhp-hydro-jetting-triplex-plunger-pump-hydro-jet-drain-machine-jetstream-bypass-cartridge-50234\/#primaryimage\"},\"thumbnailUrl\":\"https:\/\/panwinjet.com\/wp-content\/uploads\/2025\/11\/50234-15K-ByPass-Cartridges.png\",\"datePublished\":\"2025-11-01T09:03:43+00:00\",\"breadcrumb\":{\"@id\":\"https:\/\/panwinjet.com\/product\/china-supplier-uhp-hydro-jetting-triplex-plunger-pump-hydro-jet-drain-machine-jetstream-bypass-cartridge-50234\/#breadcrumb\"},\"inLanguage\":\"fr-FR\",\"potentialAction\":[{\"@type\":\"ReadAction\",\"target\":[\"https:\/\/panwinjet.com\/product\/china-supplier-uhp-hydro-jetting-triplex-plunger-pump-hydro-jet-drain-machine-jetstream-bypass-cartridge-50234\/\"]}]},{\"@type\":\"ImageObject\",\"inLanguage\":\"fr-FR\",\"@id\":\"https:\/\/panwinjet.com\/product\/china-supplier-uhp-hydro-jetting-triplex-plunger-pump-hydro-jet-drain-machine-jetstream-bypass-cartridge-50234\/#primaryimage\",\"url\":\"https:\/\/panwinjet.com\/wp-content\/uploads\/2025\/11\/50234-15K-ByPass-Cartridges.png\",\"contentUrl\":\"https:\/\/panwinjet.com\/wp-content\/uploads\/2025\/11\/50234-15K-ByPass-Cartridges.png\",\"width\":563,\"height\":1000},{\"@type\":\"BreadcrumbList\",\"@id\":\"https:\/\/panwinjet.com\/product\/china-supplier-uhp-hydro-jetting-triplex-plunger-pump-hydro-jet-drain-machine-jetstream-bypass-cartridge-50234\/#breadcrumb\",\"itemListElement\":[{\"@type\":\"ListItem\",\"position\":1,\"name\":\"\u9996\u9875\",\"item\":\"https:\/\/panwinjet.com\/\"},{\"@type\":\"ListItem\",\"position\":2,\"name\":\"PRODUCT\",\"item\":\"https:\/\/panwinjet.com\/product\/\"},{\"@type\":\"ListItem\",\"position\":3,\"name\":\"China Supplier UHP Hydro-Jetting triplex plunger pump hydro jet drain machine Jetstream ByPass Cartridge-50234\"}]},{\"@type\":\"WebSite\",\"@id\":\"https:\/\/panwinjet.com\/#website\",\"url\":\"https:\/\/panwinjet.com\/\",\"name\":\"Panwin Machinery&amp;Equipment\",\"description\":\"Shenzhen Panwin Machinery&amp;Equipment Co.Ltd\",\"potentialAction\":[{\"@type\":\"SearchAction\",\"target\":{\"@type\":\"EntryPoint\",\"urlTemplate\":\"https:\/\/panwinjet.com\/?s={search_term_string}\"},\"query-input\":{\"@type\":\"PropertyValueSpecification\",\"valueRequired\":true,\"valueName\":\"search_term_string\"}}],\"inLanguage\":\"fr-FR\"}]}<\/script>\n<!-- \/ Yoast SEO plugin. -->","yoast_head_json":{"title":"China Supplier UHP Hydro-Jetting triplex plunger pump hydro jet drain machine Jetstream ByPass Cartridge-50234 - Panwin Machinery&amp;Equipment","robots":{"index":"index","follow":"follow","max-snippet":"max-snippet:-1","max-image-preview":"max-image-preview:large","max-video-preview":"max-video-preview:-1"},"canonical":"https:\/\/panwinjet.com\/fr\/produit\/china-supplier-uhp-hydro-jetting-triplex-plunger-pump-hydro-jet-drain-machine-jetstream-bypass-cartridge-50234\/","og_locale":"fr_FR","og_type":"article","og_title":"China Supplier UHP Hydro-Jetting triplex plunger pump hydro jet drain machine Jetstream ByPass Cartridge-50234 - Panwin Machinery&amp;Equipment","og_description":"China Supplier UHP Hydro-Jetting triplex plunger pump hydro jet drain machine Jetstream ByPass Cartridge-50234  1.Product Introduction of China Supplier UHP Hydro-Jetting triplex plunger pump hydro jet drain machine Jetstream ByPass Cartridge-50234 This China Supplier UHP Hydro-Jetting triplex plunger pump hydro jet drain machine Jetstream ByPass Cartridge- is Compatible with Jetstream Part No. 53725. it is Easily replaceable valve cartridge enables the user to completely re-build the valve in about just few minutes.","og_url":"https:\/\/panwinjet.com\/fr\/produit\/china-supplier-uhp-hydro-jetting-triplex-plunger-pump-hydro-jet-drain-machine-jetstream-bypass-cartridge-50234\/","og_site_name":"Panwin Machinery&amp;Equipment","og_image":[{"width":563,"height":1000,"url":"https:\/\/panwinjet.com\/wp-content\/uploads\/2025\/11\/50234-15K-ByPass-Cartridges.png","type":"image\/png"}],"twitter_card":"summary_large_image","twitter_misc":{"Dur\u00e9e de lecture estim\u00e9e":"1 minute"},"schema":{"@context":"https:\/\/schema.org","@graph":[{"@type":"WebPage","@id":"https:\/\/panwinjet.com\/product\/china-supplier-uhp-hydro-jetting-triplex-plunger-pump-hydro-jet-drain-machine-jetstream-bypass-cartridge-50234\/","url":"https:\/\/panwinjet.com\/product\/china-supplier-uhp-hydro-jetting-triplex-plunger-pump-hydro-jet-drain-machine-jetstream-bypass-cartridge-50234\/","name":"China Supplier UHP Hydro-Jetting triplex plunger pump hydro jet drain machine Jetstream ByPass Cartridge-50234 - Panwin Machinery&amp;Equipment","isPartOf":{"@id":"https:\/\/panwinjet.com\/#website"},"primaryImageOfPage":{"@id":"https:\/\/panwinjet.com\/product\/china-supplier-uhp-hydro-jetting-triplex-plunger-pump-hydro-jet-drain-machine-jetstream-bypass-cartridge-50234\/#primaryimage"},"image":{"@id":"https:\/\/panwinjet.com\/product\/china-supplier-uhp-hydro-jetting-triplex-plunger-pump-hydro-jet-drain-machine-jetstream-bypass-cartridge-50234\/#primaryimage"},"thumbnailUrl":"https:\/\/panwinjet.com\/wp-content\/uploads\/2025\/11\/50234-15K-ByPass-Cartridges.png","datePublished":"2025-11-01T09:03:43+00:00","breadcrumb":{"@id":"https:\/\/panwinjet.com\/product\/china-supplier-uhp-hydro-jetting-triplex-plunger-pump-hydro-jet-drain-machine-jetstream-bypass-cartridge-50234\/#breadcrumb"},"inLanguage":"fr-FR","potentialAction":[{"@type":"ReadAction","target":["https:\/\/panwinjet.com\/product\/china-supplier-uhp-hydro-jetting-triplex-plunger-pump-hydro-jet-drain-machine-jetstream-bypass-cartridge-50234\/"]}]},{"@type":"ImageObject","inLanguage":"fr-FR","@id":"https:\/\/panwinjet.com\/product\/china-supplier-uhp-hydro-jetting-triplex-plunger-pump-hydro-jet-drain-machine-jetstream-bypass-cartridge-50234\/#primaryimage","url":"https:\/\/panwinjet.com\/wp-content\/uploads\/2025\/11\/50234-15K-ByPass-Cartridges.png","contentUrl":"https:\/\/panwinjet.com\/wp-content\/uploads\/2025\/11\/50234-15K-ByPass-Cartridges.png","width":563,"height":1000},{"@type":"BreadcrumbList","@id":"https:\/\/panwinjet.com\/product\/china-supplier-uhp-hydro-jetting-triplex-plunger-pump-hydro-jet-drain-machine-jetstream-bypass-cartridge-50234\/#breadcrumb","itemListElement":[{"@type":"ListItem","position":1,"name":"\u9996\u9875","item":"https:\/\/panwinjet.com\/"},{"@type":"ListItem","position":2,"name":"PRODUCT","item":"https:\/\/panwinjet.com\/product\/"},{"@type":"ListItem","position":3,"name":"China Supplier UHP Hydro-Jetting triplex plunger pump hydro jet drain machine Jetstream ByPass Cartridge-50234"}]},{"@type":"WebSite","@id":"https:\/\/panwinjet.com\/#website","url":"https:\/\/panwinjet.com\/","name":"Panwin Machinery&amp;Equipment","description":"Shenzhen Panwin Machinery&amp;Equipment Co.Ltd","potentialAction":[{"@type":"SearchAction","target":{"@type":"EntryPoint","urlTemplate":"https:\/\/panwinjet.com\/?s={search_term_string}"},"query-input":{"@type":"PropertyValueSpecification","valueRequired":true,"valueName":"search_term_string"}}],"inLanguage":"fr-FR"}]}},"_links":{"self":[{"href":"https:\/\/panwinjet.com\/fr\/wp-json\/wp\/v2\/product\/1756","targetHints":{"allow":["GET"]}}],"collection":[{"href":"https:\/\/panwinjet.com\/fr\/wp-json\/wp\/v2\/product"}],"about":[{"href":"https:\/\/panwinjet.com\/fr\/wp-json\/wp\/v2\/types\/product"}],"wp:featuredmedia":[{"embeddable":true,"href":"https:\/\/panwinjet.com\/fr\/wp-json\/wp\/v2\/media\/1758"}],"wp:attachment":[{"href":"https:\/\/panwinjet.com\/fr\/wp-json\/wp\/v2\/media?parent=1756"}],"wp:term":[{"taxonomy":"product_brand","embeddable":true,"href":"https:\/\/panwinjet.com\/fr\/wp-json\/wp\/v2\/product_brand?post=1756"},{"taxonomy":"product_cat","embeddable":true,"href":"https:\/\/panwinjet.com\/fr\/wp-json\/wp\/v2\/product_cat?post=1756"},{"taxonomy":"product_tag","embeddable":true,"href":"https:\/\/panwinjet.com\/fr\/wp-json\/wp\/v2\/product_tag?post=1756"}],"curies":[{"name":"wp","href":"https:\/\/api.w.org\/{rel}","templated":true}]}}