{"id":1729,"date":"2025-10-24T16:25:21","date_gmt":"2025-10-24T16:25:21","guid":{"rendered":"https:\/\/panwinjet.com\/?post_type=product&#038;p=1729"},"modified":"2025-10-24T16:25:22","modified_gmt":"2025-10-24T16:25:22","slug":"60k-uhp-water-jet-hydro-jetting-cutting-intensifier-pump-flow-cutting-machine-components-sapphire-p3-orifice","status":"publish","type":"product","link":"https:\/\/panwinjet.com\/fr\/produit\/60k-uhp-water-jet-hydro-jetting-cutting-intensifier-pump-flow-cutting-machine-components-sapphire-p3-orifice\/","title":{"rendered":"Composants de machine de d\u00e9coupe par jet d&#039;eau ultra-haute puissance 60K\u00a0: pompe d&#039;intensification du d\u00e9bit, orifice Sapphire P3"},"content":{"rendered":"<p>Composants de machine de d\u00e9coupe par jet d&#039;eau ultra-haute puissance 60K\u00a0: pompe d&#039;intensification du d\u00e9bit, orifice Sapphire P3<br \/>\nChez Panwin, nous fournissons \u00e0 nos clients des orifices de haute qualit\u00e9 pour diff\u00e9rents niveaux de pression. Nos buses sont homologu\u00e9es UHP jusqu&#039;\u00e0 60 000 psi, et cet orifice P3 est capable de r\u00e9sister \u00e0 des pressions et des vitesses \u00e9lev\u00e9es.<\/p>","protected":false},"excerpt":{"rendered":"<p>L&#039;orifice Flow Sapphire P3 pour d\u00e9coupe au jet d&#039;eau UHP 60K est compatible avec les r\u00e9f\u00e9rences Flow 009519-XX et TL-003002-XX. Cet orifice en saphir P3 est con\u00e7u pour maintenir un diam\u00e8tre de jet constant tout au long du processus de d\u00e9coupe. Ses dimensions sont indiqu\u00e9es ci-dessous.<\/p>\n<p><img decoding=\"async\" class=\"alignleft size-medium wp-image-1737 lazyload\" data-src=\"https:\/\/panwinjet.com\/wp-content\/uploads\/2025\/10\/Flow-P3-Nozzle-Dimension-500x375.png\" alt=\"\" width=\"500\" height=\"375\" data-srcset=\"https:\/\/panwinjet.com\/wp-content\/uploads\/2025\/10\/Flow-P3-Nozzle-Dimension-500x375.png 500w, https:\/\/panwinjet.com\/wp-content\/uploads\/2025\/10\/Flow-P3-Nozzle-Dimension-300x225.png 300w, https:\/\/panwinjet.com\/wp-content\/uploads\/2025\/10\/Flow-P3-Nozzle-Dimension-100x75.png 100w, https:\/\/panwinjet.com\/wp-content\/uploads\/2025\/10\/Flow-P3-Nozzle-Dimension-480x360.png 480w, https:\/\/panwinjet.com\/wp-content\/uploads\/2025\/10\/Flow-P3-Nozzle-Dimension.png 734w\" data-sizes=\"(max-width:767px) 480px, 500px\" src=\"data:image\/svg+xml;base64,PHN2ZyB3aWR0aD0iMSIgaGVpZ2h0PSIxIiB4bWxucz0iaHR0cDovL3d3dy53My5vcmcvMjAwMC9zdmciPjwvc3ZnPg==\" style=\"--smush-placeholder-width: 500px; --smush-placeholder-aspect-ratio: 500\/375;\" \/><\/p>","protected":false},"featured_media":1733,"template":"","meta":[],"product_brand":[],"product_cat":[9,3,5,22],"product_tag":[],"class_list":{"0":"post-1729","1":"product","2":"type-product","3":"status-publish","4":"has-post-thumbnail","6":"product_cat-heat-exchanger-cleaning-device","7":"product_cat-sapphire-nozzles","8":"product_cat-uhp-rotating-nozzles","9":"product_cat-waterjet-cutting-machine-parts","11":"first","12":"instock","13":"shipping-taxable","14":"product-type-simple"},"yoast_head":"<!-- This site is optimized with the Yoast SEO plugin v24.9 - https:\/\/yoast.com\/wordpress\/plugins\/seo\/ -->\n<title>60K UHP Water-Jet Hydro-Jetting Cutting Intensifier Pump Flow Cutting machine components Sapphire P3 Orifice - Panwin Machinery&amp;Equipment<\/title>\n<meta name=\"robots\" content=\"index, follow, max-snippet:-1, max-image-preview:large, max-video-preview:-1\" \/>\n<link rel=\"canonical\" href=\"https:\/\/panwinjet.com\/fr\/produit\/60k-uhp-water-jet-hydro-jetting-cutting-intensifier-pump-flow-cutting-machine-components-sapphire-p3-orifice\/\" \/>\n<meta property=\"og:locale\" content=\"fr_FR\" \/>\n<meta property=\"og:type\" content=\"article\" \/>\n<meta property=\"og:title\" content=\"60K UHP Water-Jet Hydro-Jetting Cutting Intensifier Pump Flow Cutting machine components Sapphire P3 Orifice - Panwin Machinery&amp;Equipment\" \/>\n<meta property=\"og:description\" content=\"The 60K UHP Hydro-Jetting cutting Flow Sapphire P3 Orifice is replacement and Compatible for Flow 009519-XX and TL-003002-XX, The UHP Water-Jet Cutting P3 Sapphire orifice designed to maintain a consistent stream diameter throughout the cutting process. And the dimension and the size as following.\" \/>\n<meta property=\"og:url\" content=\"https:\/\/panwinjet.com\/fr\/produit\/60k-uhp-water-jet-hydro-jetting-cutting-intensifier-pump-flow-cutting-machine-components-sapphire-p3-orifice\/\" \/>\n<meta property=\"og:site_name\" content=\"Panwin Machinery&amp;Equipment\" \/>\n<meta property=\"article:modified_time\" content=\"2025-10-24T16:25:22+00:00\" \/>\n<meta property=\"og:image\" content=\"https:\/\/panwinjet.com\/wp-content\/uploads\/2025\/10\/Flow-P3-Orifice-7.jpg\" \/>\n\t<meta property=\"og:image:width\" content=\"2276\" \/>\n\t<meta property=\"og:image:height\" content=\"1024\" \/>\n\t<meta property=\"og:image:type\" content=\"image\/jpeg\" \/>\n<meta name=\"twitter:card\" content=\"summary_large_image\" \/>\n<meta name=\"twitter:label1\" content=\"Dur\u00e9e de lecture estim\u00e9e\" \/>\n\t<meta name=\"twitter:data1\" content=\"1 minute\" \/>\n<script type=\"application\/ld+json\" class=\"yoast-schema-graph\">{\"@context\":\"https:\/\/schema.org\",\"@graph\":[{\"@type\":\"WebPage\",\"@id\":\"https:\/\/panwinjet.com\/product\/60k-uhp-water-jet-hydro-jetting-cutting-intensifier-pump-flow-cutting-machine-components-sapphire-p3-orifice\/\",\"url\":\"https:\/\/panwinjet.com\/product\/60k-uhp-water-jet-hydro-jetting-cutting-intensifier-pump-flow-cutting-machine-components-sapphire-p3-orifice\/\",\"name\":\"60K UHP Water-Jet Hydro-Jetting Cutting Intensifier Pump Flow Cutting machine components Sapphire P3 Orifice - Panwin Machinery&amp;Equipment\",\"isPartOf\":{\"@id\":\"https:\/\/panwinjet.com\/#website\"},\"primaryImageOfPage\":{\"@id\":\"https:\/\/panwinjet.com\/product\/60k-uhp-water-jet-hydro-jetting-cutting-intensifier-pump-flow-cutting-machine-components-sapphire-p3-orifice\/#primaryimage\"},\"image\":{\"@id\":\"https:\/\/panwinjet.com\/product\/60k-uhp-water-jet-hydro-jetting-cutting-intensifier-pump-flow-cutting-machine-components-sapphire-p3-orifice\/#primaryimage\"},\"thumbnailUrl\":\"https:\/\/panwinjet.com\/wp-content\/uploads\/2025\/10\/Flow-P3-Orifice-7.jpg\",\"datePublished\":\"2025-10-24T16:25:21+00:00\",\"dateModified\":\"2025-10-24T16:25:22+00:00\",\"breadcrumb\":{\"@id\":\"https:\/\/panwinjet.com\/product\/60k-uhp-water-jet-hydro-jetting-cutting-intensifier-pump-flow-cutting-machine-components-sapphire-p3-orifice\/#breadcrumb\"},\"inLanguage\":\"fr-FR\",\"potentialAction\":[{\"@type\":\"ReadAction\",\"target\":[\"https:\/\/panwinjet.com\/product\/60k-uhp-water-jet-hydro-jetting-cutting-intensifier-pump-flow-cutting-machine-components-sapphire-p3-orifice\/\"]}]},{\"@type\":\"ImageObject\",\"inLanguage\":\"fr-FR\",\"@id\":\"https:\/\/panwinjet.com\/product\/60k-uhp-water-jet-hydro-jetting-cutting-intensifier-pump-flow-cutting-machine-components-sapphire-p3-orifice\/#primaryimage\",\"url\":\"https:\/\/panwinjet.com\/wp-content\/uploads\/2025\/10\/Flow-P3-Orifice-7.jpg\",\"contentUrl\":\"https:\/\/panwinjet.com\/wp-content\/uploads\/2025\/10\/Flow-P3-Orifice-7.jpg\",\"width\":2276,\"height\":1024},{\"@type\":\"BreadcrumbList\",\"@id\":\"https:\/\/panwinjet.com\/product\/60k-uhp-water-jet-hydro-jetting-cutting-intensifier-pump-flow-cutting-machine-components-sapphire-p3-orifice\/#breadcrumb\",\"itemListElement\":[{\"@type\":\"ListItem\",\"position\":1,\"name\":\"\u9996\u9875\",\"item\":\"https:\/\/panwinjet.com\/\"},{\"@type\":\"ListItem\",\"position\":2,\"name\":\"PRODUCT\",\"item\":\"https:\/\/panwinjet.com\/product\/\"},{\"@type\":\"ListItem\",\"position\":3,\"name\":\"60K UHP Water-Jet Hydro-Jetting Cutting Intensifier Pump Flow Cutting machine components Sapphire P3 Orifice\"}]},{\"@type\":\"WebSite\",\"@id\":\"https:\/\/panwinjet.com\/#website\",\"url\":\"https:\/\/panwinjet.com\/\",\"name\":\"Panwin Machinery&amp;Equipment\",\"description\":\"Shenzhen Panwin Machinery&amp;Equipment Co.Ltd\",\"potentialAction\":[{\"@type\":\"SearchAction\",\"target\":{\"@type\":\"EntryPoint\",\"urlTemplate\":\"https:\/\/panwinjet.com\/?s={search_term_string}\"},\"query-input\":{\"@type\":\"PropertyValueSpecification\",\"valueRequired\":true,\"valueName\":\"search_term_string\"}}],\"inLanguage\":\"fr-FR\"}]}<\/script>\n<!-- \/ Yoast SEO plugin. -->","yoast_head_json":{"title":"60K UHP Water-Jet Hydro-Jetting Cutting Intensifier Pump Flow Cutting machine components Sapphire P3 Orifice - Panwin Machinery&amp;Equipment","robots":{"index":"index","follow":"follow","max-snippet":"max-snippet:-1","max-image-preview":"max-image-preview:large","max-video-preview":"max-video-preview:-1"},"canonical":"https:\/\/panwinjet.com\/fr\/produit\/60k-uhp-water-jet-hydro-jetting-cutting-intensifier-pump-flow-cutting-machine-components-sapphire-p3-orifice\/","og_locale":"fr_FR","og_type":"article","og_title":"60K UHP Water-Jet Hydro-Jetting Cutting Intensifier Pump Flow Cutting machine components Sapphire P3 Orifice - Panwin Machinery&amp;Equipment","og_description":"The 60K UHP Hydro-Jetting cutting Flow Sapphire P3 Orifice is replacement and Compatible for Flow 009519-XX and TL-003002-XX, The UHP Water-Jet Cutting P3 Sapphire orifice designed to maintain a consistent stream diameter throughout the cutting process. And the dimension and the size as following.","og_url":"https:\/\/panwinjet.com\/fr\/produit\/60k-uhp-water-jet-hydro-jetting-cutting-intensifier-pump-flow-cutting-machine-components-sapphire-p3-orifice\/","og_site_name":"Panwin Machinery&amp;Equipment","article_modified_time":"2025-10-24T16:25:22+00:00","og_image":[{"width":2276,"height":1024,"url":"https:\/\/panwinjet.com\/wp-content\/uploads\/2025\/10\/Flow-P3-Orifice-7.jpg","type":"image\/jpeg"}],"twitter_card":"summary_large_image","twitter_misc":{"Dur\u00e9e de lecture estim\u00e9e":"1 minute"},"schema":{"@context":"https:\/\/schema.org","@graph":[{"@type":"WebPage","@id":"https:\/\/panwinjet.com\/product\/60k-uhp-water-jet-hydro-jetting-cutting-intensifier-pump-flow-cutting-machine-components-sapphire-p3-orifice\/","url":"https:\/\/panwinjet.com\/product\/60k-uhp-water-jet-hydro-jetting-cutting-intensifier-pump-flow-cutting-machine-components-sapphire-p3-orifice\/","name":"60K UHP Water-Jet Hydro-Jetting Cutting Intensifier Pump Flow Cutting machine components Sapphire P3 Orifice - Panwin Machinery&amp;Equipment","isPartOf":{"@id":"https:\/\/panwinjet.com\/#website"},"primaryImageOfPage":{"@id":"https:\/\/panwinjet.com\/product\/60k-uhp-water-jet-hydro-jetting-cutting-intensifier-pump-flow-cutting-machine-components-sapphire-p3-orifice\/#primaryimage"},"image":{"@id":"https:\/\/panwinjet.com\/product\/60k-uhp-water-jet-hydro-jetting-cutting-intensifier-pump-flow-cutting-machine-components-sapphire-p3-orifice\/#primaryimage"},"thumbnailUrl":"https:\/\/panwinjet.com\/wp-content\/uploads\/2025\/10\/Flow-P3-Orifice-7.jpg","datePublished":"2025-10-24T16:25:21+00:00","dateModified":"2025-10-24T16:25:22+00:00","breadcrumb":{"@id":"https:\/\/panwinjet.com\/product\/60k-uhp-water-jet-hydro-jetting-cutting-intensifier-pump-flow-cutting-machine-components-sapphire-p3-orifice\/#breadcrumb"},"inLanguage":"fr-FR","potentialAction":[{"@type":"ReadAction","target":["https:\/\/panwinjet.com\/product\/60k-uhp-water-jet-hydro-jetting-cutting-intensifier-pump-flow-cutting-machine-components-sapphire-p3-orifice\/"]}]},{"@type":"ImageObject","inLanguage":"fr-FR","@id":"https:\/\/panwinjet.com\/product\/60k-uhp-water-jet-hydro-jetting-cutting-intensifier-pump-flow-cutting-machine-components-sapphire-p3-orifice\/#primaryimage","url":"https:\/\/panwinjet.com\/wp-content\/uploads\/2025\/10\/Flow-P3-Orifice-7.jpg","contentUrl":"https:\/\/panwinjet.com\/wp-content\/uploads\/2025\/10\/Flow-P3-Orifice-7.jpg","width":2276,"height":1024},{"@type":"BreadcrumbList","@id":"https:\/\/panwinjet.com\/product\/60k-uhp-water-jet-hydro-jetting-cutting-intensifier-pump-flow-cutting-machine-components-sapphire-p3-orifice\/#breadcrumb","itemListElement":[{"@type":"ListItem","position":1,"name":"\u9996\u9875","item":"https:\/\/panwinjet.com\/"},{"@type":"ListItem","position":2,"name":"PRODUCT","item":"https:\/\/panwinjet.com\/product\/"},{"@type":"ListItem","position":3,"name":"60K UHP Water-Jet Hydro-Jetting Cutting Intensifier Pump Flow Cutting machine components Sapphire P3 Orifice"}]},{"@type":"WebSite","@id":"https:\/\/panwinjet.com\/#website","url":"https:\/\/panwinjet.com\/","name":"Panwin Machinery&amp;Equipment","description":"Shenzhen Panwin Machinery&amp;Equipment Co.Ltd","potentialAction":[{"@type":"SearchAction","target":{"@type":"EntryPoint","urlTemplate":"https:\/\/panwinjet.com\/?s={search_term_string}"},"query-input":{"@type":"PropertyValueSpecification","valueRequired":true,"valueName":"search_term_string"}}],"inLanguage":"fr-FR"}]}},"_links":{"self":[{"href":"https:\/\/panwinjet.com\/fr\/wp-json\/wp\/v2\/product\/1729","targetHints":{"allow":["GET"]}}],"collection":[{"href":"https:\/\/panwinjet.com\/fr\/wp-json\/wp\/v2\/product"}],"about":[{"href":"https:\/\/panwinjet.com\/fr\/wp-json\/wp\/v2\/types\/product"}],"wp:featuredmedia":[{"embeddable":true,"href":"https:\/\/panwinjet.com\/fr\/wp-json\/wp\/v2\/media\/1733"}],"wp:attachment":[{"href":"https:\/\/panwinjet.com\/fr\/wp-json\/wp\/v2\/media?parent=1729"}],"wp:term":[{"taxonomy":"product_brand","embeddable":true,"href":"https:\/\/panwinjet.com\/fr\/wp-json\/wp\/v2\/product_brand?post=1729"},{"taxonomy":"product_cat","embeddable":true,"href":"https:\/\/panwinjet.com\/fr\/wp-json\/wp\/v2\/product_cat?post=1729"},{"taxonomy":"product_tag","embeddable":true,"href":"https:\/\/panwinjet.com\/fr\/wp-json\/wp\/v2\/product_tag?post=1729"}],"curies":[{"name":"wp","href":"https:\/\/api.w.org\/{rel}","templated":true}]}}