{"id":1701,"date":"2025-10-19T06:31:46","date_gmt":"2025-10-19T06:31:46","guid":{"rendered":"https:\/\/panwinjet.com\/?post_type=product&#038;p=1701"},"modified":"2025-10-19T06:31:47","modified_gmt":"2025-10-19T06:31:47","slug":"3000bar-uhp-triple-plunge-pump-hydro-jetting-water-blasting-cleaning-aluminum-concrete-formwork-rotary-nozzle-2","status":"publish","type":"product","link":"https:\/\/panwinjet.com\/fr\/produit\/3000bar-uhp-triple-plunge-pump-hydro-jetting-water-blasting-cleaning-aluminum-concrete-formwork-rotary-nozzle-2\/","title":{"rendered":"Pompe \u00e0 jet d&#039;eau haute pression 3000 bars \u00e0 triple plong\u00e9e pour le nettoyage par hydrojet de coffrages en aluminium et b\u00e9ton, buse rotative"},"content":{"rendered":"<p><strong><b>Caract\u00e9ristiques et applications de la pompe \u00e0 triple plong\u00e9e UHP 3000 bars pour le nettoyage par hydrojet de coffrages en aluminium et b\u00e9ton avec buse rotative<\/b><\/strong><\/p>\n<p>Pour la pompe \u00e0 triple plong\u00e9e UHP 3000 bars, le nettoyage par jet d&#039;eau hydrodynamique des coffrages en aluminium et en b\u00e9ton, la buse rotative permet de traiter les bases des buses aux deux extr\u00e9mit\u00e9s \u00e0 n&#039;importe quel angle de pulv\u00e9risation de nettoyage, avec une pression maximale de 3000 bars et des niveaux de pression optionnels de 500 bars, 1500 bars et 3000 bars.<\/p>\n<p>Application de ces buses rotatives<\/p>\n<p>Application:<\/p>\n<p>Industrie de la construction par hydrod\u00e9capage \u00e0 haute pression<\/p>\n<p>Industrie du fer, de l&#039;acier et des m\u00e9taux : sablage hydrodynamique<\/p>\n<p>Ing\u00e9nierie m\u00e9canique et des appareils pour nettoyeurs haute pression<\/p>\n<p>Industrie du ciment et du b\u00e9ton<\/p>\n<p>Nettoyage de surface haute pression Barracuda<\/p>\n<p>pi\u00e8ces d&#039;\u00e9quipement de nettoyage \u00e0 jet d&#039;eau ultra-haute pression<\/p>\n<p>Barres de pulv\u00e9risation pour le nettoyage industriel<\/p>\n<p>Machine de nettoyage \u00e0 haute pression pour l&#039;industrie du raffinage du p\u00e9trole<\/p>\n<p>Nettoyage de surfaces par hydrojet, nettoyage de r\u00e9servoirs et de cuves,<\/p>\n<p>Nettoyage de l&#039;\u00e9changeur de chaleur,<\/p>\n<p>Nettoyage de v\u00e9hicules (peinture), nettoyage pour l&#039;industrie mini\u00e8re, nettoyage pour la fabrication d&#039;acier, etc.<\/p>\n<p>\u00c9quipement de nettoyage des \u00e9gouts \u00e0 haute pression pour les r\u00e9seaux de canalisations municipales d&#039;adduction d&#039;eau et de drainage\u00a0;<\/p>","protected":false},"excerpt":{"rendered":"<p><strong><b>Introduction de <\/b><\/strong>Pompe \u00e0 jet d&#039;eau haute pression 3000 bars \u00e0 triple plong\u00e9e pour le nettoyage par hydrojet de coffrages en aluminium et b\u00e9ton, buse rotative<\/p>\n<p>Cette pompe \u00e0 jet d&#039;eau \u00e0 triple plong\u00e9e UHP de 3000 bars pour le nettoyage par hydrojet de coffrages en aluminium et b\u00e9ton est \u00e9quip\u00e9e d&#039;une buse rotative haute pression (6 buses au total), offrant une grande flexibilit\u00e9 d&#039;application, une grande variabilit\u00e9 et la possibilit\u00e9 de modifier la longueur de la tige de connexion centrale en fonction de la taille de la zone \u00e0 nettoyer.<\/p>","protected":false},"featured_media":1702,"template":"","meta":[],"product_brand":[],"product_cat":[10,11,5],"product_tag":[58,60,59],"class_list":{"0":"post-1701","1":"product","2":"type-product","3":"status-publish","4":"has-post-thumbnail","6":"product_cat-pipeline-tube-uhp-water-blasting-cleaning-device","7":"product_cat-ship-cleaning-device","8":"product_cat-uhp-rotating-nozzles","9":"product_tag-3000bar-uhp-triple-plunge-pump","10":"product_tag-cleaning-aluminum-concrete-formwork-rotary-nozzle","11":"product_tag-hydro-jetting-water-blasting","13":"first","14":"instock","15":"shipping-taxable","16":"product-type-simple"},"yoast_head":"<!-- This site is optimized with the Yoast SEO plugin v24.9 - https:\/\/yoast.com\/wordpress\/plugins\/seo\/ -->\n<title>3000Bar UHP Triple plunge Pump Hydro-Jetting water blasting cleaning Aluminum concrete Formwork Rotary nozzle - Panwin Machinery&amp;Equipment<\/title>\n<meta name=\"robots\" content=\"index, follow, max-snippet:-1, max-image-preview:large, max-video-preview:-1\" \/>\n<link rel=\"canonical\" href=\"https:\/\/panwinjet.com\/fr\/produit\/3000bar-uhp-triple-plunge-pump-hydro-jetting-water-blasting-cleaning-aluminum-concrete-formwork-rotary-nozzle-2\/\" \/>\n<meta property=\"og:locale\" content=\"fr_FR\" \/>\n<meta property=\"og:type\" content=\"article\" \/>\n<meta property=\"og:title\" content=\"3000Bar UHP Triple plunge Pump Hydro-Jetting water blasting cleaning Aluminum concrete Formwork Rotary nozzle - Panwin Machinery&amp;Equipment\" \/>\n<meta property=\"og:description\" content=\"Introduction of 3000Bar UHP Triple plunge Pump \u00a0Hydro-Jetting water blasting cleaning \u00a0Aluminum concrete Formwork Rotary nozzle  This 3000Bar UHP Triple plunge Pump \u00a0Hydro-Jetting water blasting cleaning \u00a0Aluminum concrete Formwork Rotary nozzle\u00a0is a combination of high-pressure rotating nozzles, with a total of 6 nozzles, which has the characteristics of flexible application, high variability, and the ability to change the length of the middle connecting rod according to the size of the cleaning area, and flexible use.\" \/>\n<meta property=\"og:url\" content=\"https:\/\/panwinjet.com\/fr\/produit\/3000bar-uhp-triple-plunge-pump-hydro-jetting-water-blasting-cleaning-aluminum-concrete-formwork-rotary-nozzle-2\/\" \/>\n<meta property=\"og:site_name\" content=\"Panwin Machinery&amp;Equipment\" \/>\n<meta property=\"article:modified_time\" content=\"2025-10-19T06:31:47+00:00\" \/>\n<meta property=\"og:image\" content=\"https:\/\/panwinjet.com\/wp-content\/uploads\/2025\/10\/2.png\" \/>\n\t<meta property=\"og:image:width\" content=\"610\" \/>\n\t<meta property=\"og:image:height\" content=\"543\" \/>\n\t<meta property=\"og:image:type\" content=\"image\/png\" \/>\n<meta name=\"twitter:card\" content=\"summary_large_image\" \/>\n<meta name=\"twitter:label1\" content=\"Dur\u00e9e de lecture estim\u00e9e\" \/>\n\t<meta name=\"twitter:data1\" content=\"1 minute\" \/>\n<script type=\"application\/ld+json\" class=\"yoast-schema-graph\">{\"@context\":\"https:\/\/schema.org\",\"@graph\":[{\"@type\":\"WebPage\",\"@id\":\"https:\/\/panwinjet.com\/product\/3000bar-uhp-triple-plunge-pump-hydro-jetting-water-blasting-cleaning-aluminum-concrete-formwork-rotary-nozzle-2\/\",\"url\":\"https:\/\/panwinjet.com\/product\/3000bar-uhp-triple-plunge-pump-hydro-jetting-water-blasting-cleaning-aluminum-concrete-formwork-rotary-nozzle-2\/\",\"name\":\"3000Bar UHP Triple plunge Pump Hydro-Jetting water blasting cleaning Aluminum concrete Formwork Rotary nozzle - Panwin Machinery&amp;Equipment\",\"isPartOf\":{\"@id\":\"https:\/\/panwinjet.com\/#website\"},\"primaryImageOfPage\":{\"@id\":\"https:\/\/panwinjet.com\/product\/3000bar-uhp-triple-plunge-pump-hydro-jetting-water-blasting-cleaning-aluminum-concrete-formwork-rotary-nozzle-2\/#primaryimage\"},\"image\":{\"@id\":\"https:\/\/panwinjet.com\/product\/3000bar-uhp-triple-plunge-pump-hydro-jetting-water-blasting-cleaning-aluminum-concrete-formwork-rotary-nozzle-2\/#primaryimage\"},\"thumbnailUrl\":\"https:\/\/panwinjet.com\/wp-content\/uploads\/2025\/10\/2.png\",\"datePublished\":\"2025-10-19T06:31:46+00:00\",\"dateModified\":\"2025-10-19T06:31:47+00:00\",\"breadcrumb\":{\"@id\":\"https:\/\/panwinjet.com\/product\/3000bar-uhp-triple-plunge-pump-hydro-jetting-water-blasting-cleaning-aluminum-concrete-formwork-rotary-nozzle-2\/#breadcrumb\"},\"inLanguage\":\"fr-FR\",\"potentialAction\":[{\"@type\":\"ReadAction\",\"target\":[\"https:\/\/panwinjet.com\/product\/3000bar-uhp-triple-plunge-pump-hydro-jetting-water-blasting-cleaning-aluminum-concrete-formwork-rotary-nozzle-2\/\"]}]},{\"@type\":\"ImageObject\",\"inLanguage\":\"fr-FR\",\"@id\":\"https:\/\/panwinjet.com\/product\/3000bar-uhp-triple-plunge-pump-hydro-jetting-water-blasting-cleaning-aluminum-concrete-formwork-rotary-nozzle-2\/#primaryimage\",\"url\":\"https:\/\/panwinjet.com\/wp-content\/uploads\/2025\/10\/2.png\",\"contentUrl\":\"https:\/\/panwinjet.com\/wp-content\/uploads\/2025\/10\/2.png\",\"width\":610,\"height\":543},{\"@type\":\"BreadcrumbList\",\"@id\":\"https:\/\/panwinjet.com\/product\/3000bar-uhp-triple-plunge-pump-hydro-jetting-water-blasting-cleaning-aluminum-concrete-formwork-rotary-nozzle-2\/#breadcrumb\",\"itemListElement\":[{\"@type\":\"ListItem\",\"position\":1,\"name\":\"\u9996\u9875\",\"item\":\"https:\/\/panwinjet.com\/\"},{\"@type\":\"ListItem\",\"position\":2,\"name\":\"PRODUCT\",\"item\":\"https:\/\/panwinjet.com\/product\/\"},{\"@type\":\"ListItem\",\"position\":3,\"name\":\"3000Bar UHP Triple plunge Pump Hydro-Jetting water blasting cleaning Aluminum concrete Formwork Rotary nozzle\"}]},{\"@type\":\"WebSite\",\"@id\":\"https:\/\/panwinjet.com\/#website\",\"url\":\"https:\/\/panwinjet.com\/\",\"name\":\"Panwin Machinery&amp;Equipment\",\"description\":\"Shenzhen Panwin Machinery&amp;Equipment Co.Ltd\",\"potentialAction\":[{\"@type\":\"SearchAction\",\"target\":{\"@type\":\"EntryPoint\",\"urlTemplate\":\"https:\/\/panwinjet.com\/?s={search_term_string}\"},\"query-input\":{\"@type\":\"PropertyValueSpecification\",\"valueRequired\":true,\"valueName\":\"search_term_string\"}}],\"inLanguage\":\"fr-FR\"}]}<\/script>\n<!-- \/ Yoast SEO plugin. -->","yoast_head_json":{"title":"3000Bar UHP Triple plunge Pump Hydro-Jetting water blasting cleaning Aluminum concrete Formwork Rotary nozzle - Panwin Machinery&amp;Equipment","robots":{"index":"index","follow":"follow","max-snippet":"max-snippet:-1","max-image-preview":"max-image-preview:large","max-video-preview":"max-video-preview:-1"},"canonical":"https:\/\/panwinjet.com\/fr\/produit\/3000bar-uhp-triple-plunge-pump-hydro-jetting-water-blasting-cleaning-aluminum-concrete-formwork-rotary-nozzle-2\/","og_locale":"fr_FR","og_type":"article","og_title":"3000Bar UHP Triple plunge Pump Hydro-Jetting water blasting cleaning Aluminum concrete Formwork Rotary nozzle - Panwin Machinery&amp;Equipment","og_description":"Introduction of 3000Bar UHP Triple plunge Pump \u00a0Hydro-Jetting water blasting cleaning \u00a0Aluminum concrete Formwork Rotary nozzle  This 3000Bar UHP Triple plunge Pump \u00a0Hydro-Jetting water blasting cleaning \u00a0Aluminum concrete Formwork Rotary nozzle\u00a0is a combination of high-pressure rotating nozzles, with a total of 6 nozzles, which has the characteristics of flexible application, high variability, and the ability to change the length of the middle connecting rod according to the size of the cleaning area, and flexible use.","og_url":"https:\/\/panwinjet.com\/fr\/produit\/3000bar-uhp-triple-plunge-pump-hydro-jetting-water-blasting-cleaning-aluminum-concrete-formwork-rotary-nozzle-2\/","og_site_name":"Panwin Machinery&amp;Equipment","article_modified_time":"2025-10-19T06:31:47+00:00","og_image":[{"width":610,"height":543,"url":"https:\/\/panwinjet.com\/wp-content\/uploads\/2025\/10\/2.png","type":"image\/png"}],"twitter_card":"summary_large_image","twitter_misc":{"Dur\u00e9e de lecture estim\u00e9e":"1 minute"},"schema":{"@context":"https:\/\/schema.org","@graph":[{"@type":"WebPage","@id":"https:\/\/panwinjet.com\/product\/3000bar-uhp-triple-plunge-pump-hydro-jetting-water-blasting-cleaning-aluminum-concrete-formwork-rotary-nozzle-2\/","url":"https:\/\/panwinjet.com\/product\/3000bar-uhp-triple-plunge-pump-hydro-jetting-water-blasting-cleaning-aluminum-concrete-formwork-rotary-nozzle-2\/","name":"3000Bar UHP Triple plunge Pump Hydro-Jetting water blasting cleaning Aluminum concrete Formwork Rotary nozzle - Panwin Machinery&amp;Equipment","isPartOf":{"@id":"https:\/\/panwinjet.com\/#website"},"primaryImageOfPage":{"@id":"https:\/\/panwinjet.com\/product\/3000bar-uhp-triple-plunge-pump-hydro-jetting-water-blasting-cleaning-aluminum-concrete-formwork-rotary-nozzle-2\/#primaryimage"},"image":{"@id":"https:\/\/panwinjet.com\/product\/3000bar-uhp-triple-plunge-pump-hydro-jetting-water-blasting-cleaning-aluminum-concrete-formwork-rotary-nozzle-2\/#primaryimage"},"thumbnailUrl":"https:\/\/panwinjet.com\/wp-content\/uploads\/2025\/10\/2.png","datePublished":"2025-10-19T06:31:46+00:00","dateModified":"2025-10-19T06:31:47+00:00","breadcrumb":{"@id":"https:\/\/panwinjet.com\/product\/3000bar-uhp-triple-plunge-pump-hydro-jetting-water-blasting-cleaning-aluminum-concrete-formwork-rotary-nozzle-2\/#breadcrumb"},"inLanguage":"fr-FR","potentialAction":[{"@type":"ReadAction","target":["https:\/\/panwinjet.com\/product\/3000bar-uhp-triple-plunge-pump-hydro-jetting-water-blasting-cleaning-aluminum-concrete-formwork-rotary-nozzle-2\/"]}]},{"@type":"ImageObject","inLanguage":"fr-FR","@id":"https:\/\/panwinjet.com\/product\/3000bar-uhp-triple-plunge-pump-hydro-jetting-water-blasting-cleaning-aluminum-concrete-formwork-rotary-nozzle-2\/#primaryimage","url":"https:\/\/panwinjet.com\/wp-content\/uploads\/2025\/10\/2.png","contentUrl":"https:\/\/panwinjet.com\/wp-content\/uploads\/2025\/10\/2.png","width":610,"height":543},{"@type":"BreadcrumbList","@id":"https:\/\/panwinjet.com\/product\/3000bar-uhp-triple-plunge-pump-hydro-jetting-water-blasting-cleaning-aluminum-concrete-formwork-rotary-nozzle-2\/#breadcrumb","itemListElement":[{"@type":"ListItem","position":1,"name":"\u9996\u9875","item":"https:\/\/panwinjet.com\/"},{"@type":"ListItem","position":2,"name":"PRODUCT","item":"https:\/\/panwinjet.com\/product\/"},{"@type":"ListItem","position":3,"name":"3000Bar UHP Triple plunge Pump Hydro-Jetting water blasting cleaning Aluminum concrete Formwork Rotary nozzle"}]},{"@type":"WebSite","@id":"https:\/\/panwinjet.com\/#website","url":"https:\/\/panwinjet.com\/","name":"Panwin Machinery&amp;Equipment","description":"Shenzhen Panwin Machinery&amp;Equipment Co.Ltd","potentialAction":[{"@type":"SearchAction","target":{"@type":"EntryPoint","urlTemplate":"https:\/\/panwinjet.com\/?s={search_term_string}"},"query-input":{"@type":"PropertyValueSpecification","valueRequired":true,"valueName":"search_term_string"}}],"inLanguage":"fr-FR"}]}},"_links":{"self":[{"href":"https:\/\/panwinjet.com\/fr\/wp-json\/wp\/v2\/product\/1701","targetHints":{"allow":["GET"]}}],"collection":[{"href":"https:\/\/panwinjet.com\/fr\/wp-json\/wp\/v2\/product"}],"about":[{"href":"https:\/\/panwinjet.com\/fr\/wp-json\/wp\/v2\/types\/product"}],"wp:featuredmedia":[{"embeddable":true,"href":"https:\/\/panwinjet.com\/fr\/wp-json\/wp\/v2\/media\/1702"}],"wp:attachment":[{"href":"https:\/\/panwinjet.com\/fr\/wp-json\/wp\/v2\/media?parent=1701"}],"wp:term":[{"taxonomy":"product_brand","embeddable":true,"href":"https:\/\/panwinjet.com\/fr\/wp-json\/wp\/v2\/product_brand?post=1701"},{"taxonomy":"product_cat","embeddable":true,"href":"https:\/\/panwinjet.com\/fr\/wp-json\/wp\/v2\/product_cat?post=1701"},{"taxonomy":"product_tag","embeddable":true,"href":"https:\/\/panwinjet.com\/fr\/wp-json\/wp\/v2\/product_tag?post=1701"}],"curies":[{"name":"wp","href":"https:\/\/api.w.org\/{rel}","templated":true}]}}