{"id":1691,"date":"2025-10-19T06:27:01","date_gmt":"2025-10-19T06:27:01","guid":{"rendered":"https:\/\/panwinjet.com\/?post_type=product&#038;p=1691"},"modified":"2025-10-19T06:27:01","modified_gmt":"2025-10-19T06:27:01","slug":"hydro-water-blasting-ultra-high-pressure-self-rotating-surface-cleaning-tool-accessories","status":"publish","type":"product","link":"https:\/\/panwinjet.com\/fr\/produit\/hydro-water-blasting-ultra-high-pressure-self-rotating-surface-cleaning-tool-accessories\/","title":{"rendered":"Accessoires pour outil de nettoyage de surface auto-rotatif \u00e0 ultra-haute pression par jet d&#039;eau"},"content":{"rendered":"<p>Caract\u00e9ristiques et applications des accessoires pour le nettoyage de surfaces par hydrojet \u00e0 ultra-haute pression et auto-rotatif<br \/>\nCet accessoire pour outil de nettoyage de surface auto-rotatif \u00e0 ultra-haute pression est fabriqu\u00e9 en haute densit\u00e9 et le joint de la goupille du pistolet contr\u00f4le l&#039;\u00e9tanch\u00e9it\u00e9 pendant la rotation, le contr\u00f4le de vitesse en laiton offre des performances \u00e9lev\u00e9es en mati\u00e8re de contr\u00f4le de la vitesse.<\/p>\n<p>&nbsp;<\/p>\n<p>Application:<br \/>\nPanwin vous propose des accessoires pour outils de nettoyage de surface auto-rotatifs \u00e0 ultra-haute pression par jet d&#039;eau hydrostatique \u00e0 un prix raisonnable, utilisables pour le nettoyage de surfaces, le nettoyage de r\u00e9servoirs et cuves, le nettoyage de peintures automobiles, le nettoyage dans l&#039;industrie mini\u00e8re, le nettoyage dans la fabrication de l&#039;acier, le secteur de la construction, etc.<\/p>","protected":false},"excerpt":{"rendered":"<p>Pr\u00e9sentation des accessoires pour l&#039;outil de nettoyage de surface auto-rotatif \u00e0 ultra-haute pression par jet d&#039;eau hydrostatique<br \/>\nIl s&#039;agit des accessoires pour outil de nettoyage de surfaces auto-rotatives, utilis\u00e9s dans les buses de cet outil. Ils comprennent notamment l&#039;axe du pistolet, le joint d&#039;axe et le variateur de vitesse en laiton.<\/p>","protected":false},"featured_media":1693,"template":"","meta":[],"product_brand":[],"product_cat":[10,11,5],"product_tag":[56,57],"class_list":{"0":"post-1691","1":"product","2":"type-product","3":"status-publish","4":"has-post-thumbnail","6":"product_cat-pipeline-tube-uhp-water-blasting-cleaning-device","7":"product_cat-ship-cleaning-device","8":"product_cat-uhp-rotating-nozzles","9":"product_tag-hydro-water-blasting-ultra-high-pressure","10":"product_tag-self-rotating-surface-preparation","12":"first","13":"instock","14":"shipping-taxable","15":"product-type-simple"},"yoast_head":"<!-- This site is optimized with the Yoast SEO plugin v24.9 - https:\/\/yoast.com\/wordpress\/plugins\/seo\/ -->\n<title>Hydro Water blasting Ultra-high Pressure Self-Rotating Surface Cleaning Tool Accessories - Panwin Machinery&amp;Equipment<\/title>\n<meta name=\"robots\" content=\"index, follow, max-snippet:-1, max-image-preview:large, max-video-preview:-1\" \/>\n<link rel=\"canonical\" href=\"https:\/\/panwinjet.com\/fr\/produit\/hydro-water-blasting-ultra-high-pressure-self-rotating-surface-cleaning-tool-accessories\/\" \/>\n<meta property=\"og:locale\" content=\"fr_FR\" \/>\n<meta property=\"og:type\" content=\"article\" \/>\n<meta property=\"og:title\" content=\"Hydro Water blasting Ultra-high Pressure Self-Rotating Surface Cleaning Tool Accessories - Panwin Machinery&amp;Equipment\" \/>\n<meta property=\"og:description\" content=\"Introduction of Hydro Water blasting Ultra-high Pressure Self-Rotating Surface Cleaning Tool Accessories This is the Self-Rotating Surface Cleaning Tool Accessories,and they are used in the self-Rotating surface cleaning tool nozzles,including the gun pin,gun pin seal, and brass speed controller\" \/>\n<meta property=\"og:url\" content=\"https:\/\/panwinjet.com\/fr\/produit\/hydro-water-blasting-ultra-high-pressure-self-rotating-surface-cleaning-tool-accessories\/\" \/>\n<meta property=\"og:site_name\" content=\"Panwin Machinery&amp;Equipment\" \/>\n<meta property=\"og:image\" content=\"https:\/\/panwinjet.com\/wp-content\/uploads\/2025\/10\/Seal-Kit-4.jpg\" \/>\n\t<meta property=\"og:image:width\" content=\"1920\" \/>\n\t<meta property=\"og:image:height\" content=\"1440\" \/>\n\t<meta property=\"og:image:type\" content=\"image\/jpeg\" \/>\n<meta name=\"twitter:card\" content=\"summary_large_image\" \/>\n<meta name=\"twitter:label1\" content=\"Dur\u00e9e de lecture estim\u00e9e\" \/>\n\t<meta name=\"twitter:data1\" content=\"1 minute\" \/>\n<script type=\"application\/ld+json\" class=\"yoast-schema-graph\">{\"@context\":\"https:\/\/schema.org\",\"@graph\":[{\"@type\":\"WebPage\",\"@id\":\"https:\/\/panwinjet.com\/product\/hydro-water-blasting-ultra-high-pressure-self-rotating-surface-cleaning-tool-accessories\/\",\"url\":\"https:\/\/panwinjet.com\/product\/hydro-water-blasting-ultra-high-pressure-self-rotating-surface-cleaning-tool-accessories\/\",\"name\":\"Hydro Water blasting Ultra-high Pressure Self-Rotating Surface Cleaning Tool Accessories - Panwin Machinery&amp;Equipment\",\"isPartOf\":{\"@id\":\"https:\/\/panwinjet.com\/#website\"},\"primaryImageOfPage\":{\"@id\":\"https:\/\/panwinjet.com\/product\/hydro-water-blasting-ultra-high-pressure-self-rotating-surface-cleaning-tool-accessories\/#primaryimage\"},\"image\":{\"@id\":\"https:\/\/panwinjet.com\/product\/hydro-water-blasting-ultra-high-pressure-self-rotating-surface-cleaning-tool-accessories\/#primaryimage\"},\"thumbnailUrl\":\"https:\/\/panwinjet.com\/wp-content\/uploads\/2025\/10\/Seal-Kit-4.jpg\",\"datePublished\":\"2025-10-19T06:27:01+00:00\",\"breadcrumb\":{\"@id\":\"https:\/\/panwinjet.com\/product\/hydro-water-blasting-ultra-high-pressure-self-rotating-surface-cleaning-tool-accessories\/#breadcrumb\"},\"inLanguage\":\"fr-FR\",\"potentialAction\":[{\"@type\":\"ReadAction\",\"target\":[\"https:\/\/panwinjet.com\/product\/hydro-water-blasting-ultra-high-pressure-self-rotating-surface-cleaning-tool-accessories\/\"]}]},{\"@type\":\"ImageObject\",\"inLanguage\":\"fr-FR\",\"@id\":\"https:\/\/panwinjet.com\/product\/hydro-water-blasting-ultra-high-pressure-self-rotating-surface-cleaning-tool-accessories\/#primaryimage\",\"url\":\"https:\/\/panwinjet.com\/wp-content\/uploads\/2025\/10\/Seal-Kit-4.jpg\",\"contentUrl\":\"https:\/\/panwinjet.com\/wp-content\/uploads\/2025\/10\/Seal-Kit-4.jpg\",\"width\":1920,\"height\":1440},{\"@type\":\"BreadcrumbList\",\"@id\":\"https:\/\/panwinjet.com\/product\/hydro-water-blasting-ultra-high-pressure-self-rotating-surface-cleaning-tool-accessories\/#breadcrumb\",\"itemListElement\":[{\"@type\":\"ListItem\",\"position\":1,\"name\":\"\u9996\u9875\",\"item\":\"https:\/\/panwinjet.com\/\"},{\"@type\":\"ListItem\",\"position\":2,\"name\":\"PRODUCT\",\"item\":\"https:\/\/panwinjet.com\/product\/\"},{\"@type\":\"ListItem\",\"position\":3,\"name\":\"Hydro Water blasting Ultra-high Pressure Self-Rotating Surface Cleaning Tool Accessories\"}]},{\"@type\":\"WebSite\",\"@id\":\"https:\/\/panwinjet.com\/#website\",\"url\":\"https:\/\/panwinjet.com\/\",\"name\":\"Panwin Machinery&amp;Equipment\",\"description\":\"Shenzhen Panwin Machinery&amp;Equipment Co.Ltd\",\"potentialAction\":[{\"@type\":\"SearchAction\",\"target\":{\"@type\":\"EntryPoint\",\"urlTemplate\":\"https:\/\/panwinjet.com\/?s={search_term_string}\"},\"query-input\":{\"@type\":\"PropertyValueSpecification\",\"valueRequired\":true,\"valueName\":\"search_term_string\"}}],\"inLanguage\":\"fr-FR\"}]}<\/script>\n<!-- \/ Yoast SEO plugin. -->","yoast_head_json":{"title":"Hydro Water blasting Ultra-high Pressure Self-Rotating Surface Cleaning Tool Accessories - Panwin Machinery&amp;Equipment","robots":{"index":"index","follow":"follow","max-snippet":"max-snippet:-1","max-image-preview":"max-image-preview:large","max-video-preview":"max-video-preview:-1"},"canonical":"https:\/\/panwinjet.com\/fr\/produit\/hydro-water-blasting-ultra-high-pressure-self-rotating-surface-cleaning-tool-accessories\/","og_locale":"fr_FR","og_type":"article","og_title":"Hydro Water blasting Ultra-high Pressure Self-Rotating Surface Cleaning Tool Accessories - Panwin Machinery&amp;Equipment","og_description":"Introduction of Hydro Water blasting Ultra-high Pressure Self-Rotating Surface Cleaning Tool Accessories This is the Self-Rotating Surface Cleaning Tool Accessories,and they are used in the self-Rotating surface cleaning tool nozzles,including the gun pin,gun pin seal, and brass speed controller","og_url":"https:\/\/panwinjet.com\/fr\/produit\/hydro-water-blasting-ultra-high-pressure-self-rotating-surface-cleaning-tool-accessories\/","og_site_name":"Panwin Machinery&amp;Equipment","og_image":[{"width":1920,"height":1440,"url":"https:\/\/panwinjet.com\/wp-content\/uploads\/2025\/10\/Seal-Kit-4.jpg","type":"image\/jpeg"}],"twitter_card":"summary_large_image","twitter_misc":{"Dur\u00e9e de lecture estim\u00e9e":"1 minute"},"schema":{"@context":"https:\/\/schema.org","@graph":[{"@type":"WebPage","@id":"https:\/\/panwinjet.com\/product\/hydro-water-blasting-ultra-high-pressure-self-rotating-surface-cleaning-tool-accessories\/","url":"https:\/\/panwinjet.com\/product\/hydro-water-blasting-ultra-high-pressure-self-rotating-surface-cleaning-tool-accessories\/","name":"Hydro Water blasting Ultra-high Pressure Self-Rotating Surface Cleaning Tool Accessories - Panwin Machinery&amp;Equipment","isPartOf":{"@id":"https:\/\/panwinjet.com\/#website"},"primaryImageOfPage":{"@id":"https:\/\/panwinjet.com\/product\/hydro-water-blasting-ultra-high-pressure-self-rotating-surface-cleaning-tool-accessories\/#primaryimage"},"image":{"@id":"https:\/\/panwinjet.com\/product\/hydro-water-blasting-ultra-high-pressure-self-rotating-surface-cleaning-tool-accessories\/#primaryimage"},"thumbnailUrl":"https:\/\/panwinjet.com\/wp-content\/uploads\/2025\/10\/Seal-Kit-4.jpg","datePublished":"2025-10-19T06:27:01+00:00","breadcrumb":{"@id":"https:\/\/panwinjet.com\/product\/hydro-water-blasting-ultra-high-pressure-self-rotating-surface-cleaning-tool-accessories\/#breadcrumb"},"inLanguage":"fr-FR","potentialAction":[{"@type":"ReadAction","target":["https:\/\/panwinjet.com\/product\/hydro-water-blasting-ultra-high-pressure-self-rotating-surface-cleaning-tool-accessories\/"]}]},{"@type":"ImageObject","inLanguage":"fr-FR","@id":"https:\/\/panwinjet.com\/product\/hydro-water-blasting-ultra-high-pressure-self-rotating-surface-cleaning-tool-accessories\/#primaryimage","url":"https:\/\/panwinjet.com\/wp-content\/uploads\/2025\/10\/Seal-Kit-4.jpg","contentUrl":"https:\/\/panwinjet.com\/wp-content\/uploads\/2025\/10\/Seal-Kit-4.jpg","width":1920,"height":1440},{"@type":"BreadcrumbList","@id":"https:\/\/panwinjet.com\/product\/hydro-water-blasting-ultra-high-pressure-self-rotating-surface-cleaning-tool-accessories\/#breadcrumb","itemListElement":[{"@type":"ListItem","position":1,"name":"\u9996\u9875","item":"https:\/\/panwinjet.com\/"},{"@type":"ListItem","position":2,"name":"PRODUCT","item":"https:\/\/panwinjet.com\/product\/"},{"@type":"ListItem","position":3,"name":"Hydro Water blasting Ultra-high Pressure Self-Rotating Surface Cleaning Tool Accessories"}]},{"@type":"WebSite","@id":"https:\/\/panwinjet.com\/#website","url":"https:\/\/panwinjet.com\/","name":"Panwin Machinery&amp;Equipment","description":"Shenzhen Panwin Machinery&amp;Equipment Co.Ltd","potentialAction":[{"@type":"SearchAction","target":{"@type":"EntryPoint","urlTemplate":"https:\/\/panwinjet.com\/?s={search_term_string}"},"query-input":{"@type":"PropertyValueSpecification","valueRequired":true,"valueName":"search_term_string"}}],"inLanguage":"fr-FR"}]}},"_links":{"self":[{"href":"https:\/\/panwinjet.com\/fr\/wp-json\/wp\/v2\/product\/1691","targetHints":{"allow":["GET"]}}],"collection":[{"href":"https:\/\/panwinjet.com\/fr\/wp-json\/wp\/v2\/product"}],"about":[{"href":"https:\/\/panwinjet.com\/fr\/wp-json\/wp\/v2\/types\/product"}],"wp:featuredmedia":[{"embeddable":true,"href":"https:\/\/panwinjet.com\/fr\/wp-json\/wp\/v2\/media\/1693"}],"wp:attachment":[{"href":"https:\/\/panwinjet.com\/fr\/wp-json\/wp\/v2\/media?parent=1691"}],"wp:term":[{"taxonomy":"product_brand","embeddable":true,"href":"https:\/\/panwinjet.com\/fr\/wp-json\/wp\/v2\/product_brand?post=1691"},{"taxonomy":"product_cat","embeddable":true,"href":"https:\/\/panwinjet.com\/fr\/wp-json\/wp\/v2\/product_cat?post=1691"},{"taxonomy":"product_tag","embeddable":true,"href":"https:\/\/panwinjet.com\/fr\/wp-json\/wp\/v2\/product_tag?post=1691"}],"curies":[{"name":"wp","href":"https:\/\/api.w.org\/{rel}","templated":true}]}}