{"id":1648,"date":"2025-10-19T05:52:59","date_gmt":"2025-10-19T05:52:59","guid":{"rendered":"https:\/\/panwinjet.com\/?post_type=product&#038;p=1648"},"modified":"2025-10-19T05:52:59","modified_gmt":"2025-10-19T05:52:59","slug":"60000psi-ultra-high-pressure-waterjet-blasting-paint-removal-cleaning-machine-parts-t-and-y-adapter","status":"publish","type":"product","link":"https:\/\/panwinjet.com\/fr\/produit\/60000psi-ultra-high-pressure-waterjet-blasting-paint-removal-cleaning-machine-parts-t-and-y-adapter\/","title":{"rendered":"Pi\u00e8ces de machine de nettoyage pour le d\u00e9capage de peinture par jet d&#039;eau ultra-haute pression (60\u00a0000\u00a0PSI)\u00a0; adaptateur en T et en Y"},"content":{"rendered":"<p>Caract\u00e9ristiques et applications des pi\u00e8ces de la machine de nettoyage et de d\u00e9capage par jet d&#039;eau ultra-haute pression 60\u00a0000\u00a0PSI\u00a0: adaptateur en T et en Y<br \/>\nLes pi\u00e8ces de la machine de nettoyage et de d\u00e9capage par jet d&#039;eau ultra-haute pression de 60\u00a0000\u00a0PSI, notamment l&#039;adaptateur en T et en Y, sont fabriqu\u00e9es en acier inoxydable de qualit\u00e9 a\u00e9rospatiale et sont d&#039;excellente qualit\u00e9. Elles sont dot\u00e9es d&#039;une triple connexion. Les caract\u00e9ristiques de l&#039;adaptateur en Y sont les suivantes\u00a0:<br \/>\nA: Mat\u00e9riaux SST a\u00e9rospatiaux<br \/>\nB : Qualit\u00e9 de fabrication sup\u00e9rieure<br \/>\nC: Installation multiport<\/p>\n<p><img decoding=\"async\" class=\"alignleft size-full wp-image-1662 lazyload\" data-src=\"https:\/\/panwinjet.com\/wp-content\/uploads\/2025\/10\/T-and-Y-adapter-\u53c2\u6570.png\" alt=\"\" width=\"487\" height=\"176\" data-srcset=\"https:\/\/panwinjet.com\/wp-content\/uploads\/2025\/10\/T-and-Y-adapter-\u53c2\u6570.png 487w, https:\/\/panwinjet.com\/wp-content\/uploads\/2025\/10\/T-and-Y-adapter-\u53c2\u6570-300x108.png 300w, https:\/\/panwinjet.com\/wp-content\/uploads\/2025\/10\/T-and-Y-adapter-\u53c2\u6570-150x54.png 150w, https:\/\/panwinjet.com\/wp-content\/uploads\/2025\/10\/T-and-Y-adapter-\u53c2\u6570-480x173.png 480w\" data-sizes=\"(max-width:767px) 480px, 487px\" src=\"data:image\/svg+xml;base64,PHN2ZyB3aWR0aD0iMSIgaGVpZ2h0PSIxIiB4bWxucz0iaHR0cDovL3d3dy53My5vcmcvMjAwMC9zdmciPjwvc3ZnPg==\" style=\"--smush-placeholder-width: 487px; --smush-placeholder-aspect-ratio: 487\/176;\" \/><br \/>\nApplication:<br \/>\nLa machine de nettoyage par jet d&#039;eau \u00e0 ultra-haute pression (60\u00a0000\u00a0PSI), avec ses adaptateurs en T et en Y, est utilis\u00e9e pour diverses applications de nettoyage, notamment le nettoyage de raccords multi-orifices. Elle est principalement utilis\u00e9e pour le nettoyage de surfaces, de r\u00e9servoirs et de cuves, la d\u00e9capage de peintures automobiles, le nettoyage dans l&#039;industrie mini\u00e8re, la sid\u00e9rurgie, le b\u00e2timent, etc.<\/p>","protected":false},"excerpt":{"rendered":"<p><strong><b>Pi\u00e8ces de machine de nettoyage et de d\u00e9capage par jet d&#039;eau ultra-haute pression (60\u00a0000\u00a0PSI) avec adaptateur en T et en Y<\/b><\/strong><\/p>\n<p><strong><b>\u00a0Pr\u00e9sentation des pi\u00e8ces d\u00e9tach\u00e9es pour machine de nettoyage et de d\u00e9capage par jet d&#039;eau ultra-haute pression (60\u00a0000\u00a0PSI)\u00a0: adaptateur en T et en Y<\/b><\/strong><\/p>\n<p>Cette machine de nettoyage et de d\u00e9capage de peinture par jet d&#039;eau ultra-haute pression de 60\u00a0000\u00a0PSI, avec adaptateur en T et en Y, est le connecteur en Y Jetstream, num\u00e9ro de pi\u00e8ce Jetstream pour le bloc 28672 et 54482 avec adaptateur.<\/p>\n<div style=\"width: 720px;\" class=\"wp-video\"><video class=\"wp-video-shortcode\" id=\"video-1648-1\" width=\"720\" height=\"1280\" preload=\"metadata\" controls=\"controls\"><source type=\"video\/mp4\" src=\"https:\/\/panwinjet.com\/wp-content\/uploads\/2025\/10\/Y-Adapter.mp4?_=1\" \/><a href=\"https:\/\/panwinjet.com\/wp-content\/uploads\/2025\/10\/Y-Adapter.mp4\">https:\/\/panwinjet.com\/wp-content\/uploads\/2025\/10\/Y-Adapter.mp4<\/a><\/video><\/div>","protected":false},"featured_media":1658,"template":"","meta":[],"product_brand":[],"product_cat":[7,10,11,5],"product_tag":[47,48,49],"class_list":{"0":"post-1648","1":"product","2":"type-product","3":"status-publish","4":"has-post-thumbnail","6":"product_cat-jetstream-pump-fluid-end-compatibe-parts","7":"product_cat-pipeline-tube-uhp-water-blasting-cleaning-device","8":"product_cat-ship-cleaning-device","9":"product_cat-uhp-rotating-nozzles","10":"product_tag-60kpsi-ultra-high-pressure-waterjet-blasting","11":"product_tag-paint-removal-cleaning-machine-parts","12":"product_tag-uhp-hydro-blasting-y-adapter","14":"first","15":"instock","16":"shipping-taxable","17":"product-type-simple"},"yoast_head":"<!-- This site is optimized with the Yoast SEO plugin v24.9 - https:\/\/yoast.com\/wordpress\/plugins\/seo\/ -->\n<title>60,000PSI Ultra-high pressure Waterjet Blasting Paint removal cleaning machine parts T and Y adapter - Panwin Machinery&amp;Equipment<\/title>\n<meta name=\"robots\" content=\"index, follow, max-snippet:-1, max-image-preview:large, max-video-preview:-1\" \/>\n<link rel=\"canonical\" href=\"https:\/\/panwinjet.com\/fr\/produit\/60000psi-ultra-high-pressure-waterjet-blasting-paint-removal-cleaning-machine-parts-t-and-y-adapter\/\" \/>\n<meta property=\"og:locale\" content=\"fr_FR\" \/>\n<meta property=\"og:type\" content=\"article\" \/>\n<meta property=\"og:title\" content=\"60,000PSI Ultra-high pressure Waterjet Blasting Paint removal cleaning machine parts T and Y adapter - Panwin Machinery&amp;Equipment\" \/>\n<meta property=\"og:description\" content=\"60000PSI Ultra-high pressure Waterjet Blasting Paint removal cleaning machine parts T and Y adapter  \u00a0Introduction of 60000PSI Ultra-high pressure Waterjet Blasting Paint removal cleaning machine parts T and Y adapter  This 60000PSI Ultra-high pressure Waterjet Blasting Paint removal cleaning machine parts T and Y adapter\u00a0is the Jetstream Y connector, the Jetstream Parts No for Block 28672, and 54482 with adapter.\" \/>\n<meta property=\"og:url\" content=\"https:\/\/panwinjet.com\/fr\/produit\/60000psi-ultra-high-pressure-waterjet-blasting-paint-removal-cleaning-machine-parts-t-and-y-adapter\/\" \/>\n<meta property=\"og:site_name\" content=\"Panwin Machinery&amp;Equipment\" \/>\n<meta property=\"og:image\" content=\"https:\/\/panwinjet.com\/wp-content\/uploads\/2025\/10\/\u6e05\u6d01\u4e09\u901a-2-scaled.jpg\" \/>\n\t<meta property=\"og:image:width\" content=\"1920\" \/>\n\t<meta property=\"og:image:height\" content=\"2560\" \/>\n\t<meta property=\"og:image:type\" content=\"image\/jpeg\" \/>\n<meta name=\"twitter:card\" content=\"summary_large_image\" \/>\n<meta name=\"twitter:label1\" content=\"Dur\u00e9e de lecture estim\u00e9e\" \/>\n\t<meta name=\"twitter:data1\" content=\"1 minute\" \/>\n<script type=\"application\/ld+json\" class=\"yoast-schema-graph\">{\"@context\":\"https:\/\/schema.org\",\"@graph\":[{\"@type\":\"WebPage\",\"@id\":\"https:\/\/panwinjet.com\/product\/60000psi-ultra-high-pressure-waterjet-blasting-paint-removal-cleaning-machine-parts-t-and-y-adapter\/\",\"url\":\"https:\/\/panwinjet.com\/product\/60000psi-ultra-high-pressure-waterjet-blasting-paint-removal-cleaning-machine-parts-t-and-y-adapter\/\",\"name\":\"60,000PSI Ultra-high pressure Waterjet Blasting Paint removal cleaning machine parts T and Y adapter - Panwin Machinery&amp;Equipment\",\"isPartOf\":{\"@id\":\"https:\/\/panwinjet.com\/#website\"},\"primaryImageOfPage\":{\"@id\":\"https:\/\/panwinjet.com\/product\/60000psi-ultra-high-pressure-waterjet-blasting-paint-removal-cleaning-machine-parts-t-and-y-adapter\/#primaryimage\"},\"image\":{\"@id\":\"https:\/\/panwinjet.com\/product\/60000psi-ultra-high-pressure-waterjet-blasting-paint-removal-cleaning-machine-parts-t-and-y-adapter\/#primaryimage\"},\"thumbnailUrl\":\"https:\/\/panwinjet.com\/wp-content\/uploads\/2025\/10\/\u6e05\u6d01\u4e09\u901a-2-scaled.jpg\",\"datePublished\":\"2025-10-19T05:52:59+00:00\",\"breadcrumb\":{\"@id\":\"https:\/\/panwinjet.com\/product\/60000psi-ultra-high-pressure-waterjet-blasting-paint-removal-cleaning-machine-parts-t-and-y-adapter\/#breadcrumb\"},\"inLanguage\":\"fr-FR\",\"potentialAction\":[{\"@type\":\"ReadAction\",\"target\":[\"https:\/\/panwinjet.com\/product\/60000psi-ultra-high-pressure-waterjet-blasting-paint-removal-cleaning-machine-parts-t-and-y-adapter\/\"]}]},{\"@type\":\"ImageObject\",\"inLanguage\":\"fr-FR\",\"@id\":\"https:\/\/panwinjet.com\/product\/60000psi-ultra-high-pressure-waterjet-blasting-paint-removal-cleaning-machine-parts-t-and-y-adapter\/#primaryimage\",\"url\":\"https:\/\/panwinjet.com\/wp-content\/uploads\/2025\/10\/\u6e05\u6d01\u4e09\u901a-2-scaled.jpg\",\"contentUrl\":\"https:\/\/panwinjet.com\/wp-content\/uploads\/2025\/10\/\u6e05\u6d01\u4e09\u901a-2-scaled.jpg\",\"width\":1920,\"height\":2560},{\"@type\":\"BreadcrumbList\",\"@id\":\"https:\/\/panwinjet.com\/product\/60000psi-ultra-high-pressure-waterjet-blasting-paint-removal-cleaning-machine-parts-t-and-y-adapter\/#breadcrumb\",\"itemListElement\":[{\"@type\":\"ListItem\",\"position\":1,\"name\":\"\u9996\u9875\",\"item\":\"https:\/\/panwinjet.com\/\"},{\"@type\":\"ListItem\",\"position\":2,\"name\":\"PRODUCT\",\"item\":\"https:\/\/panwinjet.com\/product\/\"},{\"@type\":\"ListItem\",\"position\":3,\"name\":\"60,000PSI Ultra-high pressure Waterjet Blasting Paint removal cleaning machine parts T and Y adapter\"}]},{\"@type\":\"WebSite\",\"@id\":\"https:\/\/panwinjet.com\/#website\",\"url\":\"https:\/\/panwinjet.com\/\",\"name\":\"Panwin Machinery&amp;Equipment\",\"description\":\"Shenzhen Panwin Machinery&amp;Equipment Co.Ltd\",\"potentialAction\":[{\"@type\":\"SearchAction\",\"target\":{\"@type\":\"EntryPoint\",\"urlTemplate\":\"https:\/\/panwinjet.com\/?s={search_term_string}\"},\"query-input\":{\"@type\":\"PropertyValueSpecification\",\"valueRequired\":true,\"valueName\":\"search_term_string\"}}],\"inLanguage\":\"fr-FR\"}]}<\/script>\n<!-- \/ Yoast SEO plugin. -->","yoast_head_json":{"title":"60,000PSI Ultra-high pressure Waterjet Blasting Paint removal cleaning machine parts T and Y adapter - Panwin Machinery&amp;Equipment","robots":{"index":"index","follow":"follow","max-snippet":"max-snippet:-1","max-image-preview":"max-image-preview:large","max-video-preview":"max-video-preview:-1"},"canonical":"https:\/\/panwinjet.com\/fr\/produit\/60000psi-ultra-high-pressure-waterjet-blasting-paint-removal-cleaning-machine-parts-t-and-y-adapter\/","og_locale":"fr_FR","og_type":"article","og_title":"60,000PSI Ultra-high pressure Waterjet Blasting Paint removal cleaning machine parts T and Y adapter - Panwin Machinery&amp;Equipment","og_description":"60000PSI Ultra-high pressure Waterjet Blasting Paint removal cleaning machine parts T and Y adapter  \u00a0Introduction of 60000PSI Ultra-high pressure Waterjet Blasting Paint removal cleaning machine parts T and Y adapter  This 60000PSI Ultra-high pressure Waterjet Blasting Paint removal cleaning machine parts T and Y adapter\u00a0is the Jetstream Y connector, the Jetstream Parts No for Block 28672, and 54482 with adapter.","og_url":"https:\/\/panwinjet.com\/fr\/produit\/60000psi-ultra-high-pressure-waterjet-blasting-paint-removal-cleaning-machine-parts-t-and-y-adapter\/","og_site_name":"Panwin Machinery&amp;Equipment","og_image":[{"width":1920,"height":2560,"url":"https:\/\/panwinjet.com\/wp-content\/uploads\/2025\/10\/\u6e05\u6d01\u4e09\u901a-2-scaled.jpg","type":"image\/jpeg"}],"twitter_card":"summary_large_image","twitter_misc":{"Dur\u00e9e de lecture estim\u00e9e":"1 minute"},"schema":{"@context":"https:\/\/schema.org","@graph":[{"@type":"WebPage","@id":"https:\/\/panwinjet.com\/product\/60000psi-ultra-high-pressure-waterjet-blasting-paint-removal-cleaning-machine-parts-t-and-y-adapter\/","url":"https:\/\/panwinjet.com\/product\/60000psi-ultra-high-pressure-waterjet-blasting-paint-removal-cleaning-machine-parts-t-and-y-adapter\/","name":"60,000PSI Ultra-high pressure Waterjet Blasting Paint removal cleaning machine parts T and Y adapter - Panwin Machinery&amp;Equipment","isPartOf":{"@id":"https:\/\/panwinjet.com\/#website"},"primaryImageOfPage":{"@id":"https:\/\/panwinjet.com\/product\/60000psi-ultra-high-pressure-waterjet-blasting-paint-removal-cleaning-machine-parts-t-and-y-adapter\/#primaryimage"},"image":{"@id":"https:\/\/panwinjet.com\/product\/60000psi-ultra-high-pressure-waterjet-blasting-paint-removal-cleaning-machine-parts-t-and-y-adapter\/#primaryimage"},"thumbnailUrl":"https:\/\/panwinjet.com\/wp-content\/uploads\/2025\/10\/\u6e05\u6d01\u4e09\u901a-2-scaled.jpg","datePublished":"2025-10-19T05:52:59+00:00","breadcrumb":{"@id":"https:\/\/panwinjet.com\/product\/60000psi-ultra-high-pressure-waterjet-blasting-paint-removal-cleaning-machine-parts-t-and-y-adapter\/#breadcrumb"},"inLanguage":"fr-FR","potentialAction":[{"@type":"ReadAction","target":["https:\/\/panwinjet.com\/product\/60000psi-ultra-high-pressure-waterjet-blasting-paint-removal-cleaning-machine-parts-t-and-y-adapter\/"]}]},{"@type":"ImageObject","inLanguage":"fr-FR","@id":"https:\/\/panwinjet.com\/product\/60000psi-ultra-high-pressure-waterjet-blasting-paint-removal-cleaning-machine-parts-t-and-y-adapter\/#primaryimage","url":"https:\/\/panwinjet.com\/wp-content\/uploads\/2025\/10\/\u6e05\u6d01\u4e09\u901a-2-scaled.jpg","contentUrl":"https:\/\/panwinjet.com\/wp-content\/uploads\/2025\/10\/\u6e05\u6d01\u4e09\u901a-2-scaled.jpg","width":1920,"height":2560},{"@type":"BreadcrumbList","@id":"https:\/\/panwinjet.com\/product\/60000psi-ultra-high-pressure-waterjet-blasting-paint-removal-cleaning-machine-parts-t-and-y-adapter\/#breadcrumb","itemListElement":[{"@type":"ListItem","position":1,"name":"\u9996\u9875","item":"https:\/\/panwinjet.com\/"},{"@type":"ListItem","position":2,"name":"PRODUCT","item":"https:\/\/panwinjet.com\/product\/"},{"@type":"ListItem","position":3,"name":"60,000PSI Ultra-high pressure Waterjet Blasting Paint removal cleaning machine parts T and Y adapter"}]},{"@type":"WebSite","@id":"https:\/\/panwinjet.com\/#website","url":"https:\/\/panwinjet.com\/","name":"Panwin Machinery&amp;Equipment","description":"Shenzhen Panwin Machinery&amp;Equipment Co.Ltd","potentialAction":[{"@type":"SearchAction","target":{"@type":"EntryPoint","urlTemplate":"https:\/\/panwinjet.com\/?s={search_term_string}"},"query-input":{"@type":"PropertyValueSpecification","valueRequired":true,"valueName":"search_term_string"}}],"inLanguage":"fr-FR"}]}},"_links":{"self":[{"href":"https:\/\/panwinjet.com\/fr\/wp-json\/wp\/v2\/product\/1648","targetHints":{"allow":["GET"]}}],"collection":[{"href":"https:\/\/panwinjet.com\/fr\/wp-json\/wp\/v2\/product"}],"about":[{"href":"https:\/\/panwinjet.com\/fr\/wp-json\/wp\/v2\/types\/product"}],"wp:featuredmedia":[{"embeddable":true,"href":"https:\/\/panwinjet.com\/fr\/wp-json\/wp\/v2\/media\/1658"}],"wp:attachment":[{"href":"https:\/\/panwinjet.com\/fr\/wp-json\/wp\/v2\/media?parent=1648"}],"wp:term":[{"taxonomy":"product_brand","embeddable":true,"href":"https:\/\/panwinjet.com\/fr\/wp-json\/wp\/v2\/product_brand?post=1648"},{"taxonomy":"product_cat","embeddable":true,"href":"https:\/\/panwinjet.com\/fr\/wp-json\/wp\/v2\/product_cat?post=1648"},{"taxonomy":"product_tag","embeddable":true,"href":"https:\/\/panwinjet.com\/fr\/wp-json\/wp\/v2\/product_tag?post=1648"}],"curies":[{"name":"wp","href":"https:\/\/api.w.org\/{rel}","templated":true}]}}