{"id":1643,"date":"2025-10-18T17:21:39","date_gmt":"2025-10-18T17:21:39","guid":{"rendered":"https:\/\/panwinjet.com\/?post_type=product&#038;p=1643"},"modified":"2025-10-18T17:21:39","modified_gmt":"2025-10-18T17:21:39","slug":"2800bar-uhp-hydro-blasting-shipyard-barracuda-surface-preparation-cleaning-self-rotary-nozzles","status":"publish","type":"product","link":"https:\/\/panwinjet.com\/fr\/produit\/2800bar-uhp-hydro-blasting-shipyard-barracuda-surface-preparation-cleaning-self-rotary-nozzles\/","title":{"rendered":"Nettoyage par hydrod\u00e9capage UHP 2800 bars pour chantiers navals Barracuda\u00a0: pr\u00e9paration de surface, buses auto-rotatives"},"content":{"rendered":"<p>Ces buses \u00e0 t\u00eate auto-rotative pour le sablage haute pression par jet d&#039;eau offrent une grande polyvalence pour un entretien facile, et leur cartouche est adaptable et d&#039;une dur\u00e9e de vie extr\u00eamement longue.<\/p>\n<p>Et pr\u00e9sent\u00e9s comme suit\u00a0:<\/p>\n<p>1 : Aucun air comprim\u00e9 n&#039;est n\u00e9cessaire pour faire tourner le m\u00e9canisme.<\/p>\n<p>2 : Pression et vitesse contr\u00f4lables pour des t\u00e2ches polyvalentes<\/p>\n<p>3 : Entretien facile et remplacement rapide<\/p>\n<p>4 : L\u00e9ger et tr\u00e8s efficace<\/p>\n<p>Sa structure compacte et simple en fait un objet <strong><b>40 000 psi<\/b><\/strong><strong><b>\u00a02800 bars<\/b><\/strong><strong><b>\u00a0Mer<\/b><\/strong><strong><b>&#8211;<\/b><\/strong><strong><b>Chantier naval King UHP Barracuda <\/b><\/strong><strong><b>Pr\u00e9paration de surface <\/b><\/strong><strong><b>Nettoyage des buses auto-rotatives<\/b><\/strong><strong><b>\u00a0Facile d&#039;entretien, c&#039;est le premier choix pour le nettoyage des chantiers navals pour les t\u00e2ches urgentes et permettant un gain de temps consid\u00e9rable.<\/b><\/strong><\/p>\n<div style=\"width: 544px;\" class=\"wp-video\"><video class=\"wp-video-shortcode\" id=\"video-1643-1\" width=\"544\" height=\"960\" preload=\"metadata\" controls=\"controls\"><source type=\"video\/mp4\" src=\"https:\/\/panwinjet.com\/wp-content\/uploads\/2025\/10\/2800Bar-40Kpsi-Self-Rotary-barracuda-Nozzles.mp4?_=1\" \/><a href=\"https:\/\/panwinjet.com\/wp-content\/uploads\/2025\/10\/2800Bar-40Kpsi-Self-Rotary-barracuda-Nozzles.mp4\">https:\/\/panwinjet.com\/wp-content\/uploads\/2025\/10\/2800Bar-40Kpsi-Self-Rotary-barracuda-Nozzles.mp4<\/a><\/video><\/div>","protected":false},"excerpt":{"rendered":"<p>Pour les buses auto-rotatives Barracuda de coque de navire de 2800 bars, les buses auto-rotatives de nettoyage hydrodynamique UHP poss\u00e8dent les caract\u00e9ristiques avanc\u00e9es suivantes\u00a0:<br \/>\nLa dur\u00e9e de vie de ce roulement de buse Barracuda de 40 000 PSI est prolong\u00e9e par 30%-50%.<\/p>\n<p><strong><b>Buses \u00e0 jet d&#039;eau ultra haute pression \u00e0 rotation automatique <\/b><\/strong>Le remplacement du joint est plus simple gr\u00e2ce \u00e0 la m\u00e9thode de remplacement du joint torique du couvercle inf\u00e9rieur, ce qui permet un gain de temps consid\u00e9rable.<\/p>","protected":false},"featured_media":1645,"template":"","meta":[],"product_brand":[],"product_cat":[11,5],"product_tag":[46,45],"class_list":{"0":"post-1643","1":"product","2":"type-product","3":"status-publish","4":"has-post-thumbnail","6":"product_cat-ship-cleaning-device","7":"product_cat-uhp-rotating-nozzles","8":"product_tag-high-quality-rotary-nozzles","9":"product_tag-uhp-easy-service-rotary-nozzles","11":"first","12":"instock","13":"shipping-taxable","14":"product-type-simple"},"yoast_head":"<!-- This site is optimized with the Yoast SEO plugin v24.9 - https:\/\/yoast.com\/wordpress\/plugins\/seo\/ -->\n<title>2800Bar UHP Hydro-Blasting Shipyard Barracuda Surface Preparation Cleaning Self-Rotary Nozzles - Panwin Machinery&amp;Equipment<\/title>\n<meta name=\"robots\" content=\"index, follow, max-snippet:-1, max-image-preview:large, max-video-preview:-1\" \/>\n<link rel=\"canonical\" href=\"https:\/\/panwinjet.com\/fr\/produit\/2800bar-uhp-hydro-blasting-shipyard-barracuda-surface-preparation-cleaning-self-rotary-nozzles\/\" \/>\n<meta property=\"og:locale\" content=\"fr_FR\" \/>\n<meta property=\"og:type\" content=\"article\" \/>\n<meta property=\"og:title\" content=\"2800Bar UHP Hydro-Blasting Shipyard Barracuda Surface Preparation Cleaning Self-Rotary Nozzles - Panwin Machinery&amp;Equipment\" \/>\n<meta property=\"og:description\" content=\"For the 2800Bar Ship Hull Self-Rotary Barracuda nozzles, the UHP Hydro Blasting Self-Rotary nozzles have the advanced features nozzles: This 40000PSI Barracuda nozzle bearing life is extended by 30%-50%.  The ultra high pressure water blast nozzle Self-Rotary Nozzles Seal replacement is more simple, using the bottom cover O-ring replacement method, saving significant time.\" \/>\n<meta property=\"og:url\" content=\"https:\/\/panwinjet.com\/fr\/produit\/2800bar-uhp-hydro-blasting-shipyard-barracuda-surface-preparation-cleaning-self-rotary-nozzles\/\" \/>\n<meta property=\"og:site_name\" content=\"Panwin Machinery&amp;Equipment\" \/>\n<meta property=\"og:image\" content=\"https:\/\/panwinjet.com\/wp-content\/uploads\/2025\/10\/2800Bar-40Kpsi-UHP-Self-Rotary-Nozzles-2.jpg\" \/>\n\t<meta property=\"og:image:width\" content=\"1279\" \/>\n\t<meta property=\"og:image:height\" content=\"1706\" \/>\n\t<meta property=\"og:image:type\" content=\"image\/jpeg\" \/>\n<meta name=\"twitter:card\" content=\"summary_large_image\" \/>\n<meta name=\"twitter:label1\" content=\"Dur\u00e9e de lecture estim\u00e9e\" \/>\n\t<meta name=\"twitter:data1\" content=\"1 minute\" \/>\n<script type=\"application\/ld+json\" class=\"yoast-schema-graph\">{\"@context\":\"https:\/\/schema.org\",\"@graph\":[{\"@type\":\"WebPage\",\"@id\":\"https:\/\/panwinjet.com\/product\/2800bar-uhp-hydro-blasting-shipyard-barracuda-surface-preparation-cleaning-self-rotary-nozzles\/\",\"url\":\"https:\/\/panwinjet.com\/product\/2800bar-uhp-hydro-blasting-shipyard-barracuda-surface-preparation-cleaning-self-rotary-nozzles\/\",\"name\":\"2800Bar UHP Hydro-Blasting Shipyard Barracuda Surface Preparation Cleaning Self-Rotary Nozzles - Panwin Machinery&amp;Equipment\",\"isPartOf\":{\"@id\":\"https:\/\/panwinjet.com\/#website\"},\"primaryImageOfPage\":{\"@id\":\"https:\/\/panwinjet.com\/product\/2800bar-uhp-hydro-blasting-shipyard-barracuda-surface-preparation-cleaning-self-rotary-nozzles\/#primaryimage\"},\"image\":{\"@id\":\"https:\/\/panwinjet.com\/product\/2800bar-uhp-hydro-blasting-shipyard-barracuda-surface-preparation-cleaning-self-rotary-nozzles\/#primaryimage\"},\"thumbnailUrl\":\"https:\/\/panwinjet.com\/wp-content\/uploads\/2025\/10\/2800Bar-40Kpsi-UHP-Self-Rotary-Nozzles-2.jpg\",\"datePublished\":\"2025-10-18T17:21:39+00:00\",\"breadcrumb\":{\"@id\":\"https:\/\/panwinjet.com\/product\/2800bar-uhp-hydro-blasting-shipyard-barracuda-surface-preparation-cleaning-self-rotary-nozzles\/#breadcrumb\"},\"inLanguage\":\"fr-FR\",\"potentialAction\":[{\"@type\":\"ReadAction\",\"target\":[\"https:\/\/panwinjet.com\/product\/2800bar-uhp-hydro-blasting-shipyard-barracuda-surface-preparation-cleaning-self-rotary-nozzles\/\"]}]},{\"@type\":\"ImageObject\",\"inLanguage\":\"fr-FR\",\"@id\":\"https:\/\/panwinjet.com\/product\/2800bar-uhp-hydro-blasting-shipyard-barracuda-surface-preparation-cleaning-self-rotary-nozzles\/#primaryimage\",\"url\":\"https:\/\/panwinjet.com\/wp-content\/uploads\/2025\/10\/2800Bar-40Kpsi-UHP-Self-Rotary-Nozzles-2.jpg\",\"contentUrl\":\"https:\/\/panwinjet.com\/wp-content\/uploads\/2025\/10\/2800Bar-40Kpsi-UHP-Self-Rotary-Nozzles-2.jpg\",\"width\":1279,\"height\":1706},{\"@type\":\"BreadcrumbList\",\"@id\":\"https:\/\/panwinjet.com\/product\/2800bar-uhp-hydro-blasting-shipyard-barracuda-surface-preparation-cleaning-self-rotary-nozzles\/#breadcrumb\",\"itemListElement\":[{\"@type\":\"ListItem\",\"position\":1,\"name\":\"\u9996\u9875\",\"item\":\"https:\/\/panwinjet.com\/\"},{\"@type\":\"ListItem\",\"position\":2,\"name\":\"PRODUCT\",\"item\":\"https:\/\/panwinjet.com\/product\/\"},{\"@type\":\"ListItem\",\"position\":3,\"name\":\"2800Bar UHP Hydro-Blasting Shipyard Barracuda Surface Preparation Cleaning Self-Rotary Nozzles\"}]},{\"@type\":\"WebSite\",\"@id\":\"https:\/\/panwinjet.com\/#website\",\"url\":\"https:\/\/panwinjet.com\/\",\"name\":\"Panwin Machinery&amp;Equipment\",\"description\":\"Shenzhen Panwin Machinery&amp;Equipment Co.Ltd\",\"potentialAction\":[{\"@type\":\"SearchAction\",\"target\":{\"@type\":\"EntryPoint\",\"urlTemplate\":\"https:\/\/panwinjet.com\/?s={search_term_string}\"},\"query-input\":{\"@type\":\"PropertyValueSpecification\",\"valueRequired\":true,\"valueName\":\"search_term_string\"}}],\"inLanguage\":\"fr-FR\"}]}<\/script>\n<!-- \/ Yoast SEO plugin. -->","yoast_head_json":{"title":"2800Bar UHP Hydro-Blasting Shipyard Barracuda Surface Preparation Cleaning Self-Rotary Nozzles - Panwin Machinery&amp;Equipment","robots":{"index":"index","follow":"follow","max-snippet":"max-snippet:-1","max-image-preview":"max-image-preview:large","max-video-preview":"max-video-preview:-1"},"canonical":"https:\/\/panwinjet.com\/fr\/produit\/2800bar-uhp-hydro-blasting-shipyard-barracuda-surface-preparation-cleaning-self-rotary-nozzles\/","og_locale":"fr_FR","og_type":"article","og_title":"2800Bar UHP Hydro-Blasting Shipyard Barracuda Surface Preparation Cleaning Self-Rotary Nozzles - Panwin Machinery&amp;Equipment","og_description":"For the 2800Bar Ship Hull Self-Rotary Barracuda nozzles, the UHP Hydro Blasting Self-Rotary nozzles have the advanced features nozzles: This 40000PSI Barracuda nozzle bearing life is extended by 30%-50%.  The ultra high pressure water blast nozzle Self-Rotary Nozzles Seal replacement is more simple, using the bottom cover O-ring replacement method, saving significant time.","og_url":"https:\/\/panwinjet.com\/fr\/produit\/2800bar-uhp-hydro-blasting-shipyard-barracuda-surface-preparation-cleaning-self-rotary-nozzles\/","og_site_name":"Panwin Machinery&amp;Equipment","og_image":[{"width":1279,"height":1706,"url":"https:\/\/panwinjet.com\/wp-content\/uploads\/2025\/10\/2800Bar-40Kpsi-UHP-Self-Rotary-Nozzles-2.jpg","type":"image\/jpeg"}],"twitter_card":"summary_large_image","twitter_misc":{"Dur\u00e9e de lecture estim\u00e9e":"1 minute"},"schema":{"@context":"https:\/\/schema.org","@graph":[{"@type":"WebPage","@id":"https:\/\/panwinjet.com\/product\/2800bar-uhp-hydro-blasting-shipyard-barracuda-surface-preparation-cleaning-self-rotary-nozzles\/","url":"https:\/\/panwinjet.com\/product\/2800bar-uhp-hydro-blasting-shipyard-barracuda-surface-preparation-cleaning-self-rotary-nozzles\/","name":"2800Bar UHP Hydro-Blasting Shipyard Barracuda Surface Preparation Cleaning Self-Rotary Nozzles - Panwin Machinery&amp;Equipment","isPartOf":{"@id":"https:\/\/panwinjet.com\/#website"},"primaryImageOfPage":{"@id":"https:\/\/panwinjet.com\/product\/2800bar-uhp-hydro-blasting-shipyard-barracuda-surface-preparation-cleaning-self-rotary-nozzles\/#primaryimage"},"image":{"@id":"https:\/\/panwinjet.com\/product\/2800bar-uhp-hydro-blasting-shipyard-barracuda-surface-preparation-cleaning-self-rotary-nozzles\/#primaryimage"},"thumbnailUrl":"https:\/\/panwinjet.com\/wp-content\/uploads\/2025\/10\/2800Bar-40Kpsi-UHP-Self-Rotary-Nozzles-2.jpg","datePublished":"2025-10-18T17:21:39+00:00","breadcrumb":{"@id":"https:\/\/panwinjet.com\/product\/2800bar-uhp-hydro-blasting-shipyard-barracuda-surface-preparation-cleaning-self-rotary-nozzles\/#breadcrumb"},"inLanguage":"fr-FR","potentialAction":[{"@type":"ReadAction","target":["https:\/\/panwinjet.com\/product\/2800bar-uhp-hydro-blasting-shipyard-barracuda-surface-preparation-cleaning-self-rotary-nozzles\/"]}]},{"@type":"ImageObject","inLanguage":"fr-FR","@id":"https:\/\/panwinjet.com\/product\/2800bar-uhp-hydro-blasting-shipyard-barracuda-surface-preparation-cleaning-self-rotary-nozzles\/#primaryimage","url":"https:\/\/panwinjet.com\/wp-content\/uploads\/2025\/10\/2800Bar-40Kpsi-UHP-Self-Rotary-Nozzles-2.jpg","contentUrl":"https:\/\/panwinjet.com\/wp-content\/uploads\/2025\/10\/2800Bar-40Kpsi-UHP-Self-Rotary-Nozzles-2.jpg","width":1279,"height":1706},{"@type":"BreadcrumbList","@id":"https:\/\/panwinjet.com\/product\/2800bar-uhp-hydro-blasting-shipyard-barracuda-surface-preparation-cleaning-self-rotary-nozzles\/#breadcrumb","itemListElement":[{"@type":"ListItem","position":1,"name":"\u9996\u9875","item":"https:\/\/panwinjet.com\/"},{"@type":"ListItem","position":2,"name":"PRODUCT","item":"https:\/\/panwinjet.com\/product\/"},{"@type":"ListItem","position":3,"name":"2800Bar UHP Hydro-Blasting Shipyard Barracuda Surface Preparation Cleaning Self-Rotary Nozzles"}]},{"@type":"WebSite","@id":"https:\/\/panwinjet.com\/#website","url":"https:\/\/panwinjet.com\/","name":"Panwin Machinery&amp;Equipment","description":"Shenzhen Panwin Machinery&amp;Equipment Co.Ltd","potentialAction":[{"@type":"SearchAction","target":{"@type":"EntryPoint","urlTemplate":"https:\/\/panwinjet.com\/?s={search_term_string}"},"query-input":{"@type":"PropertyValueSpecification","valueRequired":true,"valueName":"search_term_string"}}],"inLanguage":"fr-FR"}]}},"_links":{"self":[{"href":"https:\/\/panwinjet.com\/fr\/wp-json\/wp\/v2\/product\/1643","targetHints":{"allow":["GET"]}}],"collection":[{"href":"https:\/\/panwinjet.com\/fr\/wp-json\/wp\/v2\/product"}],"about":[{"href":"https:\/\/panwinjet.com\/fr\/wp-json\/wp\/v2\/types\/product"}],"wp:featuredmedia":[{"embeddable":true,"href":"https:\/\/panwinjet.com\/fr\/wp-json\/wp\/v2\/media\/1645"}],"wp:attachment":[{"href":"https:\/\/panwinjet.com\/fr\/wp-json\/wp\/v2\/media?parent=1643"}],"wp:term":[{"taxonomy":"product_brand","embeddable":true,"href":"https:\/\/panwinjet.com\/fr\/wp-json\/wp\/v2\/product_brand?post=1643"},{"taxonomy":"product_cat","embeddable":true,"href":"https:\/\/panwinjet.com\/fr\/wp-json\/wp\/v2\/product_cat?post=1643"},{"taxonomy":"product_tag","embeddable":true,"href":"https:\/\/panwinjet.com\/fr\/wp-json\/wp\/v2\/product_tag?post=1643"}],"curies":[{"name":"wp","href":"https:\/\/api.w.org\/{rel}","templated":true}]}}