{"id":1638,"date":"2025-10-18T17:07:52","date_gmt":"2025-10-18T17:07:52","guid":{"rendered":"https:\/\/panwinjet.com\/?post_type=product&#038;p=1638"},"modified":"2025-10-18T17:07:53","modified_gmt":"2025-10-18T17:07:53","slug":"ultra-high-pressure-glass-waterjet-cutting-machine-parts-shock-attenuator-for-dardi-machine","status":"publish","type":"product","link":"https:\/\/panwinjet.com\/fr\/produit\/ultra-high-pressure-glass-waterjet-cutting-machine-parts-shock-attenuator-for-dardi-machine\/","title":{"rendered":"Pi\u00e8ces d\u00e9tach\u00e9es pour machine de d\u00e9coupe au jet d&#039;eau ultra-haute pression du verre\u00a0: att\u00e9nuateur de choc pour machine Dardi"},"content":{"rendered":"<p><strong><b>Param\u00e8tre (sp\u00e9cification) de <\/b><\/strong>Pi\u00e8ces d\u00e9tach\u00e9es pour machine de d\u00e9coupe au jet d&#039;eau ultra-haute pression du verre\u00a0: att\u00e9nuateur de choc pour machine Dardi<\/p>\n<p>L&#039;att\u00e9nuateur de chocs pour machine de d\u00e9coupe au jet d&#039;eau de verre \u00e0 ultra-haute pression Dardi a les dimensions suivantes : Longueur : 870 mm, Diam\u00e8tre : 110 mm, Diam\u00e8tre int\u00e9rieur : 42 mm, le type de filetage est 22*1,5.<\/p>","protected":false},"excerpt":{"rendered":"<p><strong><b>Pi\u00e8ces d\u00e9tach\u00e9es pour machine de d\u00e9coupe au jet d&#039;eau ultra-haute pression du verre\u00a0: att\u00e9nuateur de choc pour machine Dardi<\/b><\/strong><\/p>\n<p><strong><b>1. Pr\u00e9sentation du produit\u00a0: Amortisseur de chocs pour machine de d\u00e9coupe au jet d&#039;eau ultra-haute pression Dardi<\/b><\/strong><\/p>\n<p>Ce <strong><b>Pi\u00e8ces d\u00e9tach\u00e9es pour machine de d\u00e9coupe au jet d&#039;eau ultra-haute pression du verre\u00a0: att\u00e9nuateur de choc pour machine Dardi<\/b><\/strong><strong><b>\u00a0est rempla\u00e7able pour le corps d&#039;accumulateur ancien mod\u00e8le Dardi No.EP0125.<\/b><\/strong><\/p>","protected":false},"featured_media":1640,"template":"","meta":[],"product_brand":[],"product_cat":[22],"product_tag":[44],"class_list":{"0":"post-1638","1":"product","2":"type-product","3":"status-publish","4":"has-post-thumbnail","6":"product_cat-waterjet-cutting-machine-parts","7":"product_tag-shock-attenuator-for-dardi-machine","9":"first","10":"instock","11":"shipping-taxable","12":"product-type-simple"},"yoast_head":"<!-- This site is optimized with the Yoast SEO plugin v24.9 - https:\/\/yoast.com\/wordpress\/plugins\/seo\/ -->\n<title>Ultra-high pressure Glass waterjet cutting machine parts Shock attenuator for Dardi machine - Panwin Machinery&amp;Equipment<\/title>\n<meta name=\"robots\" content=\"index, follow, max-snippet:-1, max-image-preview:large, max-video-preview:-1\" \/>\n<link rel=\"canonical\" href=\"https:\/\/panwinjet.com\/fr\/produit\/ultra-high-pressure-glass-waterjet-cutting-machine-parts-shock-attenuator-for-dardi-machine\/\" \/>\n<meta property=\"og:locale\" content=\"fr_FR\" \/>\n<meta property=\"og:type\" content=\"article\" \/>\n<meta property=\"og:title\" content=\"Ultra-high pressure Glass waterjet cutting machine parts Shock attenuator for Dardi machine - Panwin Machinery&amp;Equipment\" \/>\n<meta property=\"og:description\" content=\"Ultra-high pressure Glass waterjet cutting machine parts Shock attenuator for Dardi machine  1.Product Introduction of Ultra-high pressure Glass waterjet cutting machine parts Shock attenuator for Dardi machine  This Ultra-high pressure Glass waterjet cutting machine parts Shock attenuator for Dardi machine\u00a0is replacable for Dardi No.EP0125 old style accumulator body.\" \/>\n<meta property=\"og:url\" content=\"https:\/\/panwinjet.com\/fr\/produit\/ultra-high-pressure-glass-waterjet-cutting-machine-parts-shock-attenuator-for-dardi-machine\/\" \/>\n<meta property=\"og:site_name\" content=\"Panwin Machinery&amp;Equipment\" \/>\n<meta property=\"article:modified_time\" content=\"2025-10-18T17:07:53+00:00\" \/>\n<meta property=\"og:image\" content=\"https:\/\/panwinjet.com\/wp-content\/uploads\/2025\/10\/\u5927\u5730\u50a8\u80fd\u5668-3.jpg\" \/>\n\t<meta property=\"og:image:width\" content=\"832\" \/>\n\t<meta property=\"og:image:height\" content=\"530\" \/>\n\t<meta property=\"og:image:type\" content=\"image\/jpeg\" \/>\n<meta name=\"twitter:card\" content=\"summary_large_image\" \/>\n<meta name=\"twitter:label1\" content=\"Dur\u00e9e de lecture estim\u00e9e\" \/>\n\t<meta name=\"twitter:data1\" content=\"1 minute\" \/>\n<script type=\"application\/ld+json\" class=\"yoast-schema-graph\">{\"@context\":\"https:\/\/schema.org\",\"@graph\":[{\"@type\":\"WebPage\",\"@id\":\"https:\/\/panwinjet.com\/product\/ultra-high-pressure-glass-waterjet-cutting-machine-parts-shock-attenuator-for-dardi-machine\/\",\"url\":\"https:\/\/panwinjet.com\/product\/ultra-high-pressure-glass-waterjet-cutting-machine-parts-shock-attenuator-for-dardi-machine\/\",\"name\":\"Ultra-high pressure Glass waterjet cutting machine parts Shock attenuator for Dardi machine - Panwin Machinery&amp;Equipment\",\"isPartOf\":{\"@id\":\"https:\/\/panwinjet.com\/#website\"},\"primaryImageOfPage\":{\"@id\":\"https:\/\/panwinjet.com\/product\/ultra-high-pressure-glass-waterjet-cutting-machine-parts-shock-attenuator-for-dardi-machine\/#primaryimage\"},\"image\":{\"@id\":\"https:\/\/panwinjet.com\/product\/ultra-high-pressure-glass-waterjet-cutting-machine-parts-shock-attenuator-for-dardi-machine\/#primaryimage\"},\"thumbnailUrl\":\"https:\/\/panwinjet.com\/wp-content\/uploads\/2025\/10\/\u5927\u5730\u50a8\u80fd\u5668-3.jpg\",\"datePublished\":\"2025-10-18T17:07:52+00:00\",\"dateModified\":\"2025-10-18T17:07:53+00:00\",\"breadcrumb\":{\"@id\":\"https:\/\/panwinjet.com\/product\/ultra-high-pressure-glass-waterjet-cutting-machine-parts-shock-attenuator-for-dardi-machine\/#breadcrumb\"},\"inLanguage\":\"fr-FR\",\"potentialAction\":[{\"@type\":\"ReadAction\",\"target\":[\"https:\/\/panwinjet.com\/product\/ultra-high-pressure-glass-waterjet-cutting-machine-parts-shock-attenuator-for-dardi-machine\/\"]}]},{\"@type\":\"ImageObject\",\"inLanguage\":\"fr-FR\",\"@id\":\"https:\/\/panwinjet.com\/product\/ultra-high-pressure-glass-waterjet-cutting-machine-parts-shock-attenuator-for-dardi-machine\/#primaryimage\",\"url\":\"https:\/\/panwinjet.com\/wp-content\/uploads\/2025\/10\/\u5927\u5730\u50a8\u80fd\u5668-3.jpg\",\"contentUrl\":\"https:\/\/panwinjet.com\/wp-content\/uploads\/2025\/10\/\u5927\u5730\u50a8\u80fd\u5668-3.jpg\",\"width\":832,\"height\":530},{\"@type\":\"BreadcrumbList\",\"@id\":\"https:\/\/panwinjet.com\/product\/ultra-high-pressure-glass-waterjet-cutting-machine-parts-shock-attenuator-for-dardi-machine\/#breadcrumb\",\"itemListElement\":[{\"@type\":\"ListItem\",\"position\":1,\"name\":\"\u9996\u9875\",\"item\":\"https:\/\/panwinjet.com\/\"},{\"@type\":\"ListItem\",\"position\":2,\"name\":\"PRODUCT\",\"item\":\"https:\/\/panwinjet.com\/product\/\"},{\"@type\":\"ListItem\",\"position\":3,\"name\":\"Ultra-high pressure Glass waterjet cutting machine parts Shock attenuator for Dardi machine\"}]},{\"@type\":\"WebSite\",\"@id\":\"https:\/\/panwinjet.com\/#website\",\"url\":\"https:\/\/panwinjet.com\/\",\"name\":\"Panwin Machinery&amp;Equipment\",\"description\":\"Shenzhen Panwin Machinery&amp;Equipment Co.Ltd\",\"potentialAction\":[{\"@type\":\"SearchAction\",\"target\":{\"@type\":\"EntryPoint\",\"urlTemplate\":\"https:\/\/panwinjet.com\/?s={search_term_string}\"},\"query-input\":{\"@type\":\"PropertyValueSpecification\",\"valueRequired\":true,\"valueName\":\"search_term_string\"}}],\"inLanguage\":\"fr-FR\"}]}<\/script>\n<!-- \/ Yoast SEO plugin. -->","yoast_head_json":{"title":"Ultra-high pressure Glass waterjet cutting machine parts Shock attenuator for Dardi machine - Panwin Machinery&amp;Equipment","robots":{"index":"index","follow":"follow","max-snippet":"max-snippet:-1","max-image-preview":"max-image-preview:large","max-video-preview":"max-video-preview:-1"},"canonical":"https:\/\/panwinjet.com\/fr\/produit\/ultra-high-pressure-glass-waterjet-cutting-machine-parts-shock-attenuator-for-dardi-machine\/","og_locale":"fr_FR","og_type":"article","og_title":"Ultra-high pressure Glass waterjet cutting machine parts Shock attenuator for Dardi machine - Panwin Machinery&amp;Equipment","og_description":"Ultra-high pressure Glass waterjet cutting machine parts Shock attenuator for Dardi machine  1.Product Introduction of Ultra-high pressure Glass waterjet cutting machine parts Shock attenuator for Dardi machine  This Ultra-high pressure Glass waterjet cutting machine parts Shock attenuator for Dardi machine\u00a0is replacable for Dardi No.EP0125 old style accumulator body.","og_url":"https:\/\/panwinjet.com\/fr\/produit\/ultra-high-pressure-glass-waterjet-cutting-machine-parts-shock-attenuator-for-dardi-machine\/","og_site_name":"Panwin Machinery&amp;Equipment","article_modified_time":"2025-10-18T17:07:53+00:00","og_image":[{"width":832,"height":530,"url":"https:\/\/panwinjet.com\/wp-content\/uploads\/2025\/10\/\u5927\u5730\u50a8\u80fd\u5668-3.jpg","type":"image\/jpeg"}],"twitter_card":"summary_large_image","twitter_misc":{"Dur\u00e9e de lecture estim\u00e9e":"1 minute"},"schema":{"@context":"https:\/\/schema.org","@graph":[{"@type":"WebPage","@id":"https:\/\/panwinjet.com\/product\/ultra-high-pressure-glass-waterjet-cutting-machine-parts-shock-attenuator-for-dardi-machine\/","url":"https:\/\/panwinjet.com\/product\/ultra-high-pressure-glass-waterjet-cutting-machine-parts-shock-attenuator-for-dardi-machine\/","name":"Ultra-high pressure Glass waterjet cutting machine parts Shock attenuator for Dardi machine - Panwin Machinery&amp;Equipment","isPartOf":{"@id":"https:\/\/panwinjet.com\/#website"},"primaryImageOfPage":{"@id":"https:\/\/panwinjet.com\/product\/ultra-high-pressure-glass-waterjet-cutting-machine-parts-shock-attenuator-for-dardi-machine\/#primaryimage"},"image":{"@id":"https:\/\/panwinjet.com\/product\/ultra-high-pressure-glass-waterjet-cutting-machine-parts-shock-attenuator-for-dardi-machine\/#primaryimage"},"thumbnailUrl":"https:\/\/panwinjet.com\/wp-content\/uploads\/2025\/10\/\u5927\u5730\u50a8\u80fd\u5668-3.jpg","datePublished":"2025-10-18T17:07:52+00:00","dateModified":"2025-10-18T17:07:53+00:00","breadcrumb":{"@id":"https:\/\/panwinjet.com\/product\/ultra-high-pressure-glass-waterjet-cutting-machine-parts-shock-attenuator-for-dardi-machine\/#breadcrumb"},"inLanguage":"fr-FR","potentialAction":[{"@type":"ReadAction","target":["https:\/\/panwinjet.com\/product\/ultra-high-pressure-glass-waterjet-cutting-machine-parts-shock-attenuator-for-dardi-machine\/"]}]},{"@type":"ImageObject","inLanguage":"fr-FR","@id":"https:\/\/panwinjet.com\/product\/ultra-high-pressure-glass-waterjet-cutting-machine-parts-shock-attenuator-for-dardi-machine\/#primaryimage","url":"https:\/\/panwinjet.com\/wp-content\/uploads\/2025\/10\/\u5927\u5730\u50a8\u80fd\u5668-3.jpg","contentUrl":"https:\/\/panwinjet.com\/wp-content\/uploads\/2025\/10\/\u5927\u5730\u50a8\u80fd\u5668-3.jpg","width":832,"height":530},{"@type":"BreadcrumbList","@id":"https:\/\/panwinjet.com\/product\/ultra-high-pressure-glass-waterjet-cutting-machine-parts-shock-attenuator-for-dardi-machine\/#breadcrumb","itemListElement":[{"@type":"ListItem","position":1,"name":"\u9996\u9875","item":"https:\/\/panwinjet.com\/"},{"@type":"ListItem","position":2,"name":"PRODUCT","item":"https:\/\/panwinjet.com\/product\/"},{"@type":"ListItem","position":3,"name":"Ultra-high pressure Glass waterjet cutting machine parts Shock attenuator for Dardi machine"}]},{"@type":"WebSite","@id":"https:\/\/panwinjet.com\/#website","url":"https:\/\/panwinjet.com\/","name":"Panwin Machinery&amp;Equipment","description":"Shenzhen Panwin Machinery&amp;Equipment Co.Ltd","potentialAction":[{"@type":"SearchAction","target":{"@type":"EntryPoint","urlTemplate":"https:\/\/panwinjet.com\/?s={search_term_string}"},"query-input":{"@type":"PropertyValueSpecification","valueRequired":true,"valueName":"search_term_string"}}],"inLanguage":"fr-FR"}]}},"_links":{"self":[{"href":"https:\/\/panwinjet.com\/fr\/wp-json\/wp\/v2\/product\/1638","targetHints":{"allow":["GET"]}}],"collection":[{"href":"https:\/\/panwinjet.com\/fr\/wp-json\/wp\/v2\/product"}],"about":[{"href":"https:\/\/panwinjet.com\/fr\/wp-json\/wp\/v2\/types\/product"}],"wp:featuredmedia":[{"embeddable":true,"href":"https:\/\/panwinjet.com\/fr\/wp-json\/wp\/v2\/media\/1640"}],"wp:attachment":[{"href":"https:\/\/panwinjet.com\/fr\/wp-json\/wp\/v2\/media?parent=1638"}],"wp:term":[{"taxonomy":"product_brand","embeddable":true,"href":"https:\/\/panwinjet.com\/fr\/wp-json\/wp\/v2\/product_brand?post=1638"},{"taxonomy":"product_cat","embeddable":true,"href":"https:\/\/panwinjet.com\/fr\/wp-json\/wp\/v2\/product_cat?post=1638"},{"taxonomy":"product_tag","embeddable":true,"href":"https:\/\/panwinjet.com\/fr\/wp-json\/wp\/v2\/product_tag?post=1638"}],"curies":[{"name":"wp","href":"https:\/\/api.w.org\/{rel}","templated":true}]}}