{"id":1611,"date":"2025-10-18T16:51:28","date_gmt":"2025-10-18T16:51:28","guid":{"rendered":"https:\/\/panwinjet.com\/?post_type=product&#038;p=1611"},"modified":"2025-10-18T16:51:28","modified_gmt":"2025-10-18T16:51:28","slug":"87kpsi-high-pressure-waterjet-cutting-machine-parts-for-bhdt-bft-check-valve-complete","status":"publish","type":"product","link":"https:\/\/panwinjet.com\/fr\/produit\/87kpsi-high-pressure-waterjet-cutting-machine-parts-for-bhdt-bft-check-valve-complete\/","title":{"rendered":"Pi\u00e8ces d\u00e9tach\u00e9es compl\u00e8tes pour machine de d\u00e9coupe au jet d&#039;eau haute pression 87 kpsi pour clapet anti-retour BHDT BFT"},"content":{"rendered":"<p><b><\/b><strong><b>Param\u00e8tre (sp\u00e9cification) de <\/b><\/strong><strong><b>Pi\u00e8ces d\u00e9tach\u00e9es compl\u00e8tes pour machine de d\u00e9coupe au jet d&#039;eau haute pression 87 kpsi pour clapet anti-retour BHDT BFT<\/b><\/strong><\/p>\n<p>Cette machine de d\u00e9coupe au jet d&#039;eau haute pression de 87 Kpsi pour BHDT BFT Check Valve BFT assembly part including, Pressure valve assembly (10176) , Suction valve assembly (10176) , Check valve body (10170) , Back ring (0177) , Rod wear ring (10056).<\/p>\n<p><img decoding=\"async\" class=\"alignleft size-medium wp-image-1616 lazyload\" data-src=\"https:\/\/panwinjet.com\/wp-content\/uploads\/2025\/10\/BFT-Check-Valve-Assembly-500x261.png\" alt=\"\" width=\"500\" height=\"261\" data-srcset=\"https:\/\/panwinjet.com\/wp-content\/uploads\/2025\/10\/BFT-Check-Valve-Assembly-500x261.png 500w, https:\/\/panwinjet.com\/wp-content\/uploads\/2025\/10\/BFT-Check-Valve-Assembly-1200x627.png 1200w, https:\/\/panwinjet.com\/wp-content\/uploads\/2025\/10\/BFT-Check-Valve-Assembly-300x157.png 300w, https:\/\/panwinjet.com\/wp-content\/uploads\/2025\/10\/BFT-Check-Valve-Assembly-768x402.png 768w, https:\/\/panwinjet.com\/wp-content\/uploads\/2025\/10\/BFT-Check-Valve-Assembly-143x75.png 143w, https:\/\/panwinjet.com\/wp-content\/uploads\/2025\/10\/BFT-Check-Valve-Assembly-480x251.png 480w, https:\/\/panwinjet.com\/wp-content\/uploads\/2025\/10\/BFT-Check-Valve-Assembly-800x418.png 800w, https:\/\/panwinjet.com\/wp-content\/uploads\/2025\/10\/BFT-Check-Valve-Assembly.png 1222w\" data-sizes=\"(max-width:767px) 480px, 500px\" src=\"data:image\/svg+xml;base64,PHN2ZyB3aWR0aD0iMSIgaGVpZ2h0PSIxIiB4bWxucz0iaHR0cDovL3d3dy53My5vcmcvMjAwMC9zdmciPjwvc3ZnPg==\" style=\"--smush-placeholder-width: 500px; --smush-placeholder-aspect-ratio: 500\/261;\" \/><\/p>\n<p><strong><b>Caract\u00e9ristiques et applications de <\/b><\/strong><strong><b>Pi\u00e8ces d\u00e9tach\u00e9es compl\u00e8tes pour machine de d\u00e9coupe au jet d&#039;eau haute pression 87 kpsi pour clapet anti-retour BHDT BFT<\/b><\/strong><\/p>\n<p><strong><b>Notre Panwin <\/b><\/strong><strong><b>Pi\u00e8ces d\u00e9tach\u00e9es compl\u00e8tes pour machine de d\u00e9coupe au jet d&#039;eau haute pression 87 kpsi pour clapet anti-retour BHDT BFT<\/b><\/strong><strong><b>\u00a0Les assemblages sont fabriqu\u00e9s en acier inoxydable de qualit\u00e9 a\u00e9rospatiale ; ils sont performants et durables, \u00e0 un prix raisonnable.<\/b><\/strong><\/p>\n<p><strong><b>Application : D\u00e9coupe au jet d&#039;eau BHDT BFT pour le verre, le m\u00e9tal, la pierre, etc.<\/b><\/strong><\/p>\n<p>&nbsp;<\/p>","protected":false},"excerpt":{"rendered":"<p><strong><b>Pi\u00e8ces d\u00e9tach\u00e9es compl\u00e8tes pour machine de d\u00e9coupe au jet d&#039;eau haute pression 87 kpsi pour clapet anti-retour BHDT BFT<\/b><\/strong><\/p>\n<p><b><\/b><strong><b>\u00a0Introduction de <\/b><\/strong><strong><b>Pi\u00e8ces d\u00e9tach\u00e9es compl\u00e8tes pour machine de d\u00e9coupe au jet d&#039;eau haute pression 87 kpsi pour clapet anti-retour BHDT BFT<\/b><\/strong><\/p>\n<p><strong><b>Ce <\/b><\/strong><strong><b>Pi\u00e8ces d\u00e9tach\u00e9es compl\u00e8tes pour machine de d\u00e9coupe au jet d&#039;eau haute pression 87 kpsi pour clapet anti-retour BHDT BFT<\/b><\/strong><strong><b>\u00a0est utilis\u00e9 pour la pompe BHDT BFT, la r\u00e9f\u00e9rence BHDT BFT.<\/b><\/strong><strong><b>10178<\/b><\/strong><strong><b>.<\/b><\/strong><\/p>\n<p><img decoding=\"async\" class=\"alignleft size-medium wp-image-1618 lazyload\" data-src=\"https:\/\/panwinjet.com\/wp-content\/uploads\/2025\/10\/BFT-Check-Valve-Assembly-2-1-500x239.png\" alt=\"\" width=\"500\" height=\"239\" data-srcset=\"https:\/\/panwinjet.com\/wp-content\/uploads\/2025\/10\/BFT-Check-Valve-Assembly-2-1-500x239.png 500w, https:\/\/panwinjet.com\/wp-content\/uploads\/2025\/10\/BFT-Check-Valve-Assembly-2-1-1200x575.png 1200w, https:\/\/panwinjet.com\/wp-content\/uploads\/2025\/10\/BFT-Check-Valve-Assembly-2-1-300x144.png 300w, https:\/\/panwinjet.com\/wp-content\/uploads\/2025\/10\/BFT-Check-Valve-Assembly-2-1-768x368.png 768w, https:\/\/panwinjet.com\/wp-content\/uploads\/2025\/10\/BFT-Check-Valve-Assembly-2-1-150x72.png 150w, https:\/\/panwinjet.com\/wp-content\/uploads\/2025\/10\/BFT-Check-Valve-Assembly-2-1-480x230.png 480w, https:\/\/panwinjet.com\/wp-content\/uploads\/2025\/10\/BFT-Check-Valve-Assembly-2-1-800x383.png 800w, https:\/\/panwinjet.com\/wp-content\/uploads\/2025\/10\/BFT-Check-Valve-Assembly-2-1.png 1401w\" data-sizes=\"(max-width:767px) 480px, 500px\" src=\"data:image\/svg+xml;base64,PHN2ZyB3aWR0aD0iMSIgaGVpZ2h0PSIxIiB4bWxucz0iaHR0cDovL3d3dy53My5vcmcvMjAwMC9zdmciPjwvc3ZnPg==\" style=\"--smush-placeholder-width: 500px; --smush-placeholder-aspect-ratio: 500\/239;\" \/><\/p>","protected":false},"featured_media":-1,"template":"","meta":[],"product_brand":[],"product_cat":[22],"product_tag":[38],"class_list":{"0":"post-1611","1":"product","2":"type-product","3":"status-publish","4":"has-post-thumbnail","6":"product_cat-waterjet-cutting-machine-parts","7":"product_tag-bhdt-bft-87k-waterjet-cutting","9":"first","10":"instock","11":"shipping-taxable","12":"product-type-simple"},"yoast_head":"<!-- This site is optimized with the Yoast SEO plugin v24.9 - https:\/\/yoast.com\/wordpress\/plugins\/seo\/ -->\n<title>87Kpsi High Pressure Waterjet Cutting machine parts for BHDT BFT Check Valve Complete - Panwin Machinery&amp;Equipment<\/title>\n<meta name=\"robots\" content=\"index, follow, max-snippet:-1, max-image-preview:large, max-video-preview:-1\" \/>\n<link rel=\"canonical\" href=\"https:\/\/panwinjet.com\/fr\/produit\/87kpsi-high-pressure-waterjet-cutting-machine-parts-for-bhdt-bft-check-valve-complete\/\" \/>\n<meta property=\"og:locale\" content=\"fr_FR\" \/>\n<meta property=\"og:type\" content=\"article\" \/>\n<meta property=\"og:title\" content=\"87Kpsi High Pressure Waterjet Cutting machine parts for BHDT BFT Check Valve Complete - Panwin Machinery&amp;Equipment\" \/>\n<meta property=\"og:description\" content=\"87Kpsi High Pressure Waterjet Cutting machine parts for BHDT BFT Check Valve Complete  \u00a0Introduction of 87Kpsi High Pressure Waterjet Cutting machine parts for BHDT BFT Check Valve Complete  This 87Kpsi High Pressure Waterjet Cutting machine parts for BHDT BFT Check Valve Complete\u00a0is used for BHDT BFT pump, the BHDT BFT Part No.10178.\" \/>\n<meta property=\"og:url\" content=\"https:\/\/panwinjet.com\/fr\/produit\/87kpsi-high-pressure-waterjet-cutting-machine-parts-for-bhdt-bft-check-valve-complete\/\" \/>\n<meta property=\"og:site_name\" content=\"Panwin Machinery&amp;Equipment\" \/>\n<meta name=\"twitter:card\" content=\"summary_large_image\" \/>\n<meta name=\"twitter:label1\" content=\"Dur\u00e9e de lecture estim\u00e9e\" \/>\n\t<meta name=\"twitter:data1\" content=\"1 minute\" \/>\n<script type=\"application\/ld+json\" class=\"yoast-schema-graph\">{\"@context\":\"https:\/\/schema.org\",\"@graph\":[{\"@type\":\"WebPage\",\"@id\":\"https:\/\/panwinjet.com\/product\/87kpsi-high-pressure-waterjet-cutting-machine-parts-for-bhdt-bft-check-valve-complete\/\",\"url\":\"https:\/\/panwinjet.com\/product\/87kpsi-high-pressure-waterjet-cutting-machine-parts-for-bhdt-bft-check-valve-complete\/\",\"name\":\"87Kpsi High Pressure Waterjet Cutting machine parts for BHDT BFT Check Valve Complete - Panwin Machinery&amp;Equipment\",\"isPartOf\":{\"@id\":\"https:\/\/panwinjet.com\/#website\"},\"primaryImageOfPage\":{\"@id\":\"https:\/\/panwinjet.com\/product\/87kpsi-high-pressure-waterjet-cutting-machine-parts-for-bhdt-bft-check-valve-complete\/#primaryimage\"},\"image\":{\"@id\":\"https:\/\/panwinjet.com\/product\/87kpsi-high-pressure-waterjet-cutting-machine-parts-for-bhdt-bft-check-valve-complete\/#primaryimage\"},\"thumbnailUrl\":\"https:\/\/panwinjet.com\/wp-content\/uploads\/2025\/10\/BFT-Check-Valve-Assembly-500x261.png\",\"datePublished\":\"2025-10-18T16:51:28+00:00\",\"breadcrumb\":{\"@id\":\"https:\/\/panwinjet.com\/product\/87kpsi-high-pressure-waterjet-cutting-machine-parts-for-bhdt-bft-check-valve-complete\/#breadcrumb\"},\"inLanguage\":\"fr-FR\",\"potentialAction\":[{\"@type\":\"ReadAction\",\"target\":[\"https:\/\/panwinjet.com\/product\/87kpsi-high-pressure-waterjet-cutting-machine-parts-for-bhdt-bft-check-valve-complete\/\"]}]},{\"@type\":\"ImageObject\",\"inLanguage\":\"fr-FR\",\"@id\":\"https:\/\/panwinjet.com\/product\/87kpsi-high-pressure-waterjet-cutting-machine-parts-for-bhdt-bft-check-valve-complete\/#primaryimage\",\"url\":\"https:\/\/panwinjet.com\/wp-content\/uploads\/2025\/10\/BFT-Check-Valve-Assembly-500x261.png\",\"contentUrl\":\"https:\/\/panwinjet.com\/wp-content\/uploads\/2025\/10\/BFT-Check-Valve-Assembly-500x261.png\"},{\"@type\":\"BreadcrumbList\",\"@id\":\"https:\/\/panwinjet.com\/product\/87kpsi-high-pressure-waterjet-cutting-machine-parts-for-bhdt-bft-check-valve-complete\/#breadcrumb\",\"itemListElement\":[{\"@type\":\"ListItem\",\"position\":1,\"name\":\"\u9996\u9875\",\"item\":\"https:\/\/panwinjet.com\/\"},{\"@type\":\"ListItem\",\"position\":2,\"name\":\"PRODUCT\",\"item\":\"https:\/\/panwinjet.com\/product\/\"},{\"@type\":\"ListItem\",\"position\":3,\"name\":\"87Kpsi High Pressure Waterjet Cutting machine parts for BHDT BFT Check Valve Complete\"}]},{\"@type\":\"WebSite\",\"@id\":\"https:\/\/panwinjet.com\/#website\",\"url\":\"https:\/\/panwinjet.com\/\",\"name\":\"Panwin Machinery&amp;Equipment\",\"description\":\"Shenzhen Panwin Machinery&amp;Equipment Co.Ltd\",\"potentialAction\":[{\"@type\":\"SearchAction\",\"target\":{\"@type\":\"EntryPoint\",\"urlTemplate\":\"https:\/\/panwinjet.com\/?s={search_term_string}\"},\"query-input\":{\"@type\":\"PropertyValueSpecification\",\"valueRequired\":true,\"valueName\":\"search_term_string\"}}],\"inLanguage\":\"fr-FR\"}]}<\/script>\n<!-- \/ Yoast SEO plugin. -->","yoast_head_json":{"title":"87Kpsi High Pressure Waterjet Cutting machine parts for BHDT BFT Check Valve Complete - Panwin Machinery&amp;Equipment","robots":{"index":"index","follow":"follow","max-snippet":"max-snippet:-1","max-image-preview":"max-image-preview:large","max-video-preview":"max-video-preview:-1"},"canonical":"https:\/\/panwinjet.com\/fr\/produit\/87kpsi-high-pressure-waterjet-cutting-machine-parts-for-bhdt-bft-check-valve-complete\/","og_locale":"fr_FR","og_type":"article","og_title":"87Kpsi High Pressure Waterjet Cutting machine parts for BHDT BFT Check Valve Complete - Panwin Machinery&amp;Equipment","og_description":"87Kpsi High Pressure Waterjet Cutting machine parts for BHDT BFT Check Valve Complete  \u00a0Introduction of 87Kpsi High Pressure Waterjet Cutting machine parts for BHDT BFT Check Valve Complete  This 87Kpsi High Pressure Waterjet Cutting machine parts for BHDT BFT Check Valve Complete\u00a0is used for BHDT BFT pump, the BHDT BFT Part No.10178.","og_url":"https:\/\/panwinjet.com\/fr\/produit\/87kpsi-high-pressure-waterjet-cutting-machine-parts-for-bhdt-bft-check-valve-complete\/","og_site_name":"Panwin Machinery&amp;Equipment","twitter_card":"summary_large_image","twitter_misc":{"Dur\u00e9e de lecture estim\u00e9e":"1 minute"},"schema":{"@context":"https:\/\/schema.org","@graph":[{"@type":"WebPage","@id":"https:\/\/panwinjet.com\/product\/87kpsi-high-pressure-waterjet-cutting-machine-parts-for-bhdt-bft-check-valve-complete\/","url":"https:\/\/panwinjet.com\/product\/87kpsi-high-pressure-waterjet-cutting-machine-parts-for-bhdt-bft-check-valve-complete\/","name":"87Kpsi High Pressure Waterjet Cutting machine parts for BHDT BFT Check Valve Complete - Panwin Machinery&amp;Equipment","isPartOf":{"@id":"https:\/\/panwinjet.com\/#website"},"primaryImageOfPage":{"@id":"https:\/\/panwinjet.com\/product\/87kpsi-high-pressure-waterjet-cutting-machine-parts-for-bhdt-bft-check-valve-complete\/#primaryimage"},"image":{"@id":"https:\/\/panwinjet.com\/product\/87kpsi-high-pressure-waterjet-cutting-machine-parts-for-bhdt-bft-check-valve-complete\/#primaryimage"},"thumbnailUrl":"https:\/\/panwinjet.com\/wp-content\/uploads\/2025\/10\/BFT-Check-Valve-Assembly-500x261.png","datePublished":"2025-10-18T16:51:28+00:00","breadcrumb":{"@id":"https:\/\/panwinjet.com\/product\/87kpsi-high-pressure-waterjet-cutting-machine-parts-for-bhdt-bft-check-valve-complete\/#breadcrumb"},"inLanguage":"fr-FR","potentialAction":[{"@type":"ReadAction","target":["https:\/\/panwinjet.com\/product\/87kpsi-high-pressure-waterjet-cutting-machine-parts-for-bhdt-bft-check-valve-complete\/"]}]},{"@type":"ImageObject","inLanguage":"fr-FR","@id":"https:\/\/panwinjet.com\/product\/87kpsi-high-pressure-waterjet-cutting-machine-parts-for-bhdt-bft-check-valve-complete\/#primaryimage","url":"https:\/\/panwinjet.com\/wp-content\/uploads\/2025\/10\/BFT-Check-Valve-Assembly-500x261.png","contentUrl":"https:\/\/panwinjet.com\/wp-content\/uploads\/2025\/10\/BFT-Check-Valve-Assembly-500x261.png"},{"@type":"BreadcrumbList","@id":"https:\/\/panwinjet.com\/product\/87kpsi-high-pressure-waterjet-cutting-machine-parts-for-bhdt-bft-check-valve-complete\/#breadcrumb","itemListElement":[{"@type":"ListItem","position":1,"name":"\u9996\u9875","item":"https:\/\/panwinjet.com\/"},{"@type":"ListItem","position":2,"name":"PRODUCT","item":"https:\/\/panwinjet.com\/product\/"},{"@type":"ListItem","position":3,"name":"87Kpsi High Pressure Waterjet Cutting machine parts for BHDT BFT Check Valve Complete"}]},{"@type":"WebSite","@id":"https:\/\/panwinjet.com\/#website","url":"https:\/\/panwinjet.com\/","name":"Panwin Machinery&amp;Equipment","description":"Shenzhen Panwin Machinery&amp;Equipment Co.Ltd","potentialAction":[{"@type":"SearchAction","target":{"@type":"EntryPoint","urlTemplate":"https:\/\/panwinjet.com\/?s={search_term_string}"},"query-input":{"@type":"PropertyValueSpecification","valueRequired":true,"valueName":"search_term_string"}}],"inLanguage":"fr-FR"}]}},"_links":{"self":[{"href":"https:\/\/panwinjet.com\/fr\/wp-json\/wp\/v2\/product\/1611","targetHints":{"allow":["GET"]}}],"collection":[{"href":"https:\/\/panwinjet.com\/fr\/wp-json\/wp\/v2\/product"}],"about":[{"href":"https:\/\/panwinjet.com\/fr\/wp-json\/wp\/v2\/types\/product"}],"wp:featuredmedia":[{"embeddable":true,"href":"https:\/\/panwinjet.com\/fr\/wp-json\/"}],"wp:attachment":[{"href":"https:\/\/panwinjet.com\/fr\/wp-json\/wp\/v2\/media?parent=1611"}],"wp:term":[{"taxonomy":"product_brand","embeddable":true,"href":"https:\/\/panwinjet.com\/fr\/wp-json\/wp\/v2\/product_brand?post=1611"},{"taxonomy":"product_cat","embeddable":true,"href":"https:\/\/panwinjet.com\/fr\/wp-json\/wp\/v2\/product_cat?post=1611"},{"taxonomy":"product_tag","embeddable":true,"href":"https:\/\/panwinjet.com\/fr\/wp-json\/wp\/v2\/product_tag?post=1611"}],"curies":[{"name":"wp","href":"https:\/\/api.w.org\/{rel}","templated":true}]}}