{"id":1576,"date":"2025-10-18T16:21:57","date_gmt":"2025-10-18T16:21:57","guid":{"rendered":"https:\/\/panwinjet.com\/?post_type=product&#038;p=1576"},"modified":"2025-10-18T16:21:58","modified_gmt":"2025-10-18T16:21:58","slug":"90kpsi-high-pressure-waterjet-cutting-machine-for-90k-gland-nut-sealing-head-slpro-iii","status":"publish","type":"product","link":"https:\/\/panwinjet.com\/fr\/produit\/90kpsi-high-pressure-waterjet-cutting-machine-for-90k-gland-nut-sealing-head-slpro-iii\/","title":{"rendered":"Machine de d\u00e9coupe au jet d&#039;eau haute pression 90\u00a0000\u00a0psi pour \u00e9crou presse-\u00e9toupe 90K, t\u00eate d&#039;\u00e9tanch\u00e9it\u00e9, SLPRO III"},"content":{"rendered":"<p><strong><b>Param\u00e8tre (sp\u00e9cification) de <\/b><\/strong><strong><b>Machine de d\u00e9coupe au jet d&#039;eau haute pression 90\u00a0000\u00a0psi pour \u00e9crou presse-\u00e9toupe 90K, t\u00eate d&#039;\u00e9tanch\u00e9it\u00e9, SLPRO III<\/b><\/strong><\/p>\n<p>Notre machine de d\u00e9coupe au jet d&#039;eau haute pression Panwin 90Kpsi pour \u00e9crou de presse-\u00e9toupe 90K, t\u00eate d&#039;\u00e9tanch\u00e9it\u00e9, SLPRO III est compatible avec l&#039;ensemble de t\u00eate d&#039;\u00e9tanch\u00e9it\u00e9, StreamLine Pro III 90K Flat Inlet - KMT No.7219002179.<\/p>\n<p>Il est principalement utilis\u00e9 avec la vis de retenue, le dispositif de retenue du clapet d&#039;entr\u00e9e, le jeu de rondelles, le dispositif de retenue du clapet d&#039;entr\u00e9e, le corps, la t\u00eate d&#039;\u00e9tanch\u00e9it\u00e9 SLPRO 90K, le clapet de sortie plat, la t\u00eate d&#039;\u00e9tanch\u00e9it\u00e9, le guide-ressort, le clapet de sortie plat, la t\u00eate d&#039;\u00e9tanch\u00e9it\u00e9, etc.<\/p>","protected":false},"excerpt":{"rendered":"<p><strong><b>Machine de d\u00e9coupe au jet d&#039;eau haute pression 90\u00a0000\u00a0psi pour \u00e9crou presse-\u00e9toupe 90K, t\u00eate d&#039;\u00e9tanch\u00e9it\u00e9, SLPRO III<\/b><\/strong><\/p>\n<p><strong><b>Introduction de <\/b><\/strong><strong><b>Machine de d\u00e9coupe au jet d&#039;eau haute pression 90\u00a0000\u00a0psi pour \u00e9crou presse-\u00e9toupe 90K, t\u00eate d&#039;\u00e9tanch\u00e9it\u00e9, SLPRO III<\/b><\/strong><\/p>\n<p><strong><b>Ce \u00a0<\/b><\/strong><strong><b>Machine de d\u00e9coupe au jet d&#039;eau haute pression 90\u00a0000\u00a0psi pour \u00e9crou presse-\u00e9toupe 90K, t\u00eate d&#039;\u00e9tanch\u00e9it\u00e9, SLPRO III<\/b><\/strong><strong><b>\u00a0est utilis\u00e9 pour KMT StreamLine Pro III, la r\u00e9f\u00e9rence KMT est 72180624.<\/b><\/strong><\/p>","protected":false},"featured_media":1579,"template":"","meta":[],"product_brand":[],"product_cat":[22],"product_tag":[35],"class_list":{"0":"post-1576","1":"product","2":"type-product","3":"status-publish","4":"has-post-thumbnail","6":"product_cat-waterjet-cutting-machine-parts","7":"product_tag-waterjet-cutting-machine-parts-90k-kmt","9":"first","10":"instock","11":"shipping-taxable","12":"product-type-simple"},"yoast_head":"<!-- This site is optimized with the Yoast SEO plugin v24.9 - https:\/\/yoast.com\/wordpress\/plugins\/seo\/ -->\n<title>90Kpsi high pressure waterjet cutting machine for 90K GLAND NUT, SEALING HEAD, SLPRO III - Panwin Machinery&amp;Equipment<\/title>\n<meta name=\"robots\" content=\"index, follow, max-snippet:-1, max-image-preview:large, max-video-preview:-1\" \/>\n<link rel=\"canonical\" href=\"https:\/\/panwinjet.com\/fr\/produit\/90kpsi-high-pressure-waterjet-cutting-machine-for-90k-gland-nut-sealing-head-slpro-iii\/\" \/>\n<meta property=\"og:locale\" content=\"fr_FR\" \/>\n<meta property=\"og:type\" content=\"article\" \/>\n<meta property=\"og:title\" content=\"90Kpsi high pressure waterjet cutting machine for 90K GLAND NUT, SEALING HEAD, SLPRO III - Panwin Machinery&amp;Equipment\" \/>\n<meta property=\"og:description\" content=\"90Kpsi high pressure waterjet cutting machine for 90K GLAND NUT, SEALING HEAD, SLPRO III  Introduction of 90Kpsi high pressure waterjet cutting machine for 90K GLAND NUT, SEALING HEAD, SLPRO III  This \u00a090Kpsi high pressure waterjet cutting machine for 90K GLAND NUT, SEALING HEAD, SLPRO III\u00a0is used for KMT StreamLine Pro III,KMT parts No is 72180624.\" \/>\n<meta property=\"og:url\" content=\"https:\/\/panwinjet.com\/fr\/produit\/90kpsi-high-pressure-waterjet-cutting-machine-for-90k-gland-nut-sealing-head-slpro-iii\/\" \/>\n<meta property=\"og:site_name\" content=\"Panwin Machinery&amp;Equipment\" \/>\n<meta property=\"article:modified_time\" content=\"2025-10-18T16:21:58+00:00\" \/>\n<meta property=\"og:image\" content=\"https:\/\/panwinjet.com\/wp-content\/uploads\/2025\/10\/KMT-\u5355\u5411\u9600-4-scaled.jpg\" \/>\n\t<meta property=\"og:image:width\" content=\"1920\" \/>\n\t<meta property=\"og:image:height\" content=\"2560\" \/>\n\t<meta property=\"og:image:type\" content=\"image\/jpeg\" \/>\n<meta name=\"twitter:card\" content=\"summary_large_image\" \/>\n<meta name=\"twitter:label1\" content=\"Dur\u00e9e de lecture estim\u00e9e\" \/>\n\t<meta name=\"twitter:data1\" content=\"1 minute\" \/>\n<script type=\"application\/ld+json\" class=\"yoast-schema-graph\">{\"@context\":\"https:\/\/schema.org\",\"@graph\":[{\"@type\":\"WebPage\",\"@id\":\"https:\/\/panwinjet.com\/product\/90kpsi-high-pressure-waterjet-cutting-machine-for-90k-gland-nut-sealing-head-slpro-iii\/\",\"url\":\"https:\/\/panwinjet.com\/product\/90kpsi-high-pressure-waterjet-cutting-machine-for-90k-gland-nut-sealing-head-slpro-iii\/\",\"name\":\"90Kpsi high pressure waterjet cutting machine for 90K GLAND NUT, SEALING HEAD, SLPRO III - Panwin Machinery&amp;Equipment\",\"isPartOf\":{\"@id\":\"https:\/\/panwinjet.com\/#website\"},\"primaryImageOfPage\":{\"@id\":\"https:\/\/panwinjet.com\/product\/90kpsi-high-pressure-waterjet-cutting-machine-for-90k-gland-nut-sealing-head-slpro-iii\/#primaryimage\"},\"image\":{\"@id\":\"https:\/\/panwinjet.com\/product\/90kpsi-high-pressure-waterjet-cutting-machine-for-90k-gland-nut-sealing-head-slpro-iii\/#primaryimage\"},\"thumbnailUrl\":\"https:\/\/panwinjet.com\/wp-content\/uploads\/2025\/10\/KMT-\u5355\u5411\u9600-4-scaled.jpg\",\"datePublished\":\"2025-10-18T16:21:57+00:00\",\"dateModified\":\"2025-10-18T16:21:58+00:00\",\"breadcrumb\":{\"@id\":\"https:\/\/panwinjet.com\/product\/90kpsi-high-pressure-waterjet-cutting-machine-for-90k-gland-nut-sealing-head-slpro-iii\/#breadcrumb\"},\"inLanguage\":\"fr-FR\",\"potentialAction\":[{\"@type\":\"ReadAction\",\"target\":[\"https:\/\/panwinjet.com\/product\/90kpsi-high-pressure-waterjet-cutting-machine-for-90k-gland-nut-sealing-head-slpro-iii\/\"]}]},{\"@type\":\"ImageObject\",\"inLanguage\":\"fr-FR\",\"@id\":\"https:\/\/panwinjet.com\/product\/90kpsi-high-pressure-waterjet-cutting-machine-for-90k-gland-nut-sealing-head-slpro-iii\/#primaryimage\",\"url\":\"https:\/\/panwinjet.com\/wp-content\/uploads\/2025\/10\/KMT-\u5355\u5411\u9600-4-scaled.jpg\",\"contentUrl\":\"https:\/\/panwinjet.com\/wp-content\/uploads\/2025\/10\/KMT-\u5355\u5411\u9600-4-scaled.jpg\",\"width\":1920,\"height\":2560},{\"@type\":\"BreadcrumbList\",\"@id\":\"https:\/\/panwinjet.com\/product\/90kpsi-high-pressure-waterjet-cutting-machine-for-90k-gland-nut-sealing-head-slpro-iii\/#breadcrumb\",\"itemListElement\":[{\"@type\":\"ListItem\",\"position\":1,\"name\":\"\u9996\u9875\",\"item\":\"https:\/\/panwinjet.com\/\"},{\"@type\":\"ListItem\",\"position\":2,\"name\":\"PRODUCT\",\"item\":\"https:\/\/panwinjet.com\/product\/\"},{\"@type\":\"ListItem\",\"position\":3,\"name\":\"90Kpsi high pressure waterjet cutting machine for 90K GLAND NUT, SEALING HEAD, SLPRO III\"}]},{\"@type\":\"WebSite\",\"@id\":\"https:\/\/panwinjet.com\/#website\",\"url\":\"https:\/\/panwinjet.com\/\",\"name\":\"Panwin Machinery&amp;Equipment\",\"description\":\"Shenzhen Panwin Machinery&amp;Equipment Co.Ltd\",\"potentialAction\":[{\"@type\":\"SearchAction\",\"target\":{\"@type\":\"EntryPoint\",\"urlTemplate\":\"https:\/\/panwinjet.com\/?s={search_term_string}\"},\"query-input\":{\"@type\":\"PropertyValueSpecification\",\"valueRequired\":true,\"valueName\":\"search_term_string\"}}],\"inLanguage\":\"fr-FR\"}]}<\/script>\n<!-- \/ Yoast SEO plugin. -->","yoast_head_json":{"title":"90Kpsi high pressure waterjet cutting machine for 90K GLAND NUT, SEALING HEAD, SLPRO III - Panwin Machinery&amp;Equipment","robots":{"index":"index","follow":"follow","max-snippet":"max-snippet:-1","max-image-preview":"max-image-preview:large","max-video-preview":"max-video-preview:-1"},"canonical":"https:\/\/panwinjet.com\/fr\/produit\/90kpsi-high-pressure-waterjet-cutting-machine-for-90k-gland-nut-sealing-head-slpro-iii\/","og_locale":"fr_FR","og_type":"article","og_title":"90Kpsi high pressure waterjet cutting machine for 90K GLAND NUT, SEALING HEAD, SLPRO III - Panwin Machinery&amp;Equipment","og_description":"90Kpsi high pressure waterjet cutting machine for 90K GLAND NUT, SEALING HEAD, SLPRO III  Introduction of 90Kpsi high pressure waterjet cutting machine for 90K GLAND NUT, SEALING HEAD, SLPRO III  This \u00a090Kpsi high pressure waterjet cutting machine for 90K GLAND NUT, SEALING HEAD, SLPRO III\u00a0is used for KMT StreamLine Pro III,KMT parts No is 72180624.","og_url":"https:\/\/panwinjet.com\/fr\/produit\/90kpsi-high-pressure-waterjet-cutting-machine-for-90k-gland-nut-sealing-head-slpro-iii\/","og_site_name":"Panwin Machinery&amp;Equipment","article_modified_time":"2025-10-18T16:21:58+00:00","og_image":[{"width":1920,"height":2560,"url":"https:\/\/panwinjet.com\/wp-content\/uploads\/2025\/10\/KMT-\u5355\u5411\u9600-4-scaled.jpg","type":"image\/jpeg"}],"twitter_card":"summary_large_image","twitter_misc":{"Dur\u00e9e de lecture estim\u00e9e":"1 minute"},"schema":{"@context":"https:\/\/schema.org","@graph":[{"@type":"WebPage","@id":"https:\/\/panwinjet.com\/product\/90kpsi-high-pressure-waterjet-cutting-machine-for-90k-gland-nut-sealing-head-slpro-iii\/","url":"https:\/\/panwinjet.com\/product\/90kpsi-high-pressure-waterjet-cutting-machine-for-90k-gland-nut-sealing-head-slpro-iii\/","name":"90Kpsi high pressure waterjet cutting machine for 90K GLAND NUT, SEALING HEAD, SLPRO III - Panwin Machinery&amp;Equipment","isPartOf":{"@id":"https:\/\/panwinjet.com\/#website"},"primaryImageOfPage":{"@id":"https:\/\/panwinjet.com\/product\/90kpsi-high-pressure-waterjet-cutting-machine-for-90k-gland-nut-sealing-head-slpro-iii\/#primaryimage"},"image":{"@id":"https:\/\/panwinjet.com\/product\/90kpsi-high-pressure-waterjet-cutting-machine-for-90k-gland-nut-sealing-head-slpro-iii\/#primaryimage"},"thumbnailUrl":"https:\/\/panwinjet.com\/wp-content\/uploads\/2025\/10\/KMT-\u5355\u5411\u9600-4-scaled.jpg","datePublished":"2025-10-18T16:21:57+00:00","dateModified":"2025-10-18T16:21:58+00:00","breadcrumb":{"@id":"https:\/\/panwinjet.com\/product\/90kpsi-high-pressure-waterjet-cutting-machine-for-90k-gland-nut-sealing-head-slpro-iii\/#breadcrumb"},"inLanguage":"fr-FR","potentialAction":[{"@type":"ReadAction","target":["https:\/\/panwinjet.com\/product\/90kpsi-high-pressure-waterjet-cutting-machine-for-90k-gland-nut-sealing-head-slpro-iii\/"]}]},{"@type":"ImageObject","inLanguage":"fr-FR","@id":"https:\/\/panwinjet.com\/product\/90kpsi-high-pressure-waterjet-cutting-machine-for-90k-gland-nut-sealing-head-slpro-iii\/#primaryimage","url":"https:\/\/panwinjet.com\/wp-content\/uploads\/2025\/10\/KMT-\u5355\u5411\u9600-4-scaled.jpg","contentUrl":"https:\/\/panwinjet.com\/wp-content\/uploads\/2025\/10\/KMT-\u5355\u5411\u9600-4-scaled.jpg","width":1920,"height":2560},{"@type":"BreadcrumbList","@id":"https:\/\/panwinjet.com\/product\/90kpsi-high-pressure-waterjet-cutting-machine-for-90k-gland-nut-sealing-head-slpro-iii\/#breadcrumb","itemListElement":[{"@type":"ListItem","position":1,"name":"\u9996\u9875","item":"https:\/\/panwinjet.com\/"},{"@type":"ListItem","position":2,"name":"PRODUCT","item":"https:\/\/panwinjet.com\/product\/"},{"@type":"ListItem","position":3,"name":"90Kpsi high pressure waterjet cutting machine for 90K GLAND NUT, SEALING HEAD, SLPRO III"}]},{"@type":"WebSite","@id":"https:\/\/panwinjet.com\/#website","url":"https:\/\/panwinjet.com\/","name":"Panwin Machinery&amp;Equipment","description":"Shenzhen Panwin Machinery&amp;Equipment Co.Ltd","potentialAction":[{"@type":"SearchAction","target":{"@type":"EntryPoint","urlTemplate":"https:\/\/panwinjet.com\/?s={search_term_string}"},"query-input":{"@type":"PropertyValueSpecification","valueRequired":true,"valueName":"search_term_string"}}],"inLanguage":"fr-FR"}]}},"_links":{"self":[{"href":"https:\/\/panwinjet.com\/fr\/wp-json\/wp\/v2\/product\/1576","targetHints":{"allow":["GET"]}}],"collection":[{"href":"https:\/\/panwinjet.com\/fr\/wp-json\/wp\/v2\/product"}],"about":[{"href":"https:\/\/panwinjet.com\/fr\/wp-json\/wp\/v2\/types\/product"}],"wp:featuredmedia":[{"embeddable":true,"href":"https:\/\/panwinjet.com\/fr\/wp-json\/wp\/v2\/media\/1579"}],"wp:attachment":[{"href":"https:\/\/panwinjet.com\/fr\/wp-json\/wp\/v2\/media?parent=1576"}],"wp:term":[{"taxonomy":"product_brand","embeddable":true,"href":"https:\/\/panwinjet.com\/fr\/wp-json\/wp\/v2\/product_brand?post=1576"},{"taxonomy":"product_cat","embeddable":true,"href":"https:\/\/panwinjet.com\/fr\/wp-json\/wp\/v2\/product_cat?post=1576"},{"taxonomy":"product_tag","embeddable":true,"href":"https:\/\/panwinjet.com\/fr\/wp-json\/wp\/v2\/product_tag?post=1576"}],"curies":[{"name":"wp","href":"https:\/\/api.w.org\/{rel}","templated":true}]}}