{"id":1558,"date":"2025-10-17T14:18:18","date_gmt":"2025-10-17T14:18:18","guid":{"rendered":"https:\/\/panwinjet.com\/?post_type=product&#038;p=1558"},"modified":"2025-10-17T14:18:18","modified_gmt":"2025-10-17T14:18:18","slug":"china-supplier-22k-uhp-hydro-blasting-triple-plunger-water-blaster-bypass-hand-adjustable-valve-cartridge-52255","status":"publish","type":"product","link":"https:\/\/panwinjet.com\/fr\/produit\/china-supplier-22k-uhp-hydro-blasting-triple-plunger-water-blaster-bypass-hand-adjustable-valve-cartridge-52255\/","title":{"rendered":"Fournisseur chinois\u00a0: Pistolet \u00e0 eau \u00e0 triple piston UHP 22K avec valve de d\u00e9rivation r\u00e9glable \u00e0 la main - Cartouche 52255"},"content":{"rendered":"<p>3. Caract\u00e9ristiques et applications du produit\u00a0: Cartouche de d\u00e9rivation Jetstream Style 22K, r\u00e9f\u00e9rence 52255<\/p>\n<p>Cartouche de d\u00e9rivation Jetstream Style 22K, r\u00e9f\u00e9rence 52255<\/p>\n<p>Cette cartouche de remplacement, compatible avec la cartouche n\u00b0\u00a052255, est un \u00e9l\u00e9ment essentiel du pistolet de s\u00e9curit\u00e9 Jetstream 15\u00a0000\u00a0psi. Sa conception novatrice offre de nombreux avantages\u00a0: facilit\u00e9 d\u2019entretien, simplicit\u00e9 de structure et de conception, polyvalence de conversion et multifonctionnalit\u00e9. Elle pr\u00e9sente les caract\u00e9ristiques suivantes\u00a0:<\/p>\n<p>Caract\u00e9ristiques:<\/p>\n<p>1: Le traitement super r\u00e9sistant \u00e0 l&#039;usure et durcissant rend l&#039;ensemble du corps de la vanne UHP Water Blaster ByPass non seulement r\u00e9sistant \u00e0 l&#039;usure et durable, mais maintient \u00e9galement le corps de la vanne propre et durable.<\/p>\n<p>2 : Conception de cartouche rempla\u00e7able sur le terrain pour un entretien minimal.<\/p>\n<p>3 : R\u00e9glage manuel \u2013 aucune cl\u00e9 n\u00e9cessaire<\/p>\n<p>4 : Tous les composants soumis \u00e0 la pression sont usin\u00e9s avec pr\u00e9cision \u00e0 partir d&#039;acier inoxydable.<\/p>\n<p>5 : Le mod\u00e8le \u00e0 montage c\u00f4t\u00e9 pompe se monte directement sur le collecteur c\u00f4t\u00e9 fluide.<\/p>","protected":false},"excerpt":{"rendered":"<p>1. Pr\u00e9sentation du produit\u00a0: Cartouche de d\u00e9rivation Jetstream Style 22K, r\u00e9f\u00e9rence 52255<\/p>\n<p>Cette cartouche de d\u00e9rivation Jetstream 22K, r\u00e9f\u00e9rence 52255, est compatible avec la pi\u00e8ce Jetstream n\u00b0 54592. Cette cartouche de valve facilement rempla\u00e7able permet \u00e0 l&#039;utilisateur de reconstruire enti\u00e8rement la valve en quelques minutes seulement.<\/p>\n<div style=\"width: 720px;\" class=\"wp-video\"><video class=\"wp-video-shortcode\" id=\"video-1558-1\" width=\"720\" height=\"1280\" preload=\"metadata\" controls=\"controls\"><source type=\"video\/mp4\" src=\"https:\/\/panwinjet.com\/wp-content\/uploads\/2025\/10\/22K-ByPass-Cartridge-8.mp4?_=1\" \/><a href=\"https:\/\/panwinjet.com\/wp-content\/uploads\/2025\/10\/22K-ByPass-Cartridge-8.mp4\">https:\/\/panwinjet.com\/wp-content\/uploads\/2025\/10\/22K-ByPass-Cartridge-8.mp4<\/a><\/video><\/div>\n<p>2. Param\u00e8tres du produit (sp\u00e9cifications) de la cartouche de d\u00e9rivation Jetstream Style 22K, r\u00e9f\u00e9rence 52255<\/p>\n<p>Cette cartouche de d\u00e9rivation Jetstream Style 22K, r\u00e9f\u00e9rence 52255, est fabriqu\u00e9e en acier inoxydable de haute qualit\u00e9. La soupape et le si\u00e8ge sont tous deux fabriqu\u00e9s en acier inoxydable tremp\u00e9 et rev\u00eatus pour une r\u00e9sistance \u00e0 l&#039;usure et une dur\u00e9e de vie maximales.<\/p>","protected":false},"featured_media":1559,"template":"","meta":[],"product_brand":[],"product_cat":[7],"product_tag":[],"class_list":{"0":"post-1558","1":"product","2":"type-product","3":"status-publish","4":"has-post-thumbnail","6":"product_cat-jetstream-pump-fluid-end-compatibe-parts","8":"first","9":"instock","10":"shipping-taxable","11":"product-type-simple"},"yoast_head":"<!-- This site is optimized with the Yoast SEO plugin v24.9 - https:\/\/yoast.com\/wordpress\/plugins\/seo\/ -->\n<title>China Supplier 22K UHP Hydro Blasting Triple Plunger Water Blaster ByPass Hand Adjustable Valve Cartridge-52255 - Panwin Machinery&amp;Equipment<\/title>\n<meta name=\"robots\" content=\"index, follow, max-snippet:-1, max-image-preview:large, max-video-preview:-1\" \/>\n<link rel=\"canonical\" href=\"https:\/\/panwinjet.com\/fr\/produit\/china-supplier-22k-uhp-hydro-blasting-triple-plunger-water-blaster-bypass-hand-adjustable-valve-cartridge-52255\/\" \/>\n<meta property=\"og:locale\" content=\"fr_FR\" \/>\n<meta property=\"og:type\" content=\"article\" \/>\n<meta property=\"og:title\" content=\"China Supplier 22K UHP Hydro Blasting Triple Plunger Water Blaster ByPass Hand Adjustable Valve Cartridge-52255 - Panwin Machinery&amp;Equipment\" \/>\n<meta property=\"og:description\" content=\"1.Product Introduction of Jetstream Style 22K ByPass Cartridge Parts No.52255  This Jetstream 22K ByPass Cartridge Parts No.52255 is Compatible with Jet-streamPart No. 54592 ,it is Easily replaceable valve cartridge enables the user to completely re-build the valve in about just few minutes.    2.Product Parameter (Specification) of Jetstream Style 22K ByPass Cartridge Parts No.52255  This Jetstream Style 22K ByPass Cartridge Parts No.52255 is made of high-quality Stainless Steel,Both the valve and seat are manufactured from hardened stainless steel and coated for maximum wear resistance and service life.\" \/>\n<meta property=\"og:url\" content=\"https:\/\/panwinjet.com\/fr\/produit\/china-supplier-22k-uhp-hydro-blasting-triple-plunger-water-blaster-bypass-hand-adjustable-valve-cartridge-52255\/\" \/>\n<meta property=\"og:site_name\" content=\"Panwin Machinery&amp;Equipment\" \/>\n<meta property=\"og:image\" content=\"https:\/\/panwinjet.com\/wp-content\/uploads\/2025\/10\/22K-ByPass-Cartridge-2-scaled.jpg\" \/>\n\t<meta property=\"og:image:width\" content=\"1152\" \/>\n\t<meta property=\"og:image:height\" content=\"2560\" \/>\n\t<meta property=\"og:image:type\" content=\"image\/jpeg\" \/>\n<meta name=\"twitter:card\" content=\"summary_large_image\" \/>\n<meta name=\"twitter:label1\" content=\"Dur\u00e9e de lecture estim\u00e9e\" \/>\n\t<meta name=\"twitter:data1\" content=\"1 minute\" \/>\n<script type=\"application\/ld+json\" class=\"yoast-schema-graph\">{\"@context\":\"https:\/\/schema.org\",\"@graph\":[{\"@type\":\"WebPage\",\"@id\":\"https:\/\/panwinjet.com\/product\/china-supplier-22k-uhp-hydro-blasting-triple-plunger-water-blaster-bypass-hand-adjustable-valve-cartridge-52255\/\",\"url\":\"https:\/\/panwinjet.com\/product\/china-supplier-22k-uhp-hydro-blasting-triple-plunger-water-blaster-bypass-hand-adjustable-valve-cartridge-52255\/\",\"name\":\"China Supplier 22K UHP Hydro Blasting Triple Plunger Water Blaster ByPass Hand Adjustable Valve Cartridge-52255 - Panwin Machinery&amp;Equipment\",\"isPartOf\":{\"@id\":\"https:\/\/panwinjet.com\/#website\"},\"primaryImageOfPage\":{\"@id\":\"https:\/\/panwinjet.com\/product\/china-supplier-22k-uhp-hydro-blasting-triple-plunger-water-blaster-bypass-hand-adjustable-valve-cartridge-52255\/#primaryimage\"},\"image\":{\"@id\":\"https:\/\/panwinjet.com\/product\/china-supplier-22k-uhp-hydro-blasting-triple-plunger-water-blaster-bypass-hand-adjustable-valve-cartridge-52255\/#primaryimage\"},\"thumbnailUrl\":\"https:\/\/panwinjet.com\/wp-content\/uploads\/2025\/10\/22K-ByPass-Cartridge-2-scaled.jpg\",\"datePublished\":\"2025-10-17T14:18:18+00:00\",\"breadcrumb\":{\"@id\":\"https:\/\/panwinjet.com\/product\/china-supplier-22k-uhp-hydro-blasting-triple-plunger-water-blaster-bypass-hand-adjustable-valve-cartridge-52255\/#breadcrumb\"},\"inLanguage\":\"fr-FR\",\"potentialAction\":[{\"@type\":\"ReadAction\",\"target\":[\"https:\/\/panwinjet.com\/product\/china-supplier-22k-uhp-hydro-blasting-triple-plunger-water-blaster-bypass-hand-adjustable-valve-cartridge-52255\/\"]}]},{\"@type\":\"ImageObject\",\"inLanguage\":\"fr-FR\",\"@id\":\"https:\/\/panwinjet.com\/product\/china-supplier-22k-uhp-hydro-blasting-triple-plunger-water-blaster-bypass-hand-adjustable-valve-cartridge-52255\/#primaryimage\",\"url\":\"https:\/\/panwinjet.com\/wp-content\/uploads\/2025\/10\/22K-ByPass-Cartridge-2-scaled.jpg\",\"contentUrl\":\"https:\/\/panwinjet.com\/wp-content\/uploads\/2025\/10\/22K-ByPass-Cartridge-2-scaled.jpg\",\"width\":1152,\"height\":2560},{\"@type\":\"BreadcrumbList\",\"@id\":\"https:\/\/panwinjet.com\/product\/china-supplier-22k-uhp-hydro-blasting-triple-plunger-water-blaster-bypass-hand-adjustable-valve-cartridge-52255\/#breadcrumb\",\"itemListElement\":[{\"@type\":\"ListItem\",\"position\":1,\"name\":\"\u9996\u9875\",\"item\":\"https:\/\/panwinjet.com\/\"},{\"@type\":\"ListItem\",\"position\":2,\"name\":\"PRODUCT\",\"item\":\"https:\/\/panwinjet.com\/product\/\"},{\"@type\":\"ListItem\",\"position\":3,\"name\":\"China Supplier 22K UHP Hydro Blasting Triple Plunger Water Blaster ByPass Hand Adjustable Valve Cartridge-52255\"}]},{\"@type\":\"WebSite\",\"@id\":\"https:\/\/panwinjet.com\/#website\",\"url\":\"https:\/\/panwinjet.com\/\",\"name\":\"Panwin Machinery&amp;Equipment\",\"description\":\"Shenzhen Panwin Machinery&amp;Equipment Co.Ltd\",\"potentialAction\":[{\"@type\":\"SearchAction\",\"target\":{\"@type\":\"EntryPoint\",\"urlTemplate\":\"https:\/\/panwinjet.com\/?s={search_term_string}\"},\"query-input\":{\"@type\":\"PropertyValueSpecification\",\"valueRequired\":true,\"valueName\":\"search_term_string\"}}],\"inLanguage\":\"fr-FR\"}]}<\/script>\n<!-- \/ Yoast SEO plugin. -->","yoast_head_json":{"title":"China Supplier 22K UHP Hydro Blasting Triple Plunger Water Blaster ByPass Hand Adjustable Valve Cartridge-52255 - Panwin Machinery&amp;Equipment","robots":{"index":"index","follow":"follow","max-snippet":"max-snippet:-1","max-image-preview":"max-image-preview:large","max-video-preview":"max-video-preview:-1"},"canonical":"https:\/\/panwinjet.com\/fr\/produit\/china-supplier-22k-uhp-hydro-blasting-triple-plunger-water-blaster-bypass-hand-adjustable-valve-cartridge-52255\/","og_locale":"fr_FR","og_type":"article","og_title":"China Supplier 22K UHP Hydro Blasting Triple Plunger Water Blaster ByPass Hand Adjustable Valve Cartridge-52255 - Panwin Machinery&amp;Equipment","og_description":"1.Product Introduction of Jetstream Style 22K ByPass Cartridge Parts No.52255  This Jetstream 22K ByPass Cartridge Parts No.52255 is Compatible with Jet-streamPart No. 54592 ,it is Easily replaceable valve cartridge enables the user to completely re-build the valve in about just few minutes.    2.Product Parameter (Specification) of Jetstream Style 22K ByPass Cartridge Parts No.52255  This Jetstream Style 22K ByPass Cartridge Parts No.52255 is made of high-quality Stainless Steel,Both the valve and seat are manufactured from hardened stainless steel and coated for maximum wear resistance and service life.","og_url":"https:\/\/panwinjet.com\/fr\/produit\/china-supplier-22k-uhp-hydro-blasting-triple-plunger-water-blaster-bypass-hand-adjustable-valve-cartridge-52255\/","og_site_name":"Panwin Machinery&amp;Equipment","og_image":[{"width":1152,"height":2560,"url":"https:\/\/panwinjet.com\/wp-content\/uploads\/2025\/10\/22K-ByPass-Cartridge-2-scaled.jpg","type":"image\/jpeg"}],"twitter_card":"summary_large_image","twitter_misc":{"Dur\u00e9e de lecture estim\u00e9e":"1 minute"},"schema":{"@context":"https:\/\/schema.org","@graph":[{"@type":"WebPage","@id":"https:\/\/panwinjet.com\/product\/china-supplier-22k-uhp-hydro-blasting-triple-plunger-water-blaster-bypass-hand-adjustable-valve-cartridge-52255\/","url":"https:\/\/panwinjet.com\/product\/china-supplier-22k-uhp-hydro-blasting-triple-plunger-water-blaster-bypass-hand-adjustable-valve-cartridge-52255\/","name":"China Supplier 22K UHP Hydro Blasting Triple Plunger Water Blaster ByPass Hand Adjustable Valve Cartridge-52255 - Panwin Machinery&amp;Equipment","isPartOf":{"@id":"https:\/\/panwinjet.com\/#website"},"primaryImageOfPage":{"@id":"https:\/\/panwinjet.com\/product\/china-supplier-22k-uhp-hydro-blasting-triple-plunger-water-blaster-bypass-hand-adjustable-valve-cartridge-52255\/#primaryimage"},"image":{"@id":"https:\/\/panwinjet.com\/product\/china-supplier-22k-uhp-hydro-blasting-triple-plunger-water-blaster-bypass-hand-adjustable-valve-cartridge-52255\/#primaryimage"},"thumbnailUrl":"https:\/\/panwinjet.com\/wp-content\/uploads\/2025\/10\/22K-ByPass-Cartridge-2-scaled.jpg","datePublished":"2025-10-17T14:18:18+00:00","breadcrumb":{"@id":"https:\/\/panwinjet.com\/product\/china-supplier-22k-uhp-hydro-blasting-triple-plunger-water-blaster-bypass-hand-adjustable-valve-cartridge-52255\/#breadcrumb"},"inLanguage":"fr-FR","potentialAction":[{"@type":"ReadAction","target":["https:\/\/panwinjet.com\/product\/china-supplier-22k-uhp-hydro-blasting-triple-plunger-water-blaster-bypass-hand-adjustable-valve-cartridge-52255\/"]}]},{"@type":"ImageObject","inLanguage":"fr-FR","@id":"https:\/\/panwinjet.com\/product\/china-supplier-22k-uhp-hydro-blasting-triple-plunger-water-blaster-bypass-hand-adjustable-valve-cartridge-52255\/#primaryimage","url":"https:\/\/panwinjet.com\/wp-content\/uploads\/2025\/10\/22K-ByPass-Cartridge-2-scaled.jpg","contentUrl":"https:\/\/panwinjet.com\/wp-content\/uploads\/2025\/10\/22K-ByPass-Cartridge-2-scaled.jpg","width":1152,"height":2560},{"@type":"BreadcrumbList","@id":"https:\/\/panwinjet.com\/product\/china-supplier-22k-uhp-hydro-blasting-triple-plunger-water-blaster-bypass-hand-adjustable-valve-cartridge-52255\/#breadcrumb","itemListElement":[{"@type":"ListItem","position":1,"name":"\u9996\u9875","item":"https:\/\/panwinjet.com\/"},{"@type":"ListItem","position":2,"name":"PRODUCT","item":"https:\/\/panwinjet.com\/product\/"},{"@type":"ListItem","position":3,"name":"China Supplier 22K UHP Hydro Blasting Triple Plunger Water Blaster ByPass Hand Adjustable Valve Cartridge-52255"}]},{"@type":"WebSite","@id":"https:\/\/panwinjet.com\/#website","url":"https:\/\/panwinjet.com\/","name":"Panwin Machinery&amp;Equipment","description":"Shenzhen Panwin Machinery&amp;Equipment Co.Ltd","potentialAction":[{"@type":"SearchAction","target":{"@type":"EntryPoint","urlTemplate":"https:\/\/panwinjet.com\/?s={search_term_string}"},"query-input":{"@type":"PropertyValueSpecification","valueRequired":true,"valueName":"search_term_string"}}],"inLanguage":"fr-FR"}]}},"_links":{"self":[{"href":"https:\/\/panwinjet.com\/fr\/wp-json\/wp\/v2\/product\/1558","targetHints":{"allow":["GET"]}}],"collection":[{"href":"https:\/\/panwinjet.com\/fr\/wp-json\/wp\/v2\/product"}],"about":[{"href":"https:\/\/panwinjet.com\/fr\/wp-json\/wp\/v2\/types\/product"}],"wp:featuredmedia":[{"embeddable":true,"href":"https:\/\/panwinjet.com\/fr\/wp-json\/wp\/v2\/media\/1559"}],"wp:attachment":[{"href":"https:\/\/panwinjet.com\/fr\/wp-json\/wp\/v2\/media?parent=1558"}],"wp:term":[{"taxonomy":"product_brand","embeddable":true,"href":"https:\/\/panwinjet.com\/fr\/wp-json\/wp\/v2\/product_brand?post=1558"},{"taxonomy":"product_cat","embeddable":true,"href":"https:\/\/panwinjet.com\/fr\/wp-json\/wp\/v2\/product_cat?post=1558"},{"taxonomy":"product_tag","embeddable":true,"href":"https:\/\/panwinjet.com\/fr\/wp-json\/wp\/v2\/product_tag?post=1558"}],"curies":[{"name":"wp","href":"https:\/\/api.w.org\/{rel}","templated":true}]}}