{"id":1447,"date":"2025-10-02T15:09:39","date_gmt":"2025-10-02T15:09:39","guid":{"rendered":"https:\/\/panwinjet.com\/?post_type=product&#038;p=1447"},"modified":"2025-10-02T15:09:39","modified_gmt":"2025-10-02T15:09:39","slug":"1500bar-22kpsi-pressure-water-jet-industry-cleaning-machine-parts-uni-valve-cartridge-retaining-spring8e-jestream-no-25255","status":"publish","type":"product","link":"https:\/\/panwinjet.com\/fr\/produit\/1500bar-22kpsi-pressure-water-jet-industry-cleaning-machine-parts-uni-valve-cartridge-retaining-spring8e-jestream-no-25255\/","title":{"rendered":"Ressort de retenue de cartouche \u00e0 vanne universelle (8e) - Jestream n\u00b0 25255"},"content":{"rendered":"<p><strong>D\u00e9tails des pi\u00e8ces d\u00e9tach\u00e9es pour machine de nettoyage industriel au jet d&#039;eau haute pression 15\u00a0000\u00a0psi\u00a0: cartouche \u00e0 vanne unique 15k<\/strong><br \/>\nCette cartouche \u00e0 vanne unique 150k, pi\u00e8ce d\u00e9tach\u00e9e pour machine de nettoyage industriel au jet d&#039;eau sous pression de 15\u00a0000\u00a0psi, pr\u00e9sente une conception unique. Seuls les d\u00e9tails peuvent en r\u00e9v\u00e9ler les avantages, et nous vous les pr\u00e9sentons ci-dessous\u00a0: Mod\u00e8les de pompes compatibles\u00a0: Cette cartouche \u00e0 vanne unique 150k, pi\u00e8ce d\u00e9tach\u00e9e pour machine de nettoyage industriel au jet d&#039;eau sous pression de 15\u00a0000\u00a0psi, est compatible avec les mod\u00e8les de pompes ultra-pression Jetstream suivants.<\/p>\n<p>Pompe \u00e0 piston triplex 3615<\/p>\n<p>Pompe \u00e0 piston triplex 4215<\/p>\n<p>Pompe \u00e0 piston triplex 5015<\/p>\n<p><strong>Param\u00e8tres (sp\u00e9cifications) des pi\u00e8ces de machines de nettoyage industriel au jet d&#039;eau sous pression de 15\u00a0000\u00a0psi\u00a0: vanne unidirectionnelle 15k<\/strong><br \/>\nL&#039;ensemble de cartouche Uni-valve 150k, pi\u00e8ce d\u00e9tach\u00e9e pour machine de nettoyage industriel au jet d&#039;eau sous pression de 15\u00a0000\u00a0psi, est fabriqu\u00e9 en acier inoxydable de haute qualit\u00e9, b\u00e9n\u00e9ficie d&#039;une fabrication sup\u00e9rieure et d&#039;une excellente qualit\u00e9\u00a0; cette vanne Uni est durable et fiable.<\/p>\n<p>A: Acier inoxydable de qualit\u00e9 sup\u00e9rieure<\/p>\n<p>B : Artisan de grande classe<\/p>\n<p>C: Cartouche de tol\u00e9rance d&#039;\u00e9tanch\u00e9it\u00e9 compacte<\/p>","protected":false},"excerpt":{"rendered":"<p>1. Pr\u00e9sentation du produit\u00a0: Ressort de retenue de cartouche \u00e0 vanne unique 15\u00a0000\u00a0psi (8e) pour machine de nettoyage industriel au jet d\u2019eau sous pression de 15\u00a0000\u00a0psi - Jestream n\u00b0\u00a025255<br \/>\nL&#039;ensemble cartouche de vanne universelle 150k, pi\u00e8ce d\u00e9tach\u00e9e pour machine de nettoyage au jet d&#039;eau haute pression (15\u00a0000\u00a0psi), est destin\u00e9 aux pompes \u00e0 piston triplex JS. Ce composant essentiel garantit un fonctionnement stable et une maintenance ais\u00e9e. Compatible avec la r\u00e9f\u00e9rence JS 52870, cet ensemble de vanne universelle JST 15\u00a0000\u00a0psi est fabriqu\u00e9 en acier inoxydable de haute qualit\u00e9, offrant une finition soign\u00e9e et une excellente durabilit\u00e9.<\/p>","protected":false},"featured_media":1450,"template":"","meta":[],"product_brand":[],"product_cat":[7,10],"product_tag":[],"class_list":{"0":"post-1447","1":"product","2":"type-product","3":"status-publish","4":"has-post-thumbnail","6":"product_cat-jetstream-pump-fluid-end-compatibe-parts","7":"product_cat-pipeline-tube-uhp-water-blasting-cleaning-device","9":"first","10":"instock","11":"shipping-taxable","12":"product-type-simple"},"yoast_head":"<!-- This site is optimized with the Yoast SEO plugin v24.9 - https:\/\/yoast.com\/wordpress\/plugins\/seo\/ -->\n<title>1500Bar 22Kpsi Pressure Water Jet industry cleaning machine parts Uni-valve Cartridge Retaining spring(8e)-Jestream No.25255 - Panwin Machinery&amp;Equipment<\/title>\n<meta name=\"robots\" content=\"index, follow, max-snippet:-1, max-image-preview:large, max-video-preview:-1\" \/>\n<link rel=\"canonical\" href=\"https:\/\/panwinjet.com\/fr\/produit\/1500bar-22kpsi-pressure-water-jet-industry-cleaning-machine-parts-uni-valve-cartridge-retaining-spring8e-jestream-no-25255\/\" \/>\n<meta property=\"og:locale\" content=\"fr_FR\" \/>\n<meta property=\"og:type\" content=\"article\" \/>\n<meta property=\"og:title\" content=\"1500Bar 22Kpsi Pressure Water Jet industry cleaning machine parts Uni-valve Cartridge Retaining spring(8e)-Jestream No.25255 - Panwin Machinery&amp;Equipment\" \/>\n<meta property=\"og:description\" content=\"1.Product Introduction of 15000psi Pressure Water Jet industry cleaning machine parts 15k Uni-valve Cartridge Retaining spring(8e)-Jestream No.25255 The 15000psi Pressure Water Jet industry cleaning machine parts 150k Uni-valve Cartridge assembly for use in JS triplex plunger pump Fluid End pumps, it is a key components for stable performance and easy service. It is compatible with JS 52870, This JST 15KPSI Uni-valve Assembly made of High-classed quality stainless steel, superior craftsmanship and excellent quality, and this Uni Valve is durable and reliable.\" \/>\n<meta property=\"og:url\" content=\"https:\/\/panwinjet.com\/fr\/produit\/1500bar-22kpsi-pressure-water-jet-industry-cleaning-machine-parts-uni-valve-cartridge-retaining-spring8e-jestream-no-25255\/\" \/>\n<meta property=\"og:site_name\" content=\"Panwin Machinery&amp;Equipment\" \/>\n<meta property=\"og:image\" content=\"https:\/\/panwinjet.com\/wp-content\/uploads\/2025\/10\/Retaining-spring8e-5-scaled.jpg\" \/>\n\t<meta property=\"og:image:width\" content=\"2560\" \/>\n\t<meta property=\"og:image:height\" content=\"1920\" \/>\n\t<meta property=\"og:image:type\" content=\"image\/jpeg\" \/>\n<meta name=\"twitter:card\" content=\"summary_large_image\" \/>\n<meta name=\"twitter:label1\" content=\"Dur\u00e9e de lecture estim\u00e9e\" \/>\n\t<meta name=\"twitter:data1\" content=\"1 minute\" \/>\n<script type=\"application\/ld+json\" class=\"yoast-schema-graph\">{\"@context\":\"https:\/\/schema.org\",\"@graph\":[{\"@type\":\"WebPage\",\"@id\":\"https:\/\/panwinjet.com\/product\/1500bar-22kpsi-pressure-water-jet-industry-cleaning-machine-parts-uni-valve-cartridge-retaining-spring8e-jestream-no-25255\/\",\"url\":\"https:\/\/panwinjet.com\/product\/1500bar-22kpsi-pressure-water-jet-industry-cleaning-machine-parts-uni-valve-cartridge-retaining-spring8e-jestream-no-25255\/\",\"name\":\"1500Bar 22Kpsi Pressure Water Jet industry cleaning machine parts Uni-valve Cartridge Retaining spring(8e)-Jestream No.25255 - Panwin Machinery&amp;Equipment\",\"isPartOf\":{\"@id\":\"https:\/\/panwinjet.com\/#website\"},\"primaryImageOfPage\":{\"@id\":\"https:\/\/panwinjet.com\/product\/1500bar-22kpsi-pressure-water-jet-industry-cleaning-machine-parts-uni-valve-cartridge-retaining-spring8e-jestream-no-25255\/#primaryimage\"},\"image\":{\"@id\":\"https:\/\/panwinjet.com\/product\/1500bar-22kpsi-pressure-water-jet-industry-cleaning-machine-parts-uni-valve-cartridge-retaining-spring8e-jestream-no-25255\/#primaryimage\"},\"thumbnailUrl\":\"https:\/\/panwinjet.com\/wp-content\/uploads\/2025\/10\/Retaining-spring8e-5-scaled.jpg\",\"datePublished\":\"2025-10-02T15:09:39+00:00\",\"breadcrumb\":{\"@id\":\"https:\/\/panwinjet.com\/product\/1500bar-22kpsi-pressure-water-jet-industry-cleaning-machine-parts-uni-valve-cartridge-retaining-spring8e-jestream-no-25255\/#breadcrumb\"},\"inLanguage\":\"fr-FR\",\"potentialAction\":[{\"@type\":\"ReadAction\",\"target\":[\"https:\/\/panwinjet.com\/product\/1500bar-22kpsi-pressure-water-jet-industry-cleaning-machine-parts-uni-valve-cartridge-retaining-spring8e-jestream-no-25255\/\"]}]},{\"@type\":\"ImageObject\",\"inLanguage\":\"fr-FR\",\"@id\":\"https:\/\/panwinjet.com\/product\/1500bar-22kpsi-pressure-water-jet-industry-cleaning-machine-parts-uni-valve-cartridge-retaining-spring8e-jestream-no-25255\/#primaryimage\",\"url\":\"https:\/\/panwinjet.com\/wp-content\/uploads\/2025\/10\/Retaining-spring8e-5-scaled.jpg\",\"contentUrl\":\"https:\/\/panwinjet.com\/wp-content\/uploads\/2025\/10\/Retaining-spring8e-5-scaled.jpg\",\"width\":2560,\"height\":1920},{\"@type\":\"BreadcrumbList\",\"@id\":\"https:\/\/panwinjet.com\/product\/1500bar-22kpsi-pressure-water-jet-industry-cleaning-machine-parts-uni-valve-cartridge-retaining-spring8e-jestream-no-25255\/#breadcrumb\",\"itemListElement\":[{\"@type\":\"ListItem\",\"position\":1,\"name\":\"\u9996\u9875\",\"item\":\"https:\/\/panwinjet.com\/\"},{\"@type\":\"ListItem\",\"position\":2,\"name\":\"PRODUCT\",\"item\":\"https:\/\/panwinjet.com\/product\/\"},{\"@type\":\"ListItem\",\"position\":3,\"name\":\"1500Bar 22Kpsi Pressure Water Jet industry cleaning machine parts Uni-valve Cartridge Retaining spring(8e)-Jestream No.25255\"}]},{\"@type\":\"WebSite\",\"@id\":\"https:\/\/panwinjet.com\/#website\",\"url\":\"https:\/\/panwinjet.com\/\",\"name\":\"Panwin Machinery&amp;Equipment\",\"description\":\"Shenzhen Panwin Machinery&amp;Equipment Co.Ltd\",\"potentialAction\":[{\"@type\":\"SearchAction\",\"target\":{\"@type\":\"EntryPoint\",\"urlTemplate\":\"https:\/\/panwinjet.com\/?s={search_term_string}\"},\"query-input\":{\"@type\":\"PropertyValueSpecification\",\"valueRequired\":true,\"valueName\":\"search_term_string\"}}],\"inLanguage\":\"fr-FR\"}]}<\/script>\n<!-- \/ Yoast SEO plugin. -->","yoast_head_json":{"title":"1500Bar 22Kpsi Pressure Water Jet industry cleaning machine parts Uni-valve Cartridge Retaining spring(8e)-Jestream No.25255 - Panwin Machinery&amp;Equipment","robots":{"index":"index","follow":"follow","max-snippet":"max-snippet:-1","max-image-preview":"max-image-preview:large","max-video-preview":"max-video-preview:-1"},"canonical":"https:\/\/panwinjet.com\/fr\/produit\/1500bar-22kpsi-pressure-water-jet-industry-cleaning-machine-parts-uni-valve-cartridge-retaining-spring8e-jestream-no-25255\/","og_locale":"fr_FR","og_type":"article","og_title":"1500Bar 22Kpsi Pressure Water Jet industry cleaning machine parts Uni-valve Cartridge Retaining spring(8e)-Jestream No.25255 - Panwin Machinery&amp;Equipment","og_description":"1.Product Introduction of 15000psi Pressure Water Jet industry cleaning machine parts 15k Uni-valve Cartridge Retaining spring(8e)-Jestream No.25255 The 15000psi Pressure Water Jet industry cleaning machine parts 150k Uni-valve Cartridge assembly for use in JS triplex plunger pump Fluid End pumps, it is a key components for stable performance and easy service. It is compatible with JS 52870, This JST 15KPSI Uni-valve Assembly made of High-classed quality stainless steel, superior craftsmanship and excellent quality, and this Uni Valve is durable and reliable.","og_url":"https:\/\/panwinjet.com\/fr\/produit\/1500bar-22kpsi-pressure-water-jet-industry-cleaning-machine-parts-uni-valve-cartridge-retaining-spring8e-jestream-no-25255\/","og_site_name":"Panwin Machinery&amp;Equipment","og_image":[{"width":2560,"height":1920,"url":"https:\/\/panwinjet.com\/wp-content\/uploads\/2025\/10\/Retaining-spring8e-5-scaled.jpg","type":"image\/jpeg"}],"twitter_card":"summary_large_image","twitter_misc":{"Dur\u00e9e de lecture estim\u00e9e":"1 minute"},"schema":{"@context":"https:\/\/schema.org","@graph":[{"@type":"WebPage","@id":"https:\/\/panwinjet.com\/product\/1500bar-22kpsi-pressure-water-jet-industry-cleaning-machine-parts-uni-valve-cartridge-retaining-spring8e-jestream-no-25255\/","url":"https:\/\/panwinjet.com\/product\/1500bar-22kpsi-pressure-water-jet-industry-cleaning-machine-parts-uni-valve-cartridge-retaining-spring8e-jestream-no-25255\/","name":"1500Bar 22Kpsi Pressure Water Jet industry cleaning machine parts Uni-valve Cartridge Retaining spring(8e)-Jestream No.25255 - Panwin Machinery&amp;Equipment","isPartOf":{"@id":"https:\/\/panwinjet.com\/#website"},"primaryImageOfPage":{"@id":"https:\/\/panwinjet.com\/product\/1500bar-22kpsi-pressure-water-jet-industry-cleaning-machine-parts-uni-valve-cartridge-retaining-spring8e-jestream-no-25255\/#primaryimage"},"image":{"@id":"https:\/\/panwinjet.com\/product\/1500bar-22kpsi-pressure-water-jet-industry-cleaning-machine-parts-uni-valve-cartridge-retaining-spring8e-jestream-no-25255\/#primaryimage"},"thumbnailUrl":"https:\/\/panwinjet.com\/wp-content\/uploads\/2025\/10\/Retaining-spring8e-5-scaled.jpg","datePublished":"2025-10-02T15:09:39+00:00","breadcrumb":{"@id":"https:\/\/panwinjet.com\/product\/1500bar-22kpsi-pressure-water-jet-industry-cleaning-machine-parts-uni-valve-cartridge-retaining-spring8e-jestream-no-25255\/#breadcrumb"},"inLanguage":"fr-FR","potentialAction":[{"@type":"ReadAction","target":["https:\/\/panwinjet.com\/product\/1500bar-22kpsi-pressure-water-jet-industry-cleaning-machine-parts-uni-valve-cartridge-retaining-spring8e-jestream-no-25255\/"]}]},{"@type":"ImageObject","inLanguage":"fr-FR","@id":"https:\/\/panwinjet.com\/product\/1500bar-22kpsi-pressure-water-jet-industry-cleaning-machine-parts-uni-valve-cartridge-retaining-spring8e-jestream-no-25255\/#primaryimage","url":"https:\/\/panwinjet.com\/wp-content\/uploads\/2025\/10\/Retaining-spring8e-5-scaled.jpg","contentUrl":"https:\/\/panwinjet.com\/wp-content\/uploads\/2025\/10\/Retaining-spring8e-5-scaled.jpg","width":2560,"height":1920},{"@type":"BreadcrumbList","@id":"https:\/\/panwinjet.com\/product\/1500bar-22kpsi-pressure-water-jet-industry-cleaning-machine-parts-uni-valve-cartridge-retaining-spring8e-jestream-no-25255\/#breadcrumb","itemListElement":[{"@type":"ListItem","position":1,"name":"\u9996\u9875","item":"https:\/\/panwinjet.com\/"},{"@type":"ListItem","position":2,"name":"PRODUCT","item":"https:\/\/panwinjet.com\/product\/"},{"@type":"ListItem","position":3,"name":"1500Bar 22Kpsi Pressure Water Jet industry cleaning machine parts Uni-valve Cartridge Retaining spring(8e)-Jestream No.25255"}]},{"@type":"WebSite","@id":"https:\/\/panwinjet.com\/#website","url":"https:\/\/panwinjet.com\/","name":"Panwin Machinery&amp;Equipment","description":"Shenzhen Panwin Machinery&amp;Equipment Co.Ltd","potentialAction":[{"@type":"SearchAction","target":{"@type":"EntryPoint","urlTemplate":"https:\/\/panwinjet.com\/?s={search_term_string}"},"query-input":{"@type":"PropertyValueSpecification","valueRequired":true,"valueName":"search_term_string"}}],"inLanguage":"fr-FR"}]}},"_links":{"self":[{"href":"https:\/\/panwinjet.com\/fr\/wp-json\/wp\/v2\/product\/1447","targetHints":{"allow":["GET"]}}],"collection":[{"href":"https:\/\/panwinjet.com\/fr\/wp-json\/wp\/v2\/product"}],"about":[{"href":"https:\/\/panwinjet.com\/fr\/wp-json\/wp\/v2\/types\/product"}],"wp:featuredmedia":[{"embeddable":true,"href":"https:\/\/panwinjet.com\/fr\/wp-json\/wp\/v2\/media\/1450"}],"wp:attachment":[{"href":"https:\/\/panwinjet.com\/fr\/wp-json\/wp\/v2\/media?parent=1447"}],"wp:term":[{"taxonomy":"product_brand","embeddable":true,"href":"https:\/\/panwinjet.com\/fr\/wp-json\/wp\/v2\/product_brand?post=1447"},{"taxonomy":"product_cat","embeddable":true,"href":"https:\/\/panwinjet.com\/fr\/wp-json\/wp\/v2\/product_cat?post=1447"},{"taxonomy":"product_tag","embeddable":true,"href":"https:\/\/panwinjet.com\/fr\/wp-json\/wp\/v2\/product_tag?post=1447"}],"curies":[{"name":"wp","href":"https:\/\/api.w.org\/{rel}","templated":true}]}}