{"id":1430,"date":"2025-10-02T14:54:16","date_gmt":"2025-10-02T14:54:16","guid":{"rendered":"https:\/\/panwinjet.com\/?post_type=product&#038;p=1430"},"modified":"2025-10-02T14:54:16","modified_gmt":"2025-10-02T14:54:16","slug":"15000psi-pressure-water-jet-industry-cleaning-machine-parts-150k-uni-valve-cartridge-suction-spring8c-js-no-25059","status":"publish","type":"product","link":"https:\/\/panwinjet.com\/fr\/produit\/15000psi-pressure-water-jet-industry-cleaning-machine-parts-150k-uni-valve-cartridge-suction-spring8c-js-no-25059\/","title":{"rendered":"Pi\u00e8ces d\u00e9tach\u00e9es pour machine de nettoyage industriel au jet d&#039;eau haute pression 15\u00a0000\u00a0psi\u00a0: cartouche \u00e0 vanne universelle 150k, ressort d&#039;aspiration (8c) - JS n\u00b0\u00a025059"},"content":{"rendered":"<p>Caract\u00e9ristiques et applications des pi\u00e8ces de machines de nettoyage industriel au jet d&#039;eau haute pression de 15\u00a0000\u00a0psi\u00a0: cartouche \u00e0 vanne unique 15k<br \/>\nCette cartouche \u00e0 vanne unique 150k, pi\u00e8ce d\u00e9tach\u00e9e pour machine de nettoyage industriel au jet d&#039;eau sous pression de 15\u00a0000\u00a0psi, est une pi\u00e8ce unique et de conception exceptionnelle offrant d&#039;excellentes performances et une maintenance ais\u00e9e. Ses fonctionnalit\u00e9s avanc\u00e9es se manifestent dans les d\u00e9tails suivants\u00a0: A\u00a0: Vannes d&#039;aspiration et de refoulement combin\u00e9es dans une seule pi\u00e8ce autonome\u00a0; B\u00a0: Montage coulissant pour une maintenance ais\u00e9e\u00a0; C\u00a0: Conception en ligne minimisant les turbulences. Application\u00a0: Cette cartouche \u00e0 vanne unique 150k, pi\u00e8ce d\u00e9tach\u00e9e pour machine de nettoyage industriel au jet d&#039;eau sous pression de 15\u00a0000\u00a0psi, est utilis\u00e9e avec la pompe \u00e0 piston triplex JS c\u00f4t\u00e9 fluide. Il s&#039;agit d&#039;un composant cl\u00e9 de conception avanc\u00e9e. La pompe peut \u00eatre largement utilis\u00e9e dans les applications suivantes\u00a0: nettoyage \u00e0 l\u2019eau ultra-haute pression, industrie de la construction, hydrod\u00e9capage, industrie du fer, de l\u2019acier et des m\u00e9taux, nettoyage \u00e0 l\u2019eau haute pression, g\u00e9nie m\u00e9canique et des appareils, industrie du ciment et du b\u00e9ton, nettoyage de surfaces \u00e0 haute pression, pi\u00e8ces d\u2019\u00e9quipement de nettoyage \u00e0 l\u2019eau ultra-haute pression, rampes de pulv\u00e9risation pour le nettoyage industriel, machine d\u2019hydrod\u00e9capage pour l\u2019industrie du raffinage du p\u00e9trole, nettoyage de surfaces \u00e0 l\u2019eau ultra-haute pression, nettoyage de r\u00e9servoirs et de cuves, nettoyage d\u2019\u00e9changeurs de chaleur, nettoyage de peinture automobile, nettoyage pour l\u2019industrie mini\u00e8re, nettoyage pour la fabrication de l\u2019acier, etc. \u00c9quipement de nettoyage des \u00e9gouts \u00e0 haute pression pour les r\u00e9seaux de canalisations municipaux d\u2019alimentation en eau et de drainage\u00a0;<\/p>\n<p><img decoding=\"async\" class=\"alignleft size-medium wp-image-1437 lazyload\" data-src=\"https:\/\/panwinjet.com\/wp-content\/uploads\/2025\/10\/\u7ed3\u6784-500x281.png\" alt=\"\" width=\"500\" height=\"281\" data-srcset=\"https:\/\/panwinjet.com\/wp-content\/uploads\/2025\/10\/\u7ed3\u6784-500x281.png 500w, https:\/\/panwinjet.com\/wp-content\/uploads\/2025\/10\/\u7ed3\u6784-300x169.png 300w, https:\/\/panwinjet.com\/wp-content\/uploads\/2025\/10\/\u7ed3\u6784-133x75.png 133w, https:\/\/panwinjet.com\/wp-content\/uploads\/2025\/10\/\u7ed3\u6784-480x270.png 480w, https:\/\/panwinjet.com\/wp-content\/uploads\/2025\/10\/\u7ed3\u6784.png 729w\" data-sizes=\"(max-width:767px) 480px, 500px\" src=\"data:image\/svg+xml;base64,PHN2ZyB3aWR0aD0iMSIgaGVpZ2h0PSIxIiB4bWxucz0iaHR0cDovL3d3dy53My5vcmcvMjAwMC9zdmciPjwvc3ZnPg==\" style=\"--smush-placeholder-width: 500px; --smush-placeholder-aspect-ratio: 500\/281;\" \/><\/p>\n<p>D\u00e9tails des pi\u00e8ces d\u00e9tach\u00e9es pour machine de nettoyage industriel au jet d&#039;eau haute pression 15\u00a0000\u00a0psi\u00a0: cartouche \u00e0 vanne unique 150k<br \/>\nCette cartouche \u00e0 vanne unique 150k pour machine de nettoyage industriel au jet d&#039;eau sous pression de 15\u00a0000\u00a0psi pr\u00e9sente une conception unique. Seuls les d\u00e9tails permettent d&#039;en appr\u00e9cier les avantages, que nous d\u00e9taillons ci-dessous\u00a0: Mod\u00e8les de pompes compatibles\u00a0:<\/p>\n<p>&nbsp;<\/p>\n<p>Cette cartouche \u00e0 vanne unique 150k pour machine de nettoyage industriel au jet d&#039;eau sous pression de 15 000 psi est compatible avec les mod\u00e8les de pompes ultra-pression JST suivants.<\/p>\n<p>Pompe \u00e0 piston triplex 3615<\/p>\n<p>Pompe \u00e0 piston triplex 4215<\/p>\n<p>Pompe \u00e0 piston triplex 5015<\/p>","protected":false},"excerpt":{"rendered":"<p>1. Pr\u00e9sentation du produit\u00a0: Pi\u00e8ces d\u00e9tach\u00e9es pour machine de nettoyage industriel au jet d&#039;eau sous pression de 15\u00a0000\u00a0psi\u00a0: Cartouche \u00e0 vanne unique 150k, ressort d&#039;aspiration (8c) - JS n\u00b0\u00a025059<br \/>\nL&#039;ensemble cartouche de vanne universelle 150k, pi\u00e8ce d\u00e9tach\u00e9e pour machine de nettoyage au jet d&#039;eau haute pression (15\u00a0000\u00a0psi), est destin\u00e9 aux pompes \u00e0 piston triplex JS. Ce composant essentiel garantit un fonctionnement stable et une maintenance ais\u00e9e. Compatible avec la r\u00e9f\u00e9rence JS 52870, cet ensemble de vanne universelle JST 15\u00a0000\u00a0psi est fabriqu\u00e9 en acier inoxydable de haute qualit\u00e9, offrant une finition soign\u00e9e et une excellente durabilit\u00e9.<\/p>\n<p>2. Param\u00e8tres du produit (sp\u00e9cifications) des pi\u00e8ces de machines de nettoyage industriel au jet d&#039;eau sous pression de 15\u00a0000\u00a0psi, vanne unitaire 150k<br \/>\nLa cartouche de vanne universelle 150k, composant de la machine de nettoyage \u00e0 jet d&#039;eau haute pression 15\u00a0000 psi, est fabriqu\u00e9e en acier inoxydable de haute qualit\u00e9. Sa fabrication soign\u00e9e et sa grande qualit\u00e9 garantissent durabilit\u00e9 et fiabilit\u00e9. A\u00a0: Acier inoxydable de qualit\u00e9 sup\u00e9rieure\u00a0; B\u00a0: Fabrication artisanale de haut niveau\u00a0; C\u00a0: Cartouche compacte \u00e0 tol\u00e9rance d&#039;\u00e9tanch\u00e9it\u00e9.<\/p>","protected":false},"featured_media":1435,"template":"","meta":[],"product_brand":[],"product_cat":[7],"product_tag":[],"class_list":{"0":"post-1430","1":"product","2":"type-product","3":"status-publish","4":"has-post-thumbnail","6":"product_cat-jetstream-pump-fluid-end-compatibe-parts","8":"first","9":"instock","10":"shipping-taxable","11":"product-type-simple"},"yoast_head":"<!-- This site is optimized with the Yoast SEO plugin v24.9 - https:\/\/yoast.com\/wordpress\/plugins\/seo\/ -->\n<title>15000psi Pressure Water Jet industry cleaning machine parts 150k Uni-valve Cartridge Suction spring(8c)-JS No.25059 - Panwin Machinery&amp;Equipment<\/title>\n<meta name=\"robots\" content=\"index, follow, max-snippet:-1, max-image-preview:large, max-video-preview:-1\" \/>\n<link rel=\"canonical\" href=\"https:\/\/panwinjet.com\/fr\/produit\/15000psi-pressure-water-jet-industry-cleaning-machine-parts-150k-uni-valve-cartridge-suction-spring8c-js-no-25059\/\" \/>\n<meta property=\"og:locale\" content=\"fr_FR\" \/>\n<meta property=\"og:type\" content=\"article\" \/>\n<meta property=\"og:title\" content=\"15000psi Pressure Water Jet industry cleaning machine parts 150k Uni-valve Cartridge Suction spring(8c)-JS No.25059 - Panwin Machinery&amp;Equipment\" \/>\n<meta property=\"og:description\" content=\"1.Product Introduction of 15000psi Pressure Water Jet industry cleaning machine parts 150k Uni-valve Cartridge Suction spring(8c)-JS No.25059 The 15000psi Pressure Water Jet industry cleaning machine parts 150k Uni-valve Cartridge assembly for use in JS triplex plunger pump Fluid End pumps, it is a key components for stable performance and easy service. It is compatible with JS 52870, This JST 15KPSI Uni-valve Assembly made of High-classed quality stainless steel, superior craftsmanship and excellent quality, and this Uni Valve is durable and reliable.  2.Product Parameter (Specification) of 15000psi Pressure Water Jet industry cleaning machine parts 150k Uni-valve The 15000psi Pressure Water Jet industry cleaning machine parts 150k Uni-valve Cartridge Assembly is made of High-classed quality stainless steel, superior craftsmanship and excellent quality, and this Uni Valve is durable and reliable. A:Premium quality stainless steel B: High-class craftsman C:Compact Sealing toleranceartridge\" \/>\n<meta property=\"og:url\" content=\"https:\/\/panwinjet.com\/fr\/produit\/15000psi-pressure-water-jet-industry-cleaning-machine-parts-150k-uni-valve-cartridge-suction-spring8c-js-no-25059\/\" \/>\n<meta property=\"og:site_name\" content=\"Panwin Machinery&amp;Equipment\" \/>\n<meta property=\"og:image\" content=\"https:\/\/panwinjet.com\/wp-content\/uploads\/2025\/10\/Suction-spring8c-7-scaled.jpg\" \/>\n\t<meta property=\"og:image:width\" content=\"2560\" \/>\n\t<meta property=\"og:image:height\" content=\"1920\" \/>\n\t<meta property=\"og:image:type\" content=\"image\/jpeg\" \/>\n<meta name=\"twitter:card\" content=\"summary_large_image\" \/>\n<meta name=\"twitter:label1\" content=\"Dur\u00e9e de lecture estim\u00e9e\" \/>\n\t<meta name=\"twitter:data1\" content=\"2 minutes\" \/>\n<script type=\"application\/ld+json\" class=\"yoast-schema-graph\">{\"@context\":\"https:\/\/schema.org\",\"@graph\":[{\"@type\":\"WebPage\",\"@id\":\"https:\/\/panwinjet.com\/product\/15000psi-pressure-water-jet-industry-cleaning-machine-parts-150k-uni-valve-cartridge-suction-spring8c-js-no-25059\/\",\"url\":\"https:\/\/panwinjet.com\/product\/15000psi-pressure-water-jet-industry-cleaning-machine-parts-150k-uni-valve-cartridge-suction-spring8c-js-no-25059\/\",\"name\":\"15000psi Pressure Water Jet industry cleaning machine parts 150k Uni-valve Cartridge Suction spring(8c)-JS No.25059 - Panwin Machinery&amp;Equipment\",\"isPartOf\":{\"@id\":\"https:\/\/panwinjet.com\/#website\"},\"primaryImageOfPage\":{\"@id\":\"https:\/\/panwinjet.com\/product\/15000psi-pressure-water-jet-industry-cleaning-machine-parts-150k-uni-valve-cartridge-suction-spring8c-js-no-25059\/#primaryimage\"},\"image\":{\"@id\":\"https:\/\/panwinjet.com\/product\/15000psi-pressure-water-jet-industry-cleaning-machine-parts-150k-uni-valve-cartridge-suction-spring8c-js-no-25059\/#primaryimage\"},\"thumbnailUrl\":\"https:\/\/panwinjet.com\/wp-content\/uploads\/2025\/10\/Suction-spring8c-7-scaled.jpg\",\"datePublished\":\"2025-10-02T14:54:16+00:00\",\"breadcrumb\":{\"@id\":\"https:\/\/panwinjet.com\/product\/15000psi-pressure-water-jet-industry-cleaning-machine-parts-150k-uni-valve-cartridge-suction-spring8c-js-no-25059\/#breadcrumb\"},\"inLanguage\":\"fr-FR\",\"potentialAction\":[{\"@type\":\"ReadAction\",\"target\":[\"https:\/\/panwinjet.com\/product\/15000psi-pressure-water-jet-industry-cleaning-machine-parts-150k-uni-valve-cartridge-suction-spring8c-js-no-25059\/\"]}]},{\"@type\":\"ImageObject\",\"inLanguage\":\"fr-FR\",\"@id\":\"https:\/\/panwinjet.com\/product\/15000psi-pressure-water-jet-industry-cleaning-machine-parts-150k-uni-valve-cartridge-suction-spring8c-js-no-25059\/#primaryimage\",\"url\":\"https:\/\/panwinjet.com\/wp-content\/uploads\/2025\/10\/Suction-spring8c-7-scaled.jpg\",\"contentUrl\":\"https:\/\/panwinjet.com\/wp-content\/uploads\/2025\/10\/Suction-spring8c-7-scaled.jpg\",\"width\":2560,\"height\":1920},{\"@type\":\"BreadcrumbList\",\"@id\":\"https:\/\/panwinjet.com\/product\/15000psi-pressure-water-jet-industry-cleaning-machine-parts-150k-uni-valve-cartridge-suction-spring8c-js-no-25059\/#breadcrumb\",\"itemListElement\":[{\"@type\":\"ListItem\",\"position\":1,\"name\":\"\u9996\u9875\",\"item\":\"https:\/\/panwinjet.com\/\"},{\"@type\":\"ListItem\",\"position\":2,\"name\":\"PRODUCT\",\"item\":\"https:\/\/panwinjet.com\/product\/\"},{\"@type\":\"ListItem\",\"position\":3,\"name\":\"15000psi Pressure Water Jet industry cleaning machine parts 150k Uni-valve Cartridge Suction spring(8c)-JS No.25059\"}]},{\"@type\":\"WebSite\",\"@id\":\"https:\/\/panwinjet.com\/#website\",\"url\":\"https:\/\/panwinjet.com\/\",\"name\":\"Panwin Machinery&amp;Equipment\",\"description\":\"Shenzhen Panwin Machinery&amp;Equipment Co.Ltd\",\"potentialAction\":[{\"@type\":\"SearchAction\",\"target\":{\"@type\":\"EntryPoint\",\"urlTemplate\":\"https:\/\/panwinjet.com\/?s={search_term_string}\"},\"query-input\":{\"@type\":\"PropertyValueSpecification\",\"valueRequired\":true,\"valueName\":\"search_term_string\"}}],\"inLanguage\":\"fr-FR\"}]}<\/script>\n<!-- \/ Yoast SEO plugin. -->","yoast_head_json":{"title":"15000psi Pressure Water Jet industry cleaning machine parts 150k Uni-valve Cartridge Suction spring(8c)-JS No.25059 - Panwin Machinery&amp;Equipment","robots":{"index":"index","follow":"follow","max-snippet":"max-snippet:-1","max-image-preview":"max-image-preview:large","max-video-preview":"max-video-preview:-1"},"canonical":"https:\/\/panwinjet.com\/fr\/produit\/15000psi-pressure-water-jet-industry-cleaning-machine-parts-150k-uni-valve-cartridge-suction-spring8c-js-no-25059\/","og_locale":"fr_FR","og_type":"article","og_title":"15000psi Pressure Water Jet industry cleaning machine parts 150k Uni-valve Cartridge Suction spring(8c)-JS No.25059 - Panwin Machinery&amp;Equipment","og_description":"1.Product Introduction of 15000psi Pressure Water Jet industry cleaning machine parts 150k Uni-valve Cartridge Suction spring(8c)-JS No.25059 The 15000psi Pressure Water Jet industry cleaning machine parts 150k Uni-valve Cartridge assembly for use in JS triplex plunger pump Fluid End pumps, it is a key components for stable performance and easy service. It is compatible with JS 52870, This JST 15KPSI Uni-valve Assembly made of High-classed quality stainless steel, superior craftsmanship and excellent quality, and this Uni Valve is durable and reliable.  2.Product Parameter (Specification) of 15000psi Pressure Water Jet industry cleaning machine parts 150k Uni-valve The 15000psi Pressure Water Jet industry cleaning machine parts 150k Uni-valve Cartridge Assembly is made of High-classed quality stainless steel, superior craftsmanship and excellent quality, and this Uni Valve is durable and reliable. A:Premium quality stainless steel B: High-class craftsman C:Compact Sealing toleranceartridge","og_url":"https:\/\/panwinjet.com\/fr\/produit\/15000psi-pressure-water-jet-industry-cleaning-machine-parts-150k-uni-valve-cartridge-suction-spring8c-js-no-25059\/","og_site_name":"Panwin Machinery&amp;Equipment","og_image":[{"width":2560,"height":1920,"url":"https:\/\/panwinjet.com\/wp-content\/uploads\/2025\/10\/Suction-spring8c-7-scaled.jpg","type":"image\/jpeg"}],"twitter_card":"summary_large_image","twitter_misc":{"Dur\u00e9e de lecture estim\u00e9e":"2 minutes"},"schema":{"@context":"https:\/\/schema.org","@graph":[{"@type":"WebPage","@id":"https:\/\/panwinjet.com\/product\/15000psi-pressure-water-jet-industry-cleaning-machine-parts-150k-uni-valve-cartridge-suction-spring8c-js-no-25059\/","url":"https:\/\/panwinjet.com\/product\/15000psi-pressure-water-jet-industry-cleaning-machine-parts-150k-uni-valve-cartridge-suction-spring8c-js-no-25059\/","name":"15000psi Pressure Water Jet industry cleaning machine parts 150k Uni-valve Cartridge Suction spring(8c)-JS No.25059 - Panwin Machinery&amp;Equipment","isPartOf":{"@id":"https:\/\/panwinjet.com\/#website"},"primaryImageOfPage":{"@id":"https:\/\/panwinjet.com\/product\/15000psi-pressure-water-jet-industry-cleaning-machine-parts-150k-uni-valve-cartridge-suction-spring8c-js-no-25059\/#primaryimage"},"image":{"@id":"https:\/\/panwinjet.com\/product\/15000psi-pressure-water-jet-industry-cleaning-machine-parts-150k-uni-valve-cartridge-suction-spring8c-js-no-25059\/#primaryimage"},"thumbnailUrl":"https:\/\/panwinjet.com\/wp-content\/uploads\/2025\/10\/Suction-spring8c-7-scaled.jpg","datePublished":"2025-10-02T14:54:16+00:00","breadcrumb":{"@id":"https:\/\/panwinjet.com\/product\/15000psi-pressure-water-jet-industry-cleaning-machine-parts-150k-uni-valve-cartridge-suction-spring8c-js-no-25059\/#breadcrumb"},"inLanguage":"fr-FR","potentialAction":[{"@type":"ReadAction","target":["https:\/\/panwinjet.com\/product\/15000psi-pressure-water-jet-industry-cleaning-machine-parts-150k-uni-valve-cartridge-suction-spring8c-js-no-25059\/"]}]},{"@type":"ImageObject","inLanguage":"fr-FR","@id":"https:\/\/panwinjet.com\/product\/15000psi-pressure-water-jet-industry-cleaning-machine-parts-150k-uni-valve-cartridge-suction-spring8c-js-no-25059\/#primaryimage","url":"https:\/\/panwinjet.com\/wp-content\/uploads\/2025\/10\/Suction-spring8c-7-scaled.jpg","contentUrl":"https:\/\/panwinjet.com\/wp-content\/uploads\/2025\/10\/Suction-spring8c-7-scaled.jpg","width":2560,"height":1920},{"@type":"BreadcrumbList","@id":"https:\/\/panwinjet.com\/product\/15000psi-pressure-water-jet-industry-cleaning-machine-parts-150k-uni-valve-cartridge-suction-spring8c-js-no-25059\/#breadcrumb","itemListElement":[{"@type":"ListItem","position":1,"name":"\u9996\u9875","item":"https:\/\/panwinjet.com\/"},{"@type":"ListItem","position":2,"name":"PRODUCT","item":"https:\/\/panwinjet.com\/product\/"},{"@type":"ListItem","position":3,"name":"15000psi Pressure Water Jet industry cleaning machine parts 150k Uni-valve Cartridge Suction spring(8c)-JS No.25059"}]},{"@type":"WebSite","@id":"https:\/\/panwinjet.com\/#website","url":"https:\/\/panwinjet.com\/","name":"Panwin Machinery&amp;Equipment","description":"Shenzhen Panwin Machinery&amp;Equipment Co.Ltd","potentialAction":[{"@type":"SearchAction","target":{"@type":"EntryPoint","urlTemplate":"https:\/\/panwinjet.com\/?s={search_term_string}"},"query-input":{"@type":"PropertyValueSpecification","valueRequired":true,"valueName":"search_term_string"}}],"inLanguage":"fr-FR"}]}},"_links":{"self":[{"href":"https:\/\/panwinjet.com\/fr\/wp-json\/wp\/v2\/product\/1430","targetHints":{"allow":["GET"]}}],"collection":[{"href":"https:\/\/panwinjet.com\/fr\/wp-json\/wp\/v2\/product"}],"about":[{"href":"https:\/\/panwinjet.com\/fr\/wp-json\/wp\/v2\/types\/product"}],"wp:featuredmedia":[{"embeddable":true,"href":"https:\/\/panwinjet.com\/fr\/wp-json\/wp\/v2\/media\/1435"}],"wp:attachment":[{"href":"https:\/\/panwinjet.com\/fr\/wp-json\/wp\/v2\/media?parent=1430"}],"wp:term":[{"taxonomy":"product_brand","embeddable":true,"href":"https:\/\/panwinjet.com\/fr\/wp-json\/wp\/v2\/product_brand?post=1430"},{"taxonomy":"product_cat","embeddable":true,"href":"https:\/\/panwinjet.com\/fr\/wp-json\/wp\/v2\/product_cat?post=1430"},{"taxonomy":"product_tag","embeddable":true,"href":"https:\/\/panwinjet.com\/fr\/wp-json\/wp\/v2\/product_tag?post=1430"}],"curies":[{"name":"wp","href":"https:\/\/api.w.org\/{rel}","templated":true}]}}