{"id":1397,"date":"2025-10-01T08:00:59","date_gmt":"2025-10-01T08:00:59","guid":{"rendered":"https:\/\/panwinjet.com\/?post_type=product&#038;p=1397"},"modified":"2025-10-01T08:00:59","modified_gmt":"2025-10-01T08:00:59","slug":"22kpsi-1500bar-triplex-plunger-pump-hydro-jet-drain-machine-uhp-water-blast-nozzle-water-blaster-4-badger-tube-nozzle","status":"publish","type":"product","link":"https:\/\/panwinjet.com\/fr\/produit\/22kpsi-1500bar-triplex-plunger-pump-hydro-jet-drain-machine-uhp-water-blast-nozzle-water-blaster-4-badger-tube-nozzle\/","title":{"rendered":"Pompe \u00e0 piston triplex 22\u00a0000\u00a0psi (1\u00a0500\u00a0bar) pour d\u00e9bouchage hydrodynamique, buse de jet d&#039;eau UHP, buse \u00e0 tube Badger 4&#039;&#039;"},"content":{"rendered":"<p>Pr\u00e9sentation du produit\u00a0: Pompe \u00e0 piston triplex 22\u00a0000\u00a0psi (1\u00a0500\u00a0bar) de haute qualit\u00e9, machine de d\u00e9bouchage \u00e0 jet d&#039;eau haute pression, buse de nettoyage \u00e0 jet d&#039;eau de 4\u00a0pouces (10\u00a0cm) avec tube Badger.<br \/>\nLa pompe \u00e0 piston triplex 22\u00a0000\u00a0psi 1\u00a0500\u00a0bar, machine de d\u00e9bouchage \u00e0 jet d&#039;eau haute pression, buse de nettoyage \u00e0 jet d&#039;eau de 4\u00a0pouces Badger Tube Nozzle est une<\/p>\n<p>Buse auto-rotative pour un acc\u00e8s et un nettoyage faciles des coudes \u00e0 90\u00b0 des tuyaux de 4 pouces. \u00c9quip\u00e9e de jets avant, lat\u00e9raux et arri\u00e8re pour \u00e9liminer les obstructions, cette puissante buse est id\u00e9ale pour les travaux de nettoyage de canalisations difficiles dans les secteurs p\u00e9trolier et chimique.<\/p>\n<div style=\"width: 720px;\" class=\"wp-video\"><video class=\"wp-video-shortcode\" id=\"video-1397-1\" width=\"720\" height=\"1280\" preload=\"metadata\" controls=\"controls\"><source type=\"video\/mp4\" src=\"https:\/\/panwinjet.com\/wp-content\/uploads\/2025\/10\/4-Badger-Video.mp4?_=1\" \/><a href=\"https:\/\/panwinjet.com\/wp-content\/uploads\/2025\/10\/4-Badger-Video.mp4\">https:\/\/panwinjet.com\/wp-content\/uploads\/2025\/10\/4-Badger-Video.mp4<\/a><\/video><\/div>\n<p>2. Param\u00e8tres du produit (sp\u00e9cifications) de la pompe \u00e0 piston triplex 22\u00a0000\u00a0psi 1\u00a0500\u00a0bar, machine de d\u00e9bouchage \u00e0 jet d&#039;eau haute pression, buse de nettoyage \u00e0 jet d&#039;eau UHP, buse \u00e0 tube Badger de 4\u00a0pouces<br \/>\nCette machine de nettoyage hydrodynamique \u00e0 jet d&#039;eau haute pression (UHP) avec pompe \u00e0 piston triplex 22 000 psi et buse \u00e0 tube Badger 4 pouces offre une pression de service maximale de 22 000 psi et un d\u00e9bit maximal de 40 gpm. Elle dispose d&#039;une forte puissance de pulv\u00e9risation et d&#039;un d\u00e9bit important pour le nettoyage des canalisations coud\u00e9es de 4 pouces.<\/p>\n<p>&nbsp;<\/p>","protected":false},"excerpt":{"rendered":"<p>3. Caract\u00e9ristiques et applications de la pompe \u00e0 piston triplex 22\u00a0000\u00a0psi\/1\u00a0500\u00a0bar, machine de d\u00e9bouchage \u00e0 jet d&#039;eau haute pression, buse de nettoyage \u00e0 jet d&#039;eau UHP, buse \u00e0 tube Badger de 4\u00a0pouces<br \/>\nChez Panwin, nous vous proposons des buses de nettoyage de canalisations coud\u00e9es de 4 pouces \u00e0 haute pression (20\u00a0000 psi) d&#039;excellente qualit\u00e9, pr\u00e9sentant de nombreux avantages et caract\u00e9ristiques, comme suit\u00a0:<br \/>\n1 : Performance de nettoyage globale.<br \/>\nCette buse auto-rotative de nettoyage de canalisations hydrauliques est con\u00e7ue pour un acc\u00e8s et un nettoyage faciles des coudes \u00e0 90\u00b0 des tuyaux de 6 pouces, et poss\u00e8de des jets avant, lat\u00e9raux et arri\u00e8re qui \u00e9liminent les obstructions.<br \/>\nElle propulse l&#039;outil dans le tuyau pour une puissance de nettoyage maximale et une usure minimale.<\/p>\n<p>2 : L&#039;eau assure un mouvement d&#039;auto-rotation, sans besoin d&#039;huile ni de roulement \u00e0 billes.<br \/>\nL&#039;eau en mouvement assure la rotation et cr\u00e9e le palier sur lequel tournent les buses. Pas d&#039;huile ni de roulements \u00e0 billes \u00e0 remplacer !<\/p>\n<p>3: Insert de buses multiport pour un nettoyage \u00e0 360 degr\u00e9s.<br \/>\n\u00c9quip\u00e9 de deux ports orient\u00e9s vers l&#039;avant \u00e0 10\u00b0 et deux \u00e0 45\u00b0, de deux ports radiaux \u00e0 100\u00b0 et de deux ports orient\u00e9s vers l&#039;arri\u00e8re \u00e0 135\u00b0 qui acceptent deux types de buses disponibles en option.<\/p>\n<p>4 : Contr\u00f4le de la vitesse, nettoyage puissant et usure minimale.<br \/>\nIl est con\u00e7u avec un syst\u00e8me de freinage par courants de Foucault qui contr\u00f4le la vitesse de rotation pour une puissance de nettoyage maximale et une usure minimale.<\/p>\n<p>5 : Service facile.<br \/>\nEnti\u00e8rement r\u00e9parable sur place en moins de 5 minutes !<\/p>\n<p>Cette machine de nettoyage hydrodynamique \u00e0 jet d&#039;eau haute pression avec pompe \u00e0 piston triplex 22 Kpsi 1500 Bar et buse de jet d&#039;eau UHP de 4 pouces (10 cm) peut \u00eatre utilis\u00e9e dans de nombreux processus de nettoyage, notamment le nettoyage de r\u00e9servoirs et de cuves, le nettoyage de tuyaux et de tubes, etc., et pr\u00e9sente des avantages particuli\u00e8rement in\u00e9gal\u00e9s pour les tuyaux coud\u00e9s de 4 pouces (10 cm).<\/p>\n<p>&nbsp;<\/p>\n<p>4. D\u00e9tails du produit : Pompe \u00e0 piston triplex 22 kpsi 1500 bar, machine de d\u00e9bouchage hydrodynamique, buse de jet d&#039;eau UHP, nettoyeur haute pression, buse \u00e0 tube Badger 4 pouces<br \/>\nLa machine de nettoyage de canalisations par hydrojet \u00e0 triple piston 22\u00a0000\u00a0psi 1\u00a0500\u00a0bar avec buse de jet d&#039;eau UHP et buse \u00e0 tube Badger de 4\u00a0pouces comprend un adaptateur, une bague de retenue, des \u00e9crous d&#039;entr\u00e9e, une bague d&#039;usure et des ensembles de t\u00eate, etc. Comme suit\u00a0:<\/p>","protected":false},"featured_media":1400,"template":"","meta":[],"product_brand":[],"product_cat":[10],"product_tag":[],"class_list":{"0":"post-1397","1":"product","2":"type-product","3":"status-publish","4":"has-post-thumbnail","6":"product_cat-pipeline-tube-uhp-water-blasting-cleaning-device","8":"first","9":"instock","10":"shipping-taxable","11":"product-type-simple"},"yoast_head":"<!-- This site is optimized with the Yoast SEO plugin v24.9 - https:\/\/yoast.com\/wordpress\/plugins\/seo\/ -->\n<title>22Kpsi 1500Bar triplex plunger pump hydro jet drain machine UHP water blast nozzle Water blaster 4\u2019\u2019 Badger Tube Nozzle - Panwin Machinery&amp;Equipment<\/title>\n<meta name=\"robots\" content=\"index, follow, max-snippet:-1, max-image-preview:large, max-video-preview:-1\" \/>\n<link rel=\"canonical\" href=\"https:\/\/panwinjet.com\/fr\/produit\/22kpsi-1500bar-triplex-plunger-pump-hydro-jet-drain-machine-uhp-water-blast-nozzle-water-blaster-4-badger-tube-nozzle\/\" \/>\n<meta property=\"og:locale\" content=\"fr_FR\" \/>\n<meta property=\"og:type\" content=\"article\" \/>\n<meta property=\"og:title\" content=\"22Kpsi 1500Bar triplex plunger pump hydro jet drain machine UHP water blast nozzle Water blaster 4\u2019\u2019 Badger Tube Nozzle - Panwin Machinery&amp;Equipment\" \/>\n<meta property=\"og:description\" content=\"3.Product Feature And Application of 22Kpsi 1500Bar triplex plunger pump hydro jet drain machine UHP water blast nozzle Water blaster 4\u2019\u2019 Badger Tube Nozzle We Panwin sell you the excellent quality 20000psi Pressure Water blasting 4inch bend pipeline cleaning machine nozzles have many advantages and features as follows: 1: All-around cleaning performance. This hydro pipeline cleaning Self-Rotating nozzle is designed for easy access and cleaning wash bend 90\u00b0 6 inch pipe, and has front, side, and rear jets that clear blockages, It thrust to propel the tool down the pipe for Max cleaning power and Min wear.  2:Water provide Self-Rotational motion, no oil or ball bearing need. The flowing Water provides the rotational motion and creates the bearing on which the nozzles spin. No oil or ball bearings to replace!  3:Muti-Port nozzles insert for 360 Degree cleaning. Equipped with two forward-facing ports at 10\u00b0 and two at 45\u00b0, two radial ports at 100\u00b0,and two rearward-facing ports at 135\u00b0 that accept two types of nozzles available optional.  4: Speed control, powerful cleaning and Min wear. It is designed with an eddy-current braking system which controls rotation speed for maximum cleaning power and minimum wear.  5:Easy Service. Completely field repairable in less than 5 minutes!  This 22Kpsi 1500Bar triplex plunger pump hydro jet drain machine UHP water blast nozzle Water blaster 4\u2019\u2019 Badger Tube Nozzle can be applied many cleaning process Tank&amp;Vessel Cleaning, pipe and tube cleaning etc, and particularly in the 4inch Bent pipe, it is quite unrivaled advantages.  &nbsp;  4.Product Details of 22Kpsi 1500Bar triplex plunger pump hydro-jetting drain machine UHP water blast nozzle Water blaster 4\u2019\u2019 Badger Tube Nozzle The 22Kpsi 1500Bar triplex plunger pump hydro-jetting drain machine UHP water blast nozzle Water blaster 4\u2019\u2019 Badger Tube Nozzle contains adapter, retaining ring,inlet nuts,wear ring and head assemblies etc. As follows:\" \/>\n<meta property=\"og:url\" content=\"https:\/\/panwinjet.com\/fr\/produit\/22kpsi-1500bar-triplex-plunger-pump-hydro-jet-drain-machine-uhp-water-blast-nozzle-water-blaster-4-badger-tube-nozzle\/\" \/>\n<meta property=\"og:site_name\" content=\"Panwin Machinery&amp;Equipment\" \/>\n<meta property=\"og:image\" content=\"https:\/\/panwinjet.com\/wp-content\/uploads\/2025\/10\/4-Badger-4-scaled.jpg\" \/>\n\t<meta property=\"og:image:width\" content=\"1152\" \/>\n\t<meta property=\"og:image:height\" content=\"2560\" \/>\n\t<meta property=\"og:image:type\" content=\"image\/jpeg\" \/>\n<meta name=\"twitter:card\" content=\"summary_large_image\" \/>\n<meta name=\"twitter:label1\" content=\"Dur\u00e9e de lecture estim\u00e9e\" \/>\n\t<meta name=\"twitter:data1\" content=\"1 minute\" \/>\n<script type=\"application\/ld+json\" class=\"yoast-schema-graph\">{\"@context\":\"https:\/\/schema.org\",\"@graph\":[{\"@type\":\"WebPage\",\"@id\":\"https:\/\/panwinjet.com\/product\/22kpsi-1500bar-triplex-plunger-pump-hydro-jet-drain-machine-uhp-water-blast-nozzle-water-blaster-4-badger-tube-nozzle\/\",\"url\":\"https:\/\/panwinjet.com\/product\/22kpsi-1500bar-triplex-plunger-pump-hydro-jet-drain-machine-uhp-water-blast-nozzle-water-blaster-4-badger-tube-nozzle\/\",\"name\":\"22Kpsi 1500Bar triplex plunger pump hydro jet drain machine UHP water blast nozzle Water blaster 4\u2019\u2019 Badger Tube Nozzle - Panwin Machinery&amp;Equipment\",\"isPartOf\":{\"@id\":\"https:\/\/panwinjet.com\/#website\"},\"primaryImageOfPage\":{\"@id\":\"https:\/\/panwinjet.com\/product\/22kpsi-1500bar-triplex-plunger-pump-hydro-jet-drain-machine-uhp-water-blast-nozzle-water-blaster-4-badger-tube-nozzle\/#primaryimage\"},\"image\":{\"@id\":\"https:\/\/panwinjet.com\/product\/22kpsi-1500bar-triplex-plunger-pump-hydro-jet-drain-machine-uhp-water-blast-nozzle-water-blaster-4-badger-tube-nozzle\/#primaryimage\"},\"thumbnailUrl\":\"https:\/\/panwinjet.com\/wp-content\/uploads\/2025\/10\/4-Badger-4-scaled.jpg\",\"datePublished\":\"2025-10-01T08:00:59+00:00\",\"breadcrumb\":{\"@id\":\"https:\/\/panwinjet.com\/product\/22kpsi-1500bar-triplex-plunger-pump-hydro-jet-drain-machine-uhp-water-blast-nozzle-water-blaster-4-badger-tube-nozzle\/#breadcrumb\"},\"inLanguage\":\"fr-FR\",\"potentialAction\":[{\"@type\":\"ReadAction\",\"target\":[\"https:\/\/panwinjet.com\/product\/22kpsi-1500bar-triplex-plunger-pump-hydro-jet-drain-machine-uhp-water-blast-nozzle-water-blaster-4-badger-tube-nozzle\/\"]}]},{\"@type\":\"ImageObject\",\"inLanguage\":\"fr-FR\",\"@id\":\"https:\/\/panwinjet.com\/product\/22kpsi-1500bar-triplex-plunger-pump-hydro-jet-drain-machine-uhp-water-blast-nozzle-water-blaster-4-badger-tube-nozzle\/#primaryimage\",\"url\":\"https:\/\/panwinjet.com\/wp-content\/uploads\/2025\/10\/4-Badger-4-scaled.jpg\",\"contentUrl\":\"https:\/\/panwinjet.com\/wp-content\/uploads\/2025\/10\/4-Badger-4-scaled.jpg\",\"width\":1152,\"height\":2560},{\"@type\":\"BreadcrumbList\",\"@id\":\"https:\/\/panwinjet.com\/product\/22kpsi-1500bar-triplex-plunger-pump-hydro-jet-drain-machine-uhp-water-blast-nozzle-water-blaster-4-badger-tube-nozzle\/#breadcrumb\",\"itemListElement\":[{\"@type\":\"ListItem\",\"position\":1,\"name\":\"\u9996\u9875\",\"item\":\"https:\/\/panwinjet.com\/\"},{\"@type\":\"ListItem\",\"position\":2,\"name\":\"PRODUCT\",\"item\":\"https:\/\/panwinjet.com\/product\/\"},{\"@type\":\"ListItem\",\"position\":3,\"name\":\"22Kpsi 1500Bar triplex plunger pump hydro jet drain machine UHP water blast nozzle Water blaster 4\u2019\u2019 Badger Tube Nozzle\"}]},{\"@type\":\"WebSite\",\"@id\":\"https:\/\/panwinjet.com\/#website\",\"url\":\"https:\/\/panwinjet.com\/\",\"name\":\"Panwin Machinery&amp;Equipment\",\"description\":\"Shenzhen Panwin Machinery&amp;Equipment Co.Ltd\",\"potentialAction\":[{\"@type\":\"SearchAction\",\"target\":{\"@type\":\"EntryPoint\",\"urlTemplate\":\"https:\/\/panwinjet.com\/?s={search_term_string}\"},\"query-input\":{\"@type\":\"PropertyValueSpecification\",\"valueRequired\":true,\"valueName\":\"search_term_string\"}}],\"inLanguage\":\"fr-FR\"}]}<\/script>\n<!-- \/ Yoast SEO plugin. -->","yoast_head_json":{"title":"22Kpsi 1500Bar triplex plunger pump hydro jet drain machine UHP water blast nozzle Water blaster 4\u2019\u2019 Badger Tube Nozzle - Panwin Machinery&amp;Equipment","robots":{"index":"index","follow":"follow","max-snippet":"max-snippet:-1","max-image-preview":"max-image-preview:large","max-video-preview":"max-video-preview:-1"},"canonical":"https:\/\/panwinjet.com\/fr\/produit\/22kpsi-1500bar-triplex-plunger-pump-hydro-jet-drain-machine-uhp-water-blast-nozzle-water-blaster-4-badger-tube-nozzle\/","og_locale":"fr_FR","og_type":"article","og_title":"22Kpsi 1500Bar triplex plunger pump hydro jet drain machine UHP water blast nozzle Water blaster 4\u2019\u2019 Badger Tube Nozzle - Panwin Machinery&amp;Equipment","og_description":"3.Product Feature And Application of 22Kpsi 1500Bar triplex plunger pump hydro jet drain machine UHP water blast nozzle Water blaster 4\u2019\u2019 Badger Tube Nozzle We Panwin sell you the excellent quality 20000psi Pressure Water blasting 4inch bend pipeline cleaning machine nozzles have many advantages and features as follows: 1: All-around cleaning performance. This hydro pipeline cleaning Self-Rotating nozzle is designed for easy access and cleaning wash bend 90\u00b0 6 inch pipe, and has front, side, and rear jets that clear blockages, It thrust to propel the tool down the pipe for Max cleaning power and Min wear.  2:Water provide Self-Rotational motion, no oil or ball bearing need. The flowing Water provides the rotational motion and creates the bearing on which the nozzles spin. No oil or ball bearings to replace!  3:Muti-Port nozzles insert for 360 Degree cleaning. Equipped with two forward-facing ports at 10\u00b0 and two at 45\u00b0, two radial ports at 100\u00b0,and two rearward-facing ports at 135\u00b0 that accept two types of nozzles available optional.  4: Speed control, powerful cleaning and Min wear. It is designed with an eddy-current braking system which controls rotation speed for maximum cleaning power and minimum wear.  5:Easy Service. Completely field repairable in less than 5 minutes!  This 22Kpsi 1500Bar triplex plunger pump hydro jet drain machine UHP water blast nozzle Water blaster 4\u2019\u2019 Badger Tube Nozzle can be applied many cleaning process Tank&amp;Vessel Cleaning, pipe and tube cleaning etc, and particularly in the 4inch Bent pipe, it is quite unrivaled advantages.  &nbsp;  4.Product Details of 22Kpsi 1500Bar triplex plunger pump hydro-jetting drain machine UHP water blast nozzle Water blaster 4\u2019\u2019 Badger Tube Nozzle The 22Kpsi 1500Bar triplex plunger pump hydro-jetting drain machine UHP water blast nozzle Water blaster 4\u2019\u2019 Badger Tube Nozzle contains adapter, retaining ring,inlet nuts,wear ring and head assemblies etc. As follows:","og_url":"https:\/\/panwinjet.com\/fr\/produit\/22kpsi-1500bar-triplex-plunger-pump-hydro-jet-drain-machine-uhp-water-blast-nozzle-water-blaster-4-badger-tube-nozzle\/","og_site_name":"Panwin Machinery&amp;Equipment","og_image":[{"width":1152,"height":2560,"url":"https:\/\/panwinjet.com\/wp-content\/uploads\/2025\/10\/4-Badger-4-scaled.jpg","type":"image\/jpeg"}],"twitter_card":"summary_large_image","twitter_misc":{"Dur\u00e9e de lecture estim\u00e9e":"1 minute"},"schema":{"@context":"https:\/\/schema.org","@graph":[{"@type":"WebPage","@id":"https:\/\/panwinjet.com\/product\/22kpsi-1500bar-triplex-plunger-pump-hydro-jet-drain-machine-uhp-water-blast-nozzle-water-blaster-4-badger-tube-nozzle\/","url":"https:\/\/panwinjet.com\/product\/22kpsi-1500bar-triplex-plunger-pump-hydro-jet-drain-machine-uhp-water-blast-nozzle-water-blaster-4-badger-tube-nozzle\/","name":"22Kpsi 1500Bar triplex plunger pump hydro jet drain machine UHP water blast nozzle Water blaster 4\u2019\u2019 Badger Tube Nozzle - Panwin Machinery&amp;Equipment","isPartOf":{"@id":"https:\/\/panwinjet.com\/#website"},"primaryImageOfPage":{"@id":"https:\/\/panwinjet.com\/product\/22kpsi-1500bar-triplex-plunger-pump-hydro-jet-drain-machine-uhp-water-blast-nozzle-water-blaster-4-badger-tube-nozzle\/#primaryimage"},"image":{"@id":"https:\/\/panwinjet.com\/product\/22kpsi-1500bar-triplex-plunger-pump-hydro-jet-drain-machine-uhp-water-blast-nozzle-water-blaster-4-badger-tube-nozzle\/#primaryimage"},"thumbnailUrl":"https:\/\/panwinjet.com\/wp-content\/uploads\/2025\/10\/4-Badger-4-scaled.jpg","datePublished":"2025-10-01T08:00:59+00:00","breadcrumb":{"@id":"https:\/\/panwinjet.com\/product\/22kpsi-1500bar-triplex-plunger-pump-hydro-jet-drain-machine-uhp-water-blast-nozzle-water-blaster-4-badger-tube-nozzle\/#breadcrumb"},"inLanguage":"fr-FR","potentialAction":[{"@type":"ReadAction","target":["https:\/\/panwinjet.com\/product\/22kpsi-1500bar-triplex-plunger-pump-hydro-jet-drain-machine-uhp-water-blast-nozzle-water-blaster-4-badger-tube-nozzle\/"]}]},{"@type":"ImageObject","inLanguage":"fr-FR","@id":"https:\/\/panwinjet.com\/product\/22kpsi-1500bar-triplex-plunger-pump-hydro-jet-drain-machine-uhp-water-blast-nozzle-water-blaster-4-badger-tube-nozzle\/#primaryimage","url":"https:\/\/panwinjet.com\/wp-content\/uploads\/2025\/10\/4-Badger-4-scaled.jpg","contentUrl":"https:\/\/panwinjet.com\/wp-content\/uploads\/2025\/10\/4-Badger-4-scaled.jpg","width":1152,"height":2560},{"@type":"BreadcrumbList","@id":"https:\/\/panwinjet.com\/product\/22kpsi-1500bar-triplex-plunger-pump-hydro-jet-drain-machine-uhp-water-blast-nozzle-water-blaster-4-badger-tube-nozzle\/#breadcrumb","itemListElement":[{"@type":"ListItem","position":1,"name":"\u9996\u9875","item":"https:\/\/panwinjet.com\/"},{"@type":"ListItem","position":2,"name":"PRODUCT","item":"https:\/\/panwinjet.com\/product\/"},{"@type":"ListItem","position":3,"name":"22Kpsi 1500Bar triplex plunger pump hydro jet drain machine UHP water blast nozzle Water blaster 4\u2019\u2019 Badger Tube Nozzle"}]},{"@type":"WebSite","@id":"https:\/\/panwinjet.com\/#website","url":"https:\/\/panwinjet.com\/","name":"Panwin Machinery&amp;Equipment","description":"Shenzhen Panwin Machinery&amp;Equipment Co.Ltd","potentialAction":[{"@type":"SearchAction","target":{"@type":"EntryPoint","urlTemplate":"https:\/\/panwinjet.com\/?s={search_term_string}"},"query-input":{"@type":"PropertyValueSpecification","valueRequired":true,"valueName":"search_term_string"}}],"inLanguage":"fr-FR"}]}},"_links":{"self":[{"href":"https:\/\/panwinjet.com\/fr\/wp-json\/wp\/v2\/product\/1397","targetHints":{"allow":["GET"]}}],"collection":[{"href":"https:\/\/panwinjet.com\/fr\/wp-json\/wp\/v2\/product"}],"about":[{"href":"https:\/\/panwinjet.com\/fr\/wp-json\/wp\/v2\/types\/product"}],"wp:featuredmedia":[{"embeddable":true,"href":"https:\/\/panwinjet.com\/fr\/wp-json\/wp\/v2\/media\/1400"}],"wp:attachment":[{"href":"https:\/\/panwinjet.com\/fr\/wp-json\/wp\/v2\/media?parent=1397"}],"wp:term":[{"taxonomy":"product_brand","embeddable":true,"href":"https:\/\/panwinjet.com\/fr\/wp-json\/wp\/v2\/product_brand?post=1397"},{"taxonomy":"product_cat","embeddable":true,"href":"https:\/\/panwinjet.com\/fr\/wp-json\/wp\/v2\/product_cat?post=1397"},{"taxonomy":"product_tag","embeddable":true,"href":"https:\/\/panwinjet.com\/fr\/wp-json\/wp\/v2\/product_tag?post=1397"}],"curies":[{"name":"wp","href":"https:\/\/api.w.org\/{rel}","templated":true}]}}