{"id":1387,"date":"2025-10-01T07:19:01","date_gmt":"2025-10-01T07:19:01","guid":{"rendered":"https:\/\/panwinjet.com\/?post_type=product&#038;p=1387"},"modified":"2025-10-01T07:19:17","modified_gmt":"2025-10-01T07:19:17","slug":"hot-sale-high-quality-hydro-jet-blasting-heat-ex-changers-triplex-plunger-pump-water-jetting-drain-machine-cleaning-banshee-rotary-nozzles-22k-dn18","status":"publish","type":"product","link":"https:\/\/panwinjet.com\/fr\/produit\/hot-sale-high-quality-hydro-jet-blasting-heat-ex-changers-triplex-plunger-pump-water-jetting-drain-machine-cleaning-banshee-rotary-nozzles-22k-dn18\/","title":{"rendered":"\u00c9changeurs de chaleur \u00e0 jet d&#039;eau haute performance, pompe \u00e0 piston triplex, buses rotatives Banshee 22K DN18"},"content":{"rendered":"<p>Pompe \u00e0 piston triplex pour \u00e9changeurs de chaleur \u00e0 jet d&#039;eau hydrodynamique de haute qualit\u00e9, en promotion<br \/>\nMachine de nettoyage de canalisations par jet d&#039;eau, buses rotatives Banshee 22K DN18<br \/>\n1. Pr\u00e9sentation du produit\u00a0: Buse Banshee de nettoyage par jet d&#039;eau ultra-haute pression pour pipelines de petite taille<br \/>\nLes buses Banshee sont largement utilis\u00e9es pour le nettoyage des \u00e9changeurs de chaleur, des canalisations de petit diam\u00e8tre et des barri\u00e8res d&#039;\u00e9tanch\u00e9it\u00e9. Elles offrent une grande efficacit\u00e9 et une utilisation simple pour le nettoyage des tubes de petit diam\u00e8tre. Panwin vous propose des buses Banshee de diff\u00e9rentes tailles.<\/p>\n<p>&nbsp;<\/p>\n<p>2. Param\u00e8tres du produit (sp\u00e9cifications) des \u00e9changeurs de chaleur \u00e0 jet d&#039;eau haute qualit\u00e9, pompe \u00e0 piston triplex, machine de nettoyage de canalisations par jet d&#039;eau, buses rotatives Banshee 22K DN18<br \/>\nLes jets d&#039;eau propulsant les buses Banshee sont sp\u00e9cialement con\u00e7us pour l&#039;\u00e9change thermique, petit<br \/>\nNous proposons des barri\u00e8res pour canalisations de diff\u00e9rents diam\u00e8tres, avec une plage de pression de 550 \u00e0 2\u00a0800\u00a0bar et un d\u00e9bit maximal de 190\u00a0l\/min. Gr\u00e2ce \u00e0 ses diverses connexions d&#039;entr\u00e9e, ce produit s&#039;adapte \u00e0 diff\u00e9rents outils et applications de nettoyage de canalisations. Sp\u00e9cifications d\u00e9taill\u00e9es ci-dessous\u00a0:<\/p>\n<div style=\"width: 408px;\" class=\"wp-video\"><video class=\"wp-video-shortcode\" id=\"video-1387-1\" width=\"408\" height=\"960\" preload=\"metadata\" controls=\"controls\"><source type=\"video\/mp4\" src=\"https:\/\/panwinjet.com\/wp-content\/uploads\/2025\/10\/22K-DN18-UHP-Banshee-Nozzle-Testing.mp4?_=1\" \/><a href=\"https:\/\/panwinjet.com\/wp-content\/uploads\/2025\/10\/22K-DN18-UHP-Banshee-Nozzle-Testing.mp4\">https:\/\/panwinjet.com\/wp-content\/uploads\/2025\/10\/22K-DN18-UHP-Banshee-Nozzle-Testing.mp4<\/a><\/video><\/div>\n<p>3. Caract\u00e9ristiques et applications de la buse Banshee pour le nettoyage par jet d&#039;eau ultra-haute pression des canalisations de petite taille.<br \/>\nNotre buse de nettoyage par jet d&#039;eau haute pression Banshee 22K-40KPSI pour petits pipelines est utilis\u00e9e pour les petits tuyaux et tubes. Gr\u00e2ce \u00e0 ses caract\u00e9ristiques avantageuses, c&#039;est la buse de nettoyage de tuyaux la plus efficace\u00a0:<br \/>\nAvantages et caract\u00e9ristiques\u00a0:<br \/>\nA: Gamme compl\u00e8te de pressions et de d\u00e9bits disponible<br \/>\nB : La vitesse de rotation peut atteindre jusqu&#039;\u00e0 7 000 tr\/min<br \/>\nC : Facile d&#039;entretien, il peut \u00eatre r\u00e9par\u00e9 sur le lieu de travail.<br \/>\nD : Fabriqu\u00e9 en acier inoxydable de haute qualit\u00e9 pour prolonger sa dur\u00e9e de vie<\/p>\n<p>E : L&#039;ext\u00e9rieur de la buse est recouvert d&#039;une couche de mat\u00e9riau sp\u00e9cial pour prolonger sa dur\u00e9e de vie et pr\u00e9sente de multiples motifs poreux pour r\u00e9pondre \u00e0 diff\u00e9rentes exigences de fonctionnement.<\/p>","protected":false},"excerpt":{"rendered":"<p><em><strong>Application:<\/strong><\/em><br \/>\nIndustrie de la construction par hydrod\u00e9capage \u00e0 haute pression<br \/>\nIndustrie du fer, de l&#039;acier et des m\u00e9taux : sablage hydrodynamique<br \/>\nIng\u00e9nierie m\u00e9canique et des appareils pour nettoyeurs haute pression<br \/>\nIndustrie du ciment et du b\u00e9ton<br \/>\nNettoyage de surface haute pression Barracuda<br \/>\npi\u00e8ces d&#039;\u00e9quipement de nettoyage \u00e0 jet d&#039;eau ultra-haute pression<br \/>\nBarres de pulv\u00e9risation pour le nettoyage industriel<br \/>\nMachine de nettoyage \u00e0 haute pression pour l&#039;industrie du raffinage du p\u00e9trole<br \/>\nNettoyage de surfaces par hydrojet, nettoyage de r\u00e9servoirs et de cuves,<br \/>\nNettoyage de l&#039;\u00e9changeur de chaleur,<br \/>\nNettoyage de v\u00e9hicules (peinture), nettoyage pour l&#039;industrie mini\u00e8re, nettoyage pour la fabrication d&#039;acier, etc.<br \/>\n\u00c9quipement de nettoyage des \u00e9gouts \u00e0 haute pression pour les r\u00e9seaux de canalisations municipales d&#039;adduction d&#039;eau et de drainage\u00a0;<\/p>\n<p>&nbsp;<\/p>\n<p>3.4. D\u00e9tails du produit\u00a0: Buse Banshee de nettoyage par jet d&#039;eau ultra-haute performance pour pipelines de petite taille<\/p>\n<p>Pi\u00e8ces de machines de nettoyage par jet d&#039;eau haute pression (22\u00a0000 \u00e0 40\u00a0000\u00a0bar)\u00a0; pi\u00e8ces de machines de nettoyage de canalisations et de r\u00e9servoirs \u00e0 jet d&#039;eau ultra-haute pression (2\u00a0000\u00a0bar)\u00a0; diff\u00e9rents modes et types de nettoyage selon les objets et les t\u00e2ches \u00e0 nettoyer.<br \/>\n\u00c9tat comme suit\u00a0:<\/p>\n<p><img decoding=\"async\" class=\"alignleft size-medium wp-image-1393 lazyload\" data-src=\"https:\/\/panwinjet.com\/wp-content\/uploads\/2025\/10\/4-Holes-389x500.png\" alt=\"\" width=\"389\" height=\"500\" data-srcset=\"https:\/\/panwinjet.com\/wp-content\/uploads\/2025\/10\/4-Holes-389x500.png 389w, https:\/\/panwinjet.com\/wp-content\/uploads\/2025\/10\/4-Holes-233x300.png 233w, https:\/\/panwinjet.com\/wp-content\/uploads\/2025\/10\/4-Holes-58x75.png 58w, https:\/\/panwinjet.com\/wp-content\/uploads\/2025\/10\/4-Holes-480x617.png 480w, https:\/\/panwinjet.com\/wp-content\/uploads\/2025\/10\/4-Holes.png 611w\" data-sizes=\"(max-width:767px) 389px, 389px\" src=\"data:image\/svg+xml;base64,PHN2ZyB3aWR0aD0iMSIgaGVpZ2h0PSIxIiB4bWxucz0iaHR0cDovL3d3dy53My5vcmcvMjAwMC9zdmciPjwvc3ZnPg==\" style=\"--smush-placeholder-width: 389px; --smush-placeholder-aspect-ratio: 389\/500;\" \/> <img decoding=\"async\" class=\"alignleft size-medium wp-image-1394 lazyload\" data-src=\"https:\/\/panwinjet.com\/wp-content\/uploads\/2025\/10\/5-Hole-\u526f\u672c-454x500.png\" alt=\"\" width=\"454\" height=\"500\" data-srcset=\"https:\/\/panwinjet.com\/wp-content\/uploads\/2025\/10\/5-Hole-\u526f\u672c-454x500.png 454w, https:\/\/panwinjet.com\/wp-content\/uploads\/2025\/10\/5-Hole-\u526f\u672c-273x300.png 273w, https:\/\/panwinjet.com\/wp-content\/uploads\/2025\/10\/5-Hole-\u526f\u672c-68x75.png 68w, https:\/\/panwinjet.com\/wp-content\/uploads\/2025\/10\/5-Hole-\u526f\u672c-480x528.png 480w, https:\/\/panwinjet.com\/wp-content\/uploads\/2025\/10\/5-Hole-\u526f\u672c.png 704w\" data-sizes=\"(max-width:767px) 454px, 454px\" src=\"data:image\/svg+xml;base64,PHN2ZyB3aWR0aD0iMSIgaGVpZ2h0PSIxIiB4bWxucz0iaHR0cDovL3d3dy53My5vcmcvMjAwMC9zdmciPjwvc3ZnPg==\" style=\"--smush-placeholder-width: 454px; --smush-placeholder-aspect-ratio: 454\/500;\" \/> <img decoding=\"async\" class=\"alignleft size-medium wp-image-1395 lazyload\" data-src=\"https:\/\/panwinjet.com\/wp-content\/uploads\/2025\/10\/7-Holes-\u526f\u672c-500x416.png\" alt=\"\" width=\"500\" height=\"416\" data-srcset=\"https:\/\/panwinjet.com\/wp-content\/uploads\/2025\/10\/7-Holes-\u526f\u672c-500x416.png 500w, https:\/\/panwinjet.com\/wp-content\/uploads\/2025\/10\/7-Holes-\u526f\u672c-300x250.png 300w, https:\/\/panwinjet.com\/wp-content\/uploads\/2025\/10\/7-Holes-\u526f\u672c-768x640.png 768w, https:\/\/panwinjet.com\/wp-content\/uploads\/2025\/10\/7-Holes-\u526f\u672c-90x75.png 90w, https:\/\/panwinjet.com\/wp-content\/uploads\/2025\/10\/7-Holes-\u526f\u672c-480x400.png 480w, https:\/\/panwinjet.com\/wp-content\/uploads\/2025\/10\/7-Holes-\u526f\u672c-800x666.png 800w, https:\/\/panwinjet.com\/wp-content\/uploads\/2025\/10\/7-Holes-\u526f\u672c.png 802w\" data-sizes=\"(max-width:767px) 480px, 500px\" src=\"data:image\/svg+xml;base64,PHN2ZyB3aWR0aD0iMSIgaGVpZ2h0PSIxIiB4bWxucz0iaHR0cDovL3d3dy53My5vcmcvMjAwMC9zdmciPjwvc3ZnPg==\" style=\"--smush-placeholder-width: 500px; --smush-placeholder-aspect-ratio: 500\/416;\" \/><\/p>","protected":false},"featured_media":1390,"template":"","meta":[],"product_brand":[],"product_cat":[9,10],"product_tag":[],"class_list":{"0":"post-1387","1":"product","2":"type-product","3":"status-publish","4":"has-post-thumbnail","6":"product_cat-heat-exchanger-cleaning-device","7":"product_cat-pipeline-tube-uhp-water-blasting-cleaning-device","9":"first","10":"instock","11":"shipping-taxable","12":"product-type-simple"},"yoast_head":"<!-- This site is optimized with the Yoast SEO plugin v24.9 - https:\/\/yoast.com\/wordpress\/plugins\/seo\/ -->\n<title>Hot-Sale High Quality Hydro-jet Blasting heat ex-changers triplex plunger pump Water-Jetting drain machine cleaning Banshee rotary nozzles 22K DN18 - Panwin Machinery&amp;Equipment<\/title>\n<meta name=\"robots\" content=\"index, follow, max-snippet:-1, max-image-preview:large, max-video-preview:-1\" \/>\n<link rel=\"canonical\" href=\"https:\/\/panwinjet.com\/fr\/produit\/hot-sale-high-quality-hydro-jet-blasting-heat-ex-changers-triplex-plunger-pump-water-jetting-drain-machine-cleaning-banshee-rotary-nozzles-22k-dn18\/\" \/>\n<meta property=\"og:locale\" content=\"fr_FR\" \/>\n<meta property=\"og:type\" content=\"article\" \/>\n<meta property=\"og:title\" content=\"Hot-Sale High Quality Hydro-jet Blasting heat ex-changers triplex plunger pump Water-Jetting drain machine cleaning Banshee rotary nozzles 22K DN18 - Panwin Machinery&amp;Equipment\" \/>\n<meta property=\"og:description\" content=\"Application: UHP Water Blasting Construction Industry Hydro Jet blaster Iron, Steel And Metal Industry high pressure waterblaster Mechanical and Apparatus Engineering Cements and Concrete Industry high pressure barracuda Surface cleaning UHP hydro Jet cleaning equipment parts Industrial Cleaning Spray Bars hydro blasting machine for petroleum refining industry Hydro Jet Surface Cleaning,Tank&amp;Vessel Cleaning, Heat Exchange Cleaning, Automotive Painting cleaning Mining industry cleaning Steel manufacture cleaning etc. High pressure sewer cleaning equipment for municipal pipe networks water supply and drainage pipelines;  &nbsp;  3.4.Product Details of Ultra-high small Pipeline hydro Jet blasting cleaning Banshee Nozzle  22K-40kpsi Hydro Jet Blasting Cleaning machine parts 2000bar UHP hydro Jet pipeline Tank cleaning machine parts have different nozzles Cleaning mode and type with various Cleaning object and jobs: State as follows:\" \/>\n<meta property=\"og:url\" content=\"https:\/\/panwinjet.com\/fr\/produit\/hot-sale-high-quality-hydro-jet-blasting-heat-ex-changers-triplex-plunger-pump-water-jetting-drain-machine-cleaning-banshee-rotary-nozzles-22k-dn18\/\" \/>\n<meta property=\"og:site_name\" content=\"Panwin Machinery&amp;Equipment\" \/>\n<meta property=\"article:modified_time\" content=\"2025-10-01T07:19:17+00:00\" \/>\n<meta property=\"og:image\" content=\"https:\/\/panwinjet.com\/wp-content\/uploads\/2025\/10\/22K-Banshee-Nozzles-DN18-4-scaled.jpg\" \/>\n\t<meta property=\"og:image:width\" content=\"2560\" \/>\n\t<meta property=\"og:image:height\" content=\"1152\" \/>\n\t<meta property=\"og:image:type\" content=\"image\/jpeg\" \/>\n<meta name=\"twitter:card\" content=\"summary_large_image\" \/>\n<meta name=\"twitter:label1\" content=\"Dur\u00e9e de lecture estim\u00e9e\" \/>\n\t<meta name=\"twitter:data1\" content=\"2 minutes\" \/>\n<script type=\"application\/ld+json\" class=\"yoast-schema-graph\">{\"@context\":\"https:\/\/schema.org\",\"@graph\":[{\"@type\":\"WebPage\",\"@id\":\"https:\/\/panwinjet.com\/product\/hot-sale-high-quality-hydro-jet-blasting-heat-ex-changers-triplex-plunger-pump-water-jetting-drain-machine-cleaning-banshee-rotary-nozzles-22k-dn18\/\",\"url\":\"https:\/\/panwinjet.com\/product\/hot-sale-high-quality-hydro-jet-blasting-heat-ex-changers-triplex-plunger-pump-water-jetting-drain-machine-cleaning-banshee-rotary-nozzles-22k-dn18\/\",\"name\":\"Hot-Sale High Quality Hydro-jet Blasting heat ex-changers triplex plunger pump Water-Jetting drain machine cleaning Banshee rotary nozzles 22K DN18 - Panwin Machinery&amp;Equipment\",\"isPartOf\":{\"@id\":\"https:\/\/panwinjet.com\/#website\"},\"primaryImageOfPage\":{\"@id\":\"https:\/\/panwinjet.com\/product\/hot-sale-high-quality-hydro-jet-blasting-heat-ex-changers-triplex-plunger-pump-water-jetting-drain-machine-cleaning-banshee-rotary-nozzles-22k-dn18\/#primaryimage\"},\"image\":{\"@id\":\"https:\/\/panwinjet.com\/product\/hot-sale-high-quality-hydro-jet-blasting-heat-ex-changers-triplex-plunger-pump-water-jetting-drain-machine-cleaning-banshee-rotary-nozzles-22k-dn18\/#primaryimage\"},\"thumbnailUrl\":\"https:\/\/panwinjet.com\/wp-content\/uploads\/2025\/10\/22K-Banshee-Nozzles-DN18-4-scaled.jpg\",\"datePublished\":\"2025-10-01T07:19:01+00:00\",\"dateModified\":\"2025-10-01T07:19:17+00:00\",\"breadcrumb\":{\"@id\":\"https:\/\/panwinjet.com\/product\/hot-sale-high-quality-hydro-jet-blasting-heat-ex-changers-triplex-plunger-pump-water-jetting-drain-machine-cleaning-banshee-rotary-nozzles-22k-dn18\/#breadcrumb\"},\"inLanguage\":\"fr-FR\",\"potentialAction\":[{\"@type\":\"ReadAction\",\"target\":[\"https:\/\/panwinjet.com\/product\/hot-sale-high-quality-hydro-jet-blasting-heat-ex-changers-triplex-plunger-pump-water-jetting-drain-machine-cleaning-banshee-rotary-nozzles-22k-dn18\/\"]}]},{\"@type\":\"ImageObject\",\"inLanguage\":\"fr-FR\",\"@id\":\"https:\/\/panwinjet.com\/product\/hot-sale-high-quality-hydro-jet-blasting-heat-ex-changers-triplex-plunger-pump-water-jetting-drain-machine-cleaning-banshee-rotary-nozzles-22k-dn18\/#primaryimage\",\"url\":\"https:\/\/panwinjet.com\/wp-content\/uploads\/2025\/10\/22K-Banshee-Nozzles-DN18-4-scaled.jpg\",\"contentUrl\":\"https:\/\/panwinjet.com\/wp-content\/uploads\/2025\/10\/22K-Banshee-Nozzles-DN18-4-scaled.jpg\",\"width\":2560,\"height\":1152},{\"@type\":\"BreadcrumbList\",\"@id\":\"https:\/\/panwinjet.com\/product\/hot-sale-high-quality-hydro-jet-blasting-heat-ex-changers-triplex-plunger-pump-water-jetting-drain-machine-cleaning-banshee-rotary-nozzles-22k-dn18\/#breadcrumb\",\"itemListElement\":[{\"@type\":\"ListItem\",\"position\":1,\"name\":\"\u9996\u9875\",\"item\":\"https:\/\/panwinjet.com\/\"},{\"@type\":\"ListItem\",\"position\":2,\"name\":\"PRODUCT\",\"item\":\"https:\/\/panwinjet.com\/product\/\"},{\"@type\":\"ListItem\",\"position\":3,\"name\":\"Hot-Sale High Quality Hydro-jet Blasting heat ex-changers triplex plunger pump Water-Jetting drain machine cleaning Banshee rotary nozzles 22K DN18\"}]},{\"@type\":\"WebSite\",\"@id\":\"https:\/\/panwinjet.com\/#website\",\"url\":\"https:\/\/panwinjet.com\/\",\"name\":\"Panwin Machinery&amp;Equipment\",\"description\":\"Shenzhen Panwin Machinery&amp;Equipment Co.Ltd\",\"potentialAction\":[{\"@type\":\"SearchAction\",\"target\":{\"@type\":\"EntryPoint\",\"urlTemplate\":\"https:\/\/panwinjet.com\/?s={search_term_string}\"},\"query-input\":{\"@type\":\"PropertyValueSpecification\",\"valueRequired\":true,\"valueName\":\"search_term_string\"}}],\"inLanguage\":\"fr-FR\"}]}<\/script>\n<!-- \/ Yoast SEO plugin. -->","yoast_head_json":{"title":"Hot-Sale High Quality Hydro-jet Blasting heat ex-changers triplex plunger pump Water-Jetting drain machine cleaning Banshee rotary nozzles 22K DN18 - Panwin Machinery&amp;Equipment","robots":{"index":"index","follow":"follow","max-snippet":"max-snippet:-1","max-image-preview":"max-image-preview:large","max-video-preview":"max-video-preview:-1"},"canonical":"https:\/\/panwinjet.com\/fr\/produit\/hot-sale-high-quality-hydro-jet-blasting-heat-ex-changers-triplex-plunger-pump-water-jetting-drain-machine-cleaning-banshee-rotary-nozzles-22k-dn18\/","og_locale":"fr_FR","og_type":"article","og_title":"Hot-Sale High Quality Hydro-jet Blasting heat ex-changers triplex plunger pump Water-Jetting drain machine cleaning Banshee rotary nozzles 22K DN18 - Panwin Machinery&amp;Equipment","og_description":"Application: UHP Water Blasting Construction Industry Hydro Jet blaster Iron, Steel And Metal Industry high pressure waterblaster Mechanical and Apparatus Engineering Cements and Concrete Industry high pressure barracuda Surface cleaning UHP hydro Jet cleaning equipment parts Industrial Cleaning Spray Bars hydro blasting machine for petroleum refining industry Hydro Jet Surface Cleaning,Tank&amp;Vessel Cleaning, Heat Exchange Cleaning, Automotive Painting cleaning Mining industry cleaning Steel manufacture cleaning etc. High pressure sewer cleaning equipment for municipal pipe networks water supply and drainage pipelines;  &nbsp;  3.4.Product Details of Ultra-high small Pipeline hydro Jet blasting cleaning Banshee Nozzle  22K-40kpsi Hydro Jet Blasting Cleaning machine parts 2000bar UHP hydro Jet pipeline Tank cleaning machine parts have different nozzles Cleaning mode and type with various Cleaning object and jobs: State as follows:","og_url":"https:\/\/panwinjet.com\/fr\/produit\/hot-sale-high-quality-hydro-jet-blasting-heat-ex-changers-triplex-plunger-pump-water-jetting-drain-machine-cleaning-banshee-rotary-nozzles-22k-dn18\/","og_site_name":"Panwin Machinery&amp;Equipment","article_modified_time":"2025-10-01T07:19:17+00:00","og_image":[{"width":2560,"height":1152,"url":"https:\/\/panwinjet.com\/wp-content\/uploads\/2025\/10\/22K-Banshee-Nozzles-DN18-4-scaled.jpg","type":"image\/jpeg"}],"twitter_card":"summary_large_image","twitter_misc":{"Dur\u00e9e de lecture estim\u00e9e":"2 minutes"},"schema":{"@context":"https:\/\/schema.org","@graph":[{"@type":"WebPage","@id":"https:\/\/panwinjet.com\/product\/hot-sale-high-quality-hydro-jet-blasting-heat-ex-changers-triplex-plunger-pump-water-jetting-drain-machine-cleaning-banshee-rotary-nozzles-22k-dn18\/","url":"https:\/\/panwinjet.com\/product\/hot-sale-high-quality-hydro-jet-blasting-heat-ex-changers-triplex-plunger-pump-water-jetting-drain-machine-cleaning-banshee-rotary-nozzles-22k-dn18\/","name":"Hot-Sale High Quality Hydro-jet Blasting heat ex-changers triplex plunger pump Water-Jetting drain machine cleaning Banshee rotary nozzles 22K DN18 - Panwin Machinery&amp;Equipment","isPartOf":{"@id":"https:\/\/panwinjet.com\/#website"},"primaryImageOfPage":{"@id":"https:\/\/panwinjet.com\/product\/hot-sale-high-quality-hydro-jet-blasting-heat-ex-changers-triplex-plunger-pump-water-jetting-drain-machine-cleaning-banshee-rotary-nozzles-22k-dn18\/#primaryimage"},"image":{"@id":"https:\/\/panwinjet.com\/product\/hot-sale-high-quality-hydro-jet-blasting-heat-ex-changers-triplex-plunger-pump-water-jetting-drain-machine-cleaning-banshee-rotary-nozzles-22k-dn18\/#primaryimage"},"thumbnailUrl":"https:\/\/panwinjet.com\/wp-content\/uploads\/2025\/10\/22K-Banshee-Nozzles-DN18-4-scaled.jpg","datePublished":"2025-10-01T07:19:01+00:00","dateModified":"2025-10-01T07:19:17+00:00","breadcrumb":{"@id":"https:\/\/panwinjet.com\/product\/hot-sale-high-quality-hydro-jet-blasting-heat-ex-changers-triplex-plunger-pump-water-jetting-drain-machine-cleaning-banshee-rotary-nozzles-22k-dn18\/#breadcrumb"},"inLanguage":"fr-FR","potentialAction":[{"@type":"ReadAction","target":["https:\/\/panwinjet.com\/product\/hot-sale-high-quality-hydro-jet-blasting-heat-ex-changers-triplex-plunger-pump-water-jetting-drain-machine-cleaning-banshee-rotary-nozzles-22k-dn18\/"]}]},{"@type":"ImageObject","inLanguage":"fr-FR","@id":"https:\/\/panwinjet.com\/product\/hot-sale-high-quality-hydro-jet-blasting-heat-ex-changers-triplex-plunger-pump-water-jetting-drain-machine-cleaning-banshee-rotary-nozzles-22k-dn18\/#primaryimage","url":"https:\/\/panwinjet.com\/wp-content\/uploads\/2025\/10\/22K-Banshee-Nozzles-DN18-4-scaled.jpg","contentUrl":"https:\/\/panwinjet.com\/wp-content\/uploads\/2025\/10\/22K-Banshee-Nozzles-DN18-4-scaled.jpg","width":2560,"height":1152},{"@type":"BreadcrumbList","@id":"https:\/\/panwinjet.com\/product\/hot-sale-high-quality-hydro-jet-blasting-heat-ex-changers-triplex-plunger-pump-water-jetting-drain-machine-cleaning-banshee-rotary-nozzles-22k-dn18\/#breadcrumb","itemListElement":[{"@type":"ListItem","position":1,"name":"\u9996\u9875","item":"https:\/\/panwinjet.com\/"},{"@type":"ListItem","position":2,"name":"PRODUCT","item":"https:\/\/panwinjet.com\/product\/"},{"@type":"ListItem","position":3,"name":"Hot-Sale High Quality Hydro-jet Blasting heat ex-changers triplex plunger pump Water-Jetting drain machine cleaning Banshee rotary nozzles 22K DN18"}]},{"@type":"WebSite","@id":"https:\/\/panwinjet.com\/#website","url":"https:\/\/panwinjet.com\/","name":"Panwin Machinery&amp;Equipment","description":"Shenzhen Panwin Machinery&amp;Equipment Co.Ltd","potentialAction":[{"@type":"SearchAction","target":{"@type":"EntryPoint","urlTemplate":"https:\/\/panwinjet.com\/?s={search_term_string}"},"query-input":{"@type":"PropertyValueSpecification","valueRequired":true,"valueName":"search_term_string"}}],"inLanguage":"fr-FR"}]}},"_links":{"self":[{"href":"https:\/\/panwinjet.com\/fr\/wp-json\/wp\/v2\/product\/1387","targetHints":{"allow":["GET"]}}],"collection":[{"href":"https:\/\/panwinjet.com\/fr\/wp-json\/wp\/v2\/product"}],"about":[{"href":"https:\/\/panwinjet.com\/fr\/wp-json\/wp\/v2\/types\/product"}],"wp:featuredmedia":[{"embeddable":true,"href":"https:\/\/panwinjet.com\/fr\/wp-json\/wp\/v2\/media\/1390"}],"wp:attachment":[{"href":"https:\/\/panwinjet.com\/fr\/wp-json\/wp\/v2\/media?parent=1387"}],"wp:term":[{"taxonomy":"product_brand","embeddable":true,"href":"https:\/\/panwinjet.com\/fr\/wp-json\/wp\/v2\/product_brand?post=1387"},{"taxonomy":"product_cat","embeddable":true,"href":"https:\/\/panwinjet.com\/fr\/wp-json\/wp\/v2\/product_cat?post=1387"},{"taxonomy":"product_tag","embeddable":true,"href":"https:\/\/panwinjet.com\/fr\/wp-json\/wp\/v2\/product_tag?post=1387"}],"curies":[{"name":"wp","href":"https:\/\/api.w.org\/{rel}","templated":true}]}}