{"id":1378,"date":"2025-10-01T06:32:20","date_gmt":"2025-10-01T06:32:20","guid":{"rendered":"https:\/\/panwinjet.com\/?post_type=product&#038;p=1378"},"modified":"2025-10-01T06:32:20","modified_gmt":"2025-10-01T06:32:20","slug":"uhp-40kpsi-2800bar-waterjet-triplex-plunger-pump-anti-droppingprevented-uhp-hose-connectors-whipcheck","status":"publish","type":"product","link":"https:\/\/panwinjet.com\/fr\/produit\/uhp-40kpsi-2800bar-waterjet-triplex-plunger-pump-anti-droppingprevented-uhp-hose-connectors-whipcheck\/","title":{"rendered":"Pompe \u00e0 jet d&#039;eau triplex UHP 40 kpsi 2800 bar avec raccords de tuyau UHP anti-goutte et anti-d\u00e9versement."},"content":{"rendered":"<p>Pompe \u00e0 piston triplex UHP 40kpsi 2800Bar pour jet d&#039;eau, connecteurs de tuyau UHP anti-chute et anti-rebond, syst\u00e8me anti-fouet. Cette pompe \u00e0 piston triplex de haute qualit\u00e9 de 2800Bar pour le nettoyage au jet d&#039;eau haute pression est fabriqu\u00e9e en acier inoxydable de tr\u00e8s haute qualit\u00e9.<br \/>\nLe manchon de protection anti-desserrage de la machine de nettoyage \u00e0 jet d&#039;eau ultra haute pression de 40 000 psi assure une protection tr\u00e8s stable et ferme des op\u00e9rateurs.<\/p>\n<p><img decoding=\"async\" class=\"alignleft size-medium wp-image-1385 lazyload\" data-src=\"https:\/\/panwinjet.com\/wp-content\/uploads\/2025\/10\/\u9632\u62a4\u7ef35-500x375.jpg\" alt=\"\" width=\"500\" height=\"375\" data-srcset=\"https:\/\/panwinjet.com\/wp-content\/uploads\/2025\/10\/\u9632\u62a4\u7ef35-500x375.jpg 500w, https:\/\/panwinjet.com\/wp-content\/uploads\/2025\/10\/\u9632\u62a4\u7ef35-1200x900.jpg 1200w, https:\/\/panwinjet.com\/wp-content\/uploads\/2025\/10\/\u9632\u62a4\u7ef35-300x225.jpg 300w, https:\/\/panwinjet.com\/wp-content\/uploads\/2025\/10\/\u9632\u62a4\u7ef35-768x576.jpg 768w, https:\/\/panwinjet.com\/wp-content\/uploads\/2025\/10\/\u9632\u62a4\u7ef35-1536x1152.jpg 1536w, https:\/\/panwinjet.com\/wp-content\/uploads\/2025\/10\/\u9632\u62a4\u7ef35-100x75.jpg 100w, https:\/\/panwinjet.com\/wp-content\/uploads\/2025\/10\/\u9632\u62a4\u7ef35-480x360.jpg 480w, https:\/\/panwinjet.com\/wp-content\/uploads\/2025\/10\/\u9632\u62a4\u7ef35-800x600.jpg 800w, https:\/\/panwinjet.com\/wp-content\/uploads\/2025\/10\/\u9632\u62a4\u7ef35.jpg 1707w\" data-sizes=\"(max-width:767px) 480px, 500px\" src=\"data:image\/svg+xml;base64,PHN2ZyB3aWR0aD0iMSIgaGVpZ2h0PSIxIiB4bWxucz0iaHR0cDovL3d3dy53My5vcmcvMjAwMC9zdmciPjwvc3ZnPg==\" style=\"--smush-placeholder-width: 500px; --smush-placeholder-aspect-ratio: 500\/375;\" \/><\/p>\n<p>Pompe \u00e0 jet d&#039;eau triplex UHP 40\u00a0000\u00a0psi 2\u00a0800\u00a0bar, raccords de tuyau UHP anti-goutte et anti-d\u00e9versement, fonction anti-fouet\u00a0:<br \/>\nLe dispositif anti-fouettage UHP pour hydrojetage mesure g\u00e9n\u00e9ralement 80 cm de long. Ce dispositif anti-fouettage pr\u00e9ventif UHP sert \u00e0 connecter les deux extr\u00e9mit\u00e9s du raccord du tuyau UHP afin d&#039;\u00e9viter que le raccord ne se desserre et ne provoque des coupures et des blessures pour l&#039;op\u00e9rateur et le travailleur.<\/p>","protected":false},"excerpt":{"rendered":"<p>Le manchon de protection antichute pour tuyau hydrojet \u00e0 haut d\u00e9bit sous pression UHP de 2800 bars est dot\u00e9 d&#039;une conception durable et stable qui permet de prot\u00e9ger efficacement les op\u00e9rateurs en cas de d\u00e9compression et de fuite, et de prendre des mesures opportunes pour garantir la s\u00e9curit\u00e9 sur le chantier.<\/p>\n<p>&nbsp;<\/p>\n<p>Application:<br \/>\nIndustrie de la construction par hydrod\u00e9capage \u00e0 haute pression<br \/>\nIndustrie du fer, de l&#039;acier et des m\u00e9taux : sablage hydrodynamique<br \/>\nIng\u00e9nierie m\u00e9canique et des appareils pour nettoyeurs haute pression<br \/>\nIndustrie du ciment et du b\u00e9ton<br \/>\nNettoyage de surface haute pression Barracuda<br \/>\npi\u00e8ces d&#039;\u00e9quipement de nettoyage \u00e0 jet d&#039;eau ultra-haute pression<br \/>\nBarres de pulv\u00e9risation pour le nettoyage industriel<br \/>\nMachine de nettoyage \u00e0 haute pression pour l&#039;industrie du raffinage du p\u00e9trole<br \/>\nNettoyage de surfaces par hydrojet, nettoyage de r\u00e9servoirs et de cuves,<br \/>\nNettoyage de l&#039;\u00e9changeur de chaleur,<br \/>\nNettoyage de v\u00e9hicules (peinture), nettoyage pour l&#039;industrie mini\u00e8re, nettoyage pour la fabrication d&#039;acier, etc.<br \/>\n\u00c9quipement de nettoyage des \u00e9gouts \u00e0 haute pression pour les r\u00e9seaux de canalisations municipales d&#039;adduction d&#039;eau et de drainage\u00a0;<\/p>","protected":false},"featured_media":1385,"template":"","meta":[],"product_brand":[],"product_cat":[11,5],"product_tag":[],"class_list":{"0":"post-1378","1":"product","2":"type-product","3":"status-publish","4":"has-post-thumbnail","6":"product_cat-ship-cleaning-device","7":"product_cat-uhp-rotating-nozzles","9":"first","10":"instock","11":"shipping-taxable","12":"product-type-simple"},"yoast_head":"<!-- This site is optimized with the Yoast SEO plugin v24.9 - https:\/\/yoast.com\/wordpress\/plugins\/seo\/ -->\n<title>UHP 40kpsi 2800Bar waterjet triplex plunger pump Anti-Dropping&amp;Prevented UHP hose connectors Whipcheck - Panwin Machinery&amp;Equipment<\/title>\n<meta name=\"robots\" content=\"index, follow, max-snippet:-1, max-image-preview:large, max-video-preview:-1\" \/>\n<link rel=\"canonical\" href=\"https:\/\/panwinjet.com\/fr\/produit\/uhp-40kpsi-2800bar-waterjet-triplex-plunger-pump-anti-droppingprevented-uhp-hose-connectors-whipcheck\/\" \/>\n<meta property=\"og:locale\" content=\"fr_FR\" \/>\n<meta property=\"og:type\" content=\"article\" \/>\n<meta property=\"og:title\" content=\"UHP 40kpsi 2800Bar waterjet triplex plunger pump Anti-Dropping&amp;Prevented UHP hose connectors Whipcheck - Panwin Machinery&amp;Equipment\" \/>\n<meta property=\"og:description\" content=\"The UHP pressured big flow hydro-jet 2800Bar Anti-fall Protective Hose Sleeve is durable and stable design features can safely protect the operators in the event of pressure relief and leakage, and take timely measures to protect construction safety.  &nbsp;  Application: UHP Water Blasting Construction Industry Hydro Jet blaster Iron, Steel And Metal Industry high pressure waterblaster Mechanical and Apparatus Engineering Cements and Concrete Industry high pressure barracuda Surface cleaning UHP hydro Jet cleaning equipment parts Industrial Cleaning Spray Bars hydro blasting machine for petroleum refining industry Hydro Jet Surface Cleaning,Tank&amp;Vessel Cleaning, Heat Exchange Cleaning, Automotive Painting cleaning Mining industry cleaning Steel manufacture cleaning etc. High pressure sewer cleaning equipment for municipal pipe networks water supply and drainage pipelines;\" \/>\n<meta property=\"og:url\" content=\"https:\/\/panwinjet.com\/fr\/produit\/uhp-40kpsi-2800bar-waterjet-triplex-plunger-pump-anti-droppingprevented-uhp-hose-connectors-whipcheck\/\" \/>\n<meta property=\"og:site_name\" content=\"Panwin Machinery&amp;Equipment\" \/>\n<meta property=\"og:image\" content=\"https:\/\/panwinjet.com\/wp-content\/uploads\/2025\/10\/\u9632\u62a4\u7ef35.jpg\" \/>\n\t<meta property=\"og:image:width\" content=\"1707\" \/>\n\t<meta property=\"og:image:height\" content=\"1280\" \/>\n\t<meta property=\"og:image:type\" content=\"image\/jpeg\" \/>\n<meta name=\"twitter:card\" content=\"summary_large_image\" \/>\n<meta name=\"twitter:label1\" content=\"Dur\u00e9e de lecture estim\u00e9e\" \/>\n\t<meta name=\"twitter:data1\" content=\"1 minute\" \/>\n<script type=\"application\/ld+json\" class=\"yoast-schema-graph\">{\"@context\":\"https:\/\/schema.org\",\"@graph\":[{\"@type\":\"WebPage\",\"@id\":\"https:\/\/panwinjet.com\/product\/uhp-40kpsi-2800bar-waterjet-triplex-plunger-pump-anti-droppingprevented-uhp-hose-connectors-whipcheck\/\",\"url\":\"https:\/\/panwinjet.com\/product\/uhp-40kpsi-2800bar-waterjet-triplex-plunger-pump-anti-droppingprevented-uhp-hose-connectors-whipcheck\/\",\"name\":\"UHP 40kpsi 2800Bar waterjet triplex plunger pump Anti-Dropping&Prevented UHP hose connectors Whipcheck - Panwin Machinery&amp;Equipment\",\"isPartOf\":{\"@id\":\"https:\/\/panwinjet.com\/#website\"},\"primaryImageOfPage\":{\"@id\":\"https:\/\/panwinjet.com\/product\/uhp-40kpsi-2800bar-waterjet-triplex-plunger-pump-anti-droppingprevented-uhp-hose-connectors-whipcheck\/#primaryimage\"},\"image\":{\"@id\":\"https:\/\/panwinjet.com\/product\/uhp-40kpsi-2800bar-waterjet-triplex-plunger-pump-anti-droppingprevented-uhp-hose-connectors-whipcheck\/#primaryimage\"},\"thumbnailUrl\":\"https:\/\/panwinjet.com\/wp-content\/uploads\/2025\/10\/\u9632\u62a4\u7ef35.jpg\",\"datePublished\":\"2025-10-01T06:32:20+00:00\",\"breadcrumb\":{\"@id\":\"https:\/\/panwinjet.com\/product\/uhp-40kpsi-2800bar-waterjet-triplex-plunger-pump-anti-droppingprevented-uhp-hose-connectors-whipcheck\/#breadcrumb\"},\"inLanguage\":\"fr-FR\",\"potentialAction\":[{\"@type\":\"ReadAction\",\"target\":[\"https:\/\/panwinjet.com\/product\/uhp-40kpsi-2800bar-waterjet-triplex-plunger-pump-anti-droppingprevented-uhp-hose-connectors-whipcheck\/\"]}]},{\"@type\":\"ImageObject\",\"inLanguage\":\"fr-FR\",\"@id\":\"https:\/\/panwinjet.com\/product\/uhp-40kpsi-2800bar-waterjet-triplex-plunger-pump-anti-droppingprevented-uhp-hose-connectors-whipcheck\/#primaryimage\",\"url\":\"https:\/\/panwinjet.com\/wp-content\/uploads\/2025\/10\/\u9632\u62a4\u7ef35.jpg\",\"contentUrl\":\"https:\/\/panwinjet.com\/wp-content\/uploads\/2025\/10\/\u9632\u62a4\u7ef35.jpg\",\"width\":1707,\"height\":1280},{\"@type\":\"BreadcrumbList\",\"@id\":\"https:\/\/panwinjet.com\/product\/uhp-40kpsi-2800bar-waterjet-triplex-plunger-pump-anti-droppingprevented-uhp-hose-connectors-whipcheck\/#breadcrumb\",\"itemListElement\":[{\"@type\":\"ListItem\",\"position\":1,\"name\":\"\u9996\u9875\",\"item\":\"https:\/\/panwinjet.com\/\"},{\"@type\":\"ListItem\",\"position\":2,\"name\":\"PRODUCT\",\"item\":\"https:\/\/panwinjet.com\/product\/\"},{\"@type\":\"ListItem\",\"position\":3,\"name\":\"UHP 40kpsi 2800Bar waterjet triplex plunger pump Anti-Dropping&#038;Prevented UHP hose connectors Whipcheck\"}]},{\"@type\":\"WebSite\",\"@id\":\"https:\/\/panwinjet.com\/#website\",\"url\":\"https:\/\/panwinjet.com\/\",\"name\":\"Panwin Machinery&amp;Equipment\",\"description\":\"Shenzhen Panwin Machinery&amp;Equipment Co.Ltd\",\"potentialAction\":[{\"@type\":\"SearchAction\",\"target\":{\"@type\":\"EntryPoint\",\"urlTemplate\":\"https:\/\/panwinjet.com\/?s={search_term_string}\"},\"query-input\":{\"@type\":\"PropertyValueSpecification\",\"valueRequired\":true,\"valueName\":\"search_term_string\"}}],\"inLanguage\":\"fr-FR\"}]}<\/script>\n<!-- \/ Yoast SEO plugin. -->","yoast_head_json":{"title":"UHP 40kpsi 2800Bar waterjet triplex plunger pump Anti-Dropping&Prevented UHP hose connectors Whipcheck - Panwin Machinery&amp;Equipment","robots":{"index":"index","follow":"follow","max-snippet":"max-snippet:-1","max-image-preview":"max-image-preview:large","max-video-preview":"max-video-preview:-1"},"canonical":"https:\/\/panwinjet.com\/fr\/produit\/uhp-40kpsi-2800bar-waterjet-triplex-plunger-pump-anti-droppingprevented-uhp-hose-connectors-whipcheck\/","og_locale":"fr_FR","og_type":"article","og_title":"UHP 40kpsi 2800Bar waterjet triplex plunger pump Anti-Dropping&Prevented UHP hose connectors Whipcheck - Panwin Machinery&amp;Equipment","og_description":"The UHP pressured big flow hydro-jet 2800Bar Anti-fall Protective Hose Sleeve is durable and stable design features can safely protect the operators in the event of pressure relief and leakage, and take timely measures to protect construction safety.  &nbsp;  Application: UHP Water Blasting Construction Industry Hydro Jet blaster Iron, Steel And Metal Industry high pressure waterblaster Mechanical and Apparatus Engineering Cements and Concrete Industry high pressure barracuda Surface cleaning UHP hydro Jet cleaning equipment parts Industrial Cleaning Spray Bars hydro blasting machine for petroleum refining industry Hydro Jet Surface Cleaning,Tank&amp;Vessel Cleaning, Heat Exchange Cleaning, Automotive Painting cleaning Mining industry cleaning Steel manufacture cleaning etc. High pressure sewer cleaning equipment for municipal pipe networks water supply and drainage pipelines;","og_url":"https:\/\/panwinjet.com\/fr\/produit\/uhp-40kpsi-2800bar-waterjet-triplex-plunger-pump-anti-droppingprevented-uhp-hose-connectors-whipcheck\/","og_site_name":"Panwin Machinery&amp;Equipment","og_image":[{"width":1707,"height":1280,"url":"https:\/\/panwinjet.com\/wp-content\/uploads\/2025\/10\/\u9632\u62a4\u7ef35.jpg","type":"image\/jpeg"}],"twitter_card":"summary_large_image","twitter_misc":{"Dur\u00e9e de lecture estim\u00e9e":"1 minute"},"schema":{"@context":"https:\/\/schema.org","@graph":[{"@type":"WebPage","@id":"https:\/\/panwinjet.com\/product\/uhp-40kpsi-2800bar-waterjet-triplex-plunger-pump-anti-droppingprevented-uhp-hose-connectors-whipcheck\/","url":"https:\/\/panwinjet.com\/product\/uhp-40kpsi-2800bar-waterjet-triplex-plunger-pump-anti-droppingprevented-uhp-hose-connectors-whipcheck\/","name":"UHP 40kpsi 2800Bar waterjet triplex plunger pump Anti-Dropping&Prevented UHP hose connectors Whipcheck - Panwin Machinery&amp;Equipment","isPartOf":{"@id":"https:\/\/panwinjet.com\/#website"},"primaryImageOfPage":{"@id":"https:\/\/panwinjet.com\/product\/uhp-40kpsi-2800bar-waterjet-triplex-plunger-pump-anti-droppingprevented-uhp-hose-connectors-whipcheck\/#primaryimage"},"image":{"@id":"https:\/\/panwinjet.com\/product\/uhp-40kpsi-2800bar-waterjet-triplex-plunger-pump-anti-droppingprevented-uhp-hose-connectors-whipcheck\/#primaryimage"},"thumbnailUrl":"https:\/\/panwinjet.com\/wp-content\/uploads\/2025\/10\/\u9632\u62a4\u7ef35.jpg","datePublished":"2025-10-01T06:32:20+00:00","breadcrumb":{"@id":"https:\/\/panwinjet.com\/product\/uhp-40kpsi-2800bar-waterjet-triplex-plunger-pump-anti-droppingprevented-uhp-hose-connectors-whipcheck\/#breadcrumb"},"inLanguage":"fr-FR","potentialAction":[{"@type":"ReadAction","target":["https:\/\/panwinjet.com\/product\/uhp-40kpsi-2800bar-waterjet-triplex-plunger-pump-anti-droppingprevented-uhp-hose-connectors-whipcheck\/"]}]},{"@type":"ImageObject","inLanguage":"fr-FR","@id":"https:\/\/panwinjet.com\/product\/uhp-40kpsi-2800bar-waterjet-triplex-plunger-pump-anti-droppingprevented-uhp-hose-connectors-whipcheck\/#primaryimage","url":"https:\/\/panwinjet.com\/wp-content\/uploads\/2025\/10\/\u9632\u62a4\u7ef35.jpg","contentUrl":"https:\/\/panwinjet.com\/wp-content\/uploads\/2025\/10\/\u9632\u62a4\u7ef35.jpg","width":1707,"height":1280},{"@type":"BreadcrumbList","@id":"https:\/\/panwinjet.com\/product\/uhp-40kpsi-2800bar-waterjet-triplex-plunger-pump-anti-droppingprevented-uhp-hose-connectors-whipcheck\/#breadcrumb","itemListElement":[{"@type":"ListItem","position":1,"name":"\u9996\u9875","item":"https:\/\/panwinjet.com\/"},{"@type":"ListItem","position":2,"name":"PRODUCT","item":"https:\/\/panwinjet.com\/product\/"},{"@type":"ListItem","position":3,"name":"UHP 40kpsi 2800Bar waterjet triplex plunger pump Anti-Dropping&#038;Prevented UHP hose connectors Whipcheck"}]},{"@type":"WebSite","@id":"https:\/\/panwinjet.com\/#website","url":"https:\/\/panwinjet.com\/","name":"Panwin Machinery&amp;Equipment","description":"Shenzhen Panwin Machinery&amp;Equipment Co.Ltd","potentialAction":[{"@type":"SearchAction","target":{"@type":"EntryPoint","urlTemplate":"https:\/\/panwinjet.com\/?s={search_term_string}"},"query-input":{"@type":"PropertyValueSpecification","valueRequired":true,"valueName":"search_term_string"}}],"inLanguage":"fr-FR"}]}},"_links":{"self":[{"href":"https:\/\/panwinjet.com\/fr\/wp-json\/wp\/v2\/product\/1378","targetHints":{"allow":["GET"]}}],"collection":[{"href":"https:\/\/panwinjet.com\/fr\/wp-json\/wp\/v2\/product"}],"about":[{"href":"https:\/\/panwinjet.com\/fr\/wp-json\/wp\/v2\/types\/product"}],"wp:featuredmedia":[{"embeddable":true,"href":"https:\/\/panwinjet.com\/fr\/wp-json\/wp\/v2\/media\/1385"}],"wp:attachment":[{"href":"https:\/\/panwinjet.com\/fr\/wp-json\/wp\/v2\/media?parent=1378"}],"wp:term":[{"taxonomy":"product_brand","embeddable":true,"href":"https:\/\/panwinjet.com\/fr\/wp-json\/wp\/v2\/product_brand?post=1378"},{"taxonomy":"product_cat","embeddable":true,"href":"https:\/\/panwinjet.com\/fr\/wp-json\/wp\/v2\/product_cat?post=1378"},{"taxonomy":"product_tag","embeddable":true,"href":"https:\/\/panwinjet.com\/fr\/wp-json\/wp\/v2\/product_tag?post=1378"}],"curies":[{"name":"wp","href":"https:\/\/api.w.org\/{rel}","templated":true}]}}