{"id":1345,"date":"2025-09-24T07:24:19","date_gmt":"2025-09-24T07:24:19","guid":{"rendered":"https:\/\/panwinjet.com\/?post_type=product&#038;p=1345"},"modified":"2025-09-24T14:14:48","modified_gmt":"2025-09-24T14:14:48","slug":"40kpsi-2800bar-uhp-water-jet-multifunctional-ship-hull-crawler-spraying-bar-swivel","status":"publish","type":"product","link":"https:\/\/panwinjet.com\/fr\/produit\/40kpsi-2800bar-uhp-water-jet-multifunctional-ship-hull-crawler-spraying-bar-swivel\/","title":{"rendered":"Jet d&#039;eau ultra-haute pression (UHP) 40\u00a0000\u00a0psi (2\u00a0800\u00a0bar) multifonctionnel avec barre de pulv\u00e9risation pivotante pour coque de navire."},"content":{"rendered":"<p><strong><b>Ce 2800bar <\/b><\/strong><strong><b>La rampe de pulv\u00e9risation pivotante poss\u00e8de principalement deux modes de montage : le montage par bride et le montage par serrage.<\/b><\/strong><\/p>\n<p><strong><b>Pour le montage \u00e0 bride, le raccordement \u00e0 bride est le suivant\u00a0:<\/b><\/strong><\/p>\n<p><img decoding=\"async\" class=\"alignleft wp-image-1346 lazyload\" data-src=\"https:\/\/panwinjet.com\/wp-content\/uploads\/2025\/09\/UHP-Hull-Crawler-\u55b7\u5934-500x375.jpg\" alt=\"\" width=\"231\" height=\"173\" data-srcset=\"https:\/\/panwinjet.com\/wp-content\/uploads\/2025\/09\/UHP-Hull-Crawler-\u55b7\u5934-500x375.jpg 500w, https:\/\/panwinjet.com\/wp-content\/uploads\/2025\/09\/UHP-Hull-Crawler-\u55b7\u5934-1200x900.jpg 1200w, https:\/\/panwinjet.com\/wp-content\/uploads\/2025\/09\/UHP-Hull-Crawler-\u55b7\u5934-300x225.jpg 300w, https:\/\/panwinjet.com\/wp-content\/uploads\/2025\/09\/UHP-Hull-Crawler-\u55b7\u5934-768x576.jpg 768w, https:\/\/panwinjet.com\/wp-content\/uploads\/2025\/09\/UHP-Hull-Crawler-\u55b7\u5934-1536x1152.jpg 1536w, https:\/\/panwinjet.com\/wp-content\/uploads\/2025\/09\/UHP-Hull-Crawler-\u55b7\u5934-100x75.jpg 100w, https:\/\/panwinjet.com\/wp-content\/uploads\/2025\/09\/UHP-Hull-Crawler-\u55b7\u5934-480x360.jpg 480w, https:\/\/panwinjet.com\/wp-content\/uploads\/2025\/09\/UHP-Hull-Crawler-\u55b7\u5934-800x600.jpg 800w, https:\/\/panwinjet.com\/wp-content\/uploads\/2025\/09\/UHP-Hull-Crawler-\u55b7\u5934.jpg 1707w\" data-sizes=\"(max-width:767px) 231px, 231px\" src=\"data:image\/svg+xml;base64,PHN2ZyB3aWR0aD0iMSIgaGVpZ2h0PSIxIiB4bWxucz0iaHR0cDovL3d3dy53My5vcmcvMjAwMC9zdmciPjwvc3ZnPg==\" style=\"--smush-placeholder-width: 231px; --smush-placeholder-aspect-ratio: 231\/173;\" \/><\/p>\n<p><strong><b>\u00a0<\/b><\/strong><\/p>\n<p>&nbsp;<\/p>\n<p>&nbsp;<\/p>\n<p>&nbsp;<\/p>\n<p>&nbsp;<\/p>\n<p>&nbsp;<\/p>\n<p><strong><b>\u00a0<\/b><\/strong><\/p>\n<p><strong><b> La barre de pulv\u00e9risation pivotante 2800Bar poss\u00e8de principalement deux modes d&#039;assemblage. Le type de montage \u00e0 serrage est une structure avanc\u00e9e, similaire \u00e0 celle de Hammelmann. Cette barre de pulv\u00e9risation multifonctionnelle pour robot de nettoyage de coque se caract\u00e9rise par une densit\u00e9 \u00e9lev\u00e9e et une grande r\u00e9sistance aux chocs, ainsi qu&#039;une efficacit\u00e9 \u00e9lev\u00e9e. La barre de pulv\u00e9risation pour robot de nettoyage de coque est tr\u00e8s polyvalente et compatible avec diff\u00e9rents robots de nettoyage.<\/b><\/strong><\/p>\n<p><u> <img decoding=\"async\" class=\"alignleft wp-image-1353 lazyload\" data-src=\"https:\/\/panwinjet.com\/wp-content\/uploads\/2025\/09\/Tightening-Mounting-Drawing-500x216.png\" alt=\"\" width=\"333\" height=\"144\" data-srcset=\"https:\/\/panwinjet.com\/wp-content\/uploads\/2025\/09\/Tightening-Mounting-Drawing-500x216.png 500w, https:\/\/panwinjet.com\/wp-content\/uploads\/2025\/09\/Tightening-Mounting-Drawing-300x130.png 300w, https:\/\/panwinjet.com\/wp-content\/uploads\/2025\/09\/Tightening-Mounting-Drawing-150x65.png 150w, https:\/\/panwinjet.com\/wp-content\/uploads\/2025\/09\/Tightening-Mounting-Drawing-480x207.png 480w, https:\/\/panwinjet.com\/wp-content\/uploads\/2025\/09\/Tightening-Mounting-Drawing.png 681w\" data-sizes=\"(max-width:767px) 333px, 333px\" src=\"data:image\/svg+xml;base64,PHN2ZyB3aWR0aD0iMSIgaGVpZ2h0PSIxIiB4bWxucz0iaHR0cDovL3d3dy53My5vcmcvMjAwMC9zdmciPjwvc3ZnPg==\" style=\"--smush-placeholder-width: 333px; --smush-placeholder-aspect-ratio: 333\/144;\" \/><\/u><\/p>\n<p><u>\u00a0<\/u><\/p>\n<p><u>\u00a0<\/u><\/p>\n<p>&nbsp;<\/p>\n<p>&nbsp;<\/p>\n<p>&nbsp;<\/p>\n<p><strong><b>Caract\u00e9ristiques et applications de<\/b><\/strong><strong><b>\u00a0Lanceur d&#039;eau UHP multifonctionnel de 2800 bars pour coque de crawler, avec barre de pulv\u00e9risation pivotante<\/b><\/strong><\/p>\n<p><img decoding=\"async\" class=\"alignleft wp-image-1352 lazyload\" data-src=\"https:\/\/panwinjet.com\/wp-content\/uploads\/2025\/09\/Spraying-Tightening-Mounting-500x311.png\" alt=\"\" width=\"248\" height=\"154\" data-srcset=\"https:\/\/panwinjet.com\/wp-content\/uploads\/2025\/09\/Spraying-Tightening-Mounting-500x311.png 500w, https:\/\/panwinjet.com\/wp-content\/uploads\/2025\/09\/Spraying-Tightening-Mounting-1200x746.png 1200w, https:\/\/panwinjet.com\/wp-content\/uploads\/2025\/09\/Spraying-Tightening-Mounting-300x186.png 300w, https:\/\/panwinjet.com\/wp-content\/uploads\/2025\/09\/Spraying-Tightening-Mounting-768x477.png 768w, https:\/\/panwinjet.com\/wp-content\/uploads\/2025\/09\/Spraying-Tightening-Mounting-121x75.png 121w, https:\/\/panwinjet.com\/wp-content\/uploads\/2025\/09\/Spraying-Tightening-Mounting-480x298.png 480w, https:\/\/panwinjet.com\/wp-content\/uploads\/2025\/09\/Spraying-Tightening-Mounting-800x497.png 800w, https:\/\/panwinjet.com\/wp-content\/uploads\/2025\/09\/Spraying-Tightening-Mounting.png 1236w\" data-sizes=\"(max-width:767px) 248px, 248px\" src=\"data:image\/svg+xml;base64,PHN2ZyB3aWR0aD0iMSIgaGVpZ2h0PSIxIiB4bWxucz0iaHR0cDovL3d3dy53My5vcmcvMjAwMC9zdmciPjwvc3ZnPg==\" style=\"--smush-placeholder-width: 248px; --smush-placeholder-aspect-ratio: 248\/154;\" \/><\/p>\n<p>&nbsp;<\/p>\n<p>&nbsp;<\/p>\n<p>&nbsp;<\/p>\n<p>&nbsp;<\/p>\n<p>&nbsp;<\/p>\n<p><strong><b>Ce nettoyeur de coque multifonctionnel \u00e0 jet d&#039;eau UHP de 2800 bars avec barre de pulv\u00e9risation pivotante pr\u00e9sente de nombreux avantages pour le nettoyage de la surface de la coque des navires, comme suit\u00a0:<\/b><\/strong><\/p>\n<p><strong><b>A: Couverture \u00e9tendue et prise en main s\u00fbre<\/b><\/strong><\/p>\n<p><strong><b>B : Motif d&#039;enl\u00e8vement uniforme sur toute la largeur de travail<\/b><\/strong><\/p>\n<p><strong><b>C: Montage et entretien faciles<\/b><\/strong><\/p>\n<p><strong><b>D: <\/b><\/strong><strong><b>D&#039;une densit\u00e9 \u00e9lev\u00e9e et r\u00e9sistante, elle supporte les chocs violents lors du nettoyage de la coque des navires.<\/b><\/strong><\/p>","protected":false},"excerpt":{"rendered":"<p><strong><b>Introduction de <\/b><\/strong><strong><b>Lanceur d&#039;eau UHP multifonctionnel de 2800 bars pour coque de crawler, avec barre de pulv\u00e9risation pivotante<\/b><\/strong><\/p>\n<p>Barre de pulv\u00e9risation multifonctionnelle pivotante pour chenillette \u00e0 jet d&#039;eau UHP de 2800 bars<strong><b>\u00a0est destin\u00e9 au robot de nettoyage de la surface de la coque du navire ainsi qu&#039;au robot et aux outils de nettoyage des sols en b\u00e9ton UHP.<\/b><\/strong><\/p>\n<p><img decoding=\"async\" class=\"alignleft size-medium wp-image-1370 lazyload\" data-src=\"https:\/\/panwinjet.com\/wp-content\/uploads\/2025\/09\/Truck-4-500x375.jpg\" alt=\"\" width=\"500\" height=\"375\" data-srcset=\"https:\/\/panwinjet.com\/wp-content\/uploads\/2025\/09\/Truck-4-500x375.jpg 500w, https:\/\/panwinjet.com\/wp-content\/uploads\/2025\/09\/Truck-4-1200x900.jpg 1200w, https:\/\/panwinjet.com\/wp-content\/uploads\/2025\/09\/Truck-4-300x225.jpg 300w, https:\/\/panwinjet.com\/wp-content\/uploads\/2025\/09\/Truck-4-768x576.jpg 768w, https:\/\/panwinjet.com\/wp-content\/uploads\/2025\/09\/Truck-4-1536x1152.jpg 1536w, https:\/\/panwinjet.com\/wp-content\/uploads\/2025\/09\/Truck-4-100x75.jpg 100w, https:\/\/panwinjet.com\/wp-content\/uploads\/2025\/09\/Truck-4-480x360.jpg 480w, https:\/\/panwinjet.com\/wp-content\/uploads\/2025\/09\/Truck-4-800x600.jpg 800w, https:\/\/panwinjet.com\/wp-content\/uploads\/2025\/09\/Truck-4.jpg 1706w\" data-sizes=\"(max-width:767px) 480px, 500px\" src=\"data:image\/svg+xml;base64,PHN2ZyB3aWR0aD0iMSIgaGVpZ2h0PSIxIiB4bWxucz0iaHR0cDovL3d3dy53My5vcmcvMjAwMC9zdmciPjwvc3ZnPg==\" style=\"--smush-placeholder-width: 500px; --smush-placeholder-aspect-ratio: 500\/375;\" \/><\/p>\n<p>Pivot de la barre de pulv\u00e9risation<strong><b>\u00a0Il est tr\u00e8s polyvalent et enti\u00e8rement rempla\u00e7able\u00a0: la barre de pulv\u00e9risation Hammelmann est adaptable \u00e0 diff\u00e9rents mod\u00e8les de robots. Par exemple, pour les mod\u00e8les Spider-Jetting, nous proposons des mod\u00e8les complets permettant une distance cible optimale et un nettoyage haute efficacit\u00e9.<\/b><\/strong><\/p>\n<p><img decoding=\"async\" class=\"alignleft size-medium wp-image-1369 lazyload\" data-src=\"https:\/\/panwinjet.com\/wp-content\/uploads\/2025\/09\/2-1-2-500x342.png\" alt=\"\" width=\"500\" height=\"342\" data-srcset=\"https:\/\/panwinjet.com\/wp-content\/uploads\/2025\/09\/2-1-2-500x342.png 500w, https:\/\/panwinjet.com\/wp-content\/uploads\/2025\/09\/2-1-2-300x205.png 300w, https:\/\/panwinjet.com\/wp-content\/uploads\/2025\/09\/2-1-2-110x75.png 110w, https:\/\/panwinjet.com\/wp-content\/uploads\/2025\/09\/2-1-2-480x328.png 480w, https:\/\/panwinjet.com\/wp-content\/uploads\/2025\/09\/2-1-2.png 518w\" data-sizes=\"(max-width:767px) 480px, 500px\" src=\"data:image\/svg+xml;base64,PHN2ZyB3aWR0aD0iMSIgaGVpZ2h0PSIxIiB4bWxucz0iaHR0cDovL3d3dy53My5vcmcvMjAwMC9zdmciPjwvc3ZnPg==\" style=\"--smush-placeholder-width: 500px; --smush-placeholder-aspect-ratio: 500\/342;\" \/><\/p>\n<p>&nbsp;<\/p>\n<p><strong><b>Caract\u00e9ristiques techniques de la barre de pulv\u00e9risation pivotante multifonctionnelle pour chenillettes \u00e0 jet d&#039;eau UHP 2800 bars<\/b><\/strong><strong><b>\u00a0Nettoyage de surface par hydrojet UHP \u00e0 3000 bars.<\/b><\/strong><\/p>\n<p><strong><b>Cette barre de pulv\u00e9risation multifonctionnelle pivotante pour chenillettes \u00e0 jet d&#039;eau UHP de 2800 bars est con\u00e7ue pour les moteurs \u00e0 chenilles.<\/b><\/strong><strong><b>\u00a0<\/b><\/strong><strong><b>sont situ\u00e9es derri\u00e8re l&#039;outil \u00e0 eau et se trouvent toujours sur une surface fra\u00eechement pr\u00e9par\u00e9e \u2013 des conditions parfaites pour une bonne adh\u00e9rence, m\u00eame sur des surfaces glissantes. <\/b><\/strong><\/p>\n<p><strong><b>Le <\/b><\/strong><strong><b>Les param\u00e8tres de la rampe de pulv\u00e9risation multifonctionnelle \u00e0 jet d&#039;eau UHP de 2800 bars sont principalement la longueur de nettoyage, le type de buses, le nombre de buses, l&#039;\u00e9paisseur, le type d&#039;\u00e9tanch\u00e9it\u00e9 et la hauteur, etc.<\/b><\/strong><\/p>\n<p><strong><b>Le guidage pr\u00e9cis du jet d&#039;eau et la distribution id\u00e9ale de l&#039;\u00e9nergie assurent une couverture de zone immense<\/b><\/strong><strong><b>.<\/b><\/strong><\/p>","protected":false},"featured_media":1352,"template":"","meta":[],"product_brand":[],"product_cat":[11],"product_tag":[32],"class_list":{"0":"post-1345","1":"product","2":"type-product","3":"status-publish","4":"has-post-thumbnail","6":"product_cat-ship-cleaning-device","7":"product_tag-2800bar-ship-hull-crawler-spraying-bar-swivel","9":"first","10":"instock","11":"shipping-taxable","12":"product-type-simple"},"yoast_head":"<!-- This site is optimized with the Yoast SEO plugin v24.9 - https:\/\/yoast.com\/wordpress\/plugins\/seo\/ -->\n<title>40Kpsi 2800bar UHP Water Jet Multifunctional Ship Hull Crawler Spraying Bar Swivel - Panwin Machinery&amp;Equipment<\/title>\n<meta name=\"robots\" content=\"index, follow, max-snippet:-1, max-image-preview:large, max-video-preview:-1\" \/>\n<link rel=\"canonical\" href=\"https:\/\/panwinjet.com\/fr\/produit\/40kpsi-2800bar-uhp-water-jet-multifunctional-ship-hull-crawler-spraying-bar-swivel\/\" \/>\n<meta property=\"og:locale\" content=\"fr_FR\" \/>\n<meta property=\"og:type\" content=\"article\" \/>\n<meta property=\"og:title\" content=\"40Kpsi 2800bar UHP Water Jet Multifunctional Ship Hull Crawler Spraying Bar Swivel - Panwin Machinery&amp;Equipment\" \/>\n<meta property=\"og:description\" content=\"Introduction of 2800bar UHP Water Jet Multifunctional Hull Crawler Spraying Bar Swivel  The\u00a02800bar UHP Water Jet Multifunctional Hull Crawler Spraying Bar Swivel\u00a0is for the Ship Hull Surface cleaning Robot and also for the Surface UHP Concrete cement floor Cleaning robot and cleaning tools.    Spraying Bar Swivel\u00a0is very versatile and it complete replaceable the hammelmann Spraying Bar adaptable for different Robot design Like for the Spider-Jetting models, we have the complete ones to have best Target distance and high-efficiency cleaning effect.    &nbsp;  Parameter (Specification) of 2800bar UHP Water Jet Multifunctional Hull Crawler Spraying Bar Swivel\u00a0surface 3000Bar UHP Hydro-Jetting cleaning.  This 2800bar UHP Water Jet Multifunctional Hull Crawler Spraying Bar Swivel\u00a0are located behind the water tool and are always on a freshly prepared surface - perfect conditions for a good grip, even on slippery surfaces.   The 2800bar UHP Water Jet Multifunctional Spraying Bar parameter mainly as the cleaning Length, the Nozzles Type, the Nozzles Number, the Thickness, Sealing Type and the Height etc.  The precise guidance of the water tool and ideal energy distribution ensure enormous area coverage.\" \/>\n<meta property=\"og:url\" content=\"https:\/\/panwinjet.com\/fr\/produit\/40kpsi-2800bar-uhp-water-jet-multifunctional-ship-hull-crawler-spraying-bar-swivel\/\" \/>\n<meta property=\"og:site_name\" content=\"Panwin Machinery&amp;Equipment\" \/>\n<meta property=\"article:modified_time\" content=\"2025-09-24T14:14:48+00:00\" \/>\n<meta property=\"og:image\" content=\"https:\/\/panwinjet.com\/wp-content\/uploads\/2025\/09\/Spraying-Tightening-Mounting.png\" \/>\n\t<meta property=\"og:image:width\" content=\"1236\" \/>\n\t<meta property=\"og:image:height\" content=\"768\" \/>\n\t<meta property=\"og:image:type\" content=\"image\/png\" \/>\n<meta name=\"twitter:card\" content=\"summary_large_image\" \/>\n<meta name=\"twitter:label1\" content=\"Dur\u00e9e de lecture estim\u00e9e\" \/>\n\t<meta name=\"twitter:data1\" content=\"2 minutes\" \/>\n<script type=\"application\/ld+json\" class=\"yoast-schema-graph\">{\"@context\":\"https:\/\/schema.org\",\"@graph\":[{\"@type\":\"WebPage\",\"@id\":\"https:\/\/panwinjet.com\/product\/40kpsi-2800bar-uhp-water-jet-multifunctional-ship-hull-crawler-spraying-bar-swivel\/\",\"url\":\"https:\/\/panwinjet.com\/product\/40kpsi-2800bar-uhp-water-jet-multifunctional-ship-hull-crawler-spraying-bar-swivel\/\",\"name\":\"40Kpsi 2800bar UHP Water Jet Multifunctional Ship Hull Crawler Spraying Bar Swivel - Panwin Machinery&amp;Equipment\",\"isPartOf\":{\"@id\":\"https:\/\/panwinjet.com\/#website\"},\"primaryImageOfPage\":{\"@id\":\"https:\/\/panwinjet.com\/product\/40kpsi-2800bar-uhp-water-jet-multifunctional-ship-hull-crawler-spraying-bar-swivel\/#primaryimage\"},\"image\":{\"@id\":\"https:\/\/panwinjet.com\/product\/40kpsi-2800bar-uhp-water-jet-multifunctional-ship-hull-crawler-spraying-bar-swivel\/#primaryimage\"},\"thumbnailUrl\":\"https:\/\/panwinjet.com\/wp-content\/uploads\/2025\/09\/Spraying-Tightening-Mounting.png\",\"datePublished\":\"2025-09-24T07:24:19+00:00\",\"dateModified\":\"2025-09-24T14:14:48+00:00\",\"breadcrumb\":{\"@id\":\"https:\/\/panwinjet.com\/product\/40kpsi-2800bar-uhp-water-jet-multifunctional-ship-hull-crawler-spraying-bar-swivel\/#breadcrumb\"},\"inLanguage\":\"fr-FR\",\"potentialAction\":[{\"@type\":\"ReadAction\",\"target\":[\"https:\/\/panwinjet.com\/product\/40kpsi-2800bar-uhp-water-jet-multifunctional-ship-hull-crawler-spraying-bar-swivel\/\"]}]},{\"@type\":\"ImageObject\",\"inLanguage\":\"fr-FR\",\"@id\":\"https:\/\/panwinjet.com\/product\/40kpsi-2800bar-uhp-water-jet-multifunctional-ship-hull-crawler-spraying-bar-swivel\/#primaryimage\",\"url\":\"https:\/\/panwinjet.com\/wp-content\/uploads\/2025\/09\/Spraying-Tightening-Mounting.png\",\"contentUrl\":\"https:\/\/panwinjet.com\/wp-content\/uploads\/2025\/09\/Spraying-Tightening-Mounting.png\",\"width\":1236,\"height\":768},{\"@type\":\"BreadcrumbList\",\"@id\":\"https:\/\/panwinjet.com\/product\/40kpsi-2800bar-uhp-water-jet-multifunctional-ship-hull-crawler-spraying-bar-swivel\/#breadcrumb\",\"itemListElement\":[{\"@type\":\"ListItem\",\"position\":1,\"name\":\"\u9996\u9875\",\"item\":\"https:\/\/panwinjet.com\/\"},{\"@type\":\"ListItem\",\"position\":2,\"name\":\"PRODUCT\",\"item\":\"https:\/\/panwinjet.com\/product\/\"},{\"@type\":\"ListItem\",\"position\":3,\"name\":\"40Kpsi 2800bar UHP Water Jet Multifunctional Ship Hull Crawler Spraying Bar Swivel\"}]},{\"@type\":\"WebSite\",\"@id\":\"https:\/\/panwinjet.com\/#website\",\"url\":\"https:\/\/panwinjet.com\/\",\"name\":\"Panwin Machinery&amp;Equipment\",\"description\":\"Shenzhen Panwin Machinery&amp;Equipment Co.Ltd\",\"potentialAction\":[{\"@type\":\"SearchAction\",\"target\":{\"@type\":\"EntryPoint\",\"urlTemplate\":\"https:\/\/panwinjet.com\/?s={search_term_string}\"},\"query-input\":{\"@type\":\"PropertyValueSpecification\",\"valueRequired\":true,\"valueName\":\"search_term_string\"}}],\"inLanguage\":\"fr-FR\"}]}<\/script>\n<!-- \/ Yoast SEO plugin. -->","yoast_head_json":{"title":"40Kpsi 2800bar UHP Water Jet Multifunctional Ship Hull Crawler Spraying Bar Swivel - Panwin Machinery&amp;Equipment","robots":{"index":"index","follow":"follow","max-snippet":"max-snippet:-1","max-image-preview":"max-image-preview:large","max-video-preview":"max-video-preview:-1"},"canonical":"https:\/\/panwinjet.com\/fr\/produit\/40kpsi-2800bar-uhp-water-jet-multifunctional-ship-hull-crawler-spraying-bar-swivel\/","og_locale":"fr_FR","og_type":"article","og_title":"40Kpsi 2800bar UHP Water Jet Multifunctional Ship Hull Crawler Spraying Bar Swivel - Panwin Machinery&amp;Equipment","og_description":"Introduction of 2800bar UHP Water Jet Multifunctional Hull Crawler Spraying Bar Swivel  The\u00a02800bar UHP Water Jet Multifunctional Hull Crawler Spraying Bar Swivel\u00a0is for the Ship Hull Surface cleaning Robot and also for the Surface UHP Concrete cement floor Cleaning robot and cleaning tools.    Spraying Bar Swivel\u00a0is very versatile and it complete replaceable the hammelmann Spraying Bar adaptable for different Robot design Like for the Spider-Jetting models, we have the complete ones to have best Target distance and high-efficiency cleaning effect.    &nbsp;  Parameter (Specification) of 2800bar UHP Water Jet Multifunctional Hull Crawler Spraying Bar Swivel\u00a0surface 3000Bar UHP Hydro-Jetting cleaning.  This 2800bar UHP Water Jet Multifunctional Hull Crawler Spraying Bar Swivel\u00a0are located behind the water tool and are always on a freshly prepared surface - perfect conditions for a good grip, even on slippery surfaces.   The 2800bar UHP Water Jet Multifunctional Spraying Bar parameter mainly as the cleaning Length, the Nozzles Type, the Nozzles Number, the Thickness, Sealing Type and the Height etc.  The precise guidance of the water tool and ideal energy distribution ensure enormous area coverage.","og_url":"https:\/\/panwinjet.com\/fr\/produit\/40kpsi-2800bar-uhp-water-jet-multifunctional-ship-hull-crawler-spraying-bar-swivel\/","og_site_name":"Panwin Machinery&amp;Equipment","article_modified_time":"2025-09-24T14:14:48+00:00","og_image":[{"width":1236,"height":768,"url":"https:\/\/panwinjet.com\/wp-content\/uploads\/2025\/09\/Spraying-Tightening-Mounting.png","type":"image\/png"}],"twitter_card":"summary_large_image","twitter_misc":{"Dur\u00e9e de lecture estim\u00e9e":"2 minutes"},"schema":{"@context":"https:\/\/schema.org","@graph":[{"@type":"WebPage","@id":"https:\/\/panwinjet.com\/product\/40kpsi-2800bar-uhp-water-jet-multifunctional-ship-hull-crawler-spraying-bar-swivel\/","url":"https:\/\/panwinjet.com\/product\/40kpsi-2800bar-uhp-water-jet-multifunctional-ship-hull-crawler-spraying-bar-swivel\/","name":"40Kpsi 2800bar UHP Water Jet Multifunctional Ship Hull Crawler Spraying Bar Swivel - Panwin Machinery&amp;Equipment","isPartOf":{"@id":"https:\/\/panwinjet.com\/#website"},"primaryImageOfPage":{"@id":"https:\/\/panwinjet.com\/product\/40kpsi-2800bar-uhp-water-jet-multifunctional-ship-hull-crawler-spraying-bar-swivel\/#primaryimage"},"image":{"@id":"https:\/\/panwinjet.com\/product\/40kpsi-2800bar-uhp-water-jet-multifunctional-ship-hull-crawler-spraying-bar-swivel\/#primaryimage"},"thumbnailUrl":"https:\/\/panwinjet.com\/wp-content\/uploads\/2025\/09\/Spraying-Tightening-Mounting.png","datePublished":"2025-09-24T07:24:19+00:00","dateModified":"2025-09-24T14:14:48+00:00","breadcrumb":{"@id":"https:\/\/panwinjet.com\/product\/40kpsi-2800bar-uhp-water-jet-multifunctional-ship-hull-crawler-spraying-bar-swivel\/#breadcrumb"},"inLanguage":"fr-FR","potentialAction":[{"@type":"ReadAction","target":["https:\/\/panwinjet.com\/product\/40kpsi-2800bar-uhp-water-jet-multifunctional-ship-hull-crawler-spraying-bar-swivel\/"]}]},{"@type":"ImageObject","inLanguage":"fr-FR","@id":"https:\/\/panwinjet.com\/product\/40kpsi-2800bar-uhp-water-jet-multifunctional-ship-hull-crawler-spraying-bar-swivel\/#primaryimage","url":"https:\/\/panwinjet.com\/wp-content\/uploads\/2025\/09\/Spraying-Tightening-Mounting.png","contentUrl":"https:\/\/panwinjet.com\/wp-content\/uploads\/2025\/09\/Spraying-Tightening-Mounting.png","width":1236,"height":768},{"@type":"BreadcrumbList","@id":"https:\/\/panwinjet.com\/product\/40kpsi-2800bar-uhp-water-jet-multifunctional-ship-hull-crawler-spraying-bar-swivel\/#breadcrumb","itemListElement":[{"@type":"ListItem","position":1,"name":"\u9996\u9875","item":"https:\/\/panwinjet.com\/"},{"@type":"ListItem","position":2,"name":"PRODUCT","item":"https:\/\/panwinjet.com\/product\/"},{"@type":"ListItem","position":3,"name":"40Kpsi 2800bar UHP Water Jet Multifunctional Ship Hull Crawler Spraying Bar Swivel"}]},{"@type":"WebSite","@id":"https:\/\/panwinjet.com\/#website","url":"https:\/\/panwinjet.com\/","name":"Panwin Machinery&amp;Equipment","description":"Shenzhen Panwin Machinery&amp;Equipment Co.Ltd","potentialAction":[{"@type":"SearchAction","target":{"@type":"EntryPoint","urlTemplate":"https:\/\/panwinjet.com\/?s={search_term_string}"},"query-input":{"@type":"PropertyValueSpecification","valueRequired":true,"valueName":"search_term_string"}}],"inLanguage":"fr-FR"}]}},"_links":{"self":[{"href":"https:\/\/panwinjet.com\/fr\/wp-json\/wp\/v2\/product\/1345","targetHints":{"allow":["GET"]}}],"collection":[{"href":"https:\/\/panwinjet.com\/fr\/wp-json\/wp\/v2\/product"}],"about":[{"href":"https:\/\/panwinjet.com\/fr\/wp-json\/wp\/v2\/types\/product"}],"wp:featuredmedia":[{"embeddable":true,"href":"https:\/\/panwinjet.com\/fr\/wp-json\/wp\/v2\/media\/1352"}],"wp:attachment":[{"href":"https:\/\/panwinjet.com\/fr\/wp-json\/wp\/v2\/media?parent=1345"}],"wp:term":[{"taxonomy":"product_brand","embeddable":true,"href":"https:\/\/panwinjet.com\/fr\/wp-json\/wp\/v2\/product_brand?post=1345"},{"taxonomy":"product_cat","embeddable":true,"href":"https:\/\/panwinjet.com\/fr\/wp-json\/wp\/v2\/product_cat?post=1345"},{"taxonomy":"product_tag","embeddable":true,"href":"https:\/\/panwinjet.com\/fr\/wp-json\/wp\/v2\/product_tag?post=1345"}],"curies":[{"name":"wp","href":"https:\/\/api.w.org\/{rel}","templated":true}]}}