{"id":1323,"date":"2025-09-23T14:37:49","date_gmt":"2025-09-23T14:37:49","guid":{"rendered":"https:\/\/panwinjet.com\/?post_type=product&#038;p=1323"},"modified":"2025-09-23T14:50:51","modified_gmt":"2025-09-23T14:50:51","slug":"china-supplier-high-quality-3000bar-hydro-jet-blasting-heat-exchangers-cleaning-protective-ppe-clothtrousers-suite","status":"publish","type":"product","link":"https:\/\/panwinjet.com\/fr\/produit\/china-supplier-high-quality-3000bar-hydro-jet-blasting-heat-exchangers-cleaning-protective-ppe-clothtrousers-suite\/","title":{"rendered":"Fournisseur chinois de haute qualit\u00e9 pour le nettoyage par hydrojet \u00e0 3000 bars des \u00e9changeurs de chaleur. \u00c9quipement de protection individuelle (EPI) en tissu et pantalon inclus."},"content":{"rendered":"<p><strong><b>\u00a0Caract\u00e9ristiques et applications de<\/b><\/strong><strong><b>\u00a0<\/b><\/strong><strong><b>Ensemble de v\u00eatements et pantalons de protection pour le nettoyage des \u00e9changeurs de chaleur par hydrojet de haute qualit\u00e9 \u00e0 3000 bars (fournisseur chinois).<\/b><\/strong><\/p>\n<p><strong><b>Il s&#039;agit d&#039;une pression de 2800 bars <\/b><\/strong><strong><b>\u00c9valuation : <\/b><\/strong><strong><b>Combinaison de protection UHP pour le nettoyage \u00e0 l&#039;eau <\/b><\/strong><strong><b>Peut fournir du menton aux orteils<\/b><\/strong><strong><b>\u00a0<\/b><\/strong><strong><b>protection contre les blessures possibles dues <\/b><\/strong><strong><b>jets d&#039;eau accidentels \u00e0 haute pression associ\u00e9s au nettoyage \u00e0 l&#039;eau<\/b><\/strong><strong><b>.<\/b><\/strong><\/p>\n<p><strong><b>Coutume<\/b><\/strong><strong><b>er<\/b><\/strong><strong><b>\u00a0Ensemble de protection (chiffon et pantalon) pour le nettoyage des \u00e9changeurs de chaleur par hydrojet 3000 bars, fourni par un fournisseur chinois de haute qualit\u00e9.<\/b><\/strong><strong><b>\u00a0sont <\/b><\/strong><strong><b>Disponible dans une vari\u00e9t\u00e9 de mod\u00e8les standards et<\/b><\/strong><strong><b>\u00a0<\/b><\/strong><strong><b>Des tailles sur mesure pour plus de confort<\/b><\/strong><strong><b>\u00a0<\/b><\/strong><strong><b>et la mobilit\u00e9. L&#039;ensemble complet est compos\u00e9 d&#039;un bracelet.<\/b><\/strong><strong><b>Protection de cou UHP, veste, tablier, manchon, couvre-bottes<\/b><\/strong><strong><b>\u2013 \u00e9galement vendu s\u00e9par\u00e9ment.<\/b><\/strong><\/p>\n<p><strong><b>\u00a0<\/b><\/strong><\/p>\n<p><strong><b>Nous <\/b><\/strong><strong><b>Gaine de protection pour tuyau de nettoyage \u00e0 haute pression hydrostatique<\/b><\/strong><strong><b>\u00a0Fabriqu\u00e9 \u00e0 partir de mat\u00e9riaux haute performance et haute densit\u00e9, il est con\u00e7u pour des conditions de projection d&#039;eau \u00e0 pression maximale de 300 MPa ; des tests ont \u00e9t\u00e9 effectu\u00e9s pour d\u00e9montrer ses performances de protection.<\/b><\/strong><\/p>\n<p><strong><b>Note:<\/b><\/strong><strong><b>Ce r\u00e9sultat correspond \u00e0 un r\u00e9sultat de test r\u00e9alis\u00e9 dans certaines conditions. Il est bas\u00e9 sur des donn\u00e9es techniques. <\/b><\/strong><strong><b>notre manchon de protection <\/b><\/strong><strong><b>Consid\u00e9r\u00e9 comme fiable, il sera r\u00e9vis\u00e9 en fonction des connaissances et de l&#039;exp\u00e9rience acquises lors de son utilisation sp\u00e9cifique. <\/b><\/strong><strong><b>Panwin Protective<\/b><\/strong><strong><b>\u00a0ne garantit aucun r\u00e9sultat et n&#039;assume aucune obligation ni responsabilit\u00e9 concernant ce v\u00eatement.<\/b><\/strong><\/p>\n<p><strong><b>\u00a0<\/b><\/strong><\/p>\n<p><strong><b> <img decoding=\"async\" class=\"alignleft size-medium wp-image-1330 lazyload\" data-src=\"https:\/\/panwinjet.com\/wp-content\/uploads\/2025\/09\/Protective-Sleeve-1-500x260.png\" alt=\"\" width=\"500\" height=\"260\" data-srcset=\"https:\/\/panwinjet.com\/wp-content\/uploads\/2025\/09\/Protective-Sleeve-1-500x260.png 500w, https:\/\/panwinjet.com\/wp-content\/uploads\/2025\/09\/Protective-Sleeve-1-300x156.png 300w, https:\/\/panwinjet.com\/wp-content\/uploads\/2025\/09\/Protective-Sleeve-1-768x399.png 768w, https:\/\/panwinjet.com\/wp-content\/uploads\/2025\/09\/Protective-Sleeve-1-144x75.png 144w, https:\/\/panwinjet.com\/wp-content\/uploads\/2025\/09\/Protective-Sleeve-1-480x249.png 480w, https:\/\/panwinjet.com\/wp-content\/uploads\/2025\/09\/Protective-Sleeve-1-800x415.png 800w, https:\/\/panwinjet.com\/wp-content\/uploads\/2025\/09\/Protective-Sleeve-1.png 942w\" data-sizes=\"(max-width:767px) 480px, 500px\" src=\"data:image\/svg+xml;base64,PHN2ZyB3aWR0aD0iMSIgaGVpZ2h0PSIxIiB4bWxucz0iaHR0cDovL3d3dy53My5vcmcvMjAwMC9zdmciPjwvc3ZnPg==\" style=\"--smush-placeholder-width: 500px; --smush-placeholder-aspect-ratio: 500\/260;\" \/><\/b><\/strong><\/p>\n<p>&nbsp;<\/p>\n<p>&nbsp;<\/p>\n<p>&nbsp;<\/p>\n<p>&nbsp;<\/p>\n<p>&nbsp;<\/p>\n<p>&nbsp;<\/p>\n<p>&nbsp;<\/p>\n<p>&nbsp;<\/p>\n<p>Effet jet direct 2500 bars<\/p>\n<p><strong><b>\u00a0<\/b><\/strong><strong><b>Application:<\/b><\/strong><\/p>\n<p>Industrie de la construction par hydrod\u00e9capage \u00e0 haute pression<\/p>\n<p>Industrie du fer, de l&#039;acier et des m\u00e9taux : sablage hydrodynamique<\/p>\n<p>Ing\u00e9nierie m\u00e9canique et des appareils pour nettoyeurs haute pression<\/p>\n<p>Industrie du ciment et du b\u00e9ton<\/p>\n<p>Nettoyage de surface haute pression Barracuda<\/p>\n<p>pi\u00e8ces d&#039;\u00e9quipement de nettoyage \u00e0 jet d&#039;eau ultra-haute pression<\/p>\n<p>Barres de pulv\u00e9risation pour le nettoyage industriel<\/p>\n<p>Machine de nettoyage \u00e0 haute pression pour l&#039;industrie du raffinage du p\u00e9trole<\/p>\n<p>Nettoyage de surfaces par hydrojet, nettoyage de r\u00e9servoirs et de cuves,<\/p>\n<p>Nettoyage de l&#039;\u00e9changeur de chaleur,<\/p>\n<p>Nettoyage de v\u00e9hicules (peinture), nettoyage pour l&#039;industrie mini\u00e8re, nettoyage pour la fabrication d&#039;acier, etc.<\/p>\n<p>\u00c9quipement de nettoyage des \u00e9gouts \u00e0 haute pression pour les r\u00e9seaux de canalisations municipales d&#039;adduction d&#039;eau et de drainage\u00a0;<\/p>","protected":false},"excerpt":{"rendered":"<p><strong><b>Introduction de <\/b><\/strong><strong><b>Ensemble de v\u00eatements et pantalons de protection pour le nettoyage des \u00e9changeurs de chaleur par hydrojet de haute qualit\u00e9 \u00e0 3000 bars (fournisseur chinois).<\/b><\/strong><\/p>\n<p><strong><b>Pompe \u00e0 piston triplex haute qualit\u00e9 2800 bars pour le nettoyage au jet d&#039;eau haute pression. <\/b><\/strong><strong><b>Les v\u00eatements et \u00e9quipements de protection pour le nettoyage \u00e0 l&#039;eau haute pression sont <\/b><\/strong><strong><b>fonctionnalit\u00e9<\/b><\/strong><strong><b>d<\/b><\/strong><strong><b>\u00a0<\/b><\/strong><strong><b>de haute qualit\u00e9<\/b><\/strong><strong><b>\u00a0force et <\/b><\/strong><strong><b>long <\/b><\/strong><strong><b>durabilit\u00e9, <\/b><\/strong><strong><b>Respirabilit\u00e9<\/b><\/strong><strong><b>, <\/b><\/strong><strong><b>Protection de haut niveau en termes de <\/b><\/strong><strong><b>r\u00e9sistance \u00e0 la moisissure, r\u00e9sistance \u00e0 l&#039;eau<\/b><\/strong><strong><b>.<\/b><\/strong><\/p>\n<div style=\"width: 1220px;\" class=\"wp-video\"><video class=\"wp-video-shortcode\" id=\"video-1323-1\" width=\"1220\" height=\"686\" preload=\"metadata\" controls=\"controls\"><source type=\"video\/mp4\" src=\"https:\/\/panwinjet.com\/wp-content\/uploads\/2025\/09\/Cooler-Video.mp4?_=1\" \/><a href=\"https:\/\/panwinjet.com\/wp-content\/uploads\/2025\/09\/Cooler-Video.mp4\">https:\/\/panwinjet.com\/wp-content\/uploads\/2025\/09\/Cooler-Video.mp4<\/a><\/video><\/div>\n<p>&nbsp;<\/p>\n<p><strong><b>\u00a0<\/b><\/strong><\/p>\n<p>&nbsp;<\/p>\n<p><strong><b>\u00a0Sp\u00e9cifications du fournisseur chinois\u00a0: ensemble de protection (v\u00eatements et pantalons) pour le nettoyage des \u00e9changeurs de chaleur par hydrojet 3000\u00a0bars de haute qualit\u00e9.<\/b><\/strong><\/p>\n<p>Notre fournisseur chinois propose un ensemble de v\u00eatements et de pantalons de protection de haute qualit\u00e9 pour le nettoyage des \u00e9changeurs de chaleur par hydrojet \u00e0 3000 bars.<\/p>\n<p><strong><b>Les combinaisons de niveau de pression de 2800 bars sont l\u00e9g\u00e8res et flexibles, et con\u00e7ues pour conserver leur r\u00e9sistance, leur stabilit\u00e9 dimensionnelle et leur couleur dans des conditions extr\u00eames et en cas d&#039;accident afin de prot\u00e9ger l&#039;op\u00e9ration et de sauver des vies.<\/b><\/strong><\/p>\n<p><strong><b>Machine de nettoyage de canalisations par jet d&#039;eau haute pression UHP 40 000 psi d&#039;excellente qualit\u00e9. Couleurs de protection UHP disponibles en versions \u00e0 couverture standard et \u00e0 couverture compl\u00e8te.<\/b><\/strong><\/p>","protected":false},"featured_media":1331,"template":"","meta":[],"product_brand":[],"product_cat":[11],"product_tag":[],"class_list":{"0":"post-1323","1":"product","2":"type-product","3":"status-publish","4":"has-post-thumbnail","6":"product_cat-ship-cleaning-device","8":"first","9":"instock","10":"shipping-taxable","11":"product-type-simple"},"yoast_head":"<!-- This site is optimized with the Yoast SEO plugin v24.9 - https:\/\/yoast.com\/wordpress\/plugins\/seo\/ -->\n<title>China Supplier High Quality 3000Bar Hydro-jet Blasting heat exchangers cleaning protective PPE Cloth&amp;Trousers suite - Panwin Machinery&amp;Equipment<\/title>\n<meta name=\"robots\" content=\"index, follow, max-snippet:-1, max-image-preview:large, max-video-preview:-1\" \/>\n<link rel=\"canonical\" href=\"https:\/\/panwinjet.com\/fr\/produit\/china-supplier-high-quality-3000bar-hydro-jet-blasting-heat-exchangers-cleaning-protective-ppe-clothtrousers-suite\/\" \/>\n<meta property=\"og:locale\" content=\"fr_FR\" \/>\n<meta property=\"og:type\" content=\"article\" \/>\n<meta property=\"og:title\" content=\"China Supplier High Quality 3000Bar Hydro-jet Blasting heat exchangers cleaning protective PPE Cloth&amp;Trousers suite - Panwin Machinery&amp;Equipment\" \/>\n<meta property=\"og:description\" content=\"Introduction of China Supplier High Quality 3000Bar Hydro-jet Blasting heat exchangers cleaning protective Cloth&amp;Trousers suite  High Quality 2800Bar triplex plunger pump Water Blasting high pressure water jet cleaning Operation Protective Clothing and garment for High Pressure Water Blasting is featured\u00a0high-grade\u00a0strength and long durability, Breath-ability, High level protection in term of mildew resistance, water resistance.    &nbsp;  \u00a0  &nbsp;  \u00a0Parameter (Specification) of China Supplier High Quality 3000Bar Hydro-jet Blasting heat exchangers cleaning protective Cloth&amp;Trousers suite  Our China Supplier High Quality 3000Bar Hydro-jet Blasting heat exchangers cleaning protective Cloth&amp;Trousers suite  The whole 2800Bar Pressure Rate level Suits are lightweight and flexible, and designed to retain their strength, dimensional stability, and color in severe conditions and accidence to protect the operation and save life.  Excellent Quality 40000psi UHP high pressure water blast hydro jet drain machine cleaning protective UHP Protective colors are available in standard coverage and full coverage styles.\" \/>\n<meta property=\"og:url\" content=\"https:\/\/panwinjet.com\/fr\/produit\/china-supplier-high-quality-3000bar-hydro-jet-blasting-heat-exchangers-cleaning-protective-ppe-clothtrousers-suite\/\" \/>\n<meta property=\"og:site_name\" content=\"Panwin Machinery&amp;Equipment\" \/>\n<meta property=\"article:modified_time\" content=\"2025-09-23T14:50:51+00:00\" \/>\n<meta property=\"og:image\" content=\"https:\/\/panwinjet.com\/wp-content\/uploads\/2025\/09\/typc-c-7-1.png\" \/>\n\t<meta property=\"og:image:width\" content=\"264\" \/>\n\t<meta property=\"og:image:height\" content=\"668\" \/>\n\t<meta property=\"og:image:type\" content=\"image\/png\" \/>\n<meta name=\"twitter:card\" content=\"summary_large_image\" \/>\n<meta name=\"twitter:label1\" content=\"Dur\u00e9e de lecture estim\u00e9e\" \/>\n\t<meta name=\"twitter:data1\" content=\"2 minutes\" \/>\n<script type=\"application\/ld+json\" class=\"yoast-schema-graph\">{\"@context\":\"https:\/\/schema.org\",\"@graph\":[{\"@type\":\"WebPage\",\"@id\":\"https:\/\/panwinjet.com\/product\/china-supplier-high-quality-3000bar-hydro-jet-blasting-heat-exchangers-cleaning-protective-ppe-clothtrousers-suite\/\",\"url\":\"https:\/\/panwinjet.com\/product\/china-supplier-high-quality-3000bar-hydro-jet-blasting-heat-exchangers-cleaning-protective-ppe-clothtrousers-suite\/\",\"name\":\"China Supplier High Quality 3000Bar Hydro-jet Blasting heat exchangers cleaning protective PPE Cloth&Trousers suite - Panwin Machinery&amp;Equipment\",\"isPartOf\":{\"@id\":\"https:\/\/panwinjet.com\/#website\"},\"primaryImageOfPage\":{\"@id\":\"https:\/\/panwinjet.com\/product\/china-supplier-high-quality-3000bar-hydro-jet-blasting-heat-exchangers-cleaning-protective-ppe-clothtrousers-suite\/#primaryimage\"},\"image\":{\"@id\":\"https:\/\/panwinjet.com\/product\/china-supplier-high-quality-3000bar-hydro-jet-blasting-heat-exchangers-cleaning-protective-ppe-clothtrousers-suite\/#primaryimage\"},\"thumbnailUrl\":\"https:\/\/panwinjet.com\/wp-content\/uploads\/2025\/09\/typc-c-7-1.png\",\"datePublished\":\"2025-09-23T14:37:49+00:00\",\"dateModified\":\"2025-09-23T14:50:51+00:00\",\"breadcrumb\":{\"@id\":\"https:\/\/panwinjet.com\/product\/china-supplier-high-quality-3000bar-hydro-jet-blasting-heat-exchangers-cleaning-protective-ppe-clothtrousers-suite\/#breadcrumb\"},\"inLanguage\":\"fr-FR\",\"potentialAction\":[{\"@type\":\"ReadAction\",\"target\":[\"https:\/\/panwinjet.com\/product\/china-supplier-high-quality-3000bar-hydro-jet-blasting-heat-exchangers-cleaning-protective-ppe-clothtrousers-suite\/\"]}]},{\"@type\":\"ImageObject\",\"inLanguage\":\"fr-FR\",\"@id\":\"https:\/\/panwinjet.com\/product\/china-supplier-high-quality-3000bar-hydro-jet-blasting-heat-exchangers-cleaning-protective-ppe-clothtrousers-suite\/#primaryimage\",\"url\":\"https:\/\/panwinjet.com\/wp-content\/uploads\/2025\/09\/typc-c-7-1.png\",\"contentUrl\":\"https:\/\/panwinjet.com\/wp-content\/uploads\/2025\/09\/typc-c-7-1.png\",\"width\":264,\"height\":668},{\"@type\":\"BreadcrumbList\",\"@id\":\"https:\/\/panwinjet.com\/product\/china-supplier-high-quality-3000bar-hydro-jet-blasting-heat-exchangers-cleaning-protective-ppe-clothtrousers-suite\/#breadcrumb\",\"itemListElement\":[{\"@type\":\"ListItem\",\"position\":1,\"name\":\"\u9996\u9875\",\"item\":\"https:\/\/panwinjet.com\/\"},{\"@type\":\"ListItem\",\"position\":2,\"name\":\"PRODUCT\",\"item\":\"https:\/\/panwinjet.com\/product\/\"},{\"@type\":\"ListItem\",\"position\":3,\"name\":\"China Supplier High Quality 3000Bar Hydro-jet Blasting heat exchangers cleaning protective PPE Cloth&#038;Trousers suite\"}]},{\"@type\":\"WebSite\",\"@id\":\"https:\/\/panwinjet.com\/#website\",\"url\":\"https:\/\/panwinjet.com\/\",\"name\":\"Panwin Machinery&amp;Equipment\",\"description\":\"Shenzhen Panwin Machinery&amp;Equipment Co.Ltd\",\"potentialAction\":[{\"@type\":\"SearchAction\",\"target\":{\"@type\":\"EntryPoint\",\"urlTemplate\":\"https:\/\/panwinjet.com\/?s={search_term_string}\"},\"query-input\":{\"@type\":\"PropertyValueSpecification\",\"valueRequired\":true,\"valueName\":\"search_term_string\"}}],\"inLanguage\":\"fr-FR\"}]}<\/script>\n<!-- \/ Yoast SEO plugin. -->","yoast_head_json":{"title":"China Supplier High Quality 3000Bar Hydro-jet Blasting heat exchangers cleaning protective PPE Cloth&Trousers suite - Panwin Machinery&amp;Equipment","robots":{"index":"index","follow":"follow","max-snippet":"max-snippet:-1","max-image-preview":"max-image-preview:large","max-video-preview":"max-video-preview:-1"},"canonical":"https:\/\/panwinjet.com\/fr\/produit\/china-supplier-high-quality-3000bar-hydro-jet-blasting-heat-exchangers-cleaning-protective-ppe-clothtrousers-suite\/","og_locale":"fr_FR","og_type":"article","og_title":"China Supplier High Quality 3000Bar Hydro-jet Blasting heat exchangers cleaning protective PPE Cloth&Trousers suite - Panwin Machinery&amp;Equipment","og_description":"Introduction of China Supplier High Quality 3000Bar Hydro-jet Blasting heat exchangers cleaning protective Cloth&amp;Trousers suite  High Quality 2800Bar triplex plunger pump Water Blasting high pressure water jet cleaning Operation Protective Clothing and garment for High Pressure Water Blasting is featured\u00a0high-grade\u00a0strength and long durability, Breath-ability, High level protection in term of mildew resistance, water resistance.    &nbsp;  \u00a0  &nbsp;  \u00a0Parameter (Specification) of China Supplier High Quality 3000Bar Hydro-jet Blasting heat exchangers cleaning protective Cloth&amp;Trousers suite  Our China Supplier High Quality 3000Bar Hydro-jet Blasting heat exchangers cleaning protective Cloth&amp;Trousers suite  The whole 2800Bar Pressure Rate level Suits are lightweight and flexible, and designed to retain their strength, dimensional stability, and color in severe conditions and accidence to protect the operation and save life.  Excellent Quality 40000psi UHP high pressure water blast hydro jet drain machine cleaning protective UHP Protective colors are available in standard coverage and full coverage styles.","og_url":"https:\/\/panwinjet.com\/fr\/produit\/china-supplier-high-quality-3000bar-hydro-jet-blasting-heat-exchangers-cleaning-protective-ppe-clothtrousers-suite\/","og_site_name":"Panwin Machinery&amp;Equipment","article_modified_time":"2025-09-23T14:50:51+00:00","og_image":[{"width":264,"height":668,"url":"https:\/\/panwinjet.com\/wp-content\/uploads\/2025\/09\/typc-c-7-1.png","type":"image\/png"}],"twitter_card":"summary_large_image","twitter_misc":{"Dur\u00e9e de lecture estim\u00e9e":"2 minutes"},"schema":{"@context":"https:\/\/schema.org","@graph":[{"@type":"WebPage","@id":"https:\/\/panwinjet.com\/product\/china-supplier-high-quality-3000bar-hydro-jet-blasting-heat-exchangers-cleaning-protective-ppe-clothtrousers-suite\/","url":"https:\/\/panwinjet.com\/product\/china-supplier-high-quality-3000bar-hydro-jet-blasting-heat-exchangers-cleaning-protective-ppe-clothtrousers-suite\/","name":"China Supplier High Quality 3000Bar Hydro-jet Blasting heat exchangers cleaning protective PPE Cloth&Trousers suite - Panwin Machinery&amp;Equipment","isPartOf":{"@id":"https:\/\/panwinjet.com\/#website"},"primaryImageOfPage":{"@id":"https:\/\/panwinjet.com\/product\/china-supplier-high-quality-3000bar-hydro-jet-blasting-heat-exchangers-cleaning-protective-ppe-clothtrousers-suite\/#primaryimage"},"image":{"@id":"https:\/\/panwinjet.com\/product\/china-supplier-high-quality-3000bar-hydro-jet-blasting-heat-exchangers-cleaning-protective-ppe-clothtrousers-suite\/#primaryimage"},"thumbnailUrl":"https:\/\/panwinjet.com\/wp-content\/uploads\/2025\/09\/typc-c-7-1.png","datePublished":"2025-09-23T14:37:49+00:00","dateModified":"2025-09-23T14:50:51+00:00","breadcrumb":{"@id":"https:\/\/panwinjet.com\/product\/china-supplier-high-quality-3000bar-hydro-jet-blasting-heat-exchangers-cleaning-protective-ppe-clothtrousers-suite\/#breadcrumb"},"inLanguage":"fr-FR","potentialAction":[{"@type":"ReadAction","target":["https:\/\/panwinjet.com\/product\/china-supplier-high-quality-3000bar-hydro-jet-blasting-heat-exchangers-cleaning-protective-ppe-clothtrousers-suite\/"]}]},{"@type":"ImageObject","inLanguage":"fr-FR","@id":"https:\/\/panwinjet.com\/product\/china-supplier-high-quality-3000bar-hydro-jet-blasting-heat-exchangers-cleaning-protective-ppe-clothtrousers-suite\/#primaryimage","url":"https:\/\/panwinjet.com\/wp-content\/uploads\/2025\/09\/typc-c-7-1.png","contentUrl":"https:\/\/panwinjet.com\/wp-content\/uploads\/2025\/09\/typc-c-7-1.png","width":264,"height":668},{"@type":"BreadcrumbList","@id":"https:\/\/panwinjet.com\/product\/china-supplier-high-quality-3000bar-hydro-jet-blasting-heat-exchangers-cleaning-protective-ppe-clothtrousers-suite\/#breadcrumb","itemListElement":[{"@type":"ListItem","position":1,"name":"\u9996\u9875","item":"https:\/\/panwinjet.com\/"},{"@type":"ListItem","position":2,"name":"PRODUCT","item":"https:\/\/panwinjet.com\/product\/"},{"@type":"ListItem","position":3,"name":"China Supplier High Quality 3000Bar Hydro-jet Blasting heat exchangers cleaning protective PPE Cloth&#038;Trousers suite"}]},{"@type":"WebSite","@id":"https:\/\/panwinjet.com\/#website","url":"https:\/\/panwinjet.com\/","name":"Panwin Machinery&amp;Equipment","description":"Shenzhen Panwin Machinery&amp;Equipment Co.Ltd","potentialAction":[{"@type":"SearchAction","target":{"@type":"EntryPoint","urlTemplate":"https:\/\/panwinjet.com\/?s={search_term_string}"},"query-input":{"@type":"PropertyValueSpecification","valueRequired":true,"valueName":"search_term_string"}}],"inLanguage":"fr-FR"}]}},"_links":{"self":[{"href":"https:\/\/panwinjet.com\/fr\/wp-json\/wp\/v2\/product\/1323","targetHints":{"allow":["GET"]}}],"collection":[{"href":"https:\/\/panwinjet.com\/fr\/wp-json\/wp\/v2\/product"}],"about":[{"href":"https:\/\/panwinjet.com\/fr\/wp-json\/wp\/v2\/types\/product"}],"wp:featuredmedia":[{"embeddable":true,"href":"https:\/\/panwinjet.com\/fr\/wp-json\/wp\/v2\/media\/1331"}],"wp:attachment":[{"href":"https:\/\/panwinjet.com\/fr\/wp-json\/wp\/v2\/media?parent=1323"}],"wp:term":[{"taxonomy":"product_brand","embeddable":true,"href":"https:\/\/panwinjet.com\/fr\/wp-json\/wp\/v2\/product_brand?post=1323"},{"taxonomy":"product_cat","embeddable":true,"href":"https:\/\/panwinjet.com\/fr\/wp-json\/wp\/v2\/product_cat?post=1323"},{"taxonomy":"product_tag","embeddable":true,"href":"https:\/\/panwinjet.com\/fr\/wp-json\/wp\/v2\/product_tag?post=1323"}],"curies":[{"name":"wp","href":"https:\/\/api.w.org\/{rel}","templated":true}]}}