{"id":1313,"date":"2025-09-23T14:28:30","date_gmt":"2025-09-23T14:28:30","guid":{"rendered":"https:\/\/panwinjet.com\/?post_type=product&#038;p=1313"},"modified":"2025-09-23T14:53:31","modified_gmt":"2025-09-23T14:53:31","slug":"excellent-quality-40000psi-uhp-high-pressure-water-blast-hydro-jet-drain-machine-cleaning-protective-uhp-protective-colors","status":"publish","type":"product","link":"https:\/\/panwinjet.com\/fr\/produit\/excellent-quality-40000psi-uhp-high-pressure-water-blast-hydro-jet-drain-machine-cleaning-protective-uhp-protective-colors\/","title":{"rendered":"Machine de nettoyage de canalisations \u00e0 jet d&#039;eau haute pression UHP 40\u00a0000 psi d&#039;excellente qualit\u00e9, avec protection et couleurs protectrices."},"content":{"rendered":"<p><strong><b>Caract\u00e9ristiques et applications de<\/b><\/strong><strong><b>Machine de nettoyage de canalisations \u00e0 jet d&#039;eau haute pression UHP 40\u00a0000 psi d&#039;excellente qualit\u00e9, avec protection et couleurs protectrices.<\/b><\/strong><\/p>\n<p><strong><b>Il s&#039;agit d&#039;une pression de 2800 bars <\/b><\/strong><strong><b>\u00c9valuation : <\/b><\/strong><strong><b>Combinaison de protection UHP pour le nettoyage \u00e0 l&#039;eau <\/b><\/strong><strong><b>Peut fournir du menton aux orteils<\/b><\/strong><strong><b>\u00a0<\/b><\/strong><strong><b>protection contre les blessures possibles dues <\/b><\/strong><\/p>\n<p><strong><b>jets d&#039;eau accidentels \u00e0 haute pression associ\u00e9s au nettoyage \u00e0 l&#039;eau<\/b><\/strong><strong><b>.<\/b><\/strong><\/p>\n<div style=\"width: 720px;\" class=\"wp-video\"><video class=\"wp-video-shortcode\" id=\"video-1313-1\" width=\"720\" height=\"1280\" preload=\"metadata\" controls=\"controls\"><source type=\"video\/mp4\" src=\"https:\/\/panwinjet.com\/wp-content\/uploads\/2025\/09\/Trouser.mp4?_=1\" \/><a href=\"https:\/\/panwinjet.com\/wp-content\/uploads\/2025\/09\/Trouser.mp4\">https:\/\/panwinjet.com\/wp-content\/uploads\/2025\/09\/Trouser.mp4<\/a><\/video><\/div>\n<p><strong><b>Coutume<\/b><\/strong><strong><b>er<\/b><\/strong><strong><b>\u00a0Ensemble de protection (chiffon et pantalon) pour le nettoyage des \u00e9changeurs de chaleur par hydrojet 3000 bars, fourni par un fournisseur chinois de haute qualit\u00e9.<\/b><\/strong><strong><b>\u00a0sont <\/b><\/strong><strong><b>Disponible dans une vari\u00e9t\u00e9 de mod\u00e8les standards et<\/b><\/strong><strong><b>\u00a0<\/b><\/strong><strong><b>Des tailles sur mesure pour plus de confort<\/b><\/strong><strong><b>\u00a0<\/b><\/strong><strong><b>et la mobilit\u00e9. L&#039;ensemble complet est compos\u00e9 d&#039;un bracelet.<\/b><\/strong><strong><b>Protection de cou UHP, veste, tablier, manchon, couvre-bottes<\/b><\/strong><strong><b>\u2013 \u00e9galement vendu s\u00e9par\u00e9ment.<\/b><\/strong><\/p>\n<p><strong><b>\u00a0<\/b><\/strong><\/p>\n<p><strong><b>Nous <\/b><\/strong><strong><b>Gaine de protection pour tuyau de nettoyage \u00e0 haute pression hydrostatique<\/b><\/strong><strong><b>\u00a0Fabriqu\u00e9 \u00e0 partir de mat\u00e9riaux haute performance et haute densit\u00e9, il est con\u00e7u pour des conditions de projection d&#039;eau \u00e0 pression maximale de 300 MPa ; des tests ont \u00e9t\u00e9 effectu\u00e9s pour d\u00e9montrer ses performances de protection.<\/b><\/strong><\/p>\n<p><strong><b>Note:<\/b><\/strong><strong><b>Ce r\u00e9sultat correspond \u00e0 un r\u00e9sultat de test r\u00e9alis\u00e9 dans certaines conditions. Il est bas\u00e9 sur des donn\u00e9es techniques. <\/b><\/strong><strong><b>notre manchon de protection <\/b><\/strong><strong><b>Consid\u00e9r\u00e9 comme fiable, il sera r\u00e9vis\u00e9 en fonction des connaissances et de l&#039;exp\u00e9rience acquises lors de son utilisation sp\u00e9cifique. <\/b><\/strong><strong><b>Panwin Protective<\/b><\/strong><strong><b>\u00a0ne garantit aucun r\u00e9sultat et n&#039;assume aucune obligation ni responsabilit\u00e9 concernant ce v\u00eatement.<\/b><\/strong><\/p>","protected":false},"excerpt":{"rendered":"<p><strong><b>Introduction de <\/b><\/strong><strong><b>Machine de nettoyage de canalisations \u00e0 jet d&#039;eau haute pression UHP 40\u00a0000 psi d&#039;excellente qualit\u00e9, avec protection et couleurs protectrices. <\/b><\/strong><strong><b>Machine de nettoyage de canalisations \u00e0 jet d&#039;eau haute pression UHP 40\u00a0000 psi d&#039;excellente qualit\u00e9, avec protection et couleurs protectrices.<\/b><\/strong><strong><b>\u00a0pour le nettoyage \u00e0 l&#039;eau haute pression <\/b><\/strong><strong><b>fonctionnalit\u00e9<\/b><\/strong><strong><b>d<\/b><\/strong><strong><b>\u00a0<\/b><\/strong><strong><b>de haute qualit\u00e9<\/b><\/strong><strong><b>\u00a0force et <\/b><\/strong><strong><b>long <\/b><\/strong><strong><b>durabilit\u00e9, <\/b><\/strong><strong><b>Respirabilit\u00e9<\/b><\/strong><strong><b>, <\/b><\/strong><strong><b>Protection de haut niveau en termes de <\/b><\/strong><strong><b>r\u00e9sistance \u00e0 la moisissure, r\u00e9sistance \u00e0 l&#039;eau<\/b><\/strong><strong><b>.<\/b><\/strong><\/p>\n<p><img decoding=\"async\" class=\"alignleft size-medium wp-image-1322 lazyload\" data-src=\"https:\/\/panwinjet.com\/wp-content\/uploads\/2025\/09\/Type-A-3-214x500.png\" alt=\"\" width=\"214\" height=\"500\" data-srcset=\"https:\/\/panwinjet.com\/wp-content\/uploads\/2025\/09\/Type-A-3-214x500.png 214w, https:\/\/panwinjet.com\/wp-content\/uploads\/2025\/09\/Type-A-3-128x300.png 128w, https:\/\/panwinjet.com\/wp-content\/uploads\/2025\/09\/Type-A-3-32x75.png 32w, https:\/\/panwinjet.com\/wp-content\/uploads\/2025\/09\/Type-A-3.png 381w\" data-sizes=\"(max-width:767px) 214px, 214px\" src=\"data:image\/svg+xml;base64,PHN2ZyB3aWR0aD0iMSIgaGVpZ2h0PSIxIiB4bWxucz0iaHR0cDovL3d3dy53My5vcmcvMjAwMC9zdmciPjwvc3ZnPg==\" style=\"--smush-placeholder-width: 214px; --smush-placeholder-aspect-ratio: 214\/500;\" \/><\/p>\n<p>&nbsp;<\/p>\n<p><strong><b>\u00a0<\/b><\/strong><\/p>\n<p>&nbsp;<\/p>\n<p><strong><b>Param\u00e8tre (sp\u00e9cification) de<\/b><\/strong><strong><b>\u00a0<\/b><\/strong><strong><b>Machine de nettoyage de canalisations \u00e0 jet d&#039;eau haute pression UHP 40\u00a0000 psi d&#039;excellente qualit\u00e9, avec protection et couleurs protectrices.<\/b><\/strong><\/p>\n<p>Notre machine de nettoyage de canalisations \u00e0 jet d&#039;eau haute pression UHP 40\u00a0000 psi d&#039;excellente qualit\u00e9 offre une protection optimale gr\u00e2ce \u00e0 ses couleurs protectrices.<\/p>\n<p><strong><b>Les combinaisons de niveau de pression de 2800 bars sont l\u00e9g\u00e8res et flexibles, et con\u00e7ues pour conserver leur r\u00e9sistance, leur stabilit\u00e9 dimensionnelle et leur couleur dans des conditions extr\u00eames et en cas d&#039;accident afin de prot\u00e9ger l&#039;op\u00e9ration et de sauver des vies.<\/b><\/strong><\/p>\n<p><strong><b>Machine de nettoyage de canalisations par jet d&#039;eau haute pression UHP 40 000 psi d&#039;excellente qualit\u00e9. Couleurs de protection UHP disponibles en versions \u00e0 couverture standard et \u00e0 couverture compl\u00e8te.<\/b><\/strong><\/p>","protected":false},"featured_media":1321,"template":"","meta":[],"product_brand":[],"product_cat":[11],"product_tag":[31],"class_list":{"0":"post-1313","1":"product","2":"type-product","3":"status-publish","4":"has-post-thumbnail","6":"product_cat-ship-cleaning-device","7":"product_tag-2800bar-hydro-jet-ppe","9":"first","10":"instock","11":"shipping-taxable","12":"product-type-simple"},"yoast_head":"<!-- This site is optimized with the Yoast SEO plugin v24.9 - https:\/\/yoast.com\/wordpress\/plugins\/seo\/ -->\n<title>Excellent Quality 40000psi UHP high pressure water blast hydro jet drain machine cleaning protective UHP Protective colors - Panwin Machinery&amp;Equipment<\/title>\n<meta name=\"robots\" content=\"index, follow, max-snippet:-1, max-image-preview:large, max-video-preview:-1\" \/>\n<link rel=\"canonical\" href=\"https:\/\/panwinjet.com\/fr\/produit\/excellent-quality-40000psi-uhp-high-pressure-water-blast-hydro-jet-drain-machine-cleaning-protective-uhp-protective-colors\/\" \/>\n<meta property=\"og:locale\" content=\"fr_FR\" \/>\n<meta property=\"og:type\" content=\"article\" \/>\n<meta property=\"og:title\" content=\"Excellent Quality 40000psi UHP high pressure water blast hydro jet drain machine cleaning protective UHP Protective colors - Panwin Machinery&amp;Equipment\" \/>\n<meta property=\"og:description\" content=\"Introduction of Excellent Quality 40000psi UHP high pressure water blast hydro jet drain machine cleaning protective UHP Protective colors Excellent Quality 40000psi UHP high pressure water blast hydro jet drain machine cleaning protective UHP Protective colors\u00a0for High Pressure Water Blasting is featured\u00a0high-grade\u00a0strength and long durability, Breath-ability, High level protection in term of mildew resistance, water resistance.    &nbsp;  \u00a0  &nbsp;  Parameter (Specification) of\u00a0Excellent Quality 40000psi UHP high pressure water blast hydro jet drain machine cleaning protective UHP Protective colors  Our Excellent Quality 40000psi UHP high pressure water blast hydro jet drain machine cleaning protective UHP Protective colors  The whole 2800Bar Pressure Rate level Suits are lightweight and flexible, and designed to retain their strength, dimensional stability, and color in severe conditions and accidence to protect the operation and save life.  Excellent Quality 40000psi UHP high pressure water blast hydro jet drain machine cleaning protective UHP Protective colors are available in standard coverage and full coverage styles.\" \/>\n<meta property=\"og:url\" content=\"https:\/\/panwinjet.com\/fr\/produit\/excellent-quality-40000psi-uhp-high-pressure-water-blast-hydro-jet-drain-machine-cleaning-protective-uhp-protective-colors\/\" \/>\n<meta property=\"og:site_name\" content=\"Panwin Machinery&amp;Equipment\" \/>\n<meta property=\"article:modified_time\" content=\"2025-09-23T14:53:31+00:00\" \/>\n<meta property=\"og:image\" content=\"https:\/\/panwinjet.com\/wp-content\/uploads\/2025\/09\/Type-A-5.png\" \/>\n\t<meta property=\"og:image:width\" content=\"454\" \/>\n\t<meta property=\"og:image:height\" content=\"731\" \/>\n\t<meta property=\"og:image:type\" content=\"image\/png\" \/>\n<meta name=\"twitter:card\" content=\"summary_large_image\" \/>\n<meta name=\"twitter:label1\" content=\"Dur\u00e9e de lecture estim\u00e9e\" \/>\n\t<meta name=\"twitter:data1\" content=\"2 minutes\" \/>\n<script type=\"application\/ld+json\" class=\"yoast-schema-graph\">{\"@context\":\"https:\/\/schema.org\",\"@graph\":[{\"@type\":\"WebPage\",\"@id\":\"https:\/\/panwinjet.com\/product\/excellent-quality-40000psi-uhp-high-pressure-water-blast-hydro-jet-drain-machine-cleaning-protective-uhp-protective-colors\/\",\"url\":\"https:\/\/panwinjet.com\/product\/excellent-quality-40000psi-uhp-high-pressure-water-blast-hydro-jet-drain-machine-cleaning-protective-uhp-protective-colors\/\",\"name\":\"Excellent Quality 40000psi UHP high pressure water blast hydro jet drain machine cleaning protective UHP Protective colors - Panwin Machinery&amp;Equipment\",\"isPartOf\":{\"@id\":\"https:\/\/panwinjet.com\/#website\"},\"primaryImageOfPage\":{\"@id\":\"https:\/\/panwinjet.com\/product\/excellent-quality-40000psi-uhp-high-pressure-water-blast-hydro-jet-drain-machine-cleaning-protective-uhp-protective-colors\/#primaryimage\"},\"image\":{\"@id\":\"https:\/\/panwinjet.com\/product\/excellent-quality-40000psi-uhp-high-pressure-water-blast-hydro-jet-drain-machine-cleaning-protective-uhp-protective-colors\/#primaryimage\"},\"thumbnailUrl\":\"https:\/\/panwinjet.com\/wp-content\/uploads\/2025\/09\/Type-A-5.png\",\"datePublished\":\"2025-09-23T14:28:30+00:00\",\"dateModified\":\"2025-09-23T14:53:31+00:00\",\"breadcrumb\":{\"@id\":\"https:\/\/panwinjet.com\/product\/excellent-quality-40000psi-uhp-high-pressure-water-blast-hydro-jet-drain-machine-cleaning-protective-uhp-protective-colors\/#breadcrumb\"},\"inLanguage\":\"fr-FR\",\"potentialAction\":[{\"@type\":\"ReadAction\",\"target\":[\"https:\/\/panwinjet.com\/product\/excellent-quality-40000psi-uhp-high-pressure-water-blast-hydro-jet-drain-machine-cleaning-protective-uhp-protective-colors\/\"]}]},{\"@type\":\"ImageObject\",\"inLanguage\":\"fr-FR\",\"@id\":\"https:\/\/panwinjet.com\/product\/excellent-quality-40000psi-uhp-high-pressure-water-blast-hydro-jet-drain-machine-cleaning-protective-uhp-protective-colors\/#primaryimage\",\"url\":\"https:\/\/panwinjet.com\/wp-content\/uploads\/2025\/09\/Type-A-5.png\",\"contentUrl\":\"https:\/\/panwinjet.com\/wp-content\/uploads\/2025\/09\/Type-A-5.png\",\"width\":454,\"height\":731},{\"@type\":\"BreadcrumbList\",\"@id\":\"https:\/\/panwinjet.com\/product\/excellent-quality-40000psi-uhp-high-pressure-water-blast-hydro-jet-drain-machine-cleaning-protective-uhp-protective-colors\/#breadcrumb\",\"itemListElement\":[{\"@type\":\"ListItem\",\"position\":1,\"name\":\"\u9996\u9875\",\"item\":\"https:\/\/panwinjet.com\/\"},{\"@type\":\"ListItem\",\"position\":2,\"name\":\"PRODUCT\",\"item\":\"https:\/\/panwinjet.com\/product\/\"},{\"@type\":\"ListItem\",\"position\":3,\"name\":\"Excellent Quality 40000psi UHP high pressure water blast hydro jet drain machine cleaning protective UHP Protective colors\"}]},{\"@type\":\"WebSite\",\"@id\":\"https:\/\/panwinjet.com\/#website\",\"url\":\"https:\/\/panwinjet.com\/\",\"name\":\"Panwin Machinery&amp;Equipment\",\"description\":\"Shenzhen Panwin Machinery&amp;Equipment Co.Ltd\",\"potentialAction\":[{\"@type\":\"SearchAction\",\"target\":{\"@type\":\"EntryPoint\",\"urlTemplate\":\"https:\/\/panwinjet.com\/?s={search_term_string}\"},\"query-input\":{\"@type\":\"PropertyValueSpecification\",\"valueRequired\":true,\"valueName\":\"search_term_string\"}}],\"inLanguage\":\"fr-FR\"}]}<\/script>\n<!-- \/ Yoast SEO plugin. -->","yoast_head_json":{"title":"Excellent Quality 40000psi UHP high pressure water blast hydro jet drain machine cleaning protective UHP Protective colors - Panwin Machinery&amp;Equipment","robots":{"index":"index","follow":"follow","max-snippet":"max-snippet:-1","max-image-preview":"max-image-preview:large","max-video-preview":"max-video-preview:-1"},"canonical":"https:\/\/panwinjet.com\/fr\/produit\/excellent-quality-40000psi-uhp-high-pressure-water-blast-hydro-jet-drain-machine-cleaning-protective-uhp-protective-colors\/","og_locale":"fr_FR","og_type":"article","og_title":"Excellent Quality 40000psi UHP high pressure water blast hydro jet drain machine cleaning protective UHP Protective colors - Panwin Machinery&amp;Equipment","og_description":"Introduction of Excellent Quality 40000psi UHP high pressure water blast hydro jet drain machine cleaning protective UHP Protective colors Excellent Quality 40000psi UHP high pressure water blast hydro jet drain machine cleaning protective UHP Protective colors\u00a0for High Pressure Water Blasting is featured\u00a0high-grade\u00a0strength and long durability, Breath-ability, High level protection in term of mildew resistance, water resistance.    &nbsp;  \u00a0  &nbsp;  Parameter (Specification) of\u00a0Excellent Quality 40000psi UHP high pressure water blast hydro jet drain machine cleaning protective UHP Protective colors  Our Excellent Quality 40000psi UHP high pressure water blast hydro jet drain machine cleaning protective UHP Protective colors  The whole 2800Bar Pressure Rate level Suits are lightweight and flexible, and designed to retain their strength, dimensional stability, and color in severe conditions and accidence to protect the operation and save life.  Excellent Quality 40000psi UHP high pressure water blast hydro jet drain machine cleaning protective UHP Protective colors are available in standard coverage and full coverage styles.","og_url":"https:\/\/panwinjet.com\/fr\/produit\/excellent-quality-40000psi-uhp-high-pressure-water-blast-hydro-jet-drain-machine-cleaning-protective-uhp-protective-colors\/","og_site_name":"Panwin Machinery&amp;Equipment","article_modified_time":"2025-09-23T14:53:31+00:00","og_image":[{"width":454,"height":731,"url":"https:\/\/panwinjet.com\/wp-content\/uploads\/2025\/09\/Type-A-5.png","type":"image\/png"}],"twitter_card":"summary_large_image","twitter_misc":{"Dur\u00e9e de lecture estim\u00e9e":"2 minutes"},"schema":{"@context":"https:\/\/schema.org","@graph":[{"@type":"WebPage","@id":"https:\/\/panwinjet.com\/product\/excellent-quality-40000psi-uhp-high-pressure-water-blast-hydro-jet-drain-machine-cleaning-protective-uhp-protective-colors\/","url":"https:\/\/panwinjet.com\/product\/excellent-quality-40000psi-uhp-high-pressure-water-blast-hydro-jet-drain-machine-cleaning-protective-uhp-protective-colors\/","name":"Excellent Quality 40000psi UHP high pressure water blast hydro jet drain machine cleaning protective UHP Protective colors - Panwin Machinery&amp;Equipment","isPartOf":{"@id":"https:\/\/panwinjet.com\/#website"},"primaryImageOfPage":{"@id":"https:\/\/panwinjet.com\/product\/excellent-quality-40000psi-uhp-high-pressure-water-blast-hydro-jet-drain-machine-cleaning-protective-uhp-protective-colors\/#primaryimage"},"image":{"@id":"https:\/\/panwinjet.com\/product\/excellent-quality-40000psi-uhp-high-pressure-water-blast-hydro-jet-drain-machine-cleaning-protective-uhp-protective-colors\/#primaryimage"},"thumbnailUrl":"https:\/\/panwinjet.com\/wp-content\/uploads\/2025\/09\/Type-A-5.png","datePublished":"2025-09-23T14:28:30+00:00","dateModified":"2025-09-23T14:53:31+00:00","breadcrumb":{"@id":"https:\/\/panwinjet.com\/product\/excellent-quality-40000psi-uhp-high-pressure-water-blast-hydro-jet-drain-machine-cleaning-protective-uhp-protective-colors\/#breadcrumb"},"inLanguage":"fr-FR","potentialAction":[{"@type":"ReadAction","target":["https:\/\/panwinjet.com\/product\/excellent-quality-40000psi-uhp-high-pressure-water-blast-hydro-jet-drain-machine-cleaning-protective-uhp-protective-colors\/"]}]},{"@type":"ImageObject","inLanguage":"fr-FR","@id":"https:\/\/panwinjet.com\/product\/excellent-quality-40000psi-uhp-high-pressure-water-blast-hydro-jet-drain-machine-cleaning-protective-uhp-protective-colors\/#primaryimage","url":"https:\/\/panwinjet.com\/wp-content\/uploads\/2025\/09\/Type-A-5.png","contentUrl":"https:\/\/panwinjet.com\/wp-content\/uploads\/2025\/09\/Type-A-5.png","width":454,"height":731},{"@type":"BreadcrumbList","@id":"https:\/\/panwinjet.com\/product\/excellent-quality-40000psi-uhp-high-pressure-water-blast-hydro-jet-drain-machine-cleaning-protective-uhp-protective-colors\/#breadcrumb","itemListElement":[{"@type":"ListItem","position":1,"name":"\u9996\u9875","item":"https:\/\/panwinjet.com\/"},{"@type":"ListItem","position":2,"name":"PRODUCT","item":"https:\/\/panwinjet.com\/product\/"},{"@type":"ListItem","position":3,"name":"Excellent Quality 40000psi UHP high pressure water blast hydro jet drain machine cleaning protective UHP Protective colors"}]},{"@type":"WebSite","@id":"https:\/\/panwinjet.com\/#website","url":"https:\/\/panwinjet.com\/","name":"Panwin Machinery&amp;Equipment","description":"Shenzhen Panwin Machinery&amp;Equipment Co.Ltd","potentialAction":[{"@type":"SearchAction","target":{"@type":"EntryPoint","urlTemplate":"https:\/\/panwinjet.com\/?s={search_term_string}"},"query-input":{"@type":"PropertyValueSpecification","valueRequired":true,"valueName":"search_term_string"}}],"inLanguage":"fr-FR"}]}},"_links":{"self":[{"href":"https:\/\/panwinjet.com\/fr\/wp-json\/wp\/v2\/product\/1313","targetHints":{"allow":["GET"]}}],"collection":[{"href":"https:\/\/panwinjet.com\/fr\/wp-json\/wp\/v2\/product"}],"about":[{"href":"https:\/\/panwinjet.com\/fr\/wp-json\/wp\/v2\/types\/product"}],"wp:featuredmedia":[{"embeddable":true,"href":"https:\/\/panwinjet.com\/fr\/wp-json\/wp\/v2\/media\/1321"}],"wp:attachment":[{"href":"https:\/\/panwinjet.com\/fr\/wp-json\/wp\/v2\/media?parent=1313"}],"wp:term":[{"taxonomy":"product_brand","embeddable":true,"href":"https:\/\/panwinjet.com\/fr\/wp-json\/wp\/v2\/product_brand?post=1313"},{"taxonomy":"product_cat","embeddable":true,"href":"https:\/\/panwinjet.com\/fr\/wp-json\/wp\/v2\/product_cat?post=1313"},{"taxonomy":"product_tag","embeddable":true,"href":"https:\/\/panwinjet.com\/fr\/wp-json\/wp\/v2\/product_tag?post=1313"}],"curies":[{"name":"wp","href":"https:\/\/api.w.org\/{rel}","templated":true}]}}