{"id":1301,"date":"2025-09-23T14:20:01","date_gmt":"2025-09-23T14:20:01","guid":{"rendered":"https:\/\/panwinjet.com\/?post_type=product&#038;p=1301"},"modified":"2025-09-23T14:20:01","modified_gmt":"2025-09-23T14:20:01","slug":"high-quality-2800bar-triplex-plunger-pump-water-blasting-high-pressure-water-jet-cleaning-operation-protective-uhp-protective-suite-type-b","status":"publish","type":"product","link":"https:\/\/panwinjet.com\/fr\/produit\/high-quality-2800bar-triplex-plunger-pump-water-blasting-high-pressure-water-jet-cleaning-operation-protective-uhp-protective-suite-type-b\/","title":{"rendered":"Pompe \u00e0 piston triplex haute qualit\u00e9 2800 bars, nettoyage au jet d&#039;eau haute pression, \u00e9quipement de protection UHP type B"},"content":{"rendered":"<p><strong><b>Caract\u00e9ristiques et applications de<\/b><\/strong><strong><b>\u00a0<\/b><\/strong><strong><b>Pompe \u00e0 piston triplex haute qualit\u00e9 2800 bars, nettoyage au jet d&#039;eau haute pression, ensemble de protection UHP.<\/b><\/strong><\/p>\n<p><strong><b>Il s&#039;agit d&#039;une pression de 2800 bars <\/b><\/strong><strong><b>\u00c9valuation : <\/b><\/strong><strong><b>Combinaison de protection UHP pour le nettoyage \u00e0 l&#039;eau <\/b><\/strong><strong><b>Peut fournir du menton aux orteils<\/b><\/strong><strong><b>\u00a0<\/b><\/strong><strong><b>protection contre les blessures possibles dues <\/b><\/strong><strong><b>jets d&#039;eau accidentels \u00e0 haute pression associ\u00e9s au nettoyage \u00e0 l&#039;eau<\/b><\/strong><strong><b>.<\/b><\/strong><\/p>\n<p><strong><b>\u00a0<\/b><\/strong><\/p>\n<p><strong><b>Coutume<\/b><\/strong><strong><b>er<\/b><\/strong><strong><b>\u00a0Ensemble de protection (chiffon et pantalon) pour le nettoyage des \u00e9changeurs de chaleur par hydrojet 3000 bars, fourni par un fournisseur chinois de haute qualit\u00e9.<\/b><\/strong><strong><b>\u00a0sont <\/b><\/strong><strong><b>Disponible dans une vari\u00e9t\u00e9 de mod\u00e8les standards et<\/b><\/strong><strong><b>\u00a0<\/b><\/strong><strong><b>Des tailles sur mesure pour plus de confort<\/b><\/strong><strong><b>\u00a0<\/b><\/strong><strong><b>et la mobilit\u00e9. L&#039;ensemble complet est compos\u00e9 d&#039;un bracelet.<\/b><\/strong><strong><b>Protection de cou UHP, veste, tablier, manchon, couvre-bottes<\/b><\/strong><strong><b>\u2013 \u00e9galement vendu s\u00e9par\u00e9ment.<\/b><\/strong><\/p>\n<p><strong><b>\u00a0<\/b><\/strong><\/p>\n<p><strong><b>Nous <\/b><\/strong><strong><b>Gaine de protection pour tuyau de nettoyage \u00e0 haute pression hydrostatique<\/b><\/strong><strong><b>\u00a0Fabriqu\u00e9 \u00e0 partir de mat\u00e9riaux haute performance et haute densit\u00e9, il est con\u00e7u pour des conditions de projection d&#039;eau \u00e0 pression maximale de 300 MPa ; des tests ont \u00e9t\u00e9 effectu\u00e9s pour d\u00e9montrer ses performances de protection.<\/b><\/strong><\/p>\n<p><strong><b>Note:<\/b><\/strong><strong><b>Ce r\u00e9sultat correspond \u00e0 un r\u00e9sultat de test r\u00e9alis\u00e9 dans certaines conditions. Il est bas\u00e9 sur des donn\u00e9es techniques. <\/b><\/strong><strong><b>notre manchon de protection <\/b><\/strong><strong><b>Consid\u00e9r\u00e9 comme fiable, il sera r\u00e9vis\u00e9 en fonction des connaissances et de l&#039;exp\u00e9rience acquises lors de son utilisation sp\u00e9cifique. <\/b><\/strong><strong><b>Panwin Protective<\/b><\/strong><strong><b>\u00a0ne garantit aucun r\u00e9sultat et n&#039;assume aucune obligation ni responsabilit\u00e9 concernant ce v\u00eatement.<\/b><\/strong><\/p>\n<p><strong><b> <img decoding=\"async\" class=\"alignleft size-medium wp-image-1302 lazyload\" data-src=\"https:\/\/panwinjet.com\/wp-content\/uploads\/2025\/09\/Protective-Sleeve-500x260.png\" alt=\"\" width=\"500\" height=\"260\" data-srcset=\"https:\/\/panwinjet.com\/wp-content\/uploads\/2025\/09\/Protective-Sleeve-500x260.png 500w, https:\/\/panwinjet.com\/wp-content\/uploads\/2025\/09\/Protective-Sleeve-300x156.png 300w, https:\/\/panwinjet.com\/wp-content\/uploads\/2025\/09\/Protective-Sleeve-768x399.png 768w, https:\/\/panwinjet.com\/wp-content\/uploads\/2025\/09\/Protective-Sleeve-144x75.png 144w, https:\/\/panwinjet.com\/wp-content\/uploads\/2025\/09\/Protective-Sleeve-480x249.png 480w, https:\/\/panwinjet.com\/wp-content\/uploads\/2025\/09\/Protective-Sleeve-800x415.png 800w, https:\/\/panwinjet.com\/wp-content\/uploads\/2025\/09\/Protective-Sleeve.png 942w\" data-sizes=\"(max-width:767px) 480px, 500px\" src=\"data:image\/svg+xml;base64,PHN2ZyB3aWR0aD0iMSIgaGVpZ2h0PSIxIiB4bWxucz0iaHR0cDovL3d3dy53My5vcmcvMjAwMC9zdmciPjwvc3ZnPg==\" style=\"--smush-placeholder-width: 500px; --smush-placeholder-aspect-ratio: 500\/260;\" \/><\/b><\/strong><\/p>\n<p><strong><b>\u00a0<\/b><\/strong><\/p>\n<p>&nbsp;<\/p>\n<p>&nbsp;<\/p>\n<p>&nbsp;<\/p>\n<p>&nbsp;<\/p>\n<p>&nbsp;<\/p>\n<p>&nbsp;<\/p>\n<p>&nbsp;<\/p>\n<p>Effet jet direct 2500 bars<\/p>\n<p><img decoding=\"async\" class=\"alignleft size-medium wp-image-1311 lazyload\" data-src=\"https:\/\/panwinjet.com\/wp-content\/uploads\/2025\/09\/Straight-Jet.png\" alt=\"\" width=\"454\" height=\"354\" data-srcset=\"https:\/\/panwinjet.com\/wp-content\/uploads\/2025\/09\/Straight-Jet.png 454w, https:\/\/panwinjet.com\/wp-content\/uploads\/2025\/09\/Straight-Jet-300x234.png 300w, https:\/\/panwinjet.com\/wp-content\/uploads\/2025\/09\/Straight-Jet-96x75.png 96w\" data-sizes=\"(max-width:767px) 454px, 454px\" src=\"data:image\/svg+xml;base64,PHN2ZyB3aWR0aD0iMSIgaGVpZ2h0PSIxIiB4bWxucz0iaHR0cDovL3d3dy53My5vcmcvMjAwMC9zdmciPjwvc3ZnPg==\" style=\"--smush-placeholder-width: 454px; --smush-placeholder-aspect-ratio: 454\/354;\" \/><\/p>\n<p>&nbsp;<\/p>\n<p>&nbsp;<\/p>\n<p>&nbsp;<\/p>\n<p>&nbsp;<\/p>\n<p>&nbsp;<\/p>\n<p>&nbsp;<\/p>\n<p>&nbsp;<\/p>\n<p>&nbsp;<\/p>\n<p>&nbsp;<\/p>\n<p>&nbsp;<\/p>\n<p>Effet jet direct 2500 bars<\/p>","protected":false},"excerpt":{"rendered":"<p><strong><b>Introduction de <\/b><\/strong><strong><b>Pompe \u00e0 piston triplex haute qualit\u00e9 2800 bars, nettoyage au jet d&#039;eau haute pression, \u00e9quipement de protection UHP type B<\/b><\/strong><\/p>\n<p><strong><b> <img decoding=\"async\" class=\"alignleft size-full wp-image-1312 lazyload\" data-src=\"https:\/\/panwinjet.com\/wp-content\/uploads\/2025\/09\/Rotary-Jet-2.png\" alt=\"\" width=\"499\" height=\"349\" data-srcset=\"https:\/\/panwinjet.com\/wp-content\/uploads\/2025\/09\/Rotary-Jet-2.png 499w, https:\/\/panwinjet.com\/wp-content\/uploads\/2025\/09\/Rotary-Jet-2-300x210.png 300w, https:\/\/panwinjet.com\/wp-content\/uploads\/2025\/09\/Rotary-Jet-2-107x75.png 107w, https:\/\/panwinjet.com\/wp-content\/uploads\/2025\/09\/Rotary-Jet-2-480x336.png 480w\" data-sizes=\"(max-width:767px) 480px, 499px\" src=\"data:image\/svg+xml;base64,PHN2ZyB3aWR0aD0iMSIgaGVpZ2h0PSIxIiB4bWxucz0iaHR0cDovL3d3dy53My5vcmcvMjAwMC9zdmciPjwvc3ZnPg==\" style=\"--smush-placeholder-width: 499px; --smush-placeholder-aspect-ratio: 499\/349;\" \/><\/b><\/strong><\/p>\n<p><strong><b>Pompe \u00e0 piston triplex haute qualit\u00e9 2800 bars pour le nettoyage au jet d&#039;eau haute pression. <\/b><\/strong><strong><b>Les v\u00eatements et \u00e9quipements de protection pour le nettoyage \u00e0 l&#039;eau haute pression sont <\/b><\/strong><strong><b>fonctionnalit\u00e9<\/b><\/strong><strong><b>d<\/b><\/strong><strong><b>\u00a0<\/b><\/strong><strong><b>de haute qualit\u00e9<\/b><\/strong><strong><b>\u00a0force et <\/b><\/strong><strong><b>long <\/b><\/strong><strong><b>durabilit\u00e9, <\/b><\/strong><strong><b>Respirabilit\u00e9<\/b><\/strong><strong><b>, <\/b><\/strong><strong><b>Protection de haut niveau en termes de <\/b><\/strong><strong><b>r\u00e9sistance \u00e0 la moisissure, r\u00e9sistance \u00e0 l&#039;eau<\/b><\/strong><strong><b>.<\/b><\/strong><\/p>","protected":false},"featured_media":1310,"template":"","meta":[],"product_brand":[],"product_cat":[11],"product_tag":[30],"class_list":{"0":"post-1301","1":"product","2":"type-product","3":"status-publish","4":"has-post-thumbnail","6":"product_cat-ship-cleaning-device","7":"product_tag-uhp-waterblasting-ppe","9":"first","10":"instock","11":"shipping-taxable","12":"product-type-simple"},"yoast_head":"<!-- This site is optimized with the Yoast SEO plugin v24.9 - https:\/\/yoast.com\/wordpress\/plugins\/seo\/ -->\n<title>High Quality 2800Bar triplex plunger pump Water Blasting high pressure water jet cleaning Operation protective UHP Protective Suite Type B - Panwin Machinery&amp;Equipment<\/title>\n<meta name=\"robots\" content=\"index, follow, max-snippet:-1, max-image-preview:large, max-video-preview:-1\" \/>\n<link rel=\"canonical\" href=\"https:\/\/panwinjet.com\/fr\/produit\/high-quality-2800bar-triplex-plunger-pump-water-blasting-high-pressure-water-jet-cleaning-operation-protective-uhp-protective-suite-type-b\/\" \/>\n<meta property=\"og:locale\" content=\"fr_FR\" \/>\n<meta property=\"og:type\" content=\"article\" \/>\n<meta property=\"og:title\" content=\"High Quality 2800Bar triplex plunger pump Water Blasting high pressure water jet cleaning Operation protective UHP Protective Suite Type B - Panwin Machinery&amp;Equipment\" \/>\n<meta property=\"og:description\" content=\"Introduction of High Quality 2800Bar triplex plunger pump Water Blasting high pressure water jet cleaning Operation protective UHP Protective Suite Type B     High Quality 2800Bar triplex plunger pump Water Blasting high pressure water jet cleaning Operation Protective Clothing and garment for High Pressure Water Blasting is featured\u00a0high-grade\u00a0strength and long durability, Breath-ability, High level protection in term of mildew resistance, water resistance.\" \/>\n<meta property=\"og:url\" content=\"https:\/\/panwinjet.com\/fr\/produit\/high-quality-2800bar-triplex-plunger-pump-water-blasting-high-pressure-water-jet-cleaning-operation-protective-uhp-protective-suite-type-b\/\" \/>\n<meta property=\"og:site_name\" content=\"Panwin Machinery&amp;Equipment\" \/>\n<meta property=\"og:image\" content=\"https:\/\/panwinjet.com\/wp-content\/uploads\/2025\/09\/type-B-7.png\" \/>\n\t<meta property=\"og:image:width\" content=\"303\" \/>\n\t<meta property=\"og:image:height\" content=\"662\" \/>\n\t<meta property=\"og:image:type\" content=\"image\/png\" \/>\n<meta name=\"twitter:card\" content=\"summary_large_image\" \/>\n<meta name=\"twitter:label1\" content=\"Dur\u00e9e de lecture estim\u00e9e\" \/>\n\t<meta name=\"twitter:data1\" content=\"2 minutes\" \/>\n<script type=\"application\/ld+json\" class=\"yoast-schema-graph\">{\"@context\":\"https:\/\/schema.org\",\"@graph\":[{\"@type\":\"WebPage\",\"@id\":\"https:\/\/panwinjet.com\/product\/high-quality-2800bar-triplex-plunger-pump-water-blasting-high-pressure-water-jet-cleaning-operation-protective-uhp-protective-suite-type-b\/\",\"url\":\"https:\/\/panwinjet.com\/product\/high-quality-2800bar-triplex-plunger-pump-water-blasting-high-pressure-water-jet-cleaning-operation-protective-uhp-protective-suite-type-b\/\",\"name\":\"High Quality 2800Bar triplex plunger pump Water Blasting high pressure water jet cleaning Operation protective UHP Protective Suite Type B - Panwin Machinery&amp;Equipment\",\"isPartOf\":{\"@id\":\"https:\/\/panwinjet.com\/#website\"},\"primaryImageOfPage\":{\"@id\":\"https:\/\/panwinjet.com\/product\/high-quality-2800bar-triplex-plunger-pump-water-blasting-high-pressure-water-jet-cleaning-operation-protective-uhp-protective-suite-type-b\/#primaryimage\"},\"image\":{\"@id\":\"https:\/\/panwinjet.com\/product\/high-quality-2800bar-triplex-plunger-pump-water-blasting-high-pressure-water-jet-cleaning-operation-protective-uhp-protective-suite-type-b\/#primaryimage\"},\"thumbnailUrl\":\"https:\/\/panwinjet.com\/wp-content\/uploads\/2025\/09\/type-B-7.png\",\"datePublished\":\"2025-09-23T14:20:01+00:00\",\"breadcrumb\":{\"@id\":\"https:\/\/panwinjet.com\/product\/high-quality-2800bar-triplex-plunger-pump-water-blasting-high-pressure-water-jet-cleaning-operation-protective-uhp-protective-suite-type-b\/#breadcrumb\"},\"inLanguage\":\"fr-FR\",\"potentialAction\":[{\"@type\":\"ReadAction\",\"target\":[\"https:\/\/panwinjet.com\/product\/high-quality-2800bar-triplex-plunger-pump-water-blasting-high-pressure-water-jet-cleaning-operation-protective-uhp-protective-suite-type-b\/\"]}]},{\"@type\":\"ImageObject\",\"inLanguage\":\"fr-FR\",\"@id\":\"https:\/\/panwinjet.com\/product\/high-quality-2800bar-triplex-plunger-pump-water-blasting-high-pressure-water-jet-cleaning-operation-protective-uhp-protective-suite-type-b\/#primaryimage\",\"url\":\"https:\/\/panwinjet.com\/wp-content\/uploads\/2025\/09\/type-B-7.png\",\"contentUrl\":\"https:\/\/panwinjet.com\/wp-content\/uploads\/2025\/09\/type-B-7.png\",\"width\":303,\"height\":662},{\"@type\":\"BreadcrumbList\",\"@id\":\"https:\/\/panwinjet.com\/product\/high-quality-2800bar-triplex-plunger-pump-water-blasting-high-pressure-water-jet-cleaning-operation-protective-uhp-protective-suite-type-b\/#breadcrumb\",\"itemListElement\":[{\"@type\":\"ListItem\",\"position\":1,\"name\":\"\u9996\u9875\",\"item\":\"https:\/\/panwinjet.com\/\"},{\"@type\":\"ListItem\",\"position\":2,\"name\":\"PRODUCT\",\"item\":\"https:\/\/panwinjet.com\/product\/\"},{\"@type\":\"ListItem\",\"position\":3,\"name\":\"High Quality 2800Bar triplex plunger pump Water Blasting high pressure water jet cleaning Operation protective UHP Protective Suite Type B\"}]},{\"@type\":\"WebSite\",\"@id\":\"https:\/\/panwinjet.com\/#website\",\"url\":\"https:\/\/panwinjet.com\/\",\"name\":\"Panwin Machinery&amp;Equipment\",\"description\":\"Shenzhen Panwin Machinery&amp;Equipment Co.Ltd\",\"potentialAction\":[{\"@type\":\"SearchAction\",\"target\":{\"@type\":\"EntryPoint\",\"urlTemplate\":\"https:\/\/panwinjet.com\/?s={search_term_string}\"},\"query-input\":{\"@type\":\"PropertyValueSpecification\",\"valueRequired\":true,\"valueName\":\"search_term_string\"}}],\"inLanguage\":\"fr-FR\"}]}<\/script>\n<!-- \/ Yoast SEO plugin. -->","yoast_head_json":{"title":"High Quality 2800Bar triplex plunger pump Water Blasting high pressure water jet cleaning Operation protective UHP Protective Suite Type B - Panwin Machinery&amp;Equipment","robots":{"index":"index","follow":"follow","max-snippet":"max-snippet:-1","max-image-preview":"max-image-preview:large","max-video-preview":"max-video-preview:-1"},"canonical":"https:\/\/panwinjet.com\/fr\/produit\/high-quality-2800bar-triplex-plunger-pump-water-blasting-high-pressure-water-jet-cleaning-operation-protective-uhp-protective-suite-type-b\/","og_locale":"fr_FR","og_type":"article","og_title":"High Quality 2800Bar triplex plunger pump Water Blasting high pressure water jet cleaning Operation protective UHP Protective Suite Type B - Panwin Machinery&amp;Equipment","og_description":"Introduction of High Quality 2800Bar triplex plunger pump Water Blasting high pressure water jet cleaning Operation protective UHP Protective Suite Type B     High Quality 2800Bar triplex plunger pump Water Blasting high pressure water jet cleaning Operation Protective Clothing and garment for High Pressure Water Blasting is featured\u00a0high-grade\u00a0strength and long durability, Breath-ability, High level protection in term of mildew resistance, water resistance.","og_url":"https:\/\/panwinjet.com\/fr\/produit\/high-quality-2800bar-triplex-plunger-pump-water-blasting-high-pressure-water-jet-cleaning-operation-protective-uhp-protective-suite-type-b\/","og_site_name":"Panwin Machinery&amp;Equipment","og_image":[{"width":303,"height":662,"url":"https:\/\/panwinjet.com\/wp-content\/uploads\/2025\/09\/type-B-7.png","type":"image\/png"}],"twitter_card":"summary_large_image","twitter_misc":{"Dur\u00e9e de lecture estim\u00e9e":"2 minutes"},"schema":{"@context":"https:\/\/schema.org","@graph":[{"@type":"WebPage","@id":"https:\/\/panwinjet.com\/product\/high-quality-2800bar-triplex-plunger-pump-water-blasting-high-pressure-water-jet-cleaning-operation-protective-uhp-protective-suite-type-b\/","url":"https:\/\/panwinjet.com\/product\/high-quality-2800bar-triplex-plunger-pump-water-blasting-high-pressure-water-jet-cleaning-operation-protective-uhp-protective-suite-type-b\/","name":"High Quality 2800Bar triplex plunger pump Water Blasting high pressure water jet cleaning Operation protective UHP Protective Suite Type B - Panwin Machinery&amp;Equipment","isPartOf":{"@id":"https:\/\/panwinjet.com\/#website"},"primaryImageOfPage":{"@id":"https:\/\/panwinjet.com\/product\/high-quality-2800bar-triplex-plunger-pump-water-blasting-high-pressure-water-jet-cleaning-operation-protective-uhp-protective-suite-type-b\/#primaryimage"},"image":{"@id":"https:\/\/panwinjet.com\/product\/high-quality-2800bar-triplex-plunger-pump-water-blasting-high-pressure-water-jet-cleaning-operation-protective-uhp-protective-suite-type-b\/#primaryimage"},"thumbnailUrl":"https:\/\/panwinjet.com\/wp-content\/uploads\/2025\/09\/type-B-7.png","datePublished":"2025-09-23T14:20:01+00:00","breadcrumb":{"@id":"https:\/\/panwinjet.com\/product\/high-quality-2800bar-triplex-plunger-pump-water-blasting-high-pressure-water-jet-cleaning-operation-protective-uhp-protective-suite-type-b\/#breadcrumb"},"inLanguage":"fr-FR","potentialAction":[{"@type":"ReadAction","target":["https:\/\/panwinjet.com\/product\/high-quality-2800bar-triplex-plunger-pump-water-blasting-high-pressure-water-jet-cleaning-operation-protective-uhp-protective-suite-type-b\/"]}]},{"@type":"ImageObject","inLanguage":"fr-FR","@id":"https:\/\/panwinjet.com\/product\/high-quality-2800bar-triplex-plunger-pump-water-blasting-high-pressure-water-jet-cleaning-operation-protective-uhp-protective-suite-type-b\/#primaryimage","url":"https:\/\/panwinjet.com\/wp-content\/uploads\/2025\/09\/type-B-7.png","contentUrl":"https:\/\/panwinjet.com\/wp-content\/uploads\/2025\/09\/type-B-7.png","width":303,"height":662},{"@type":"BreadcrumbList","@id":"https:\/\/panwinjet.com\/product\/high-quality-2800bar-triplex-plunger-pump-water-blasting-high-pressure-water-jet-cleaning-operation-protective-uhp-protective-suite-type-b\/#breadcrumb","itemListElement":[{"@type":"ListItem","position":1,"name":"\u9996\u9875","item":"https:\/\/panwinjet.com\/"},{"@type":"ListItem","position":2,"name":"PRODUCT","item":"https:\/\/panwinjet.com\/product\/"},{"@type":"ListItem","position":3,"name":"High Quality 2800Bar triplex plunger pump Water Blasting high pressure water jet cleaning Operation protective UHP Protective Suite Type B"}]},{"@type":"WebSite","@id":"https:\/\/panwinjet.com\/#website","url":"https:\/\/panwinjet.com\/","name":"Panwin Machinery&amp;Equipment","description":"Shenzhen Panwin Machinery&amp;Equipment Co.Ltd","potentialAction":[{"@type":"SearchAction","target":{"@type":"EntryPoint","urlTemplate":"https:\/\/panwinjet.com\/?s={search_term_string}"},"query-input":{"@type":"PropertyValueSpecification","valueRequired":true,"valueName":"search_term_string"}}],"inLanguage":"fr-FR"}]}},"_links":{"self":[{"href":"https:\/\/panwinjet.com\/fr\/wp-json\/wp\/v2\/product\/1301","targetHints":{"allow":["GET"]}}],"collection":[{"href":"https:\/\/panwinjet.com\/fr\/wp-json\/wp\/v2\/product"}],"about":[{"href":"https:\/\/panwinjet.com\/fr\/wp-json\/wp\/v2\/types\/product"}],"wp:featuredmedia":[{"embeddable":true,"href":"https:\/\/panwinjet.com\/fr\/wp-json\/wp\/v2\/media\/1310"}],"wp:attachment":[{"href":"https:\/\/panwinjet.com\/fr\/wp-json\/wp\/v2\/media?parent=1301"}],"wp:term":[{"taxonomy":"product_brand","embeddable":true,"href":"https:\/\/panwinjet.com\/fr\/wp-json\/wp\/v2\/product_brand?post=1301"},{"taxonomy":"product_cat","embeddable":true,"href":"https:\/\/panwinjet.com\/fr\/wp-json\/wp\/v2\/product_cat?post=1301"},{"taxonomy":"product_tag","embeddable":true,"href":"https:\/\/panwinjet.com\/fr\/wp-json\/wp\/v2\/product_tag?post=1301"}],"curies":[{"name":"wp","href":"https:\/\/api.w.org\/{rel}","templated":true}]}}