{"id":1267,"date":"2025-09-22T08:25:55","date_gmt":"2025-09-22T08:25:55","guid":{"rendered":"https:\/\/panwinjet.com\/?post_type=product&#038;p=1267"},"modified":"2025-09-22T08:25:56","modified_gmt":"2025-09-22T08:25:56","slug":"excellent-quality-22kpsi-uhp-pressure-water-jet-cleaning-machine-4-badger-bent-pipe-tube-cleaning-nozzle","status":"publish","type":"product","link":"https:\/\/panwinjet.com\/fr\/produit\/excellent-quality-22kpsi-uhp-pressure-water-jet-cleaning-machine-4-badger-bent-pipe-tube-cleaning-nozzle\/","title":{"rendered":"Machine de nettoyage \u00e0 jet d&#039;eau haute pression UHP de 22 kpsi d&#039;excellente qualit\u00e9, buse de nettoyage pour tuyaux coud\u00e9s Badger de 4 pouces"},"content":{"rendered":"<p><b><\/b><strong><b>Caract\u00e9ristiques (sp\u00e9cifications) de la machine de nettoyage \u00e0 jet d&#039;eau haute pression UHP 22 kpsi de qualit\u00e9 sup\u00e9rieure, buse de nettoyage pour tubes coud\u00e9s Badger 4\u2033<\/b><\/strong><\/p>\n<p><strong><b>Cette machine de nettoyage \u00e0 jet d&#039;eau haute pression pour tubes, \u00e9quip\u00e9e de buses de nettoyage de tuyaux coud\u00e9s de 4 pouces, offre une pression de service maximale de 22\u00a0000 psi et un d\u00e9bit maximal de 40 gpm. Elle se distingue par sa forte puissance de pulv\u00e9risation et son d\u00e9bit \u00e9lev\u00e9.<\/b><\/strong><strong><b>&#039;&#039;<\/b><\/strong><strong><b>\u00a0Nettoyage de canalisations courb\u00e9es.<\/b><\/strong><\/p>\n<p>&nbsp;<\/p>\n<p><strong><b>\u00a0<\/b><\/strong><\/p>\n<p><b><\/b><strong><b><img decoding=\"async\" class=\"alignleft size-medium wp-image-1276 lazyload\" data-src=\"https:\/\/panwinjet.com\/wp-content\/uploads\/2025\/09\/4in-Bend-Pipe-Nozzles-500x465.png\" alt=\"\" width=\"500\" height=\"465\" data-srcset=\"https:\/\/panwinjet.com\/wp-content\/uploads\/2025\/09\/4in-Bend-Pipe-Nozzles-500x465.png 500w, https:\/\/panwinjet.com\/wp-content\/uploads\/2025\/09\/4in-Bend-Pipe-Nozzles-300x279.png 300w, https:\/\/panwinjet.com\/wp-content\/uploads\/2025\/09\/4in-Bend-Pipe-Nozzles-81x75.png 81w, https:\/\/panwinjet.com\/wp-content\/uploads\/2025\/09\/4in-Bend-Pipe-Nozzles-480x446.png 480w, https:\/\/panwinjet.com\/wp-content\/uploads\/2025\/09\/4in-Bend-Pipe-Nozzles.png 628w\" data-sizes=\"(max-width:767px) 480px, 500px\" src=\"data:image\/svg+xml;base64,PHN2ZyB3aWR0aD0iMSIgaGVpZ2h0PSIxIiB4bWxucz0iaHR0cDovL3d3dy53My5vcmcvMjAwMC9zdmciPjwvc3ZnPg==\" style=\"--smush-placeholder-width: 500px; --smush-placeholder-aspect-ratio: 500\/465;\" \/><strong><b> Caract\u00e9ristiques et applications de<\/b><\/strong><b><\/b><strong><b>Machine de nettoyage \u00e0 jet d&#039;eau haute pression UHP de 22 kpsi d&#039;excellente qualit\u00e9, buse de nettoyage pour tuyaux coud\u00e9s Badger de 4 pouces<\/b><\/strong><\/b><\/strong><\/p>\n<p>Chez Panwin, nous vous proposons des buses de nettoyage de canalisations coud\u00e9es de 4 pouces \u00e0 haute pression (20\u00a0000 psi) d&#039;excellente qualit\u00e9, pr\u00e9sentant de nombreux avantages et caract\u00e9ristiques, comme suit\u00a0:<\/p>\n<p>1 : Performance de nettoyage globale.<\/p>\n<p>Cette buse auto-rotative de nettoyage de canalisations hydrauliques est con\u00e7ue pour un acc\u00e8s et un nettoyage faciles des coudes \u00e0 90\u00b0 des tuyaux de 6 pouces, et poss\u00e8de des jets avant, lat\u00e9raux et arri\u00e8re qui \u00e9liminent les obstructions.<\/p>\n<p>Elle propulse l&#039;outil dans le tuyau pour une puissance de nettoyage maximale et une usure minimale.<\/p>\n<p>&nbsp;<\/p>\n<p>2 : L&#039;eau assure un mouvement d&#039;auto-rotation, sans besoin d&#039;huile ni de roulement \u00e0 billes.<\/p>\n<p>L&#039;eau en mouvement assure la rotation et cr\u00e9e le palier sur lequel tournent les buses. Pas d&#039;huile ni de roulements \u00e0 billes \u00e0 remplacer !<\/p>\n<p>3: Insert de buses multiport pour un nettoyage \u00e0 360 degr\u00e9s.<br \/>\n\u00c9quip\u00e9 de deux ports orient\u00e9s vers l&#039;avant \u00e0 10\u00b0 et deux \u00e0 45\u00b0, de deux ports radiaux \u00e0 100\u00b0 et de deux ports orient\u00e9s vers l&#039;arri\u00e8re \u00e0 135\u00b0 qui acceptent deux types de buses disponibles en option.<\/p>\n<p>4 : Contr\u00f4le de la vitesse, nettoyage puissant et usure minimale.<\/p>\n<p>Il est con\u00e7u avec un syst\u00e8me de freinage par courants de Foucault qui contr\u00f4le la vitesse de rotation pour une puissance de nettoyage maximale et une usure minimale.<\/p>\n<p>5 : Service facile.<\/p>\n<p>Cette machine de nettoyage au jet d&#039;eau sous pression de 20 kpsi, \u00e9quip\u00e9e d&#039;une buse de nettoyage de canalisations coud\u00e9es de 4 pouces, peut \u00eatre utilis\u00e9e dans de nombreux processus de nettoyage, tels que le nettoyage de r\u00e9servoirs et de cuves, le nettoyage de tuyaux et de tubes, etc., et pr\u00e9sente des avantages particuli\u00e8rement in\u00e9gal\u00e9s pour les tuyaux coud\u00e9s de 4 pouces.<\/p>\n<p><b><\/b><strong><b>D\u00e9tails<\/b><\/strong><b><\/b><strong><b>Machine de nettoyage \u00e0 jet d&#039;eau haute pression UHP de 22 kpsi d&#039;excellente qualit\u00e9, buse de nettoyage pour tuyaux coud\u00e9s Badger de 4 pouces<\/b><\/strong><\/p>\n<p><strong><b>Machine de nettoyage \u00e0 jet d&#039;eau haute pression UHP de qualit\u00e9 sup\u00e9rieure (22 kpsi) avec buse de nettoyage de tubes coud\u00e9s Badger de 4 pouces, bague de retenue, \u00e9crous d&#039;entr\u00e9e, bague d&#039;usure et ensembles de t\u00eate, etc. Comme suit\u00a0:<\/b><\/strong><\/p>\n<p><strong><b> <img decoding=\"async\" class=\"alignleft size-medium wp-image-1277 lazyload\" data-src=\"https:\/\/panwinjet.com\/wp-content\/uploads\/2025\/09\/Struction-500x241.png\" alt=\"\" width=\"500\" height=\"241\" data-srcset=\"https:\/\/panwinjet.com\/wp-content\/uploads\/2025\/09\/Struction-500x241.png 500w, https:\/\/panwinjet.com\/wp-content\/uploads\/2025\/09\/Struction-1200x579.png 1200w, https:\/\/panwinjet.com\/wp-content\/uploads\/2025\/09\/Struction-300x145.png 300w, https:\/\/panwinjet.com\/wp-content\/uploads\/2025\/09\/Struction-768x371.png 768w, https:\/\/panwinjet.com\/wp-content\/uploads\/2025\/09\/Struction-150x72.png 150w, https:\/\/panwinjet.com\/wp-content\/uploads\/2025\/09\/Struction-480x232.png 480w, https:\/\/panwinjet.com\/wp-content\/uploads\/2025\/09\/Struction-800x386.png 800w, https:\/\/panwinjet.com\/wp-content\/uploads\/2025\/09\/Struction.png 1225w\" data-sizes=\"(max-width:767px) 480px, 500px\" src=\"data:image\/svg+xml;base64,PHN2ZyB3aWR0aD0iMSIgaGVpZ2h0PSIxIiB4bWxucz0iaHR0cDovL3d3dy53My5vcmcvMjAwMC9zdmciPjwvc3ZnPg==\" style=\"--smush-placeholder-width: 500px; --smush-placeholder-aspect-ratio: 500\/241;\" \/><\/b><\/strong><\/p>\n<p><strong><b>\u00a0<\/b><\/strong><\/p>\n<p><strong><b>\u00a0<\/b><\/strong><\/p>","protected":false},"excerpt":{"rendered":"<p><b><\/b><strong><b>Pr\u00e9sentation d&#039;une machine de nettoyage \u00e0 jet d&#039;eau haute pression UHP de 22 kpsi d&#039;excellente qualit\u00e9, avec buse de nettoyage pour tubes coud\u00e9s Badger de 4 pouces.<\/b><\/strong><\/p>\n<p><strong><b>Machine de nettoyage \u00e0 jet d&#039;eau haute pression UHP de qualit\u00e9 sup\u00e9rieure (22 kpsi) avec buse de nettoyage pour tuyaux coud\u00e9s Badger de 4 pouces <\/b><\/strong><strong><b>Pour un acc\u00e8s et un nettoyage faciles, coude \u00e0 90\u00b0 pour tuyau de 4 pouces.<\/b><\/strong><strong><b>Il est \u00e9quip\u00e9 de jets avant, lat\u00e9raux et arri\u00e8re permettant de d\u00e9boucher les canalisations. C&#039;est un outil de nettoyage de canalisations puissant, id\u00e9al pour les travaux difficiles dans les champs p\u00e9trolif\u00e8res, le nettoyage de canalisations chimiques, etc.<\/b><\/strong><\/p>\n<div style=\"width: 720px;\" class=\"wp-video\"><video class=\"wp-video-shortcode\" id=\"video-1267-1\" width=\"720\" height=\"1270\" preload=\"metadata\" controls=\"controls\"><source type=\"video\/mp4\" src=\"https:\/\/panwinjet.com\/wp-content\/uploads\/2025\/09\/6\u2018-Pipe-Cleaning-Nozzle.mp4?_=1\" \/><a href=\"https:\/\/panwinjet.com\/wp-content\/uploads\/2025\/09\/6&#039;-Pipe-Cleaning-Nozzle.mp4\">https:\/\/panwinjet.com\/wp-content\/uploads\/2025\/09\/6&#039;-Pipe-Cleaning-Nozzle.mp4<\/a><\/video><\/div>","protected":false},"featured_media":1268,"template":"","meta":[],"product_brand":[],"product_cat":[5],"product_tag":[28],"class_list":{"0":"post-1267","1":"product","2":"type-product","3":"status-publish","4":"has-post-thumbnail","6":"product_cat-uhp-rotating-nozzles","7":"product_tag-22k-4-badger-tube-pipe-rotary-nozzles","9":"first","10":"instock","11":"shipping-taxable","12":"product-type-simple"},"yoast_head":"<!-- This site is optimized with the Yoast SEO plugin v24.9 - https:\/\/yoast.com\/wordpress\/plugins\/seo\/ -->\n<title>Excellent Quality 22kpsi UHP Pressure Water Jet cleaning machine 4&quot; Badger Bent Pipe Tube Cleaning Nozzle - Panwin Machinery&amp;Equipment<\/title>\n<meta name=\"robots\" content=\"index, follow, max-snippet:-1, max-image-preview:large, max-video-preview:-1\" \/>\n<link rel=\"canonical\" href=\"https:\/\/panwinjet.com\/fr\/produit\/excellent-quality-22kpsi-uhp-pressure-water-jet-cleaning-machine-4-badger-bent-pipe-tube-cleaning-nozzle\/\" \/>\n<meta property=\"og:locale\" content=\"fr_FR\" \/>\n<meta property=\"og:type\" content=\"article\" \/>\n<meta property=\"og:title\" content=\"Excellent Quality 22kpsi UHP Pressure Water Jet cleaning machine 4&quot; Badger Bent Pipe Tube Cleaning Nozzle - Panwin Machinery&amp;Equipment\" \/>\n<meta property=\"og:description\" content=\"Introduction of Excellent Quality 22kpsi UHP Pressure Water Jet cleaning machine 4&quot; Badger Bent Pipe Tube Cleaning Nozzle  The Excellent Quality 22kpsi UHP Pressure Water Jet cleaning machine 4&quot; Badger Bent Pipe Tube Cleaning Nozzle for easy access and cleaning wash bend 90\u00b04 inch pipe, It has front, side, and rear jets that clear blockages. It is powerful pipe cleaning tool for tough tasks in Oil field, chemical pipe cleaning etc.\" \/>\n<meta property=\"og:url\" content=\"https:\/\/panwinjet.com\/fr\/produit\/excellent-quality-22kpsi-uhp-pressure-water-jet-cleaning-machine-4-badger-bent-pipe-tube-cleaning-nozzle\/\" \/>\n<meta property=\"og:site_name\" content=\"Panwin Machinery&amp;Equipment\" \/>\n<meta property=\"article:modified_time\" content=\"2025-09-22T08:25:56+00:00\" \/>\n<meta property=\"og:image\" content=\"https:\/\/panwinjet.com\/wp-content\/uploads\/2025\/09\/4inch-Badger-Rotary-nozzles.jpg\" \/>\n\t<meta property=\"og:image:width\" content=\"1279\" \/>\n\t<meta property=\"og:image:height\" content=\"1706\" \/>\n\t<meta property=\"og:image:type\" content=\"image\/jpeg\" \/>\n<meta name=\"twitter:card\" content=\"summary_large_image\" \/>\n<meta name=\"twitter:label1\" content=\"Dur\u00e9e de lecture estim\u00e9e\" \/>\n\t<meta name=\"twitter:data1\" content=\"3 minutes\" \/>\n<script type=\"application\/ld+json\" class=\"yoast-schema-graph\">{\"@context\":\"https:\/\/schema.org\",\"@graph\":[{\"@type\":\"WebPage\",\"@id\":\"https:\/\/panwinjet.com\/product\/excellent-quality-22kpsi-uhp-pressure-water-jet-cleaning-machine-4-badger-bent-pipe-tube-cleaning-nozzle\/\",\"url\":\"https:\/\/panwinjet.com\/product\/excellent-quality-22kpsi-uhp-pressure-water-jet-cleaning-machine-4-badger-bent-pipe-tube-cleaning-nozzle\/\",\"name\":\"Excellent Quality 22kpsi UHP Pressure Water Jet cleaning machine 4\\\" Badger Bent Pipe Tube Cleaning Nozzle - Panwin Machinery&amp;Equipment\",\"isPartOf\":{\"@id\":\"https:\/\/panwinjet.com\/#website\"},\"primaryImageOfPage\":{\"@id\":\"https:\/\/panwinjet.com\/product\/excellent-quality-22kpsi-uhp-pressure-water-jet-cleaning-machine-4-badger-bent-pipe-tube-cleaning-nozzle\/#primaryimage\"},\"image\":{\"@id\":\"https:\/\/panwinjet.com\/product\/excellent-quality-22kpsi-uhp-pressure-water-jet-cleaning-machine-4-badger-bent-pipe-tube-cleaning-nozzle\/#primaryimage\"},\"thumbnailUrl\":\"https:\/\/panwinjet.com\/wp-content\/uploads\/2025\/09\/4inch-Badger-Rotary-nozzles.jpg\",\"datePublished\":\"2025-09-22T08:25:55+00:00\",\"dateModified\":\"2025-09-22T08:25:56+00:00\",\"breadcrumb\":{\"@id\":\"https:\/\/panwinjet.com\/product\/excellent-quality-22kpsi-uhp-pressure-water-jet-cleaning-machine-4-badger-bent-pipe-tube-cleaning-nozzle\/#breadcrumb\"},\"inLanguage\":\"fr-FR\",\"potentialAction\":[{\"@type\":\"ReadAction\",\"target\":[\"https:\/\/panwinjet.com\/product\/excellent-quality-22kpsi-uhp-pressure-water-jet-cleaning-machine-4-badger-bent-pipe-tube-cleaning-nozzle\/\"]}]},{\"@type\":\"ImageObject\",\"inLanguage\":\"fr-FR\",\"@id\":\"https:\/\/panwinjet.com\/product\/excellent-quality-22kpsi-uhp-pressure-water-jet-cleaning-machine-4-badger-bent-pipe-tube-cleaning-nozzle\/#primaryimage\",\"url\":\"https:\/\/panwinjet.com\/wp-content\/uploads\/2025\/09\/4inch-Badger-Rotary-nozzles.jpg\",\"contentUrl\":\"https:\/\/panwinjet.com\/wp-content\/uploads\/2025\/09\/4inch-Badger-Rotary-nozzles.jpg\",\"width\":1279,\"height\":1706,\"caption\":\"Jetstream Style 4 Badger Rotary Nozzles\"},{\"@type\":\"BreadcrumbList\",\"@id\":\"https:\/\/panwinjet.com\/product\/excellent-quality-22kpsi-uhp-pressure-water-jet-cleaning-machine-4-badger-bent-pipe-tube-cleaning-nozzle\/#breadcrumb\",\"itemListElement\":[{\"@type\":\"ListItem\",\"position\":1,\"name\":\"\u9996\u9875\",\"item\":\"https:\/\/panwinjet.com\/\"},{\"@type\":\"ListItem\",\"position\":2,\"name\":\"PRODUCT\",\"item\":\"https:\/\/panwinjet.com\/product\/\"},{\"@type\":\"ListItem\",\"position\":3,\"name\":\"Excellent Quality 22kpsi UHP Pressure Water Jet cleaning machine 4&#8243; Badger Bent Pipe Tube Cleaning Nozzle\"}]},{\"@type\":\"WebSite\",\"@id\":\"https:\/\/panwinjet.com\/#website\",\"url\":\"https:\/\/panwinjet.com\/\",\"name\":\"Panwin Machinery&amp;Equipment\",\"description\":\"Shenzhen Panwin Machinery&amp;Equipment Co.Ltd\",\"potentialAction\":[{\"@type\":\"SearchAction\",\"target\":{\"@type\":\"EntryPoint\",\"urlTemplate\":\"https:\/\/panwinjet.com\/?s={search_term_string}\"},\"query-input\":{\"@type\":\"PropertyValueSpecification\",\"valueRequired\":true,\"valueName\":\"search_term_string\"}}],\"inLanguage\":\"fr-FR\"}]}<\/script>\n<!-- \/ Yoast SEO plugin. -->","yoast_head_json":{"title":"Excellent Quality 22kpsi UHP Pressure Water Jet cleaning machine 4\" Badger Bent Pipe Tube Cleaning Nozzle - Panwin Machinery&amp;Equipment","robots":{"index":"index","follow":"follow","max-snippet":"max-snippet:-1","max-image-preview":"max-image-preview:large","max-video-preview":"max-video-preview:-1"},"canonical":"https:\/\/panwinjet.com\/fr\/produit\/excellent-quality-22kpsi-uhp-pressure-water-jet-cleaning-machine-4-badger-bent-pipe-tube-cleaning-nozzle\/","og_locale":"fr_FR","og_type":"article","og_title":"Excellent Quality 22kpsi UHP Pressure Water Jet cleaning machine 4\" Badger Bent Pipe Tube Cleaning Nozzle - Panwin Machinery&amp;Equipment","og_description":"Introduction of Excellent Quality 22kpsi UHP Pressure Water Jet cleaning machine 4\" Badger Bent Pipe Tube Cleaning Nozzle  The Excellent Quality 22kpsi UHP Pressure Water Jet cleaning machine 4\" Badger Bent Pipe Tube Cleaning Nozzle for easy access and cleaning wash bend 90\u00b04 inch pipe, It has front, side, and rear jets that clear blockages. It is powerful pipe cleaning tool for tough tasks in Oil field, chemical pipe cleaning etc.","og_url":"https:\/\/panwinjet.com\/fr\/produit\/excellent-quality-22kpsi-uhp-pressure-water-jet-cleaning-machine-4-badger-bent-pipe-tube-cleaning-nozzle\/","og_site_name":"Panwin Machinery&amp;Equipment","article_modified_time":"2025-09-22T08:25:56+00:00","og_image":[{"width":1279,"height":1706,"url":"https:\/\/panwinjet.com\/wp-content\/uploads\/2025\/09\/4inch-Badger-Rotary-nozzles.jpg","type":"image\/jpeg"}],"twitter_card":"summary_large_image","twitter_misc":{"Dur\u00e9e de lecture estim\u00e9e":"3 minutes"},"schema":{"@context":"https:\/\/schema.org","@graph":[{"@type":"WebPage","@id":"https:\/\/panwinjet.com\/product\/excellent-quality-22kpsi-uhp-pressure-water-jet-cleaning-machine-4-badger-bent-pipe-tube-cleaning-nozzle\/","url":"https:\/\/panwinjet.com\/product\/excellent-quality-22kpsi-uhp-pressure-water-jet-cleaning-machine-4-badger-bent-pipe-tube-cleaning-nozzle\/","name":"Excellent Quality 22kpsi UHP Pressure Water Jet cleaning machine 4\" Badger Bent Pipe Tube Cleaning Nozzle - Panwin Machinery&amp;Equipment","isPartOf":{"@id":"https:\/\/panwinjet.com\/#website"},"primaryImageOfPage":{"@id":"https:\/\/panwinjet.com\/product\/excellent-quality-22kpsi-uhp-pressure-water-jet-cleaning-machine-4-badger-bent-pipe-tube-cleaning-nozzle\/#primaryimage"},"image":{"@id":"https:\/\/panwinjet.com\/product\/excellent-quality-22kpsi-uhp-pressure-water-jet-cleaning-machine-4-badger-bent-pipe-tube-cleaning-nozzle\/#primaryimage"},"thumbnailUrl":"https:\/\/panwinjet.com\/wp-content\/uploads\/2025\/09\/4inch-Badger-Rotary-nozzles.jpg","datePublished":"2025-09-22T08:25:55+00:00","dateModified":"2025-09-22T08:25:56+00:00","breadcrumb":{"@id":"https:\/\/panwinjet.com\/product\/excellent-quality-22kpsi-uhp-pressure-water-jet-cleaning-machine-4-badger-bent-pipe-tube-cleaning-nozzle\/#breadcrumb"},"inLanguage":"fr-FR","potentialAction":[{"@type":"ReadAction","target":["https:\/\/panwinjet.com\/product\/excellent-quality-22kpsi-uhp-pressure-water-jet-cleaning-machine-4-badger-bent-pipe-tube-cleaning-nozzle\/"]}]},{"@type":"ImageObject","inLanguage":"fr-FR","@id":"https:\/\/panwinjet.com\/product\/excellent-quality-22kpsi-uhp-pressure-water-jet-cleaning-machine-4-badger-bent-pipe-tube-cleaning-nozzle\/#primaryimage","url":"https:\/\/panwinjet.com\/wp-content\/uploads\/2025\/09\/4inch-Badger-Rotary-nozzles.jpg","contentUrl":"https:\/\/panwinjet.com\/wp-content\/uploads\/2025\/09\/4inch-Badger-Rotary-nozzles.jpg","width":1279,"height":1706,"caption":"Jetstream Style 4 Badger Rotary Nozzles"},{"@type":"BreadcrumbList","@id":"https:\/\/panwinjet.com\/product\/excellent-quality-22kpsi-uhp-pressure-water-jet-cleaning-machine-4-badger-bent-pipe-tube-cleaning-nozzle\/#breadcrumb","itemListElement":[{"@type":"ListItem","position":1,"name":"\u9996\u9875","item":"https:\/\/panwinjet.com\/"},{"@type":"ListItem","position":2,"name":"PRODUCT","item":"https:\/\/panwinjet.com\/product\/"},{"@type":"ListItem","position":3,"name":"Excellent Quality 22kpsi UHP Pressure Water Jet cleaning machine 4&#8243; Badger Bent Pipe Tube Cleaning Nozzle"}]},{"@type":"WebSite","@id":"https:\/\/panwinjet.com\/#website","url":"https:\/\/panwinjet.com\/","name":"Panwin Machinery&amp;Equipment","description":"Shenzhen Panwin Machinery&amp;Equipment Co.Ltd","potentialAction":[{"@type":"SearchAction","target":{"@type":"EntryPoint","urlTemplate":"https:\/\/panwinjet.com\/?s={search_term_string}"},"query-input":{"@type":"PropertyValueSpecification","valueRequired":true,"valueName":"search_term_string"}}],"inLanguage":"fr-FR"}]}},"_links":{"self":[{"href":"https:\/\/panwinjet.com\/fr\/wp-json\/wp\/v2\/product\/1267","targetHints":{"allow":["GET"]}}],"collection":[{"href":"https:\/\/panwinjet.com\/fr\/wp-json\/wp\/v2\/product"}],"about":[{"href":"https:\/\/panwinjet.com\/fr\/wp-json\/wp\/v2\/types\/product"}],"wp:featuredmedia":[{"embeddable":true,"href":"https:\/\/panwinjet.com\/fr\/wp-json\/wp\/v2\/media\/1268"}],"wp:attachment":[{"href":"https:\/\/panwinjet.com\/fr\/wp-json\/wp\/v2\/media?parent=1267"}],"wp:term":[{"taxonomy":"product_brand","embeddable":true,"href":"https:\/\/panwinjet.com\/fr\/wp-json\/wp\/v2\/product_brand?post=1267"},{"taxonomy":"product_cat","embeddable":true,"href":"https:\/\/panwinjet.com\/fr\/wp-json\/wp\/v2\/product_cat?post=1267"},{"taxonomy":"product_tag","embeddable":true,"href":"https:\/\/panwinjet.com\/fr\/wp-json\/wp\/v2\/product_tag?post=1267"}],"curies":[{"name":"wp","href":"https:\/\/api.w.org\/{rel}","templated":true}]}}