{"id":1240,"date":"2025-09-21T15:20:56","date_gmt":"2025-09-21T15:20:56","guid":{"rendered":"https:\/\/panwinjet.com\/?post_type=product&#038;p=1240"},"modified":"2025-09-21T15:20:56","modified_gmt":"2025-09-21T15:20:56","slug":"1500bar-22kpsi-uhp-monro-jet-f1-hydro-jet-offshore-deployment-blasting-karcher-nozzles","status":"publish","type":"product","link":"https:\/\/panwinjet.com\/fr\/produit\/1500bar-22kpsi-uhp-monro-jet-f1-hydro-jet-offshore-deployment-blasting-karcher-nozzles\/","title":{"rendered":"Buses de sablage Karcher UHP Monro-Jet F1 pour d\u00e9ploiement offshore, 1500 bars - 22 000 psi"},"content":{"rendered":"<p>Caract\u00e9ristiques et applications de <strong><b>1<\/b><\/strong><strong><b>Buses de sablage Karcher UHP Monro-Jet F1 pour d\u00e9ploiement offshore, 500 bars (22 000 psi)<\/b><\/strong><\/p>\n<p>Le <strong><b>1<\/b><\/strong><strong><b>Buses de sablage Karcher UHP Monro-Jet F1 pour d\u00e9ploiement offshore, 500 bars (22 000 psi)<\/b><\/strong>\u00a0Ses buses de pulv\u00e9risation polyvalentes et pr\u00e9cises pr\u00e9sentent de nombreux avantages, notamment\u00a0:<\/p>\n<p>A: Conception pratique et facile \u00e0 installer et \u00e0 d\u00e9monter<\/p>\n<p>B : Effet de pulv\u00e9risation par jet puissant et constant<\/p>\n<p>C : L\u00e9ger, durable et performant.<\/p>\n<p>&nbsp;<\/p>\n<p>Application:<\/p>\n<p>Ce <strong><b>1<\/b><\/strong><strong><b>Buses de sablage Karcher UHP Monro-Jet F1 pour d\u00e9ploiement offshore, 500 bars (22 000 psi)<\/b><\/strong><strong><b>\u00a0<\/b><\/strong>Ces proc\u00e9d\u00e9s s&#039;appliquent \u00e0 de nombreux secteurs d&#039;activit\u00e9, notamment le nettoyage et le traitement des surfaces, la construction navale, les op\u00e9rations en mer, la d\u00e9molition de b\u00e9ton, l&#039;enl\u00e8vement de couches de bitume, etc.<\/p>\n<p><img decoding=\"async\" class=\"alignleft size-medium wp-image-1249 lazyload\" data-src=\"https:\/\/panwinjet.com\/wp-content\/uploads\/2025\/09\/Orbital-nozzle-Jet-F25-1-154x500.jpg\" alt=\"\" width=\"154\" height=\"500\" data-srcset=\"https:\/\/panwinjet.com\/wp-content\/uploads\/2025\/09\/Orbital-nozzle-Jet-F25-1-154x500.jpg 154w, https:\/\/panwinjet.com\/wp-content\/uploads\/2025\/09\/Orbital-nozzle-Jet-F25-1-23x75.jpg 23w, https:\/\/panwinjet.com\/wp-content\/uploads\/2025\/09\/Orbital-nozzle-Jet-F25-1.jpg 215w\" data-sizes=\"(max-width:767px) 154px, 154px\" src=\"data:image\/svg+xml;base64,PHN2ZyB3aWR0aD0iMSIgaGVpZ2h0PSIxIiB4bWxucz0iaHR0cDovL3d3dy53My5vcmcvMjAwMC9zdmciPjwvc3ZnPg==\" style=\"--smush-placeholder-width: 154px; --smush-placeholder-aspect-ratio: 154\/500;\" \/><\/p>\n<p>D\u00e9tails du produit <strong><b>1<\/b><\/strong><strong><b>Buses de sablage Karcher UHP Monro-Jet F1 pour d\u00e9ploiement offshore, 500 bars (22 000 psi)<\/b><\/strong><\/p>\n<p>Le<strong><b>1<\/b><\/strong><strong><b>Buses de sablage Karcher UHP Monro-Jet F1 pour d\u00e9ploiement offshore, 500 bars (22 000 psi)<\/b><\/strong><strong><b>\u00a0<\/b><\/strong>\u00a0Ils b\u00e9n\u00e9ficient d&#039;une conception avantageuse en termes de taille et disposent d&#039;un puissant jet plat de pulv\u00e9risation et de nettoyage, et leurs dimensions d\u00e9taill\u00e9es sont les suivantes\u00a0:<\/p>\n<p><img decoding=\"async\" class=\"alignleft size-medium wp-image-1248 lazyload\" data-src=\"https:\/\/panwinjet.com\/wp-content\/uploads\/2025\/09\/4Orbital-nozzle-Jet-F25-1-500x173.jpg\" alt=\"\" width=\"500\" height=\"173\" data-srcset=\"https:\/\/panwinjet.com\/wp-content\/uploads\/2025\/09\/4Orbital-nozzle-Jet-F25-1-500x173.jpg 500w, https:\/\/panwinjet.com\/wp-content\/uploads\/2025\/09\/4Orbital-nozzle-Jet-F25-1-1200x414.jpg 1200w, https:\/\/panwinjet.com\/wp-content\/uploads\/2025\/09\/4Orbital-nozzle-Jet-F25-1-300x104.jpg 300w, https:\/\/panwinjet.com\/wp-content\/uploads\/2025\/09\/4Orbital-nozzle-Jet-F25-1-768x265.jpg 768w, https:\/\/panwinjet.com\/wp-content\/uploads\/2025\/09\/4Orbital-nozzle-Jet-F25-1-1536x530.jpg 1536w, https:\/\/panwinjet.com\/wp-content\/uploads\/2025\/09\/4Orbital-nozzle-Jet-F25-1-150x52.jpg 150w, https:\/\/panwinjet.com\/wp-content\/uploads\/2025\/09\/4Orbital-nozzle-Jet-F25-1-480x166.jpg 480w, https:\/\/panwinjet.com\/wp-content\/uploads\/2025\/09\/4Orbital-nozzle-Jet-F25-1-800x276.jpg 800w, https:\/\/panwinjet.com\/wp-content\/uploads\/2025\/09\/4Orbital-nozzle-Jet-F25-1.jpg 1631w\" data-sizes=\"(max-width:767px) 480px, 500px\" src=\"data:image\/svg+xml;base64,PHN2ZyB3aWR0aD0iMSIgaGVpZ2h0PSIxIiB4bWxucz0iaHR0cDovL3d3dy53My5vcmcvMjAwMC9zdmciPjwvc3ZnPg==\" style=\"--smush-placeholder-width: 500px; --smush-placeholder-aspect-ratio: 500\/173;\" \/><\/p>\n<p>Liste des pi\u00e8ces d\u00e9tach\u00e9es\u00a0:<\/p>\n<p>&nbsp;<\/p>","protected":false},"excerpt":{"rendered":"<p><strong><b>Introduction de<\/b><\/strong><strong><b>\u00a0<\/b><\/strong><strong><b>\u00a0<\/b><\/strong><strong><b>1<\/b><\/strong><strong><b>Buses de sablage Karcher UHP Monro-Jet F1 pour d\u00e9ploiement offshore, 500 bars (22 000 psi)<\/b><\/strong><\/p>\n<p>Ce <strong><b>1<\/b><\/strong><strong><b>Buses de sablage Karcher UHP Monro-Jet F1 pour d\u00e9ploiement offshore, 500 bars (22 000 psi)<\/b><\/strong>\u00a0Il s&#039;agit de l&#039;ensemble d&#039;outils \u00e0 buses tranchantes pour le nettoyage et le traitement des surfaces. <strong><b>1<\/b><\/strong><strong><b>500 Bar - 22 Kpsi UHP Monro-Jet F1 <\/b><\/strong>Combinant la puissance \u00e9lev\u00e9e du jet ponctuel et la large couverture du jet plat, il est polyvalent et peut \u00eatre utilis\u00e9 avec tous les raccords haute pression homologu\u00e9s et mont\u00e9 sur des lances. Il est compatible avec <strong><b>1<\/b><\/strong><strong><b>500 Bar - 22 Kpsi UHP Monro-Jet F1 <\/b><\/strong><\/p>\n<p><strong><b>\u00a0Param\u00e8tre (sp\u00e9cification) de <\/b><\/strong><strong><b>1<\/b><\/strong><strong><b>Buses de sablage Karcher UHP Monro-Jet F1 pour d\u00e9ploiement offshore, 500 bars (22 000 psi)<\/b><\/strong><\/p>\n<p>Peut \u00eatre utilis\u00e9 pour des pressions allant jusqu&#039;\u00e0 1500 bars, avec deux types de filetage de connexion diff\u00e9rents, M14x1,5 LH HP et 9\/16\u2033-18 UNF LH HP, il est polyvalent pour le nettoyage et le traitement de surface, le d\u00e9ploiement offshore, la d\u00e9molition de b\u00e9ton, etc.<\/p>","protected":false},"featured_media":1247,"template":"","meta":[],"product_brand":[],"product_cat":[11,5],"product_tag":[25],"class_list":{"0":"post-1240","1":"product","2":"type-product","3":"status-publish","4":"has-post-thumbnail","6":"product_cat-ship-cleaning-device","7":"product_cat-uhp-rotating-nozzles","8":"product_tag-22kpsi-uhp-mvt-monro-jet-f1","10":"first","11":"instock","12":"shipping-taxable","13":"product-type-simple"},"yoast_head":"<!-- This site is optimized with the Yoast SEO plugin v24.9 - https:\/\/yoast.com\/wordpress\/plugins\/seo\/ -->\n<title>1500Bar-22Kpsi UHP Monro-Jet F1 hydro Jet Offshore deployment Blasting Karcher Nozzles - Panwin Machinery&amp;Equipment<\/title>\n<meta name=\"robots\" content=\"index, follow, max-snippet:-1, max-image-preview:large, max-video-preview:-1\" \/>\n<link rel=\"canonical\" href=\"https:\/\/panwinjet.com\/fr\/produit\/1500bar-22kpsi-uhp-monro-jet-f1-hydro-jet-offshore-deployment-blasting-karcher-nozzles\/\" \/>\n<meta property=\"og:locale\" content=\"fr_FR\" \/>\n<meta property=\"og:type\" content=\"article\" \/>\n<meta property=\"og:title\" content=\"1500Bar-22Kpsi UHP Monro-Jet F1 hydro Jet Offshore deployment Blasting Karcher Nozzles - Panwin Machinery&amp;Equipment\" \/>\n<meta property=\"og:description\" content=\"Introduction of\u00a0\u00a01500Bar-22Kpsi UHP Monro-Jet F1 \u00a0hydro Jet Offshore deployment Blasting Karcher Nozzles  This 1500Bar-22Kpsi UHP Monro-Jet F1 \u00a0hydro Jet Offshore deployment Blasting Karcher Nozzles\u00a0is the Surface cleaning and treatment sharp nozzles tools assembly, this 1500Bar-22Kpsi UHP Monro-Jet F1 combine the high power of the point jet with the large coverage\u00a0output of the flat stream Jet, it is versatile to be applied with all approved high-pressure fittings and mounted on lances. It is compatible with 1500Bar-22Kpsi UHP Monro-Jet F1   \u00a0Parameter (Specification) of 1500Bar-22Kpsi UHP Monro-Jet F1 \u00a0hydro Jet Offshore deployment Blasting Karcher Nozzles  can be applied to pressure rated up to 1500Bar,with two different connection thread type,M14x1.5 LH HP and 9\/16&quot;-18 UNF LH HP, it is versatile for Surface cleaning and treatment,Offshore deployment,Concrete demolition etc.\" \/>\n<meta property=\"og:url\" content=\"https:\/\/panwinjet.com\/fr\/produit\/1500bar-22kpsi-uhp-monro-jet-f1-hydro-jet-offshore-deployment-blasting-karcher-nozzles\/\" \/>\n<meta property=\"og:site_name\" content=\"Panwin Machinery&amp;Equipment\" \/>\n<meta property=\"og:image\" content=\"https:\/\/panwinjet.com\/wp-content\/uploads\/2025\/09\/MVT-F1-1500Bar-Nozzle-6.jpg\" \/>\n\t<meta property=\"og:image:width\" content=\"1279\" \/>\n\t<meta property=\"og:image:height\" content=\"1706\" \/>\n\t<meta property=\"og:image:type\" content=\"image\/jpeg\" \/>\n<meta name=\"twitter:card\" content=\"summary_large_image\" \/>\n<meta name=\"twitter:label1\" content=\"Dur\u00e9e de lecture estim\u00e9e\" \/>\n\t<meta name=\"twitter:data1\" content=\"2 minutes\" \/>\n<script type=\"application\/ld+json\" class=\"yoast-schema-graph\">{\"@context\":\"https:\/\/schema.org\",\"@graph\":[{\"@type\":\"WebPage\",\"@id\":\"https:\/\/panwinjet.com\/product\/1500bar-22kpsi-uhp-monro-jet-f1-hydro-jet-offshore-deployment-blasting-karcher-nozzles\/\",\"url\":\"https:\/\/panwinjet.com\/product\/1500bar-22kpsi-uhp-monro-jet-f1-hydro-jet-offshore-deployment-blasting-karcher-nozzles\/\",\"name\":\"1500Bar-22Kpsi UHP Monro-Jet F1 hydro Jet Offshore deployment Blasting Karcher Nozzles - Panwin Machinery&amp;Equipment\",\"isPartOf\":{\"@id\":\"https:\/\/panwinjet.com\/#website\"},\"primaryImageOfPage\":{\"@id\":\"https:\/\/panwinjet.com\/product\/1500bar-22kpsi-uhp-monro-jet-f1-hydro-jet-offshore-deployment-blasting-karcher-nozzles\/#primaryimage\"},\"image\":{\"@id\":\"https:\/\/panwinjet.com\/product\/1500bar-22kpsi-uhp-monro-jet-f1-hydro-jet-offshore-deployment-blasting-karcher-nozzles\/#primaryimage\"},\"thumbnailUrl\":\"https:\/\/panwinjet.com\/wp-content\/uploads\/2025\/09\/MVT-F1-1500Bar-Nozzle-6.jpg\",\"datePublished\":\"2025-09-21T15:20:56+00:00\",\"breadcrumb\":{\"@id\":\"https:\/\/panwinjet.com\/product\/1500bar-22kpsi-uhp-monro-jet-f1-hydro-jet-offshore-deployment-blasting-karcher-nozzles\/#breadcrumb\"},\"inLanguage\":\"fr-FR\",\"potentialAction\":[{\"@type\":\"ReadAction\",\"target\":[\"https:\/\/panwinjet.com\/product\/1500bar-22kpsi-uhp-monro-jet-f1-hydro-jet-offshore-deployment-blasting-karcher-nozzles\/\"]}]},{\"@type\":\"ImageObject\",\"inLanguage\":\"fr-FR\",\"@id\":\"https:\/\/panwinjet.com\/product\/1500bar-22kpsi-uhp-monro-jet-f1-hydro-jet-offshore-deployment-blasting-karcher-nozzles\/#primaryimage\",\"url\":\"https:\/\/panwinjet.com\/wp-content\/uploads\/2025\/09\/MVT-F1-1500Bar-Nozzle-6.jpg\",\"contentUrl\":\"https:\/\/panwinjet.com\/wp-content\/uploads\/2025\/09\/MVT-F1-1500Bar-Nozzle-6.jpg\",\"width\":1279,\"height\":1706},{\"@type\":\"BreadcrumbList\",\"@id\":\"https:\/\/panwinjet.com\/product\/1500bar-22kpsi-uhp-monro-jet-f1-hydro-jet-offshore-deployment-blasting-karcher-nozzles\/#breadcrumb\",\"itemListElement\":[{\"@type\":\"ListItem\",\"position\":1,\"name\":\"\u9996\u9875\",\"item\":\"https:\/\/panwinjet.com\/\"},{\"@type\":\"ListItem\",\"position\":2,\"name\":\"PRODUCT\",\"item\":\"https:\/\/panwinjet.com\/product\/\"},{\"@type\":\"ListItem\",\"position\":3,\"name\":\"1500Bar-22Kpsi UHP Monro-Jet F1 hydro Jet Offshore deployment Blasting Karcher Nozzles\"}]},{\"@type\":\"WebSite\",\"@id\":\"https:\/\/panwinjet.com\/#website\",\"url\":\"https:\/\/panwinjet.com\/\",\"name\":\"Panwin Machinery&amp;Equipment\",\"description\":\"Shenzhen Panwin Machinery&amp;Equipment Co.Ltd\",\"potentialAction\":[{\"@type\":\"SearchAction\",\"target\":{\"@type\":\"EntryPoint\",\"urlTemplate\":\"https:\/\/panwinjet.com\/?s={search_term_string}\"},\"query-input\":{\"@type\":\"PropertyValueSpecification\",\"valueRequired\":true,\"valueName\":\"search_term_string\"}}],\"inLanguage\":\"fr-FR\"}]}<\/script>\n<!-- \/ Yoast SEO plugin. -->","yoast_head_json":{"title":"1500Bar-22Kpsi UHP Monro-Jet F1 hydro Jet Offshore deployment Blasting Karcher Nozzles - Panwin Machinery&amp;Equipment","robots":{"index":"index","follow":"follow","max-snippet":"max-snippet:-1","max-image-preview":"max-image-preview:large","max-video-preview":"max-video-preview:-1"},"canonical":"https:\/\/panwinjet.com\/fr\/produit\/1500bar-22kpsi-uhp-monro-jet-f1-hydro-jet-offshore-deployment-blasting-karcher-nozzles\/","og_locale":"fr_FR","og_type":"article","og_title":"1500Bar-22Kpsi UHP Monro-Jet F1 hydro Jet Offshore deployment Blasting Karcher Nozzles - Panwin Machinery&amp;Equipment","og_description":"Introduction of\u00a0\u00a01500Bar-22Kpsi UHP Monro-Jet F1 \u00a0hydro Jet Offshore deployment Blasting Karcher Nozzles  This 1500Bar-22Kpsi UHP Monro-Jet F1 \u00a0hydro Jet Offshore deployment Blasting Karcher Nozzles\u00a0is the Surface cleaning and treatment sharp nozzles tools assembly, this 1500Bar-22Kpsi UHP Monro-Jet F1 combine the high power of the point jet with the large coverage\u00a0output of the flat stream Jet, it is versatile to be applied with all approved high-pressure fittings and mounted on lances. It is compatible with 1500Bar-22Kpsi UHP Monro-Jet F1   \u00a0Parameter (Specification) of 1500Bar-22Kpsi UHP Monro-Jet F1 \u00a0hydro Jet Offshore deployment Blasting Karcher Nozzles  can be applied to pressure rated up to 1500Bar,with two different connection thread type,M14x1.5 LH HP and 9\/16\"-18 UNF LH HP, it is versatile for Surface cleaning and treatment,Offshore deployment,Concrete demolition etc.","og_url":"https:\/\/panwinjet.com\/fr\/produit\/1500bar-22kpsi-uhp-monro-jet-f1-hydro-jet-offshore-deployment-blasting-karcher-nozzles\/","og_site_name":"Panwin Machinery&amp;Equipment","og_image":[{"width":1279,"height":1706,"url":"https:\/\/panwinjet.com\/wp-content\/uploads\/2025\/09\/MVT-F1-1500Bar-Nozzle-6.jpg","type":"image\/jpeg"}],"twitter_card":"summary_large_image","twitter_misc":{"Dur\u00e9e de lecture estim\u00e9e":"2 minutes"},"schema":{"@context":"https:\/\/schema.org","@graph":[{"@type":"WebPage","@id":"https:\/\/panwinjet.com\/product\/1500bar-22kpsi-uhp-monro-jet-f1-hydro-jet-offshore-deployment-blasting-karcher-nozzles\/","url":"https:\/\/panwinjet.com\/product\/1500bar-22kpsi-uhp-monro-jet-f1-hydro-jet-offshore-deployment-blasting-karcher-nozzles\/","name":"1500Bar-22Kpsi UHP Monro-Jet F1 hydro Jet Offshore deployment Blasting Karcher Nozzles - Panwin Machinery&amp;Equipment","isPartOf":{"@id":"https:\/\/panwinjet.com\/#website"},"primaryImageOfPage":{"@id":"https:\/\/panwinjet.com\/product\/1500bar-22kpsi-uhp-monro-jet-f1-hydro-jet-offshore-deployment-blasting-karcher-nozzles\/#primaryimage"},"image":{"@id":"https:\/\/panwinjet.com\/product\/1500bar-22kpsi-uhp-monro-jet-f1-hydro-jet-offshore-deployment-blasting-karcher-nozzles\/#primaryimage"},"thumbnailUrl":"https:\/\/panwinjet.com\/wp-content\/uploads\/2025\/09\/MVT-F1-1500Bar-Nozzle-6.jpg","datePublished":"2025-09-21T15:20:56+00:00","breadcrumb":{"@id":"https:\/\/panwinjet.com\/product\/1500bar-22kpsi-uhp-monro-jet-f1-hydro-jet-offshore-deployment-blasting-karcher-nozzles\/#breadcrumb"},"inLanguage":"fr-FR","potentialAction":[{"@type":"ReadAction","target":["https:\/\/panwinjet.com\/product\/1500bar-22kpsi-uhp-monro-jet-f1-hydro-jet-offshore-deployment-blasting-karcher-nozzles\/"]}]},{"@type":"ImageObject","inLanguage":"fr-FR","@id":"https:\/\/panwinjet.com\/product\/1500bar-22kpsi-uhp-monro-jet-f1-hydro-jet-offshore-deployment-blasting-karcher-nozzles\/#primaryimage","url":"https:\/\/panwinjet.com\/wp-content\/uploads\/2025\/09\/MVT-F1-1500Bar-Nozzle-6.jpg","contentUrl":"https:\/\/panwinjet.com\/wp-content\/uploads\/2025\/09\/MVT-F1-1500Bar-Nozzle-6.jpg","width":1279,"height":1706},{"@type":"BreadcrumbList","@id":"https:\/\/panwinjet.com\/product\/1500bar-22kpsi-uhp-monro-jet-f1-hydro-jet-offshore-deployment-blasting-karcher-nozzles\/#breadcrumb","itemListElement":[{"@type":"ListItem","position":1,"name":"\u9996\u9875","item":"https:\/\/panwinjet.com\/"},{"@type":"ListItem","position":2,"name":"PRODUCT","item":"https:\/\/panwinjet.com\/product\/"},{"@type":"ListItem","position":3,"name":"1500Bar-22Kpsi UHP Monro-Jet F1 hydro Jet Offshore deployment Blasting Karcher Nozzles"}]},{"@type":"WebSite","@id":"https:\/\/panwinjet.com\/#website","url":"https:\/\/panwinjet.com\/","name":"Panwin Machinery&amp;Equipment","description":"Shenzhen Panwin Machinery&amp;Equipment Co.Ltd","potentialAction":[{"@type":"SearchAction","target":{"@type":"EntryPoint","urlTemplate":"https:\/\/panwinjet.com\/?s={search_term_string}"},"query-input":{"@type":"PropertyValueSpecification","valueRequired":true,"valueName":"search_term_string"}}],"inLanguage":"fr-FR"}]}},"_links":{"self":[{"href":"https:\/\/panwinjet.com\/fr\/wp-json\/wp\/v2\/product\/1240","targetHints":{"allow":["GET"]}}],"collection":[{"href":"https:\/\/panwinjet.com\/fr\/wp-json\/wp\/v2\/product"}],"about":[{"href":"https:\/\/panwinjet.com\/fr\/wp-json\/wp\/v2\/types\/product"}],"wp:featuredmedia":[{"embeddable":true,"href":"https:\/\/panwinjet.com\/fr\/wp-json\/wp\/v2\/media\/1247"}],"wp:attachment":[{"href":"https:\/\/panwinjet.com\/fr\/wp-json\/wp\/v2\/media?parent=1240"}],"wp:term":[{"taxonomy":"product_brand","embeddable":true,"href":"https:\/\/panwinjet.com\/fr\/wp-json\/wp\/v2\/product_brand?post=1240"},{"taxonomy":"product_cat","embeddable":true,"href":"https:\/\/panwinjet.com\/fr\/wp-json\/wp\/v2\/product_cat?post=1240"},{"taxonomy":"product_tag","embeddable":true,"href":"https:\/\/panwinjet.com\/fr\/wp-json\/wp\/v2\/product_tag?post=1240"}],"curies":[{"name":"wp","href":"https:\/\/api.w.org\/{rel}","templated":true}]}}