{"id":1204,"date":"2025-09-21T14:16:11","date_gmt":"2025-09-21T14:16:11","guid":{"rendered":"https:\/\/panwinjet.com\/?post_type=product&#038;p=1204"},"modified":"2025-09-21T14:16:11","modified_gmt":"2025-09-21T14:16:11","slug":"1500bar-22kpsi-uhp-water-blasting-paint-rust-removal-cleaning-machine-jetstream-22k-hand-control-dump-spraying-gun","status":"publish","type":"product","link":"https:\/\/panwinjet.com\/fr\/produit\/1500bar-22kpsi-uhp-water-blasting-paint-rust-removal-cleaning-machine-jetstream-22k-hand-control-dump-spraying-gun\/","title":{"rendered":"Machine de nettoyage et d&#039;\u00e9limination de la peinture et de la rouille par jet d&#039;eau ultra-haute pression (1500 bars - 22 000 psi) Jetstream 22K \u00e0 commande manuelle et \u00e0 d\u00e9versement par jet d&#039;eau"},"content":{"rendered":"<p><strong><b>Param\u00e8tre (sp\u00e9cification) de <\/b><\/strong>Pi\u00e8ces de machine de nettoyage pour d\u00e9capage de peinture au jet d&#039;eau 20K, pistolet \u00e0 commande manuelle, type \u00e0 basculement<\/p>\n<p>Cette machine de nettoyage \u00e0 jet d&#039;eau pour d\u00e9capage de peinture, \u00e9quip\u00e9e d&#039;un pistolet \u00e0 commande manuelle 20K et d&#039;un raccord d&#039;entr\u00e9e m\u00e2le HP 9\/16\u2033 (un raccord tr\u00e8s courant et facile \u00e0 connecter), offre un d\u00e9bit de 30 gpm et permet d&#039;\u00e9liminer d&#039;importantes quantit\u00e9s de d\u00e9p\u00f4ts de rouille et autres r\u00e9sidus. Caract\u00e9ristiques d\u00e9taill\u00e9es ci-dessous\u00a0:<\/p>\n<p><img decoding=\"async\" class=\"aligncenter size-full wp-image-1214 lazyload\" data-src=\"https:\/\/panwinjet.com\/wp-content\/uploads\/2025\/09\/\u53c2\u6570.png\" alt=\"\" width=\"744\" height=\"279\" data-srcset=\"https:\/\/panwinjet.com\/wp-content\/uploads\/2025\/09\/\u53c2\u6570.png 744w, https:\/\/panwinjet.com\/wp-content\/uploads\/2025\/09\/\u53c2\u6570-500x188.png 500w, https:\/\/panwinjet.com\/wp-content\/uploads\/2025\/09\/\u53c2\u6570-300x113.png 300w, https:\/\/panwinjet.com\/wp-content\/uploads\/2025\/09\/\u53c2\u6570-150x56.png 150w, https:\/\/panwinjet.com\/wp-content\/uploads\/2025\/09\/\u53c2\u6570-480x180.png 480w\" data-sizes=\"(max-width:767px) 480px, 744px\" src=\"data:image\/svg+xml;base64,PHN2ZyB3aWR0aD0iMSIgaGVpZ2h0PSIxIiB4bWxucz0iaHR0cDovL3d3dy53My5vcmcvMjAwMC9zdmciPjwvc3ZnPg==\" style=\"--smush-placeholder-width: 744px; --smush-placeholder-aspect-ratio: 744\/279;\" \/><\/p>\n<p>&nbsp;<\/p>\n<p><b><\/b><strong><b>Caract\u00e9ristiques et applications de <\/b><\/strong>Pi\u00e8ces de machine de nettoyage pour d\u00e9capage de peinture au jet d&#039;eau 20K, pistolet \u00e0 commande manuelle, type \u00e0 basculement<\/p>\n<p>Le pistolet de commande manuelle 20K de la machine de nettoyage \u00e0 jet d&#039;eau pour d\u00e9capage de peinture offre des performances stables et puissantes gr\u00e2ce \u00e0 sa conception unique et \u00e0 ses fonctionnalit\u00e9s avanc\u00e9es, qui sont \u00e9num\u00e9r\u00e9es ci-dessous\u00a0:<\/p>\n<p>1: Conception de cartouche rempla\u00e7able sur le terrain en quelques minutes pour un temps d&#039;arr\u00eat minimal.<\/p>\n<p><strong><b>2:<\/b><\/strong><strong><b>\u00a0<\/b><\/strong>Distance de 48 pouces entre la g\u00e2chette principale et l&#039;extr\u00e9mit\u00e9 du canon pour garantir une s\u00e9curit\u00e9 maximale \u00e0 l&#039;op\u00e9rateur.<\/p>\n<p><strong><b>3:<\/b><\/strong><strong><b>\u00a0<\/b><\/strong>L\u00e9ger.<\/p>\n<p>4:Les mod\u00e8les DCP sont dot\u00e9s d&#039;un coussin corporel enti\u00e8rement r\u00e9glable pour un confort maximal de l&#039;op\u00e9rateur dans n&#039;importe quelle position (\u00e9paule, hanche, poitrine, etc.).<\/p>\n<p>5 : Poign\u00e9e secondaire r\u00e9glable incluse avec les mod\u00e8les \u00e0 d\u00e9tente unique.<\/p>\n<p>6 : Les mod\u00e8les \u00e0 double d\u00e9tente n\u00e9cessitent que les deux d\u00e9tentes soient actionn\u00e9es pour pouvoir \u00eatre utilis\u00e9s.<\/p>\n<p>Pression du syst\u00e8me pour une s\u00e9curit\u00e9 maximale de l&#039;op\u00e9rateur.<\/p>\n<p><strong><b>7:<\/b><\/strong><strong><b>\u00a0<\/b><\/strong>Tous les composants soumis \u00e0 la pression sont en acier inoxydable.<\/p>\n<p>8:Tous les pistolets sont cod\u00e9s en bleu pour plus de s\u00e9curit\u00e9 \u00e0 20Kpsi (1379 bar).<\/p>\n<p>&nbsp;<\/p>\n<p>Application:<\/p>\n<p>Nous, Panwin, sommes le fabricant de cette machine de nettoyage \u00e0 jet d&#039;eau sous pression de 20\u00a0000\u00a0psi, \u00e9quip\u00e9e d&#039;un pistolet \u00e0 commande manuelle 20k, \u00e0 un prix comp\u00e9titif. Ce pistolet \u00e0 commande manuelle est indispensable pour toute application de nettoyage manuel gr\u00e2ce \u00e0 sa haute qualit\u00e9 et \u00e0 ses excellentes performances de pulv\u00e9risation. Il peut \u00eatre largement utilis\u00e9 pour le nettoyage de surfaces, le nettoyage de r\u00e9servoirs et de cuves, le nettoyage de la peinture automobile, le nettoyage dans l&#039;industrie mini\u00e8re, le nettoyage dans la fabrication de l&#039;acier, l&#039;industrie de la construction, etc.<\/p>","protected":false},"excerpt":{"rendered":"<h5><strong>UHP 1500 bar - 22 kpsi <\/strong><strong>Peinture au jet d&#039;eau <\/strong><strong>Rouiller <\/strong><strong>machine de nettoyage \u00e0 enl\u00e8vement<\/strong><strong>\u00a0Jetstream<\/strong><strong>\u00a02<\/strong><strong>2<\/strong><strong>Dump de la commande manuelle K <\/strong><strong>Pistolet \u00e0 peinture<\/strong><\/h5>\n<p>Pr\u00e9sentation des pi\u00e8ces d\u00e9tach\u00e9es pour machine de nettoyage et de d\u00e9capage de peinture au jet d&#039;eau, mod\u00e8le 20K \u00e0 commande manuelle et benne basculante<\/p>\n<p>Les pi\u00e8ces de la machine de nettoyage \u00e0 jet d&#039;eau haute pression 20K, \u00e0 commande manuelle et \u00e0 basculement, sont puissantes et indispensables pour toute application de nettoyage manuel. Ces pistolets de contr\u00f4le de 20\u00a0000\u00a0psi offrent diverses fonctionnalit\u00e9s alliant s\u00e9curit\u00e9, confort, simplicit\u00e9 et gain de temps.<\/p>\n<p>Avec une pression de sablage de 20 kpsi, ces pistolets de contr\u00f4le sont utilis\u00e9s pour diverses applications de nettoyage de surfaces, d&#039;\u00e9limination de peinture et de rouille, de nettoyage de tubes et de tuyaux ; ils se connectent facilement aux buses rotatives et constituent des outils de nettoyage parfaits et polyvalents.<\/p>\n<p><img decoding=\"async\" class=\"aligncenter size-full wp-image-1215 lazyload\" data-src=\"https:\/\/panwinjet.com\/wp-content\/uploads\/2025\/09\/20K-\u7ed3\u6784\u56feP\u8fc7-1.png\" alt=\"\" width=\"1273\" height=\"687\" data-srcset=\"https:\/\/panwinjet.com\/wp-content\/uploads\/2025\/09\/20K-\u7ed3\u6784\u56feP\u8fc7-1.png 1273w, https:\/\/panwinjet.com\/wp-content\/uploads\/2025\/09\/20K-\u7ed3\u6784\u56feP\u8fc7-1-500x270.png 500w, https:\/\/panwinjet.com\/wp-content\/uploads\/2025\/09\/20K-\u7ed3\u6784\u56feP\u8fc7-1-1200x648.png 1200w, https:\/\/panwinjet.com\/wp-content\/uploads\/2025\/09\/20K-\u7ed3\u6784\u56feP\u8fc7-1-300x162.png 300w, https:\/\/panwinjet.com\/wp-content\/uploads\/2025\/09\/20K-\u7ed3\u6784\u56feP\u8fc7-1-768x414.png 768w, https:\/\/panwinjet.com\/wp-content\/uploads\/2025\/09\/20K-\u7ed3\u6784\u56feP\u8fc7-1-139x75.png 139w, https:\/\/panwinjet.com\/wp-content\/uploads\/2025\/09\/20K-\u7ed3\u6784\u56feP\u8fc7-1-480x259.png 480w, https:\/\/panwinjet.com\/wp-content\/uploads\/2025\/09\/20K-\u7ed3\u6784\u56feP\u8fc7-1-800x432.png 800w\" data-sizes=\"(max-width:767px) 480px, (max-width:1273px) 100vw, 1273px\" src=\"data:image\/svg+xml;base64,PHN2ZyB3aWR0aD0iMSIgaGVpZ2h0PSIxIiB4bWxucz0iaHR0cDovL3d3dy53My5vcmcvMjAwMC9zdmciPjwvc3ZnPg==\" style=\"--smush-placeholder-width: 1273px; --smush-placeholder-aspect-ratio: 1273\/687;\" \/><\/p>","protected":false},"featured_media":1205,"template":"","meta":[],"product_brand":[],"product_cat":[11,4],"product_tag":[17,20],"class_list":{"0":"post-1204","1":"product","2":"type-product","3":"status-publish","4":"has-post-thumbnail","6":"product_cat-ship-cleaning-device","7":"product_cat-uhp-blasting-hand-air-gun","8":"product_tag-1500bar-ship-surface-cleaining-tool","9":"product_tag-uhp-22k-water-blasting-spraying-gun","11":"first","12":"instock","13":"shipping-taxable","14":"product-type-simple"},"yoast_head":"<!-- This site is optimized with the Yoast SEO plugin v24.9 - https:\/\/yoast.com\/wordpress\/plugins\/seo\/ -->\n<title>1500Bar-22Kpsi UHP Water blasting Paint Rust removal cleaning machine Jetstream 22K Hand Control Dump Spraying Gun - Panwin Machinery&amp;Equipment<\/title>\n<meta name=\"robots\" content=\"index, follow, max-snippet:-1, max-image-preview:large, max-video-preview:-1\" \/>\n<link rel=\"canonical\" href=\"https:\/\/panwinjet.com\/fr\/produit\/1500bar-22kpsi-uhp-water-blasting-paint-rust-removal-cleaning-machine-jetstream-22k-hand-control-dump-spraying-gun\/\" \/>\n<meta property=\"og:locale\" content=\"fr_FR\" \/>\n<meta property=\"og:type\" content=\"article\" \/>\n<meta property=\"og:title\" content=\"1500Bar-22Kpsi UHP Water blasting Paint Rust removal cleaning machine Jetstream 22K Hand Control Dump Spraying Gun - Panwin Machinery&amp;Equipment\" \/>\n<meta property=\"og:description\" content=\"1500Bar-22Kpsi UHP Water blasting Paint Rust removal cleaning machine\u00a0Jetstream\u00a022K Hand Control Dump Spraying Gun Introduction of Water blasting Paint removal cleaning machine parts 20K Hand Control Dump Style  The Water blasting Paint removal cleaning machine parts 20K Hand Control Dump Style\u00a0are a powerful and necessity in any hand lancing application. This\u00a020Kpsi\u00a0control guns have various features\u00a0with safety, comfort and simplicity\u00a0and time-saving.  And with 20kpsi Blasting pressure, this control guns are used for a variety of surface cleaning \u00a0paint&amp;rust removal, tube&amp;pipe cleaning applications, it is easy to connect with the rotary nozzles, it is perfect and versatile cleaning tools.\" \/>\n<meta property=\"og:url\" content=\"https:\/\/panwinjet.com\/fr\/produit\/1500bar-22kpsi-uhp-water-blasting-paint-rust-removal-cleaning-machine-jetstream-22k-hand-control-dump-spraying-gun\/\" \/>\n<meta property=\"og:site_name\" content=\"Panwin Machinery&amp;Equipment\" \/>\n<meta property=\"og:image\" content=\"https:\/\/panwinjet.com\/wp-content\/uploads\/2025\/09\/20K-Hand-Control-gun.png\" \/>\n\t<meta property=\"og:image:width\" content=\"1027\" \/>\n\t<meta property=\"og:image:height\" content=\"223\" \/>\n\t<meta property=\"og:image:type\" content=\"image\/png\" \/>\n<meta name=\"twitter:card\" content=\"summary_large_image\" \/>\n<meta name=\"twitter:label1\" content=\"Dur\u00e9e de lecture estim\u00e9e\" \/>\n\t<meta name=\"twitter:data1\" content=\"2 minutes\" \/>\n<script type=\"application\/ld+json\" class=\"yoast-schema-graph\">{\"@context\":\"https:\/\/schema.org\",\"@graph\":[{\"@type\":\"WebPage\",\"@id\":\"https:\/\/panwinjet.com\/product\/1500bar-22kpsi-uhp-water-blasting-paint-rust-removal-cleaning-machine-jetstream-22k-hand-control-dump-spraying-gun\/\",\"url\":\"https:\/\/panwinjet.com\/product\/1500bar-22kpsi-uhp-water-blasting-paint-rust-removal-cleaning-machine-jetstream-22k-hand-control-dump-spraying-gun\/\",\"name\":\"1500Bar-22Kpsi UHP Water blasting Paint Rust removal cleaning machine Jetstream 22K Hand Control Dump Spraying Gun - Panwin Machinery&amp;Equipment\",\"isPartOf\":{\"@id\":\"https:\/\/panwinjet.com\/#website\"},\"primaryImageOfPage\":{\"@id\":\"https:\/\/panwinjet.com\/product\/1500bar-22kpsi-uhp-water-blasting-paint-rust-removal-cleaning-machine-jetstream-22k-hand-control-dump-spraying-gun\/#primaryimage\"},\"image\":{\"@id\":\"https:\/\/panwinjet.com\/product\/1500bar-22kpsi-uhp-water-blasting-paint-rust-removal-cleaning-machine-jetstream-22k-hand-control-dump-spraying-gun\/#primaryimage\"},\"thumbnailUrl\":\"https:\/\/panwinjet.com\/wp-content\/uploads\/2025\/09\/20K-Hand-Control-gun.png\",\"datePublished\":\"2025-09-21T14:16:11+00:00\",\"breadcrumb\":{\"@id\":\"https:\/\/panwinjet.com\/product\/1500bar-22kpsi-uhp-water-blasting-paint-rust-removal-cleaning-machine-jetstream-22k-hand-control-dump-spraying-gun\/#breadcrumb\"},\"inLanguage\":\"fr-FR\",\"potentialAction\":[{\"@type\":\"ReadAction\",\"target\":[\"https:\/\/panwinjet.com\/product\/1500bar-22kpsi-uhp-water-blasting-paint-rust-removal-cleaning-machine-jetstream-22k-hand-control-dump-spraying-gun\/\"]}]},{\"@type\":\"ImageObject\",\"inLanguage\":\"fr-FR\",\"@id\":\"https:\/\/panwinjet.com\/product\/1500bar-22kpsi-uhp-water-blasting-paint-rust-removal-cleaning-machine-jetstream-22k-hand-control-dump-spraying-gun\/#primaryimage\",\"url\":\"https:\/\/panwinjet.com\/wp-content\/uploads\/2025\/09\/20K-Hand-Control-gun.png\",\"contentUrl\":\"https:\/\/panwinjet.com\/wp-content\/uploads\/2025\/09\/20K-Hand-Control-gun.png\",\"width\":1027,\"height\":223},{\"@type\":\"BreadcrumbList\",\"@id\":\"https:\/\/panwinjet.com\/product\/1500bar-22kpsi-uhp-water-blasting-paint-rust-removal-cleaning-machine-jetstream-22k-hand-control-dump-spraying-gun\/#breadcrumb\",\"itemListElement\":[{\"@type\":\"ListItem\",\"position\":1,\"name\":\"\u9996\u9875\",\"item\":\"https:\/\/panwinjet.com\/\"},{\"@type\":\"ListItem\",\"position\":2,\"name\":\"PRODUCT\",\"item\":\"https:\/\/panwinjet.com\/product\/\"},{\"@type\":\"ListItem\",\"position\":3,\"name\":\"1500Bar-22Kpsi UHP Water blasting Paint Rust removal cleaning machine Jetstream 22K Hand Control Dump Spraying Gun\"}]},{\"@type\":\"WebSite\",\"@id\":\"https:\/\/panwinjet.com\/#website\",\"url\":\"https:\/\/panwinjet.com\/\",\"name\":\"Panwin Machinery&amp;Equipment\",\"description\":\"Shenzhen Panwin Machinery&amp;Equipment Co.Ltd\",\"potentialAction\":[{\"@type\":\"SearchAction\",\"target\":{\"@type\":\"EntryPoint\",\"urlTemplate\":\"https:\/\/panwinjet.com\/?s={search_term_string}\"},\"query-input\":{\"@type\":\"PropertyValueSpecification\",\"valueRequired\":true,\"valueName\":\"search_term_string\"}}],\"inLanguage\":\"fr-FR\"}]}<\/script>\n<!-- \/ Yoast SEO plugin. -->","yoast_head_json":{"title":"1500Bar-22Kpsi UHP Water blasting Paint Rust removal cleaning machine Jetstream 22K Hand Control Dump Spraying Gun - Panwin Machinery&amp;Equipment","robots":{"index":"index","follow":"follow","max-snippet":"max-snippet:-1","max-image-preview":"max-image-preview:large","max-video-preview":"max-video-preview:-1"},"canonical":"https:\/\/panwinjet.com\/fr\/produit\/1500bar-22kpsi-uhp-water-blasting-paint-rust-removal-cleaning-machine-jetstream-22k-hand-control-dump-spraying-gun\/","og_locale":"fr_FR","og_type":"article","og_title":"1500Bar-22Kpsi UHP Water blasting Paint Rust removal cleaning machine Jetstream 22K Hand Control Dump Spraying Gun - Panwin Machinery&amp;Equipment","og_description":"1500Bar-22Kpsi UHP Water blasting Paint Rust removal cleaning machine\u00a0Jetstream\u00a022K Hand Control Dump Spraying Gun Introduction of Water blasting Paint removal cleaning machine parts 20K Hand Control Dump Style  The Water blasting Paint removal cleaning machine parts 20K Hand Control Dump Style\u00a0are a powerful and necessity in any hand lancing application. This\u00a020Kpsi\u00a0control guns have various features\u00a0with safety, comfort and simplicity\u00a0and time-saving.  And with 20kpsi Blasting pressure, this control guns are used for a variety of surface cleaning \u00a0paint&amp;rust removal, tube&amp;pipe cleaning applications, it is easy to connect with the rotary nozzles, it is perfect and versatile cleaning tools.","og_url":"https:\/\/panwinjet.com\/fr\/produit\/1500bar-22kpsi-uhp-water-blasting-paint-rust-removal-cleaning-machine-jetstream-22k-hand-control-dump-spraying-gun\/","og_site_name":"Panwin Machinery&amp;Equipment","og_image":[{"width":1027,"height":223,"url":"https:\/\/panwinjet.com\/wp-content\/uploads\/2025\/09\/20K-Hand-Control-gun.png","type":"image\/png"}],"twitter_card":"summary_large_image","twitter_misc":{"Dur\u00e9e de lecture estim\u00e9e":"2 minutes"},"schema":{"@context":"https:\/\/schema.org","@graph":[{"@type":"WebPage","@id":"https:\/\/panwinjet.com\/product\/1500bar-22kpsi-uhp-water-blasting-paint-rust-removal-cleaning-machine-jetstream-22k-hand-control-dump-spraying-gun\/","url":"https:\/\/panwinjet.com\/product\/1500bar-22kpsi-uhp-water-blasting-paint-rust-removal-cleaning-machine-jetstream-22k-hand-control-dump-spraying-gun\/","name":"1500Bar-22Kpsi UHP Water blasting Paint Rust removal cleaning machine Jetstream 22K Hand Control Dump Spraying Gun - Panwin Machinery&amp;Equipment","isPartOf":{"@id":"https:\/\/panwinjet.com\/#website"},"primaryImageOfPage":{"@id":"https:\/\/panwinjet.com\/product\/1500bar-22kpsi-uhp-water-blasting-paint-rust-removal-cleaning-machine-jetstream-22k-hand-control-dump-spraying-gun\/#primaryimage"},"image":{"@id":"https:\/\/panwinjet.com\/product\/1500bar-22kpsi-uhp-water-blasting-paint-rust-removal-cleaning-machine-jetstream-22k-hand-control-dump-spraying-gun\/#primaryimage"},"thumbnailUrl":"https:\/\/panwinjet.com\/wp-content\/uploads\/2025\/09\/20K-Hand-Control-gun.png","datePublished":"2025-09-21T14:16:11+00:00","breadcrumb":{"@id":"https:\/\/panwinjet.com\/product\/1500bar-22kpsi-uhp-water-blasting-paint-rust-removal-cleaning-machine-jetstream-22k-hand-control-dump-spraying-gun\/#breadcrumb"},"inLanguage":"fr-FR","potentialAction":[{"@type":"ReadAction","target":["https:\/\/panwinjet.com\/product\/1500bar-22kpsi-uhp-water-blasting-paint-rust-removal-cleaning-machine-jetstream-22k-hand-control-dump-spraying-gun\/"]}]},{"@type":"ImageObject","inLanguage":"fr-FR","@id":"https:\/\/panwinjet.com\/product\/1500bar-22kpsi-uhp-water-blasting-paint-rust-removal-cleaning-machine-jetstream-22k-hand-control-dump-spraying-gun\/#primaryimage","url":"https:\/\/panwinjet.com\/wp-content\/uploads\/2025\/09\/20K-Hand-Control-gun.png","contentUrl":"https:\/\/panwinjet.com\/wp-content\/uploads\/2025\/09\/20K-Hand-Control-gun.png","width":1027,"height":223},{"@type":"BreadcrumbList","@id":"https:\/\/panwinjet.com\/product\/1500bar-22kpsi-uhp-water-blasting-paint-rust-removal-cleaning-machine-jetstream-22k-hand-control-dump-spraying-gun\/#breadcrumb","itemListElement":[{"@type":"ListItem","position":1,"name":"\u9996\u9875","item":"https:\/\/panwinjet.com\/"},{"@type":"ListItem","position":2,"name":"PRODUCT","item":"https:\/\/panwinjet.com\/product\/"},{"@type":"ListItem","position":3,"name":"1500Bar-22Kpsi UHP Water blasting Paint Rust removal cleaning machine Jetstream 22K Hand Control Dump Spraying Gun"}]},{"@type":"WebSite","@id":"https:\/\/panwinjet.com\/#website","url":"https:\/\/panwinjet.com\/","name":"Panwin Machinery&amp;Equipment","description":"Shenzhen Panwin Machinery&amp;Equipment Co.Ltd","potentialAction":[{"@type":"SearchAction","target":{"@type":"EntryPoint","urlTemplate":"https:\/\/panwinjet.com\/?s={search_term_string}"},"query-input":{"@type":"PropertyValueSpecification","valueRequired":true,"valueName":"search_term_string"}}],"inLanguage":"fr-FR"}]}},"_links":{"self":[{"href":"https:\/\/panwinjet.com\/fr\/wp-json\/wp\/v2\/product\/1204","targetHints":{"allow":["GET"]}}],"collection":[{"href":"https:\/\/panwinjet.com\/fr\/wp-json\/wp\/v2\/product"}],"about":[{"href":"https:\/\/panwinjet.com\/fr\/wp-json\/wp\/v2\/types\/product"}],"wp:featuredmedia":[{"embeddable":true,"href":"https:\/\/panwinjet.com\/fr\/wp-json\/wp\/v2\/media\/1205"}],"wp:attachment":[{"href":"https:\/\/panwinjet.com\/fr\/wp-json\/wp\/v2\/media?parent=1204"}],"wp:term":[{"taxonomy":"product_brand","embeddable":true,"href":"https:\/\/panwinjet.com\/fr\/wp-json\/wp\/v2\/product_brand?post=1204"},{"taxonomy":"product_cat","embeddable":true,"href":"https:\/\/panwinjet.com\/fr\/wp-json\/wp\/v2\/product_cat?post=1204"},{"taxonomy":"product_tag","embeddable":true,"href":"https:\/\/panwinjet.com\/fr\/wp-json\/wp\/v2\/product_tag?post=1204"}],"curies":[{"name":"wp","href":"https:\/\/api.w.org\/{rel}","templated":true}]}}