{"id":1188,"date":"2025-09-21T06:56:38","date_gmt":"2025-09-21T06:56:38","guid":{"rendered":"https:\/\/panwinjet.com\/?post_type=product&#038;p=1188"},"modified":"2025-09-21T06:56:39","modified_gmt":"2025-09-21T06:56:39","slug":"20kpsi-hydro-blasting-cleaning-equipment-parts-for-hammelmann-woma-high-pressure-triplex-pump-16mm-pump-guide-ring","status":"publish","type":"product","link":"https:\/\/panwinjet.com\/fr\/produit\/20kpsi-hydro-blasting-cleaning-equipment-parts-for-hammelmann-woma-high-pressure-triplex-pump-16mm-pump-guide-ring\/","title":{"rendered":"Pi\u00e8ces d\u00e9tach\u00e9es pour \u00e9quipement de nettoyage par hydrod\u00e9capage 20 kpsi\u00a0: pompe triplex haute pression Hammelmann WOMA, anneau de guidage de pompe 16 mm"},"content":{"rendered":"<p><b><\/b><strong><b>Pr\u00e9sentation des pi\u00e8ces d\u00e9tach\u00e9es pour \u00e9quipement de nettoyage par hydrod\u00e9capage 20 kpsi\u00a0: anneau de guidage de pompe 16 mm pour pompe triplex haute pression Hammelmann WOMA <\/b><\/strong><\/p>\n<p>Les pi\u00e8ces d&#039;\u00e9quipement de nettoyage par hydrod\u00e9capage 20 kpsi pour pompe triplex haute pression Hammelmann WOMA, notamment la bague de guidage de pompe de 16 mm, ont \u00e9t\u00e9 con\u00e7ues pour une tr\u00e8s grande vari\u00e9t\u00e9 de t\u00e2ches de nettoyage de surface et sont utilis\u00e9es dans les pompes de nettoyage \u00e0 jet d&#039;eau haute pression \u00e0 piston triplex WOMA.<\/p>\n<p><img decoding=\"async\" class=\"aligncenter size-full wp-image-1196 lazyload\" data-src=\"https:\/\/panwinjet.com\/wp-content\/uploads\/2025\/09\/WOMA-Parts.png\" alt=\"\" width=\"816\" height=\"636\" data-srcset=\"https:\/\/panwinjet.com\/wp-content\/uploads\/2025\/09\/WOMA-Parts.png 816w, https:\/\/panwinjet.com\/wp-content\/uploads\/2025\/09\/WOMA-Parts-500x390.png 500w, https:\/\/panwinjet.com\/wp-content\/uploads\/2025\/09\/WOMA-Parts-300x234.png 300w, https:\/\/panwinjet.com\/wp-content\/uploads\/2025\/09\/WOMA-Parts-768x599.png 768w, https:\/\/panwinjet.com\/wp-content\/uploads\/2025\/09\/WOMA-Parts-96x75.png 96w, https:\/\/panwinjet.com\/wp-content\/uploads\/2025\/09\/WOMA-Parts-480x374.png 480w, https:\/\/panwinjet.com\/wp-content\/uploads\/2025\/09\/WOMA-Parts-800x624.png 800w\" data-sizes=\"(max-width:767px) 480px, (max-width:816px) 100vw, 816px\" src=\"data:image\/svg+xml;base64,PHN2ZyB3aWR0aD0iMSIgaGVpZ2h0PSIxIiB4bWxucz0iaHR0cDovL3d3dy53My5vcmcvMjAwMC9zdmciPjwvc3ZnPg==\" style=\"--smush-placeholder-width: 816px; --smush-placeholder-aspect-ratio: 816\/636;\" \/><\/p>\n<p><strong><b>Param\u00e8tre (sp\u00e9cification) de <\/b><\/strong><strong><b>Pi\u00e8ces d\u00e9tach\u00e9es pour \u00e9quipement de nettoyage par hydrod\u00e9capage 20 kpsi\u00a0: pompe triplex haute pression Hammelmann WOMA, anneau de guidage de pompe 16 mm <\/b><\/strong><\/p>\n<p>Pi\u00e8ces d&#039;\u00e9quipement de nettoyage par hydrod\u00e9capage Panwin 20kpsi pour pompe triplex haute pression Hammelmann WOMA. La bague de guidage de pompe 16 mm pour WOMA est fabriqu\u00e9e en acier au tungst\u00e8ne non magn\u00e9tique de haute qualit\u00e9, avec un traitement thermique sup\u00e9rieur pour une excellente qualit\u00e9.<\/p>","protected":false},"excerpt":{"rendered":"<p>Les pi\u00e8ces d\u00e9tach\u00e9es pour \u00e9quipement de nettoyage par hydrod\u00e9capage 20 kpsi destin\u00e9es \u00e0 la pompe triplex haute pression Hammelmann WOMA (bague de guidage de 16 mm) sont compatibles avec les composants de la bague de guidage du piston des pompes de nettoyage par hydrod\u00e9capage WOMA. Elles sont de qualit\u00e9 stable et haute efficacit\u00e9 et pr\u00e9sentent les caract\u00e9ristiques suivantes\u00a0:<\/p>\n<ul>\n<li>Acier au tungst\u00e8ne non magn\u00e9tique de haute qualit\u00e9<\/li>\n<li>Un savoir-faire exceptionnel<\/li>\n<li>Tol\u00e9rance d&#039;\u00e9tanch\u00e9it\u00e9 \u00e9troite<\/li>\n<li>Miroir parfait \u00e0 l&#039;int\u00e9rieur de la surface gr\u00e2ce au proc\u00e9d\u00e9 CNC<\/li>\n<\/ul>\n<div style=\"width: 1088px;\" class=\"wp-video\"><video class=\"wp-video-shortcode\" id=\"video-1188-1\" width=\"1088\" height=\"1920\" preload=\"metadata\" controls=\"controls\"><source type=\"video\/mp4\" src=\"https:\/\/panwinjet.com\/wp-content\/uploads\/2025\/09\/WOMA-Guiding-Ring-Demo.mp4?_=1\" \/><a href=\"https:\/\/panwinjet.com\/wp-content\/uploads\/2025\/09\/WOMA-Guiding-Ring-Demo.mp4\">https:\/\/panwinjet.com\/wp-content\/uploads\/2025\/09\/WOMA-Guiding-Ring-Demo.mp4<\/a><\/video><\/div>\n<p>Cette pi\u00e8ce pour \u00e9quipement de nettoyage par hydrod\u00e9capage 20 kpsi, destin\u00e9e \u00e0 la pompe triplex haute pression Hammelmann WOMA, comprend une bague de guidage de 16 mm. Elle est utilis\u00e9e sur la pompe \u00e0 pression WOMA de nouvelle g\u00e9n\u00e9ration et constitue un composant cl\u00e9 de conception haut de gamme.<\/p>\n<p>La pompe peut \u00eatre largement utilis\u00e9e dans des applications telles que\u00a0:<\/p>\n<p>Industrie de la construction par hydrod\u00e9capage \u00e0 haute pression<\/p>\n<p>Industrie du fer, de l&#039;acier et des m\u00e9taux : sablage hydrodynamique<\/p>\n<p>Ing\u00e9nierie m\u00e9canique et des appareils pour nettoyeurs haute pression<\/p>\n<p>Industrie du ciment et du b\u00e9ton<\/p>\n<p>Nettoyage de surface haute pression Barracuda<\/p>\n<p>pi\u00e8ces d&#039;\u00e9quipement de nettoyage \u00e0 jet d&#039;eau ultra-haute pression<\/p>\n<p>Barres de pulv\u00e9risation pour le nettoyage industriel<\/p>\n<p>Machine de nettoyage \u00e0 haute pression pour l&#039;industrie du raffinage du p\u00e9trole<\/p>\n<p>Nettoyage de surfaces par hydrojet, nettoyage de r\u00e9servoirs et de cuves,<\/p>\n<p>Nettoyage de l&#039;\u00e9changeur de chaleur,<\/p>\n<p>Nettoyage de v\u00e9hicules (peinture), nettoyage pour l&#039;industrie mini\u00e8re, nettoyage pour la fabrication d&#039;acier, etc.<\/p>\n<p>\u00c9quipement de nettoyage des \u00e9gouts \u00e0 haute pression pour les r\u00e9seaux de canalisations municipales d&#039;adduction d&#039;eau et de drainage\u00a0;<\/p>\n<p>&nbsp;<\/p>\n<p><strong><b>D\u00e9tails<\/b><\/strong><strong><b>\u00a0<\/b><\/strong><strong><b>\u00c9quipement de nettoyage au jet d&#039;eau 40 kpsi Hammelmann haute pression WOMA UHP 16 mm 18 mm Anneau de guidage de pompe<\/b><\/strong><\/p>\n<p><strong><b>Pi\u00e8ces d\u00e9tach\u00e9es pour \u00e9quipement de nettoyage par hydrod\u00e9capage 20 kpsi\u00a0: pompe triplex haute pression Hammelmann WOMA, bague de guidage de pompe 16 mm, diam\u00e8tre total 47,95 mm. <\/b><\/strong><strong><b>Le diam\u00e8tre int\u00e9rieur du c\u00f4ne est de 17,10 mm et de 16,05 mm pour un piston de 16 mm. Cette pompe \u00e0 jet d&#039;eau est largement utilis\u00e9e pour les applications de nettoyage multi-pistons, mono-piston et en groupe avec les pompes WOMA.<\/b><\/strong><\/p>","protected":false},"featured_media":1193,"template":"","meta":[],"product_brand":[],"product_cat":[8,6],"product_tag":[],"class_list":{"0":"post-1188","1":"product","2":"type-product","3":"status-publish","4":"has-post-thumbnail","6":"product_cat-giant-tank-cleaningcutting-device","7":"product_cat-uni-valves-for-uhp-pump","9":"first","10":"instock","11":"shipping-taxable","12":"product-type-simple"},"yoast_head":"<!-- This site is optimized with the Yoast SEO plugin v24.9 - https:\/\/yoast.com\/wordpress\/plugins\/seo\/ -->\n<title>20kpsi Hydro Blasting Cleaning equipment parts For hammelmann WOMA high pressure Triplex pump 16mm Pump guide Ring - Panwin Machinery&amp;Equipment<\/title>\n<meta name=\"robots\" content=\"index, follow, max-snippet:-1, max-image-preview:large, max-video-preview:-1\" \/>\n<link rel=\"canonical\" href=\"https:\/\/panwinjet.com\/fr\/produit\/20kpsi-hydro-blasting-cleaning-equipment-parts-for-hammelmann-woma-high-pressure-triplex-pump-16mm-pump-guide-ring\/\" \/>\n<meta property=\"og:locale\" content=\"fr_FR\" \/>\n<meta property=\"og:type\" content=\"article\" \/>\n<meta property=\"og:title\" content=\"20kpsi Hydro Blasting Cleaning equipment parts For hammelmann WOMA high pressure Triplex pump 16mm Pump guide Ring - Panwin Machinery&amp;Equipment\" \/>\n<meta property=\"og:description\" content=\"The\u00a020kpsi Hydro Blasting Cleaning equipment parts For hammelmann WOMA high pressure Triplex pump 16mm \u00a0Pump guide Ring is Compatible for Water Blasting leading WOMA Hydro Jet\u00a0Blasting pump Plunger guide ring components, it is stable-quality and high-efficient and features as follows:   High grade quality Non-magnetic tungsten steel  Excellent craftsmanship  Close Sealing tolerance  Perfect Mirror inside Surface CNC process    This 20kpsi Hydro Blasting Cleaning equipment parts For hammelmann WOMA high pressure Triplex pump 16mm \u00a0Pump guide Ring\u00a0is applied to WOMA new style\u00a0pressure pump, it is the key component and high-edge\u00a0design.  The pump can be widely used in Application\u00a0such as  UHP Water Blasting Construction Industry  Hydro Jet blaster Iron, Steel And Metal Industry  high pressure waterblaster\u00a0Mechanical\u00a0and Apparatus Engineering  Cements and Concrete Industry  high pressure barracuda\u00a0Surface cleaning  UHP hydro Jet cleaning equipment parts  Industrial Cleaning Spray Bars  hydro blasting machine\u00a0for petroleum refining industry  Hydro Jet Surface Cleaning,Tank&amp;Vessel Cleaning,  Heat Exchange Cleaning,  Automotive Painting cleaning Mining industry cleaning Steel manufacture cleaning etc.  High pressure sewer cleaning equipment\u00a0for municipal pipe networks\u00a0water supply and drainage pipelines;  &nbsp;  Details of\u00a040kpsi waterjet cleaning equipment \u00a0hammelmann high pressure WOMA UHP 16mm 18mm Pump guide Ring  The 20kpsi Hydro Blasting Cleaning equipment parts For hammelmann WOMA high pressure Triplex pump 16mm \u00a0Pump guide Ring \u00a0Overall diameter is 47.95mm, and Taper inside Diameter is 17.10mm and 16.05mm for 16mm Plunger. It is wide range of Water Blasting applied pump for WOMA pump Muti-gun, single gun and group cleaning jobs.\" \/>\n<meta property=\"og:url\" content=\"https:\/\/panwinjet.com\/fr\/produit\/20kpsi-hydro-blasting-cleaning-equipment-parts-for-hammelmann-woma-high-pressure-triplex-pump-16mm-pump-guide-ring\/\" \/>\n<meta property=\"og:site_name\" content=\"Panwin Machinery&amp;Equipment\" \/>\n<meta property=\"article:modified_time\" content=\"2025-09-21T06:56:39+00:00\" \/>\n<meta property=\"og:image\" content=\"https:\/\/panwinjet.com\/wp-content\/uploads\/2025\/09\/WOMA-16mm-Pump-guide-Ring-6.jpg\" \/>\n\t<meta property=\"og:image:width\" content=\"1706\" \/>\n\t<meta property=\"og:image:height\" content=\"1279\" \/>\n\t<meta property=\"og:image:type\" content=\"image\/jpeg\" \/>\n<meta name=\"twitter:card\" content=\"summary_large_image\" \/>\n<meta name=\"twitter:label1\" content=\"Dur\u00e9e de lecture estim\u00e9e\" \/>\n\t<meta name=\"twitter:data1\" content=\"1 minute\" \/>\n<script type=\"application\/ld+json\" class=\"yoast-schema-graph\">{\"@context\":\"https:\/\/schema.org\",\"@graph\":[{\"@type\":\"WebPage\",\"@id\":\"https:\/\/panwinjet.com\/product\/20kpsi-hydro-blasting-cleaning-equipment-parts-for-hammelmann-woma-high-pressure-triplex-pump-16mm-pump-guide-ring\/\",\"url\":\"https:\/\/panwinjet.com\/product\/20kpsi-hydro-blasting-cleaning-equipment-parts-for-hammelmann-woma-high-pressure-triplex-pump-16mm-pump-guide-ring\/\",\"name\":\"20kpsi Hydro Blasting Cleaning equipment parts For hammelmann WOMA high pressure Triplex pump 16mm Pump guide Ring - Panwin Machinery&amp;Equipment\",\"isPartOf\":{\"@id\":\"https:\/\/panwinjet.com\/#website\"},\"primaryImageOfPage\":{\"@id\":\"https:\/\/panwinjet.com\/product\/20kpsi-hydro-blasting-cleaning-equipment-parts-for-hammelmann-woma-high-pressure-triplex-pump-16mm-pump-guide-ring\/#primaryimage\"},\"image\":{\"@id\":\"https:\/\/panwinjet.com\/product\/20kpsi-hydro-blasting-cleaning-equipment-parts-for-hammelmann-woma-high-pressure-triplex-pump-16mm-pump-guide-ring\/#primaryimage\"},\"thumbnailUrl\":\"https:\/\/panwinjet.com\/wp-content\/uploads\/2025\/09\/WOMA-16mm-Pump-guide-Ring-6.jpg\",\"datePublished\":\"2025-09-21T06:56:38+00:00\",\"dateModified\":\"2025-09-21T06:56:39+00:00\",\"breadcrumb\":{\"@id\":\"https:\/\/panwinjet.com\/product\/20kpsi-hydro-blasting-cleaning-equipment-parts-for-hammelmann-woma-high-pressure-triplex-pump-16mm-pump-guide-ring\/#breadcrumb\"},\"inLanguage\":\"fr-FR\",\"potentialAction\":[{\"@type\":\"ReadAction\",\"target\":[\"https:\/\/panwinjet.com\/product\/20kpsi-hydro-blasting-cleaning-equipment-parts-for-hammelmann-woma-high-pressure-triplex-pump-16mm-pump-guide-ring\/\"]}]},{\"@type\":\"ImageObject\",\"inLanguage\":\"fr-FR\",\"@id\":\"https:\/\/panwinjet.com\/product\/20kpsi-hydro-blasting-cleaning-equipment-parts-for-hammelmann-woma-high-pressure-triplex-pump-16mm-pump-guide-ring\/#primaryimage\",\"url\":\"https:\/\/panwinjet.com\/wp-content\/uploads\/2025\/09\/WOMA-16mm-Pump-guide-Ring-6.jpg\",\"contentUrl\":\"https:\/\/panwinjet.com\/wp-content\/uploads\/2025\/09\/WOMA-16mm-Pump-guide-Ring-6.jpg\",\"width\":1706,\"height\":1279},{\"@type\":\"BreadcrumbList\",\"@id\":\"https:\/\/panwinjet.com\/product\/20kpsi-hydro-blasting-cleaning-equipment-parts-for-hammelmann-woma-high-pressure-triplex-pump-16mm-pump-guide-ring\/#breadcrumb\",\"itemListElement\":[{\"@type\":\"ListItem\",\"position\":1,\"name\":\"\u9996\u9875\",\"item\":\"https:\/\/panwinjet.com\/\"},{\"@type\":\"ListItem\",\"position\":2,\"name\":\"PRODUCT\",\"item\":\"https:\/\/panwinjet.com\/product\/\"},{\"@type\":\"ListItem\",\"position\":3,\"name\":\"20kpsi Hydro Blasting Cleaning equipment parts For hammelmann WOMA high pressure Triplex pump 16mm Pump guide Ring\"}]},{\"@type\":\"WebSite\",\"@id\":\"https:\/\/panwinjet.com\/#website\",\"url\":\"https:\/\/panwinjet.com\/\",\"name\":\"Panwin Machinery&amp;Equipment\",\"description\":\"Shenzhen Panwin Machinery&amp;Equipment Co.Ltd\",\"potentialAction\":[{\"@type\":\"SearchAction\",\"target\":{\"@type\":\"EntryPoint\",\"urlTemplate\":\"https:\/\/panwinjet.com\/?s={search_term_string}\"},\"query-input\":{\"@type\":\"PropertyValueSpecification\",\"valueRequired\":true,\"valueName\":\"search_term_string\"}}],\"inLanguage\":\"fr-FR\"}]}<\/script>\n<!-- \/ Yoast SEO plugin. -->","yoast_head_json":{"title":"20kpsi Hydro Blasting Cleaning equipment parts For hammelmann WOMA high pressure Triplex pump 16mm Pump guide Ring - Panwin Machinery&amp;Equipment","robots":{"index":"index","follow":"follow","max-snippet":"max-snippet:-1","max-image-preview":"max-image-preview:large","max-video-preview":"max-video-preview:-1"},"canonical":"https:\/\/panwinjet.com\/fr\/produit\/20kpsi-hydro-blasting-cleaning-equipment-parts-for-hammelmann-woma-high-pressure-triplex-pump-16mm-pump-guide-ring\/","og_locale":"fr_FR","og_type":"article","og_title":"20kpsi Hydro Blasting Cleaning equipment parts For hammelmann WOMA high pressure Triplex pump 16mm Pump guide Ring - Panwin Machinery&amp;Equipment","og_description":"The\u00a020kpsi Hydro Blasting Cleaning equipment parts For hammelmann WOMA high pressure Triplex pump 16mm \u00a0Pump guide Ring is Compatible for Water Blasting leading WOMA Hydro Jet\u00a0Blasting pump Plunger guide ring components, it is stable-quality and high-efficient and features as follows:   High grade quality Non-magnetic tungsten steel  Excellent craftsmanship  Close Sealing tolerance  Perfect Mirror inside Surface CNC process    This 20kpsi Hydro Blasting Cleaning equipment parts For hammelmann WOMA high pressure Triplex pump 16mm \u00a0Pump guide Ring\u00a0is applied to WOMA new style\u00a0pressure pump, it is the key component and high-edge\u00a0design.  The pump can be widely used in Application\u00a0such as  UHP Water Blasting Construction Industry  Hydro Jet blaster Iron, Steel And Metal Industry  high pressure waterblaster\u00a0Mechanical\u00a0and Apparatus Engineering  Cements and Concrete Industry  high pressure barracuda\u00a0Surface cleaning  UHP hydro Jet cleaning equipment parts  Industrial Cleaning Spray Bars  hydro blasting machine\u00a0for petroleum refining industry  Hydro Jet Surface Cleaning,Tank&amp;Vessel Cleaning,  Heat Exchange Cleaning,  Automotive Painting cleaning Mining industry cleaning Steel manufacture cleaning etc.  High pressure sewer cleaning equipment\u00a0for municipal pipe networks\u00a0water supply and drainage pipelines;  &nbsp;  Details of\u00a040kpsi waterjet cleaning equipment \u00a0hammelmann high pressure WOMA UHP 16mm 18mm Pump guide Ring  The 20kpsi Hydro Blasting Cleaning equipment parts For hammelmann WOMA high pressure Triplex pump 16mm \u00a0Pump guide Ring \u00a0Overall diameter is 47.95mm, and Taper inside Diameter is 17.10mm and 16.05mm for 16mm Plunger. It is wide range of Water Blasting applied pump for WOMA pump Muti-gun, single gun and group cleaning jobs.","og_url":"https:\/\/panwinjet.com\/fr\/produit\/20kpsi-hydro-blasting-cleaning-equipment-parts-for-hammelmann-woma-high-pressure-triplex-pump-16mm-pump-guide-ring\/","og_site_name":"Panwin Machinery&amp;Equipment","article_modified_time":"2025-09-21T06:56:39+00:00","og_image":[{"width":1706,"height":1279,"url":"https:\/\/panwinjet.com\/wp-content\/uploads\/2025\/09\/WOMA-16mm-Pump-guide-Ring-6.jpg","type":"image\/jpeg"}],"twitter_card":"summary_large_image","twitter_misc":{"Dur\u00e9e de lecture estim\u00e9e":"1 minute"},"schema":{"@context":"https:\/\/schema.org","@graph":[{"@type":"WebPage","@id":"https:\/\/panwinjet.com\/product\/20kpsi-hydro-blasting-cleaning-equipment-parts-for-hammelmann-woma-high-pressure-triplex-pump-16mm-pump-guide-ring\/","url":"https:\/\/panwinjet.com\/product\/20kpsi-hydro-blasting-cleaning-equipment-parts-for-hammelmann-woma-high-pressure-triplex-pump-16mm-pump-guide-ring\/","name":"20kpsi Hydro Blasting Cleaning equipment parts For hammelmann WOMA high pressure Triplex pump 16mm Pump guide Ring - Panwin Machinery&amp;Equipment","isPartOf":{"@id":"https:\/\/panwinjet.com\/#website"},"primaryImageOfPage":{"@id":"https:\/\/panwinjet.com\/product\/20kpsi-hydro-blasting-cleaning-equipment-parts-for-hammelmann-woma-high-pressure-triplex-pump-16mm-pump-guide-ring\/#primaryimage"},"image":{"@id":"https:\/\/panwinjet.com\/product\/20kpsi-hydro-blasting-cleaning-equipment-parts-for-hammelmann-woma-high-pressure-triplex-pump-16mm-pump-guide-ring\/#primaryimage"},"thumbnailUrl":"https:\/\/panwinjet.com\/wp-content\/uploads\/2025\/09\/WOMA-16mm-Pump-guide-Ring-6.jpg","datePublished":"2025-09-21T06:56:38+00:00","dateModified":"2025-09-21T06:56:39+00:00","breadcrumb":{"@id":"https:\/\/panwinjet.com\/product\/20kpsi-hydro-blasting-cleaning-equipment-parts-for-hammelmann-woma-high-pressure-triplex-pump-16mm-pump-guide-ring\/#breadcrumb"},"inLanguage":"fr-FR","potentialAction":[{"@type":"ReadAction","target":["https:\/\/panwinjet.com\/product\/20kpsi-hydro-blasting-cleaning-equipment-parts-for-hammelmann-woma-high-pressure-triplex-pump-16mm-pump-guide-ring\/"]}]},{"@type":"ImageObject","inLanguage":"fr-FR","@id":"https:\/\/panwinjet.com\/product\/20kpsi-hydro-blasting-cleaning-equipment-parts-for-hammelmann-woma-high-pressure-triplex-pump-16mm-pump-guide-ring\/#primaryimage","url":"https:\/\/panwinjet.com\/wp-content\/uploads\/2025\/09\/WOMA-16mm-Pump-guide-Ring-6.jpg","contentUrl":"https:\/\/panwinjet.com\/wp-content\/uploads\/2025\/09\/WOMA-16mm-Pump-guide-Ring-6.jpg","width":1706,"height":1279},{"@type":"BreadcrumbList","@id":"https:\/\/panwinjet.com\/product\/20kpsi-hydro-blasting-cleaning-equipment-parts-for-hammelmann-woma-high-pressure-triplex-pump-16mm-pump-guide-ring\/#breadcrumb","itemListElement":[{"@type":"ListItem","position":1,"name":"\u9996\u9875","item":"https:\/\/panwinjet.com\/"},{"@type":"ListItem","position":2,"name":"PRODUCT","item":"https:\/\/panwinjet.com\/product\/"},{"@type":"ListItem","position":3,"name":"20kpsi Hydro Blasting Cleaning equipment parts For hammelmann WOMA high pressure Triplex pump 16mm Pump guide Ring"}]},{"@type":"WebSite","@id":"https:\/\/panwinjet.com\/#website","url":"https:\/\/panwinjet.com\/","name":"Panwin Machinery&amp;Equipment","description":"Shenzhen Panwin Machinery&amp;Equipment Co.Ltd","potentialAction":[{"@type":"SearchAction","target":{"@type":"EntryPoint","urlTemplate":"https:\/\/panwinjet.com\/?s={search_term_string}"},"query-input":{"@type":"PropertyValueSpecification","valueRequired":true,"valueName":"search_term_string"}}],"inLanguage":"fr-FR"}]}},"_links":{"self":[{"href":"https:\/\/panwinjet.com\/fr\/wp-json\/wp\/v2\/product\/1188","targetHints":{"allow":["GET"]}}],"collection":[{"href":"https:\/\/panwinjet.com\/fr\/wp-json\/wp\/v2\/product"}],"about":[{"href":"https:\/\/panwinjet.com\/fr\/wp-json\/wp\/v2\/types\/product"}],"wp:featuredmedia":[{"embeddable":true,"href":"https:\/\/panwinjet.com\/fr\/wp-json\/wp\/v2\/media\/1193"}],"wp:attachment":[{"href":"https:\/\/panwinjet.com\/fr\/wp-json\/wp\/v2\/media?parent=1188"}],"wp:term":[{"taxonomy":"product_brand","embeddable":true,"href":"https:\/\/panwinjet.com\/fr\/wp-json\/wp\/v2\/product_brand?post=1188"},{"taxonomy":"product_cat","embeddable":true,"href":"https:\/\/panwinjet.com\/fr\/wp-json\/wp\/v2\/product_cat?post=1188"},{"taxonomy":"product_tag","embeddable":true,"href":"https:\/\/panwinjet.com\/fr\/wp-json\/wp\/v2\/product_tag?post=1188"}],"curies":[{"name":"wp","href":"https:\/\/api.w.org\/{rel}","templated":true}]}}