{"id":1171,"date":"2025-09-20T09:02:53","date_gmt":"2025-09-20T09:02:53","guid":{"rendered":"https:\/\/panwinjet.com\/?post_type=product&#038;p=1171"},"modified":"2025-09-21T13:29:28","modified_gmt":"2025-09-21T13:29:28","slug":"ultra-high-pressure-water-blasting-tube-cleaning-machine-parts-jetstream-40k2ol-uni-valve-assemblies","status":"publish","type":"product","link":"https:\/\/panwinjet.com\/fr\/produit\/ultra-high-pressure-water-blasting-tube-cleaning-machine-parts-jetstream-40k2ol-uni-valve-assemblies\/","title":{"rendered":"Pi\u00e8ces de la machine de nettoyage de tubes par jet d&#039;eau \u00e0 ultra-haute pression Jetstream 40K2OL Uni-Valve"},"content":{"rendered":"<p>Caract\u00e9ristiques (sp\u00e9cifications) des pi\u00e8ces de la machine de nettoyage de tubes par jet d&#039;eau ultra-haute pression Jetstream 40K2OL Uni-Valve Panwin\u00a0: les ensembles Uni-Valve Jetstream 40Kpsi Uni-Valve sont fabriqu\u00e9s en acier inoxydable de haute qualit\u00e9, avec une finition et une qualit\u00e9 sup\u00e9rieures. Cette vanne Uni-Valve JS 40KPSI, con\u00e7ue pour une pression nominale de 40KPSI, est largement utilis\u00e9e dans l&#039;extr\u00e9mit\u00e9 fluide JS. Elle est durable et fiable, comme vous pouvez le constater dans la conception fonctionnelle de l&#039;Uni-Valve au sein de l&#039;unit\u00e9 d&#039;extr\u00e9mit\u00e9 fluide.<\/p>\n<p><img decoding=\"async\" class=\"aligncenter size-full wp-image-1177 lazyload\" data-src=\"https:\/\/panwinjet.com\/wp-content\/uploads\/2025\/09\/40K-Uni-Valve-\u7ed3\u6784\u56fe.png\" alt=\"\" width=\"430\" height=\"733\" data-srcset=\"https:\/\/panwinjet.com\/wp-content\/uploads\/2025\/09\/40K-Uni-Valve-\u7ed3\u6784\u56fe.png 430w, https:\/\/panwinjet.com\/wp-content\/uploads\/2025\/09\/40K-Uni-Valve-\u7ed3\u6784\u56fe-293x500.png 293w, https:\/\/panwinjet.com\/wp-content\/uploads\/2025\/09\/40K-Uni-Valve-\u7ed3\u6784\u56fe-176x300.png 176w, https:\/\/panwinjet.com\/wp-content\/uploads\/2025\/09\/40K-Uni-Valve-\u7ed3\u6784\u56fe-44x75.png 44w\" data-sizes=\"(max-width:767px) 430px, 430px\" src=\"data:image\/svg+xml;base64,PHN2ZyB3aWR0aD0iMSIgaGVpZ2h0PSIxIiB4bWxucz0iaHR0cDovL3d3dy53My5vcmcvMjAwMC9zdmciPjwvc3ZnPg==\" style=\"--smush-placeholder-width: 430px; --smush-placeholder-aspect-ratio: 430\/733;\" \/><\/p>\n<p>Caract\u00e9ristiques et applications des pi\u00e8ces de la machine de nettoyage de tubes par jet d&#039;eau \u00e0 ultra-haute pression Jetstream 40K2OL Uni-Valve<br \/>\nLes pi\u00e8ces d\u00e9tach\u00e9es pour machine de nettoyage de tubes par jet d&#039;eau \u00e0 ultra-haute pression JST40K2OL, notamment les cartouches \u00e0 vanne unique, b\u00e9n\u00e9ficient d&#039;une conception de pointe pour des performances exceptionnelles et une maintenance ais\u00e9e. Leurs fonctionnalit\u00e9s avanc\u00e9es se manifestent notamment dans les d\u00e9tails suivants\u00a0:<br \/>\nA : Vannes d&#039;aspiration et de refoulement combin\u00e9es dans une seule partie autonome<br \/>\nB : Livr\u00e9 rod\u00e9 pour une installation imm\u00e9diate<br \/>\nC : La conception en ligne minimise les turbulences<\/p>\n<p>Application:<br \/>\nCette machine de nettoyage de tubes par jet d&#039;eau \u00e0 ultra-haute pression, dont les ensembles de vannes unilame Jetstream 40K2OL sont utilis\u00e9s pour la pompe d&#039;extr\u00e9mit\u00e9 fluide JS de pression nominale de 40 kpsi, est une pi\u00e8ce importante de conception avanc\u00e9e.<br \/>\nCette pompe peut \u00eatre largement utilis\u00e9e pour le nettoyage de surfaces, le nettoyage de r\u00e9servoirs et de cuves, le nettoyage de la peinture automobile, le nettoyage dans l&#039;industrie mini\u00e8re, le nettoyage dans la fabrication de l&#039;acier, le secteur de la construction, etc.<\/p>","protected":false},"excerpt":{"rendered":"<p>Pi\u00e8ces de la machine de nettoyage de tubes par jet d&#039;eau \u00e0 ultra-haute pression JetstreamT40K2OL Uni-Valve<\/p>\n<p><b><\/b><strong><b>Introduction de <\/b><\/strong>Pi\u00e8ces de la machine de nettoyage de tubes par jet d&#039;eau \u00e0 ultra-haute pression Jetstream 40K2OL Uni-ValveAssemblies<\/p>\n<p>Cette machine de nettoyage de tubes par jet d&#039;eau \u00e0 ultra-haute pression (pi\u00e8ces d\u00e9tach\u00e9es JST40K2OL, ensembles de vannes unilingues) est con\u00e7ue pour une utilisation avec un bloc hydraulique de pression nominale JS 40\u00a0000\u00a0psi et est compatible avec <strong><b>Jetstream n\u00b0<\/b><\/strong><strong><b>\u00a053495<\/b><\/strong><strong><b>\u00a0<\/b><\/strong>et K53496<\/p>","protected":false},"featured_media":1173,"template":"","meta":[],"product_brand":[],"product_cat":[7,6],"product_tag":[],"class_list":{"0":"post-1171","1":"product","2":"type-product","3":"status-publish","4":"has-post-thumbnail","6":"product_cat-jetstream-pump-fluid-end-compatibe-parts","7":"product_cat-uni-valves-for-uhp-pump","9":"first","10":"instock","11":"shipping-taxable","12":"product-type-simple"},"yoast_head":"<!-- This site is optimized with the Yoast SEO plugin v24.9 - https:\/\/yoast.com\/wordpress\/plugins\/seo\/ -->\n<title>Ultra-high Pressure Water blasting Tube cleaning machine parts Jetstream 40K2OL Uni-Valve Assemblies - Panwin Machinery&amp;Equipment<\/title>\n<meta name=\"robots\" content=\"index, follow, max-snippet:-1, max-image-preview:large, max-video-preview:-1\" \/>\n<link rel=\"canonical\" href=\"https:\/\/panwinjet.com\/fr\/produit\/ultra-high-pressure-water-blasting-tube-cleaning-machine-parts-jetstream-40k2ol-uni-valve-assemblies\/\" \/>\n<meta property=\"og:locale\" content=\"fr_FR\" \/>\n<meta property=\"og:type\" content=\"article\" \/>\n<meta property=\"og:title\" content=\"Ultra-high Pressure Water blasting Tube cleaning machine parts Jetstream 40K2OL Uni-Valve Assemblies - Panwin Machinery&amp;Equipment\" \/>\n<meta property=\"og:description\" content=\"Ultra-high Pressure Water blasting Tube cleaning machine parts JetstreamT40K2OL Uni-Valve  Introduction of Ultra-high Pressure Water blasting Tube cleaning machine parts Jetstream 40K2OL Uni-ValveAssemblies  This Ultra-high Pressure Water blasting Tube cleaning machine parts JST40K2OL Uni-Valve\u00a0Assemblies is for use in JS 40Kpsi Rated pressure Fluid End, and It is compatible with Jetstream No.\u00a053495\u00a0and K53496\" \/>\n<meta property=\"og:url\" content=\"https:\/\/panwinjet.com\/fr\/produit\/ultra-high-pressure-water-blasting-tube-cleaning-machine-parts-jetstream-40k2ol-uni-valve-assemblies\/\" \/>\n<meta property=\"og:site_name\" content=\"Panwin Machinery&amp;Equipment\" \/>\n<meta property=\"article:modified_time\" content=\"2025-09-21T13:29:28+00:00\" \/>\n<meta property=\"og:image\" content=\"https:\/\/panwinjet.com\/wp-content\/uploads\/2025\/09\/40K-Uni-Valve-2-scaled.jpg\" \/>\n\t<meta property=\"og:image:width\" content=\"2560\" \/>\n\t<meta property=\"og:image:height\" content=\"1920\" \/>\n\t<meta property=\"og:image:type\" content=\"image\/jpeg\" \/>\n<meta name=\"twitter:card\" content=\"summary_large_image\" \/>\n<meta name=\"twitter:label1\" content=\"Dur\u00e9e de lecture estim\u00e9e\" \/>\n\t<meta name=\"twitter:data1\" content=\"2 minutes\" \/>\n<script type=\"application\/ld+json\" class=\"yoast-schema-graph\">{\"@context\":\"https:\/\/schema.org\",\"@graph\":[{\"@type\":\"WebPage\",\"@id\":\"https:\/\/panwinjet.com\/product\/ultra-high-pressure-water-blasting-tube-cleaning-machine-parts-jetstream-40k2ol-uni-valve-assemblies\/\",\"url\":\"https:\/\/panwinjet.com\/product\/ultra-high-pressure-water-blasting-tube-cleaning-machine-parts-jetstream-40k2ol-uni-valve-assemblies\/\",\"name\":\"Ultra-high Pressure Water blasting Tube cleaning machine parts Jetstream 40K2OL Uni-Valve Assemblies - Panwin Machinery&amp;Equipment\",\"isPartOf\":{\"@id\":\"https:\/\/panwinjet.com\/#website\"},\"primaryImageOfPage\":{\"@id\":\"https:\/\/panwinjet.com\/product\/ultra-high-pressure-water-blasting-tube-cleaning-machine-parts-jetstream-40k2ol-uni-valve-assemblies\/#primaryimage\"},\"image\":{\"@id\":\"https:\/\/panwinjet.com\/product\/ultra-high-pressure-water-blasting-tube-cleaning-machine-parts-jetstream-40k2ol-uni-valve-assemblies\/#primaryimage\"},\"thumbnailUrl\":\"https:\/\/panwinjet.com\/wp-content\/uploads\/2025\/09\/40K-Uni-Valve-2-scaled.jpg\",\"datePublished\":\"2025-09-20T09:02:53+00:00\",\"dateModified\":\"2025-09-21T13:29:28+00:00\",\"breadcrumb\":{\"@id\":\"https:\/\/panwinjet.com\/product\/ultra-high-pressure-water-blasting-tube-cleaning-machine-parts-jetstream-40k2ol-uni-valve-assemblies\/#breadcrumb\"},\"inLanguage\":\"fr-FR\",\"potentialAction\":[{\"@type\":\"ReadAction\",\"target\":[\"https:\/\/panwinjet.com\/product\/ultra-high-pressure-water-blasting-tube-cleaning-machine-parts-jetstream-40k2ol-uni-valve-assemblies\/\"]}]},{\"@type\":\"ImageObject\",\"inLanguage\":\"fr-FR\",\"@id\":\"https:\/\/panwinjet.com\/product\/ultra-high-pressure-water-blasting-tube-cleaning-machine-parts-jetstream-40k2ol-uni-valve-assemblies\/#primaryimage\",\"url\":\"https:\/\/panwinjet.com\/wp-content\/uploads\/2025\/09\/40K-Uni-Valve-2-scaled.jpg\",\"contentUrl\":\"https:\/\/panwinjet.com\/wp-content\/uploads\/2025\/09\/40K-Uni-Valve-2-scaled.jpg\",\"width\":2560,\"height\":1920,\"caption\":\"Jetstream 53495 or K53496\"},{\"@type\":\"BreadcrumbList\",\"@id\":\"https:\/\/panwinjet.com\/product\/ultra-high-pressure-water-blasting-tube-cleaning-machine-parts-jetstream-40k2ol-uni-valve-assemblies\/#breadcrumb\",\"itemListElement\":[{\"@type\":\"ListItem\",\"position\":1,\"name\":\"\u9996\u9875\",\"item\":\"https:\/\/panwinjet.com\/\"},{\"@type\":\"ListItem\",\"position\":2,\"name\":\"PRODUCT\",\"item\":\"https:\/\/panwinjet.com\/product\/\"},{\"@type\":\"ListItem\",\"position\":3,\"name\":\"Ultra-high Pressure Water blasting Tube cleaning machine parts Jetstream 40K2OL Uni-Valve Assemblies\"}]},{\"@type\":\"WebSite\",\"@id\":\"https:\/\/panwinjet.com\/#website\",\"url\":\"https:\/\/panwinjet.com\/\",\"name\":\"Panwin Machinery&amp;Equipment\",\"description\":\"Shenzhen Panwin Machinery&amp;Equipment Co.Ltd\",\"potentialAction\":[{\"@type\":\"SearchAction\",\"target\":{\"@type\":\"EntryPoint\",\"urlTemplate\":\"https:\/\/panwinjet.com\/?s={search_term_string}\"},\"query-input\":{\"@type\":\"PropertyValueSpecification\",\"valueRequired\":true,\"valueName\":\"search_term_string\"}}],\"inLanguage\":\"fr-FR\"}]}<\/script>\n<!-- \/ Yoast SEO plugin. -->","yoast_head_json":{"title":"Ultra-high Pressure Water blasting Tube cleaning machine parts Jetstream 40K2OL Uni-Valve Assemblies - Panwin Machinery&amp;Equipment","robots":{"index":"index","follow":"follow","max-snippet":"max-snippet:-1","max-image-preview":"max-image-preview:large","max-video-preview":"max-video-preview:-1"},"canonical":"https:\/\/panwinjet.com\/fr\/produit\/ultra-high-pressure-water-blasting-tube-cleaning-machine-parts-jetstream-40k2ol-uni-valve-assemblies\/","og_locale":"fr_FR","og_type":"article","og_title":"Ultra-high Pressure Water blasting Tube cleaning machine parts Jetstream 40K2OL Uni-Valve Assemblies - Panwin Machinery&amp;Equipment","og_description":"Ultra-high Pressure Water blasting Tube cleaning machine parts JetstreamT40K2OL Uni-Valve  Introduction of Ultra-high Pressure Water blasting Tube cleaning machine parts Jetstream 40K2OL Uni-ValveAssemblies  This Ultra-high Pressure Water blasting Tube cleaning machine parts JST40K2OL Uni-Valve\u00a0Assemblies is for use in JS 40Kpsi Rated pressure Fluid End, and It is compatible with Jetstream No.\u00a053495\u00a0and K53496","og_url":"https:\/\/panwinjet.com\/fr\/produit\/ultra-high-pressure-water-blasting-tube-cleaning-machine-parts-jetstream-40k2ol-uni-valve-assemblies\/","og_site_name":"Panwin Machinery&amp;Equipment","article_modified_time":"2025-09-21T13:29:28+00:00","og_image":[{"width":2560,"height":1920,"url":"https:\/\/panwinjet.com\/wp-content\/uploads\/2025\/09\/40K-Uni-Valve-2-scaled.jpg","type":"image\/jpeg"}],"twitter_card":"summary_large_image","twitter_misc":{"Dur\u00e9e de lecture estim\u00e9e":"2 minutes"},"schema":{"@context":"https:\/\/schema.org","@graph":[{"@type":"WebPage","@id":"https:\/\/panwinjet.com\/product\/ultra-high-pressure-water-blasting-tube-cleaning-machine-parts-jetstream-40k2ol-uni-valve-assemblies\/","url":"https:\/\/panwinjet.com\/product\/ultra-high-pressure-water-blasting-tube-cleaning-machine-parts-jetstream-40k2ol-uni-valve-assemblies\/","name":"Ultra-high Pressure Water blasting Tube cleaning machine parts Jetstream 40K2OL Uni-Valve Assemblies - Panwin Machinery&amp;Equipment","isPartOf":{"@id":"https:\/\/panwinjet.com\/#website"},"primaryImageOfPage":{"@id":"https:\/\/panwinjet.com\/product\/ultra-high-pressure-water-blasting-tube-cleaning-machine-parts-jetstream-40k2ol-uni-valve-assemblies\/#primaryimage"},"image":{"@id":"https:\/\/panwinjet.com\/product\/ultra-high-pressure-water-blasting-tube-cleaning-machine-parts-jetstream-40k2ol-uni-valve-assemblies\/#primaryimage"},"thumbnailUrl":"https:\/\/panwinjet.com\/wp-content\/uploads\/2025\/09\/40K-Uni-Valve-2-scaled.jpg","datePublished":"2025-09-20T09:02:53+00:00","dateModified":"2025-09-21T13:29:28+00:00","breadcrumb":{"@id":"https:\/\/panwinjet.com\/product\/ultra-high-pressure-water-blasting-tube-cleaning-machine-parts-jetstream-40k2ol-uni-valve-assemblies\/#breadcrumb"},"inLanguage":"fr-FR","potentialAction":[{"@type":"ReadAction","target":["https:\/\/panwinjet.com\/product\/ultra-high-pressure-water-blasting-tube-cleaning-machine-parts-jetstream-40k2ol-uni-valve-assemblies\/"]}]},{"@type":"ImageObject","inLanguage":"fr-FR","@id":"https:\/\/panwinjet.com\/product\/ultra-high-pressure-water-blasting-tube-cleaning-machine-parts-jetstream-40k2ol-uni-valve-assemblies\/#primaryimage","url":"https:\/\/panwinjet.com\/wp-content\/uploads\/2025\/09\/40K-Uni-Valve-2-scaled.jpg","contentUrl":"https:\/\/panwinjet.com\/wp-content\/uploads\/2025\/09\/40K-Uni-Valve-2-scaled.jpg","width":2560,"height":1920,"caption":"Jetstream 53495 or K53496"},{"@type":"BreadcrumbList","@id":"https:\/\/panwinjet.com\/product\/ultra-high-pressure-water-blasting-tube-cleaning-machine-parts-jetstream-40k2ol-uni-valve-assemblies\/#breadcrumb","itemListElement":[{"@type":"ListItem","position":1,"name":"\u9996\u9875","item":"https:\/\/panwinjet.com\/"},{"@type":"ListItem","position":2,"name":"PRODUCT","item":"https:\/\/panwinjet.com\/product\/"},{"@type":"ListItem","position":3,"name":"Ultra-high Pressure Water blasting Tube cleaning machine parts Jetstream 40K2OL Uni-Valve Assemblies"}]},{"@type":"WebSite","@id":"https:\/\/panwinjet.com\/#website","url":"https:\/\/panwinjet.com\/","name":"Panwin Machinery&amp;Equipment","description":"Shenzhen Panwin Machinery&amp;Equipment Co.Ltd","potentialAction":[{"@type":"SearchAction","target":{"@type":"EntryPoint","urlTemplate":"https:\/\/panwinjet.com\/?s={search_term_string}"},"query-input":{"@type":"PropertyValueSpecification","valueRequired":true,"valueName":"search_term_string"}}],"inLanguage":"fr-FR"}]}},"_links":{"self":[{"href":"https:\/\/panwinjet.com\/fr\/wp-json\/wp\/v2\/product\/1171","targetHints":{"allow":["GET"]}}],"collection":[{"href":"https:\/\/panwinjet.com\/fr\/wp-json\/wp\/v2\/product"}],"about":[{"href":"https:\/\/panwinjet.com\/fr\/wp-json\/wp\/v2\/types\/product"}],"wp:featuredmedia":[{"embeddable":true,"href":"https:\/\/panwinjet.com\/fr\/wp-json\/wp\/v2\/media\/1173"}],"wp:attachment":[{"href":"https:\/\/panwinjet.com\/fr\/wp-json\/wp\/v2\/media?parent=1171"}],"wp:term":[{"taxonomy":"product_brand","embeddable":true,"href":"https:\/\/panwinjet.com\/fr\/wp-json\/wp\/v2\/product_brand?post=1171"},{"taxonomy":"product_cat","embeddable":true,"href":"https:\/\/panwinjet.com\/fr\/wp-json\/wp\/v2\/product_cat?post=1171"},{"taxonomy":"product_tag","embeddable":true,"href":"https:\/\/panwinjet.com\/fr\/wp-json\/wp\/v2\/product_tag?post=1171"}],"curies":[{"name":"wp","href":"https:\/\/api.w.org\/{rel}","templated":true}]}}