{"id":1153,"date":"2025-09-20T08:35:17","date_gmt":"2025-09-20T08:35:17","guid":{"rendered":"https:\/\/panwinjet.com\/?post_type=product&#038;p=1153"},"modified":"2025-09-21T13:28:36","modified_gmt":"2025-09-21T13:28:36","slug":"2800bar-water-blasting-heat-exchange-cleaning-machine-parts-for-hammelmann-6803-uni-valve","status":"publish","type":"product","link":"https:\/\/panwinjet.com\/fr\/produit\/2800bar-water-blasting-heat-exchange-cleaning-machine-parts-for-hammelmann-6803-uni-valve\/","title":{"rendered":"Pi\u00e8ces de machine de nettoyage par \u00e9change thermique \u00e0 jet d&#039;eau \u00e0 2800 bars pour vanne universelle Hammelmann-6803"},"content":{"rendered":"<p><strong><b>Introduction des pi\u00e8ces de machines de nettoyage d&#039;\u00e9changeurs de chaleur par jet d&#039;eau <\/b><\/strong><strong><b>H<\/b><\/strong><strong><b>Ammelman<\/b><\/strong><strong><b>-6803 Valve Uni<\/b><\/strong><\/p>\n<p>Pi\u00e8ces d\u00e9tach\u00e9es pour machine de nettoyage par jet d&#039;eau et \u00e9change de chaleur <strong><b>H<\/b><\/strong><strong><b>Ammelman<\/b><\/strong>La vanne Uni-Valve -6803 est con\u00e7ue et fabriqu\u00e9e pour divers types de nettoyage de surfaces, de tubes, etc., et elle est utilis\u00e9e dans les pompes de nettoyage \u00e0 eau haute pression Hammelmann.<\/p>\n<p>Panwin <strong><b>H<\/b><\/strong><strong><b>Ammelman<\/b><\/strong>\u00a0Les cartouches Uni-Valve sont fabriqu\u00e9es en acier inoxydable de premi\u00e8re qualit\u00e9, b\u00e9n\u00e9ficiant d&#039;un traitement thermique sp\u00e9cial pour une qualit\u00e9 sup\u00e9rieure.<\/p>\n<p><strong><b>\u00a0Param\u00e8tre (sp\u00e9cification) de <\/b><\/strong>Pi\u00e8ces de machines de nettoyage par jet d&#039;eau et \u00e9change thermique pour <strong><b>H<\/b><\/strong><strong><b>Ammelman<\/b><\/strong>-6803 Valve Uni<\/p>\n<p>Pi\u00e8ces d\u00e9tach\u00e9es pour machine de nettoyage par jet d&#039;eau et \u00e9change de chaleur <strong><b>H<\/b><\/strong><strong><b>Ammelman<\/b><\/strong>Les ensembles de cartouches Uni-Valve -6803 sont utilis\u00e9s pour <strong><b>H<\/b><\/strong><strong><b>Ammelman<\/b><\/strong>\u00a0Cette pompe offre une puissante capacit\u00e9 de nettoyage de surface par pulv\u00e9risation, et gr\u00e2ce \u00e0 une technique de fabrication avanc\u00e9e pour le traitement des trous, elle garantit une longue dur\u00e9e de vie et est durable et fiable.<\/p>\n<div style=\"width: 720px;\" class=\"wp-video\"><video class=\"wp-video-shortcode\" id=\"video-1153-1\" width=\"720\" height=\"1280\" preload=\"metadata\" controls=\"controls\"><source type=\"video\/mp4\" src=\"https:\/\/panwinjet.com\/wp-content\/uploads\/2025\/09\/HMA.mp4?_=1\" \/><a href=\"https:\/\/panwinjet.com\/wp-content\/uploads\/2025\/09\/HMA.mp4\">https:\/\/panwinjet.com\/wp-content\/uploads\/2025\/09\/HMA.mp4<\/a><\/video><\/div>","protected":false},"excerpt":{"rendered":"<p><b><\/b><strong><b>\u00a0Caract\u00e9ristiques et applications des pi\u00e8ces de machines de nettoyage par jet d&#039;eau et \u00e9change thermique pour H<\/b><\/strong><strong><b>Ammelmann<\/b><\/strong><strong><b>-6803 Valve Uni<\/b><\/strong><\/p>\n<p>Les pi\u00e8ces d\u00e9tach\u00e9es pour machine de nettoyage par jet d&#039;eau \u00e0 \u00e9change thermique, compatibles avec la cartouche \u00e0 vanne unique Hammelmann-6803, sont utilis\u00e9es pour la pompe de nettoyage haute pression Hammelmann. Elles offrent une forte capacit\u00e9 de pulv\u00e9risation et des performances de nettoyage robustes. En r\u00e9sum\u00e9\u00a0:<\/p>\n<ul>\n<li>acier inoxydable de haute qualit\u00e9 et robuste<\/li>\n<li>un savoir-faire de qualit\u00e9<\/li>\n<li>Fabrication de pr\u00e9cision<\/li>\n<li>Tol\u00e9rance d&#039;\u00e9tanch\u00e9it\u00e9 \u00e9troite<\/li>\n<\/ul>\n<p>Application:<\/p>\n<p>Les pi\u00e8ces de la machine de nettoyage par jet d&#039;eau et \u00e9change de chaleur pour la cartouche \u00e0 vanne unique Hammelmann-6803 sont utilis\u00e9es pour la pompe Hammelmann ; il s&#039;agit de pi\u00e8ces cl\u00e9s et de conception avanc\u00e9e.<\/p>\n<p>Cette pompe peut \u00eatre largement utilis\u00e9e pour le nettoyage de surfaces, le nettoyage de r\u00e9servoirs et de cuves, le nettoyage de la peinture automobile, le nettoyage dans l&#039;industrie mini\u00e8re, le nettoyage dans la fabrication de l&#039;acier, le nettoyage de surfaces de chantiers navals, etc.<\/p>","protected":false},"featured_media":1155,"template":"","meta":[],"product_brand":[],"product_cat":[6],"product_tag":[],"class_list":{"0":"post-1153","1":"product","2":"type-product","3":"status-publish","4":"has-post-thumbnail","6":"product_cat-uni-valves-for-uhp-pump","8":"first","9":"instock","10":"shipping-taxable","11":"product-type-simple"},"yoast_head":"<!-- This site is optimized with the Yoast SEO plugin v24.9 - https:\/\/yoast.com\/wordpress\/plugins\/seo\/ -->\n<title>2800Bar Water blasting Heat-exchange cleaning machine parts for Hammelmann-6803 Uni-Valve - Panwin Machinery&amp;Equipment<\/title>\n<meta name=\"robots\" content=\"index, follow, max-snippet:-1, max-image-preview:large, max-video-preview:-1\" \/>\n<link rel=\"canonical\" href=\"https:\/\/panwinjet.com\/fr\/produit\/2800bar-water-blasting-heat-exchange-cleaning-machine-parts-for-hammelmann-6803-uni-valve\/\" \/>\n<meta property=\"og:locale\" content=\"fr_FR\" \/>\n<meta property=\"og:type\" content=\"article\" \/>\n<meta property=\"og:title\" content=\"2800Bar Water blasting Heat-exchange cleaning machine parts for Hammelmann-6803 Uni-Valve - Panwin Machinery&amp;Equipment\" \/>\n<meta property=\"og:description\" content=\"\u00a0Feature And Application of Water blasting Heat-exchange cleaning machine parts for Hammelmann-6803 Uni-Valve  The Water blasting Heat-exchange cleaning machine parts for Hammelmann-6803 Uni-Valve cartridge is used for Hammelmann hydro blaster pump, it has strong spraying capability and robust cleaning performance. We summarize as follows:   heavy-duty quality stainless Steel  Quality craftsman ship  Precise manufacture  Close Sealing tolerance  Application:  The Water blasting Heat-exchange cleaning machine parts for Hammelmann-6803 Uni-Valve cartridge is used for Hammelmann pump,it is the key parts and advanced design.  The pump can be widely used in surface cleaning,Tank&amp;Vessel Cleaning,Automotive Painting cleaning,Mining industry cleaning,Steel manufacture cleaning, Shipyard surface cleaning etc.\" \/>\n<meta property=\"og:url\" content=\"https:\/\/panwinjet.com\/fr\/produit\/2800bar-water-blasting-heat-exchange-cleaning-machine-parts-for-hammelmann-6803-uni-valve\/\" \/>\n<meta property=\"og:site_name\" content=\"Panwin Machinery&amp;Equipment\" \/>\n<meta property=\"article:modified_time\" content=\"2025-09-21T13:28:36+00:00\" \/>\n<meta property=\"og:image\" content=\"https:\/\/panwinjet.com\/wp-content\/uploads\/2025\/09\/HMA-6803-Uni-Valve-3.jpg\" \/>\n\t<meta property=\"og:image:width\" content=\"1279\" \/>\n\t<meta property=\"og:image:height\" content=\"1706\" \/>\n\t<meta property=\"og:image:type\" content=\"image\/jpeg\" \/>\n<meta name=\"twitter:card\" content=\"summary_large_image\" \/>\n<meta name=\"twitter:label1\" content=\"Dur\u00e9e de lecture estim\u00e9e\" \/>\n\t<meta name=\"twitter:data1\" content=\"1 minute\" \/>\n<script type=\"application\/ld+json\" class=\"yoast-schema-graph\">{\"@context\":\"https:\/\/schema.org\",\"@graph\":[{\"@type\":\"WebPage\",\"@id\":\"https:\/\/panwinjet.com\/product\/2800bar-water-blasting-heat-exchange-cleaning-machine-parts-for-hammelmann-6803-uni-valve\/\",\"url\":\"https:\/\/panwinjet.com\/product\/2800bar-water-blasting-heat-exchange-cleaning-machine-parts-for-hammelmann-6803-uni-valve\/\",\"name\":\"2800Bar Water blasting Heat-exchange cleaning machine parts for Hammelmann-6803 Uni-Valve - Panwin Machinery&amp;Equipment\",\"isPartOf\":{\"@id\":\"https:\/\/panwinjet.com\/#website\"},\"primaryImageOfPage\":{\"@id\":\"https:\/\/panwinjet.com\/product\/2800bar-water-blasting-heat-exchange-cleaning-machine-parts-for-hammelmann-6803-uni-valve\/#primaryimage\"},\"image\":{\"@id\":\"https:\/\/panwinjet.com\/product\/2800bar-water-blasting-heat-exchange-cleaning-machine-parts-for-hammelmann-6803-uni-valve\/#primaryimage\"},\"thumbnailUrl\":\"https:\/\/panwinjet.com\/wp-content\/uploads\/2025\/09\/HMA-6803-Uni-Valve-3.jpg\",\"datePublished\":\"2025-09-20T08:35:17+00:00\",\"dateModified\":\"2025-09-21T13:28:36+00:00\",\"breadcrumb\":{\"@id\":\"https:\/\/panwinjet.com\/product\/2800bar-water-blasting-heat-exchange-cleaning-machine-parts-for-hammelmann-6803-uni-valve\/#breadcrumb\"},\"inLanguage\":\"fr-FR\",\"potentialAction\":[{\"@type\":\"ReadAction\",\"target\":[\"https:\/\/panwinjet.com\/product\/2800bar-water-blasting-heat-exchange-cleaning-machine-parts-for-hammelmann-6803-uni-valve\/\"]}]},{\"@type\":\"ImageObject\",\"inLanguage\":\"fr-FR\",\"@id\":\"https:\/\/panwinjet.com\/product\/2800bar-water-blasting-heat-exchange-cleaning-machine-parts-for-hammelmann-6803-uni-valve\/#primaryimage\",\"url\":\"https:\/\/panwinjet.com\/wp-content\/uploads\/2025\/09\/HMA-6803-Uni-Valve-3.jpg\",\"contentUrl\":\"https:\/\/panwinjet.com\/wp-content\/uploads\/2025\/09\/HMA-6803-Uni-Valve-3.jpg\",\"width\":1279,\"height\":1706,\"caption\":\"Hammelmann-6803 Uni-Valve\"},{\"@type\":\"BreadcrumbList\",\"@id\":\"https:\/\/panwinjet.com\/product\/2800bar-water-blasting-heat-exchange-cleaning-machine-parts-for-hammelmann-6803-uni-valve\/#breadcrumb\",\"itemListElement\":[{\"@type\":\"ListItem\",\"position\":1,\"name\":\"\u9996\u9875\",\"item\":\"https:\/\/panwinjet.com\/\"},{\"@type\":\"ListItem\",\"position\":2,\"name\":\"PRODUCT\",\"item\":\"https:\/\/panwinjet.com\/product\/\"},{\"@type\":\"ListItem\",\"position\":3,\"name\":\"2800Bar Water blasting Heat-exchange cleaning machine parts for Hammelmann-6803 Uni-Valve\"}]},{\"@type\":\"WebSite\",\"@id\":\"https:\/\/panwinjet.com\/#website\",\"url\":\"https:\/\/panwinjet.com\/\",\"name\":\"Panwin Machinery&amp;Equipment\",\"description\":\"Shenzhen Panwin Machinery&amp;Equipment Co.Ltd\",\"potentialAction\":[{\"@type\":\"SearchAction\",\"target\":{\"@type\":\"EntryPoint\",\"urlTemplate\":\"https:\/\/panwinjet.com\/?s={search_term_string}\"},\"query-input\":{\"@type\":\"PropertyValueSpecification\",\"valueRequired\":true,\"valueName\":\"search_term_string\"}}],\"inLanguage\":\"fr-FR\"}]}<\/script>\n<!-- \/ Yoast SEO plugin. -->","yoast_head_json":{"title":"2800Bar Water blasting Heat-exchange cleaning machine parts for Hammelmann-6803 Uni-Valve - Panwin Machinery&amp;Equipment","robots":{"index":"index","follow":"follow","max-snippet":"max-snippet:-1","max-image-preview":"max-image-preview:large","max-video-preview":"max-video-preview:-1"},"canonical":"https:\/\/panwinjet.com\/fr\/produit\/2800bar-water-blasting-heat-exchange-cleaning-machine-parts-for-hammelmann-6803-uni-valve\/","og_locale":"fr_FR","og_type":"article","og_title":"2800Bar Water blasting Heat-exchange cleaning machine parts for Hammelmann-6803 Uni-Valve - Panwin Machinery&amp;Equipment","og_description":"\u00a0Feature And Application of Water blasting Heat-exchange cleaning machine parts for Hammelmann-6803 Uni-Valve  The Water blasting Heat-exchange cleaning machine parts for Hammelmann-6803 Uni-Valve cartridge is used for Hammelmann hydro blaster pump, it has strong spraying capability and robust cleaning performance. We summarize as follows:   heavy-duty quality stainless Steel  Quality craftsman ship  Precise manufacture  Close Sealing tolerance  Application:  The Water blasting Heat-exchange cleaning machine parts for Hammelmann-6803 Uni-Valve cartridge is used for Hammelmann pump,it is the key parts and advanced design.  The pump can be widely used in surface cleaning,Tank&amp;Vessel Cleaning,Automotive Painting cleaning,Mining industry cleaning,Steel manufacture cleaning, Shipyard surface cleaning etc.","og_url":"https:\/\/panwinjet.com\/fr\/produit\/2800bar-water-blasting-heat-exchange-cleaning-machine-parts-for-hammelmann-6803-uni-valve\/","og_site_name":"Panwin Machinery&amp;Equipment","article_modified_time":"2025-09-21T13:28:36+00:00","og_image":[{"width":1279,"height":1706,"url":"https:\/\/panwinjet.com\/wp-content\/uploads\/2025\/09\/HMA-6803-Uni-Valve-3.jpg","type":"image\/jpeg"}],"twitter_card":"summary_large_image","twitter_misc":{"Dur\u00e9e de lecture estim\u00e9e":"1 minute"},"schema":{"@context":"https:\/\/schema.org","@graph":[{"@type":"WebPage","@id":"https:\/\/panwinjet.com\/product\/2800bar-water-blasting-heat-exchange-cleaning-machine-parts-for-hammelmann-6803-uni-valve\/","url":"https:\/\/panwinjet.com\/product\/2800bar-water-blasting-heat-exchange-cleaning-machine-parts-for-hammelmann-6803-uni-valve\/","name":"2800Bar Water blasting Heat-exchange cleaning machine parts for Hammelmann-6803 Uni-Valve - Panwin Machinery&amp;Equipment","isPartOf":{"@id":"https:\/\/panwinjet.com\/#website"},"primaryImageOfPage":{"@id":"https:\/\/panwinjet.com\/product\/2800bar-water-blasting-heat-exchange-cleaning-machine-parts-for-hammelmann-6803-uni-valve\/#primaryimage"},"image":{"@id":"https:\/\/panwinjet.com\/product\/2800bar-water-blasting-heat-exchange-cleaning-machine-parts-for-hammelmann-6803-uni-valve\/#primaryimage"},"thumbnailUrl":"https:\/\/panwinjet.com\/wp-content\/uploads\/2025\/09\/HMA-6803-Uni-Valve-3.jpg","datePublished":"2025-09-20T08:35:17+00:00","dateModified":"2025-09-21T13:28:36+00:00","breadcrumb":{"@id":"https:\/\/panwinjet.com\/product\/2800bar-water-blasting-heat-exchange-cleaning-machine-parts-for-hammelmann-6803-uni-valve\/#breadcrumb"},"inLanguage":"fr-FR","potentialAction":[{"@type":"ReadAction","target":["https:\/\/panwinjet.com\/product\/2800bar-water-blasting-heat-exchange-cleaning-machine-parts-for-hammelmann-6803-uni-valve\/"]}]},{"@type":"ImageObject","inLanguage":"fr-FR","@id":"https:\/\/panwinjet.com\/product\/2800bar-water-blasting-heat-exchange-cleaning-machine-parts-for-hammelmann-6803-uni-valve\/#primaryimage","url":"https:\/\/panwinjet.com\/wp-content\/uploads\/2025\/09\/HMA-6803-Uni-Valve-3.jpg","contentUrl":"https:\/\/panwinjet.com\/wp-content\/uploads\/2025\/09\/HMA-6803-Uni-Valve-3.jpg","width":1279,"height":1706,"caption":"Hammelmann-6803 Uni-Valve"},{"@type":"BreadcrumbList","@id":"https:\/\/panwinjet.com\/product\/2800bar-water-blasting-heat-exchange-cleaning-machine-parts-for-hammelmann-6803-uni-valve\/#breadcrumb","itemListElement":[{"@type":"ListItem","position":1,"name":"\u9996\u9875","item":"https:\/\/panwinjet.com\/"},{"@type":"ListItem","position":2,"name":"PRODUCT","item":"https:\/\/panwinjet.com\/product\/"},{"@type":"ListItem","position":3,"name":"2800Bar Water blasting Heat-exchange cleaning machine parts for Hammelmann-6803 Uni-Valve"}]},{"@type":"WebSite","@id":"https:\/\/panwinjet.com\/#website","url":"https:\/\/panwinjet.com\/","name":"Panwin Machinery&amp;Equipment","description":"Shenzhen Panwin Machinery&amp;Equipment Co.Ltd","potentialAction":[{"@type":"SearchAction","target":{"@type":"EntryPoint","urlTemplate":"https:\/\/panwinjet.com\/?s={search_term_string}"},"query-input":{"@type":"PropertyValueSpecification","valueRequired":true,"valueName":"search_term_string"}}],"inLanguage":"fr-FR"}]}},"_links":{"self":[{"href":"https:\/\/panwinjet.com\/fr\/wp-json\/wp\/v2\/product\/1153","targetHints":{"allow":["GET"]}}],"collection":[{"href":"https:\/\/panwinjet.com\/fr\/wp-json\/wp\/v2\/product"}],"about":[{"href":"https:\/\/panwinjet.com\/fr\/wp-json\/wp\/v2\/types\/product"}],"wp:featuredmedia":[{"embeddable":true,"href":"https:\/\/panwinjet.com\/fr\/wp-json\/wp\/v2\/media\/1155"}],"wp:attachment":[{"href":"https:\/\/panwinjet.com\/fr\/wp-json\/wp\/v2\/media?parent=1153"}],"wp:term":[{"taxonomy":"product_brand","embeddable":true,"href":"https:\/\/panwinjet.com\/fr\/wp-json\/wp\/v2\/product_brand?post=1153"},{"taxonomy":"product_cat","embeddable":true,"href":"https:\/\/panwinjet.com\/fr\/wp-json\/wp\/v2\/product_cat?post=1153"},{"taxonomy":"product_tag","embeddable":true,"href":"https:\/\/panwinjet.com\/fr\/wp-json\/wp\/v2\/product_tag?post=1153"}],"curies":[{"name":"wp","href":"https:\/\/api.w.org\/{rel}","templated":true}]}}