{"id":1134,"date":"2025-09-20T08:12:18","date_gmt":"2025-09-20T08:12:18","guid":{"rendered":"https:\/\/panwinjet.com\/?post_type=product&#038;p=1134"},"modified":"2025-09-20T08:12:18","modified_gmt":"2025-09-20T08:12:18","slug":"40000psi-pressure-water-jet-cleaning-machine-components-nlb40k-uni-valve","status":"publish","type":"product","link":"https:\/\/panwinjet.com\/fr\/produit\/40000psi-pressure-water-jet-cleaning-machine-components-nlb40k-uni-valve\/","title":{"rendered":"Composants de la machine de nettoyage au jet d&#039;eau haute pression 40\u00a0000 psi NLB40K Uni-Valve"},"content":{"rendered":"<p><strong><b>Composants de la machine de nettoyage au jet d&#039;eau haute pression 40\u00a0000 psi NLB40K Uni-Valve<\/b><\/strong><\/p>\n<p><strong><b>Introduction de <\/b><\/strong>Composants d&#039;une machine de nettoyage au jet d&#039;eau sous pression de 40\u00a0000 psi<\/p>\n<p>Cartouches \u00e0 vanne unique NLB40K<\/p>\n<p>Ces composants de machine de nettoyage au jet d&#039;eau \u00e0 pression de 40 000 psi, les ensembles de cartouches \u00e0 vanne unique NLB40K, sont utilis\u00e9s dans les pompes de style NLB 40Kpsi. Ils sont compatibles avec les NLB CM30285 et NLB BM30284.<\/p>\n<div style=\"width: 720px;\" class=\"wp-video\"><video class=\"wp-video-shortcode\" id=\"video-1134-1\" width=\"720\" height=\"1280\" preload=\"metadata\" controls=\"controls\"><source type=\"video\/mp4\" src=\"https:\/\/panwinjet.com\/wp-content\/uploads\/2025\/09\/NLB-40K-Uni-Valve.mp4?_=1\" \/><a href=\"https:\/\/panwinjet.com\/wp-content\/uploads\/2025\/09\/NLB-40K-Uni-Valve.mp4\">https:\/\/panwinjet.com\/wp-content\/uploads\/2025\/09\/NLB-40K-Uni-Valve.mp4<\/a><\/video><\/div>","protected":false},"excerpt":{"rendered":"<p><strong><b>Caract\u00e9ristiques et applications de <\/b><\/strong>Composants de la machine de nettoyage au jet d&#039;eau haute pression 40\u00a0000 psi NLB40K Uni-Valve<\/p>\n<p><strong><b>\u00a0<\/b><\/strong>Les composants de cette machine de nettoyage hydrostatique \u00e0 haute pression de 40\u00a0000\u00a0psi, notamment les cartouches \u00e0 vanne unique NLB40K, se caract\u00e9risent par une \u00e9tanch\u00e9it\u00e9 parfaite et une conception haute performance, dont les avantages sont les suivants\u00a0:<\/p>\n<ul>\n<li>acier inoxydable de haute qualit\u00e9 et robuste<\/li>\n<li>Un savoir-faire exceptionnel<\/li>\n<li>Tol\u00e9rance d&#039;\u00e9tanch\u00e9it\u00e9 compacte<\/li>\n<li>Traitement pr\u00e9cis<\/li>\n<\/ul>\n<p>Application:<\/p>\n<p>Les composants de cette machine de nettoyage hydrostatique \u00e0 pression de 40 kpsi, notamment les cartouches \u00e0 vanne unique NLB40K, sont utilis\u00e9s pour la pompe \u00e0 pression NLB 40 kpsi ; il s&#039;agit de composants cl\u00e9s et d&#039;une conception de haute qualit\u00e9.<\/p>\n<p>Cette pompe peut \u00eatre largement utilis\u00e9e pour le nettoyage de surfaces, le nettoyage de r\u00e9servoirs et de cuves, le nettoyage de la peinture automobile, le nettoyage dans l&#039;industrie mini\u00e8re, le nettoyage dans la fabrication de l&#039;acier, le secteur de la construction, etc.<\/p>","protected":false},"featured_media":-1,"template":"","meta":[],"product_brand":[],"product_cat":[6],"product_tag":[],"class_list":{"0":"post-1134","1":"product","2":"type-product","3":"status-publish","4":"has-post-thumbnail","6":"product_cat-uni-valves-for-uhp-pump","8":"first","9":"instock","10":"shipping-taxable","11":"product-type-simple"},"yoast_head":"<!-- This site is optimized with the Yoast SEO plugin v24.9 - https:\/\/yoast.com\/wordpress\/plugins\/seo\/ -->\n<title>40000psi Pressure Water Jet cleaning machine components NLB40K Uni-Valve - Panwin Machinery&amp;Equipment<\/title>\n<meta name=\"robots\" content=\"index, follow, max-snippet:-1, max-image-preview:large, max-video-preview:-1\" \/>\n<link rel=\"canonical\" href=\"https:\/\/panwinjet.com\/fr\/produit\/40000psi-pressure-water-jet-cleaning-machine-components-nlb40k-uni-valve\/\" \/>\n<meta property=\"og:locale\" content=\"fr_FR\" \/>\n<meta property=\"og:type\" content=\"article\" \/>\n<meta property=\"og:title\" content=\"40000psi Pressure Water Jet cleaning machine components NLB40K Uni-Valve - Panwin Machinery&amp;Equipment\" \/>\n<meta property=\"og:description\" content=\"Feature And Application of 40000psi Pressure Water Jet cleaning machine components NLB40K Uni-Valve  \u00a0This 40kpsi Pressure hydro cleaning machine\u00a0components NLB40K Uni-Valve\u00a0Cartridge assemblies is featured tight sealing and high performance design, the advantage feature we mentioned as follows:   heavy-duty quality stainless Steel  Excellent craftsmanship  Compact Sealing tolerance  Accurate processing  Application:  This 40kpsi Pressure hydro cleaning machine\u00a0components NLB40K Uni-Valve\u00a0Cartridge assemblies is applied to NLB 40Kpsi pressure pump, it is the key components and high-grade design.  The pump can be widely used in surface cleaning,Tank&amp;Vessel Cleaning,Automotive Painting cleaning,Mining industry cleaning,Steel manufacture cleaning, Construction industry\u00a0etc.\" \/>\n<meta property=\"og:url\" content=\"https:\/\/panwinjet.com\/fr\/produit\/40000psi-pressure-water-jet-cleaning-machine-components-nlb40k-uni-valve\/\" \/>\n<meta property=\"og:site_name\" content=\"Panwin Machinery&amp;Equipment\" \/>\n<meta name=\"twitter:card\" content=\"summary_large_image\" \/>\n<meta name=\"twitter:label1\" content=\"Dur\u00e9e de lecture estim\u00e9e\" \/>\n\t<meta name=\"twitter:data1\" content=\"1 minute\" \/>\n<script type=\"application\/ld+json\" class=\"yoast-schema-graph\">{\"@context\":\"https:\/\/schema.org\",\"@graph\":[{\"@type\":\"WebPage\",\"@id\":\"https:\/\/panwinjet.com\/product\/40000psi-pressure-water-jet-cleaning-machine-components-nlb40k-uni-valve\/\",\"url\":\"https:\/\/panwinjet.com\/product\/40000psi-pressure-water-jet-cleaning-machine-components-nlb40k-uni-valve\/\",\"name\":\"40000psi Pressure Water Jet cleaning machine components NLB40K Uni-Valve - Panwin Machinery&amp;Equipment\",\"isPartOf\":{\"@id\":\"https:\/\/panwinjet.com\/#website\"},\"datePublished\":\"2025-09-20T08:12:18+00:00\",\"breadcrumb\":{\"@id\":\"https:\/\/panwinjet.com\/product\/40000psi-pressure-water-jet-cleaning-machine-components-nlb40k-uni-valve\/#breadcrumb\"},\"inLanguage\":\"fr-FR\",\"potentialAction\":[{\"@type\":\"ReadAction\",\"target\":[\"https:\/\/panwinjet.com\/product\/40000psi-pressure-water-jet-cleaning-machine-components-nlb40k-uni-valve\/\"]}]},{\"@type\":\"BreadcrumbList\",\"@id\":\"https:\/\/panwinjet.com\/product\/40000psi-pressure-water-jet-cleaning-machine-components-nlb40k-uni-valve\/#breadcrumb\",\"itemListElement\":[{\"@type\":\"ListItem\",\"position\":1,\"name\":\"\u9996\u9875\",\"item\":\"https:\/\/panwinjet.com\/\"},{\"@type\":\"ListItem\",\"position\":2,\"name\":\"PRODUCT\",\"item\":\"https:\/\/panwinjet.com\/product\/\"},{\"@type\":\"ListItem\",\"position\":3,\"name\":\"40000psi Pressure Water Jet cleaning machine components NLB40K Uni-Valve\"}]},{\"@type\":\"WebSite\",\"@id\":\"https:\/\/panwinjet.com\/#website\",\"url\":\"https:\/\/panwinjet.com\/\",\"name\":\"Panwin Machinery&amp;Equipment\",\"description\":\"Shenzhen Panwin Machinery&amp;Equipment Co.Ltd\",\"potentialAction\":[{\"@type\":\"SearchAction\",\"target\":{\"@type\":\"EntryPoint\",\"urlTemplate\":\"https:\/\/panwinjet.com\/?s={search_term_string}\"},\"query-input\":{\"@type\":\"PropertyValueSpecification\",\"valueRequired\":true,\"valueName\":\"search_term_string\"}}],\"inLanguage\":\"fr-FR\"}]}<\/script>\n<!-- \/ Yoast SEO plugin. -->","yoast_head_json":{"title":"40000psi Pressure Water Jet cleaning machine components NLB40K Uni-Valve - Panwin Machinery&amp;Equipment","robots":{"index":"index","follow":"follow","max-snippet":"max-snippet:-1","max-image-preview":"max-image-preview:large","max-video-preview":"max-video-preview:-1"},"canonical":"https:\/\/panwinjet.com\/fr\/produit\/40000psi-pressure-water-jet-cleaning-machine-components-nlb40k-uni-valve\/","og_locale":"fr_FR","og_type":"article","og_title":"40000psi Pressure Water Jet cleaning machine components NLB40K Uni-Valve - Panwin Machinery&amp;Equipment","og_description":"Feature And Application of 40000psi Pressure Water Jet cleaning machine components NLB40K Uni-Valve  \u00a0This 40kpsi Pressure hydro cleaning machine\u00a0components NLB40K Uni-Valve\u00a0Cartridge assemblies is featured tight sealing and high performance design, the advantage feature we mentioned as follows:   heavy-duty quality stainless Steel  Excellent craftsmanship  Compact Sealing tolerance  Accurate processing  Application:  This 40kpsi Pressure hydro cleaning machine\u00a0components NLB40K Uni-Valve\u00a0Cartridge assemblies is applied to NLB 40Kpsi pressure pump, it is the key components and high-grade design.  The pump can be widely used in surface cleaning,Tank&amp;Vessel Cleaning,Automotive Painting cleaning,Mining industry cleaning,Steel manufacture cleaning, Construction industry\u00a0etc.","og_url":"https:\/\/panwinjet.com\/fr\/produit\/40000psi-pressure-water-jet-cleaning-machine-components-nlb40k-uni-valve\/","og_site_name":"Panwin Machinery&amp;Equipment","twitter_card":"summary_large_image","twitter_misc":{"Dur\u00e9e de lecture estim\u00e9e":"1 minute"},"schema":{"@context":"https:\/\/schema.org","@graph":[{"@type":"WebPage","@id":"https:\/\/panwinjet.com\/product\/40000psi-pressure-water-jet-cleaning-machine-components-nlb40k-uni-valve\/","url":"https:\/\/panwinjet.com\/product\/40000psi-pressure-water-jet-cleaning-machine-components-nlb40k-uni-valve\/","name":"40000psi Pressure Water Jet cleaning machine components NLB40K Uni-Valve - Panwin Machinery&amp;Equipment","isPartOf":{"@id":"https:\/\/panwinjet.com\/#website"},"datePublished":"2025-09-20T08:12:18+00:00","breadcrumb":{"@id":"https:\/\/panwinjet.com\/product\/40000psi-pressure-water-jet-cleaning-machine-components-nlb40k-uni-valve\/#breadcrumb"},"inLanguage":"fr-FR","potentialAction":[{"@type":"ReadAction","target":["https:\/\/panwinjet.com\/product\/40000psi-pressure-water-jet-cleaning-machine-components-nlb40k-uni-valve\/"]}]},{"@type":"BreadcrumbList","@id":"https:\/\/panwinjet.com\/product\/40000psi-pressure-water-jet-cleaning-machine-components-nlb40k-uni-valve\/#breadcrumb","itemListElement":[{"@type":"ListItem","position":1,"name":"\u9996\u9875","item":"https:\/\/panwinjet.com\/"},{"@type":"ListItem","position":2,"name":"PRODUCT","item":"https:\/\/panwinjet.com\/product\/"},{"@type":"ListItem","position":3,"name":"40000psi Pressure Water Jet cleaning machine components NLB40K Uni-Valve"}]},{"@type":"WebSite","@id":"https:\/\/panwinjet.com\/#website","url":"https:\/\/panwinjet.com\/","name":"Panwin Machinery&amp;Equipment","description":"Shenzhen Panwin Machinery&amp;Equipment Co.Ltd","potentialAction":[{"@type":"SearchAction","target":{"@type":"EntryPoint","urlTemplate":"https:\/\/panwinjet.com\/?s={search_term_string}"},"query-input":{"@type":"PropertyValueSpecification","valueRequired":true,"valueName":"search_term_string"}}],"inLanguage":"fr-FR"}]}},"_links":{"self":[{"href":"https:\/\/panwinjet.com\/fr\/wp-json\/wp\/v2\/product\/1134","targetHints":{"allow":["GET"]}}],"collection":[{"href":"https:\/\/panwinjet.com\/fr\/wp-json\/wp\/v2\/product"}],"about":[{"href":"https:\/\/panwinjet.com\/fr\/wp-json\/wp\/v2\/types\/product"}],"wp:featuredmedia":[{"embeddable":true,"href":"https:\/\/panwinjet.com\/fr\/wp-json\/"}],"wp:attachment":[{"href":"https:\/\/panwinjet.com\/fr\/wp-json\/wp\/v2\/media?parent=1134"}],"wp:term":[{"taxonomy":"product_brand","embeddable":true,"href":"https:\/\/panwinjet.com\/fr\/wp-json\/wp\/v2\/product_brand?post=1134"},{"taxonomy":"product_cat","embeddable":true,"href":"https:\/\/panwinjet.com\/fr\/wp-json\/wp\/v2\/product_cat?post=1134"},{"taxonomy":"product_tag","embeddable":true,"href":"https:\/\/panwinjet.com\/fr\/wp-json\/wp\/v2\/product_tag?post=1134"}],"curies":[{"name":"wp","href":"https:\/\/api.w.org\/{rel}","templated":true}]}}